{"id":106958,"date":"2025-02-17T07:20:03","date_gmt":"2025-02-17T06:20:03","guid":{"rendered":"https:\/\/cometis.de\/?page_id=106958"},"modified":"2026-04-01T13:56:27","modified_gmt":"2026-04-01T11:56:27","slug":"impressum","status":"publish","type":"page","link":"https:\/\/www.cometis.de\/de\/impressum\/","title":{"rendered":"Impressum"},"content":{"rendered":"\t\t<div data-elementor-type=\"wp-page\" data-elementor-id=\"106958\" class=\"elementor elementor-106958\" data-elementor-post-type=\"page\">\n\t\t\t\t<div class=\"elementor-element elementor-element-57b3199e e-flex e-con-boxed e-con e-parent\" data-id=\"57b3199e\" data-element_type=\"container\" data-e-type=\"container\">\n\t\t\t\t\t<div class=\"e-con-inner\">\n\t\t<div class=\"elementor-element elementor-element-29a146e6 e-con-full e-flex e-con e-child\" data-id=\"29a146e6\" data-element_type=\"container\" data-e-type=\"container\" data-settings=\"{&quot;background_background&quot;:&quot;classic&quot;}\">\n\t\t\t\t<div class=\"elementor-element elementor-element-708fb946 elementor-widget elementor-widget-heading\" data-id=\"708fb946\" data-element_type=\"widget\" data-e-type=\"widget\" data-widget_type=\"heading.default\">\n\t\t\t\t<div class=\"elementor-widget-container\">\n\t\t\t\t\t<h1 class=\"elementor-heading-title elementor-size-default\">Impressum<\/h1>\t\t\t\t<\/div>\n\t\t\t\t<\/div>\n\t\t\t\t<\/div>\n\t\t<div class=\"elementor-element elementor-element-1d6785bd e-con-full e-flex e-con e-child\" data-id=\"1d6785bd\" data-element_type=\"container\" data-e-type=\"container\">\n\t\t\t\t<div class=\"elementor-element elementor-element-5d126376 elementor-align-left elementor-widget elementor-widget-breadcrumbs\" data-id=\"5d126376\" data-element_type=\"widget\" data-e-type=\"widget\" data-widget_type=\"breadcrumbs.default\">\n\t\t\t\t<div class=\"elementor-widget-container\">\n\t\t\t\t\t<div id=\"breadcrumbs\"><span><span><a href=\"https:\/\/www.cometis.de\/de\/\">Home<\/a><\/span> \u00bb <span class=\"breadcrumb_last\" aria-current=\"page\">Impressum<\/span><\/span><\/div>\t\t\t\t<\/div>\n\t\t\t\t<\/div>\n\t\t\t\t<\/div>\n\t\t\t\t\t<\/div>\n\t\t\t\t<\/div>\n\t\t<div class=\"elementor-element elementor-element-37f8a60 cmn-sidebar-content p-100 e-flex e-con-boxed e-con e-parent\" data-id=\"37f8a60\" data-element_type=\"container\" data-e-type=\"container\" data-settings=\"{&quot;background_background&quot;:&quot;classic&quot;,&quot;background_motion_fx_motion_fx_scrolling&quot;:&quot;yes&quot;,&quot;background_motion_fx_translateY_effect&quot;:&quot;yes&quot;,&quot;background_motion_fx_translateY_speed&quot;:{&quot;unit&quot;:&quot;px&quot;,&quot;size&quot;:2,&quot;sizes&quot;:[]},&quot;background_motion_fx_translateY_direction&quot;:&quot;negative&quot;,&quot;background_motion_fx_translateY_affectedRange&quot;:{&quot;unit&quot;:&quot;%&quot;,&quot;size&quot;:&quot;&quot;,&quot;sizes&quot;:{&quot;start&quot;:0,&quot;end&quot;:100}},&quot;background_motion_fx_devices&quot;:[&quot;desktop&quot;,&quot;tablet&quot;,&quot;mobile&quot;]}\">\n\t\t\t\t\t<div class=\"e-con-inner\">\n\t\t<div class=\"elementor-element elementor-element-d791fe9 e-con-full cmn-content-box-container e-flex e-con e-child\" data-id=\"d791fe9\" data-element_type=\"container\" data-e-type=\"container\">\n\t\t\t\t<div class=\"elementor-element elementor-element-8c99543 elementor-widget elementor-widget-heading\" data-id=\"8c99543\" data-element_type=\"widget\" data-e-type=\"widget\" data-widget_type=\"heading.default\">\n\t\t\t\t<div class=\"elementor-widget-container\">\n\t\t\t\t\t<h2 class=\"elementor-heading-title elementor-size-default\">1.Angaben zum Unternehmen<\/h2>\t\t\t\t<\/div>\n\t\t\t\t<\/div>\n\t\t\t\t<div class=\"elementor-element elementor-element-fabf89d elementor-widget elementor-widget-text-editor\" data-id=\"fabf89d\" data-element_type=\"widget\" data-e-type=\"widget\" data-widget_type=\"text-editor.default\">\n\t\t\t\t<div class=\"elementor-widget-container\">\n\t\t\t\t\t\t\t\t\t<p>Diensteanbieter:<br>cometis AG<br>Sitz: Friedrichstr. 22, 65185 Wiesbaden<br>Tel.:&nbsp;<a href=\"tel:+49 611 20 58 55 0\">+49 611 20 58 55 0<\/a><br>Fax: +49 611 20 58 55 66<br>E-Mail:&nbsp;<a href=\"mailto:info@cometis.de\">info@cometis.de<\/a><\/p>\n<p>Handelsregister: Amtsgericht Wiesbaden HRB 21 270<br>Ust-Ident-Nummer: DE 210 106 986<\/p>\n<p>Vorstand: (verantwortlich i. S. v. \u00a7 18 Abs. 2 MStV)<br>Michael Diegelmann und Ariane Hofstetter<\/p>\t\t\t\t\t\t\t\t<\/div>\n\t\t\t\t<\/div>\n\t\t\t\t<\/div>\n\t\t<div class=\"elementor-element elementor-element-68bbc37 e-con-full cmn-content-box-container e-flex e-con e-child\" data-id=\"68bbc37\" data-element_type=\"container\" data-e-type=\"container\">\n\t\t\t\t<div class=\"elementor-element elementor-element-eca846f elementor-widget elementor-widget-heading\" data-id=\"eca846f\" data-element_type=\"widget\" data-e-type=\"widget\" data-widget_type=\"heading.default\">\n\t\t\t\t<div class=\"elementor-widget-container\">\n\t\t\t\t\t<h2 class=\"elementor-heading-title elementor-size-default\">2.Haftungsbeschr\u00e4nkung<\/h2>\t\t\t\t<\/div>\n\t\t\t\t<\/div>\n\t\t\t\t<div class=\"elementor-element elementor-element-d3fad9a elementor-widget elementor-widget-text-editor\" data-id=\"d3fad9a\" data-element_type=\"widget\" data-e-type=\"widget\" data-widget_type=\"text-editor.default\">\n\t\t\t\t<div class=\"elementor-widget-container\">\n\t\t\t\t\t\t\t\t\t<p>Die Informationen, die wir Ihnen auf dieser Website zur Verf\u00fcgung stellen, wurden mit gr\u00f6\u00dftm\u00f6glicher Sorgfalt zusammengestellt und werden laufend aktualisiert. Trotz sorgf\u00e4ltigster Kontrolle kann die Fehlerfreiheit nicht garantiert werden. Wir schlie\u00dfen daher jede Haftung oder Garantie hinsichtlich der Genauigkeit, Vollst\u00e4ndigkeit und Aktualit\u00e4t der auf dieser Website bereitgestellten Informationen aus. Dies gilt insbesondere auch f\u00fcr Websites, auf die mittels Hyperlink (\u201eexterne Links\u201c) verwiesen wird. Es handelt sich dabei um fremde Websites, auf deren Inhalt wir keinen Einflu\u00df haben. Wir sind auch nicht verantwortlich f\u00fcr die Datenschutzvorkehrungen der Betreiber derartiger Websites.<\/p><p>Die Angaben auf dieser Website erfolgen nur zu allgemeinen Informationszwecken und stellen keine Beratung oder verbindlichen Angebote dar und sind keine Grundlage f\u00fcr ein Auftragsverh\u00e4ltnis mit uns.<\/p>\t\t\t\t\t\t\t\t<\/div>\n\t\t\t\t<\/div>\n\t\t\t\t<\/div>\n\t\t<div class=\"elementor-element elementor-element-c207dd5 e-con-full cmn-content-box-container e-flex e-con e-child\" data-id=\"c207dd5\" data-element_type=\"container\" data-e-type=\"container\">\n\t\t\t\t<div class=\"elementor-element elementor-element-ea80f6f elementor-widget elementor-widget-heading\" data-id=\"ea80f6f\" data-element_type=\"widget\" data-e-type=\"widget\" data-widget_type=\"heading.default\">\n\t\t\t\t<div class=\"elementor-widget-container\">\n\t\t\t\t\t<h2 class=\"elementor-heading-title elementor-size-default\">3.Externe Links<\/h2>\t\t\t\t<\/div>\n\t\t\t\t<\/div>\n\t\t\t\t<div class=\"elementor-element elementor-element-7471241 elementor-widget elementor-widget-text-editor\" data-id=\"7471241\" data-element_type=\"widget\" data-e-type=\"widget\" data-widget_type=\"text-editor.default\">\n\t\t\t\t<div class=\"elementor-widget-container\">\n\t\t\t\t\t\t\t\t\t<p>Diese Website enth\u00e4lt gegebenenfalls Verkn\u00fcpfungen zu Websites Dritter (\u201eexterne Links\u201c). Diese Websites unterliegen der Haftung der jeweiligen Betreiber. F\u00fcr diese fremden Inhalte sind wir nur dann verantwortlich, wenn wir davon (d.h. auch von einem rechtswidrigen bzw. strafbaren Inhalt) positive Kenntnis haben und es uns technisch m\u00f6glich und zumutbar ist, deren Nutzung zu verhindern.<\/p><p>Bei Querverweisen handelt es sich allerdings stets um \u201elebende\u201c (dynamische) Verweisungen. Wir haben bei der erstmaligen Verkn\u00fcpfung zwar den fremden Inhalt daraufhin \u00fcberpr\u00fcft, ob durch ihn eine m\u00f6gliche zivilrechtliche oder strafrechtliche Verantwortlichkeit ausgel\u00f6st wird. Wir sind aber nach dem Gesetz nicht dazu verpflichtet, die Inhalte, auf die wir in unserem Angebot verweisen, st\u00e4ndig auf Ver\u00e4nderungen zu \u00fcberpr\u00fcfen, die eine Verantwortlichkeit neu begr\u00fcnden k\u00f6nnten. Erst wenn wir feststellen oder von anderen darauf hingewiesen werden, dass ein konkretes Angebot, zu dem wir einen Querverweis bereitgestellt haben, eine zivil- oder strafrechtliche Verantwortlichkeit ausl\u00f6st, werden wir den Verweis auf dieses Angebot aufheben, soweit uns dies technisch m\u00f6glich und zumutbar ist. Sollten Sie bei Querverweisungen auf Inhalte oder Gestaltungen treffen, die Anlass zur Beanstandung geben oder die angegebene Adresse unter dem von uns angegebenen Link nicht erreichen k\u00f6nnen, informieren Sie uns bitte per Mail hier\u00fcber, damit wir den Hinweis auf den Link \u00fcberpr\u00fcfen k\u00f6nnen.<\/p>\t\t\t\t\t\t\t\t<\/div>\n\t\t\t\t<\/div>\n\t\t\t\t<\/div>\n\t\t<div class=\"elementor-element elementor-element-3dbf873 e-con-full cmn-content-box-container e-flex e-con e-child\" data-id=\"3dbf873\" data-element_type=\"container\" data-e-type=\"container\">\n\t\t\t\t<div class=\"elementor-element elementor-element-b6ad72b elementor-widget elementor-widget-heading\" data-id=\"b6ad72b\" data-element_type=\"widget\" data-e-type=\"widget\" data-widget_type=\"heading.default\">\n\t\t\t\t<div class=\"elementor-widget-container\">\n\t\t\t\t\t<h2 class=\"elementor-heading-title elementor-size-default\">4.Urheber- und Leistungsschutzrechte<\/h2>\t\t\t\t<\/div>\n\t\t\t\t<\/div>\n\t\t\t\t<div class=\"elementor-element elementor-element-a3fba45 elementor-widget elementor-widget-text-editor\" data-id=\"a3fba45\" data-element_type=\"widget\" data-e-type=\"widget\" data-widget_type=\"text-editor.default\">\n\t\t\t\t<div class=\"elementor-widget-container\">\n\t\t\t\t\t\t\t\t\t<p>\u00a9 cometis AG 2017<br \/>Alle Rechte vorbehalten. Text, Bilder, Grafiken, Ton und Animationen sowie deren Anordnung auf dieser Webseite unterliegen dem Schutz des Urheberrechts und anderer Schutzgesetze. Der Inhalt dieser Website darf nicht zu kommerziellen Zwecken kopiert, verbreitet, ver\u00e4ndert oder Dritten zug\u00e4nglich gemacht werden. Einige Seiten enthalten au\u00dferdem Bilder, die dem Copyright Dritter unterliegen.<\/p>\t\t\t\t\t\t\t\t<\/div>\n\t\t\t\t<\/div>\n\t\t\t\t<\/div>\n\t\t<div class=\"elementor-element elementor-element-173b6f9 e-con-full cmn-content-box-container e-flex e-con e-child\" data-id=\"173b6f9\" data-element_type=\"container\" data-e-type=\"container\">\n\t\t\t\t<div class=\"elementor-element elementor-element-7896402 elementor-widget elementor-widget-heading\" data-id=\"7896402\" data-element_type=\"widget\" data-e-type=\"widget\" data-widget_type=\"heading.default\">\n\t\t\t\t<div class=\"elementor-widget-container\">\n\t\t\t\t\t<h2 class=\"elementor-heading-title elementor-size-default\">Alternative Dispute Resolution in accordance with Art. 14 (1) ODR-VO and Section 36 VSBG:<\/h2>\t\t\t\t<\/div>\n\t\t\t\t<\/div>\n\t\t\t\t<div class=\"elementor-element elementor-element-9b8031e elementor-widget elementor-widget-text-editor\" data-id=\"9b8031e\" data-element_type=\"widget\" data-e-type=\"widget\" data-widget_type=\"text-editor.default\">\n\t\t\t\t<div class=\"elementor-widget-container\">\n\t\t\t\t\t\t\t\t\t<p>The European Commission provides a platform for online dispute resolution available at\u00a0<a href=\"http:\/\/ec.europa.eu\/consumers\/odr\/\">http:\/\/ec.europa.eu\/consumers\/odr\/<\/a>. We are neither obligated nor willing to participate in a dispute settlement procedure before a consumer arbitration board.<\/p>\t\t\t\t\t\t\t\t<\/div>\n\t\t\t\t<\/div>\n\t\t\t\t<\/div>\n\t\t\t\t\t<\/div>\n\t\t\t\t<\/div>\n\t\t\t\t<\/div>\n\t\t","protected":false},"excerpt":{"rendered":"<p>1.Angaben zum Unternehmen Diensteanbieter:cometis AGSitz: Friedrichstr. 22, 65185 WiesbadenTel.:&nbsp;+49 611 20 58 55 0Fax: +49 611 20 58 55 66E-Mail:&nbsp;info@cometis.de Handelsregister: Amtsgericht Wiesbaden HRB 21 270Ust-Ident-Nummer: DE 210 106 986 Vorstand: (verantwortlich i. S. v. \u00a7 18 Abs. 2 MStV)Michael Diegelmann und Ariane Hofstetter 2.Haftungsbeschr\u00e4nkung Die Informationen, die wir Ihnen auf dieser Website zur Verf\u00fcgung [&hellip;]<\/p>\n","protected":false},"author":1,"featured_media":0,"parent":0,"menu_order":0,"comment_status":"closed","ping_status":"open","template":"","meta":{"_acf_changed":false,"footnotes":""},"class_list":["post-106958","page","type-page","status-publish","hentry"],"acf":[],"yoast_head":"<!-- This site is optimized with the Yoast SEO Premium plugin v26.2 (Yoast SEO v27.4) - https:\/\/yoast.com\/product\/yoast-seo-premium-wordpress\/ -->\n<title>Impressum - cometis AG<\/title>\n<meta name=\"robots\" content=\"index, follow, max-snippet:-1, max-image-preview:large, max-video-preview:-1\" \/>\n<link rel=\"canonical\" href=\"https:\/\/www.cometis.de\/de\/impressum\/\" \/>\n<meta property=\"og:locale\" content=\"de_DE\" \/>\n<meta property=\"og:type\" content=\"article\" \/>\n<meta property=\"og:title\" content=\"Impressum\" \/>\n<meta property=\"og:description\" content=\"1.Angaben zum Unternehmen Diensteanbieter:cometis AGSitz: Friedrichstr. 22, 65185 WiesbadenTel.:&nbsp;+49 611 20 58 55 0Fax: +49 611 20 58 55 66E-Mail:&nbsp;info@cometis.de Handelsregister: Amtsgericht Wiesbaden HRB 21 270Ust-Ident-Nummer: DE 210 106 986 Vorstand: (verantwortlich i. S. v. \u00a7 18 Abs. 2 MStV)Michael Diegelmann und Ariane Hofstetter 2.Haftungsbeschr\u00e4nkung Die Informationen, die wir Ihnen auf dieser Website zur Verf\u00fcgung [&hellip;]\" \/>\n<meta property=\"og:url\" content=\"https:\/\/www.cometis.de\/de\/impressum\/\" \/>\n<meta property=\"og:site_name\" content=\"cometis AG\" \/>\n<meta property=\"article:modified_time\" content=\"2026-04-01T11:56:27+00:00\" \/>\n<meta property=\"og:image\" content=\"https:\/\/www.cometis.de\/wp-content\/uploads\/2024\/12-old\/Cometis-Mobile-Logo-1.png\" \/>\n\t<meta property=\"og:image:width\" content=\"171\" \/>\n\t<meta property=\"og:image:height\" content=\"31\" \/>\n\t<meta property=\"og:image:type\" content=\"image\/png\" \/>\n<meta name=\"twitter:card\" content=\"summary_large_image\" \/>\n<meta name=\"twitter:label1\" content=\"Gesch\u00e4tzte Lesezeit\" \/>\n\t<meta name=\"twitter:data1\" content=\"3\u00a0Minuten\" \/>\n<script type=\"application\/ld+json\" class=\"yoast-schema-graph\">{\"@context\":\"https:\\\/\\\/schema.org\",\"@graph\":[{\"@type\":\"WebPage\",\"@id\":\"https:\\\/\\\/www.cometis.de\\\/de\\\/impressum\\\/\",\"url\":\"https:\\\/\\\/www.cometis.de\\\/de\\\/impressum\\\/\",\"name\":\"Impressum - cometis AG\",\"isPartOf\":{\"@id\":\"https:\\\/\\\/www.cometis.de\\\/de\\\/#website\"},\"datePublished\":\"2025-02-17T06:20:03+00:00\",\"dateModified\":\"2026-04-01T11:56:27+00:00\",\"breadcrumb\":{\"@id\":\"https:\\\/\\\/www.cometis.de\\\/de\\\/impressum\\\/#breadcrumb\"},\"inLanguage\":\"de\",\"potentialAction\":[{\"@type\":\"ReadAction\",\"target\":[\"https:\\\/\\\/www.cometis.de\\\/de\\\/impressum\\\/\"]}]},{\"@type\":\"BreadcrumbList\",\"@id\":\"https:\\\/\\\/www.cometis.de\\\/de\\\/impressum\\\/#breadcrumb\",\"itemListElement\":[{\"@type\":\"ListItem\",\"position\":1,\"name\":\"Home\",\"item\":\"https:\\\/\\\/www.cometis.de\\\/de\\\/\"},{\"@type\":\"ListItem\",\"position\":2,\"name\":\"Impressum\"}]},{\"@type\":\"WebSite\",\"@id\":\"https:\\\/\\\/www.cometis.de\\\/de\\\/#website\",\"url\":\"https:\\\/\\\/www.cometis.de\\\/de\\\/\",\"name\":\"cometis AG\",\"description\":\"Deutschlands f\u00fchrende Investor Relations Agentur\",\"publisher\":{\"@id\":\"https:\\\/\\\/www.cometis.de\\\/de\\\/#organization\"},\"potentialAction\":[{\"@type\":\"SearchAction\",\"target\":{\"@type\":\"EntryPoint\",\"urlTemplate\":\"https:\\\/\\\/www.cometis.de\\\/de\\\/?s={search_term_string}\"},\"query-input\":{\"@type\":\"PropertyValueSpecification\",\"valueRequired\":true,\"valueName\":\"search_term_string\"}}],\"inLanguage\":\"de\"},{\"@type\":\"Organization\",\"@id\":\"https:\\\/\\\/www.cometis.de\\\/de\\\/#organization\",\"name\":\"cometis AG\",\"alternateName\":\"Deutschlands f\u00fchrende Investor Relations Agentur\",\"url\":\"https:\\\/\\\/www.cometis.de\\\/de\\\/\",\"logo\":{\"@type\":\"ImageObject\",\"inLanguage\":\"de\",\"@id\":\"https:\\\/\\\/www.cometis.de\\\/de\\\/#\\\/schema\\\/logo\\\/image\\\/\",\"url\":\"https:\\\/\\\/www.cometis.de\\\/wp-content\\\/uploads\\\/2024\\\/12-old\\\/Cometis-Mobile-Logo-1.png\",\"contentUrl\":\"https:\\\/\\\/www.cometis.de\\\/wp-content\\\/uploads\\\/2024\\\/12-old\\\/Cometis-Mobile-Logo-1.png\",\"width\":171,\"height\":31,\"caption\":\"cometis AG\"},\"image\":{\"@id\":\"https:\\\/\\\/www.cometis.de\\\/de\\\/#\\\/schema\\\/logo\\\/image\\\/\"},\"sameAs\":[\"https:\\\/\\\/www.linkedin.com\\\/company\\\/cometis-ag\\\/\",\"https:\\\/\\\/www.youtube.com\\\/user\\\/cometisAG\"]}]}<\/script>\n<!-- \/ Yoast SEO Premium plugin. -->","yoast_head_json":{"title":"Impressum - cometis AG","robots":{"index":"index","follow":"follow","max-snippet":"max-snippet:-1","max-image-preview":"max-image-preview:large","max-video-preview":"max-video-preview:-1"},"canonical":"https:\/\/www.cometis.de\/de\/impressum\/","og_locale":"de_DE","og_type":"article","og_title":"Impressum","og_description":"1.Angaben zum Unternehmen Diensteanbieter:cometis AGSitz: Friedrichstr. 22, 65185 WiesbadenTel.:&nbsp;+49 611 20 58 55 0Fax: +49 611 20 58 55 66E-Mail:&nbsp;info@cometis.de Handelsregister: Amtsgericht Wiesbaden HRB 21 270Ust-Ident-Nummer: DE 210 106 986 Vorstand: (verantwortlich i. S. v. \u00a7 18 Abs. 2 MStV)Michael Diegelmann und Ariane Hofstetter 2.Haftungsbeschr\u00e4nkung Die Informationen, die wir Ihnen auf dieser Website zur Verf\u00fcgung [&hellip;]","og_url":"https:\/\/www.cometis.de\/de\/impressum\/","og_site_name":"cometis AG","article_modified_time":"2026-04-01T11:56:27+00:00","og_image":[{"width":171,"height":31,"url":"https:\/\/www.cometis.de\/wp-content\/uploads\/2024\/12-old\/Cometis-Mobile-Logo-1.png","type":"image\/png"}],"twitter_card":"summary_large_image","twitter_misc":{"Gesch\u00e4tzte Lesezeit":"3\u00a0Minuten"},"schema":{"@context":"https:\/\/schema.org","@graph":[{"@type":"WebPage","@id":"https:\/\/www.cometis.de\/de\/impressum\/","url":"https:\/\/www.cometis.de\/de\/impressum\/","name":"Impressum - cometis AG","isPartOf":{"@id":"https:\/\/www.cometis.de\/de\/#website"},"datePublished":"2025-02-17T06:20:03+00:00","dateModified":"2026-04-01T11:56:27+00:00","breadcrumb":{"@id":"https:\/\/www.cometis.de\/de\/impressum\/#breadcrumb"},"inLanguage":"de","potentialAction":[{"@type":"ReadAction","target":["https:\/\/www.cometis.de\/de\/impressum\/"]}]},{"@type":"BreadcrumbList","@id":"https:\/\/www.cometis.de\/de\/impressum\/#breadcrumb","itemListElement":[{"@type":"ListItem","position":1,"name":"Home","item":"https:\/\/www.cometis.de\/de\/"},{"@type":"ListItem","position":2,"name":"Impressum"}]},{"@type":"WebSite","@id":"https:\/\/www.cometis.de\/de\/#website","url":"https:\/\/www.cometis.de\/de\/","name":"cometis AG","description":"Deutschlands f\u00fchrende Investor Relations Agentur","publisher":{"@id":"https:\/\/www.cometis.de\/de\/#organization"},"potentialAction":[{"@type":"SearchAction","target":{"@type":"EntryPoint","urlTemplate":"https:\/\/www.cometis.de\/de\/?s={search_term_string}"},"query-input":{"@type":"PropertyValueSpecification","valueRequired":true,"valueName":"search_term_string"}}],"inLanguage":"de"},{"@type":"Organization","@id":"https:\/\/www.cometis.de\/de\/#organization","name":"cometis AG","alternateName":"Deutschlands f\u00fchrende Investor Relations Agentur","url":"https:\/\/www.cometis.de\/de\/","logo":{"@type":"ImageObject","inLanguage":"de","@id":"https:\/\/www.cometis.de\/de\/#\/schema\/logo\/image\/","url":"https:\/\/www.cometis.de\/wp-content\/uploads\/2024\/12-old\/Cometis-Mobile-Logo-1.png","contentUrl":"https:\/\/www.cometis.de\/wp-content\/uploads\/2024\/12-old\/Cometis-Mobile-Logo-1.png","width":171,"height":31,"caption":"cometis AG"},"image":{"@id":"https:\/\/www.cometis.de\/de\/#\/schema\/logo\/image\/"},"sameAs":["https:\/\/www.linkedin.com\/company\/cometis-ag\/","https:\/\/www.youtube.com\/user\/cometisAG"]}]}},"_links":{"self":[{"href":"https:\/\/www.cometis.de\/de\/wp-json\/wp\/v2\/pages\/106958","targetHints":{"allow":["GET"]}}],"collection":[{"href":"https:\/\/www.cometis.de\/de\/wp-json\/wp\/v2\/pages"}],"about":[{"href":"https:\/\/www.cometis.de\/de\/wp-json\/wp\/v2\/types\/page"}],"author":[{"embeddable":true,"href":"https:\/\/www.cometis.de\/de\/wp-json\/wp\/v2\/users\/1"}],"replies":[{"embeddable":true,"href":"https:\/\/www.cometis.de\/de\/wp-json\/wp\/v2\/comments?post=106958"}],"version-history":[{"count":42,"href":"https:\/\/www.cometis.de\/de\/wp-json\/wp\/v2\/pages\/106958\/revisions"}],"predecessor-version":[{"id":110765,"href":"https:\/\/www.cometis.de\/de\/wp-json\/wp\/v2\/pages\/106958\/revisions\/110765"}],"wp:attachment":[{"href":"https:\/\/www.cometis.de\/de\/wp-json\/wp\/v2\/media?parent=106958"}],"curies":[{"name":"wp","href":"https:\/\/api.w.org\/{rel}","templated":true}]}}