{"id":2007,"date":"2025-01-07T13:18:21","date_gmt":"2025-01-07T12:18:21","guid":{"rendered":"https:\/\/cometis.de\/?page_id=2007"},"modified":"2025-01-30T06:18:21","modified_gmt":"2025-01-30T05:18:21","slug":"karriere-blog","status":"publish","type":"page","link":"https:\/\/www.cometis.de\/de\/cometis-ag\/karriere\/karriere-blog\/","title":{"rendered":"karriere blog"},"content":{"rendered":"\t\t<div data-elementor-type=\"wp-page\" data-elementor-id=\"2007\" class=\"elementor elementor-2007\" data-elementor-post-type=\"page\">\n\t\t\t\t<div class=\"elementor-element elementor-element-fff5d04 e-flex e-con-boxed e-con e-parent\" data-id=\"fff5d04\" data-element_type=\"container\" data-e-type=\"container\">\n\t\t\t\t\t<div class=\"e-con-inner\">\n\t\t\t\t<div class=\"elementor-element elementor-element-68ad2e62 elementor-widget elementor-widget-template\" data-id=\"68ad2e62\" data-element_type=\"widget\" data-e-type=\"widget\" data-widget_type=\"template.default\">\n\t\t\t\t<div class=\"elementor-widget-container\">\n\t\t\t\t\t\t\t<div class=\"elementor-template\">\n\t\t\t\t\t<div data-elementor-type=\"section\" data-elementor-id=\"766\" class=\"elementor elementor-766\" data-elementor-post-type=\"elementor_library\">\n\t\t\t<div class=\"elementor-element elementor-element-1f34e34 e-flex e-con-boxed e-con e-parent\" data-id=\"1f34e34\" data-element_type=\"container\" data-e-type=\"container\">\n\t\t\t\t\t<div class=\"e-con-inner\">\n\t\t<div class=\"elementor-element elementor-element-e68c844 e-con-full e-flex e-con e-child\" data-id=\"e68c844\" data-element_type=\"container\" data-e-type=\"container\" data-settings=\"{&quot;background_background&quot;:&quot;classic&quot;}\">\n\t\t\t\t<\/div>\n\t\t<div class=\"elementor-element elementor-element-b7dac6f e-con-full e-flex e-con e-child\" data-id=\"b7dac6f\" data-element_type=\"container\" data-e-type=\"container\">\n\t\t\t\t<div class=\"elementor-element elementor-element-ce54cc3 elementor-align-left elementor-widget elementor-widget-breadcrumbs\" data-id=\"ce54cc3\" data-element_type=\"widget\" data-e-type=\"widget\" data-widget_type=\"breadcrumbs.default\">\n\t\t\t\t<div class=\"elementor-widget-container\">\n\t\t\t\t\t<div id=\"breadcrumbs\"><span><span><a href=\"https:\/\/www.cometis.de\/de\/\">Home<\/a><\/span><\/span><\/div>\t\t\t\t<\/div>\n\t\t\t\t<\/div>\n\t\t\t\t<\/div>\n\t\t\t\t\t<\/div>\n\t\t\t\t<\/div>\n\t\t\t\t<\/div>\n\t\t\t\t<\/div>\n\t\t\t\t\t\t<\/div>\n\t\t\t\t<\/div>\n\t\t\t\t\t<\/div>\n\t\t\t\t<\/div>\n\t\t<div class=\"elementor-element elementor-element-1f5d2ae7 cmn-sidebar-content archive-common-page e-flex e-con-boxed e-con e-parent\" data-id=\"1f5d2ae7\" data-element_type=\"container\" data-e-type=\"container\" data-settings=\"{&quot;background_motion_fx_motion_fx_scrolling&quot;:&quot;yes&quot;,&quot;background_motion_fx_translateY_effect&quot;:&quot;yes&quot;,&quot;background_motion_fx_translateY_speed&quot;:{&quot;unit&quot;:&quot;px&quot;,&quot;size&quot;:2,&quot;sizes&quot;:[]},&quot;background_background&quot;:&quot;classic&quot;,&quot;background_motion_fx_translateY_affectedRange&quot;:{&quot;unit&quot;:&quot;%&quot;,&quot;size&quot;:&quot;&quot;,&quot;sizes&quot;:{&quot;start&quot;:0,&quot;end&quot;:100}},&quot;background_motion_fx_devices&quot;:[&quot;desktop&quot;,&quot;tablet&quot;,&quot;mobile&quot;]}\">\n\t\t\t\t\t<div class=\"e-con-inner\">\n\t\t<div class=\"elementor-element elementor-element-25163a25 e-con-full cmn-sidebar-content p-100 pb-0 e-flex e-con e-child\" data-id=\"25163a25\" data-element_type=\"container\" data-e-type=\"container\">\n\t\t<div class=\"elementor-element elementor-element-454ec2c5 e-con-full cmn-content-box e-flex e-con e-child\" data-id=\"454ec2c5\" data-element_type=\"container\" data-e-type=\"container\">\n\t\t\t\t<div class=\"elementor-element elementor-element-154f3446 elementor-widget elementor-widget-heading\" data-id=\"154f3446\" data-element_type=\"widget\" data-e-type=\"widget\" data-widget_type=\"heading.default\">\n\t\t\t\t<div class=\"elementor-widget-container\">\n\t\t\t\t\t<h2 class=\"elementor-heading-title elementor-size-default\">Themen &amp; Trends<\/h2>\t\t\t\t<\/div>\n\t\t\t\t<\/div>\n\t\t\t\t<div class=\"elementor-element elementor-element-35c13cee elementor-widget elementor-widget-text-editor\" data-id=\"35c13cee\" data-element_type=\"widget\" data-e-type=\"widget\" data-widget_type=\"text-editor.default\">\n\t\t\t\t<div class=\"elementor-widget-container\">\n\t\t\t\t\t\t\t\t\t<p>Weit hinten, hinter den Wortbergen, fern der L\u00e4nder Vokalien und Konsonantien leben die Blindtexte. Abgeschieden wohnen sie in Buchstabhausen an der K\u00fcste des Semantik, eines gro\u00dfen Sprachozeans.<\/p>\t\t\t\t\t\t\t\t<\/div>\n\t\t\t\t<\/div>\n\t\t\t\t<\/div>\n\t\t\t\t<\/div>\n\t\t<div class=\"elementor-element elementor-element-51a9000 e-con-full cmn-sidebar-content p-100 e-flex e-con e-child\" data-id=\"51a9000\" data-element_type=\"container\" data-e-type=\"container\">\n\t\t\t\t<div class=\"elementor-element elementor-element-d49682c elementor-widget elementor-widget-shortcode\" data-id=\"d49682c\" data-element_type=\"widget\" data-e-type=\"widget\" data-widget_type=\"shortcode.default\">\n\t\t\t\t<div class=\"elementor-widget-container\">\n\t\t\t\t\t\t\t<div class=\"elementor-shortcode\"><form id=\"career-blog-filter\"><div class=\"custom-select-container\"><select id=\"post_year\" data-category-id=\"85\" data-post-type=\"post\" data-posts-per-page=\"10\"><option value=\"\">Begriffe Ausw\u00e4hlen<\/option><option value=\"2026\">2026<\/option><option value=\"2025\">2025<\/option><option value=\"2024\">2024<\/option><option value=\"2023\">2023<\/option><option value=\"2022\">2022<\/option><option value=\"2021\">2021<\/option><option value=\"2020\">2020<\/option><option value=\"2019\">2019<\/option><option value=\"2018\">2018<\/option><option value=\"2017\">2017<\/option><option value=\"2016\">2016<\/option><option value=\"2015\">2015<\/option><option value=\"2014\">2014<\/option><option value=\"2013\">2013<\/option><option value=\"2012\">2012<\/option><option value=\"2011\">2011<\/option><\/select><span class=\"custom-arrow\"><\/span><\/div><\/form><div id=\"career-blog-posts-container\"><div class=\"career-blog-container\"><div class=\"career-blog-item\"><div class=\"career-blog-image-container\"><a href=\"https:\/\/www.cometis.de\/de\/mein-praktikum-bei-der-cometis-ag-5\/\"><img decoding=\"async\" class=\"career-blog-image\" src=\"https:\/\/www.cometis.de\/wp-content\/uploads\/2025\/08\/Screenshot-2025-08-14-113917.png\" alt=\"MEIN PRAKTIKUM BEI DER COMETIS AG\"><div class=\"career-blog-date\">14.08.2025<\/div><\/a><\/div><div class=\"career-blog-content\"><h3 class=\"career-blog-title\"><a href=\"https:\/\/www.cometis.de\/de\/mein-praktikum-bei-der-cometis-ag-5\/\">MEIN PRAKTIKUM BEI DER COMETIS AG<\/a><\/h3><p class=\"career-blog-excerpt\"><a href=\"https:\/\/www.cometis.de\/de\/mein-praktikum-bei-der-cometis-ag-5\/\">Dani Naidj, 02. Juni 2025 bis 31. Juli 2025 Warum ich mich f\u00fcr die cometis AG entschieden habe W\u00e4hrend meines Bachelorstudiums der Betriebswirtscha...<\/a><\/p><a href=\"https:\/\/www.cometis.de\/de\/mein-praktikum-bei-der-cometis-ag-5\/\" class=\"career-blog-read-more\">Ansehen<\/a><\/div><\/div><div class=\"career-blog-item\"><div class=\"career-blog-image-container\"><a href=\"https:\/\/www.cometis.de\/de\/mein-praktikum-bei-der-cometis-ag-4\/\"><img decoding=\"async\" class=\"career-blog-image\" src=\"https:\/\/www.cometis.de\/wp-content\/uploads\/2025\/07\/Simon_Praktikum-cometis-e1753953353824.jpg\" alt=\"MEIN PRAKTIKUM BEI DER COMETIS AG\"><div class=\"career-blog-date\">31.07.2025<\/div><\/a><\/div><div class=\"career-blog-content\"><h3 class=\"career-blog-title\"><a href=\"https:\/\/www.cometis.de\/de\/mein-praktikum-bei-der-cometis-ag-4\/\">MEIN PRAKTIKUM BEI DER COMETIS AG<\/a><\/h3><p class=\"career-blog-excerpt\"><a href=\"https:\/\/www.cometis.de\/de\/mein-praktikum-bei-der-cometis-ag-4\/\">Simon Schwarz, 01. Februar 2025 bis 31. Juli 2025 Vom Rhetorikstudium in die Welt des Kapitalmarkts Vor dem Start des letzten Semesters meines Mast...<\/a><\/p><a href=\"https:\/\/www.cometis.de\/de\/mein-praktikum-bei-der-cometis-ag-4\/\" class=\"career-blog-read-more\">Ansehen<\/a><\/div><\/div><div class=\"career-blog-item\"><div class=\"career-blog-image-container\"><a href=\"https:\/\/www.cometis.de\/de\/mein-praktikum-bei-der-cometis-ag-2\/\"><img decoding=\"async\" class=\"career-blog-image\" src=\"https:\/\/www.cometis.de\/wp-content\/uploads\/2024\/03\/Sabrina-Simmendinger.webp\" alt=\"MEIN PRAKTIKUM BEI DER COMETIS AG\"><div class=\"career-blog-date\">06.03.2024<\/div><\/a><\/div><div class=\"career-blog-content\"><h3 class=\"career-blog-title\"><a href=\"https:\/\/www.cometis.de\/de\/mein-praktikum-bei-der-cometis-ag-2\/\">MEIN PRAKTIKUM BEI DER COMETIS AG<\/a><\/h3><p class=\"career-blog-excerpt\"><a href=\"https:\/\/www.cometis.de\/de\/mein-praktikum-bei-der-cometis-ag-2\/\">SABRINA SIMMENDINGER VOM 01. APRIL BIS 30. SEPTEMBER 2022 Vom Rhetorikstudium in die Welt des Kapitalmarkts Vor dem Start des letzten Semesters mei...<\/a><\/p><a href=\"https:\/\/www.cometis.de\/de\/mein-praktikum-bei-der-cometis-ag-2\/\" class=\"career-blog-read-more\">Ansehen<\/a><\/div><\/div><div class=\"career-blog-item\"><div class=\"career-blog-image-container\"><a href=\"https:\/\/www.cometis.de\/de\/mein-praktikum-bei-der-cometis-ag\/\"><img decoding=\"async\" class=\"career-blog-image\" src=\"https:\/\/www.cometis.de\/wp-content\/uploads\/2024\/03\/Julia-Selent.webp\" alt=\"MEIN PRAKTIKUM BEI DER COMETIS AG\"><div class=\"career-blog-date\">06.03.2024<\/div><\/a><\/div><div class=\"career-blog-content\"><h3 class=\"career-blog-title\"><a href=\"https:\/\/www.cometis.de\/de\/mein-praktikum-bei-der-cometis-ag\/\">MEIN PRAKTIKUM BEI DER COMETIS AG<\/a><\/h3><p class=\"career-blog-excerpt\"><a href=\"https:\/\/www.cometis.de\/de\/mein-praktikum-bei-der-cometis-ag\/\">Julia Selent VOM 01.09 BIS 1.12.2023 Warum habe ich mich f\u00fcr ein Praktikum bei der Cometis AG entscheiden? Eine Freundin empfahl mir das Praktikum ...<\/a><\/p><a href=\"https:\/\/www.cometis.de\/de\/mein-praktikum-bei-der-cometis-ag\/\" class=\"career-blog-read-more\">Ansehen<\/a><\/div><\/div><div class=\"career-blog-item\"><div class=\"career-blog-image-container\"><a href=\"https:\/\/www.cometis.de\/de\/praktische-einblicke-in-eine-professionelle-beratung-praktikant\/\"><img decoding=\"async\" class=\"career-blog-image\" src=\"https:\/\/www.cometis.de\/wp-content\/uploads\/2025\/01\/20220331_Florian_Ruppert.webp\" alt=\"Praktische Einblicke in eine professionelle Beratung | Praktikant\"><div class=\"career-blog-date\">04.04.2022<\/div><\/a><\/div><div class=\"career-blog-content\"><h3 class=\"career-blog-title\"><a href=\"https:\/\/www.cometis.de\/de\/praktische-einblicke-in-eine-professionelle-beratung-praktikant\/\">Praktische Einblicke in eine professionelle Beratung | Praktikant<\/a><\/h3><p class=\"career-blog-excerpt\"><a href=\"https:\/\/www.cometis.de\/de\/praktische-einblicke-in-eine-professionelle-beratung-praktikant\/\">Florian Ruppert,\u00a0Praktikant WARUM DIE COMETIS\u00a0AG? Im Rahmen meines Studiums der Politik- und Wirtschaftswissenschaften habe ich ein gro\u00dfes Interess...<\/a><\/p><a href=\"https:\/\/www.cometis.de\/de\/praktische-einblicke-in-eine-professionelle-beratung-praktikant\/\" class=\"career-blog-read-more\">Ansehen<\/a><\/div><\/div><div class=\"career-blog-item\"><div class=\"career-blog-image-container\"><a href=\"https:\/\/www.cometis.de\/de\/eintauchen-in-die-welt-der-finanzen-praktikant\/\"><img decoding=\"async\" class=\"career-blog-image\" src=\"https:\/\/www.cometis.de\/wp-content\/uploads\/2022\/05\/edit.jpg\" alt=\"Eintauchen in die Welt der Finanzen | Praktikant\"><div class=\"career-blog-date\">04.04.2022<\/div><\/a><\/div><div class=\"career-blog-content\"><h3 class=\"career-blog-title\"><a href=\"https:\/\/www.cometis.de\/de\/eintauchen-in-die-welt-der-finanzen-praktikant\/\">Eintauchen in die Welt der Finanzen | Praktikant<\/a><\/h3><p class=\"career-blog-excerpt\"><a href=\"https:\/\/www.cometis.de\/de\/eintauchen-in-die-welt-der-finanzen-praktikant\/\">Albert Gusser,\u00a0Praktikant Warum habe ich mich f\u00fcr die cometis AG entschieden? Im Rahmen meines Bachelor-Studiums in International Management habe i...<\/a><\/p><a href=\"https:\/\/www.cometis.de\/de\/eintauchen-in-die-welt-der-finanzen-praktikant\/\" class=\"career-blog-read-more\">Ansehen<\/a><\/div><\/div><div class=\"career-blog-item\"><div class=\"career-blog-image-container\"><a href=\"https:\/\/www.cometis.de\/de\/mein-praktikum-bei-der-cometis-ag-jerry-duc-nguyen\/\"><img decoding=\"async\" class=\"career-blog-image\" src=\"https:\/\/www.cometis.de\/wp-content\/uploads\/2021\/01\/JerryDucNguyen_Foto1.jpg\" alt=\"Mein Praktikum bei der cometis AG &#8211; Jerry Duc Nguyen\"><div class=\"career-blog-date\">06.01.2021<\/div><\/a><\/div><div class=\"career-blog-content\"><h3 class=\"career-blog-title\"><a href=\"https:\/\/www.cometis.de\/de\/mein-praktikum-bei-der-cometis-ag-jerry-duc-nguyen\/\">Mein Praktikum bei der cometis AG &#8211; Jerry Duc Nguyen<\/a><\/h3><p class=\"career-blog-excerpt\"><a href=\"https:\/\/www.cometis.de\/de\/mein-praktikum-bei-der-cometis-ag-jerry-duc-nguyen\/\">Praktikant,\u00a0Jerry Duc Nguyen MEIN WEG ZUR COMETIS AG W\u00e4hrend meines Studiums der Politikwissenschaften habe ich meinen Schwerpunkt auf die Politisc...<\/a><\/p><a href=\"https:\/\/www.cometis.de\/de\/mein-praktikum-bei-der-cometis-ag-jerry-duc-nguyen\/\" class=\"career-blog-read-more\">Ansehen<\/a><\/div><\/div><div class=\"career-blog-item\"><div class=\"career-blog-image-container\"><a href=\"https:\/\/www.cometis.de\/de\/warum-ich-mich-fuer-ein-praktikum-bei-cometis-entschieden-habe\/\"><img decoding=\"async\" class=\"career-blog-image\" src=\"https:\/\/www.cometis.de\/wp-content\/uploads\/2020\/11\/RafiBild.jpg\" alt=\"Warum ich mich f\u00fcr ein Praktikum bei cometis entschieden habe\"><div class=\"career-blog-date\">04.11.2020<\/div><\/a><\/div><div class=\"career-blog-content\"><h3 class=\"career-blog-title\"><a href=\"https:\/\/www.cometis.de\/de\/warum-ich-mich-fuer-ein-praktikum-bei-cometis-entschieden-habe\/\">Warum ich mich f\u00fcr ein Praktikum bei cometis entschieden habe<\/a><\/h3><p class=\"career-blog-excerpt\"><a href=\"https:\/\/www.cometis.de\/de\/warum-ich-mich-fuer-ein-praktikum-bei-cometis-entschieden-habe\/\">Rafi Nasheed, Praktikant Warum ich mich f\u00fcr ein Praktikum bei cometis entschieden habe Nach meinem Bachelorabschluss in der Betriebswirtschaftslehr...<\/a><\/p><a href=\"https:\/\/www.cometis.de\/de\/warum-ich-mich-fuer-ein-praktikum-bei-cometis-entschieden-habe\/\" class=\"career-blog-read-more\">Ansehen<\/a><\/div><\/div><div class=\"career-blog-item\"><div class=\"career-blog-image-container\"><a href=\"https:\/\/www.cometis.de\/de\/sommerpause-und-langeweile-nicht-bei-cometis\/\"><img decoding=\"async\" class=\"career-blog-image\" src=\"https:\/\/www.cometis.de\/wp-content\/uploads\/2020\/11\/lauraresag2-scaled-1.jpg\" alt=\"Sommerpause und Langeweile? Nicht bei cometis!\"><div class=\"career-blog-date\">04.11.2020<\/div><\/a><\/div><div class=\"career-blog-content\"><h3 class=\"career-blog-title\"><a href=\"https:\/\/www.cometis.de\/de\/sommerpause-und-langeweile-nicht-bei-cometis\/\">Sommerpause und Langeweile? Nicht bei cometis!<\/a><\/h3><p class=\"career-blog-excerpt\"><a href=\"https:\/\/www.cometis.de\/de\/sommerpause-und-langeweile-nicht-bei-cometis\/\">Interesse am Kapitalmarkt? W\u00e4hrend meines dualen Studiums hatte ich erstmals die M\u00f6glichkeit in den Investor Relations Bereich hineinzuschnuppern \u2013...<\/a><\/p><a href=\"https:\/\/www.cometis.de\/de\/sommerpause-und-langeweile-nicht-bei-cometis\/\" class=\"career-blog-read-more\">Ansehen<\/a><\/div><\/div><div class=\"career-blog-item\"><div class=\"career-blog-image-container\"><a href=\"https:\/\/www.cometis.de\/de\/nach-dem-praktikum-werde-ich-als-berater-ein-teil-von-cometis\/\"><img decoding=\"async\" class=\"career-blog-image\" src=\"https:\/\/www.cometis.de\/wp-content\/uploads\/2022\/05\/Enrico_Prinz_WEB.png\" alt=\"Nach dem Praktikum werde ich als Berater ein Teil von cometis.\"><div class=\"career-blog-date\">19.11.2019<\/div><\/a><\/div><div class=\"career-blog-content\"><h3 class=\"career-blog-title\"><a href=\"https:\/\/www.cometis.de\/de\/nach-dem-praktikum-werde-ich-als-berater-ein-teil-von-cometis\/\">Nach dem Praktikum werde ich als Berater ein Teil von cometis.<\/a><\/h3><p class=\"career-blog-excerpt\"><a href=\"https:\/\/www.cometis.de\/de\/nach-dem-praktikum-werde-ich-als-berater-ein-teil-von-cometis\/\">Ich und cometis? Wenn man mir vor 5 Jahren gesagt h\u00e4tte, ich w\u00fcrde bald in einer Unternehmensberatung arbeiten, die b\u00f6rsennotierte Unternehmen ber\u00e4...<\/a><\/p><a href=\"https:\/\/www.cometis.de\/de\/nach-dem-praktikum-werde-ich-als-berater-ein-teil-von-cometis\/\" class=\"career-blog-read-more\">Ansehen<\/a><\/div><\/div><\/div><div class=\"career-blog-pagination\"><ul><li><a href=\"#\" class=\"pagination-page active\" data-page=\"1\">1<\/a><\/li><li><a href=\"#\" class=\"pagination-page \" data-page=\"2\">2<\/a><\/li><li><a href=\"#\" class=\"pagination-page \" data-page=\"3\">3<\/a><\/li><li><a href=\"#\" class=\"pagination-page \" data-page=\"4\">4<\/a><\/li><li><a href=\"#\" class=\"pagination-page \" data-page=\"5\">5<\/a><\/li><li><a href=\"#\" class=\"pagination-next\" data-page=\"2\">&gt;<\/a><\/li><\/ul><\/div><\/div><\/div>\n\t\t\t\t\t\t<\/div>\n\t\t\t\t<\/div>\n\t\t\t\t<\/div>\n\t\t\t\t\t<\/div>\n\t\t\t\t<\/div>\n\t\t\t\t<\/div>\n\t\t","protected":false},"excerpt":{"rendered":"<p>Themen &amp; Trends Weit hinten, hinter den Wortbergen, fern der L\u00e4nder Vokalien und Konsonantien leben die Blindtexte. Abgeschieden wohnen sie in Buchstabhausen an der K\u00fcste des Semantik, eines gro\u00dfen Sprachozeans.<\/p>\n","protected":false},"author":1,"featured_media":0,"parent":1467,"menu_order":0,"comment_status":"closed","ping_status":"open","template":"","meta":{"_acf_changed":false,"footnotes":""},"class_list":["post-2007","page","type-page","status-publish","hentry"],"acf":[],"yoast_head":"<!-- This site is optimized with the Yoast SEO Premium plugin v26.2 (Yoast SEO v27.4) - https:\/\/yoast.com\/product\/yoast-seo-premium-wordpress\/ -->\n<title>karriere blog - cometis AG<\/title>\n<meta name=\"description\" content=\"In unserem Karriereblog finden Sie Erfahrungsberichte unserer Mitarbeiter:innen und k\u00f6nnen hinter die Kulissen der cometis AG blicken.\" \/>\n<meta name=\"robots\" content=\"index, follow, max-snippet:-1, max-image-preview:large, max-video-preview:-1\" \/>\n<link rel=\"canonical\" href=\"https:\/\/www.cometis.de\/de\/cometis-ag\/karriere\/karriere-blog\/\" \/>\n<meta property=\"og:locale\" content=\"de_DE\" \/>\n<meta property=\"og:type\" content=\"article\" \/>\n<meta property=\"og:title\" content=\"karriere blog\" \/>\n<meta property=\"og:description\" content=\"In unserem Karriereblog finden Sie Erfahrungsberichte unserer Mitarbeiter:innen und k\u00f6nnen hinter die Kulissen der cometis AG blicken.\" \/>\n<meta property=\"og:url\" content=\"https:\/\/www.cometis.de\/de\/cometis-ag\/karriere\/karriere-blog\/\" \/>\n<meta property=\"og:site_name\" content=\"cometis AG\" \/>\n<meta property=\"article:modified_time\" content=\"2025-01-30T05:18:21+00:00\" \/>\n<meta property=\"og:image\" content=\"https:\/\/www.cometis.de\/wp-content\/uploads\/2024\/12-old\/Cometis-Mobile-Logo-1.png\" \/>\n\t<meta property=\"og:image:width\" content=\"171\" \/>\n\t<meta property=\"og:image:height\" content=\"31\" \/>\n\t<meta property=\"og:image:type\" content=\"image\/png\" \/>\n<meta name=\"twitter:card\" content=\"summary_large_image\" \/>\n<meta name=\"twitter:label1\" content=\"Gesch\u00e4tzte Lesezeit\" \/>\n\t<meta name=\"twitter:data1\" content=\"1\u00a0Minute\" \/>\n<script type=\"application\/ld+json\" class=\"yoast-schema-graph\">{\"@context\":\"https:\\\/\\\/schema.org\",\"@graph\":[{\"@type\":\"WebPage\",\"@id\":\"https:\\\/\\\/www.cometis.de\\\/de\\\/cometis-ag\\\/karriere\\\/karriere-blog\\\/\",\"url\":\"https:\\\/\\\/www.cometis.de\\\/de\\\/cometis-ag\\\/karriere\\\/karriere-blog\\\/\",\"name\":\"karriere blog - cometis AG\",\"isPartOf\":{\"@id\":\"https:\\\/\\\/www.cometis.de\\\/de\\\/#website\"},\"datePublished\":\"2025-01-07T12:18:21+00:00\",\"dateModified\":\"2025-01-30T05:18:21+00:00\",\"description\":\"In unserem Karriereblog finden Sie Erfahrungsberichte unserer Mitarbeiter:innen und k\u00f6nnen hinter die Kulissen der cometis AG blicken.\",\"breadcrumb\":{\"@id\":\"https:\\\/\\\/www.cometis.de\\\/de\\\/cometis-ag\\\/karriere\\\/karriere-blog\\\/#breadcrumb\"},\"inLanguage\":\"de\",\"potentialAction\":[{\"@type\":\"ReadAction\",\"target\":[\"https:\\\/\\\/www.cometis.de\\\/de\\\/cometis-ag\\\/karriere\\\/karriere-blog\\\/\"]}]},{\"@type\":\"BreadcrumbList\",\"@id\":\"https:\\\/\\\/www.cometis.de\\\/de\\\/cometis-ag\\\/karriere\\\/karriere-blog\\\/#breadcrumb\",\"itemListElement\":[{\"@type\":\"ListItem\",\"position\":1,\"name\":\"Home\",\"item\":\"https:\\\/\\\/www.cometis.de\\\/de\\\/\"},{\"@type\":\"ListItem\",\"position\":2,\"name\":\"About\",\"item\":\"https:\\\/\\\/www.cometis.de\\\/de\\\/cometis-ag\\\/\"},{\"@type\":\"ListItem\",\"position\":3,\"name\":\"Karriere\",\"item\":\"https:\\\/\\\/www.cometis.de\\\/de\\\/?page_id=1467\"},{\"@type\":\"ListItem\",\"position\":4,\"name\":\"karriere blog\"}]},{\"@type\":\"WebSite\",\"@id\":\"https:\\\/\\\/www.cometis.de\\\/de\\\/#website\",\"url\":\"https:\\\/\\\/www.cometis.de\\\/de\\\/\",\"name\":\"cometis AG\",\"description\":\"Deutschlands f\u00fchrende Investor Relations Agentur\",\"publisher\":{\"@id\":\"https:\\\/\\\/www.cometis.de\\\/de\\\/#organization\"},\"potentialAction\":[{\"@type\":\"SearchAction\",\"target\":{\"@type\":\"EntryPoint\",\"urlTemplate\":\"https:\\\/\\\/www.cometis.de\\\/de\\\/?s={search_term_string}\"},\"query-input\":{\"@type\":\"PropertyValueSpecification\",\"valueRequired\":true,\"valueName\":\"search_term_string\"}}],\"inLanguage\":\"de\"},{\"@type\":\"Organization\",\"@id\":\"https:\\\/\\\/www.cometis.de\\\/de\\\/#organization\",\"name\":\"cometis AG\",\"alternateName\":\"Deutschlands f\u00fchrende Investor Relations Agentur\",\"url\":\"https:\\\/\\\/www.cometis.de\\\/de\\\/\",\"logo\":{\"@type\":\"ImageObject\",\"inLanguage\":\"de\",\"@id\":\"https:\\\/\\\/www.cometis.de\\\/de\\\/#\\\/schema\\\/logo\\\/image\\\/\",\"url\":\"https:\\\/\\\/www.cometis.de\\\/wp-content\\\/uploads\\\/2024\\\/12-old\\\/Cometis-Mobile-Logo-1.png\",\"contentUrl\":\"https:\\\/\\\/www.cometis.de\\\/wp-content\\\/uploads\\\/2024\\\/12-old\\\/Cometis-Mobile-Logo-1.png\",\"width\":171,\"height\":31,\"caption\":\"cometis AG\"},\"image\":{\"@id\":\"https:\\\/\\\/www.cometis.de\\\/de\\\/#\\\/schema\\\/logo\\\/image\\\/\"},\"sameAs\":[\"https:\\\/\\\/www.linkedin.com\\\/company\\\/cometis-ag\\\/\",\"https:\\\/\\\/www.youtube.com\\\/user\\\/cometisAG\"]}]}<\/script>\n<!-- \/ Yoast SEO Premium plugin. -->","yoast_head_json":{"title":"karriere blog - cometis AG","description":"In unserem Karriereblog finden Sie Erfahrungsberichte unserer Mitarbeiter:innen und k\u00f6nnen hinter die Kulissen der cometis AG blicken.","robots":{"index":"index","follow":"follow","max-snippet":"max-snippet:-1","max-image-preview":"max-image-preview:large","max-video-preview":"max-video-preview:-1"},"canonical":"https:\/\/www.cometis.de\/de\/cometis-ag\/karriere\/karriere-blog\/","og_locale":"de_DE","og_type":"article","og_title":"karriere blog","og_description":"In unserem Karriereblog finden Sie Erfahrungsberichte unserer Mitarbeiter:innen und k\u00f6nnen hinter die Kulissen der cometis AG blicken.","og_url":"https:\/\/www.cometis.de\/de\/cometis-ag\/karriere\/karriere-blog\/","og_site_name":"cometis AG","article_modified_time":"2025-01-30T05:18:21+00:00","og_image":[{"width":171,"height":31,"url":"https:\/\/www.cometis.de\/wp-content\/uploads\/2024\/12-old\/Cometis-Mobile-Logo-1.png","type":"image\/png"}],"twitter_card":"summary_large_image","twitter_misc":{"Gesch\u00e4tzte Lesezeit":"1\u00a0Minute"},"schema":{"@context":"https:\/\/schema.org","@graph":[{"@type":"WebPage","@id":"https:\/\/www.cometis.de\/de\/cometis-ag\/karriere\/karriere-blog\/","url":"https:\/\/www.cometis.de\/de\/cometis-ag\/karriere\/karriere-blog\/","name":"karriere blog - cometis AG","isPartOf":{"@id":"https:\/\/www.cometis.de\/de\/#website"},"datePublished":"2025-01-07T12:18:21+00:00","dateModified":"2025-01-30T05:18:21+00:00","description":"In unserem Karriereblog finden Sie Erfahrungsberichte unserer Mitarbeiter:innen und k\u00f6nnen hinter die Kulissen der cometis AG blicken.","breadcrumb":{"@id":"https:\/\/www.cometis.de\/de\/cometis-ag\/karriere\/karriere-blog\/#breadcrumb"},"inLanguage":"de","potentialAction":[{"@type":"ReadAction","target":["https:\/\/www.cometis.de\/de\/cometis-ag\/karriere\/karriere-blog\/"]}]},{"@type":"BreadcrumbList","@id":"https:\/\/www.cometis.de\/de\/cometis-ag\/karriere\/karriere-blog\/#breadcrumb","itemListElement":[{"@type":"ListItem","position":1,"name":"Home","item":"https:\/\/www.cometis.de\/de\/"},{"@type":"ListItem","position":2,"name":"About","item":"https:\/\/www.cometis.de\/de\/cometis-ag\/"},{"@type":"ListItem","position":3,"name":"Karriere","item":"https:\/\/www.cometis.de\/de\/?page_id=1467"},{"@type":"ListItem","position":4,"name":"karriere blog"}]},{"@type":"WebSite","@id":"https:\/\/www.cometis.de\/de\/#website","url":"https:\/\/www.cometis.de\/de\/","name":"cometis AG","description":"Deutschlands f\u00fchrende Investor Relations Agentur","publisher":{"@id":"https:\/\/www.cometis.de\/de\/#organization"},"potentialAction":[{"@type":"SearchAction","target":{"@type":"EntryPoint","urlTemplate":"https:\/\/www.cometis.de\/de\/?s={search_term_string}"},"query-input":{"@type":"PropertyValueSpecification","valueRequired":true,"valueName":"search_term_string"}}],"inLanguage":"de"},{"@type":"Organization","@id":"https:\/\/www.cometis.de\/de\/#organization","name":"cometis AG","alternateName":"Deutschlands f\u00fchrende Investor Relations Agentur","url":"https:\/\/www.cometis.de\/de\/","logo":{"@type":"ImageObject","inLanguage":"de","@id":"https:\/\/www.cometis.de\/de\/#\/schema\/logo\/image\/","url":"https:\/\/www.cometis.de\/wp-content\/uploads\/2024\/12-old\/Cometis-Mobile-Logo-1.png","contentUrl":"https:\/\/www.cometis.de\/wp-content\/uploads\/2024\/12-old\/Cometis-Mobile-Logo-1.png","width":171,"height":31,"caption":"cometis AG"},"image":{"@id":"https:\/\/www.cometis.de\/de\/#\/schema\/logo\/image\/"},"sameAs":["https:\/\/www.linkedin.com\/company\/cometis-ag\/","https:\/\/www.youtube.com\/user\/cometisAG"]}]}},"_links":{"self":[{"href":"https:\/\/www.cometis.de\/de\/wp-json\/wp\/v2\/pages\/2007","targetHints":{"allow":["GET"]}}],"collection":[{"href":"https:\/\/www.cometis.de\/de\/wp-json\/wp\/v2\/pages"}],"about":[{"href":"https:\/\/www.cometis.de\/de\/wp-json\/wp\/v2\/types\/page"}],"author":[{"embeddable":true,"href":"https:\/\/www.cometis.de\/de\/wp-json\/wp\/v2\/users\/1"}],"replies":[{"embeddable":true,"href":"https:\/\/www.cometis.de\/de\/wp-json\/wp\/v2\/comments?post=2007"}],"version-history":[{"count":0,"href":"https:\/\/www.cometis.de\/de\/wp-json\/wp\/v2\/pages\/2007\/revisions"}],"up":[{"embeddable":true,"href":"https:\/\/www.cometis.de\/de\/wp-json\/wp\/v2\/pages\/1467"}],"wp:attachment":[{"href":"https:\/\/www.cometis.de\/de\/wp-json\/wp\/v2\/media?parent=2007"}],"curies":[{"name":"wp","href":"https:\/\/api.w.org\/{rel}","templated":true}]}}