{"id":2192,"date":"2025-01-09T07:58:41","date_gmt":"2025-01-09T06:58:41","guid":{"rendered":"https:\/\/cometis.de\/?page_id=2192"},"modified":"2025-06-05T15:44:14","modified_gmt":"2025-06-05T13:44:14","slug":"newsroom","status":"publish","type":"page","link":"https:\/\/www.cometis.de\/de\/newsroom\/","title":{"rendered":"Newsroom"},"content":{"rendered":"\t\t<div data-elementor-type=\"wp-page\" data-elementor-id=\"2192\" class=\"elementor elementor-2192\" data-elementor-post-type=\"page\">\n\t\t\t\t<div class=\"elementor-element elementor-element-ff3e717 e-flex e-con-boxed e-con e-parent\" data-id=\"ff3e717\" data-element_type=\"container\" data-e-type=\"container\">\n\t\t\t\t\t<div class=\"e-con-inner\">\n\t\t\t\t<div class=\"elementor-element elementor-element-775a9b6 elementor-widget elementor-widget-template\" data-id=\"775a9b6\" data-element_type=\"widget\" data-e-type=\"widget\" data-widget_type=\"template.default\">\n\t\t\t\t<div class=\"elementor-widget-container\">\n\t\t\t\t\t\t\t<div class=\"elementor-template\">\n\t\t\t\t\t<div data-elementor-type=\"section\" data-elementor-id=\"766\" class=\"elementor elementor-766\" data-elementor-post-type=\"elementor_library\">\n\t\t\t<div class=\"elementor-element elementor-element-1f34e34 e-flex e-con-boxed e-con e-parent\" data-id=\"1f34e34\" data-element_type=\"container\" data-e-type=\"container\">\n\t\t\t\t\t<div class=\"e-con-inner\">\n\t\t<div class=\"elementor-element elementor-element-e68c844 e-con-full e-flex e-con e-child\" data-id=\"e68c844\" data-element_type=\"container\" data-e-type=\"container\" data-settings=\"{&quot;background_background&quot;:&quot;classic&quot;}\">\n\t\t\t\t<\/div>\n\t\t<div class=\"elementor-element elementor-element-b7dac6f e-con-full e-flex e-con e-child\" data-id=\"b7dac6f\" data-element_type=\"container\" data-e-type=\"container\">\n\t\t\t\t<div class=\"elementor-element elementor-element-ce54cc3 elementor-align-left elementor-widget elementor-widget-breadcrumbs\" data-id=\"ce54cc3\" data-element_type=\"widget\" data-e-type=\"widget\" data-widget_type=\"breadcrumbs.default\">\n\t\t\t\t<div class=\"elementor-widget-container\">\n\t\t\t\t\t<div id=\"breadcrumbs\"><span><span><a href=\"https:\/\/www.cometis.de\/de\/\">Home<\/a><\/span><\/span><\/div>\t\t\t\t<\/div>\n\t\t\t\t<\/div>\n\t\t\t\t<\/div>\n\t\t\t\t\t<\/div>\n\t\t\t\t<\/div>\n\t\t\t\t<\/div>\n\t\t\t\t<\/div>\n\t\t\t\t\t\t<\/div>\n\t\t\t\t<\/div>\n\t\t\t\t\t<\/div>\n\t\t\t\t<\/div>\n\t\t<div class=\"elementor-element elementor-element-e609e17 cmn-sidebar-content newsroom-common-page e-flex e-con-boxed e-con e-parent\" data-id=\"e609e17\" data-element_type=\"container\" data-e-type=\"container\" data-settings=\"{&quot;background_motion_fx_motion_fx_scrolling&quot;:&quot;yes&quot;,&quot;background_motion_fx_translateY_effect&quot;:&quot;yes&quot;,&quot;background_motion_fx_translateY_speed&quot;:{&quot;unit&quot;:&quot;px&quot;,&quot;size&quot;:2,&quot;sizes&quot;:[]},&quot;background_motion_fx_translateY_direction&quot;:&quot;negative&quot;,&quot;background_background&quot;:&quot;classic&quot;,&quot;background_motion_fx_translateY_affectedRange&quot;:{&quot;unit&quot;:&quot;%&quot;,&quot;size&quot;:&quot;&quot;,&quot;sizes&quot;:{&quot;start&quot;:0,&quot;end&quot;:100}},&quot;background_motion_fx_devices&quot;:[&quot;desktop&quot;,&quot;tablet&quot;,&quot;mobile&quot;]}\">\n\t\t\t\t\t<div class=\"e-con-inner\">\n\t\t<div class=\"elementor-element elementor-element-4cbf810 e-con-full cmn-sidebar-content p-100 pb-0 e-flex e-con e-child\" data-id=\"4cbf810\" data-element_type=\"container\" data-e-type=\"container\">\n\t\t<div class=\"elementor-element elementor-element-f14f2d7 e-con-full cmn-content-box e-flex e-con e-child\" data-id=\"f14f2d7\" data-element_type=\"container\" data-e-type=\"container\">\n\t\t\t\t<div class=\"elementor-element elementor-element-62d14cf elementor-widget elementor-widget-heading\" data-id=\"62d14cf\" data-element_type=\"widget\" data-e-type=\"widget\" data-widget_type=\"heading.default\">\n\t\t\t\t<div class=\"elementor-widget-container\">\n\t\t\t\t\t<h2 class=\"elementor-heading-title elementor-size-default\">Capital Markets &amp; Sustainability News<\/h2>\t\t\t\t<\/div>\n\t\t\t\t<\/div>\n\t\t\t\t<div class=\"elementor-element elementor-element-14bea90 elementor-widget elementor-widget-text-editor\" data-id=\"14bea90\" data-element_type=\"widget\" data-e-type=\"widget\" data-widget_type=\"text-editor.default\">\n\t\t\t\t<div class=\"elementor-widget-container\">\n\t\t\t\t\t\t\t\t\t<p>Informieren Sie sich \u00fcber aktuelle Trends am Kapitalmarkt und zum Thema Nachhaltigkeit. Ebenso finden Sie hier Studien sowie Pressemitteilungen der cometis AG und Neuigkeiten aus unserem Partnernetzwerk \u2013 dem Public Relations Global Network (PRGN).<\/p>\t\t\t\t\t\t\t\t<\/div>\n\t\t\t\t<\/div>\n\t\t\t\t<\/div>\n\t\t\t\t<\/div>\n\t\t<div class=\"elementor-element elementor-element-d71f834 e-con-full cmn-sidebar-content p-100 e-flex e-con e-child\" data-id=\"d71f834\" data-element_type=\"container\" data-e-type=\"container\">\n\t\t\t\t<div class=\"elementor-element elementor-element-77128d6 elementor-widget elementor-widget-shortcode\" data-id=\"77128d6\" data-element_type=\"widget\" data-e-type=\"widget\" data-widget_type=\"shortcode.default\">\n\t\t\t\t<div class=\"elementor-widget-container\">\n\t\t\t\t\t\t\t<div class=\"elementor-shortcode\"><form id=\"newsroom-filter\"><div class=\"newsroom-custom-select-container\"><select id=\"newsroom-year\" data-category-ids=\"88,278\" data-post-type=\"post\" data-posts-per-page=\"6\"><option value=\"\">Alle Zeitr\u00e4ume<\/option><option value=\"2026\">2026<\/option><option value=\"2025\">2025<\/option><option value=\"2023\">2023<\/option><option value=\"2022\">2022<\/option><option value=\"2021\">2021<\/option><option value=\"2020\">2020<\/option><option value=\"2019\">2019<\/option><option value=\"2018\">2018<\/option><option value=\"2017\">2017<\/option><option value=\"2016\">2016<\/option><option value=\"2015\">2015<\/option><option value=\"2014\">2014<\/option><option value=\"2013\">2013<\/option><option value=\"2012\">2012<\/option><\/select><span class=\"custom-arrow\"><\/span><\/div><div class=\"newsroom-custom-select-container\"><select id=\"newsroom-category\"><option value=\"\">Alle Kategorien<\/option><option value=\"278\">ESG-Friday<\/option><option value=\"88\">News<\/option><\/select><span class=\"custom-arrow\"><\/span><\/div><\/form><div id=\"newsroom-posts-container\"><div class=\"newsroom-posts-container\"><div class=\"newsroom-item\"><div class=\"newsroom-image-container\"><a href=\"https:\/\/www.cometis.de\/de\/wie-unternehmen-ihre-finanz-pr-in-zeiten-von-ki-erfolgreich-gestalten\/\"><img decoding=\"async\" class=\"newsroom-image\" src=\"https:\/\/www.cometis.de\/wp-content\/uploads\/2025\/03\/icon_blog_post.webp\" alt=\"Wie Unternehmen ihre Finanz-PR in Zeiten von KI erfolgreich gestalten\"><\/a><\/div><div class=\"newsroom-content\"><h3 class=\"newsroom-title\"><a href=\"https:\/\/www.cometis.de\/de\/wie-unternehmen-ihre-finanz-pr-in-zeiten-von-ki-erfolgreich-gestalten\/\">Wie Unternehmen ihre Finanz-PR in Zeiten von KI erfolgreich gestalten<\/a><\/h3><div class=\"newsroom-date\"><a href=\"https:\/\/www.cometis.de\/de\/wie-unternehmen-ihre-finanz-pr-in-zeiten-von-ki-erfolgreich-gestalten\/\">19.03.2026<\/a><\/div><p class=\"newsroom-excerpt\"><a href=\"https:\/\/www.cometis.de\/de\/wie-unternehmen-ihre-finanz-pr-in-zeiten-von-ki-erfolgreich-gestalten\/\">Die Frage ist nicht, ob K\u00fcnstliche Intelligenz die Finanzkommunikation ver\u00e4ndert, sondern wer diese Ver\u00e4nderung aktiv gestaltet \u2013 und wer von ihr g...<\/a><\/p><a href=\"https:\/\/www.cometis.de\/de\/wie-unternehmen-ihre-finanz-pr-in-zeiten-von-ki-erfolgreich-gestalten\/\" class=\"newsroom-read-more\">Ansehen<\/a><\/div><\/div><div class=\"newsroom-item\"><div class=\"newsroom-image-container\"><a href=\"https:\/\/www.cometis.de\/de\/drei-gruende-fuer-die-wachsende-bedeutung-einer-starken-equity-story\/\"><img decoding=\"async\" class=\"newsroom-image\" src=\"https:\/\/www.cometis.de\/wp-content\/uploads\/2025\/03\/icon_blog_post.webp\" alt=\"Drei Gr\u00fcnde f\u00fcr die wachsende Bedeutung einer starken Equity Story\"><\/a><\/div><div class=\"newsroom-content\"><h3 class=\"newsroom-title\"><a href=\"https:\/\/www.cometis.de\/de\/drei-gruende-fuer-die-wachsende-bedeutung-einer-starken-equity-story\/\">Drei Gr\u00fcnde f\u00fcr die wachsende Bedeutung einer starken Equity Story<\/a><\/h3><div class=\"newsroom-date\"><a href=\"https:\/\/www.cometis.de\/de\/drei-gruende-fuer-die-wachsende-bedeutung-einer-starken-equity-story\/\">12.01.2026<\/a><\/div><p class=\"newsroom-excerpt\"><a href=\"https:\/\/www.cometis.de\/de\/drei-gruende-fuer-die-wachsende-bedeutung-einer-starken-equity-story\/\">Die Equity Story ist das Herzst\u00fcck der Finanzmarktkommunikation b\u00f6rsennotierter Unternehmen. Sie bringt die Investment Highlights und Alleinstellun...<\/a><\/p><a href=\"https:\/\/www.cometis.de\/de\/drei-gruende-fuer-die-wachsende-bedeutung-einer-starken-equity-story\/\" class=\"newsroom-read-more\">Ansehen<\/a><\/div><\/div><div class=\"newsroom-item\"><div class=\"newsroom-image-container\"><a href=\"https:\/\/www.cometis.de\/de\/drei-gruende-fuer-die-steigende-relevanz-von-esg-ratings-am-kapitalmarkt\/\"><img decoding=\"async\" class=\"newsroom-image\" src=\"https:\/\/www.cometis.de\/wp-content\/uploads\/2025\/03\/icon_blog_post.webp\" alt=\"Drei Gr\u00fcnde f\u00fcr die steigende Relevanz von ESG-Ratings am Kapitalmarkt\"><\/a><\/div><div class=\"newsroom-content\"><h3 class=\"newsroom-title\"><a href=\"https:\/\/www.cometis.de\/de\/drei-gruende-fuer-die-steigende-relevanz-von-esg-ratings-am-kapitalmarkt\/\">Drei Gr\u00fcnde f\u00fcr die steigende Relevanz von ESG-Ratings am Kapitalmarkt<\/a><\/h3><div class=\"newsroom-date\"><a href=\"https:\/\/www.cometis.de\/de\/drei-gruende-fuer-die-steigende-relevanz-von-esg-ratings-am-kapitalmarkt\/\">22.12.2025<\/a><\/div><p class=\"newsroom-excerpt\"><a href=\"https:\/\/www.cometis.de\/de\/drei-gruende-fuer-die-steigende-relevanz-von-esg-ratings-am-kapitalmarkt\/\">ESG-Ratings bewerten die Nachhaltigkeitsperformance und Nachhaltigkeitsrisiken von Unternehmen. Sie verdichten die zugeh\u00f6rigen Informationen zu ein...<\/a><\/p><a href=\"https:\/\/www.cometis.de\/de\/drei-gruende-fuer-die-steigende-relevanz-von-esg-ratings-am-kapitalmarkt\/\" class=\"newsroom-read-more\">Ansehen<\/a><\/div><\/div><div class=\"newsroom-item\"><div class=\"newsroom-image-container\"><a href=\"https:\/\/www.cometis.de\/de\/vom-hoffnungstraeger-zum-buerokratieverdacht-was-sie-ueber-die-aktuellen-aenderungen-zum-lieferkettengesetz-wissen-muessen\/\"><img decoding=\"async\" class=\"newsroom-image\" src=\"https:\/\/www.cometis.de\/wp-content\/uploads\/2025\/03\/icon_blog_post.webp\" alt=\"Vom Hoffnungstr\u00e4ger zum B\u00fcrokratieverdacht: Was Sie \u00fcber die aktuellen \u00c4nderungen zum Lieferkettengesetz wissen m\u00fcssen\"><\/a><\/div><div class=\"newsroom-content\"><h3 class=\"newsroom-title\"><a href=\"https:\/\/www.cometis.de\/de\/vom-hoffnungstraeger-zum-buerokratieverdacht-was-sie-ueber-die-aktuellen-aenderungen-zum-lieferkettengesetz-wissen-muessen\/\">Vom Hoffnungstr\u00e4ger zum B\u00fcrokratieverdacht: Was Sie \u00fcber die aktuellen \u00c4nderungen zum Lieferkettengesetz wissen m\u00fcssen<\/a><\/h3><div class=\"newsroom-date\"><a href=\"https:\/\/www.cometis.de\/de\/vom-hoffnungstraeger-zum-buerokratieverdacht-was-sie-ueber-die-aktuellen-aenderungen-zum-lieferkettengesetz-wissen-muessen\/\">10.09.2025<\/a><\/div><p class=\"newsroom-excerpt\"><a href=\"https:\/\/www.cometis.de\/de\/vom-hoffnungstraeger-zum-buerokratieverdacht-was-sie-ueber-die-aktuellen-aenderungen-zum-lieferkettengesetz-wissen-muessen\/\">Deutschland hat geliefert:\u00a0Am\u00a03. September 2025\u00a0hat das Bundeskabinett den Regierungsentwurf zur Umsetzung der CSRD beschlossen. Aber: Der\u00a0Green De...<\/a><\/p><a href=\"https:\/\/www.cometis.de\/de\/vom-hoffnungstraeger-zum-buerokratieverdacht-was-sie-ueber-die-aktuellen-aenderungen-zum-lieferkettengesetz-wissen-muessen\/\" class=\"newsroom-read-more\">Ansehen<\/a><\/div><\/div><div class=\"newsroom-item\"><div class=\"newsroom-image-container\"><a href=\"https:\/\/www.cometis.de\/de\/csrd-draft-germany-resilience-key-companies\/\"><img decoding=\"async\" class=\"newsroom-image\" src=\"https:\/\/www.cometis.de\/wp-content\/uploads\/2025\/03\/icon_blog_post.webp\" alt=\"Resilienz statt R\u00fcckzug: Was der deutsche CSRD-Regierungsentwurf jetzt f\u00fcr unternehmen bedeutet\"><\/a><\/div><div class=\"newsroom-content\"><h3 class=\"newsroom-title\"><a href=\"https:\/\/www.cometis.de\/de\/csrd-draft-germany-resilience-key-companies\/\">Resilienz statt R\u00fcckzug: Was der deutsche CSRD-Regierungsentwurf jetzt f\u00fcr unternehmen bedeutet<\/a><\/h3><div class=\"newsroom-date\"><a href=\"https:\/\/www.cometis.de\/de\/csrd-draft-germany-resilience-key-companies\/\">04.09.2025<\/a><\/div><p class=\"newsroom-excerpt\"><a href=\"https:\/\/www.cometis.de\/de\/csrd-draft-germany-resilience-key-companies\/\">Deutschland hat geliefert:\u00a0Am\u00a03. September 2025\u00a0hat das Bundeskabinett den Regierungsentwurf zur Umsetzung der CSRD beschlossen. Aber: Der\u00a0Green De...<\/a><\/p><a href=\"https:\/\/www.cometis.de\/de\/csrd-draft-germany-resilience-key-companies\/\" class=\"newsroom-read-more\">Ansehen<\/a><\/div><\/div><div class=\"newsroom-item\"><div class=\"newsroom-image-container\"><a href=\"https:\/\/www.cometis.de\/de\/kommunikationsstrategien-bei-feindlichen-uebernahmen\/\"><img decoding=\"async\" class=\"newsroom-image\" src=\"https:\/\/www.cometis.de\/wp-content\/uploads\/2025\/03\/icon_blog_post.webp\" alt=\"KOMMUNIKATIONSSTRATEGIEN BEI FEINDLICHEN \u00dcBERNAHMEN\"><\/a><\/div><div class=\"newsroom-content\"><h3 class=\"newsroom-title\"><a href=\"https:\/\/www.cometis.de\/de\/kommunikationsstrategien-bei-feindlichen-uebernahmen\/\">KOMMUNIKATIONSSTRATEGIEN BEI FEINDLICHEN \u00dcBERNAHMEN<\/a><\/h3><div class=\"newsroom-date\"><a href=\"https:\/\/www.cometis.de\/de\/kommunikationsstrategien-bei-feindlichen-uebernahmen\/\">04.08.2025<\/a><\/div><p class=\"newsroom-excerpt\"><a href=\"https:\/\/www.cometis.de\/de\/kommunikationsstrategien-bei-feindlichen-uebernahmen\/\">Bei gescheiterten \u00dcbernahmeversuchen ist eine professionelle Reaktion umso wichtiger. Beachten Sie diese 5 Aspekte, um auch in der Krise souver\u00e4n z...<\/a><\/p><a href=\"https:\/\/www.cometis.de\/de\/kommunikationsstrategien-bei-feindlichen-uebernahmen\/\" class=\"newsroom-read-more\">Ansehen<\/a><\/div><\/div><\/div><div class=\"newsroom-pagination\"><ul><li><a href=\"#\" class=\"pagination-page active\" data-page=\"1\">1<\/a><\/li><li><a href=\"#\" class=\"pagination-page \" data-page=\"2\">2<\/a><\/li><li><a href=\"#\" class=\"pagination-page \" data-page=\"3\">3<\/a><\/li><li><a href=\"#\" class=\"pagination-page \" data-page=\"4\">4<\/a><\/li><li><a href=\"#\" class=\"pagination-page \" data-page=\"5\">5<\/a><\/li><li><a href=\"#\" class=\"pagination-next\" data-page=\"2\">&gt;<\/a><\/li><\/ul><\/div><\/div>\n<\/div>\n\t\t\t\t\t\t<\/div>\n\t\t\t\t<\/div>\n\t\t\t\t<\/div>\n\t\t\t\t\t<\/div>\n\t\t\t\t<\/div>\n\t\t\t\t<\/div>\n\t\t","protected":false},"excerpt":{"rendered":"<p>Capital Markets &#038; Sustainability News Informieren Sie sich \u00fcber aktuelle Trends am Kapitalmarkt und zum Thema Nachhaltigkeit. Ebenso finden Sie hier Studien sowie Pressemitteilungen der cometis AG und Neuigkeiten aus unserem Partnernetzwerk \u2013 dem Public Relations Global Network (PRGN).<\/p>\n","protected":false},"author":1,"featured_media":0,"parent":0,"menu_order":0,"comment_status":"closed","ping_status":"open","template":"","meta":{"_acf_changed":false,"footnotes":""},"class_list":["post-2192","page","type-page","status-publish","hentry"],"acf":[],"yoast_head":"<!-- This site is optimized with the Yoast SEO Premium plugin v26.2 (Yoast SEO v27.4) - https:\/\/yoast.com\/product\/yoast-seo-premium-wordpress\/ -->\n<title>News - die neusten Mitteilungen und Studien auf einen Blick | cometis AG<\/title>\n<meta name=\"description\" content=\"Der News Blog der cometis AG. Informieren Sie sich hier \u00fcber die aktuellsten News und Studien der cometis AG und unserem globalen PR-Netzwerk PRGN.\" \/>\n<meta name=\"robots\" content=\"index, follow, max-snippet:-1, max-image-preview:large, max-video-preview:-1\" \/>\n<link rel=\"canonical\" href=\"https:\/\/www.cometis.de\/de\/newsroom\/\" \/>\n<meta property=\"og:locale\" content=\"de_DE\" \/>\n<meta property=\"og:type\" content=\"article\" \/>\n<meta property=\"og:title\" content=\"Newsroom\" \/>\n<meta property=\"og:description\" content=\"Der News Blog der cometis AG. Informieren Sie sich hier \u00fcber die aktuellsten News und Studien der cometis AG und unserem globalen PR-Netzwerk PRGN.\" \/>\n<meta property=\"og:url\" content=\"https:\/\/www.cometis.de\/de\/newsroom\/\" \/>\n<meta property=\"og:site_name\" content=\"cometis AG\" \/>\n<meta property=\"article:modified_time\" content=\"2025-06-05T13:44:14+00:00\" \/>\n<meta property=\"og:image\" content=\"https:\/\/www.cometis.de\/wp-content\/uploads\/2024\/12-old\/Cometis-Mobile-Logo-1.png\" \/>\n\t<meta property=\"og:image:width\" content=\"171\" \/>\n\t<meta property=\"og:image:height\" content=\"31\" \/>\n\t<meta property=\"og:image:type\" content=\"image\/png\" \/>\n<meta name=\"twitter:card\" content=\"summary_large_image\" \/>\n<meta name=\"twitter:label1\" content=\"Gesch\u00e4tzte Lesezeit\" \/>\n\t<meta name=\"twitter:data1\" content=\"1\u00a0Minute\" \/>\n<script type=\"application\/ld+json\" class=\"yoast-schema-graph\">{\"@context\":\"https:\\\/\\\/schema.org\",\"@graph\":[{\"@type\":\"WebPage\",\"@id\":\"https:\\\/\\\/www.cometis.de\\\/de\\\/newsroom\\\/\",\"url\":\"https:\\\/\\\/www.cometis.de\\\/de\\\/newsroom\\\/\",\"name\":\"News - die neusten Mitteilungen und Studien auf einen Blick | cometis AG\",\"isPartOf\":{\"@id\":\"https:\\\/\\\/www.cometis.de\\\/de\\\/#website\"},\"datePublished\":\"2025-01-09T06:58:41+00:00\",\"dateModified\":\"2025-06-05T13:44:14+00:00\",\"description\":\"Der News Blog der cometis AG. Informieren Sie sich hier \u00fcber die aktuellsten News und Studien der cometis AG und unserem globalen PR-Netzwerk PRGN.\",\"breadcrumb\":{\"@id\":\"https:\\\/\\\/www.cometis.de\\\/de\\\/newsroom\\\/#breadcrumb\"},\"inLanguage\":\"de\",\"potentialAction\":[{\"@type\":\"ReadAction\",\"target\":[\"https:\\\/\\\/www.cometis.de\\\/de\\\/newsroom\\\/\"]}]},{\"@type\":\"BreadcrumbList\",\"@id\":\"https:\\\/\\\/www.cometis.de\\\/de\\\/newsroom\\\/#breadcrumb\",\"itemListElement\":[{\"@type\":\"ListItem\",\"position\":1,\"name\":\"Home\",\"item\":\"https:\\\/\\\/www.cometis.de\\\/de\\\/\"},{\"@type\":\"ListItem\",\"position\":2,\"name\":\"Newsroom\"}]},{\"@type\":\"WebSite\",\"@id\":\"https:\\\/\\\/www.cometis.de\\\/de\\\/#website\",\"url\":\"https:\\\/\\\/www.cometis.de\\\/de\\\/\",\"name\":\"cometis AG\",\"description\":\"Deutschlands f\u00fchrende Investor Relations Agentur\",\"publisher\":{\"@id\":\"https:\\\/\\\/www.cometis.de\\\/de\\\/#organization\"},\"potentialAction\":[{\"@type\":\"SearchAction\",\"target\":{\"@type\":\"EntryPoint\",\"urlTemplate\":\"https:\\\/\\\/www.cometis.de\\\/de\\\/?s={search_term_string}\"},\"query-input\":{\"@type\":\"PropertyValueSpecification\",\"valueRequired\":true,\"valueName\":\"search_term_string\"}}],\"inLanguage\":\"de\"},{\"@type\":\"Organization\",\"@id\":\"https:\\\/\\\/www.cometis.de\\\/de\\\/#organization\",\"name\":\"cometis AG\",\"alternateName\":\"Deutschlands f\u00fchrende Investor Relations Agentur\",\"url\":\"https:\\\/\\\/www.cometis.de\\\/de\\\/\",\"logo\":{\"@type\":\"ImageObject\",\"inLanguage\":\"de\",\"@id\":\"https:\\\/\\\/www.cometis.de\\\/de\\\/#\\\/schema\\\/logo\\\/image\\\/\",\"url\":\"https:\\\/\\\/www.cometis.de\\\/wp-content\\\/uploads\\\/2024\\\/12-old\\\/Cometis-Mobile-Logo-1.png\",\"contentUrl\":\"https:\\\/\\\/www.cometis.de\\\/wp-content\\\/uploads\\\/2024\\\/12-old\\\/Cometis-Mobile-Logo-1.png\",\"width\":171,\"height\":31,\"caption\":\"cometis AG\"},\"image\":{\"@id\":\"https:\\\/\\\/www.cometis.de\\\/de\\\/#\\\/schema\\\/logo\\\/image\\\/\"},\"sameAs\":[\"https:\\\/\\\/www.linkedin.com\\\/company\\\/cometis-ag\\\/\",\"https:\\\/\\\/www.youtube.com\\\/user\\\/cometisAG\"]}]}<\/script>\n<!-- \/ Yoast SEO Premium plugin. -->","yoast_head_json":{"title":"News - die neusten Mitteilungen und Studien auf einen Blick | cometis AG","description":"Der News Blog der cometis AG. Informieren Sie sich hier \u00fcber die aktuellsten News und Studien der cometis AG und unserem globalen PR-Netzwerk PRGN.","robots":{"index":"index","follow":"follow","max-snippet":"max-snippet:-1","max-image-preview":"max-image-preview:large","max-video-preview":"max-video-preview:-1"},"canonical":"https:\/\/www.cometis.de\/de\/newsroom\/","og_locale":"de_DE","og_type":"article","og_title":"Newsroom","og_description":"Der News Blog der cometis AG. Informieren Sie sich hier \u00fcber die aktuellsten News und Studien der cometis AG und unserem globalen PR-Netzwerk PRGN.","og_url":"https:\/\/www.cometis.de\/de\/newsroom\/","og_site_name":"cometis AG","article_modified_time":"2025-06-05T13:44:14+00:00","og_image":[{"width":171,"height":31,"url":"https:\/\/www.cometis.de\/wp-content\/uploads\/2024\/12-old\/Cometis-Mobile-Logo-1.png","type":"image\/png"}],"twitter_card":"summary_large_image","twitter_misc":{"Gesch\u00e4tzte Lesezeit":"1\u00a0Minute"},"schema":{"@context":"https:\/\/schema.org","@graph":[{"@type":"WebPage","@id":"https:\/\/www.cometis.de\/de\/newsroom\/","url":"https:\/\/www.cometis.de\/de\/newsroom\/","name":"News - die neusten Mitteilungen und Studien auf einen Blick | cometis AG","isPartOf":{"@id":"https:\/\/www.cometis.de\/de\/#website"},"datePublished":"2025-01-09T06:58:41+00:00","dateModified":"2025-06-05T13:44:14+00:00","description":"Der News Blog der cometis AG. Informieren Sie sich hier \u00fcber die aktuellsten News und Studien der cometis AG und unserem globalen PR-Netzwerk PRGN.","breadcrumb":{"@id":"https:\/\/www.cometis.de\/de\/newsroom\/#breadcrumb"},"inLanguage":"de","potentialAction":[{"@type":"ReadAction","target":["https:\/\/www.cometis.de\/de\/newsroom\/"]}]},{"@type":"BreadcrumbList","@id":"https:\/\/www.cometis.de\/de\/newsroom\/#breadcrumb","itemListElement":[{"@type":"ListItem","position":1,"name":"Home","item":"https:\/\/www.cometis.de\/de\/"},{"@type":"ListItem","position":2,"name":"Newsroom"}]},{"@type":"WebSite","@id":"https:\/\/www.cometis.de\/de\/#website","url":"https:\/\/www.cometis.de\/de\/","name":"cometis AG","description":"Deutschlands f\u00fchrende Investor Relations Agentur","publisher":{"@id":"https:\/\/www.cometis.de\/de\/#organization"},"potentialAction":[{"@type":"SearchAction","target":{"@type":"EntryPoint","urlTemplate":"https:\/\/www.cometis.de\/de\/?s={search_term_string}"},"query-input":{"@type":"PropertyValueSpecification","valueRequired":true,"valueName":"search_term_string"}}],"inLanguage":"de"},{"@type":"Organization","@id":"https:\/\/www.cometis.de\/de\/#organization","name":"cometis AG","alternateName":"Deutschlands f\u00fchrende Investor Relations Agentur","url":"https:\/\/www.cometis.de\/de\/","logo":{"@type":"ImageObject","inLanguage":"de","@id":"https:\/\/www.cometis.de\/de\/#\/schema\/logo\/image\/","url":"https:\/\/www.cometis.de\/wp-content\/uploads\/2024\/12-old\/Cometis-Mobile-Logo-1.png","contentUrl":"https:\/\/www.cometis.de\/wp-content\/uploads\/2024\/12-old\/Cometis-Mobile-Logo-1.png","width":171,"height":31,"caption":"cometis AG"},"image":{"@id":"https:\/\/www.cometis.de\/de\/#\/schema\/logo\/image\/"},"sameAs":["https:\/\/www.linkedin.com\/company\/cometis-ag\/","https:\/\/www.youtube.com\/user\/cometisAG"]}]}},"_links":{"self":[{"href":"https:\/\/www.cometis.de\/de\/wp-json\/wp\/v2\/pages\/2192","targetHints":{"allow":["GET"]}}],"collection":[{"href":"https:\/\/www.cometis.de\/de\/wp-json\/wp\/v2\/pages"}],"about":[{"href":"https:\/\/www.cometis.de\/de\/wp-json\/wp\/v2\/types\/page"}],"author":[{"embeddable":true,"href":"https:\/\/www.cometis.de\/de\/wp-json\/wp\/v2\/users\/1"}],"replies":[{"embeddable":true,"href":"https:\/\/www.cometis.de\/de\/wp-json\/wp\/v2\/comments?post=2192"}],"version-history":[{"count":4,"href":"https:\/\/www.cometis.de\/de\/wp-json\/wp\/v2\/pages\/2192\/revisions"}],"predecessor-version":[{"id":109342,"href":"https:\/\/www.cometis.de\/de\/wp-json\/wp\/v2\/pages\/2192\/revisions\/109342"}],"wp:attachment":[{"href":"https:\/\/www.cometis.de\/de\/wp-json\/wp\/v2\/media?parent=2192"}],"curies":[{"name":"wp","href":"https:\/\/api.w.org\/{rel}","templated":true}]}}