{"id":2603,"date":"2025-01-13T06:41:11","date_gmt":"2025-01-13T05:41:11","guid":{"rendered":"https:\/\/cometis.de\/?page_id=2603"},"modified":"2025-02-17T14:16:41","modified_gmt":"2025-02-17T13:16:41","slug":"archive","status":"publish","type":"page","link":"https:\/\/www.cometis.de\/de\/archive\/","title":{"rendered":"Event Archiv"},"content":{"rendered":"\t\t<div data-elementor-type=\"wp-page\" data-elementor-id=\"2603\" class=\"elementor elementor-2603\" data-elementor-post-type=\"page\">\n\t\t\t\t<div class=\"elementor-element elementor-element-9d9d125 e-flex e-con-boxed e-con e-parent\" data-id=\"9d9d125\" data-element_type=\"container\" data-e-type=\"container\">\n\t\t\t\t\t<div class=\"e-con-inner\">\n\t\t\t\t<div class=\"elementor-element elementor-element-6e63c45 elementor-widget elementor-widget-template\" data-id=\"6e63c45\" data-element_type=\"widget\" data-e-type=\"widget\" data-widget_type=\"template.default\">\n\t\t\t\t<div class=\"elementor-widget-container\">\n\t\t\t\t\t\t\t<div class=\"elementor-template\">\n\t\t\t\t\t<div data-elementor-type=\"section\" data-elementor-id=\"766\" class=\"elementor elementor-766\" data-elementor-post-type=\"elementor_library\">\n\t\t\t<div class=\"elementor-element elementor-element-1f34e34 e-flex e-con-boxed e-con e-parent\" data-id=\"1f34e34\" data-element_type=\"container\" data-e-type=\"container\">\n\t\t\t\t\t<div class=\"e-con-inner\">\n\t\t<div class=\"elementor-element elementor-element-e68c844 e-con-full e-flex e-con e-child\" data-id=\"e68c844\" data-element_type=\"container\" data-e-type=\"container\" data-settings=\"{&quot;background_background&quot;:&quot;classic&quot;}\">\n\t\t\t\t<\/div>\n\t\t<div class=\"elementor-element elementor-element-b7dac6f e-con-full e-flex e-con e-child\" data-id=\"b7dac6f\" data-element_type=\"container\" data-e-type=\"container\">\n\t\t\t\t<div class=\"elementor-element elementor-element-ce54cc3 elementor-align-left elementor-widget elementor-widget-breadcrumbs\" data-id=\"ce54cc3\" data-element_type=\"widget\" data-e-type=\"widget\" data-widget_type=\"breadcrumbs.default\">\n\t\t\t\t<div class=\"elementor-widget-container\">\n\t\t\t\t\t<div id=\"breadcrumbs\"><span><span><a href=\"https:\/\/www.cometis.de\/de\/\">Home<\/a><\/span><\/span><\/div>\t\t\t\t<\/div>\n\t\t\t\t<\/div>\n\t\t\t\t<\/div>\n\t\t\t\t\t<\/div>\n\t\t\t\t<\/div>\n\t\t\t\t<\/div>\n\t\t\t\t<\/div>\n\t\t\t\t\t\t<\/div>\n\t\t\t\t<\/div>\n\t\t\t\t\t<\/div>\n\t\t\t\t<\/div>\n\t\t<div class=\"elementor-element elementor-element-17d0fa1 cmn-sidebar-content archive-common-page e-flex e-con-boxed e-con e-parent\" data-id=\"17d0fa1\" data-element_type=\"container\" data-e-type=\"container\" data-settings=\"{&quot;background_motion_fx_motion_fx_scrolling&quot;:&quot;yes&quot;,&quot;background_motion_fx_translateY_effect&quot;:&quot;yes&quot;,&quot;background_motion_fx_translateY_speed&quot;:{&quot;unit&quot;:&quot;px&quot;,&quot;size&quot;:2,&quot;sizes&quot;:[]},&quot;background_background&quot;:&quot;classic&quot;,&quot;background_motion_fx_translateY_affectedRange&quot;:{&quot;unit&quot;:&quot;%&quot;,&quot;size&quot;:&quot;&quot;,&quot;sizes&quot;:{&quot;start&quot;:0,&quot;end&quot;:100}},&quot;background_motion_fx_devices&quot;:[&quot;desktop&quot;,&quot;tablet&quot;,&quot;mobile&quot;]}\">\n\t\t\t\t\t<div class=\"e-con-inner\">\n\t\t<div class=\"elementor-element elementor-element-c0b36d4 e-con-full cmn-sidebar-content p-100 e-flex e-con e-child\" data-id=\"c0b36d4\" data-element_type=\"container\" data-e-type=\"container\">\n\t\t<div class=\"elementor-element elementor-element-0595dd6 e-con-full cmn-content-box e-flex e-con e-child\" data-id=\"0595dd6\" data-element_type=\"container\" data-e-type=\"container\">\n\t\t\t\t<div class=\"elementor-element elementor-element-f8ab908 elementor-widget elementor-widget-heading\" data-id=\"f8ab908\" data-element_type=\"widget\" data-e-type=\"widget\" data-widget_type=\"heading.default\">\n\t\t\t\t<div class=\"elementor-widget-container\">\n\t\t\t\t\t<h2 class=\"elementor-heading-title elementor-size-default\">Vergangene Events<\/h2>\t\t\t\t<\/div>\n\t\t\t\t<\/div>\n\t\t<div class=\"elementor-element elementor-element-b3dd749 e-con-full cmn-content-box-container e-flex e-con e-child\" data-id=\"b3dd749\" data-element_type=\"container\" data-e-type=\"container\">\n\t\t\t\t<div class=\"elementor-element elementor-element-cee0630 elementor-widget elementor-widget-shortcode\" data-id=\"cee0630\" data-element_type=\"widget\" data-e-type=\"widget\" data-widget_type=\"shortcode.default\">\n\t\t\t\t<div class=\"elementor-widget-container\">\n\t\t\t\t\t\t\t<div class=\"elementor-shortcode\"><div class=\"custom-category-posts-container\"><div class=\"custom-category-post\"><div class=\"custom-post-image\"><img decoding=\"async\" src=\"https:\/\/www.cometis.de\/wp-content\/uploads\/2023\/02\/IR_23_BANNERS_PSD_spring.png\" alt=\"IR23 Spring Edition\"><\/div><h3 class=\"custom-post-title\">IR23 Spring Edition<\/h3><div class=\"custom-post-date\">02.02.23<\/div><div class=\"custom-post-excerpt\">Die IR-Konferenz 2023 wird dieses Jahr ein duales Konferenzformat sein. Anstelle einer Woche werden wir drei Veranstaltungen \u00fcber das Jahr verteilt in verschiedenen deutschen St\u00e4dten durchf\u00fchren. Wir werden 100 % virtuelle Lernsessions organisieren und am Ende des ersten Konferenztages werden...<\/div><a href=\"https:\/\/www.cometis.de\/de\/ir23-spring-edition\/\" class=\"custom-read-more-button\">Ansehen<\/a><\/div><div class=\"custom-category-post\"><div class=\"custom-post-image\"><img decoding=\"async\" src=\"https:\/\/www.cometis.de\/wp-content\/uploads\/2022\/12\/IR_23_BANNERS.png\" alt=\"IR23 Winter Edition\"><\/div><h3 class=\"custom-post-title\">IR23 Winter Edition<\/h3><div class=\"custom-post-date\">30.12.22<\/div><div class=\"custom-post-excerpt\">Die IR-Konferenz 2023 wird dieses Jahr ein duales Konferenzformat sein. Anstelle einer Woche werden wir drei Veranstaltungen \u00fcber das Jahr verteilt in verschiedenen deutschen St\u00e4dten durchf\u00fchren. Wir werden 100 % virtuelle Lernsessions organisieren und am Ende des ersten Konferenztages werden...<\/div><a href=\"https:\/\/www.cometis.de\/de\/ir-winter-edition\/\" class=\"custom-read-more-button\">Ansehen<\/a><\/div><div class=\"custom-category-post\"><div class=\"custom-post-image\"><img decoding=\"async\" src=\"https:\/\/www.cometis.de\/wp-content\/uploads\/2022\/02\/Image-41.jpg\" alt=\"IR 2022 \u2013 Virtual Week\"><\/div><h3 class=\"custom-post-title\">IR 2022 \u2013 Virtual Week<\/h3><div class=\"custom-post-date\">27.01.22<\/div><div class=\"custom-post-excerpt\">F\u00fcnf Tage und ein hochkar\u00e4tig besetztes Speaker-Programm lassen auch 2022 keine W\u00fcnsche offen. Von ShareID bis ESG, von Shareholder bis Stakeholder, von gegenw\u00e4rtigen Fragestellungen bis zu den Trends von morgen \u2013 lassen Sie sich inspirieren. Das vollst\u00e4ndige Programm finden Sie...<\/div><a href=\"https:\/\/www.cometis.de\/de\/ir-2022-virtual-week\/\" class=\"custom-read-more-button\">Ansehen<\/a><\/div><div class=\"custom-category-post\"><div class=\"custom-post-image\"><img decoding=\"async\" src=\"https:\/\/www.cometis.de\/wp-content\/uploads\/2022\/05\/Header_banner_1904px_201023_Zeichenfl__che_11.jpg\" alt=\"IR 2021 &#8211; VIRTUAL WEEK\"><\/div><h3 class=\"custom-post-title\">IR 2021 &#8211; VIRTUAL WEEK<\/h3><div class=\"custom-post-date\">25.01.21<\/div><div class=\"custom-post-excerpt\">Die Corona-Pandemie hatte 2021 auch starke Auswirkungen auf unsere IR Konferenz. Erstmals fand sie in der digitalen Welt statt \u2013 daher versuchten wir direkt, die sich dadurch ergebenden M\u00f6glichkeiten bestm\u00f6glich zu nutzen. Aus einem Tag machten wir eine ganze IR-Week:...<\/div><a href=\"https:\/\/www.cometis.de\/de\/ir-2021\/\" class=\"custom-read-more-button\">Ansehen<\/a><\/div><div class=\"custom-category-post\"><div class=\"custom-post-image\"><img decoding=\"async\" src=\"https:\/\/www.cometis.de\/wp-content\/uploads\/2022\/05\/2020_011.jpg\" alt=\"IR 2020\"><\/div><h3 class=\"custom-post-title\">IR 2020<\/h3><div class=\"custom-post-date\">29.01.20<\/div><div class=\"custom-post-excerpt\">Weit hinten, hinter den Wortbergen, fern der L\u00e4nder Vokalien und Konsonantien leben die Blindtexte. Abgeschieden wohnen sie in Buchstabhausen an der K\u00fcste. Ob zu Weiterbildungszwecken, internen Schulungen oder der Einf\u00fchrung neuer Produkte<\/div><a href=\"https:\/\/www.cometis.de\/de\/ir-2020\/\" class=\"custom-read-more-button\">Ansehen<\/a><\/div><div class=\"custom-category-post\"><div class=\"custom-post-image\"><img decoding=\"async\" src=\"https:\/\/www.cometis.de\/wp-content\/uploads\/2022\/05\/20191.jpg\" alt=\"IR 2019\"><\/div><h3 class=\"custom-post-title\">IR 2019<\/h3><div class=\"custom-post-date\">29.01.19<\/div><div class=\"custom-post-excerpt\">Am Dienstag, den 29. Januar fand die IR 2019 statt: ein voller Erfolg! Es war die siebte Auflage der \u201eKonferenz der IR-Community\u201c und diesmal fand das Event im Sofitel Opera Frankfurt statt. Mehr als 180 IR Experten waren dabei, tauschten...<\/div><a href=\"https:\/\/www.cometis.de\/de\/ir-2019\/\" class=\"custom-read-more-button\">Ansehen<\/a><\/div><div class=\"custom-category-post\"><div class=\"custom-post-image\"><img decoding=\"async\" src=\"https:\/\/www.cometis.de\/wp-content\/uploads\/2022\/05\/20181.jpg\" alt=\"IR 2018\"><\/div><h3 class=\"custom-post-title\">IR 2018<\/h3><div class=\"custom-post-date\">28.01.18<\/div><div class=\"custom-post-excerpt\">Am 30. Januar 2018 fand wieder unsere Investor Relations Konferenz \u2013 die IR 2018 \u2013 in Frankfurt am Main statt. Die Konferenz hat sich in den vergangenen Jahren als zentrale Veranstaltung der deutschen und zunehmend auch internationalen Investor Relations Community...<\/div><a href=\"https:\/\/www.cometis.de\/de\/ir-2018\/\" class=\"custom-read-more-button\">Ansehen<\/a><\/div><div class=\"custom-category-post\"><div class=\"custom-post-image\"><img decoding=\"async\" src=\"https:\/\/www.cometis.de\/wp-content\/uploads\/2022\/05\/2017_011.jpg\" alt=\"IR 2017\"><\/div><h3 class=\"custom-post-title\">IR 2017<\/h3><div class=\"custom-post-date\">27.01.17<\/div><div class=\"custom-post-excerpt\">Im Januar war es wieder soweit \u2013 die IR 2017 bot angenehme Networking-Atmosph\u00e4re und fachlichen Austausch auf h\u00f6chstem Niveau. Auch in diesem Jahr konnten wir wieder kompetente Referenten aus allen Bereichen der financial community gewinnen. Interessante Themen von MiFID II...<\/div><a href=\"https:\/\/www.cometis.de\/de\/ir-2017\/\" class=\"custom-read-more-button\">Ansehen<\/a><\/div><div class=\"custom-category-post\"><div class=\"custom-post-image\"><img decoding=\"async\" src=\"https:\/\/www.cometis.de\/wp-content\/uploads\/2022\/05\/2016_011.jpg\" alt=\"IR 2016\"><\/div><h3 class=\"custom-post-title\">IR 2016<\/h3><div class=\"custom-post-date\">27.01.16<\/div><div class=\"custom-post-excerpt\">Konferenzen und Veranstaltungen gibt es viele \u2013 die Herausforderung besteht darin, sich von der breiten Masse abzuheben. Daher haben wir vor nunmehr vier Jahren ein neuartiges Konferenzkonzept entwickelt, um all diejenigen zu begeistern, die eine Leidenschaft f\u00fcr das Thema Investor...<\/div><a href=\"https:\/\/www.cometis.de\/de\/ir-2016\/\" class=\"custom-read-more-button\">Ansehen<\/a><\/div><div class=\"custom-category-post\"><div class=\"custom-post-image\"><img decoding=\"async\" src=\"https:\/\/www.cometis.de\/wp-content\/uploads\/2022\/05\/2015_011.jpg\" alt=\"IR 2015\"><\/div><h3 class=\"custom-post-title\">IR 2015<\/h3><div class=\"custom-post-date\">28.01.15<\/div><div class=\"custom-post-excerpt\">Mit Spannung blickten wir auf die \u201eIR 2015\u201c, die am Mittwoch, den 28. Januar 2015, im Jumeirah Frankfurt stattgefunden hatte. Themenschwerpunkte der diesj\u00e4hrigen Investor Relations Konferenz waren dieses mal Networking, kompetente Fachvortr\u00e4ge und Diskussionen zu aktuellen Fragestellungen der IR-Branche warten...<\/div><a href=\"https:\/\/www.cometis.de\/de\/ir-2015\/\" class=\"custom-read-more-button\">Ansehen<\/a><\/div><\/div><\/div>\n\t\t\t\t\t\t<\/div>\n\t\t\t\t<\/div>\n\t\t\t\t<\/div>\n\t\t\t\t<\/div>\n\t\t\t\t<\/div>\n\t\t\t\t\t<\/div>\n\t\t\t\t<\/div>\n\t\t\t\t<\/div>\n\t\t","protected":false},"excerpt":{"rendered":"<p>Vergangene Events<\/p>\n","protected":false},"author":1,"featured_media":0,"parent":0,"menu_order":0,"comment_status":"closed","ping_status":"open","template":"","meta":{"_acf_changed":false,"footnotes":""},"class_list":["post-2603","page","type-page","status-publish","hentry"],"acf":[],"yoast_head":"<!-- This site is optimized with the Yoast SEO Premium plugin v26.2 (Yoast SEO v27.4) - https:\/\/yoast.com\/product\/yoast-seo-premium-wordpress\/ -->\n<title>Veranstaltungsarchiv - cometis AG<\/title>\n<meta name=\"description\" content=\"Das Event Archiv. Hier finden Sie alle Informationen zu vergangen Events.\" \/>\n<meta name=\"robots\" content=\"index, follow, max-snippet:-1, max-image-preview:large, max-video-preview:-1\" \/>\n<link rel=\"canonical\" href=\"https:\/\/www.cometis.de\/de\/archive\/\" \/>\n<meta property=\"og:locale\" content=\"de_DE\" \/>\n<meta property=\"og:type\" content=\"article\" \/>\n<meta property=\"og:title\" content=\"Event Archiv\" \/>\n<meta property=\"og:description\" content=\"Das Event Archiv. Hier finden Sie alle Informationen zu vergangen Events.\" \/>\n<meta property=\"og:url\" content=\"https:\/\/www.cometis.de\/de\/archive\/\" \/>\n<meta property=\"og:site_name\" content=\"cometis AG\" \/>\n<meta property=\"article:modified_time\" content=\"2025-02-17T13:16:41+00:00\" \/>\n<meta property=\"og:image\" content=\"https:\/\/www.cometis.de\/wp-content\/uploads\/2024\/12-old\/Cometis-Mobile-Logo-1.png\" \/>\n\t<meta property=\"og:image:width\" content=\"171\" \/>\n\t<meta property=\"og:image:height\" content=\"31\" \/>\n\t<meta property=\"og:image:type\" content=\"image\/png\" \/>\n<meta name=\"twitter:card\" content=\"summary_large_image\" \/>\n<meta name=\"twitter:label1\" content=\"Gesch\u00e4tzte Lesezeit\" \/>\n\t<meta name=\"twitter:data1\" content=\"1\u00a0Minute\" \/>\n<script type=\"application\/ld+json\" class=\"yoast-schema-graph\">{\"@context\":\"https:\\\/\\\/schema.org\",\"@graph\":[{\"@type\":\"WebPage\",\"@id\":\"https:\\\/\\\/www.cometis.de\\\/de\\\/archive\\\/\",\"url\":\"https:\\\/\\\/www.cometis.de\\\/de\\\/archive\\\/\",\"name\":\"Veranstaltungsarchiv - cometis AG\",\"isPartOf\":{\"@id\":\"https:\\\/\\\/www.cometis.de\\\/de\\\/#website\"},\"datePublished\":\"2025-01-13T05:41:11+00:00\",\"dateModified\":\"2025-02-17T13:16:41+00:00\",\"description\":\"Das Event Archiv. Hier finden Sie alle Informationen zu vergangen Events.\",\"breadcrumb\":{\"@id\":\"https:\\\/\\\/www.cometis.de\\\/de\\\/archive\\\/#breadcrumb\"},\"inLanguage\":\"de\",\"potentialAction\":[{\"@type\":\"ReadAction\",\"target\":[\"https:\\\/\\\/www.cometis.de\\\/de\\\/archive\\\/\"]}]},{\"@type\":\"BreadcrumbList\",\"@id\":\"https:\\\/\\\/www.cometis.de\\\/de\\\/archive\\\/#breadcrumb\",\"itemListElement\":[{\"@type\":\"ListItem\",\"position\":1,\"name\":\"Home\",\"item\":\"https:\\\/\\\/www.cometis.de\\\/de\\\/\"},{\"@type\":\"ListItem\",\"position\":2,\"name\":\"Event Archiv\"}]},{\"@type\":\"WebSite\",\"@id\":\"https:\\\/\\\/www.cometis.de\\\/de\\\/#website\",\"url\":\"https:\\\/\\\/www.cometis.de\\\/de\\\/\",\"name\":\"cometis AG\",\"description\":\"Deutschlands f\u00fchrende Investor Relations Agentur\",\"publisher\":{\"@id\":\"https:\\\/\\\/www.cometis.de\\\/de\\\/#organization\"},\"potentialAction\":[{\"@type\":\"SearchAction\",\"target\":{\"@type\":\"EntryPoint\",\"urlTemplate\":\"https:\\\/\\\/www.cometis.de\\\/de\\\/?s={search_term_string}\"},\"query-input\":{\"@type\":\"PropertyValueSpecification\",\"valueRequired\":true,\"valueName\":\"search_term_string\"}}],\"inLanguage\":\"de\"},{\"@type\":\"Organization\",\"@id\":\"https:\\\/\\\/www.cometis.de\\\/de\\\/#organization\",\"name\":\"cometis AG\",\"alternateName\":\"Deutschlands f\u00fchrende Investor Relations Agentur\",\"url\":\"https:\\\/\\\/www.cometis.de\\\/de\\\/\",\"logo\":{\"@type\":\"ImageObject\",\"inLanguage\":\"de\",\"@id\":\"https:\\\/\\\/www.cometis.de\\\/de\\\/#\\\/schema\\\/logo\\\/image\\\/\",\"url\":\"https:\\\/\\\/www.cometis.de\\\/wp-content\\\/uploads\\\/2024\\\/12-old\\\/Cometis-Mobile-Logo-1.png\",\"contentUrl\":\"https:\\\/\\\/www.cometis.de\\\/wp-content\\\/uploads\\\/2024\\\/12-old\\\/Cometis-Mobile-Logo-1.png\",\"width\":171,\"height\":31,\"caption\":\"cometis AG\"},\"image\":{\"@id\":\"https:\\\/\\\/www.cometis.de\\\/de\\\/#\\\/schema\\\/logo\\\/image\\\/\"},\"sameAs\":[\"https:\\\/\\\/www.linkedin.com\\\/company\\\/cometis-ag\\\/\",\"https:\\\/\\\/www.youtube.com\\\/user\\\/cometisAG\"]}]}<\/script>\n<!-- \/ Yoast SEO Premium plugin. -->","yoast_head_json":{"title":"Veranstaltungsarchiv - cometis AG","description":"Das Event Archiv. Hier finden Sie alle Informationen zu vergangen Events.","robots":{"index":"index","follow":"follow","max-snippet":"max-snippet:-1","max-image-preview":"max-image-preview:large","max-video-preview":"max-video-preview:-1"},"canonical":"https:\/\/www.cometis.de\/de\/archive\/","og_locale":"de_DE","og_type":"article","og_title":"Event Archiv","og_description":"Das Event Archiv. Hier finden Sie alle Informationen zu vergangen Events.","og_url":"https:\/\/www.cometis.de\/de\/archive\/","og_site_name":"cometis AG","article_modified_time":"2025-02-17T13:16:41+00:00","og_image":[{"width":171,"height":31,"url":"https:\/\/www.cometis.de\/wp-content\/uploads\/2024\/12-old\/Cometis-Mobile-Logo-1.png","type":"image\/png"}],"twitter_card":"summary_large_image","twitter_misc":{"Gesch\u00e4tzte Lesezeit":"1\u00a0Minute"},"schema":{"@context":"https:\/\/schema.org","@graph":[{"@type":"WebPage","@id":"https:\/\/www.cometis.de\/de\/archive\/","url":"https:\/\/www.cometis.de\/de\/archive\/","name":"Veranstaltungsarchiv - cometis AG","isPartOf":{"@id":"https:\/\/www.cometis.de\/de\/#website"},"datePublished":"2025-01-13T05:41:11+00:00","dateModified":"2025-02-17T13:16:41+00:00","description":"Das Event Archiv. Hier finden Sie alle Informationen zu vergangen Events.","breadcrumb":{"@id":"https:\/\/www.cometis.de\/de\/archive\/#breadcrumb"},"inLanguage":"de","potentialAction":[{"@type":"ReadAction","target":["https:\/\/www.cometis.de\/de\/archive\/"]}]},{"@type":"BreadcrumbList","@id":"https:\/\/www.cometis.de\/de\/archive\/#breadcrumb","itemListElement":[{"@type":"ListItem","position":1,"name":"Home","item":"https:\/\/www.cometis.de\/de\/"},{"@type":"ListItem","position":2,"name":"Event Archiv"}]},{"@type":"WebSite","@id":"https:\/\/www.cometis.de\/de\/#website","url":"https:\/\/www.cometis.de\/de\/","name":"cometis AG","description":"Deutschlands f\u00fchrende Investor Relations Agentur","publisher":{"@id":"https:\/\/www.cometis.de\/de\/#organization"},"potentialAction":[{"@type":"SearchAction","target":{"@type":"EntryPoint","urlTemplate":"https:\/\/www.cometis.de\/de\/?s={search_term_string}"},"query-input":{"@type":"PropertyValueSpecification","valueRequired":true,"valueName":"search_term_string"}}],"inLanguage":"de"},{"@type":"Organization","@id":"https:\/\/www.cometis.de\/de\/#organization","name":"cometis AG","alternateName":"Deutschlands f\u00fchrende Investor Relations Agentur","url":"https:\/\/www.cometis.de\/de\/","logo":{"@type":"ImageObject","inLanguage":"de","@id":"https:\/\/www.cometis.de\/de\/#\/schema\/logo\/image\/","url":"https:\/\/www.cometis.de\/wp-content\/uploads\/2024\/12-old\/Cometis-Mobile-Logo-1.png","contentUrl":"https:\/\/www.cometis.de\/wp-content\/uploads\/2024\/12-old\/Cometis-Mobile-Logo-1.png","width":171,"height":31,"caption":"cometis AG"},"image":{"@id":"https:\/\/www.cometis.de\/de\/#\/schema\/logo\/image\/"},"sameAs":["https:\/\/www.linkedin.com\/company\/cometis-ag\/","https:\/\/www.youtube.com\/user\/cometisAG"]}]}},"_links":{"self":[{"href":"https:\/\/www.cometis.de\/de\/wp-json\/wp\/v2\/pages\/2603","targetHints":{"allow":["GET"]}}],"collection":[{"href":"https:\/\/www.cometis.de\/de\/wp-json\/wp\/v2\/pages"}],"about":[{"href":"https:\/\/www.cometis.de\/de\/wp-json\/wp\/v2\/types\/page"}],"author":[{"embeddable":true,"href":"https:\/\/www.cometis.de\/de\/wp-json\/wp\/v2\/users\/1"}],"replies":[{"embeddable":true,"href":"https:\/\/www.cometis.de\/de\/wp-json\/wp\/v2\/comments?post=2603"}],"version-history":[{"count":15,"href":"https:\/\/www.cometis.de\/de\/wp-json\/wp\/v2\/pages\/2603\/revisions"}],"predecessor-version":[{"id":107217,"href":"https:\/\/www.cometis.de\/de\/wp-json\/wp\/v2\/pages\/2603\/revisions\/107217"}],"wp:attachment":[{"href":"https:\/\/www.cometis.de\/de\/wp-json\/wp\/v2\/media?parent=2603"}],"curies":[{"name":"wp","href":"https:\/\/api.w.org\/{rel}","templated":true}]}}