{"id":3293,"date":"2025-01-20T07:44:56","date_gmt":"2025-01-20T06:44:56","guid":{"rendered":"https:\/\/cometis.de\/?page_id=3293"},"modified":"2025-02-18T06:39:22","modified_gmt":"2025-02-18T05:39:22","slug":"capital-markets-day","status":"publish","type":"page","link":"https:\/\/www.cometis.de\/de\/services\/investor-access\/capital-markets-day\/","title":{"rendered":"Capital Markets Day"},"content":{"rendered":"\t\t<div data-elementor-type=\"wp-page\" data-elementor-id=\"3293\" class=\"elementor elementor-3293\" data-elementor-post-type=\"page\">\n\t\t\t\t<div class=\"elementor-element elementor-element-514b76c e-flex e-con-boxed e-con e-parent\" data-id=\"514b76c\" data-element_type=\"container\" data-e-type=\"container\">\n\t\t\t\t\t<div class=\"e-con-inner\">\n\t\t\t\t<div class=\"elementor-element elementor-element-0df8d5e elementor-widget elementor-widget-template\" data-id=\"0df8d5e\" data-element_type=\"widget\" data-e-type=\"widget\" data-widget_type=\"template.default\">\n\t\t\t\t<div class=\"elementor-widget-container\">\n\t\t\t\t\t\t\t<div class=\"elementor-template\">\n\t\t\t\t\t<div data-elementor-type=\"section\" data-elementor-id=\"766\" class=\"elementor elementor-766\" data-elementor-post-type=\"elementor_library\">\n\t\t\t<div class=\"elementor-element elementor-element-1f34e34 e-flex e-con-boxed e-con e-parent\" data-id=\"1f34e34\" data-element_type=\"container\" data-e-type=\"container\">\n\t\t\t\t\t<div class=\"e-con-inner\">\n\t\t<div class=\"elementor-element elementor-element-e68c844 e-con-full e-flex e-con e-child\" data-id=\"e68c844\" data-element_type=\"container\" data-e-type=\"container\" data-settings=\"{&quot;background_background&quot;:&quot;classic&quot;}\">\n\t\t\t\t<\/div>\n\t\t<div class=\"elementor-element elementor-element-b7dac6f e-con-full e-flex e-con e-child\" data-id=\"b7dac6f\" data-element_type=\"container\" data-e-type=\"container\">\n\t\t\t\t<div class=\"elementor-element elementor-element-ce54cc3 elementor-align-left elementor-widget elementor-widget-breadcrumbs\" data-id=\"ce54cc3\" data-element_type=\"widget\" data-e-type=\"widget\" data-widget_type=\"breadcrumbs.default\">\n\t\t\t\t<div class=\"elementor-widget-container\">\n\t\t\t\t\t<div id=\"breadcrumbs\"><span><span><a href=\"https:\/\/www.cometis.de\/de\/\">Home<\/a><\/span><\/span><\/div>\t\t\t\t<\/div>\n\t\t\t\t<\/div>\n\t\t\t\t<\/div>\n\t\t\t\t\t<\/div>\n\t\t\t\t<\/div>\n\t\t\t\t<\/div>\n\t\t\t\t<\/div>\n\t\t\t\t\t\t<\/div>\n\t\t\t\t<\/div>\n\t\t\t\t\t<\/div>\n\t\t\t\t<\/div>\n\t\t<div class=\"elementor-element elementor-element-8deecbf cmn-sidebar-content e-flex e-con-boxed e-con e-parent\" data-id=\"8deecbf\" data-element_type=\"container\" data-e-type=\"container\" data-settings=\"{&quot;background_background&quot;:&quot;classic&quot;,&quot;background_motion_fx_motion_fx_scrolling&quot;:&quot;yes&quot;,&quot;background_motion_fx_translateY_effect&quot;:&quot;yes&quot;,&quot;background_motion_fx_translateY_speed&quot;:{&quot;unit&quot;:&quot;px&quot;,&quot;size&quot;:2,&quot;sizes&quot;:[]},&quot;background_motion_fx_translateY_direction&quot;:&quot;negative&quot;,&quot;background_motion_fx_translateY_affectedRange&quot;:{&quot;unit&quot;:&quot;%&quot;,&quot;size&quot;:&quot;&quot;,&quot;sizes&quot;:{&quot;start&quot;:0,&quot;end&quot;:100}},&quot;background_motion_fx_devices&quot;:[&quot;desktop&quot;,&quot;tablet&quot;,&quot;mobile&quot;]}\">\n\t\t\t\t\t<div class=\"e-con-inner\">\n\t\t<div class=\"elementor-element elementor-element-8b1f53b e-con-full cmn-sidebar-content p-100 e-flex e-con e-child\" data-id=\"8b1f53b\" data-element_type=\"container\" data-e-type=\"container\">\n\t\t<div class=\"elementor-element elementor-element-8a68d8a e-con-full cmn-content-box e-flex e-con e-child\" data-id=\"8a68d8a\" data-element_type=\"container\" data-e-type=\"container\">\n\t\t<div class=\"elementor-element elementor-element-e39db5c e-con-full cmn-content-box-container e-flex e-con e-child\" data-id=\"e39db5c\" data-element_type=\"container\" data-e-type=\"container\">\n\t\t\t\t<div class=\"elementor-element elementor-element-67751a1 elementor-widget elementor-widget-heading\" data-id=\"67751a1\" data-element_type=\"widget\" data-e-type=\"widget\" data-widget_type=\"heading.default\">\n\t\t\t\t<div class=\"elementor-widget-container\">\n\t\t\t\t\t<h2 class=\"elementor-heading-title elementor-size-default\">Durch Capital Markets Days Investoren einen tiefen Einblick geben<\/h2>\t\t\t\t<\/div>\n\t\t\t\t<\/div>\n\t\t\t\t<div class=\"elementor-element elementor-element-27ec994 elementor-widget elementor-widget-text-editor\" data-id=\"27ec994\" data-element_type=\"widget\" data-e-type=\"widget\" data-widget_type=\"text-editor.default\">\n\t\t\t\t<div class=\"elementor-widget-container\">\n\t\t\t\t\t\t\t\t\t<p>Ein beliebtes Mittel, um bestehende Investoren zu informieren und neue Investoren kennenzulernen, sind sogenannte Capital Markets Days, auch Investor Day genannt. Hierzu werden Fondsmanager, Verm\u00f6gensverwalter, Analysten, Banker oder andere Kapitalmarktakteure von einem Emittenten eingeladen. Auf dem Capital Markets Day pr\u00e4sentiert das Management den Teilnehmern u.A. die neuesten Produkte und Entwicklungen im Unternehmen.<\/p>\t\t\t\t\t\t\t\t<\/div>\n\t\t\t\t<\/div>\n\t\t\t\t<div class=\"elementor-element elementor-element-3ec240f cmn-content-box-btn elementor-widget elementor-widget-button\" data-id=\"3ec240f\" data-element_type=\"widget\" data-e-type=\"widget\" data-widget_type=\"button.default\">\n\t\t\t\t<div class=\"elementor-widget-container\">\n\t\t\t\t\t\t\t\t\t<div class=\"elementor-button-wrapper\">\n\t\t\t\t\t<a class=\"elementor-button elementor-button-link elementor-size-sm\" href=\"\/de\/cometis-ag\/referenzen\/investor-relations-referenzen\">\n\t\t\t\t\t\t<span class=\"elementor-button-content-wrapper\">\n\t\t\t\t\t\t<span class=\"elementor-button-icon\">\n\t\t\t\t<svg aria-hidden=\"true\" class=\"e-font-icon-svg e-fas-chevron-right\" viewBox=\"0 0 320 512\" xmlns=\"http:\/\/www.w3.org\/2000\/svg\"><path d=\"M285.476 272.971L91.132 467.314c-9.373 9.373-24.569 9.373-33.941 0l-22.667-22.667c-9.357-9.357-9.375-24.522-.04-33.901L188.505 256 34.484 101.255c-9.335-9.379-9.317-24.544.04-33.901l22.667-22.667c9.373-9.373 24.569-9.373 33.941 0L285.475 239.03c9.373 9.372 9.373 24.568.001 33.941z\"><\/path><\/svg>\t\t\t<\/span>\n\t\t\t\t\t\t\t\t\t<span class=\"elementor-button-text\">Unsere Referenzen<\/span>\n\t\t\t\t\t<\/span>\n\t\t\t\t\t<\/a>\n\t\t\t\t<\/div>\n\t\t\t\t\t\t\t\t<\/div>\n\t\t\t\t<\/div>\n\t\t\t\t<\/div>\n\t\t<div class=\"elementor-element elementor-element-43ffc2b e-con-full cmn-content-box-container e-flex e-con e-child\" data-id=\"43ffc2b\" data-element_type=\"container\" data-e-type=\"container\">\n\t\t\t\t<div class=\"elementor-element elementor-element-e9dbc12 elementor-widget elementor-widget-heading\" data-id=\"e9dbc12\" data-element_type=\"widget\" data-e-type=\"widget\" data-widget_type=\"heading.default\">\n\t\t\t\t<div class=\"elementor-widget-container\">\n\t\t\t\t\t<h2 class=\"elementor-heading-title elementor-size-default\">Einbeziehung von Stakeholdern und mediale Pr\u00e4senz des Capital Markets Days<\/h2>\t\t\t\t<\/div>\n\t\t\t\t<\/div>\n\t\t\t\t<div class=\"elementor-element elementor-element-585129e elementor-widget elementor-widget-text-editor\" data-id=\"585129e\" data-element_type=\"widget\" data-e-type=\"widget\" data-widget_type=\"text-editor.default\">\n\t\t\t\t<div class=\"elementor-widget-container\">\n\t\t\t\t\t\t\t\t\t<p>Gerne werden zu einem Investor Day auch themenbezogene Spezialisten oder Kunden und Zulieferer eingeladen, um die Zusammenh\u00e4nge einzelner Entwicklungen besser zu veranschaulichen. Zudem kann durch gezielte Medienarbeit der Nutzen einer solch aufwendigen Veranstaltung maximiert werden. Durch den medialen Multiplikator werden Einblicke dieses Tages somit auch f\u00fcr Share- und Stakeholder, die nicht teilgenommen haben, zug\u00e4nglich.<\/p>\t\t\t\t\t\t\t\t<\/div>\n\t\t\t\t<\/div>\n\t\t\t\t<\/div>\n\t\t<div class=\"elementor-element elementor-element-84d2846 e-con-full cmn-content-box-container e-flex e-con e-child\" data-id=\"84d2846\" data-element_type=\"container\" data-e-type=\"container\">\n\t\t\t\t<div class=\"elementor-element elementor-element-365492a elementor-widget elementor-widget-heading\" data-id=\"365492a\" data-element_type=\"widget\" data-e-type=\"widget\" data-widget_type=\"heading.default\">\n\t\t\t\t<div class=\"elementor-widget-container\">\n\t\t\t\t\t<h2 class=\"elementor-heading-title elementor-size-default\">Programminhalte eines Capital Markets Days<\/h2>\t\t\t\t<\/div>\n\t\t\t\t<\/div>\n\t\t\t\t<div class=\"elementor-element elementor-element-4455afd elementor-widget elementor-widget-text-editor\" data-id=\"4455afd\" data-element_type=\"widget\" data-e-type=\"widget\" data-widget_type=\"text-editor.default\">\n\t\t\t\t<div class=\"elementor-widget-container\">\n\t\t\t\t\t\t\t\t\t<p>Durch den Blick hinter die Kulissen des Unternehmens nimmt die Financial Community auch sogenannte \u201esoft facts\u201c mit. (z.B. Wie kann der Vorstand pr\u00e4sentieren, welche Stimmung herrscht im Unternehmen, wie sieht das Unternehmen von innen aus)\u2026 Diese k\u00f6nnen f\u00fcr die Akteure entscheidende Indikatoren daf\u00fcr sein, welches Potential in einem Unternehmen tats\u00e4chlich steckt, in welcher Lage sich das Unternehmen tats\u00e4chlich befindet, welche Prognosen realistisch sind und ob diese mit der im Gesch\u00e4ftsbericht vorgegebenen Guidance \u00fcbereinstimmen.<\/p><p>Aber nat\u00fcrlich bleiben auch an einem Capital Markets Day finanzielle und quantitative Indikatoren zentral. Deshalb ist ein holistischer Ansatz bei der Programmgestaltung der Inhalte ma\u00dfgebend. Es soll ein einheitliches, aussagekr\u00e4ftiges, verst\u00e4ndliches und vor allem zukunftsorientiertes Bild abgegeben werden. Darum ist es wichtig, neue Informationen und Einblicke zu liefern und Erl\u00e4uterungen zu zentralen Themen vorzunehmen.<\/p>\t\t\t\t\t\t\t\t<\/div>\n\t\t\t\t<\/div>\n\t\t\t\t<\/div>\n\t\t<div class=\"elementor-element elementor-element-0b2f1b9 e-con-full cmn-content-box-container e-flex e-con e-child\" data-id=\"0b2f1b9\" data-element_type=\"container\" data-e-type=\"container\">\n\t\t\t\t<div class=\"elementor-element elementor-element-4bc9225 elementor-widget elementor-widget-heading\" data-id=\"4bc9225\" data-element_type=\"widget\" data-e-type=\"widget\" data-widget_type=\"heading.default\">\n\t\t\t\t<div class=\"elementor-widget-container\">\n\t\t\t\t\t<h2 class=\"elementor-heading-title elementor-size-default\">Gezielte Vorbereitung auf den Capital Markets Day<\/h2>\t\t\t\t<\/div>\n\t\t\t\t<\/div>\n\t\t\t\t<div class=\"elementor-element elementor-element-8d79eb8 elementor-widget elementor-widget-text-editor\" data-id=\"8d79eb8\" data-element_type=\"widget\" data-e-type=\"widget\" data-widget_type=\"text-editor.default\">\n\t\t\t\t<div class=\"elementor-widget-container\">\n\t\t\t\t\t\t\t\t\t<p>Zur Vorbereitung auf die Investor Days sollte ein \u00dcberblick dar\u00fcber bestehen, wie das Unternehmen von den jeweiligen Kapitalmarktakteuren bewertet und wahrgenommen wird. Man sollte seine Investoren genau kennen. Dies eignet sich besonders daf\u00fcr entsprechende Schwerpunkte und effektive Programmpunkte zu setzen. Auch in diesen Punkten bietet die jahrelange Expertise von cometis eine sinnvolle St\u00fctze.<\/p><p>F\u00fcr Investor Relations gibt es wohl kein geeigneteres Mittel, um Unternehmen in ihrer ganzen Tiefe darzustellen. Daher ist es umso wichtiger, diesen Tag effektiv und effizient zu planen und auszuf\u00fchren. Ein Capital Markets Day sollte einmal pro Jahr durchgef\u00fchrt werden. Gerne ber\u00e4t Sie die cometis AG hierzu.<\/p>\t\t\t\t\t\t\t\t<\/div>\n\t\t\t\t<\/div>\n\t\t\t\t<\/div>\n\t\t<div class=\"elementor-element elementor-element-e2a3fd4 e-con-full cmn-content-box-container e-flex e-con e-child\" data-id=\"e2a3fd4\" data-element_type=\"container\" data-e-type=\"container\">\n\t\t\t\t<div class=\"elementor-element elementor-element-935e581 elementor-widget elementor-widget-heading\" data-id=\"935e581\" data-element_type=\"widget\" data-e-type=\"widget\" data-widget_type=\"heading.default\">\n\t\t\t\t<div class=\"elementor-widget-container\">\n\t\t\t\t\t<h2 class=\"elementor-heading-title elementor-size-default\">Treten Sie mit uns in Kontakt<\/h2>\t\t\t\t<\/div>\n\t\t\t\t<\/div>\n\t\t\t\t<div class=\"elementor-element elementor-element-db4e37c elementor-widget elementor-widget-text-editor\" data-id=\"db4e37c\" data-element_type=\"widget\" data-e-type=\"widget\" data-widget_type=\"text-editor.default\">\n\t\t\t\t<div class=\"elementor-widget-container\">\n\t\t\t\t\t\t\t\t\t<p>Wir beraten Sie gerne individuell, um Ihren Capital Markets Day optimal zu planen. Rufen Sie uns an und lassen Sie uns Ihren IR-Auftritt gemeinsam perfektionieren!<\/p>\t\t\t\t\t\t\t\t<\/div>\n\t\t\t\t<\/div>\n\t\t\t\t<\/div>\n\t\t\t\t<\/div>\n\t\t\t\t<\/div>\n\t\t\t\t\t<\/div>\n\t\t\t\t<\/div>\n\t\t\t\t<\/div>\n\t\t","protected":false},"excerpt":{"rendered":"<p>Durch Capital Markets Days Investoren einen tiefen Einblick geben Ein beliebtes Mittel, um bestehende Investoren zu informieren und neue Investoren kennenzulernen, sind sogenannte Capital Markets Days, auch Investor Day genannt. Hierzu werden Fondsmanager, Verm\u00f6gensverwalter, Analysten, Banker oder andere Kapitalmarktakteure von einem Emittenten eingeladen. Auf dem Capital Markets Day pr\u00e4sentiert das Management den Teilnehmern u.A. die [&hellip;]<\/p>\n","protected":false},"author":1,"featured_media":0,"parent":764,"menu_order":0,"comment_status":"closed","ping_status":"open","template":"","meta":{"_acf_changed":false,"footnotes":""},"class_list":["post-3293","page","type-page","status-publish","hentry"],"acf":[],"yoast_head":"<!-- This site is optimized with the Yoast SEO Premium plugin v26.2 (Yoast SEO v27.4) - https:\/\/yoast.com\/product\/yoast-seo-premium-wordpress\/ -->\n<title>Capital Markets Day - cometis AG<\/title>\n<meta name=\"description\" content=\"F\u00fcr Investor Relations gibt es wohl kein geeigneteres Mittel, um Unternehmen in ihrer ganzen Tiefe darzustellen. Gerne ber\u00e4t Sie die cometis AG hierzu.\" \/>\n<meta name=\"robots\" content=\"index, follow, max-snippet:-1, max-image-preview:large, max-video-preview:-1\" \/>\n<link rel=\"canonical\" href=\"https:\/\/www.cometis.de\/de\/services\/investor-access\/capital-markets-day\/\" \/>\n<meta property=\"og:locale\" content=\"de_DE\" \/>\n<meta property=\"og:type\" content=\"article\" \/>\n<meta property=\"og:title\" content=\"Capital Markets Day\" \/>\n<meta property=\"og:description\" content=\"F\u00fcr Investor Relations gibt es wohl kein geeigneteres Mittel, um Unternehmen in ihrer ganzen Tiefe darzustellen. Gerne ber\u00e4t Sie die cometis AG hierzu.\" \/>\n<meta property=\"og:url\" content=\"https:\/\/www.cometis.de\/de\/services\/investor-access\/capital-markets-day\/\" \/>\n<meta property=\"og:site_name\" content=\"cometis AG\" \/>\n<meta property=\"article:modified_time\" content=\"2025-02-18T05:39:22+00:00\" \/>\n<meta property=\"og:image\" content=\"https:\/\/www.cometis.de\/wp-content\/uploads\/2024\/12-old\/Cometis-Mobile-Logo-1.png\" \/>\n\t<meta property=\"og:image:width\" content=\"171\" \/>\n\t<meta property=\"og:image:height\" content=\"31\" \/>\n\t<meta property=\"og:image:type\" content=\"image\/png\" \/>\n<meta name=\"twitter:card\" content=\"summary_large_image\" \/>\n<meta name=\"twitter:label1\" content=\"Gesch\u00e4tzte Lesezeit\" \/>\n\t<meta name=\"twitter:data1\" content=\"3\u00a0Minuten\" \/>\n<script type=\"application\/ld+json\" class=\"yoast-schema-graph\">{\"@context\":\"https:\\\/\\\/schema.org\",\"@graph\":[{\"@type\":\"WebPage\",\"@id\":\"https:\\\/\\\/www.cometis.de\\\/de\\\/services\\\/investor-access\\\/capital-markets-day\\\/\",\"url\":\"https:\\\/\\\/www.cometis.de\\\/de\\\/services\\\/investor-access\\\/capital-markets-day\\\/\",\"name\":\"Capital Markets Day - cometis AG\",\"isPartOf\":{\"@id\":\"https:\\\/\\\/www.cometis.de\\\/de\\\/#website\"},\"datePublished\":\"2025-01-20T06:44:56+00:00\",\"dateModified\":\"2025-02-18T05:39:22+00:00\",\"description\":\"F\u00fcr Investor Relations gibt es wohl kein geeigneteres Mittel, um Unternehmen in ihrer ganzen Tiefe darzustellen. Gerne ber\u00e4t Sie die cometis AG hierzu.\",\"breadcrumb\":{\"@id\":\"https:\\\/\\\/www.cometis.de\\\/de\\\/services\\\/investor-access\\\/capital-markets-day\\\/#breadcrumb\"},\"inLanguage\":\"de\",\"potentialAction\":[{\"@type\":\"ReadAction\",\"target\":[\"https:\\\/\\\/www.cometis.de\\\/de\\\/services\\\/investor-access\\\/capital-markets-day\\\/\"]}]},{\"@type\":\"BreadcrumbList\",\"@id\":\"https:\\\/\\\/www.cometis.de\\\/de\\\/services\\\/investor-access\\\/capital-markets-day\\\/#breadcrumb\",\"itemListElement\":[{\"@type\":\"ListItem\",\"position\":1,\"name\":\"Home\",\"item\":\"https:\\\/\\\/www.cometis.de\\\/de\\\/\"},{\"@type\":\"ListItem\",\"position\":2,\"name\":\"Services\",\"item\":\"https:\\\/\\\/www.cometis.de\\\/de\\\/services\\\/\"},{\"@type\":\"ListItem\",\"position\":3,\"name\":\"Investor Access\",\"item\":\"https:\\\/\\\/www.cometis.de\\\/de\\\/services\\\/investor-access\\\/\"},{\"@type\":\"ListItem\",\"position\":4,\"name\":\"Capital Markets Day\"}]},{\"@type\":\"WebSite\",\"@id\":\"https:\\\/\\\/www.cometis.de\\\/de\\\/#website\",\"url\":\"https:\\\/\\\/www.cometis.de\\\/de\\\/\",\"name\":\"cometis AG\",\"description\":\"Deutschlands f\u00fchrende Investor Relations Agentur\",\"publisher\":{\"@id\":\"https:\\\/\\\/www.cometis.de\\\/de\\\/#organization\"},\"potentialAction\":[{\"@type\":\"SearchAction\",\"target\":{\"@type\":\"EntryPoint\",\"urlTemplate\":\"https:\\\/\\\/www.cometis.de\\\/de\\\/?s={search_term_string}\"},\"query-input\":{\"@type\":\"PropertyValueSpecification\",\"valueRequired\":true,\"valueName\":\"search_term_string\"}}],\"inLanguage\":\"de\"},{\"@type\":\"Organization\",\"@id\":\"https:\\\/\\\/www.cometis.de\\\/de\\\/#organization\",\"name\":\"cometis AG\",\"alternateName\":\"Deutschlands f\u00fchrende Investor Relations Agentur\",\"url\":\"https:\\\/\\\/www.cometis.de\\\/de\\\/\",\"logo\":{\"@type\":\"ImageObject\",\"inLanguage\":\"de\",\"@id\":\"https:\\\/\\\/www.cometis.de\\\/de\\\/#\\\/schema\\\/logo\\\/image\\\/\",\"url\":\"https:\\\/\\\/www.cometis.de\\\/wp-content\\\/uploads\\\/2024\\\/12-old\\\/Cometis-Mobile-Logo-1.png\",\"contentUrl\":\"https:\\\/\\\/www.cometis.de\\\/wp-content\\\/uploads\\\/2024\\\/12-old\\\/Cometis-Mobile-Logo-1.png\",\"width\":171,\"height\":31,\"caption\":\"cometis AG\"},\"image\":{\"@id\":\"https:\\\/\\\/www.cometis.de\\\/de\\\/#\\\/schema\\\/logo\\\/image\\\/\"},\"sameAs\":[\"https:\\\/\\\/www.linkedin.com\\\/company\\\/cometis-ag\\\/\",\"https:\\\/\\\/www.youtube.com\\\/user\\\/cometisAG\"]}]}<\/script>\n<!-- \/ Yoast SEO Premium plugin. -->","yoast_head_json":{"title":"Capital Markets Day - cometis AG","description":"F\u00fcr Investor Relations gibt es wohl kein geeigneteres Mittel, um Unternehmen in ihrer ganzen Tiefe darzustellen. Gerne ber\u00e4t Sie die cometis AG hierzu.","robots":{"index":"index","follow":"follow","max-snippet":"max-snippet:-1","max-image-preview":"max-image-preview:large","max-video-preview":"max-video-preview:-1"},"canonical":"https:\/\/www.cometis.de\/de\/services\/investor-access\/capital-markets-day\/","og_locale":"de_DE","og_type":"article","og_title":"Capital Markets Day","og_description":"F\u00fcr Investor Relations gibt es wohl kein geeigneteres Mittel, um Unternehmen in ihrer ganzen Tiefe darzustellen. Gerne ber\u00e4t Sie die cometis AG hierzu.","og_url":"https:\/\/www.cometis.de\/de\/services\/investor-access\/capital-markets-day\/","og_site_name":"cometis AG","article_modified_time":"2025-02-18T05:39:22+00:00","og_image":[{"width":171,"height":31,"url":"https:\/\/www.cometis.de\/wp-content\/uploads\/2024\/12-old\/Cometis-Mobile-Logo-1.png","type":"image\/png"}],"twitter_card":"summary_large_image","twitter_misc":{"Gesch\u00e4tzte Lesezeit":"3\u00a0Minuten"},"schema":{"@context":"https:\/\/schema.org","@graph":[{"@type":"WebPage","@id":"https:\/\/www.cometis.de\/de\/services\/investor-access\/capital-markets-day\/","url":"https:\/\/www.cometis.de\/de\/services\/investor-access\/capital-markets-day\/","name":"Capital Markets Day - cometis AG","isPartOf":{"@id":"https:\/\/www.cometis.de\/de\/#website"},"datePublished":"2025-01-20T06:44:56+00:00","dateModified":"2025-02-18T05:39:22+00:00","description":"F\u00fcr Investor Relations gibt es wohl kein geeigneteres Mittel, um Unternehmen in ihrer ganzen Tiefe darzustellen. Gerne ber\u00e4t Sie die cometis AG hierzu.","breadcrumb":{"@id":"https:\/\/www.cometis.de\/de\/services\/investor-access\/capital-markets-day\/#breadcrumb"},"inLanguage":"de","potentialAction":[{"@type":"ReadAction","target":["https:\/\/www.cometis.de\/de\/services\/investor-access\/capital-markets-day\/"]}]},{"@type":"BreadcrumbList","@id":"https:\/\/www.cometis.de\/de\/services\/investor-access\/capital-markets-day\/#breadcrumb","itemListElement":[{"@type":"ListItem","position":1,"name":"Home","item":"https:\/\/www.cometis.de\/de\/"},{"@type":"ListItem","position":2,"name":"Services","item":"https:\/\/www.cometis.de\/de\/services\/"},{"@type":"ListItem","position":3,"name":"Investor Access","item":"https:\/\/www.cometis.de\/de\/services\/investor-access\/"},{"@type":"ListItem","position":4,"name":"Capital Markets Day"}]},{"@type":"WebSite","@id":"https:\/\/www.cometis.de\/de\/#website","url":"https:\/\/www.cometis.de\/de\/","name":"cometis AG","description":"Deutschlands f\u00fchrende Investor Relations Agentur","publisher":{"@id":"https:\/\/www.cometis.de\/de\/#organization"},"potentialAction":[{"@type":"SearchAction","target":{"@type":"EntryPoint","urlTemplate":"https:\/\/www.cometis.de\/de\/?s={search_term_string}"},"query-input":{"@type":"PropertyValueSpecification","valueRequired":true,"valueName":"search_term_string"}}],"inLanguage":"de"},{"@type":"Organization","@id":"https:\/\/www.cometis.de\/de\/#organization","name":"cometis AG","alternateName":"Deutschlands f\u00fchrende Investor Relations Agentur","url":"https:\/\/www.cometis.de\/de\/","logo":{"@type":"ImageObject","inLanguage":"de","@id":"https:\/\/www.cometis.de\/de\/#\/schema\/logo\/image\/","url":"https:\/\/www.cometis.de\/wp-content\/uploads\/2024\/12-old\/Cometis-Mobile-Logo-1.png","contentUrl":"https:\/\/www.cometis.de\/wp-content\/uploads\/2024\/12-old\/Cometis-Mobile-Logo-1.png","width":171,"height":31,"caption":"cometis AG"},"image":{"@id":"https:\/\/www.cometis.de\/de\/#\/schema\/logo\/image\/"},"sameAs":["https:\/\/www.linkedin.com\/company\/cometis-ag\/","https:\/\/www.youtube.com\/user\/cometisAG"]}]}},"_links":{"self":[{"href":"https:\/\/www.cometis.de\/de\/wp-json\/wp\/v2\/pages\/3293","targetHints":{"allow":["GET"]}}],"collection":[{"href":"https:\/\/www.cometis.de\/de\/wp-json\/wp\/v2\/pages"}],"about":[{"href":"https:\/\/www.cometis.de\/de\/wp-json\/wp\/v2\/types\/page"}],"author":[{"embeddable":true,"href":"https:\/\/www.cometis.de\/de\/wp-json\/wp\/v2\/users\/1"}],"replies":[{"embeddable":true,"href":"https:\/\/www.cometis.de\/de\/wp-json\/wp\/v2\/comments?post=3293"}],"version-history":[{"count":3,"href":"https:\/\/www.cometis.de\/de\/wp-json\/wp\/v2\/pages\/3293\/revisions"}],"predecessor-version":[{"id":107418,"href":"https:\/\/www.cometis.de\/de\/wp-json\/wp\/v2\/pages\/3293\/revisions\/107418"}],"up":[{"embeddable":true,"href":"https:\/\/www.cometis.de\/de\/wp-json\/wp\/v2\/pages\/764"}],"wp:attachment":[{"href":"https:\/\/www.cometis.de\/de\/wp-json\/wp\/v2\/media?parent=3293"}],"curies":[{"name":"wp","href":"https:\/\/api.w.org\/{rel}","templated":true}]}}