{"id":3361,"date":"2025-01-20T09:01:29","date_gmt":"2025-01-20T08:01:29","guid":{"rendered":"https:\/\/cometis.de\/?page_id=3361"},"modified":"2025-02-18T06:45:33","modified_gmt":"2025-02-18T05:45:33","slug":"hauptversammlung","status":"publish","type":"page","link":"https:\/\/www.cometis.de\/de\/services\/investor-relations\/hauptversammlung\/","title":{"rendered":"Hauptversammlung"},"content":{"rendered":"\t\t<div data-elementor-type=\"wp-page\" data-elementor-id=\"3361\" class=\"elementor elementor-3361\" data-elementor-post-type=\"page\">\n\t\t\t\t<div class=\"elementor-element elementor-element-b63552f e-flex e-con-boxed e-con e-parent\" data-id=\"b63552f\" data-element_type=\"container\" data-e-type=\"container\">\n\t\t\t\t\t<div class=\"e-con-inner\">\n\t\t\t\t<div class=\"elementor-element elementor-element-1e2626c elementor-widget elementor-widget-template\" data-id=\"1e2626c\" data-element_type=\"widget\" data-e-type=\"widget\" data-widget_type=\"template.default\">\n\t\t\t\t<div class=\"elementor-widget-container\">\n\t\t\t\t\t\t\t<div class=\"elementor-template\">\n\t\t\t\t\t<div data-elementor-type=\"section\" data-elementor-id=\"766\" class=\"elementor elementor-766\" data-elementor-post-type=\"elementor_library\">\n\t\t\t<div class=\"elementor-element elementor-element-1f34e34 e-flex e-con-boxed e-con e-parent\" data-id=\"1f34e34\" data-element_type=\"container\" data-e-type=\"container\">\n\t\t\t\t\t<div class=\"e-con-inner\">\n\t\t<div class=\"elementor-element elementor-element-e68c844 e-con-full e-flex e-con e-child\" data-id=\"e68c844\" data-element_type=\"container\" data-e-type=\"container\" data-settings=\"{&quot;background_background&quot;:&quot;classic&quot;}\">\n\t\t\t\t<\/div>\n\t\t<div class=\"elementor-element elementor-element-b7dac6f e-con-full e-flex e-con e-child\" data-id=\"b7dac6f\" data-element_type=\"container\" data-e-type=\"container\">\n\t\t\t\t<div class=\"elementor-element elementor-element-ce54cc3 elementor-align-left elementor-widget elementor-widget-breadcrumbs\" data-id=\"ce54cc3\" data-element_type=\"widget\" data-e-type=\"widget\" data-widget_type=\"breadcrumbs.default\">\n\t\t\t\t<div class=\"elementor-widget-container\">\n\t\t\t\t\t<div id=\"breadcrumbs\"><span><span><a href=\"https:\/\/www.cometis.de\/de\/\">Home<\/a><\/span><\/span><\/div>\t\t\t\t<\/div>\n\t\t\t\t<\/div>\n\t\t\t\t<\/div>\n\t\t\t\t\t<\/div>\n\t\t\t\t<\/div>\n\t\t\t\t<\/div>\n\t\t\t\t<\/div>\n\t\t\t\t\t\t<\/div>\n\t\t\t\t<\/div>\n\t\t\t\t\t<\/div>\n\t\t\t\t<\/div>\n\t\t<div class=\"elementor-element elementor-element-21bfb35 cmn-sidebar-content e-flex e-con-boxed e-con e-parent\" data-id=\"21bfb35\" data-element_type=\"container\" data-e-type=\"container\" data-settings=\"{&quot;background_background&quot;:&quot;classic&quot;,&quot;background_motion_fx_motion_fx_scrolling&quot;:&quot;yes&quot;,&quot;background_motion_fx_translateY_effect&quot;:&quot;yes&quot;,&quot;background_motion_fx_translateY_speed&quot;:{&quot;unit&quot;:&quot;px&quot;,&quot;size&quot;:2,&quot;sizes&quot;:[]},&quot;background_motion_fx_translateY_direction&quot;:&quot;negative&quot;,&quot;background_motion_fx_translateY_affectedRange&quot;:{&quot;unit&quot;:&quot;%&quot;,&quot;size&quot;:&quot;&quot;,&quot;sizes&quot;:{&quot;start&quot;:0,&quot;end&quot;:100}},&quot;background_motion_fx_devices&quot;:[&quot;desktop&quot;,&quot;tablet&quot;,&quot;mobile&quot;]}\">\n\t\t\t\t\t<div class=\"e-con-inner\">\n\t\t<div class=\"elementor-element elementor-element-34e7b32 e-con-full cmn-sidebar-content p-100 e-flex e-con e-child\" data-id=\"34e7b32\" data-element_type=\"container\" data-e-type=\"container\">\n\t\t<div class=\"elementor-element elementor-element-4afaa6a e-con-full cmn-content-box e-flex e-con e-child\" data-id=\"4afaa6a\" data-element_type=\"container\" data-e-type=\"container\">\n\t\t<div class=\"elementor-element elementor-element-35a1c27 e-con-full cmn-content-box-container e-flex e-con e-child\" data-id=\"35a1c27\" data-element_type=\"container\" data-e-type=\"container\">\n\t\t\t\t<div class=\"elementor-element elementor-element-5cbe8a4 elementor-widget elementor-widget-heading\" data-id=\"5cbe8a4\" data-element_type=\"widget\" data-e-type=\"widget\" data-widget_type=\"heading.default\">\n\t\t\t\t<div class=\"elementor-widget-container\">\n\t\t\t\t\t<h2 class=\"elementor-heading-title elementor-size-default\">Die Hauptversammlung \u2013 mehr als eine Pflichtveranstaltung<\/h2>\t\t\t\t<\/div>\n\t\t\t\t<\/div>\n\t\t\t\t<div class=\"elementor-element elementor-element-cee8954 elementor-widget elementor-widget-text-editor\" data-id=\"cee8954\" data-element_type=\"widget\" data-e-type=\"widget\" data-widget_type=\"text-editor.default\">\n\t\t\t\t<div class=\"elementor-widget-container\">\n\t\t\t\t\t\t\t\t\t<p>Sie m\u00f6chten durch eine professionelle Hauptversammlung bei Ihren Aktion\u00e4ren punkten? Sie wollen mit Ihrer Rede \u00fcberzeugen? Oder bei kritischen Themen auf alle Eventualit\u00e4ten vorbereitet sein? Dann sind wir aufgrund unserer langj\u00e4hrigen Erfahrung im Bereich Investor Relations und ESG Ihr zuverl\u00e4ssiger Partner bei der Durchf\u00fchrung Ihrer Hauptversammlung.<\/p><p>Als gesetzliches Organ der Aktiengesellschaft und Kommanditgesellschaft auf Aktien ist die Hauptversammlung eine Versammlung der Aktion\u00e4re und dient der Information sowie Beschlussfassung \u00fcber unternehmensbezogene Vorg\u00e4nge. Entscheidend f\u00fcr einen reibungslosen Ablauf sind eine einwandfreie Organisation der Veranstaltung und ein professionelles Auftreten des Managements.<\/p>\t\t\t\t\t\t\t\t<\/div>\n\t\t\t\t<\/div>\n\t\t\t\t<div class=\"elementor-element elementor-element-b16c592 cmn-content-box-btn elementor-widget elementor-widget-button\" data-id=\"b16c592\" data-element_type=\"widget\" data-e-type=\"widget\" data-widget_type=\"button.default\">\n\t\t\t\t<div class=\"elementor-widget-container\">\n\t\t\t\t\t\t\t\t\t<div class=\"elementor-button-wrapper\">\n\t\t\t\t\t<a class=\"elementor-button elementor-button-link elementor-size-sm\" href=\"\/de\/cometis-ag\/referenzen\/investor-relations-referenzen\">\n\t\t\t\t\t\t<span class=\"elementor-button-content-wrapper\">\n\t\t\t\t\t\t<span class=\"elementor-button-icon\">\n\t\t\t\t<svg aria-hidden=\"true\" class=\"e-font-icon-svg e-fas-chevron-right\" viewBox=\"0 0 320 512\" xmlns=\"http:\/\/www.w3.org\/2000\/svg\"><path d=\"M285.476 272.971L91.132 467.314c-9.373 9.373-24.569 9.373-33.941 0l-22.667-22.667c-9.357-9.357-9.375-24.522-.04-33.901L188.505 256 34.484 101.255c-9.335-9.379-9.317-24.544.04-33.901l22.667-22.667c9.373-9.373 24.569-9.373 33.941 0L285.475 239.03c9.373 9.372 9.373 24.568.001 33.941z\"><\/path><\/svg>\t\t\t<\/span>\n\t\t\t\t\t\t\t\t\t<span class=\"elementor-button-text\">Unsere Referenzen<\/span>\n\t\t\t\t\t<\/span>\n\t\t\t\t\t<\/a>\n\t\t\t\t<\/div>\n\t\t\t\t\t\t\t\t<\/div>\n\t\t\t\t<\/div>\n\t\t\t\t<\/div>\n\t\t<div class=\"elementor-element elementor-element-0bc880e e-con-full cmn-content-box-container e-flex e-con e-child\" data-id=\"0bc880e\" data-element_type=\"container\" data-e-type=\"container\">\n\t\t\t\t<div class=\"elementor-element elementor-element-1663655 elementor-widget elementor-widget-heading\" data-id=\"1663655\" data-element_type=\"widget\" data-e-type=\"widget\" data-widget_type=\"heading.default\">\n\t\t\t\t<div class=\"elementor-widget-container\">\n\t\t\t\t\t<h2 class=\"elementor-heading-title elementor-size-default\">\u00dcberzeugende Rede auf der Hauptversammlung st\u00e4rkt Investorenbeziehung<\/h2>\t\t\t\t<\/div>\n\t\t\t\t<\/div>\n\t\t\t\t<div class=\"elementor-element elementor-element-81254d3 elementor-widget elementor-widget-text-editor\" data-id=\"81254d3\" data-element_type=\"widget\" data-e-type=\"widget\" data-widget_type=\"text-editor.default\">\n\t\t\t\t<div class=\"elementor-widget-container\">\n\t\t\t\t\t\t\t\t\t<p>Auf der ordentlichen Hauptversammlung legt das Management einmal j\u00e4hrlich Rechnung \u00fcber die Gesch\u00e4ftsentwicklung des vergangenen Jahres ab \u2013 mit dem zentralen Ziel, die Entlastung des Vorstands und Beschlussfassung der Aktion\u00e4re positiv zu beeinflussen. Mit einer \u00fcberzeugenden Vorstandsrede und ansprechenden Pr\u00e4sentation tragen Sie zum Erfolg der HV bei. Und st\u00e4rken die Beziehung zu Ihren Investoren. Das Halten einer solchen Rede will jedoch ge\u00fcbt sein \u2013 Vorst\u00e4nde k\u00f6nnen sich im Vorfeld gezielt durch ein intensives HV Coaching vorbereiten.<\/p>\t\t\t\t\t\t\t\t<\/div>\n\t\t\t\t<\/div>\n\t\t\t\t<\/div>\n\t\t<div class=\"elementor-element elementor-element-6e6e304 e-con-full cmn-content-box-container e-flex e-con e-child\" data-id=\"6e6e304\" data-element_type=\"container\" data-e-type=\"container\">\n\t\t\t\t<div class=\"elementor-element elementor-element-5c90cf5 elementor-widget elementor-widget-heading\" data-id=\"5c90cf5\" data-element_type=\"widget\" data-e-type=\"widget\" data-widget_type=\"heading.default\">\n\t\t\t\t<div class=\"elementor-widget-container\">\n\t\t\t\t\t<h2 class=\"elementor-heading-title elementor-size-default\">Auf kritische Aktion\u00e4rsfragen gut vorbereitet sein<\/h2>\t\t\t\t<\/div>\n\t\t\t\t<\/div>\n\t\t\t\t<div class=\"elementor-element elementor-element-502c338 elementor-widget elementor-widget-text-editor\" data-id=\"502c338\" data-element_type=\"widget\" data-e-type=\"widget\" data-widget_type=\"text-editor.default\">\n\t\t\t\t<div class=\"elementor-widget-container\">\n\t\t\t\t\t\t\t\t\t<p>Im Anschluss an die Vorstandsrede haben Aktion\u00e4re die M\u00f6glichkeit, selbst oder durch Stimmrechtsvertreter Fragen an das oberste Management zu richten. Diese werden unverz\u00fcglich durch das Management mithilfe eines Expertenteams im Backoffice beantwortet. Es ist durchaus \u00fcblich, dass auch kritische Themen von den Aktion\u00e4ren angesprochen werden. Mit einem umfangreichen Fragen- und Antwortenkatalog sind Sie auf eine solche Situation optimal vorbereitet. Wir helfen Ihnen dabei, kritische Themen zu identifizieren und entsprechende Sprachregelungen vorzubereiten. Daneben unterst\u00fctzen wir Sie im Vorfeld bei der Abstimmung mit Aktion\u00e4rsvereinigungen und Proxy Advisors.<\/p>\t\t\t\t\t\t\t\t<\/div>\n\t\t\t\t<\/div>\n\t\t\t\t<\/div>\n\t\t<div class=\"elementor-element elementor-element-9029745 e-con-full cmn-content-box-container e-flex e-con e-child\" data-id=\"9029745\" data-element_type=\"container\" data-e-type=\"container\">\n\t\t\t\t<div class=\"elementor-element elementor-element-6728303 elementor-widget elementor-widget-heading\" data-id=\"6728303\" data-element_type=\"widget\" data-e-type=\"widget\" data-widget_type=\"heading.default\">\n\t\t\t\t<div class=\"elementor-widget-container\">\n\t\t\t\t\t<h2 class=\"elementor-heading-title elementor-size-default\">Treten Sie mit uns in Kontakt<\/h2>\t\t\t\t<\/div>\n\t\t\t\t<\/div>\n\t\t\t\t<div class=\"elementor-element elementor-element-374fe78 elementor-widget elementor-widget-text-editor\" data-id=\"374fe78\" data-element_type=\"widget\" data-e-type=\"widget\" data-widget_type=\"text-editor.default\">\n\t\t\t\t<div class=\"elementor-widget-container\">\n\t\t\t\t\t\t\t\t\t<p>Wir beraten Sie gerne individuell, um Ihre HV optimal vorzubereiten. Dabei arbeiten wir eng mit Partnerunternehmen zusammen, um eine professionelle Organisation der Hauptversammlung sicherzustellen. Von der Backoffice-Organisation \u00fcber die Vorstandsrede bis hin zum Fragen- &amp; Antwortenkatalog bieten wir hier ein breites Leistungsspektrum an. Rufen Sie uns an, wenn auch Ihre Hauptversammlung ein voller Erfolg werden soll.<\/p>\t\t\t\t\t\t\t\t<\/div>\n\t\t\t\t<\/div>\n\t\t\t\t<\/div>\n\t\t\t\t<\/div>\n\t\t\t\t<\/div>\n\t\t\t\t\t<\/div>\n\t\t\t\t<\/div>\n\t\t\t\t<\/div>\n\t\t","protected":false},"excerpt":{"rendered":"<p>Die Hauptversammlung \u2013 mehr als eine Pflichtveranstaltung Sie m\u00f6chten durch eine professionelle Hauptversammlung bei Ihren Aktion\u00e4ren punkten? Sie wollen mit Ihrer Rede \u00fcberzeugen? Oder bei kritischen Themen auf alle Eventualit\u00e4ten vorbereitet sein? Dann sind wir aufgrund unserer langj\u00e4hrigen Erfahrung im Bereich Investor Relations und ESG Ihr zuverl\u00e4ssiger Partner bei der Durchf\u00fchrung Ihrer Hauptversammlung. Als gesetzliches [&hellip;]<\/p>\n","protected":false},"author":1,"featured_media":0,"parent":2175,"menu_order":0,"comment_status":"closed","ping_status":"open","template":"","meta":{"_acf_changed":false,"footnotes":""},"class_list":["post-3361","page","type-page","status-publish","hentry"],"acf":[],"yoast_head":"<!-- This site is optimized with the Yoast SEO Premium plugin v26.2 (Yoast SEO v27.4) - https:\/\/yoast.com\/product\/yoast-seo-premium-wordpress\/ -->\n<title>Hauptversammlung \u2013 Vorbereitung durch den IR-Spezialist | cometis AG<\/title>\n<meta name=\"description\" content=\"Die cometis AG als f\u00fchrende Investor Relations Agentur unterst\u00fctzt Sie bei der professionellen Organisation Ihrer Hauptversammlung.\" \/>\n<meta name=\"robots\" content=\"index, follow, max-snippet:-1, max-image-preview:large, max-video-preview:-1\" \/>\n<link rel=\"canonical\" href=\"https:\/\/www.cometis.de\/de\/services\/investor-relations\/hauptversammlung\/\" \/>\n<meta property=\"og:locale\" content=\"de_DE\" \/>\n<meta property=\"og:type\" content=\"article\" \/>\n<meta property=\"og:title\" content=\"Hauptversammlung\" \/>\n<meta property=\"og:description\" content=\"Die cometis AG als f\u00fchrende Investor Relations Agentur unterst\u00fctzt Sie bei der professionellen Organisation Ihrer Hauptversammlung.\" \/>\n<meta property=\"og:url\" content=\"https:\/\/www.cometis.de\/de\/services\/investor-relations\/hauptversammlung\/\" \/>\n<meta property=\"og:site_name\" content=\"cometis AG\" \/>\n<meta property=\"article:modified_time\" content=\"2025-02-18T05:45:33+00:00\" \/>\n<meta property=\"og:image\" content=\"https:\/\/www.cometis.de\/wp-content\/uploads\/2024\/12-old\/Cometis-Mobile-Logo-1.png\" \/>\n\t<meta property=\"og:image:width\" content=\"171\" \/>\n\t<meta property=\"og:image:height\" content=\"31\" \/>\n\t<meta property=\"og:image:type\" content=\"image\/png\" \/>\n<meta name=\"twitter:card\" content=\"summary_large_image\" \/>\n<meta name=\"twitter:label1\" content=\"Gesch\u00e4tzte Lesezeit\" \/>\n\t<meta name=\"twitter:data1\" content=\"2\u00a0Minuten\" \/>\n<script type=\"application\/ld+json\" class=\"yoast-schema-graph\">{\"@context\":\"https:\\\/\\\/schema.org\",\"@graph\":[{\"@type\":\"WebPage\",\"@id\":\"https:\\\/\\\/www.cometis.de\\\/de\\\/services\\\/investor-relations\\\/hauptversammlung\\\/\",\"url\":\"https:\\\/\\\/www.cometis.de\\\/de\\\/services\\\/investor-relations\\\/hauptversammlung\\\/\",\"name\":\"Hauptversammlung \u2013 Vorbereitung durch den IR-Spezialist | cometis AG\",\"isPartOf\":{\"@id\":\"https:\\\/\\\/www.cometis.de\\\/de\\\/#website\"},\"datePublished\":\"2025-01-20T08:01:29+00:00\",\"dateModified\":\"2025-02-18T05:45:33+00:00\",\"description\":\"Die cometis AG als f\u00fchrende Investor Relations Agentur unterst\u00fctzt Sie bei der professionellen Organisation Ihrer Hauptversammlung.\",\"breadcrumb\":{\"@id\":\"https:\\\/\\\/www.cometis.de\\\/de\\\/services\\\/investor-relations\\\/hauptversammlung\\\/#breadcrumb\"},\"inLanguage\":\"de\",\"potentialAction\":[{\"@type\":\"ReadAction\",\"target\":[\"https:\\\/\\\/www.cometis.de\\\/de\\\/services\\\/investor-relations\\\/hauptversammlung\\\/\"]}]},{\"@type\":\"BreadcrumbList\",\"@id\":\"https:\\\/\\\/www.cometis.de\\\/de\\\/services\\\/investor-relations\\\/hauptversammlung\\\/#breadcrumb\",\"itemListElement\":[{\"@type\":\"ListItem\",\"position\":1,\"name\":\"Home\",\"item\":\"https:\\\/\\\/www.cometis.de\\\/de\\\/\"},{\"@type\":\"ListItem\",\"position\":2,\"name\":\"Services\",\"item\":\"https:\\\/\\\/www.cometis.de\\\/de\\\/services\\\/\"},{\"@type\":\"ListItem\",\"position\":3,\"name\":\"Investor Relations\",\"item\":\"https:\\\/\\\/www.cometis.de\\\/de\\\/services\\\/investor-relations\\\/\"},{\"@type\":\"ListItem\",\"position\":4,\"name\":\"Hauptversammlung\"}]},{\"@type\":\"WebSite\",\"@id\":\"https:\\\/\\\/www.cometis.de\\\/de\\\/#website\",\"url\":\"https:\\\/\\\/www.cometis.de\\\/de\\\/\",\"name\":\"cometis AG\",\"description\":\"Deutschlands f\u00fchrende Investor Relations Agentur\",\"publisher\":{\"@id\":\"https:\\\/\\\/www.cometis.de\\\/de\\\/#organization\"},\"potentialAction\":[{\"@type\":\"SearchAction\",\"target\":{\"@type\":\"EntryPoint\",\"urlTemplate\":\"https:\\\/\\\/www.cometis.de\\\/de\\\/?s={search_term_string}\"},\"query-input\":{\"@type\":\"PropertyValueSpecification\",\"valueRequired\":true,\"valueName\":\"search_term_string\"}}],\"inLanguage\":\"de\"},{\"@type\":\"Organization\",\"@id\":\"https:\\\/\\\/www.cometis.de\\\/de\\\/#organization\",\"name\":\"cometis AG\",\"alternateName\":\"Deutschlands f\u00fchrende Investor Relations Agentur\",\"url\":\"https:\\\/\\\/www.cometis.de\\\/de\\\/\",\"logo\":{\"@type\":\"ImageObject\",\"inLanguage\":\"de\",\"@id\":\"https:\\\/\\\/www.cometis.de\\\/de\\\/#\\\/schema\\\/logo\\\/image\\\/\",\"url\":\"https:\\\/\\\/www.cometis.de\\\/wp-content\\\/uploads\\\/2024\\\/12-old\\\/Cometis-Mobile-Logo-1.png\",\"contentUrl\":\"https:\\\/\\\/www.cometis.de\\\/wp-content\\\/uploads\\\/2024\\\/12-old\\\/Cometis-Mobile-Logo-1.png\",\"width\":171,\"height\":31,\"caption\":\"cometis AG\"},\"image\":{\"@id\":\"https:\\\/\\\/www.cometis.de\\\/de\\\/#\\\/schema\\\/logo\\\/image\\\/\"},\"sameAs\":[\"https:\\\/\\\/www.linkedin.com\\\/company\\\/cometis-ag\\\/\",\"https:\\\/\\\/www.youtube.com\\\/user\\\/cometisAG\"]}]}<\/script>\n<!-- \/ Yoast SEO Premium plugin. -->","yoast_head_json":{"title":"Hauptversammlung \u2013 Vorbereitung durch den IR-Spezialist | cometis AG","description":"Die cometis AG als f\u00fchrende Investor Relations Agentur unterst\u00fctzt Sie bei der professionellen Organisation Ihrer Hauptversammlung.","robots":{"index":"index","follow":"follow","max-snippet":"max-snippet:-1","max-image-preview":"max-image-preview:large","max-video-preview":"max-video-preview:-1"},"canonical":"https:\/\/www.cometis.de\/de\/services\/investor-relations\/hauptversammlung\/","og_locale":"de_DE","og_type":"article","og_title":"Hauptversammlung","og_description":"Die cometis AG als f\u00fchrende Investor Relations Agentur unterst\u00fctzt Sie bei der professionellen Organisation Ihrer Hauptversammlung.","og_url":"https:\/\/www.cometis.de\/de\/services\/investor-relations\/hauptversammlung\/","og_site_name":"cometis AG","article_modified_time":"2025-02-18T05:45:33+00:00","og_image":[{"width":171,"height":31,"url":"https:\/\/www.cometis.de\/wp-content\/uploads\/2024\/12-old\/Cometis-Mobile-Logo-1.png","type":"image\/png"}],"twitter_card":"summary_large_image","twitter_misc":{"Gesch\u00e4tzte Lesezeit":"2\u00a0Minuten"},"schema":{"@context":"https:\/\/schema.org","@graph":[{"@type":"WebPage","@id":"https:\/\/www.cometis.de\/de\/services\/investor-relations\/hauptversammlung\/","url":"https:\/\/www.cometis.de\/de\/services\/investor-relations\/hauptversammlung\/","name":"Hauptversammlung \u2013 Vorbereitung durch den IR-Spezialist | cometis AG","isPartOf":{"@id":"https:\/\/www.cometis.de\/de\/#website"},"datePublished":"2025-01-20T08:01:29+00:00","dateModified":"2025-02-18T05:45:33+00:00","description":"Die cometis AG als f\u00fchrende Investor Relations Agentur unterst\u00fctzt Sie bei der professionellen Organisation Ihrer Hauptversammlung.","breadcrumb":{"@id":"https:\/\/www.cometis.de\/de\/services\/investor-relations\/hauptversammlung\/#breadcrumb"},"inLanguage":"de","potentialAction":[{"@type":"ReadAction","target":["https:\/\/www.cometis.de\/de\/services\/investor-relations\/hauptversammlung\/"]}]},{"@type":"BreadcrumbList","@id":"https:\/\/www.cometis.de\/de\/services\/investor-relations\/hauptversammlung\/#breadcrumb","itemListElement":[{"@type":"ListItem","position":1,"name":"Home","item":"https:\/\/www.cometis.de\/de\/"},{"@type":"ListItem","position":2,"name":"Services","item":"https:\/\/www.cometis.de\/de\/services\/"},{"@type":"ListItem","position":3,"name":"Investor Relations","item":"https:\/\/www.cometis.de\/de\/services\/investor-relations\/"},{"@type":"ListItem","position":4,"name":"Hauptversammlung"}]},{"@type":"WebSite","@id":"https:\/\/www.cometis.de\/de\/#website","url":"https:\/\/www.cometis.de\/de\/","name":"cometis AG","description":"Deutschlands f\u00fchrende Investor Relations Agentur","publisher":{"@id":"https:\/\/www.cometis.de\/de\/#organization"},"potentialAction":[{"@type":"SearchAction","target":{"@type":"EntryPoint","urlTemplate":"https:\/\/www.cometis.de\/de\/?s={search_term_string}"},"query-input":{"@type":"PropertyValueSpecification","valueRequired":true,"valueName":"search_term_string"}}],"inLanguage":"de"},{"@type":"Organization","@id":"https:\/\/www.cometis.de\/de\/#organization","name":"cometis AG","alternateName":"Deutschlands f\u00fchrende Investor Relations Agentur","url":"https:\/\/www.cometis.de\/de\/","logo":{"@type":"ImageObject","inLanguage":"de","@id":"https:\/\/www.cometis.de\/de\/#\/schema\/logo\/image\/","url":"https:\/\/www.cometis.de\/wp-content\/uploads\/2024\/12-old\/Cometis-Mobile-Logo-1.png","contentUrl":"https:\/\/www.cometis.de\/wp-content\/uploads\/2024\/12-old\/Cometis-Mobile-Logo-1.png","width":171,"height":31,"caption":"cometis AG"},"image":{"@id":"https:\/\/www.cometis.de\/de\/#\/schema\/logo\/image\/"},"sameAs":["https:\/\/www.linkedin.com\/company\/cometis-ag\/","https:\/\/www.youtube.com\/user\/cometisAG"]}]}},"_links":{"self":[{"href":"https:\/\/www.cometis.de\/de\/wp-json\/wp\/v2\/pages\/3361","targetHints":{"allow":["GET"]}}],"collection":[{"href":"https:\/\/www.cometis.de\/de\/wp-json\/wp\/v2\/pages"}],"about":[{"href":"https:\/\/www.cometis.de\/de\/wp-json\/wp\/v2\/types\/page"}],"author":[{"embeddable":true,"href":"https:\/\/www.cometis.de\/de\/wp-json\/wp\/v2\/users\/1"}],"replies":[{"embeddable":true,"href":"https:\/\/www.cometis.de\/de\/wp-json\/wp\/v2\/comments?post=3361"}],"version-history":[{"count":3,"href":"https:\/\/www.cometis.de\/de\/wp-json\/wp\/v2\/pages\/3361\/revisions"}],"predecessor-version":[{"id":107458,"href":"https:\/\/www.cometis.de\/de\/wp-json\/wp\/v2\/pages\/3361\/revisions\/107458"}],"up":[{"embeddable":true,"href":"https:\/\/www.cometis.de\/de\/wp-json\/wp\/v2\/pages\/2175"}],"wp:attachment":[{"href":"https:\/\/www.cometis.de\/de\/wp-json\/wp\/v2\/media?parent=3361"}],"curies":[{"name":"wp","href":"https:\/\/api.w.org\/{rel}","templated":true}]}}