{"id":3466,"date":"2025-01-20T11:20:57","date_gmt":"2025-01-20T10:20:57","guid":{"rendered":"https:\/\/cometis.de\/?page_id=3466"},"modified":"2025-02-17T14:35:34","modified_gmt":"2025-02-17T13:35:34","slug":"bond-presse","status":"publish","type":"page","link":"https:\/\/www.cometis.de\/de\/services\/anleihe\/bond-presse\/","title":{"rendered":"Bond-Medienarbeit"},"content":{"rendered":"\t\t<div data-elementor-type=\"wp-page\" data-elementor-id=\"3466\" class=\"elementor elementor-3466\" data-elementor-post-type=\"page\">\n\t\t\t\t<div class=\"elementor-element elementor-element-01fc95d e-flex e-con-boxed e-con e-parent\" data-id=\"01fc95d\" data-element_type=\"container\" data-e-type=\"container\">\n\t\t\t\t\t<div class=\"e-con-inner\">\n\t\t\t\t<div class=\"elementor-element elementor-element-e0b57c6 elementor-widget elementor-widget-template\" data-id=\"e0b57c6\" data-element_type=\"widget\" data-e-type=\"widget\" data-widget_type=\"template.default\">\n\t\t\t\t<div class=\"elementor-widget-container\">\n\t\t\t\t\t\t\t<div class=\"elementor-template\">\n\t\t\t\t\t<div data-elementor-type=\"section\" data-elementor-id=\"766\" class=\"elementor elementor-766\" data-elementor-post-type=\"elementor_library\">\n\t\t\t<div class=\"elementor-element elementor-element-1f34e34 e-flex e-con-boxed e-con e-parent\" data-id=\"1f34e34\" data-element_type=\"container\" data-e-type=\"container\">\n\t\t\t\t\t<div class=\"e-con-inner\">\n\t\t<div class=\"elementor-element elementor-element-e68c844 e-con-full e-flex e-con e-child\" data-id=\"e68c844\" data-element_type=\"container\" data-e-type=\"container\" data-settings=\"{&quot;background_background&quot;:&quot;classic&quot;}\">\n\t\t\t\t<\/div>\n\t\t<div class=\"elementor-element elementor-element-b7dac6f e-con-full e-flex e-con e-child\" data-id=\"b7dac6f\" data-element_type=\"container\" data-e-type=\"container\">\n\t\t\t\t<div class=\"elementor-element elementor-element-ce54cc3 elementor-align-left elementor-widget elementor-widget-breadcrumbs\" data-id=\"ce54cc3\" data-element_type=\"widget\" data-e-type=\"widget\" data-widget_type=\"breadcrumbs.default\">\n\t\t\t\t<div class=\"elementor-widget-container\">\n\t\t\t\t\t<div id=\"breadcrumbs\"><span><span><a href=\"https:\/\/www.cometis.de\/de\/\">Home<\/a><\/span><\/span><\/div>\t\t\t\t<\/div>\n\t\t\t\t<\/div>\n\t\t\t\t<\/div>\n\t\t\t\t\t<\/div>\n\t\t\t\t<\/div>\n\t\t\t\t<\/div>\n\t\t\t\t<\/div>\n\t\t\t\t\t\t<\/div>\n\t\t\t\t<\/div>\n\t\t\t\t\t<\/div>\n\t\t\t\t<\/div>\n\t\t<div class=\"elementor-element elementor-element-42bafc5 cmn-sidebar-content e-flex e-con-boxed e-con e-parent\" data-id=\"42bafc5\" data-element_type=\"container\" data-e-type=\"container\" data-settings=\"{&quot;background_background&quot;:&quot;classic&quot;,&quot;background_motion_fx_motion_fx_scrolling&quot;:&quot;yes&quot;,&quot;background_motion_fx_translateY_effect&quot;:&quot;yes&quot;,&quot;background_motion_fx_translateY_speed&quot;:{&quot;unit&quot;:&quot;px&quot;,&quot;size&quot;:2,&quot;sizes&quot;:[]},&quot;background_motion_fx_translateY_direction&quot;:&quot;negative&quot;,&quot;background_motion_fx_translateY_affectedRange&quot;:{&quot;unit&quot;:&quot;%&quot;,&quot;size&quot;:&quot;&quot;,&quot;sizes&quot;:{&quot;start&quot;:0,&quot;end&quot;:100}},&quot;background_motion_fx_devices&quot;:[&quot;desktop&quot;,&quot;tablet&quot;,&quot;mobile&quot;]}\">\n\t\t\t\t\t<div class=\"e-con-inner\">\n\t\t<div class=\"elementor-element elementor-element-414164c e-con-full cmn-sidebar-content p-100 e-flex e-con e-child\" data-id=\"414164c\" data-element_type=\"container\" data-e-type=\"container\">\n\t\t<div class=\"elementor-element elementor-element-2c5de20 e-con-full cmn-content-box e-flex e-con e-child\" data-id=\"2c5de20\" data-element_type=\"container\" data-e-type=\"container\">\n\t\t<div class=\"elementor-element elementor-element-da8a6e6 e-con-full cmn-content-box-container e-flex e-con e-child\" data-id=\"da8a6e6\" data-element_type=\"container\" data-e-type=\"container\">\n\t\t\t\t<div class=\"elementor-element elementor-element-52e59b4 elementor-widget elementor-widget-heading\" data-id=\"52e59b4\" data-element_type=\"widget\" data-e-type=\"widget\" data-widget_type=\"heading.default\">\n\t\t\t\t<div class=\"elementor-widget-container\">\n\t\t\t\t\t<h2 class=\"elementor-heading-title elementor-size-default\">Berichterstattung in Anleihemedien durch Bond-Medienarbeit aktiv steuern<\/h2>\t\t\t\t<\/div>\n\t\t\t\t<\/div>\n\t\t\t\t<div class=\"elementor-element elementor-element-1ad8ff2 elementor-widget elementor-widget-text-editor\" data-id=\"1ad8ff2\" data-element_type=\"widget\" data-e-type=\"widget\" data-widget_type=\"text-editor.default\">\n\t\t\t\t<div class=\"elementor-widget-container\">\n\t\t\t\t\t\t\t\t\t<p>Bei der Emission einer Anleihe ist gerade bei mittelst\u00e4ndischen Unternehmen eine gezielte Bond-Medienarbeit von hoher Bedeutung. Denn Investoren solcher Wertpapiere sind i.d.R. Verm\u00f6gensverwaltungen, die \u00fcber kein eigenes Research verf\u00fcgen. Umso wichtiger ist es, die Berichterstattung in den relevanten Wirtschafts- und Finanzmedien aktiv zu steuern und die Medienberichte \u00fcber Ihr Unternehmen positiv zu beeinflussen.<\/p>\t\t\t\t\t\t\t\t<\/div>\n\t\t\t\t<\/div>\n\t\t\t\t<div class=\"elementor-element elementor-element-0b3d608 elementor-widget elementor-widget-button\" data-id=\"0b3d608\" data-element_type=\"widget\" data-e-type=\"widget\" data-widget_type=\"button.default\">\n\t\t\t\t<div class=\"elementor-widget-container\">\n\t\t\t\t\t\t\t\t\t<div class=\"elementor-button-wrapper\">\n\t\t\t\t\t<a class=\"elementor-button elementor-button-link elementor-size-sm\" href=\"https:\/\/www.cometis.de\/de\/services\/anleihe\/\">\n\t\t\t\t\t\t<span class=\"elementor-button-content-wrapper\">\n\t\t\t\t\t\t\t\t\t<span class=\"elementor-button-text\">Unsere Referenzen<\/span>\n\t\t\t\t\t<\/span>\n\t\t\t\t\t<\/a>\n\t\t\t\t<\/div>\n\t\t\t\t\t\t\t\t<\/div>\n\t\t\t\t<\/div>\n\t\t\t\t<\/div>\n\t\t<div class=\"elementor-element elementor-element-b5b3014 e-con-full cmn-content-box-container e-flex e-con e-child\" data-id=\"b5b3014\" data-element_type=\"container\" data-e-type=\"container\">\n\t\t\t\t<div class=\"elementor-element elementor-element-17d9c15 elementor-widget elementor-widget-heading\" data-id=\"17d9c15\" data-element_type=\"widget\" data-e-type=\"widget\" data-widget_type=\"heading.default\">\n\t\t\t\t<div class=\"elementor-widget-container\">\n\t\t\t\t\t<h2 class=\"elementor-heading-title elementor-size-default\">Auf Mediengespr\u00e4che zur Anleihe gut vorbereitet sein<\/h2>\t\t\t\t<\/div>\n\t\t\t\t<\/div>\n\t\t\t\t<div class=\"elementor-element elementor-element-83438a4 elementor-widget elementor-widget-text-editor\" data-id=\"83438a4\" data-element_type=\"widget\" data-e-type=\"widget\" data-widget_type=\"text-editor.default\">\n\t\t\t\t<div class=\"elementor-widget-container\">\n\t\t\t\t\t\t\t\t\t<p>Mittelst\u00e4ndische Unternehmen haben h\u00e4ufig nur selten Kontakt zu Journalisten. Eine aktive Medienarbeit findet meistens nicht statt. Als langj\u00e4hriger Experte in der Finanzkommunikation pflegen wir einen kontinuierlichen Umgang mit der Bond-Presse. Wir stellen f\u00fcr Sie den Kontakt zu den relevanten Finanz- und Wirtschaftsjournalisten her und bieten Ihnen die M\u00f6glichkeit, sich in einem intensiven Medientraining auf die Gespr\u00e4che mit Journalisten vorzubereiten. Denn hier k\u00f6nnen Sie auch mit kritischen Fragen konfrontiert werden, die Sie mit klaren Botschaften beantworten k\u00f6nnen. Zu vielen Journalisten pflegen wir regelm\u00e4\u00dfig Kontakt. Daher k\u00f6nnen wir unsere Kunden im Rahmen der Medienarbeit optimal auf diese Gespr\u00e4che vorbereiten und Ihnen im Vorfeld eine fundierte Einsch\u00e4tzung zu dem jeweiligen Gespr\u00e4chspartner geben.<\/p>\t\t\t\t\t\t\t\t<\/div>\n\t\t\t\t<\/div>\n\t\t\t\t<\/div>\n\t\t<div class=\"elementor-element elementor-element-64d4cbe e-con-full cmn-content-box-container e-flex e-con e-child\" data-id=\"64d4cbe\" data-element_type=\"container\" data-e-type=\"container\">\n\t\t\t\t<div class=\"elementor-element elementor-element-977526e elementor-widget elementor-widget-heading\" data-id=\"977526e\" data-element_type=\"widget\" data-e-type=\"widget\" data-widget_type=\"heading.default\">\n\t\t\t\t<div class=\"elementor-widget-container\">\n\t\t\t\t\t<h2 class=\"elementor-heading-title elementor-size-default\">Ihr starker Partner f\u00fcr die Bond-Medienarbeit<\/h2>\t\t\t\t<\/div>\n\t\t\t\t<\/div>\n\t\t\t\t<div class=\"elementor-element elementor-element-6840933 elementor-widget elementor-widget-text-editor\" data-id=\"6840933\" data-element_type=\"widget\" data-e-type=\"widget\" data-widget_type=\"text-editor.default\">\n\t\t\t\t<div class=\"elementor-widget-container\">\n\t\t\t\t\t\t\t\t\t<p>Aus vielen Transaktionen kennen wir die Tricks und Kniffe der Medienarbeit. Sie ist ein entscheidender Faktor f\u00fcr eine erfolgreiche Anleiheemission. Sprechen Sie uns an, wenn Sie mit einer erfolgreichen Medienarbeit zum Gelingen der Anleiheplatzierung beitragen wollen.<\/p>\t\t\t\t\t\t\t\t<\/div>\n\t\t\t\t<\/div>\n\t\t\t\t<\/div>\n\t\t\t\t<\/div>\n\t\t\t\t<\/div>\n\t\t\t\t\t<\/div>\n\t\t\t\t<\/div>\n\t\t\t\t<\/div>\n\t\t","protected":false},"excerpt":{"rendered":"<p>Berichterstattung in Anleihemedien durch Bond-Medienarbeit aktiv steuern Bei der Emission einer Anleihe ist gerade bei mittelst\u00e4ndischen Unternehmen eine gezielte Bond-Medienarbeit von hoher Bedeutung. Denn Investoren solcher Wertpapiere sind i.d.R. Verm\u00f6gensverwaltungen, die \u00fcber kein eigenes Research verf\u00fcgen. Umso wichtiger ist es, die Berichterstattung in den relevanten Wirtschafts- und Finanzmedien aktiv zu steuern und die Medienberichte \u00fcber [&hellip;]<\/p>\n","protected":false},"author":1,"featured_media":0,"parent":3425,"menu_order":0,"comment_status":"closed","ping_status":"open","template":"","meta":{"_acf_changed":false,"footnotes":""},"class_list":["post-3466","page","type-page","status-publish","hentry"],"acf":[],"yoast_head":"<!-- This site is optimized with the Yoast SEO Premium plugin v26.2 (Yoast SEO v27.4) - https:\/\/yoast.com\/product\/yoast-seo-premium-wordpress\/ -->\n<title>Bond-Medienarbeit \u2013 Bond Anleihemedien gezielt informieren | cometis AG<\/title>\n<meta name=\"description\" content=\"F\u00fcr eine erfolgreiche Anleiheemission ist die Platzierung des Unternehmens in den Anleihemedien entscheidend. Wir unterst\u00fctzen Ihre Bond-Medienarbeit.\" \/>\n<meta name=\"robots\" content=\"index, follow, max-snippet:-1, max-image-preview:large, max-video-preview:-1\" \/>\n<link rel=\"canonical\" href=\"https:\/\/www.cometis.de\/de\/services\/anleihe\/bond-presse\/\" \/>\n<meta property=\"og:locale\" content=\"de_DE\" \/>\n<meta property=\"og:type\" content=\"article\" \/>\n<meta property=\"og:title\" content=\"Bond-Medienarbeit\" \/>\n<meta property=\"og:description\" content=\"F\u00fcr eine erfolgreiche Anleiheemission ist die Platzierung des Unternehmens in den Anleihemedien entscheidend. Wir unterst\u00fctzen Ihre Bond-Medienarbeit.\" \/>\n<meta property=\"og:url\" content=\"https:\/\/www.cometis.de\/de\/services\/anleihe\/bond-presse\/\" \/>\n<meta property=\"og:site_name\" content=\"cometis AG\" \/>\n<meta property=\"article:modified_time\" content=\"2025-02-17T13:35:34+00:00\" \/>\n<meta property=\"og:image\" content=\"https:\/\/www.cometis.de\/wp-content\/uploads\/2024\/12-old\/Cometis-Mobile-Logo-1.png\" \/>\n\t<meta property=\"og:image:width\" content=\"171\" \/>\n\t<meta property=\"og:image:height\" content=\"31\" \/>\n\t<meta property=\"og:image:type\" content=\"image\/png\" \/>\n<meta name=\"twitter:card\" content=\"summary_large_image\" \/>\n<meta name=\"twitter:label1\" content=\"Gesch\u00e4tzte Lesezeit\" \/>\n\t<meta name=\"twitter:data1\" content=\"2\u00a0Minuten\" \/>\n<script type=\"application\/ld+json\" class=\"yoast-schema-graph\">{\"@context\":\"https:\\\/\\\/schema.org\",\"@graph\":[{\"@type\":\"WebPage\",\"@id\":\"https:\\\/\\\/www.cometis.de\\\/de\\\/services\\\/anleihe\\\/bond-presse\\\/\",\"url\":\"https:\\\/\\\/www.cometis.de\\\/de\\\/services\\\/anleihe\\\/bond-presse\\\/\",\"name\":\"Bond-Medienarbeit \u2013 Bond Anleihemedien gezielt informieren | cometis AG\",\"isPartOf\":{\"@id\":\"https:\\\/\\\/www.cometis.de\\\/de\\\/#website\"},\"datePublished\":\"2025-01-20T10:20:57+00:00\",\"dateModified\":\"2025-02-17T13:35:34+00:00\",\"description\":\"F\u00fcr eine erfolgreiche Anleiheemission ist die Platzierung des Unternehmens in den Anleihemedien entscheidend. Wir unterst\u00fctzen Ihre Bond-Medienarbeit.\",\"breadcrumb\":{\"@id\":\"https:\\\/\\\/www.cometis.de\\\/de\\\/services\\\/anleihe\\\/bond-presse\\\/#breadcrumb\"},\"inLanguage\":\"de\",\"potentialAction\":[{\"@type\":\"ReadAction\",\"target\":[\"https:\\\/\\\/www.cometis.de\\\/de\\\/services\\\/anleihe\\\/bond-presse\\\/\"]}]},{\"@type\":\"BreadcrumbList\",\"@id\":\"https:\\\/\\\/www.cometis.de\\\/de\\\/services\\\/anleihe\\\/bond-presse\\\/#breadcrumb\",\"itemListElement\":[{\"@type\":\"ListItem\",\"position\":1,\"name\":\"Home\",\"item\":\"https:\\\/\\\/www.cometis.de\\\/de\\\/\"},{\"@type\":\"ListItem\",\"position\":2,\"name\":\"Services\",\"item\":\"https:\\\/\\\/www.cometis.de\\\/de\\\/services\\\/\"},{\"@type\":\"ListItem\",\"position\":3,\"name\":\"Anleihe\",\"item\":\"https:\\\/\\\/www.cometis.de\\\/de\\\/services\\\/anleihe\\\/\"},{\"@type\":\"ListItem\",\"position\":4,\"name\":\"Bond-Medienarbeit\"}]},{\"@type\":\"WebSite\",\"@id\":\"https:\\\/\\\/www.cometis.de\\\/de\\\/#website\",\"url\":\"https:\\\/\\\/www.cometis.de\\\/de\\\/\",\"name\":\"cometis AG\",\"description\":\"Deutschlands f\u00fchrende Investor Relations Agentur\",\"publisher\":{\"@id\":\"https:\\\/\\\/www.cometis.de\\\/de\\\/#organization\"},\"potentialAction\":[{\"@type\":\"SearchAction\",\"target\":{\"@type\":\"EntryPoint\",\"urlTemplate\":\"https:\\\/\\\/www.cometis.de\\\/de\\\/?s={search_term_string}\"},\"query-input\":{\"@type\":\"PropertyValueSpecification\",\"valueRequired\":true,\"valueName\":\"search_term_string\"}}],\"inLanguage\":\"de\"},{\"@type\":\"Organization\",\"@id\":\"https:\\\/\\\/www.cometis.de\\\/de\\\/#organization\",\"name\":\"cometis AG\",\"alternateName\":\"Deutschlands f\u00fchrende Investor Relations Agentur\",\"url\":\"https:\\\/\\\/www.cometis.de\\\/de\\\/\",\"logo\":{\"@type\":\"ImageObject\",\"inLanguage\":\"de\",\"@id\":\"https:\\\/\\\/www.cometis.de\\\/de\\\/#\\\/schema\\\/logo\\\/image\\\/\",\"url\":\"https:\\\/\\\/www.cometis.de\\\/wp-content\\\/uploads\\\/2024\\\/12-old\\\/Cometis-Mobile-Logo-1.png\",\"contentUrl\":\"https:\\\/\\\/www.cometis.de\\\/wp-content\\\/uploads\\\/2024\\\/12-old\\\/Cometis-Mobile-Logo-1.png\",\"width\":171,\"height\":31,\"caption\":\"cometis AG\"},\"image\":{\"@id\":\"https:\\\/\\\/www.cometis.de\\\/de\\\/#\\\/schema\\\/logo\\\/image\\\/\"},\"sameAs\":[\"https:\\\/\\\/www.linkedin.com\\\/company\\\/cometis-ag\\\/\",\"https:\\\/\\\/www.youtube.com\\\/user\\\/cometisAG\"]}]}<\/script>\n<!-- \/ Yoast SEO Premium plugin. -->","yoast_head_json":{"title":"Bond-Medienarbeit \u2013 Bond Anleihemedien gezielt informieren | cometis AG","description":"F\u00fcr eine erfolgreiche Anleiheemission ist die Platzierung des Unternehmens in den Anleihemedien entscheidend. Wir unterst\u00fctzen Ihre Bond-Medienarbeit.","robots":{"index":"index","follow":"follow","max-snippet":"max-snippet:-1","max-image-preview":"max-image-preview:large","max-video-preview":"max-video-preview:-1"},"canonical":"https:\/\/www.cometis.de\/de\/services\/anleihe\/bond-presse\/","og_locale":"de_DE","og_type":"article","og_title":"Bond-Medienarbeit","og_description":"F\u00fcr eine erfolgreiche Anleiheemission ist die Platzierung des Unternehmens in den Anleihemedien entscheidend. Wir unterst\u00fctzen Ihre Bond-Medienarbeit.","og_url":"https:\/\/www.cometis.de\/de\/services\/anleihe\/bond-presse\/","og_site_name":"cometis AG","article_modified_time":"2025-02-17T13:35:34+00:00","og_image":[{"width":171,"height":31,"url":"https:\/\/www.cometis.de\/wp-content\/uploads\/2024\/12-old\/Cometis-Mobile-Logo-1.png","type":"image\/png"}],"twitter_card":"summary_large_image","twitter_misc":{"Gesch\u00e4tzte Lesezeit":"2\u00a0Minuten"},"schema":{"@context":"https:\/\/schema.org","@graph":[{"@type":"WebPage","@id":"https:\/\/www.cometis.de\/de\/services\/anleihe\/bond-presse\/","url":"https:\/\/www.cometis.de\/de\/services\/anleihe\/bond-presse\/","name":"Bond-Medienarbeit \u2013 Bond Anleihemedien gezielt informieren | cometis AG","isPartOf":{"@id":"https:\/\/www.cometis.de\/de\/#website"},"datePublished":"2025-01-20T10:20:57+00:00","dateModified":"2025-02-17T13:35:34+00:00","description":"F\u00fcr eine erfolgreiche Anleiheemission ist die Platzierung des Unternehmens in den Anleihemedien entscheidend. Wir unterst\u00fctzen Ihre Bond-Medienarbeit.","breadcrumb":{"@id":"https:\/\/www.cometis.de\/de\/services\/anleihe\/bond-presse\/#breadcrumb"},"inLanguage":"de","potentialAction":[{"@type":"ReadAction","target":["https:\/\/www.cometis.de\/de\/services\/anleihe\/bond-presse\/"]}]},{"@type":"BreadcrumbList","@id":"https:\/\/www.cometis.de\/de\/services\/anleihe\/bond-presse\/#breadcrumb","itemListElement":[{"@type":"ListItem","position":1,"name":"Home","item":"https:\/\/www.cometis.de\/de\/"},{"@type":"ListItem","position":2,"name":"Services","item":"https:\/\/www.cometis.de\/de\/services\/"},{"@type":"ListItem","position":3,"name":"Anleihe","item":"https:\/\/www.cometis.de\/de\/services\/anleihe\/"},{"@type":"ListItem","position":4,"name":"Bond-Medienarbeit"}]},{"@type":"WebSite","@id":"https:\/\/www.cometis.de\/de\/#website","url":"https:\/\/www.cometis.de\/de\/","name":"cometis AG","description":"Deutschlands f\u00fchrende Investor Relations Agentur","publisher":{"@id":"https:\/\/www.cometis.de\/de\/#organization"},"potentialAction":[{"@type":"SearchAction","target":{"@type":"EntryPoint","urlTemplate":"https:\/\/www.cometis.de\/de\/?s={search_term_string}"},"query-input":{"@type":"PropertyValueSpecification","valueRequired":true,"valueName":"search_term_string"}}],"inLanguage":"de"},{"@type":"Organization","@id":"https:\/\/www.cometis.de\/de\/#organization","name":"cometis AG","alternateName":"Deutschlands f\u00fchrende Investor Relations Agentur","url":"https:\/\/www.cometis.de\/de\/","logo":{"@type":"ImageObject","inLanguage":"de","@id":"https:\/\/www.cometis.de\/de\/#\/schema\/logo\/image\/","url":"https:\/\/www.cometis.de\/wp-content\/uploads\/2024\/12-old\/Cometis-Mobile-Logo-1.png","contentUrl":"https:\/\/www.cometis.de\/wp-content\/uploads\/2024\/12-old\/Cometis-Mobile-Logo-1.png","width":171,"height":31,"caption":"cometis AG"},"image":{"@id":"https:\/\/www.cometis.de\/de\/#\/schema\/logo\/image\/"},"sameAs":["https:\/\/www.linkedin.com\/company\/cometis-ag\/","https:\/\/www.youtube.com\/user\/cometisAG"]}]}},"_links":{"self":[{"href":"https:\/\/www.cometis.de\/de\/wp-json\/wp\/v2\/pages\/3466","targetHints":{"allow":["GET"]}}],"collection":[{"href":"https:\/\/www.cometis.de\/de\/wp-json\/wp\/v2\/pages"}],"about":[{"href":"https:\/\/www.cometis.de\/de\/wp-json\/wp\/v2\/types\/page"}],"author":[{"embeddable":true,"href":"https:\/\/www.cometis.de\/de\/wp-json\/wp\/v2\/users\/1"}],"replies":[{"embeddable":true,"href":"https:\/\/www.cometis.de\/de\/wp-json\/wp\/v2\/comments?post=3466"}],"version-history":[{"count":3,"href":"https:\/\/www.cometis.de\/de\/wp-json\/wp\/v2\/pages\/3466\/revisions"}],"predecessor-version":[{"id":107280,"href":"https:\/\/www.cometis.de\/de\/wp-json\/wp\/v2\/pages\/3466\/revisions\/107280"}],"up":[{"embeddable":true,"href":"https:\/\/www.cometis.de\/de\/wp-json\/wp\/v2\/pages\/3425"}],"wp:attachment":[{"href":"https:\/\/www.cometis.de\/de\/wp-json\/wp\/v2\/media?parent=3466"}],"curies":[{"name":"wp","href":"https:\/\/api.w.org\/{rel}","templated":true}]}}