{"id":3487,"date":"2025-01-20T11:32:47","date_gmt":"2025-01-20T10:32:47","guid":{"rendered":"https:\/\/cometis.de\/?page_id=3487"},"modified":"2025-04-04T14:20:02","modified_gmt":"2025-04-04T12:20:02","slug":"krisenkommunikation","status":"publish","type":"page","link":"https:\/\/www.cometis.de\/de\/services\/krisenkommunikation\/","title":{"rendered":"Krisenkommunikation"},"content":{"rendered":"\t\t<div data-elementor-type=\"wp-page\" data-elementor-id=\"3487\" class=\"elementor elementor-3487\" data-elementor-post-type=\"page\">\n\t\t\t\t<div class=\"elementor-element elementor-element-74e4f09 e-flex e-con-boxed e-con e-parent\" data-id=\"74e4f09\" data-element_type=\"container\" data-e-type=\"container\">\n\t\t\t\t\t<div class=\"e-con-inner\">\n\t\t\t\t<div class=\"elementor-element elementor-element-646e940 elementor-widget elementor-widget-template\" data-id=\"646e940\" data-element_type=\"widget\" data-e-type=\"widget\" data-widget_type=\"template.default\">\n\t\t\t\t<div class=\"elementor-widget-container\">\n\t\t\t\t\t\t\t<div class=\"elementor-template\">\n\t\t\t\t\t<div data-elementor-type=\"section\" data-elementor-id=\"766\" class=\"elementor elementor-766\" data-elementor-post-type=\"elementor_library\">\n\t\t\t<div class=\"elementor-element elementor-element-1f34e34 e-flex e-con-boxed e-con e-parent\" data-id=\"1f34e34\" data-element_type=\"container\" data-e-type=\"container\">\n\t\t\t\t\t<div class=\"e-con-inner\">\n\t\t<div class=\"elementor-element elementor-element-e68c844 e-con-full e-flex e-con e-child\" data-id=\"e68c844\" data-element_type=\"container\" data-e-type=\"container\" data-settings=\"{&quot;background_background&quot;:&quot;classic&quot;}\">\n\t\t\t\t<\/div>\n\t\t<div class=\"elementor-element elementor-element-b7dac6f e-con-full e-flex e-con e-child\" data-id=\"b7dac6f\" data-element_type=\"container\" data-e-type=\"container\">\n\t\t\t\t<div class=\"elementor-element elementor-element-ce54cc3 elementor-align-left elementor-widget elementor-widget-breadcrumbs\" data-id=\"ce54cc3\" data-element_type=\"widget\" data-e-type=\"widget\" data-widget_type=\"breadcrumbs.default\">\n\t\t\t\t<div class=\"elementor-widget-container\">\n\t\t\t\t\t<div id=\"breadcrumbs\"><span><span><a href=\"https:\/\/www.cometis.de\/de\/\">Home<\/a><\/span><\/span><\/div>\t\t\t\t<\/div>\n\t\t\t\t<\/div>\n\t\t\t\t<\/div>\n\t\t\t\t\t<\/div>\n\t\t\t\t<\/div>\n\t\t\t\t<\/div>\n\t\t\t\t<\/div>\n\t\t\t\t\t\t<\/div>\n\t\t\t\t<\/div>\n\t\t\t\t\t<\/div>\n\t\t\t\t<\/div>\n\t\t<div class=\"elementor-element elementor-element-ef55d9a cmn-sidebar-content e-flex e-con-boxed e-con e-parent\" data-id=\"ef55d9a\" data-element_type=\"container\" data-e-type=\"container\" data-settings=\"{&quot;background_background&quot;:&quot;classic&quot;,&quot;background_motion_fx_motion_fx_scrolling&quot;:&quot;yes&quot;,&quot;background_motion_fx_translateY_effect&quot;:&quot;yes&quot;,&quot;background_motion_fx_translateY_speed&quot;:{&quot;unit&quot;:&quot;px&quot;,&quot;size&quot;:2,&quot;sizes&quot;:[]},&quot;background_motion_fx_translateY_direction&quot;:&quot;negative&quot;,&quot;background_motion_fx_translateY_affectedRange&quot;:{&quot;unit&quot;:&quot;%&quot;,&quot;size&quot;:&quot;&quot;,&quot;sizes&quot;:{&quot;start&quot;:0,&quot;end&quot;:100}},&quot;background_motion_fx_devices&quot;:[&quot;desktop&quot;,&quot;tablet&quot;,&quot;mobile&quot;]}\">\n\t\t\t\t\t<div class=\"e-con-inner\">\n\t\t<div class=\"elementor-element elementor-element-a5b5511 e-con-full cmn-sidebar-content p-100 e-flex e-con e-child\" data-id=\"a5b5511\" data-element_type=\"container\" data-e-type=\"container\">\n\t\t<div class=\"elementor-element elementor-element-49c78ca e-con-full cmn-content-box e-flex e-con e-child\" data-id=\"49c78ca\" data-element_type=\"container\" data-e-type=\"container\">\n\t\t<div class=\"elementor-element elementor-element-5a23aab e-con-full cmn-content-box-container e-flex e-con e-child\" data-id=\"5a23aab\" data-element_type=\"container\" data-e-type=\"container\">\n\t\t\t\t<div class=\"elementor-element elementor-element-6c8a1cf elementor-widget elementor-widget-heading\" data-id=\"6c8a1cf\" data-element_type=\"widget\" data-e-type=\"widget\" data-widget_type=\"heading.default\">\n\t\t\t\t<div class=\"elementor-widget-container\">\n\t\t\t\t\t<h2 class=\"elementor-heading-title elementor-size-default\">Deutungshoheit in der Krise behalten<\/h2>\t\t\t\t<\/div>\n\t\t\t\t<\/div>\n\t\t\t\t<div class=\"elementor-element elementor-element-ea3bb9b elementor-widget elementor-widget-text-editor\" data-id=\"ea3bb9b\" data-element_type=\"widget\" data-e-type=\"widget\" data-widget_type=\"text-editor.default\">\n\t\t\t\t<div class=\"elementor-widget-container\">\n\t\t\t\t\t\t\t\t\t<p>Durch Managementfehler, Gewinnwarnungen oder Produktm\u00e4ngel kann ein b\u00f6rsennotiertes Unternehmen in eine Krise geraten \u2013 und muss dazu gegen\u00fcber seinen Anspruchsgruppen Stellung nehmen. Als Spezialist f\u00fcr strategische Finanz-, ESG- und Unternehmenskommunikation ber\u00e4t Sie die cometis AG in allen Fragen der Krisenkommunikation und tr\u00e4gt dazu bei, diese Ausnahmesituation souver\u00e4n zu meistern. Schnelligkeit, Zuverl\u00e4ssigkeit und Offenheit sind entscheidende Faktoren in der Krisenkommunikation. Werden diese Punkte eingehalten, st\u00e4rkt dies tendenziell die Position des Unternehmens in der \u00d6ffentlichkeit. Um Unsicherheiten in Ausnahmesituationen vorzubeugen, sind Vorbereitungsma\u00dfnahmen empfehlenswert. Ausgearbeitete Handlungsempfehlungen und Q&amp;A-Kataloge helfen, auf m\u00f6gliche Szenarien besser vorbereitet zu sein.<\/p>\t\t\t\t\t\t\t\t<\/div>\n\t\t\t\t<\/div>\n\t\t\t\t<div class=\"elementor-element elementor-element-7fe5550 cmn-content-box-btn elementor-widget elementor-widget-button\" data-id=\"7fe5550\" data-element_type=\"widget\" data-e-type=\"widget\" data-widget_type=\"button.default\">\n\t\t\t\t<div class=\"elementor-widget-container\">\n\t\t\t\t\t\t\t\t\t<div class=\"elementor-button-wrapper\">\n\t\t\t\t\t<a class=\"elementor-button elementor-button-link elementor-size-sm\" href=\"\/de\/cometis-ag\/referenzen\">\n\t\t\t\t\t\t<span class=\"elementor-button-content-wrapper\">\n\t\t\t\t\t\t<span class=\"elementor-button-icon\">\n\t\t\t\t<svg aria-hidden=\"true\" class=\"e-font-icon-svg e-fas-chevron-right\" viewBox=\"0 0 320 512\" xmlns=\"http:\/\/www.w3.org\/2000\/svg\"><path d=\"M285.476 272.971L91.132 467.314c-9.373 9.373-24.569 9.373-33.941 0l-22.667-22.667c-9.357-9.357-9.375-24.522-.04-33.901L188.505 256 34.484 101.255c-9.335-9.379-9.317-24.544.04-33.901l22.667-22.667c9.373-9.373 24.569-9.373 33.941 0L285.475 239.03c9.373 9.372 9.373 24.568.001 33.941z\"><\/path><\/svg>\t\t\t<\/span>\n\t\t\t\t\t\t\t\t\t<span class=\"elementor-button-text\">Unsere Referenzen<\/span>\n\t\t\t\t\t<\/span>\n\t\t\t\t\t<\/a>\n\t\t\t\t<\/div>\n\t\t\t\t\t\t\t\t<\/div>\n\t\t\t\t<\/div>\n\t\t\t\t<\/div>\n\t\t<div class=\"elementor-element elementor-element-c0623e9 e-con-full cmn-content-box-container e-flex e-con e-child\" data-id=\"c0623e9\" data-element_type=\"container\" data-e-type=\"container\">\n\t\t\t\t<div class=\"elementor-element elementor-element-4f8fafd elementor-widget elementor-widget-heading\" data-id=\"4f8fafd\" data-element_type=\"widget\" data-e-type=\"widget\" data-widget_type=\"heading.default\">\n\t\t\t\t<div class=\"elementor-widget-container\">\n\t\t\t\t\t<h2 class=\"elementor-heading-title elementor-size-default\">Investoren durch intensive IR-Arbeit ins Boot holen<\/h2>\t\t\t\t<\/div>\n\t\t\t\t<\/div>\n\t\t\t\t<div class=\"elementor-element elementor-element-5c7b4ba elementor-widget elementor-widget-text-editor\" data-id=\"5c7b4ba\" data-element_type=\"widget\" data-e-type=\"widget\" data-widget_type=\"text-editor.default\">\n\t\t\t\t<div class=\"elementor-widget-container\">\n\t\t\t\t\t\t\t\t\t<p>In Krisenf\u00e4llen haben die Kommunikationsverantwortlichen eine erhebliche Verantwortung zu tragen, insbesondere bei gro\u00dfen und b\u00f6rsennotierten Unternehmen. Sie stehen automatisch im \u00f6ffentlichen Interesse. Besteht eine B\u00f6rsennotierung, ist das Unternehmen zudem seinen Investoren verpflichtet und muss gesetzliche Publizit\u00e4tsvorschriften beachten.<br \/>B\u00f6rsennotierte Unternehmen sind auf die Loyalit\u00e4t ihrer Investoren angewiesen. Um das Vertrauen der Anleger herzustellen und beizubehalten, muss intensive Investor-Relations-Arbeit betrieben werden. Das gilt auch f\u00fcr eine Krisensituation.<\/p>\t\t\t\t\t\t\t\t<\/div>\n\t\t\t\t<\/div>\n\t\t\t\t<\/div>\n\t\t<div class=\"elementor-element elementor-element-17a9020 e-con-full cmn-content-box-container e-flex e-con e-child\" data-id=\"17a9020\" data-element_type=\"container\" data-e-type=\"container\">\n\t\t\t\t<div class=\"elementor-element elementor-element-6dc36e4 elementor-widget elementor-widget-heading\" data-id=\"6dc36e4\" data-element_type=\"widget\" data-e-type=\"widget\" data-widget_type=\"heading.default\">\n\t\t\t\t<div class=\"elementor-widget-container\">\n\t\t\t\t\t<h2 class=\"elementor-heading-title elementor-size-default\">Krisenkommunikation sorgt f\u00fcr Transparenz<\/h2>\t\t\t\t<\/div>\n\t\t\t\t<\/div>\n\t\t\t\t<div class=\"elementor-element elementor-element-be83cb8 elementor-widget elementor-widget-text-editor\" data-id=\"be83cb8\" data-element_type=\"widget\" data-e-type=\"widget\" data-widget_type=\"text-editor.default\">\n\t\t\t\t<div class=\"elementor-widget-container\">\n\t\t\t\t\t\t\t\t\t<p>Bei der Analyse der Situation ist zun\u00e4chst eine Kl\u00e4rung der Ad-hoc-Frage wichtig. Unter die Ad-hoc-Pflicht fallen Ereignisse, deren Tragweite potenziell den Aktienkurs des Unternehmens beeinflussen k\u00f6nnen. Ist diese Bedingung erf\u00fcllt, m\u00fcssen alle Investoren unverz\u00fcglich, also ohne schuldhaftes Verz\u00f6gern, per <a href=\"https:\/\/www.cometis.de\/de\/services\/investor-relations\/medienarbeit\/ad-hoc-mitteilungen\/\">Ad-hoc-Mitteilung<\/a> \u00fcber den Sachverhalt informiert werden. Diese Mitteilung darf nur die wichtigsten Informationen enthalten und beispielsweise keine Zitate des Vorstands. Es empfiehlt sich daher, neben der Ad-hoc-Meldung eine Pressemeldung mit einer ausf\u00fchrlichen Stellungnahme zur Sichtweise des Unternehmens zu ver\u00f6ffentlichen.<\/p>\t\t\t\t\t\t\t\t<\/div>\n\t\t\t\t<\/div>\n\t\t\t\t<\/div>\n\t\t<div class=\"elementor-element elementor-element-7fa3220 e-con-full cmn-content-box-container e-flex e-con e-child\" data-id=\"7fa3220\" data-element_type=\"container\" data-e-type=\"container\">\n\t\t\t\t<div class=\"elementor-element elementor-element-caeb143 elementor-widget elementor-widget-heading\" data-id=\"caeb143\" data-element_type=\"widget\" data-e-type=\"widget\" data-widget_type=\"heading.default\">\n\t\t\t\t<div class=\"elementor-widget-container\">\n\t\t\t\t\t<h2 class=\"elementor-heading-title elementor-size-default\">Dank Krisenkommunikation neues Vertrauen aufbauen<\/h2>\t\t\t\t<\/div>\n\t\t\t\t<\/div>\n\t\t\t\t<div class=\"elementor-element elementor-element-8ef4ee7 elementor-widget elementor-widget-text-editor\" data-id=\"8ef4ee7\" data-element_type=\"widget\" data-e-type=\"widget\" data-widget_type=\"text-editor.default\">\n\t\t\t\t<div class=\"elementor-widget-container\">\n\t\t\t\t\t\t\t\t\t<p>Die Krisenkommunikation sollte auf keinen Fall mit der Ver\u00f6ffentlichung schriftlicher Mitteilungen beendet werden. Weitaus wichtiger f\u00fcr die Pflege des Vertrauensverh\u00e4ltnisses zu den Investoren ist der pers\u00f6nliche Kontakt \u00fcber 1on1s oder Telefonate. In einer Krisensituation zahlt es sich aus, eine einen engen Kontakt zu seinen Investoren zu pflegen. Im Fall der F\u00e4lle ist somit klar, wer pers\u00f6nlich kontaktiert werden sollte. Je nach Tragweite der Krise sollten neben der IR-Abteilung auch die Vorst\u00e4nde hierf\u00fcr zur Verf\u00fcgung stehen. Form und Umfang des Gespr\u00e4chsangebots richten sich nach der Unternehmensgr\u00f6\u00dfe und der Investorenzahl. Bei gr\u00f6\u00dferen Unternehmen bietet es sich an, f\u00fcr Journalisten und\/oder Investoren eine Telefonkonferenz anzubieten und aktiv den Dialog zu suchen.<\/p>\t\t\t\t\t\t\t\t<\/div>\n\t\t\t\t<\/div>\n\t\t\t\t<\/div>\n\t\t<div class=\"elementor-element elementor-element-245b154 e-con-full cmn-content-box-container e-flex e-con e-child\" data-id=\"245b154\" data-element_type=\"container\" data-e-type=\"container\">\n\t\t\t\t<div class=\"elementor-element elementor-element-325a763 elementor-widget elementor-widget-heading\" data-id=\"325a763\" data-element_type=\"widget\" data-e-type=\"widget\" data-widget_type=\"heading.default\">\n\t\t\t\t<div class=\"elementor-widget-container\">\n\t\t\t\t\t<h2 class=\"elementor-heading-title elementor-size-default\">Gespr\u00e4chsbereitschaft gegen\u00fcber Investoren und Journalisten zeigen<\/h2>\t\t\t\t<\/div>\n\t\t\t\t<\/div>\n\t\t\t\t<div class=\"elementor-element elementor-element-6a8db6f elementor-widget elementor-widget-text-editor\" data-id=\"6a8db6f\" data-element_type=\"widget\" data-e-type=\"widget\" data-widget_type=\"text-editor.default\">\n\t\t\t\t<div class=\"elementor-widget-container\">\n\t\t\t\t\t\t\t\t\t<p>Bei kleineren Unternehmen mit einer begrenzten Anzahl an Investoren sind Einzelgespr\u00e4che eine g\u00e4ngige Alternative. Beide Varianten sollten zeitnah umgesetzt werden. Wird eine Telefonkonferenz angeboten, ist unter Umst\u00e4nden die Zeitverschiebung zum Sitz der Investoren zu beachten. In jedem Fall sollte ein Krisenteam bestimmt werden, dass den Investoren am Telefon jederzeit Rede und Antwort steht. Wichtig f\u00fcr die Unternehmensverantwortlichen ist, ein klares Ma\u00dfnahmenb\u00fcndel zu pr\u00e4sentieren, um zu zeigen, dass die Situation unter Kontrolle ist.<br \/>Auch unter den Journalisten wird das Interesse an der Krisensituation gro\u00df sein. Daher sollten wichtige Ansprechpartner in den Medien auch die diesbez\u00fcglichen IR-Mitteilungen erhalten. Auch f\u00fcr Medienanfragen gilt es, geeignete Ansprechpartner zur Verf\u00fcgung zu stellen, die zeitnah informieren k\u00f6nnen. Um m\u00f6gliche Zitate kurzfristig autorisieren zu k\u00f6nnen, sollte der Freigabeweg vorab festgelegt werden. Wer darf zitiert werden und wer darf diese Zitate freigeben?<\/p>\t\t\t\t\t\t\t\t<\/div>\n\t\t\t\t<\/div>\n\t\t\t\t<\/div>\n\t\t<div class=\"elementor-element elementor-element-a6d96f1 e-con-full cmn-content-box-container e-flex e-con e-child\" data-id=\"a6d96f1\" data-element_type=\"container\" data-e-type=\"container\">\n\t\t\t\t<div class=\"elementor-element elementor-element-ec142a1 elementor-widget elementor-widget-heading\" data-id=\"ec142a1\" data-element_type=\"widget\" data-e-type=\"widget\" data-widget_type=\"heading.default\">\n\t\t\t\t<div class=\"elementor-widget-container\">\n\t\t\t\t\t<h2 class=\"elementor-heading-title elementor-size-default\">Anspruchsgruppen in die Krisenkommunikation einbeziehen<\/h2>\t\t\t\t<\/div>\n\t\t\t\t<\/div>\n\t\t\t\t<div class=\"elementor-element elementor-element-acdccbc elementor-widget elementor-widget-text-editor\" data-id=\"acdccbc\" data-element_type=\"widget\" data-e-type=\"widget\" data-widget_type=\"text-editor.default\">\n\t\t\t\t<div class=\"elementor-widget-container\">\n\t\t\t\t\t\t\t\t\t<p>Um den reibungslosen Ablauf des operativen Gesch\u00e4fts zu sichern und die eigene Reputation zu bewahren, sollte das Unternehmen fr\u00fchzeitig den Kontakt zu den eigenen Mitarbeitenden, Kunden und Lieferanten suchen. Der Spielraum f\u00fcr Spekulationen und Verunsicherung sollte m\u00f6glichst gering gehalten werden, um die Krise nicht weiter zu verschlimmern. Es gilt auch hier die Botschaft der Krisenkommunikation: \u201eWir haben alles im Griff!\u201c<\/p>\t\t\t\t\t\t\t\t<\/div>\n\t\t\t\t<\/div>\n\t\t\t\t<\/div>\n\t\t\t\t<\/div>\n\t\t\t\t<\/div>\n\t\t\t\t\t<\/div>\n\t\t\t\t<\/div>\n\t\t\t\t<\/div>\n\t\t","protected":false},"excerpt":{"rendered":"<p>Deutungshoheit in der Krise behalten Durch Managementfehler, Gewinnwarnungen oder Produktm\u00e4ngel kann ein b\u00f6rsennotiertes Unternehmen in eine Krise geraten \u2013 und muss dazu gegen\u00fcber seinen Anspruchsgruppen Stellung nehmen. Als Spezialist f\u00fcr strategische Finanz-, ESG- und Unternehmenskommunikation ber\u00e4t Sie die cometis AG in allen Fragen der Krisenkommunikation und tr\u00e4gt dazu bei, diese Ausnahmesituation souver\u00e4n zu meistern. Schnelligkeit, [&hellip;]<\/p>\n","protected":false},"author":1,"featured_media":0,"parent":778,"menu_order":0,"comment_status":"closed","ping_status":"open","template":"","meta":{"_acf_changed":false,"footnotes":""},"class_list":["post-3487","page","type-page","status-publish","hentry"],"acf":[],"yoast_head":"<!-- This site is optimized with the Yoast SEO Premium plugin v26.2 (Yoast SEO v27.4) - https:\/\/yoast.com\/product\/yoast-seo-premium-wordpress\/ -->\n<title>Krisenkommunikation \u2013 neues Vertrauen sofort aufbauen | cometis AG<\/title>\n<meta name=\"description\" content=\"Mit dem Kommunikationsspezialisten cometis meistern Sie Ihre Krisenkommunikation souver\u00e4n und treten in Kontakt mit allen Anspruchsgruppen.\" \/>\n<meta name=\"robots\" content=\"index, follow, max-snippet:-1, max-image-preview:large, max-video-preview:-1\" \/>\n<link rel=\"canonical\" href=\"https:\/\/www.cometis.de\/de\/services\/krisenkommunikation\/\" \/>\n<meta property=\"og:locale\" content=\"de_DE\" \/>\n<meta property=\"og:type\" content=\"article\" \/>\n<meta property=\"og:title\" content=\"Krisenkommunikation\" \/>\n<meta property=\"og:description\" content=\"Mit dem Kommunikationsspezialisten cometis meistern Sie Ihre Krisenkommunikation souver\u00e4n und treten in Kontakt mit allen Anspruchsgruppen.\" \/>\n<meta property=\"og:url\" content=\"https:\/\/www.cometis.de\/de\/services\/krisenkommunikation\/\" \/>\n<meta property=\"og:site_name\" content=\"cometis AG\" \/>\n<meta property=\"article:modified_time\" content=\"2025-04-04T12:20:02+00:00\" \/>\n<meta property=\"og:image\" content=\"https:\/\/www.cometis.de\/wp-content\/uploads\/2024\/12-old\/Cometis-Mobile-Logo-1.png\" \/>\n\t<meta property=\"og:image:width\" content=\"171\" \/>\n\t<meta property=\"og:image:height\" content=\"31\" \/>\n\t<meta property=\"og:image:type\" content=\"image\/png\" \/>\n<meta name=\"twitter:card\" content=\"summary_large_image\" \/>\n<meta name=\"twitter:label1\" content=\"Gesch\u00e4tzte Lesezeit\" \/>\n\t<meta name=\"twitter:data1\" content=\"4\u00a0Minuten\" \/>\n<script type=\"application\/ld+json\" class=\"yoast-schema-graph\">{\"@context\":\"https:\\\/\\\/schema.org\",\"@graph\":[{\"@type\":\"WebPage\",\"@id\":\"https:\\\/\\\/www.cometis.de\\\/de\\\/services\\\/krisenkommunikation\\\/\",\"url\":\"https:\\\/\\\/www.cometis.de\\\/de\\\/services\\\/krisenkommunikation\\\/\",\"name\":\"Krisenkommunikation \u2013 neues Vertrauen sofort aufbauen | cometis AG\",\"isPartOf\":{\"@id\":\"https:\\\/\\\/www.cometis.de\\\/de\\\/#website\"},\"datePublished\":\"2025-01-20T10:32:47+00:00\",\"dateModified\":\"2025-04-04T12:20:02+00:00\",\"description\":\"Mit dem Kommunikationsspezialisten cometis meistern Sie Ihre Krisenkommunikation souver\u00e4n und treten in Kontakt mit allen Anspruchsgruppen.\",\"breadcrumb\":{\"@id\":\"https:\\\/\\\/www.cometis.de\\\/de\\\/services\\\/krisenkommunikation\\\/#breadcrumb\"},\"inLanguage\":\"de\",\"potentialAction\":[{\"@type\":\"ReadAction\",\"target\":[\"https:\\\/\\\/www.cometis.de\\\/de\\\/services\\\/krisenkommunikation\\\/\"]}]},{\"@type\":\"BreadcrumbList\",\"@id\":\"https:\\\/\\\/www.cometis.de\\\/de\\\/services\\\/krisenkommunikation\\\/#breadcrumb\",\"itemListElement\":[{\"@type\":\"ListItem\",\"position\":1,\"name\":\"Home\",\"item\":\"https:\\\/\\\/www.cometis.de\\\/de\\\/\"},{\"@type\":\"ListItem\",\"position\":2,\"name\":\"Services\",\"item\":\"https:\\\/\\\/www.cometis.de\\\/de\\\/services\\\/\"},{\"@type\":\"ListItem\",\"position\":3,\"name\":\"Krisenkommunikation\"}]},{\"@type\":\"WebSite\",\"@id\":\"https:\\\/\\\/www.cometis.de\\\/de\\\/#website\",\"url\":\"https:\\\/\\\/www.cometis.de\\\/de\\\/\",\"name\":\"cometis AG\",\"description\":\"Deutschlands f\u00fchrende Investor Relations Agentur\",\"publisher\":{\"@id\":\"https:\\\/\\\/www.cometis.de\\\/de\\\/#organization\"},\"potentialAction\":[{\"@type\":\"SearchAction\",\"target\":{\"@type\":\"EntryPoint\",\"urlTemplate\":\"https:\\\/\\\/www.cometis.de\\\/de\\\/?s={search_term_string}\"},\"query-input\":{\"@type\":\"PropertyValueSpecification\",\"valueRequired\":true,\"valueName\":\"search_term_string\"}}],\"inLanguage\":\"de\"},{\"@type\":\"Organization\",\"@id\":\"https:\\\/\\\/www.cometis.de\\\/de\\\/#organization\",\"name\":\"cometis AG\",\"alternateName\":\"Deutschlands f\u00fchrende Investor Relations Agentur\",\"url\":\"https:\\\/\\\/www.cometis.de\\\/de\\\/\",\"logo\":{\"@type\":\"ImageObject\",\"inLanguage\":\"de\",\"@id\":\"https:\\\/\\\/www.cometis.de\\\/de\\\/#\\\/schema\\\/logo\\\/image\\\/\",\"url\":\"https:\\\/\\\/www.cometis.de\\\/wp-content\\\/uploads\\\/2024\\\/12-old\\\/Cometis-Mobile-Logo-1.png\",\"contentUrl\":\"https:\\\/\\\/www.cometis.de\\\/wp-content\\\/uploads\\\/2024\\\/12-old\\\/Cometis-Mobile-Logo-1.png\",\"width\":171,\"height\":31,\"caption\":\"cometis AG\"},\"image\":{\"@id\":\"https:\\\/\\\/www.cometis.de\\\/de\\\/#\\\/schema\\\/logo\\\/image\\\/\"},\"sameAs\":[\"https:\\\/\\\/www.linkedin.com\\\/company\\\/cometis-ag\\\/\",\"https:\\\/\\\/www.youtube.com\\\/user\\\/cometisAG\"]}]}<\/script>\n<!-- \/ Yoast SEO Premium plugin. -->","yoast_head_json":{"title":"Krisenkommunikation \u2013 neues Vertrauen sofort aufbauen | cometis AG","description":"Mit dem Kommunikationsspezialisten cometis meistern Sie Ihre Krisenkommunikation souver\u00e4n und treten in Kontakt mit allen Anspruchsgruppen.","robots":{"index":"index","follow":"follow","max-snippet":"max-snippet:-1","max-image-preview":"max-image-preview:large","max-video-preview":"max-video-preview:-1"},"canonical":"https:\/\/www.cometis.de\/de\/services\/krisenkommunikation\/","og_locale":"de_DE","og_type":"article","og_title":"Krisenkommunikation","og_description":"Mit dem Kommunikationsspezialisten cometis meistern Sie Ihre Krisenkommunikation souver\u00e4n und treten in Kontakt mit allen Anspruchsgruppen.","og_url":"https:\/\/www.cometis.de\/de\/services\/krisenkommunikation\/","og_site_name":"cometis AG","article_modified_time":"2025-04-04T12:20:02+00:00","og_image":[{"width":171,"height":31,"url":"https:\/\/www.cometis.de\/wp-content\/uploads\/2024\/12-old\/Cometis-Mobile-Logo-1.png","type":"image\/png"}],"twitter_card":"summary_large_image","twitter_misc":{"Gesch\u00e4tzte Lesezeit":"4\u00a0Minuten"},"schema":{"@context":"https:\/\/schema.org","@graph":[{"@type":"WebPage","@id":"https:\/\/www.cometis.de\/de\/services\/krisenkommunikation\/","url":"https:\/\/www.cometis.de\/de\/services\/krisenkommunikation\/","name":"Krisenkommunikation \u2013 neues Vertrauen sofort aufbauen | cometis AG","isPartOf":{"@id":"https:\/\/www.cometis.de\/de\/#website"},"datePublished":"2025-01-20T10:32:47+00:00","dateModified":"2025-04-04T12:20:02+00:00","description":"Mit dem Kommunikationsspezialisten cometis meistern Sie Ihre Krisenkommunikation souver\u00e4n und treten in Kontakt mit allen Anspruchsgruppen.","breadcrumb":{"@id":"https:\/\/www.cometis.de\/de\/services\/krisenkommunikation\/#breadcrumb"},"inLanguage":"de","potentialAction":[{"@type":"ReadAction","target":["https:\/\/www.cometis.de\/de\/services\/krisenkommunikation\/"]}]},{"@type":"BreadcrumbList","@id":"https:\/\/www.cometis.de\/de\/services\/krisenkommunikation\/#breadcrumb","itemListElement":[{"@type":"ListItem","position":1,"name":"Home","item":"https:\/\/www.cometis.de\/de\/"},{"@type":"ListItem","position":2,"name":"Services","item":"https:\/\/www.cometis.de\/de\/services\/"},{"@type":"ListItem","position":3,"name":"Krisenkommunikation"}]},{"@type":"WebSite","@id":"https:\/\/www.cometis.de\/de\/#website","url":"https:\/\/www.cometis.de\/de\/","name":"cometis AG","description":"Deutschlands f\u00fchrende Investor Relations Agentur","publisher":{"@id":"https:\/\/www.cometis.de\/de\/#organization"},"potentialAction":[{"@type":"SearchAction","target":{"@type":"EntryPoint","urlTemplate":"https:\/\/www.cometis.de\/de\/?s={search_term_string}"},"query-input":{"@type":"PropertyValueSpecification","valueRequired":true,"valueName":"search_term_string"}}],"inLanguage":"de"},{"@type":"Organization","@id":"https:\/\/www.cometis.de\/de\/#organization","name":"cometis AG","alternateName":"Deutschlands f\u00fchrende Investor Relations Agentur","url":"https:\/\/www.cometis.de\/de\/","logo":{"@type":"ImageObject","inLanguage":"de","@id":"https:\/\/www.cometis.de\/de\/#\/schema\/logo\/image\/","url":"https:\/\/www.cometis.de\/wp-content\/uploads\/2024\/12-old\/Cometis-Mobile-Logo-1.png","contentUrl":"https:\/\/www.cometis.de\/wp-content\/uploads\/2024\/12-old\/Cometis-Mobile-Logo-1.png","width":171,"height":31,"caption":"cometis AG"},"image":{"@id":"https:\/\/www.cometis.de\/de\/#\/schema\/logo\/image\/"},"sameAs":["https:\/\/www.linkedin.com\/company\/cometis-ag\/","https:\/\/www.youtube.com\/user\/cometisAG"]}]}},"_links":{"self":[{"href":"https:\/\/www.cometis.de\/de\/wp-json\/wp\/v2\/pages\/3487","targetHints":{"allow":["GET"]}}],"collection":[{"href":"https:\/\/www.cometis.de\/de\/wp-json\/wp\/v2\/pages"}],"about":[{"href":"https:\/\/www.cometis.de\/de\/wp-json\/wp\/v2\/types\/page"}],"author":[{"embeddable":true,"href":"https:\/\/www.cometis.de\/de\/wp-json\/wp\/v2\/users\/1"}],"replies":[{"embeddable":true,"href":"https:\/\/www.cometis.de\/de\/wp-json\/wp\/v2\/comments?post=3487"}],"version-history":[{"count":6,"href":"https:\/\/www.cometis.de\/de\/wp-json\/wp\/v2\/pages\/3487\/revisions"}],"predecessor-version":[{"id":108836,"href":"https:\/\/www.cometis.de\/de\/wp-json\/wp\/v2\/pages\/3487\/revisions\/108836"}],"up":[{"embeddable":true,"href":"https:\/\/www.cometis.de\/de\/wp-json\/wp\/v2\/pages\/778"}],"wp:attachment":[{"href":"https:\/\/www.cometis.de\/de\/wp-json\/wp\/v2\/media?parent=3487"}],"curies":[{"name":"wp","href":"https:\/\/api.w.org\/{rel}","templated":true}]}}