{"id":3532,"date":"2025-01-20T12:10:18","date_gmt":"2025-01-20T11:10:18","guid":{"rendered":"https:\/\/cometis.de\/?page_id=3532"},"modified":"2025-02-18T07:13:07","modified_gmt":"2025-02-18T06:13:07","slug":"szenario-analyse","status":"publish","type":"page","link":"https:\/\/www.cometis.de\/de\/szenario-analyse\/","title":{"rendered":"Szenario-Analyse"},"content":{"rendered":"\t\t<div data-elementor-type=\"wp-page\" data-elementor-id=\"3532\" class=\"elementor elementor-3532\" data-elementor-post-type=\"page\">\n\t\t\t\t<div class=\"elementor-element elementor-element-2dd7cd6 e-flex e-con-boxed e-con e-parent\" data-id=\"2dd7cd6\" data-element_type=\"container\" data-e-type=\"container\">\n\t\t\t\t\t<div class=\"e-con-inner\">\n\t\t\t\t<div class=\"elementor-element elementor-element-2dd78e6 elementor-widget elementor-widget-template\" data-id=\"2dd78e6\" data-element_type=\"widget\" data-e-type=\"widget\" data-widget_type=\"template.default\">\n\t\t\t\t<div class=\"elementor-widget-container\">\n\t\t\t\t\t\t\t<div class=\"elementor-template\">\n\t\t\t\t\t<div data-elementor-type=\"section\" data-elementor-id=\"766\" class=\"elementor elementor-766\" data-elementor-post-type=\"elementor_library\">\n\t\t\t<div class=\"elementor-element elementor-element-1f34e34 e-flex e-con-boxed e-con e-parent\" data-id=\"1f34e34\" data-element_type=\"container\" data-e-type=\"container\">\n\t\t\t\t\t<div class=\"e-con-inner\">\n\t\t<div class=\"elementor-element elementor-element-e68c844 e-con-full e-flex e-con e-child\" data-id=\"e68c844\" data-element_type=\"container\" data-e-type=\"container\" data-settings=\"{&quot;background_background&quot;:&quot;classic&quot;}\">\n\t\t\t\t<\/div>\n\t\t<div class=\"elementor-element elementor-element-b7dac6f e-con-full e-flex e-con e-child\" data-id=\"b7dac6f\" data-element_type=\"container\" data-e-type=\"container\">\n\t\t\t\t<div class=\"elementor-element elementor-element-ce54cc3 elementor-align-left elementor-widget elementor-widget-breadcrumbs\" data-id=\"ce54cc3\" data-element_type=\"widget\" data-e-type=\"widget\" data-widget_type=\"breadcrumbs.default\">\n\t\t\t\t<div class=\"elementor-widget-container\">\n\t\t\t\t\t<div id=\"breadcrumbs\"><span><span><a href=\"https:\/\/www.cometis.de\/de\/\">Home<\/a><\/span><\/span><\/div>\t\t\t\t<\/div>\n\t\t\t\t<\/div>\n\t\t\t\t<\/div>\n\t\t\t\t\t<\/div>\n\t\t\t\t<\/div>\n\t\t\t\t<\/div>\n\t\t\t\t<\/div>\n\t\t\t\t\t\t<\/div>\n\t\t\t\t<\/div>\n\t\t\t\t\t<\/div>\n\t\t\t\t<\/div>\n\t\t<div class=\"elementor-element elementor-element-122f482 cmn-sidebar-content e-flex e-con-boxed e-con e-parent\" data-id=\"122f482\" data-element_type=\"container\" data-e-type=\"container\" data-settings=\"{&quot;background_background&quot;:&quot;classic&quot;,&quot;background_motion_fx_motion_fx_scrolling&quot;:&quot;yes&quot;,&quot;background_motion_fx_translateY_effect&quot;:&quot;yes&quot;,&quot;background_motion_fx_translateY_speed&quot;:{&quot;unit&quot;:&quot;px&quot;,&quot;size&quot;:2,&quot;sizes&quot;:[]},&quot;background_motion_fx_translateY_direction&quot;:&quot;negative&quot;,&quot;background_motion_fx_translateY_affectedRange&quot;:{&quot;unit&quot;:&quot;%&quot;,&quot;size&quot;:&quot;&quot;,&quot;sizes&quot;:{&quot;start&quot;:0,&quot;end&quot;:100}},&quot;background_motion_fx_devices&quot;:[&quot;desktop&quot;,&quot;tablet&quot;,&quot;mobile&quot;]}\">\n\t\t\t\t\t<div class=\"e-con-inner\">\n\t\t<div class=\"elementor-element elementor-element-c021a17 e-con-full cmn-sidebar-content p-100 e-flex e-con e-child\" data-id=\"c021a17\" data-element_type=\"container\" data-e-type=\"container\">\n\t\t<div class=\"elementor-element elementor-element-9f14b52 e-con-full cmn-content-box e-flex e-con e-child\" data-id=\"9f14b52\" data-element_type=\"container\" data-e-type=\"container\">\n\t\t<div class=\"elementor-element elementor-element-6c5d0a1 e-con-full cmn-content-box-container e-flex e-con e-child\" data-id=\"6c5d0a1\" data-element_type=\"container\" data-e-type=\"container\">\n\t\t\t\t<div class=\"elementor-element elementor-element-1c65f1d elementor-widget elementor-widget-heading\" data-id=\"1c65f1d\" data-element_type=\"widget\" data-e-type=\"widget\" data-widget_type=\"heading.default\">\n\t\t\t\t<div class=\"elementor-widget-container\">\n\t\t\t\t\t<h2 class=\"elementor-heading-title elementor-size-default\">Mit Szenario-Analyse Kommunikationsstrategien entwickeln<\/h2>\t\t\t\t<\/div>\n\t\t\t\t<\/div>\n\t\t\t\t<div class=\"elementor-element elementor-element-dba2715 elementor-widget elementor-widget-text-editor\" data-id=\"dba2715\" data-element_type=\"widget\" data-e-type=\"widget\" data-widget_type=\"text-editor.default\">\n\t\t\t\t<div class=\"elementor-widget-container\">\n\t\t\t\t\t\t\t\t\t<p>Jede Krisensituation ist f\u00fcr ein Unternehmen eine Ausnahmesituation, die einen \u201ek\u00fchlen Kopf\u201c erfordert. Doch jeden Krisenfall kann man kommunikativ souver\u00e4n meistern, indem man durch eine Szenario-Analyse die aktuelle Situation des Unternehmens sorgf\u00e4ltig analysiert und daraus Handlungsstrategien f\u00fcr die weitere\u00a0<a title=\"Krisen souver\u00e4n meistern und sicher kommunizieren mit IR-Spezialist cometis\" href=\"\/de\/krisenkommunikation\/\">Krisenkommunikation<\/a>\u00a0entwickelt. Ziel ist es dabei, m\u00f6gliche Situationen in der Zukunft zu antizipieren, die sich durch den Krisenfall ergeben k\u00f6nnen. Mit unserer langj\u00e4hrigen Erfahrung in der\u00a0<a title=\"Optimale Finanz-PR f\u00fcr Ihr Unternehmen\" href=\"\/de\/finanz-pr\/\">Finanz-<\/a>\u00a0und\u00a0<a title=\"Unsere Investor Relations Dienstleistungen\" href=\"\/de\/investor-relations\/\">Unternehmenskommunikation<\/a>\u00a0unterst\u00fctzen wir Sie dabei, eine effiziente Szenario-Analyse durchzuf\u00fchren und entsprechende Medienunterlagen f\u00fcr die ermittelten Szenarien zu erstellen. Dadurch sind Sie auf die Fragen der unterschiedlichen Anspruchsgruppen gut vorbereitet \u2013 und kommunizieren klar und sicher in der Krise.<\/p>\t\t\t\t\t\t\t\t<\/div>\n\t\t\t\t<\/div>\n\t\t\t\t<div class=\"elementor-element elementor-element-fcf86f0 elementor-widget elementor-widget-button\" data-id=\"fcf86f0\" data-element_type=\"widget\" data-e-type=\"widget\" data-widget_type=\"button.default\">\n\t\t\t\t<div class=\"elementor-widget-container\">\n\t\t\t\t\t\t\t\t\t<div class=\"elementor-button-wrapper\">\n\t\t\t\t\t<a class=\"elementor-button elementor-button-link elementor-size-sm\" href=\"\/de\/cometis-ag\/referenzen\">\n\t\t\t\t\t\t<span class=\"elementor-button-content-wrapper\">\n\t\t\t\t\t\t\t\t\t<span class=\"elementor-button-text\">Unsere Referenzen<\/span>\n\t\t\t\t\t<\/span>\n\t\t\t\t\t<\/a>\n\t\t\t\t<\/div>\n\t\t\t\t\t\t\t\t<\/div>\n\t\t\t\t<\/div>\n\t\t\t\t<\/div>\n\t\t<div class=\"elementor-element elementor-element-22b601c e-con-full cmn-content-box-container e-flex e-con e-child\" data-id=\"22b601c\" data-element_type=\"container\" data-e-type=\"container\">\n\t\t\t\t<div class=\"elementor-element elementor-element-01e4aa7 elementor-widget elementor-widget-heading\" data-id=\"01e4aa7\" data-element_type=\"widget\" data-e-type=\"widget\" data-widget_type=\"heading.default\">\n\t\t\t\t<div class=\"elementor-widget-container\">\n\t\t\t\t\t<h2 class=\"elementor-heading-title elementor-size-default\">Unterschiedliche Perspektiven bei Szenario-Analyse einnehmen<\/h2>\t\t\t\t<\/div>\n\t\t\t\t<\/div>\n\t\t\t\t<div class=\"elementor-element elementor-element-eadb0f9 elementor-widget elementor-widget-text-editor\" data-id=\"eadb0f9\" data-element_type=\"widget\" data-e-type=\"widget\" data-widget_type=\"text-editor.default\">\n\t\t\t\t<div class=\"elementor-widget-container\">\n\t\t\t\t\t\t\t\t\t<p>Bei der Szenario-Analyse ist es von Bedeutung, die aktuelle Krisensituation aus unterschiedlichen Perspektiven zu betrachten und zu analysieren. Nur auf diese Weise erhalten Sie einen \u00dcberblick \u00fcber die wesentlichen Einflussfaktoren, die bei der Planung und Umsetzung Ihrer Krisenkommunikation zu ber\u00fccksichtigen sind. Im ersten Schritt ist daher auch die Entwicklung zu analysieren, wie es zu der aktuellen Krisensituation kommen konnte. Zu den zentralen Einflussfaktoren sind im n\u00e4chsten Schritt alle verf\u00fcgbaren Informationen zusammenzutragen.<\/p>\t\t\t\t\t\t\t\t<\/div>\n\t\t\t\t<\/div>\n\t\t\t\t<\/div>\n\t\t<div class=\"elementor-element elementor-element-446b5d5 e-con-full cmn-content-box-container e-flex e-con e-child\" data-id=\"446b5d5\" data-element_type=\"container\" data-e-type=\"container\">\n\t\t\t\t<div class=\"elementor-element elementor-element-62bd379 elementor-widget elementor-widget-heading\" data-id=\"62bd379\" data-element_type=\"widget\" data-e-type=\"widget\" data-widget_type=\"heading.default\">\n\t\t\t\t<div class=\"elementor-widget-container\">\n\t\t\t\t\t<h2 class=\"elementor-heading-title elementor-size-default\">Medienunterlagen f\u00fcr m\u00f6gliche Szenarien vorbereiten<\/h2>\t\t\t\t<\/div>\n\t\t\t\t<\/div>\n\t\t\t\t<div class=\"elementor-element elementor-element-a7218d0 elementor-widget elementor-widget-text-editor\" data-id=\"a7218d0\" data-element_type=\"widget\" data-e-type=\"widget\" data-widget_type=\"text-editor.default\">\n\t\t\t\t<div class=\"elementor-widget-container\">\n\t\t\t\t\t\t\t\t\t<p>Liegen alle relevanten Informationen vor, werden denkbare Szenarien ausgearbeitet und eine Kommunikationsstrategie entwickelt. Mit Priorit\u00e4t sollte dabei das wahrscheinlichste Szenario behandelt werden. Um f\u00fcr die Kommunikation mit den unterschiedlichen Stakeholdern gut ger\u00fcstet zu sein, k\u00f6nnen im n\u00e4chsten Schritt Medienunterlagen vorbereitet werden. Verschiedene Varianten f\u00fcr eine Corporate News, Sprachregelungen f\u00fcr Anfragen von Stakeholdern oder ein Fragen- und Antwortenkatalog mit detaillierten Informationen zur Krisenthematik helfen beispielsweise dabei, auf jede Eventualit\u00e4t vorbereitet zu sein. So kommunizieren Sie klar und sicher in der Krise.<br \/>Sprechen Sie uns an, wenn Sie auch in der Krise durch eine klare Kommunikation \u00fcberzeugen wollen!<\/p>\t\t\t\t\t\t\t\t<\/div>\n\t\t\t\t<\/div>\n\t\t\t\t<\/div>\n\t\t\t\t<\/div>\n\t\t\t\t<\/div>\n\t\t\t\t\t<\/div>\n\t\t\t\t<\/div>\n\t\t\t\t<\/div>\n\t\t","protected":false},"excerpt":{"rendered":"<p>Mit Szenario-Analyse Kommunikationsstrategien entwickeln Jede Krisensituation ist f\u00fcr ein Unternehmen eine Ausnahmesituation, die einen \u201ek\u00fchlen Kopf\u201c erfordert. Doch jeden Krisenfall kann man kommunikativ souver\u00e4n meistern, indem man durch eine Szenario-Analyse die aktuelle Situation des Unternehmens sorgf\u00e4ltig analysiert und daraus Handlungsstrategien f\u00fcr die weitere\u00a0Krisenkommunikation\u00a0entwickelt. Ziel ist es dabei, m\u00f6gliche Situationen in der Zukunft zu antizipieren, die [&hellip;]<\/p>\n","protected":false},"author":1,"featured_media":0,"parent":0,"menu_order":0,"comment_status":"closed","ping_status":"open","template":"","meta":{"_acf_changed":false,"footnotes":""},"class_list":["post-3532","page","type-page","status-publish","hentry"],"acf":[],"yoast_head":"<!-- This site is optimized with the Yoast SEO Premium plugin v26.2 (Yoast SEO v27.4) - https:\/\/yoast.com\/product\/yoast-seo-premium-wordpress\/ -->\n<title>Szenario-Analyse \u2013 vorbereitet auf Krisen-Szenarien | cometis AG<\/title>\n<meta name=\"description\" content=\"Mit Szenario-Analyse auf Krisenkommunikation sorgf\u00e4ltig vorbereiten \u2013 cometis ist Spezialist f\u00fcr Finanz- und Unternehmenskommunikation.\" \/>\n<meta name=\"robots\" content=\"index, follow, max-snippet:-1, max-image-preview:large, max-video-preview:-1\" \/>\n<link rel=\"canonical\" href=\"https:\/\/www.cometis.de\/de\/szenario-analyse\/\" \/>\n<meta property=\"og:locale\" content=\"de_DE\" \/>\n<meta property=\"og:type\" content=\"article\" \/>\n<meta property=\"og:title\" content=\"Szenario-Analyse\" \/>\n<meta property=\"og:description\" content=\"Mit Szenario-Analyse auf Krisenkommunikation sorgf\u00e4ltig vorbereiten \u2013 cometis ist Spezialist f\u00fcr Finanz- und Unternehmenskommunikation.\" \/>\n<meta property=\"og:url\" content=\"https:\/\/www.cometis.de\/de\/szenario-analyse\/\" \/>\n<meta property=\"og:site_name\" content=\"cometis AG\" \/>\n<meta property=\"article:modified_time\" content=\"2025-02-18T06:13:07+00:00\" \/>\n<meta property=\"og:image\" content=\"https:\/\/www.cometis.de\/wp-content\/uploads\/2024\/12-old\/Cometis-Mobile-Logo-1.png\" \/>\n\t<meta property=\"og:image:width\" content=\"171\" \/>\n\t<meta property=\"og:image:height\" content=\"31\" \/>\n\t<meta property=\"og:image:type\" content=\"image\/png\" \/>\n<meta name=\"twitter:card\" content=\"summary_large_image\" \/>\n<meta name=\"twitter:label1\" content=\"Gesch\u00e4tzte Lesezeit\" \/>\n\t<meta name=\"twitter:data1\" content=\"2\u00a0Minuten\" \/>\n<script type=\"application\/ld+json\" class=\"yoast-schema-graph\">{\"@context\":\"https:\\\/\\\/schema.org\",\"@graph\":[{\"@type\":\"WebPage\",\"@id\":\"https:\\\/\\\/www.cometis.de\\\/de\\\/szenario-analyse\\\/\",\"url\":\"https:\\\/\\\/www.cometis.de\\\/de\\\/szenario-analyse\\\/\",\"name\":\"Szenario-Analyse \u2013 vorbereitet auf Krisen-Szenarien | cometis AG\",\"isPartOf\":{\"@id\":\"https:\\\/\\\/www.cometis.de\\\/de\\\/#website\"},\"datePublished\":\"2025-01-20T11:10:18+00:00\",\"dateModified\":\"2025-02-18T06:13:07+00:00\",\"description\":\"Mit Szenario-Analyse auf Krisenkommunikation sorgf\u00e4ltig vorbereiten \u2013 cometis ist Spezialist f\u00fcr Finanz- und Unternehmenskommunikation.\",\"breadcrumb\":{\"@id\":\"https:\\\/\\\/www.cometis.de\\\/de\\\/szenario-analyse\\\/#breadcrumb\"},\"inLanguage\":\"de\",\"potentialAction\":[{\"@type\":\"ReadAction\",\"target\":[\"https:\\\/\\\/www.cometis.de\\\/de\\\/szenario-analyse\\\/\"]}]},{\"@type\":\"BreadcrumbList\",\"@id\":\"https:\\\/\\\/www.cometis.de\\\/de\\\/szenario-analyse\\\/#breadcrumb\",\"itemListElement\":[{\"@type\":\"ListItem\",\"position\":1,\"name\":\"Home\",\"item\":\"https:\\\/\\\/www.cometis.de\\\/de\\\/\"},{\"@type\":\"ListItem\",\"position\":2,\"name\":\"Szenario-Analyse\"}]},{\"@type\":\"WebSite\",\"@id\":\"https:\\\/\\\/www.cometis.de\\\/de\\\/#website\",\"url\":\"https:\\\/\\\/www.cometis.de\\\/de\\\/\",\"name\":\"cometis AG\",\"description\":\"Deutschlands f\u00fchrende Investor Relations Agentur\",\"publisher\":{\"@id\":\"https:\\\/\\\/www.cometis.de\\\/de\\\/#organization\"},\"potentialAction\":[{\"@type\":\"SearchAction\",\"target\":{\"@type\":\"EntryPoint\",\"urlTemplate\":\"https:\\\/\\\/www.cometis.de\\\/de\\\/?s={search_term_string}\"},\"query-input\":{\"@type\":\"PropertyValueSpecification\",\"valueRequired\":true,\"valueName\":\"search_term_string\"}}],\"inLanguage\":\"de\"},{\"@type\":\"Organization\",\"@id\":\"https:\\\/\\\/www.cometis.de\\\/de\\\/#organization\",\"name\":\"cometis AG\",\"alternateName\":\"Deutschlands f\u00fchrende Investor Relations Agentur\",\"url\":\"https:\\\/\\\/www.cometis.de\\\/de\\\/\",\"logo\":{\"@type\":\"ImageObject\",\"inLanguage\":\"de\",\"@id\":\"https:\\\/\\\/www.cometis.de\\\/de\\\/#\\\/schema\\\/logo\\\/image\\\/\",\"url\":\"https:\\\/\\\/www.cometis.de\\\/wp-content\\\/uploads\\\/2024\\\/12-old\\\/Cometis-Mobile-Logo-1.png\",\"contentUrl\":\"https:\\\/\\\/www.cometis.de\\\/wp-content\\\/uploads\\\/2024\\\/12-old\\\/Cometis-Mobile-Logo-1.png\",\"width\":171,\"height\":31,\"caption\":\"cometis AG\"},\"image\":{\"@id\":\"https:\\\/\\\/www.cometis.de\\\/de\\\/#\\\/schema\\\/logo\\\/image\\\/\"},\"sameAs\":[\"https:\\\/\\\/www.linkedin.com\\\/company\\\/cometis-ag\\\/\",\"https:\\\/\\\/www.youtube.com\\\/user\\\/cometisAG\"]}]}<\/script>\n<!-- \/ Yoast SEO Premium plugin. -->","yoast_head_json":{"title":"Szenario-Analyse \u2013 vorbereitet auf Krisen-Szenarien | cometis AG","description":"Mit Szenario-Analyse auf Krisenkommunikation sorgf\u00e4ltig vorbereiten \u2013 cometis ist Spezialist f\u00fcr Finanz- und Unternehmenskommunikation.","robots":{"index":"index","follow":"follow","max-snippet":"max-snippet:-1","max-image-preview":"max-image-preview:large","max-video-preview":"max-video-preview:-1"},"canonical":"https:\/\/www.cometis.de\/de\/szenario-analyse\/","og_locale":"de_DE","og_type":"article","og_title":"Szenario-Analyse","og_description":"Mit Szenario-Analyse auf Krisenkommunikation sorgf\u00e4ltig vorbereiten \u2013 cometis ist Spezialist f\u00fcr Finanz- und Unternehmenskommunikation.","og_url":"https:\/\/www.cometis.de\/de\/szenario-analyse\/","og_site_name":"cometis AG","article_modified_time":"2025-02-18T06:13:07+00:00","og_image":[{"width":171,"height":31,"url":"https:\/\/www.cometis.de\/wp-content\/uploads\/2024\/12-old\/Cometis-Mobile-Logo-1.png","type":"image\/png"}],"twitter_card":"summary_large_image","twitter_misc":{"Gesch\u00e4tzte Lesezeit":"2\u00a0Minuten"},"schema":{"@context":"https:\/\/schema.org","@graph":[{"@type":"WebPage","@id":"https:\/\/www.cometis.de\/de\/szenario-analyse\/","url":"https:\/\/www.cometis.de\/de\/szenario-analyse\/","name":"Szenario-Analyse \u2013 vorbereitet auf Krisen-Szenarien | cometis AG","isPartOf":{"@id":"https:\/\/www.cometis.de\/de\/#website"},"datePublished":"2025-01-20T11:10:18+00:00","dateModified":"2025-02-18T06:13:07+00:00","description":"Mit Szenario-Analyse auf Krisenkommunikation sorgf\u00e4ltig vorbereiten \u2013 cometis ist Spezialist f\u00fcr Finanz- und Unternehmenskommunikation.","breadcrumb":{"@id":"https:\/\/www.cometis.de\/de\/szenario-analyse\/#breadcrumb"},"inLanguage":"de","potentialAction":[{"@type":"ReadAction","target":["https:\/\/www.cometis.de\/de\/szenario-analyse\/"]}]},{"@type":"BreadcrumbList","@id":"https:\/\/www.cometis.de\/de\/szenario-analyse\/#breadcrumb","itemListElement":[{"@type":"ListItem","position":1,"name":"Home","item":"https:\/\/www.cometis.de\/de\/"},{"@type":"ListItem","position":2,"name":"Szenario-Analyse"}]},{"@type":"WebSite","@id":"https:\/\/www.cometis.de\/de\/#website","url":"https:\/\/www.cometis.de\/de\/","name":"cometis AG","description":"Deutschlands f\u00fchrende Investor Relations Agentur","publisher":{"@id":"https:\/\/www.cometis.de\/de\/#organization"},"potentialAction":[{"@type":"SearchAction","target":{"@type":"EntryPoint","urlTemplate":"https:\/\/www.cometis.de\/de\/?s={search_term_string}"},"query-input":{"@type":"PropertyValueSpecification","valueRequired":true,"valueName":"search_term_string"}}],"inLanguage":"de"},{"@type":"Organization","@id":"https:\/\/www.cometis.de\/de\/#organization","name":"cometis AG","alternateName":"Deutschlands f\u00fchrende Investor Relations Agentur","url":"https:\/\/www.cometis.de\/de\/","logo":{"@type":"ImageObject","inLanguage":"de","@id":"https:\/\/www.cometis.de\/de\/#\/schema\/logo\/image\/","url":"https:\/\/www.cometis.de\/wp-content\/uploads\/2024\/12-old\/Cometis-Mobile-Logo-1.png","contentUrl":"https:\/\/www.cometis.de\/wp-content\/uploads\/2024\/12-old\/Cometis-Mobile-Logo-1.png","width":171,"height":31,"caption":"cometis AG"},"image":{"@id":"https:\/\/www.cometis.de\/de\/#\/schema\/logo\/image\/"},"sameAs":["https:\/\/www.linkedin.com\/company\/cometis-ag\/","https:\/\/www.youtube.com\/user\/cometisAG"]}]}},"_links":{"self":[{"href":"https:\/\/www.cometis.de\/de\/wp-json\/wp\/v2\/pages\/3532","targetHints":{"allow":["GET"]}}],"collection":[{"href":"https:\/\/www.cometis.de\/de\/wp-json\/wp\/v2\/pages"}],"about":[{"href":"https:\/\/www.cometis.de\/de\/wp-json\/wp\/v2\/types\/page"}],"author":[{"embeddable":true,"href":"https:\/\/www.cometis.de\/de\/wp-json\/wp\/v2\/users\/1"}],"replies":[{"embeddable":true,"href":"https:\/\/www.cometis.de\/de\/wp-json\/wp\/v2\/comments?post=3532"}],"version-history":[{"count":3,"href":"https:\/\/www.cometis.de\/de\/wp-json\/wp\/v2\/pages\/3532\/revisions"}],"predecessor-version":[{"id":107665,"href":"https:\/\/www.cometis.de\/de\/wp-json\/wp\/v2\/pages\/3532\/revisions\/107665"}],"wp:attachment":[{"href":"https:\/\/www.cometis.de\/de\/wp-json\/wp\/v2\/media?parent=3532"}],"curies":[{"name":"wp","href":"https:\/\/api.w.org\/{rel}","templated":true}]}}