{"id":3556,"date":"2025-01-20T12:22:57","date_gmt":"2025-01-20T11:22:57","guid":{"rendered":"https:\/\/cometis.de\/?page_id=3556"},"modified":"2025-02-18T06:50:22","modified_gmt":"2025-02-18T05:50:22","slug":"ad-hoc-mitteilungen","status":"publish","type":"page","link":"https:\/\/www.cometis.de\/de\/services\/investor-relations\/medienarbeit\/ad-hoc-mitteilungen\/","title":{"rendered":"Ad-hoc-Mitteilungen"},"content":{"rendered":"\t\t<div data-elementor-type=\"wp-page\" data-elementor-id=\"3556\" class=\"elementor elementor-3556\" data-elementor-post-type=\"page\">\n\t\t\t\t<div class=\"elementor-element elementor-element-af482b2 e-flex e-con-boxed e-con e-parent\" data-id=\"af482b2\" data-element_type=\"container\" data-e-type=\"container\">\n\t\t\t\t\t<div class=\"e-con-inner\">\n\t\t\t\t<div class=\"elementor-element elementor-element-4158106 elementor-widget elementor-widget-template\" data-id=\"4158106\" data-element_type=\"widget\" data-e-type=\"widget\" data-widget_type=\"template.default\">\n\t\t\t\t<div class=\"elementor-widget-container\">\n\t\t\t\t\t\t\t<div class=\"elementor-template\">\n\t\t\t\t\t<div data-elementor-type=\"section\" data-elementor-id=\"766\" class=\"elementor elementor-766\" data-elementor-post-type=\"elementor_library\">\n\t\t\t<div class=\"elementor-element elementor-element-1f34e34 e-flex e-con-boxed e-con e-parent\" data-id=\"1f34e34\" data-element_type=\"container\" data-e-type=\"container\">\n\t\t\t\t\t<div class=\"e-con-inner\">\n\t\t<div class=\"elementor-element elementor-element-e68c844 e-con-full e-flex e-con e-child\" data-id=\"e68c844\" data-element_type=\"container\" data-e-type=\"container\" data-settings=\"{&quot;background_background&quot;:&quot;classic&quot;}\">\n\t\t\t\t<\/div>\n\t\t<div class=\"elementor-element elementor-element-b7dac6f e-con-full e-flex e-con e-child\" data-id=\"b7dac6f\" data-element_type=\"container\" data-e-type=\"container\">\n\t\t\t\t<div class=\"elementor-element elementor-element-ce54cc3 elementor-align-left elementor-widget elementor-widget-breadcrumbs\" data-id=\"ce54cc3\" data-element_type=\"widget\" data-e-type=\"widget\" data-widget_type=\"breadcrumbs.default\">\n\t\t\t\t<div class=\"elementor-widget-container\">\n\t\t\t\t\t<div id=\"breadcrumbs\"><span><span><a href=\"https:\/\/www.cometis.de\/de\/\">Home<\/a><\/span><\/span><\/div>\t\t\t\t<\/div>\n\t\t\t\t<\/div>\n\t\t\t\t<\/div>\n\t\t\t\t\t<\/div>\n\t\t\t\t<\/div>\n\t\t\t\t<\/div>\n\t\t\t\t<\/div>\n\t\t\t\t\t\t<\/div>\n\t\t\t\t<\/div>\n\t\t\t\t\t<\/div>\n\t\t\t\t<\/div>\n\t\t<div class=\"elementor-element elementor-element-963bf60 cmn-sidebar-content e-flex e-con-boxed e-con e-parent\" data-id=\"963bf60\" data-element_type=\"container\" data-e-type=\"container\" data-settings=\"{&quot;background_background&quot;:&quot;classic&quot;,&quot;background_motion_fx_motion_fx_scrolling&quot;:&quot;yes&quot;,&quot;background_motion_fx_translateY_effect&quot;:&quot;yes&quot;,&quot;background_motion_fx_translateY_speed&quot;:{&quot;unit&quot;:&quot;px&quot;,&quot;size&quot;:2,&quot;sizes&quot;:[]},&quot;background_motion_fx_translateY_direction&quot;:&quot;negative&quot;,&quot;background_motion_fx_translateY_affectedRange&quot;:{&quot;unit&quot;:&quot;%&quot;,&quot;size&quot;:&quot;&quot;,&quot;sizes&quot;:{&quot;start&quot;:0,&quot;end&quot;:100}},&quot;background_motion_fx_devices&quot;:[&quot;desktop&quot;,&quot;tablet&quot;,&quot;mobile&quot;]}\">\n\t\t\t\t\t<div class=\"e-con-inner\">\n\t\t<div class=\"elementor-element elementor-element-62ad012 e-con-full cmn-sidebar-content p-100 e-flex e-con e-child\" data-id=\"62ad012\" data-element_type=\"container\" data-e-type=\"container\">\n\t\t<div class=\"elementor-element elementor-element-02c2b26 e-con-full cmn-content-box e-flex e-con e-child\" data-id=\"02c2b26\" data-element_type=\"container\" data-e-type=\"container\">\n\t\t<div class=\"elementor-element elementor-element-232567a e-con-full cmn-content-box-container e-flex e-con e-child\" data-id=\"232567a\" data-element_type=\"container\" data-e-type=\"container\">\n\t\t\t\t<div class=\"elementor-element elementor-element-27afe80 elementor-widget elementor-widget-heading\" data-id=\"27afe80\" data-element_type=\"widget\" data-e-type=\"widget\" data-widget_type=\"heading.default\">\n\t\t\t\t<div class=\"elementor-widget-container\">\n\t\t\t\t\t<h2 class=\"elementor-heading-title elementor-size-default\">Ad-hoc-Mitteilungen \u2013 regelkonform ver\u00f6ffentlichen<\/h2>\t\t\t\t<\/div>\n\t\t\t\t<\/div>\n\t\t\t\t<div class=\"elementor-element elementor-element-919f0d2 elementor-widget elementor-widget-text-editor\" data-id=\"919f0d2\" data-element_type=\"widget\" data-e-type=\"widget\" data-widget_type=\"text-editor.default\">\n\t\t\t\t<div class=\"elementor-widget-container\">\n\t\t\t\t\t\t\t\t\t<p>Hat ein Unternehmen einen B\u00f6rsengang erfolgreich vollzogen, ist es f\u00fcr ein b\u00f6rsennotiertes Unternehmen wichtig, auch weiterhin regelm\u00e4\u00dfig alle Anspruchsgruppen \u00fcber die Entwicklung des Unternehmens zu informieren. Je nach B\u00f6rsensegment entstehen daraus f\u00fcr ein Unternehmen umfangreiche Ver\u00f6ffentlichungs- und Berichtspflichten. Dazu geh\u00f6ren auch sogenannte Ad-hoc- Mitteilungen. Ein Unternehmen muss gem\u00e4\u00df Artikel 17 der im Juli 2016 eingef\u00fchrten und zuletzt im Januar 2018 aktualisierten Marktmissbrauchsverordnung unverz\u00fcglich einen internen Sachverhalt ver\u00f6ffentlichen, wenn dieser die Entwicklung des Aktienkurses erheblich beeinflussen k\u00f6nnte. Vorab ist konkret zu kl\u00e4ren, ob und wann eine Insiderinformation publizit\u00e4tspflichtig ist. Hierzu werden h\u00e4ufig auch Rechtsanw\u00e4lte zur Beratung hinzugezogen.<\/p>\t\t\t\t\t\t\t\t<\/div>\n\t\t\t\t<\/div>\n\t\t\t\t<div class=\"elementor-element elementor-element-c32bb4e elementor-widget elementor-widget-button\" data-id=\"c32bb4e\" data-element_type=\"widget\" data-e-type=\"widget\" data-widget_type=\"button.default\">\n\t\t\t\t<div class=\"elementor-widget-container\">\n\t\t\t\t\t\t\t\t\t<div class=\"elementor-button-wrapper\">\n\t\t\t\t\t<a class=\"elementor-button elementor-button-link elementor-size-sm\" href=\"\/de\/cometis-ag\/referenzen\/investor-relations-referenzen\">\n\t\t\t\t\t\t<span class=\"elementor-button-content-wrapper\">\n\t\t\t\t\t\t\t\t\t<span class=\"elementor-button-text\">Unsere Referenzen<\/span>\n\t\t\t\t\t<\/span>\n\t\t\t\t\t<\/a>\n\t\t\t\t<\/div>\n\t\t\t\t\t\t\t\t<\/div>\n\t\t\t\t<\/div>\n\t\t\t\t<\/div>\n\t\t<div class=\"elementor-element elementor-element-037b46a e-con-full cmn-content-box-container e-flex e-con e-child\" data-id=\"037b46a\" data-element_type=\"container\" data-e-type=\"container\">\n\t\t\t\t<div class=\"elementor-element elementor-element-c1e7be0 elementor-widget elementor-widget-heading\" data-id=\"c1e7be0\" data-element_type=\"widget\" data-e-type=\"widget\" data-widget_type=\"heading.default\">\n\t\t\t\t<div class=\"elementor-widget-container\">\n\t\t\t\t\t<h2 class=\"elementor-heading-title elementor-size-default\">Vorgaben der Marktmissbrauchsverordnung bei Ad-hoc- Ver\u00f6ffentlichungen beachten<\/h2>\t\t\t\t<\/div>\n\t\t\t\t<\/div>\n\t\t\t\t<div class=\"elementor-element elementor-element-20fea3c elementor-widget elementor-widget-text-editor\" data-id=\"20fea3c\" data-element_type=\"widget\" data-e-type=\"widget\" data-widget_type=\"text-editor.default\">\n\t\t\t\t<div class=\"elementor-widget-container\">\n\t\t\t\t\t\t\t\t\t<p>Durch die Marktmissbrauchsverordnung (MAR) wurde die Ad-hoc-Publizit\u00e4t im Jahr 2016 versch\u00e4rft und ist seitdem in zahlreichen \u00c4nderungen im Wertpapierhandelsgesetz (\u201eWpHG\u201c) inhaltlich angepasst worden, zuletzt im Januar 2018. Emittenten sind gem\u00e4\u00df der MAR dazu verpflichtet, Ad-hoc-Mitteilungen europaweit zu ver\u00f6ffentlichen und diese f\u00fcr einen Zeitraum von f\u00fcnf Jahren auf der Unternehmenswebsite bereitstellen. Neben den an geregelten M\u00e4rkten zugelassenen Unternehmen (z.B. Prime Standard und General Standard in Frankfurt, Prime Market und Standard Market in Wien) betreffen die Transparenzpflichten EU-weit erstmals auch Emittenten auf multilateralen Handelssystemen und organisierten Handelssystemen. Grunds\u00e4tzlich zu beachten ist, dass alle unter die MAR fallenden Finanzinstrumente von der Ad-hoc-Publizit\u00e4tspflicht betroffen sind.<\/p><p>Wir sind der richtige Ansprechpartner, wenn Sie Ihre Pflicht zu Ad-hoc-Mitteilungen stets gesetzeskonform und fristgerecht ver\u00f6ffentlichen wollen. Rufen Sie uns an!<\/p>\t\t\t\t\t\t\t\t<\/div>\n\t\t\t\t<\/div>\n\t\t\t\t<\/div>\n\t\t\t\t<\/div>\n\t\t\t\t<\/div>\n\t\t\t\t\t<\/div>\n\t\t\t\t<\/div>\n\t\t\t\t<\/div>\n\t\t","protected":false},"excerpt":{"rendered":"<p>Ad-hoc-Mitteilungen \u2013 regelkonform ver\u00f6ffentlichen Hat ein Unternehmen einen B\u00f6rsengang erfolgreich vollzogen, ist es f\u00fcr ein b\u00f6rsennotiertes Unternehmen wichtig, auch weiterhin regelm\u00e4\u00dfig alle Anspruchsgruppen \u00fcber die Entwicklung des Unternehmens zu informieren. Je nach B\u00f6rsensegment entstehen daraus f\u00fcr ein Unternehmen umfangreiche Ver\u00f6ffentlichungs- und Berichtspflichten. Dazu geh\u00f6ren auch sogenannte Ad-hoc- Mitteilungen. Ein Unternehmen muss gem\u00e4\u00df Artikel 17 der [&hellip;]<\/p>\n","protected":false},"author":1,"featured_media":0,"parent":3314,"menu_order":0,"comment_status":"closed","ping_status":"open","template":"","meta":{"_acf_changed":false,"footnotes":""},"class_list":["post-3556","page","type-page","status-publish","hentry"],"acf":[],"yoast_head":"<!-- This site is optimized with the Yoast SEO Premium plugin v26.2 (Yoast SEO v27.4) - https:\/\/yoast.com\/product\/yoast-seo-premium-wordpress\/ -->\n<title>Ad-hoc-Mitteilung \u2013 IR-Spezialist f\u00fcr Pflichtmitteilungen | cometis AG<\/title>\n<meta name=\"description\" content=\"Die cometis AG ist als Investor Relations Agentur Ihr Spezialist f\u00fcr die Ver\u00f6ffentlichung von Ad-hoc-Mitteilungen sowie aller weiteren Pflichtmitteilungen.\" \/>\n<meta name=\"robots\" content=\"index, follow, max-snippet:-1, max-image-preview:large, max-video-preview:-1\" \/>\n<link rel=\"canonical\" href=\"https:\/\/www.cometis.de\/de\/services\/investor-relations\/medienarbeit\/ad-hoc-mitteilungen\/\" \/>\n<meta property=\"og:locale\" content=\"de_DE\" \/>\n<meta property=\"og:type\" content=\"article\" \/>\n<meta property=\"og:title\" content=\"Ad-hoc-Mitteilungen\" \/>\n<meta property=\"og:description\" content=\"Die cometis AG ist als Investor Relations Agentur Ihr Spezialist f\u00fcr die Ver\u00f6ffentlichung von Ad-hoc-Mitteilungen sowie aller weiteren Pflichtmitteilungen.\" \/>\n<meta property=\"og:url\" content=\"https:\/\/www.cometis.de\/de\/services\/investor-relations\/medienarbeit\/ad-hoc-mitteilungen\/\" \/>\n<meta property=\"og:site_name\" content=\"cometis AG\" \/>\n<meta property=\"article:modified_time\" content=\"2025-02-18T05:50:22+00:00\" \/>\n<meta property=\"og:image\" content=\"https:\/\/www.cometis.de\/wp-content\/uploads\/2024\/12-old\/Cometis-Mobile-Logo-1.png\" \/>\n\t<meta property=\"og:image:width\" content=\"171\" \/>\n\t<meta property=\"og:image:height\" content=\"31\" \/>\n\t<meta property=\"og:image:type\" content=\"image\/png\" \/>\n<meta name=\"twitter:card\" content=\"summary_large_image\" \/>\n<meta name=\"twitter:label1\" content=\"Gesch\u00e4tzte Lesezeit\" \/>\n\t<meta name=\"twitter:data1\" content=\"2\u00a0Minuten\" \/>\n<script type=\"application\/ld+json\" class=\"yoast-schema-graph\">{\"@context\":\"https:\\\/\\\/schema.org\",\"@graph\":[{\"@type\":\"WebPage\",\"@id\":\"https:\\\/\\\/www.cometis.de\\\/de\\\/services\\\/investor-relations\\\/medienarbeit\\\/ad-hoc-mitteilungen\\\/\",\"url\":\"https:\\\/\\\/www.cometis.de\\\/de\\\/services\\\/investor-relations\\\/medienarbeit\\\/ad-hoc-mitteilungen\\\/\",\"name\":\"Ad-hoc-Mitteilung \u2013 IR-Spezialist f\u00fcr Pflichtmitteilungen | cometis AG\",\"isPartOf\":{\"@id\":\"https:\\\/\\\/www.cometis.de\\\/de\\\/#website\"},\"datePublished\":\"2025-01-20T11:22:57+00:00\",\"dateModified\":\"2025-02-18T05:50:22+00:00\",\"description\":\"Die cometis AG ist als Investor Relations Agentur Ihr Spezialist f\u00fcr die Ver\u00f6ffentlichung von Ad-hoc-Mitteilungen sowie aller weiteren Pflichtmitteilungen.\",\"breadcrumb\":{\"@id\":\"https:\\\/\\\/www.cometis.de\\\/de\\\/services\\\/investor-relations\\\/medienarbeit\\\/ad-hoc-mitteilungen\\\/#breadcrumb\"},\"inLanguage\":\"de\",\"potentialAction\":[{\"@type\":\"ReadAction\",\"target\":[\"https:\\\/\\\/www.cometis.de\\\/de\\\/services\\\/investor-relations\\\/medienarbeit\\\/ad-hoc-mitteilungen\\\/\"]}]},{\"@type\":\"BreadcrumbList\",\"@id\":\"https:\\\/\\\/www.cometis.de\\\/de\\\/services\\\/investor-relations\\\/medienarbeit\\\/ad-hoc-mitteilungen\\\/#breadcrumb\",\"itemListElement\":[{\"@type\":\"ListItem\",\"position\":1,\"name\":\"Home\",\"item\":\"https:\\\/\\\/www.cometis.de\\\/de\\\/\"},{\"@type\":\"ListItem\",\"position\":2,\"name\":\"Services\",\"item\":\"https:\\\/\\\/www.cometis.de\\\/de\\\/services\\\/\"},{\"@type\":\"ListItem\",\"position\":3,\"name\":\"Investor Relations\",\"item\":\"https:\\\/\\\/www.cometis.de\\\/de\\\/services\\\/investor-relations\\\/\"},{\"@type\":\"ListItem\",\"position\":4,\"name\":\"Medienarbeit\",\"item\":\"https:\\\/\\\/www.cometis.de\\\/de\\\/services\\\/investor-relations\\\/medienarbeit\\\/\"},{\"@type\":\"ListItem\",\"position\":5,\"name\":\"Ad-hoc-Mitteilungen\"}]},{\"@type\":\"WebSite\",\"@id\":\"https:\\\/\\\/www.cometis.de\\\/de\\\/#website\",\"url\":\"https:\\\/\\\/www.cometis.de\\\/de\\\/\",\"name\":\"cometis AG\",\"description\":\"Deutschlands f\u00fchrende Investor Relations Agentur\",\"publisher\":{\"@id\":\"https:\\\/\\\/www.cometis.de\\\/de\\\/#organization\"},\"potentialAction\":[{\"@type\":\"SearchAction\",\"target\":{\"@type\":\"EntryPoint\",\"urlTemplate\":\"https:\\\/\\\/www.cometis.de\\\/de\\\/?s={search_term_string}\"},\"query-input\":{\"@type\":\"PropertyValueSpecification\",\"valueRequired\":true,\"valueName\":\"search_term_string\"}}],\"inLanguage\":\"de\"},{\"@type\":\"Organization\",\"@id\":\"https:\\\/\\\/www.cometis.de\\\/de\\\/#organization\",\"name\":\"cometis AG\",\"alternateName\":\"Deutschlands f\u00fchrende Investor Relations Agentur\",\"url\":\"https:\\\/\\\/www.cometis.de\\\/de\\\/\",\"logo\":{\"@type\":\"ImageObject\",\"inLanguage\":\"de\",\"@id\":\"https:\\\/\\\/www.cometis.de\\\/de\\\/#\\\/schema\\\/logo\\\/image\\\/\",\"url\":\"https:\\\/\\\/www.cometis.de\\\/wp-content\\\/uploads\\\/2024\\\/12-old\\\/Cometis-Mobile-Logo-1.png\",\"contentUrl\":\"https:\\\/\\\/www.cometis.de\\\/wp-content\\\/uploads\\\/2024\\\/12-old\\\/Cometis-Mobile-Logo-1.png\",\"width\":171,\"height\":31,\"caption\":\"cometis AG\"},\"image\":{\"@id\":\"https:\\\/\\\/www.cometis.de\\\/de\\\/#\\\/schema\\\/logo\\\/image\\\/\"},\"sameAs\":[\"https:\\\/\\\/www.linkedin.com\\\/company\\\/cometis-ag\\\/\",\"https:\\\/\\\/www.youtube.com\\\/user\\\/cometisAG\"]}]}<\/script>\n<!-- \/ Yoast SEO Premium plugin. -->","yoast_head_json":{"title":"Ad-hoc-Mitteilung \u2013 IR-Spezialist f\u00fcr Pflichtmitteilungen | cometis AG","description":"Die cometis AG ist als Investor Relations Agentur Ihr Spezialist f\u00fcr die Ver\u00f6ffentlichung von Ad-hoc-Mitteilungen sowie aller weiteren Pflichtmitteilungen.","robots":{"index":"index","follow":"follow","max-snippet":"max-snippet:-1","max-image-preview":"max-image-preview:large","max-video-preview":"max-video-preview:-1"},"canonical":"https:\/\/www.cometis.de\/de\/services\/investor-relations\/medienarbeit\/ad-hoc-mitteilungen\/","og_locale":"de_DE","og_type":"article","og_title":"Ad-hoc-Mitteilungen","og_description":"Die cometis AG ist als Investor Relations Agentur Ihr Spezialist f\u00fcr die Ver\u00f6ffentlichung von Ad-hoc-Mitteilungen sowie aller weiteren Pflichtmitteilungen.","og_url":"https:\/\/www.cometis.de\/de\/services\/investor-relations\/medienarbeit\/ad-hoc-mitteilungen\/","og_site_name":"cometis AG","article_modified_time":"2025-02-18T05:50:22+00:00","og_image":[{"width":171,"height":31,"url":"https:\/\/www.cometis.de\/wp-content\/uploads\/2024\/12-old\/Cometis-Mobile-Logo-1.png","type":"image\/png"}],"twitter_card":"summary_large_image","twitter_misc":{"Gesch\u00e4tzte Lesezeit":"2\u00a0Minuten"},"schema":{"@context":"https:\/\/schema.org","@graph":[{"@type":"WebPage","@id":"https:\/\/www.cometis.de\/de\/services\/investor-relations\/medienarbeit\/ad-hoc-mitteilungen\/","url":"https:\/\/www.cometis.de\/de\/services\/investor-relations\/medienarbeit\/ad-hoc-mitteilungen\/","name":"Ad-hoc-Mitteilung \u2013 IR-Spezialist f\u00fcr Pflichtmitteilungen | cometis AG","isPartOf":{"@id":"https:\/\/www.cometis.de\/de\/#website"},"datePublished":"2025-01-20T11:22:57+00:00","dateModified":"2025-02-18T05:50:22+00:00","description":"Die cometis AG ist als Investor Relations Agentur Ihr Spezialist f\u00fcr die Ver\u00f6ffentlichung von Ad-hoc-Mitteilungen sowie aller weiteren Pflichtmitteilungen.","breadcrumb":{"@id":"https:\/\/www.cometis.de\/de\/services\/investor-relations\/medienarbeit\/ad-hoc-mitteilungen\/#breadcrumb"},"inLanguage":"de","potentialAction":[{"@type":"ReadAction","target":["https:\/\/www.cometis.de\/de\/services\/investor-relations\/medienarbeit\/ad-hoc-mitteilungen\/"]}]},{"@type":"BreadcrumbList","@id":"https:\/\/www.cometis.de\/de\/services\/investor-relations\/medienarbeit\/ad-hoc-mitteilungen\/#breadcrumb","itemListElement":[{"@type":"ListItem","position":1,"name":"Home","item":"https:\/\/www.cometis.de\/de\/"},{"@type":"ListItem","position":2,"name":"Services","item":"https:\/\/www.cometis.de\/de\/services\/"},{"@type":"ListItem","position":3,"name":"Investor Relations","item":"https:\/\/www.cometis.de\/de\/services\/investor-relations\/"},{"@type":"ListItem","position":4,"name":"Medienarbeit","item":"https:\/\/www.cometis.de\/de\/services\/investor-relations\/medienarbeit\/"},{"@type":"ListItem","position":5,"name":"Ad-hoc-Mitteilungen"}]},{"@type":"WebSite","@id":"https:\/\/www.cometis.de\/de\/#website","url":"https:\/\/www.cometis.de\/de\/","name":"cometis AG","description":"Deutschlands f\u00fchrende Investor Relations Agentur","publisher":{"@id":"https:\/\/www.cometis.de\/de\/#organization"},"potentialAction":[{"@type":"SearchAction","target":{"@type":"EntryPoint","urlTemplate":"https:\/\/www.cometis.de\/de\/?s={search_term_string}"},"query-input":{"@type":"PropertyValueSpecification","valueRequired":true,"valueName":"search_term_string"}}],"inLanguage":"de"},{"@type":"Organization","@id":"https:\/\/www.cometis.de\/de\/#organization","name":"cometis AG","alternateName":"Deutschlands f\u00fchrende Investor Relations Agentur","url":"https:\/\/www.cometis.de\/de\/","logo":{"@type":"ImageObject","inLanguage":"de","@id":"https:\/\/www.cometis.de\/de\/#\/schema\/logo\/image\/","url":"https:\/\/www.cometis.de\/wp-content\/uploads\/2024\/12-old\/Cometis-Mobile-Logo-1.png","contentUrl":"https:\/\/www.cometis.de\/wp-content\/uploads\/2024\/12-old\/Cometis-Mobile-Logo-1.png","width":171,"height":31,"caption":"cometis AG"},"image":{"@id":"https:\/\/www.cometis.de\/de\/#\/schema\/logo\/image\/"},"sameAs":["https:\/\/www.linkedin.com\/company\/cometis-ag\/","https:\/\/www.youtube.com\/user\/cometisAG"]}]}},"_links":{"self":[{"href":"https:\/\/www.cometis.de\/de\/wp-json\/wp\/v2\/pages\/3556","targetHints":{"allow":["GET"]}}],"collection":[{"href":"https:\/\/www.cometis.de\/de\/wp-json\/wp\/v2\/pages"}],"about":[{"href":"https:\/\/www.cometis.de\/de\/wp-json\/wp\/v2\/types\/page"}],"author":[{"embeddable":true,"href":"https:\/\/www.cometis.de\/de\/wp-json\/wp\/v2\/users\/1"}],"replies":[{"embeddable":true,"href":"https:\/\/www.cometis.de\/de\/wp-json\/wp\/v2\/comments?post=3556"}],"version-history":[{"count":3,"href":"https:\/\/www.cometis.de\/de\/wp-json\/wp\/v2\/pages\/3556\/revisions"}],"predecessor-version":[{"id":107494,"href":"https:\/\/www.cometis.de\/de\/wp-json\/wp\/v2\/pages\/3556\/revisions\/107494"}],"up":[{"embeddable":true,"href":"https:\/\/www.cometis.de\/de\/wp-json\/wp\/v2\/pages\/3314"}],"wp:attachment":[{"href":"https:\/\/www.cometis.de\/de\/wp-json\/wp\/v2\/media?parent=3556"}],"curies":[{"name":"wp","href":"https:\/\/api.w.org\/{rel}","templated":true}]}}