{"id":3643,"date":"2025-01-20T13:37:13","date_gmt":"2025-01-20T12:37:13","guid":{"rendered":"https:\/\/cometis.de\/?page_id=3643"},"modified":"2025-09-12T13:01:55","modified_gmt":"2025-09-12T11:01:55","slug":"esg-reporting","status":"publish","type":"page","link":"https:\/\/www.cometis.de\/de\/services\/esg\/esg-reporting\/","title":{"rendered":"ESG Reporting"},"content":{"rendered":"\t\t<div data-elementor-type=\"wp-page\" data-elementor-id=\"3643\" class=\"elementor elementor-3643\" data-elementor-post-type=\"page\">\n\t\t\t\t<div class=\"elementor-element elementor-element-0848969 e-flex e-con-boxed e-con e-parent\" data-id=\"0848969\" data-element_type=\"container\" data-e-type=\"container\">\n\t\t\t\t\t<div class=\"e-con-inner\">\n\t\t\t\t<div class=\"elementor-element elementor-element-a576e9c elementor-widget elementor-widget-template\" data-id=\"a576e9c\" data-element_type=\"widget\" data-e-type=\"widget\" data-widget_type=\"template.default\">\n\t\t\t\t<div class=\"elementor-widget-container\">\n\t\t\t\t\t\t\t<div class=\"elementor-template\">\n\t\t\t\t\t<div data-elementor-type=\"section\" data-elementor-id=\"766\" class=\"elementor elementor-766\" data-elementor-post-type=\"elementor_library\">\n\t\t\t<div class=\"elementor-element elementor-element-1f34e34 e-flex e-con-boxed e-con e-parent\" data-id=\"1f34e34\" data-element_type=\"container\" data-e-type=\"container\">\n\t\t\t\t\t<div class=\"e-con-inner\">\n\t\t<div class=\"elementor-element elementor-element-e68c844 e-con-full e-flex e-con e-child\" data-id=\"e68c844\" data-element_type=\"container\" data-e-type=\"container\" data-settings=\"{&quot;background_background&quot;:&quot;classic&quot;}\">\n\t\t\t\t<\/div>\n\t\t<div class=\"elementor-element elementor-element-b7dac6f e-con-full e-flex e-con e-child\" data-id=\"b7dac6f\" data-element_type=\"container\" data-e-type=\"container\">\n\t\t\t\t<div class=\"elementor-element elementor-element-ce54cc3 elementor-align-left elementor-widget elementor-widget-breadcrumbs\" data-id=\"ce54cc3\" data-element_type=\"widget\" data-e-type=\"widget\" data-widget_type=\"breadcrumbs.default\">\n\t\t\t\t<div class=\"elementor-widget-container\">\n\t\t\t\t\t<div id=\"breadcrumbs\"><span><span><a href=\"https:\/\/www.cometis.de\/de\/\">Home<\/a><\/span><\/span><\/div>\t\t\t\t<\/div>\n\t\t\t\t<\/div>\n\t\t\t\t<\/div>\n\t\t\t\t\t<\/div>\n\t\t\t\t<\/div>\n\t\t\t\t<\/div>\n\t\t\t\t<\/div>\n\t\t\t\t\t\t<\/div>\n\t\t\t\t<\/div>\n\t\t\t\t\t<\/div>\n\t\t\t\t<\/div>\n\t\t<div class=\"elementor-element elementor-element-139b195 cmn-sidebar-content e-flex e-con-boxed e-con e-parent\" data-id=\"139b195\" data-element_type=\"container\" data-e-type=\"container\" data-settings=\"{&quot;background_background&quot;:&quot;classic&quot;,&quot;background_motion_fx_motion_fx_scrolling&quot;:&quot;yes&quot;,&quot;background_motion_fx_translateY_effect&quot;:&quot;yes&quot;,&quot;background_motion_fx_translateY_speed&quot;:{&quot;unit&quot;:&quot;px&quot;,&quot;size&quot;:2,&quot;sizes&quot;:[]},&quot;background_motion_fx_translateY_direction&quot;:&quot;negative&quot;,&quot;background_motion_fx_translateY_affectedRange&quot;:{&quot;unit&quot;:&quot;%&quot;,&quot;size&quot;:&quot;&quot;,&quot;sizes&quot;:{&quot;start&quot;:0,&quot;end&quot;:100}},&quot;background_motion_fx_devices&quot;:[&quot;desktop&quot;,&quot;tablet&quot;,&quot;mobile&quot;]}\">\n\t\t\t\t\t<div class=\"e-con-inner\">\n\t\t<div class=\"elementor-element elementor-element-426cec9 e-con-full cmn-sidebar-content p-100 e-flex e-con e-child\" data-id=\"426cec9\" data-element_type=\"container\" data-e-type=\"container\">\n\t\t<div class=\"elementor-element elementor-element-c4a2666 e-con-full cmn-content-box e-flex e-con e-child\" data-id=\"c4a2666\" data-element_type=\"container\" data-e-type=\"container\">\n\t\t<div class=\"elementor-element elementor-element-66b4c1c e-con-full cmn-content-box-container e-flex e-con e-child\" data-id=\"66b4c1c\" data-element_type=\"container\" data-e-type=\"container\">\n\t\t\t\t<div class=\"elementor-element elementor-element-287d6d1 elementor-widget elementor-widget-heading\" data-id=\"287d6d1\" data-element_type=\"widget\" data-e-type=\"widget\" data-widget_type=\"heading.default\">\n\t\t\t\t<div class=\"elementor-widget-container\">\n\t\t\t\t\t<h2 class=\"elementor-heading-title elementor-size-default\">ESG- Reporting: Machen Sie aus einer Pflicht\u00fcbung ein strategisch wertvolles Instrument f\u00fcr Ihre Unternehmenskommunikation<\/h2>\t\t\t\t<\/div>\n\t\t\t\t<\/div>\n\t\t\t\t<div class=\"elementor-element elementor-element-04acb29 elementor-widget elementor-widget-text-editor\" data-id=\"04acb29\" data-element_type=\"widget\" data-e-type=\"widget\" data-widget_type=\"text-editor.default\">\n\t\t\t\t<div class=\"elementor-widget-container\">\n\t\t\t\t\t\t\t\t\t<p><strong>Warum ist ein professionelles ESG-Reporting wichtig?<\/strong><\/p><p>Der Nachhaltigkeitsbericht ist die erste Anlaufstelle f\u00fcr Ihre <a href=\"\/de\/services\/esg\/stakeholder\/\">Stakeholder<\/a>: Investor:innen, Banken, Ratingagenturen, Zulieferer, Kund:innen, Journalist:innen, Regionalpolitik oder Mitarbeitende. Somit ist das ESG-Reporting ein wesentlicher Bestandteil der Unternehmenskommunikation und dient dazu, Transparenz \u00fcber die Nachhaltigkeitsleistung eines Unternehmens zu schaffen. Investor:innen, Kund:innen und andere Stakeholder fordern zunehmend eine nachhaltige Unternehmensf\u00fchrung und bewerten Unternehmen anhand ihrer ESG-Performance. Ein umfassendes ESG-Reporting kann dazu beitragen, das Vertrauen der Stakeholder zu gewinnen und das Image des Unternehmens zu verbessern.<\/p><p><strong>Herausforderungen im ESG-Reporting<\/strong><\/p><p>ESG-Reporting kann jedoch auch eine Herausforderung darstellen, insbesondere f\u00fcr Unternehmen, die noch keine umfassende <a href=\"\/de\/services\/esg\/esg-strategie\/\">Nachhaltigkeitsstrategie<\/a> implementiert haben oder ihre Daten noch nicht systematisch sammeln.<\/p><p>Die gesetzlichen Vorgaben sind komplex und variieren je nach Region und Branche. Auch die Auswahl der relevanten Themen, KPIs und Frameworks kann eine Herausforderung darstellen. Woran orientiere ich mich? Welche ESG-Kriterien sind f\u00fcr mich relevant? Welches ist die f\u00fcr mich passende Kennzahl? Habe ich alles berichtet, was gesetzlich von mir erwartet wird? Oft f\u00fchlen sich die Unternehmen auch mit den Transparenzanforderungen \u00fcberfordert: Lege ich nicht zu viel offen? Verschafft mir das nicht einen Wettbewerbsnachteil? Was ist Greenwashing, was Cherry Picking und wie kann ich mich davor sch\u00fctzen?<\/p><p>Diese Fragen und Bedenken sind f\u00fcr uns nicht neu und wir helfen Ihnen dabei, Ihre Nachhaltigkeitsleistung auf datengest\u00fctzten Informationen und fundierten Erkenntnissen aufzubauen.<\/p><p><strong>Wie unterst\u00fctzt cometis Ihr Unternehmen beim ESG-Reporting?<\/strong><\/p><p>cometis unterst\u00fctzt Unternehmen bei der Erstellung von Nachhaltigkeitsberichten, <a href=\"\/de\/services\/esg\/esg-reporting\/esg-presentation\/\">ESG-Pr\u00e4sentationen<\/a> und allen anderen nichtfinanziellen Publikationsformaten. Unsere Berater:innen verf\u00fcgen \u00fcber umfassende Erfahrung im Bereich <u>Nachhaltigkeitskommunikation<\/u> und ESG-Reporting. Wir haben bereits mehr als 1.000 Berichte im Rahmen des <a href=\"https:\/\/www.cometis.de\/de\/services\/esg\/global-esg-monitor\/\">Global ESG-Monitors<\/a> analysiert und ausgewertet, wodurch wir umfassende Erkenntnisse \u00fcber bew\u00e4hrte Praktiken und Trends gewonnen und eine umfangreiche <a href=\"https:\/\/www.cometis.de\/de\/services\/esg\/esg-reporting\/esg-best-practice\/\">Best Practice-Datenbank<\/a> aufgebaut haben. Zudem haben wir unz\u00e4hlige Nachhaltigkeitsberichte f\u00fcr Unternehmen aus unterschiedlichen Branchen erstellt und gestaltet. Unsere Unterst\u00fctzung beim ESG-Reporting umfasst die folgenden Leistungen:<\/p><ul><li>Ermittlung der relevanten Themen und <a href=\"https:\/\/www.cometis.de\/de\/services\/esg\/esg-reporting\/esg-kennzahlen\/\">Kennzahlen<\/a><\/li><li>Bestimmung der Frameworks und Standards<\/li><li>Sicherstellung, dass alle regulatorischen Anforderungen erf\u00fcllt werden<\/li><li>Beratung bei der Auswahl und Implementierung von ESG-Software<\/li><li>Schulung der Mitarbeiterinnen und Mitarbeiter im Bereich Nachhaltigkeitskommunikation und ESG-Reporting<\/li><li>Erstellung von ESG-Reports, inklusive der Gestaltung und Ver\u00f6ffentlichung<\/li><li>Best Practice-Empfehlungen: Dar\u00fcber hinaus verf\u00fcgen wir \u00fcber eine umfangreiche Best Practice-Bibliothek, die es uns erm\u00f6glicht, Unternehmen bei der Umsetzung einer erfolgreichen ESG-Strategie zu unterst\u00fctzen. Wir helfen Unternehmen dabei, ihre ESG-Performance zu messen, zu bewerten und zu verbessern, um den Anforderungen der Stakeholder und der gesetzlichen Rahmenbedingungen gerecht zu werden.<\/li><li>Projektmanagement und Qualit\u00e4tssicherung: Wir k\u00fcmmern uns f\u00fcr Sie um Korrektorat, Lektorat und Zahlencheck. Unsere erfahrenen Berater:innen bieten professionelles Projektmanagement und koordinieren alle beteiligten Partner (Ansprechpartner:innen im Unternehmen, \u00dcbersetzer:innen, Agenturen, Druckerei).<\/li><\/ul><p>Wir stehen Ihnen gerne zur Verf\u00fcgung und freuen uns darauf, Sie auf Ihrem Weg zu einer erfolgreichen und nachhaltigen Gesch\u00e4ftst\u00e4tigkeit zu begleiten.<\/p><p><strong>Integrierte Berichterstattung \u00a0<\/strong><\/p><p>Der integrierte Bericht und mit ihm die doppelte <a href=\"https:\/\/www.cometis.de\/de\/services\/esg\/wesentlichkeitsanalyse\/\"><u>Wesentlichkeit<\/u><\/a> wird Standard in Europa f\u00fcr die Unternehmen. Der integrierte Bericht verbindet finanzielle und nichtfinanzielle Informationen und gibt allen Stakeholdern damit den umfassendsten \u00dcberblick \u00fcber die Wertsch\u00f6pfung eines Unternehmens.<\/p><p>Aufgrund unserer \u00fcber 25-j\u00e4hrigen Erfahrung im Bereich Investor Relations und Finanzreporting und unserer umfassenden ESG-Expertise sind wir der geeignete Partner f\u00fcr integrierte Reportingprojekte.<\/p><p>Unser Newsletter <strong>Responsible Returns<\/strong> liefert in unregelm\u00e4\u00dfigen Abst\u00e4nden die wichtigsten Aspekte rund um die Themen E, S und G f\u00fcr berichtspflichtige und b\u00f6rsennotierte Unternehmen.<\/p><p><strong>Registrieren Sie sich jetzt!<\/strong><\/p>\t\t\t\t\t\t\t\t<\/div>\n\t\t\t\t<\/div>\n\t\t\t\t<\/div>\n\t\t\t\t<\/div>\n\t\t\t\t<\/div>\n\t\t\t\t\t<\/div>\n\t\t\t\t<\/div>\n\t\t\t\t<\/div>\n\t\t","protected":false},"excerpt":{"rendered":"<p>ESG- Reporting: Machen Sie aus einer Pflicht\u00fcbung ein strategisch wertvolles Instrument f\u00fcr Ihre Unternehmenskommunikation Warum ist ein professionelles ESG-Reporting wichtig? Der Nachhaltigkeitsbericht ist die erste Anlaufstelle f\u00fcr Ihre Stakeholder: Investor:innen, Banken, Ratingagenturen, Zulieferer, Kund:innen, Journalist:innen, Regionalpolitik oder Mitarbeitende. Somit ist das ESG-Reporting ein wesentlicher Bestandteil der Unternehmenskommunikation und dient dazu, Transparenz \u00fcber die Nachhaltigkeitsleistung eines [&hellip;]<\/p>\n","protected":false},"author":1,"featured_media":0,"parent":2295,"menu_order":0,"comment_status":"closed","ping_status":"open","template":"","meta":{"_acf_changed":false,"footnotes":""},"class_list":["post-3643","page","type-page","status-publish","hentry"],"acf":[],"yoast_head":"<!-- This site is optimized with the Yoast SEO Premium plugin v26.2 (Yoast SEO v27.4) - https:\/\/yoast.com\/product\/yoast-seo-premium-wordpress\/ -->\n<title>ESG Reporting - cometis AG<\/title>\n<meta name=\"description\" content=\"ESG-Reporting: Ein wesentlicher Bestandteil der Unternehmenskommunikation. Was Sie tun k\u00f6nnen und wie wir dabei helfen.\" \/>\n<meta name=\"robots\" content=\"index, follow, max-snippet:-1, max-image-preview:large, max-video-preview:-1\" \/>\n<link rel=\"canonical\" href=\"https:\/\/www.cometis.de\/de\/services\/esg\/esg-reporting\/\" \/>\n<meta property=\"og:locale\" content=\"de_DE\" \/>\n<meta property=\"og:type\" content=\"article\" \/>\n<meta property=\"og:title\" content=\"ESG Reporting\" \/>\n<meta property=\"og:description\" content=\"ESG-Reporting: Ein wesentlicher Bestandteil der Unternehmenskommunikation. Was Sie tun k\u00f6nnen und wie wir dabei helfen.\" \/>\n<meta property=\"og:url\" content=\"https:\/\/www.cometis.de\/de\/services\/esg\/esg-reporting\/\" \/>\n<meta property=\"og:site_name\" content=\"cometis AG\" \/>\n<meta property=\"article:modified_time\" content=\"2025-09-12T11:01:55+00:00\" \/>\n<meta property=\"og:image\" content=\"https:\/\/www.cometis.de\/wp-content\/uploads\/2024\/12-old\/Cometis-Mobile-Logo-1.png\" \/>\n\t<meta property=\"og:image:width\" content=\"171\" \/>\n\t<meta property=\"og:image:height\" content=\"31\" \/>\n\t<meta property=\"og:image:type\" content=\"image\/png\" \/>\n<meta name=\"twitter:card\" content=\"summary_large_image\" \/>\n<meta name=\"twitter:label1\" content=\"Gesch\u00e4tzte Lesezeit\" \/>\n\t<meta name=\"twitter:data1\" content=\"4\u00a0Minuten\" \/>\n<script type=\"application\/ld+json\" class=\"yoast-schema-graph\">{\"@context\":\"https:\\\/\\\/schema.org\",\"@graph\":[{\"@type\":\"WebPage\",\"@id\":\"https:\\\/\\\/www.cometis.de\\\/de\\\/services\\\/esg\\\/esg-reporting\\\/\",\"url\":\"https:\\\/\\\/www.cometis.de\\\/de\\\/services\\\/esg\\\/esg-reporting\\\/\",\"name\":\"ESG Reporting - cometis AG\",\"isPartOf\":{\"@id\":\"https:\\\/\\\/www.cometis.de\\\/de\\\/#website\"},\"datePublished\":\"2025-01-20T12:37:13+00:00\",\"dateModified\":\"2025-09-12T11:01:55+00:00\",\"description\":\"ESG-Reporting: Ein wesentlicher Bestandteil der Unternehmenskommunikation. Was Sie tun k\u00f6nnen und wie wir dabei helfen.\",\"breadcrumb\":{\"@id\":\"https:\\\/\\\/www.cometis.de\\\/de\\\/services\\\/esg\\\/esg-reporting\\\/#breadcrumb\"},\"inLanguage\":\"de\",\"potentialAction\":[{\"@type\":\"ReadAction\",\"target\":[\"https:\\\/\\\/www.cometis.de\\\/de\\\/services\\\/esg\\\/esg-reporting\\\/\"]}]},{\"@type\":\"BreadcrumbList\",\"@id\":\"https:\\\/\\\/www.cometis.de\\\/de\\\/services\\\/esg\\\/esg-reporting\\\/#breadcrumb\",\"itemListElement\":[{\"@type\":\"ListItem\",\"position\":1,\"name\":\"Home\",\"item\":\"https:\\\/\\\/www.cometis.de\\\/de\\\/\"},{\"@type\":\"ListItem\",\"position\":2,\"name\":\"Services\",\"item\":\"https:\\\/\\\/www.cometis.de\\\/de\\\/services\\\/\"},{\"@type\":\"ListItem\",\"position\":3,\"name\":\"ESG Advisory\",\"item\":\"https:\\\/\\\/www.cometis.de\\\/de\\\/services\\\/esg\\\/\"},{\"@type\":\"ListItem\",\"position\":4,\"name\":\"ESG Reporting\"}]},{\"@type\":\"WebSite\",\"@id\":\"https:\\\/\\\/www.cometis.de\\\/de\\\/#website\",\"url\":\"https:\\\/\\\/www.cometis.de\\\/de\\\/\",\"name\":\"cometis AG\",\"description\":\"Deutschlands f\u00fchrende Investor Relations Agentur\",\"publisher\":{\"@id\":\"https:\\\/\\\/www.cometis.de\\\/de\\\/#organization\"},\"potentialAction\":[{\"@type\":\"SearchAction\",\"target\":{\"@type\":\"EntryPoint\",\"urlTemplate\":\"https:\\\/\\\/www.cometis.de\\\/de\\\/?s={search_term_string}\"},\"query-input\":{\"@type\":\"PropertyValueSpecification\",\"valueRequired\":true,\"valueName\":\"search_term_string\"}}],\"inLanguage\":\"de\"},{\"@type\":\"Organization\",\"@id\":\"https:\\\/\\\/www.cometis.de\\\/de\\\/#organization\",\"name\":\"cometis AG\",\"alternateName\":\"Deutschlands f\u00fchrende Investor Relations Agentur\",\"url\":\"https:\\\/\\\/www.cometis.de\\\/de\\\/\",\"logo\":{\"@type\":\"ImageObject\",\"inLanguage\":\"de\",\"@id\":\"https:\\\/\\\/www.cometis.de\\\/de\\\/#\\\/schema\\\/logo\\\/image\\\/\",\"url\":\"https:\\\/\\\/www.cometis.de\\\/wp-content\\\/uploads\\\/2024\\\/12-old\\\/Cometis-Mobile-Logo-1.png\",\"contentUrl\":\"https:\\\/\\\/www.cometis.de\\\/wp-content\\\/uploads\\\/2024\\\/12-old\\\/Cometis-Mobile-Logo-1.png\",\"width\":171,\"height\":31,\"caption\":\"cometis AG\"},\"image\":{\"@id\":\"https:\\\/\\\/www.cometis.de\\\/de\\\/#\\\/schema\\\/logo\\\/image\\\/\"},\"sameAs\":[\"https:\\\/\\\/www.linkedin.com\\\/company\\\/cometis-ag\\\/\",\"https:\\\/\\\/www.youtube.com\\\/user\\\/cometisAG\"]}]}<\/script>\n<!-- \/ Yoast SEO Premium plugin. -->","yoast_head_json":{"title":"ESG Reporting - cometis AG","description":"ESG-Reporting: Ein wesentlicher Bestandteil der Unternehmenskommunikation. Was Sie tun k\u00f6nnen und wie wir dabei helfen.","robots":{"index":"index","follow":"follow","max-snippet":"max-snippet:-1","max-image-preview":"max-image-preview:large","max-video-preview":"max-video-preview:-1"},"canonical":"https:\/\/www.cometis.de\/de\/services\/esg\/esg-reporting\/","og_locale":"de_DE","og_type":"article","og_title":"ESG Reporting","og_description":"ESG-Reporting: Ein wesentlicher Bestandteil der Unternehmenskommunikation. Was Sie tun k\u00f6nnen und wie wir dabei helfen.","og_url":"https:\/\/www.cometis.de\/de\/services\/esg\/esg-reporting\/","og_site_name":"cometis AG","article_modified_time":"2025-09-12T11:01:55+00:00","og_image":[{"width":171,"height":31,"url":"https:\/\/www.cometis.de\/wp-content\/uploads\/2024\/12-old\/Cometis-Mobile-Logo-1.png","type":"image\/png"}],"twitter_card":"summary_large_image","twitter_misc":{"Gesch\u00e4tzte Lesezeit":"4\u00a0Minuten"},"schema":{"@context":"https:\/\/schema.org","@graph":[{"@type":"WebPage","@id":"https:\/\/www.cometis.de\/de\/services\/esg\/esg-reporting\/","url":"https:\/\/www.cometis.de\/de\/services\/esg\/esg-reporting\/","name":"ESG Reporting - cometis AG","isPartOf":{"@id":"https:\/\/www.cometis.de\/de\/#website"},"datePublished":"2025-01-20T12:37:13+00:00","dateModified":"2025-09-12T11:01:55+00:00","description":"ESG-Reporting: Ein wesentlicher Bestandteil der Unternehmenskommunikation. Was Sie tun k\u00f6nnen und wie wir dabei helfen.","breadcrumb":{"@id":"https:\/\/www.cometis.de\/de\/services\/esg\/esg-reporting\/#breadcrumb"},"inLanguage":"de","potentialAction":[{"@type":"ReadAction","target":["https:\/\/www.cometis.de\/de\/services\/esg\/esg-reporting\/"]}]},{"@type":"BreadcrumbList","@id":"https:\/\/www.cometis.de\/de\/services\/esg\/esg-reporting\/#breadcrumb","itemListElement":[{"@type":"ListItem","position":1,"name":"Home","item":"https:\/\/www.cometis.de\/de\/"},{"@type":"ListItem","position":2,"name":"Services","item":"https:\/\/www.cometis.de\/de\/services\/"},{"@type":"ListItem","position":3,"name":"ESG Advisory","item":"https:\/\/www.cometis.de\/de\/services\/esg\/"},{"@type":"ListItem","position":4,"name":"ESG Reporting"}]},{"@type":"WebSite","@id":"https:\/\/www.cometis.de\/de\/#website","url":"https:\/\/www.cometis.de\/de\/","name":"cometis AG","description":"Deutschlands f\u00fchrende Investor Relations Agentur","publisher":{"@id":"https:\/\/www.cometis.de\/de\/#organization"},"potentialAction":[{"@type":"SearchAction","target":{"@type":"EntryPoint","urlTemplate":"https:\/\/www.cometis.de\/de\/?s={search_term_string}"},"query-input":{"@type":"PropertyValueSpecification","valueRequired":true,"valueName":"search_term_string"}}],"inLanguage":"de"},{"@type":"Organization","@id":"https:\/\/www.cometis.de\/de\/#organization","name":"cometis AG","alternateName":"Deutschlands f\u00fchrende Investor Relations Agentur","url":"https:\/\/www.cometis.de\/de\/","logo":{"@type":"ImageObject","inLanguage":"de","@id":"https:\/\/www.cometis.de\/de\/#\/schema\/logo\/image\/","url":"https:\/\/www.cometis.de\/wp-content\/uploads\/2024\/12-old\/Cometis-Mobile-Logo-1.png","contentUrl":"https:\/\/www.cometis.de\/wp-content\/uploads\/2024\/12-old\/Cometis-Mobile-Logo-1.png","width":171,"height":31,"caption":"cometis AG"},"image":{"@id":"https:\/\/www.cometis.de\/de\/#\/schema\/logo\/image\/"},"sameAs":["https:\/\/www.linkedin.com\/company\/cometis-ag\/","https:\/\/www.youtube.com\/user\/cometisAG"]}]}},"_links":{"self":[{"href":"https:\/\/www.cometis.de\/de\/wp-json\/wp\/v2\/pages\/3643","targetHints":{"allow":["GET"]}}],"collection":[{"href":"https:\/\/www.cometis.de\/de\/wp-json\/wp\/v2\/pages"}],"about":[{"href":"https:\/\/www.cometis.de\/de\/wp-json\/wp\/v2\/types\/page"}],"author":[{"embeddable":true,"href":"https:\/\/www.cometis.de\/de\/wp-json\/wp\/v2\/users\/1"}],"replies":[{"embeddable":true,"href":"https:\/\/www.cometis.de\/de\/wp-json\/wp\/v2\/comments?post=3643"}],"version-history":[{"count":19,"href":"https:\/\/www.cometis.de\/de\/wp-json\/wp\/v2\/pages\/3643\/revisions"}],"predecessor-version":[{"id":109834,"href":"https:\/\/www.cometis.de\/de\/wp-json\/wp\/v2\/pages\/3643\/revisions\/109834"}],"up":[{"embeddable":true,"href":"https:\/\/www.cometis.de\/de\/wp-json\/wp\/v2\/pages\/2295"}],"wp:attachment":[{"href":"https:\/\/www.cometis.de\/de\/wp-json\/wp\/v2\/media?parent=3643"}],"curies":[{"name":"wp","href":"https:\/\/api.w.org\/{rel}","templated":true}]}}