{"id":3790,"date":"2025-01-21T07:21:30","date_gmt":"2025-01-21T06:21:30","guid":{"rendered":"https:\/\/cometis.de\/?page_id=3790"},"modified":"2025-04-04T14:51:48","modified_gmt":"2025-04-04T12:51:48","slug":"ir-strategie","status":"publish","type":"page","link":"https:\/\/www.cometis.de\/de\/services\/investor-relations\/ir-strategie\/","title":{"rendered":"IR-Strategie"},"content":{"rendered":"\t\t<div data-elementor-type=\"wp-page\" data-elementor-id=\"3790\" class=\"elementor elementor-3790\" data-elementor-post-type=\"page\">\n\t\t\t\t<div class=\"elementor-element elementor-element-a1de601 e-flex e-con-boxed e-con e-parent\" data-id=\"a1de601\" data-element_type=\"container\" data-e-type=\"container\">\n\t\t\t\t\t<div class=\"e-con-inner\">\n\t\t\t\t<div class=\"elementor-element elementor-element-3eb67df elementor-widget elementor-widget-template\" data-id=\"3eb67df\" data-element_type=\"widget\" data-e-type=\"widget\" data-widget_type=\"template.default\">\n\t\t\t\t<div class=\"elementor-widget-container\">\n\t\t\t\t\t\t\t<div class=\"elementor-template\">\n\t\t\t\t\t<div data-elementor-type=\"section\" data-elementor-id=\"766\" class=\"elementor elementor-766\" data-elementor-post-type=\"elementor_library\">\n\t\t\t<div class=\"elementor-element elementor-element-1f34e34 e-flex e-con-boxed e-con e-parent\" data-id=\"1f34e34\" data-element_type=\"container\" data-e-type=\"container\">\n\t\t\t\t\t<div class=\"e-con-inner\">\n\t\t<div class=\"elementor-element elementor-element-e68c844 e-con-full e-flex e-con e-child\" data-id=\"e68c844\" data-element_type=\"container\" data-e-type=\"container\" data-settings=\"{&quot;background_background&quot;:&quot;classic&quot;}\">\n\t\t\t\t<\/div>\n\t\t<div class=\"elementor-element elementor-element-b7dac6f e-con-full e-flex e-con e-child\" data-id=\"b7dac6f\" data-element_type=\"container\" data-e-type=\"container\">\n\t\t\t\t<div class=\"elementor-element elementor-element-ce54cc3 elementor-align-left elementor-widget elementor-widget-breadcrumbs\" data-id=\"ce54cc3\" data-element_type=\"widget\" data-e-type=\"widget\" data-widget_type=\"breadcrumbs.default\">\n\t\t\t\t<div class=\"elementor-widget-container\">\n\t\t\t\t\t<div id=\"breadcrumbs\"><span><span><a href=\"https:\/\/www.cometis.de\/de\/\">Home<\/a><\/span><\/span><\/div>\t\t\t\t<\/div>\n\t\t\t\t<\/div>\n\t\t\t\t<\/div>\n\t\t\t\t\t<\/div>\n\t\t\t\t<\/div>\n\t\t\t\t<\/div>\n\t\t\t\t<\/div>\n\t\t\t\t\t\t<\/div>\n\t\t\t\t<\/div>\n\t\t\t\t\t<\/div>\n\t\t\t\t<\/div>\n\t\t<div class=\"elementor-element elementor-element-6cb1f16 cmn-sidebar-content e-flex e-con-boxed e-con e-parent\" data-id=\"6cb1f16\" data-element_type=\"container\" data-e-type=\"container\" data-settings=\"{&quot;background_background&quot;:&quot;classic&quot;,&quot;background_motion_fx_motion_fx_scrolling&quot;:&quot;yes&quot;,&quot;background_motion_fx_translateY_effect&quot;:&quot;yes&quot;,&quot;background_motion_fx_translateY_speed&quot;:{&quot;unit&quot;:&quot;px&quot;,&quot;size&quot;:2,&quot;sizes&quot;:[]},&quot;background_motion_fx_translateY_direction&quot;:&quot;negative&quot;,&quot;background_motion_fx_translateY_affectedRange&quot;:{&quot;unit&quot;:&quot;%&quot;,&quot;size&quot;:&quot;&quot;,&quot;sizes&quot;:{&quot;start&quot;:0,&quot;end&quot;:100}},&quot;background_motion_fx_devices&quot;:[&quot;desktop&quot;,&quot;tablet&quot;,&quot;mobile&quot;]}\">\n\t\t\t\t\t<div class=\"e-con-inner\">\n\t\t<div class=\"elementor-element elementor-element-a6107fc e-con-full cmn-sidebar-content p-100 e-flex e-con e-child\" data-id=\"a6107fc\" data-element_type=\"container\" data-e-type=\"container\">\n\t\t<div class=\"elementor-element elementor-element-a9bf49e e-con-full cmn-content-box e-flex e-con e-child\" data-id=\"a9bf49e\" data-element_type=\"container\" data-e-type=\"container\">\n\t\t<div class=\"elementor-element elementor-element-3a772b4 e-con-full cmn-content-box-container e-flex e-con e-child\" data-id=\"3a772b4\" data-element_type=\"container\" data-e-type=\"container\">\n\t\t\t\t<div class=\"elementor-element elementor-element-33112b4 elementor-widget elementor-widget-heading\" data-id=\"33112b4\" data-element_type=\"widget\" data-e-type=\"widget\" data-widget_type=\"heading.default\">\n\t\t\t\t<div class=\"elementor-widget-container\">\n\t\t\t\t\t<h2 class=\"elementor-heading-title elementor-size-default\">IR-Strategie<\/h2>\t\t\t\t<\/div>\n\t\t\t\t<\/div>\n\t\t\t\t<div class=\"elementor-element elementor-element-0cc8fa0 elementor-widget elementor-widget-text-editor\" data-id=\"0cc8fa0\" data-element_type=\"widget\" data-e-type=\"widget\" data-widget_type=\"text-editor.default\">\n\t\t\t\t<div class=\"elementor-widget-container\">\n\t\t\t\t\t\t\t\t\t<p>Eine ausgefeilte\u00a0<a href=\"\/de\/services\/investor-relations\/\">Investor Relations<\/a><a href=\"\/de\/services\/investor-relations\/\">-Strategie<\/a> wagt immer eine 360 Grad Betrachtung des Unternehmens. Ausgehend von den Zielen Ihres Unternehmens werden die Finanzierungsziele abgeleitet. Daraus ergeben sich wiederum die Ziele f\u00fcr die B\u00f6rsennotierung. Dabei beantworten wir Ihnen zwei wesentliche Fragen: Wie ist ihr Unternehmen mit seinen St\u00e4rken und Schw\u00e4chen sowie Chancen und Risiken generell positioniert? Und wie ist Ihr Unternehmen am Kapitalmarkt positioniert?<\/p>\t\t\t\t\t\t\t\t<\/div>\n\t\t\t\t<\/div>\n\t\t\t\t<div class=\"elementor-element elementor-element-a09cf97 cmn-content-box-btn elementor-widget elementor-widget-button\" data-id=\"a09cf97\" data-element_type=\"widget\" data-e-type=\"widget\" data-widget_type=\"button.default\">\n\t\t\t\t<div class=\"elementor-widget-container\">\n\t\t\t\t\t\t\t\t\t<div class=\"elementor-button-wrapper\">\n\t\t\t\t\t<a class=\"elementor-button elementor-button-link elementor-size-sm\" href=\"\/de\/cometis-ag\/referenzen\/investor-relations-referenzen\">\n\t\t\t\t\t\t<span class=\"elementor-button-content-wrapper\">\n\t\t\t\t\t\t<span class=\"elementor-button-icon\">\n\t\t\t\t<svg aria-hidden=\"true\" class=\"e-font-icon-svg e-fas-chevron-right\" viewBox=\"0 0 320 512\" xmlns=\"http:\/\/www.w3.org\/2000\/svg\"><path d=\"M285.476 272.971L91.132 467.314c-9.373 9.373-24.569 9.373-33.941 0l-22.667-22.667c-9.357-9.357-9.375-24.522-.04-33.901L188.505 256 34.484 101.255c-9.335-9.379-9.317-24.544.04-33.901l22.667-22.667c9.373-9.373 24.569-9.373 33.941 0L285.475 239.03c9.373 9.372 9.373 24.568.001 33.941z\"><\/path><\/svg>\t\t\t<\/span>\n\t\t\t\t\t\t\t\t\t<span class=\"elementor-button-text\">Unsere Referenzen<\/span>\n\t\t\t\t\t<\/span>\n\t\t\t\t\t<\/a>\n\t\t\t\t<\/div>\n\t\t\t\t\t\t\t\t<\/div>\n\t\t\t\t<\/div>\n\t\t\t\t<\/div>\n\t\t<div class=\"elementor-element elementor-element-4fdb1ce e-con-full cmn-content-box-container e-flex e-con e-child\" data-id=\"4fdb1ce\" data-element_type=\"container\" data-e-type=\"container\">\n\t\t\t\t<div class=\"elementor-element elementor-element-506fbe5 elementor-widget elementor-widget-heading\" data-id=\"506fbe5\" data-element_type=\"widget\" data-e-type=\"widget\" data-widget_type=\"heading.default\">\n\t\t\t\t<div class=\"elementor-widget-container\">\n\t\t\t\t\t<h2 class=\"elementor-heading-title elementor-size-default\">Aus IR-Strategie Ma\u00dfnahmen f\u00fcr IR-Arbeit ableiten<\/h2>\t\t\t\t<\/div>\n\t\t\t\t<\/div>\n\t\t\t\t<div class=\"elementor-element elementor-element-46d822b elementor-widget elementor-widget-text-editor\" data-id=\"46d822b\" data-element_type=\"widget\" data-e-type=\"widget\" data-widget_type=\"text-editor.default\">\n\t\t\t\t<div class=\"elementor-widget-container\">\n\t\t\t\t\t\t\t\t\t<p>In die Strategie flie\u00dfen eine Analyse der Peergroup und der Aktion\u00e4rsstruktur, eine Bewertung der Aktie und der Wahrnehmung (Perception) des Unternehmens inkl. des Managements am Kapitalmarkt ein. Als Teil der <a href=\"https:\/\/www.cometis.de\/de\/services\/investor-relations\/\">IR-Strategie<\/a> wird die\u00a0<a title=\"Wir erstellen eine Equity Story, die Ihr Unternehmen f\u00fcr Investoren greifbar macht\" href=\"\/investor-relations\/equity-story\">Equity Story<\/a>\u00a0\u00fcberarbeitet und gesch\u00e4rft.<\/p>\t\t\t\t\t\t\t\t<\/div>\n\t\t\t\t<\/div>\n\t\t\t\t<\/div>\n\t\t<div class=\"elementor-element elementor-element-af9b498 e-con-full cmn-content-box-container e-flex e-con e-child\" data-id=\"af9b498\" data-element_type=\"container\" data-e-type=\"container\">\n\t\t\t\t<div class=\"elementor-element elementor-element-14d1460 elementor-widget elementor-widget-image\" data-id=\"14d1460\" data-element_type=\"widget\" data-e-type=\"widget\" data-widget_type=\"image.default\">\n\t\t\t\t<div class=\"elementor-widget-container\">\n\t\t\t\t\t\t\t\t\t\t\t\t\t\t\t<img fetchpriority=\"high\" decoding=\"async\" width=\"350\" height=\"233\" src=\"https:\/\/www.cometis.de\/wp-content\/uploads\/2025\/01\/DSC_7931-e1498751256806_1.webp\" class=\"attachment-large size-large wp-image-4140\" alt=\"DSC_7931-e1498751256806_1\" srcset=\"https:\/\/www.cometis.de\/wp-content\/uploads\/2025\/01\/DSC_7931-e1498751256806_1.webp 350w, https:\/\/www.cometis.de\/wp-content\/uploads\/2025\/01\/DSC_7931-e1498751256806_1-300x200.webp 300w\" sizes=\"(max-width: 350px) 100vw, 350px\" \/>\t\t\t\t\t\t\t\t\t\t\t\t\t\t\t<\/div>\n\t\t\t\t<\/div>\n\t\t\t\t<div class=\"elementor-element elementor-element-947ce4e elementor-widget elementor-widget-heading\" data-id=\"947ce4e\" data-element_type=\"widget\" data-e-type=\"widget\" data-widget_type=\"heading.default\">\n\t\t\t\t<div class=\"elementor-widget-container\">\n\t\t\t\t\t<h2 class=\"elementor-heading-title elementor-size-default\">IR-Strategie aus einer Hand<\/h2>\t\t\t\t<\/div>\n\t\t\t\t<\/div>\n\t\t\t\t<div class=\"elementor-element elementor-element-69666fa elementor-widget elementor-widget-text-editor\" data-id=\"69666fa\" data-element_type=\"widget\" data-e-type=\"widget\" data-widget_type=\"text-editor.default\">\n\t\t\t\t<div class=\"elementor-widget-container\">\n\t\t\t\t\t\t\t\t\t<p><a title=\"Deutschlands Investor Relations Agentur\" href=\"\/de\/\">cometis<\/a> stellt im Rahmen einer umfangreichen Recherche ihr Unternehmen auf den Pr\u00fcfstand und spricht mit den relevanten Protagonisten des Kapitalmarkts.<\/p><p>Die Ergebnisse werden f\u00fcr Sie in einem klar strukturierten Plan mit konkreten Handlungsempfehlungen f\u00fcr den Umgang mit Analysten, Investoren und Finanzmedien, der <a href=\"\/de\/services\/investor-relations\/\">IR-Strategie<\/a>, anschaulich aufbereitet.<\/p><p>Die wesentlichen Bestandteile dieses Dokuments sollten \u00fcbrigens mit dem Aufsichtsrat besprochen werden. Dieser sollte viermal pro Jahr hinsichtlich der Aktivit\u00e4ten am Kapitalmarkt informiert werden. Hierzu erstellen wir f\u00fcr Sie, unsere Kunden, ein strukturiertes <a title=\"Aufsichtsrat Reporting\" href=\"https:\/\/www.cometis.de\/de\/services\/investor-relations\/ir-strategie\/aufsichtsrat-reporting\/\">AR Reporting<\/a>.<\/p>\t\t\t\t\t\t\t\t<\/div>\n\t\t\t\t<\/div>\n\t\t\t\t<\/div>\n\t\t\t\t<\/div>\n\t\t\t\t<\/div>\n\t\t\t\t\t<\/div>\n\t\t\t\t<\/div>\n\t\t\t\t<\/div>\n\t\t","protected":false},"excerpt":{"rendered":"<p>IR-Strategie Eine ausgefeilte\u00a0Investor Relations-Strategie wagt immer eine 360 Grad Betrachtung des Unternehmens. Ausgehend von den Zielen Ihres Unternehmens werden die Finanzierungsziele abgeleitet. Daraus ergeben sich wiederum die Ziele f\u00fcr die B\u00f6rsennotierung. Dabei beantworten wir Ihnen zwei wesentliche Fragen: Wie ist ihr Unternehmen mit seinen St\u00e4rken und Schw\u00e4chen sowie Chancen und Risiken generell positioniert? Und wie [&hellip;]<\/p>\n","protected":false},"author":1,"featured_media":0,"parent":2175,"menu_order":0,"comment_status":"closed","ping_status":"open","template":"","meta":{"_acf_changed":false,"footnotes":""},"class_list":["post-3790","page","type-page","status-publish","hentry"],"acf":[],"yoast_head":"<!-- This site is optimized with the Yoast SEO Premium plugin v26.2 (Yoast SEO v27.4) - https:\/\/yoast.com\/product\/yoast-seo-premium-wordpress\/ -->\n<title>IR-Strategie \u2013 Mit klarem Profil am Kapitalmarkt positionieren | cometis AG<\/title>\n<meta name=\"description\" content=\"Die cometis AG ist die f\u00fchrende Investor Relations Agentur und der Spezialist f\u00fcr die Entwicklung Ihrer individuellen IR-Strategie.\" \/>\n<meta name=\"robots\" content=\"index, follow, max-snippet:-1, max-image-preview:large, max-video-preview:-1\" \/>\n<link rel=\"canonical\" href=\"https:\/\/www.cometis.de\/de\/services\/investor-relations\/ir-strategie\/\" \/>\n<meta property=\"og:locale\" content=\"de_DE\" \/>\n<meta property=\"og:type\" content=\"article\" \/>\n<meta property=\"og:title\" content=\"IR-Strategie\" \/>\n<meta property=\"og:description\" content=\"Die cometis AG ist die f\u00fchrende Investor Relations Agentur und der Spezialist f\u00fcr die Entwicklung Ihrer individuellen IR-Strategie.\" \/>\n<meta property=\"og:url\" content=\"https:\/\/www.cometis.de\/de\/services\/investor-relations\/ir-strategie\/\" \/>\n<meta property=\"og:site_name\" content=\"cometis AG\" \/>\n<meta property=\"article:modified_time\" content=\"2025-04-04T12:51:48+00:00\" \/>\n<meta property=\"og:image\" content=\"https:\/\/www.cometis.de\/wp-content\/uploads\/2025\/01\/DSC_7931-e1498751256806_1.webp\" \/>\n\t<meta property=\"og:image:width\" content=\"350\" \/>\n\t<meta property=\"og:image:height\" content=\"233\" \/>\n\t<meta property=\"og:image:type\" content=\"image\/webp\" \/>\n<meta name=\"twitter:card\" content=\"summary_large_image\" \/>\n<meta name=\"twitter:label1\" content=\"Gesch\u00e4tzte Lesezeit\" \/>\n\t<meta name=\"twitter:data1\" content=\"2\u00a0Minuten\" \/>\n<script type=\"application\/ld+json\" class=\"yoast-schema-graph\">{\"@context\":\"https:\\\/\\\/schema.org\",\"@graph\":[{\"@type\":\"WebPage\",\"@id\":\"https:\\\/\\\/www.cometis.de\\\/de\\\/services\\\/investor-relations\\\/ir-strategie\\\/\",\"url\":\"https:\\\/\\\/www.cometis.de\\\/de\\\/services\\\/investor-relations\\\/ir-strategie\\\/\",\"name\":\"IR-Strategie \u2013 Mit klarem Profil am Kapitalmarkt positionieren | cometis AG\",\"isPartOf\":{\"@id\":\"https:\\\/\\\/www.cometis.de\\\/de\\\/#website\"},\"primaryImageOfPage\":{\"@id\":\"https:\\\/\\\/www.cometis.de\\\/de\\\/services\\\/investor-relations\\\/ir-strategie\\\/#primaryimage\"},\"image\":{\"@id\":\"https:\\\/\\\/www.cometis.de\\\/de\\\/services\\\/investor-relations\\\/ir-strategie\\\/#primaryimage\"},\"thumbnailUrl\":\"https:\\\/\\\/www.cometis.de\\\/wp-content\\\/uploads\\\/2025\\\/01\\\/DSC_7931-e1498751256806_1.webp\",\"datePublished\":\"2025-01-21T06:21:30+00:00\",\"dateModified\":\"2025-04-04T12:51:48+00:00\",\"description\":\"Die cometis AG ist die f\u00fchrende Investor Relations Agentur und der Spezialist f\u00fcr die Entwicklung Ihrer individuellen IR-Strategie.\",\"breadcrumb\":{\"@id\":\"https:\\\/\\\/www.cometis.de\\\/de\\\/services\\\/investor-relations\\\/ir-strategie\\\/#breadcrumb\"},\"inLanguage\":\"de\",\"potentialAction\":[{\"@type\":\"ReadAction\",\"target\":[\"https:\\\/\\\/www.cometis.de\\\/de\\\/services\\\/investor-relations\\\/ir-strategie\\\/\"]}]},{\"@type\":\"ImageObject\",\"inLanguage\":\"de\",\"@id\":\"https:\\\/\\\/www.cometis.de\\\/de\\\/services\\\/investor-relations\\\/ir-strategie\\\/#primaryimage\",\"url\":\"https:\\\/\\\/www.cometis.de\\\/wp-content\\\/uploads\\\/2025\\\/01\\\/DSC_7931-e1498751256806_1.webp\",\"contentUrl\":\"https:\\\/\\\/www.cometis.de\\\/wp-content\\\/uploads\\\/2025\\\/01\\\/DSC_7931-e1498751256806_1.webp\"},{\"@type\":\"BreadcrumbList\",\"@id\":\"https:\\\/\\\/www.cometis.de\\\/de\\\/services\\\/investor-relations\\\/ir-strategie\\\/#breadcrumb\",\"itemListElement\":[{\"@type\":\"ListItem\",\"position\":1,\"name\":\"Home\",\"item\":\"https:\\\/\\\/www.cometis.de\\\/de\\\/\"},{\"@type\":\"ListItem\",\"position\":2,\"name\":\"Services\",\"item\":\"https:\\\/\\\/www.cometis.de\\\/de\\\/services\\\/\"},{\"@type\":\"ListItem\",\"position\":3,\"name\":\"Investor Relations\",\"item\":\"https:\\\/\\\/www.cometis.de\\\/de\\\/services\\\/investor-relations\\\/\"},{\"@type\":\"ListItem\",\"position\":4,\"name\":\"IR-Strategie\"}]},{\"@type\":\"WebSite\",\"@id\":\"https:\\\/\\\/www.cometis.de\\\/de\\\/#website\",\"url\":\"https:\\\/\\\/www.cometis.de\\\/de\\\/\",\"name\":\"cometis AG\",\"description\":\"Deutschlands f\u00fchrende Investor Relations Agentur\",\"publisher\":{\"@id\":\"https:\\\/\\\/www.cometis.de\\\/de\\\/#organization\"},\"potentialAction\":[{\"@type\":\"SearchAction\",\"target\":{\"@type\":\"EntryPoint\",\"urlTemplate\":\"https:\\\/\\\/www.cometis.de\\\/de\\\/?s={search_term_string}\"},\"query-input\":{\"@type\":\"PropertyValueSpecification\",\"valueRequired\":true,\"valueName\":\"search_term_string\"}}],\"inLanguage\":\"de\"},{\"@type\":\"Organization\",\"@id\":\"https:\\\/\\\/www.cometis.de\\\/de\\\/#organization\",\"name\":\"cometis AG\",\"alternateName\":\"Deutschlands f\u00fchrende Investor Relations Agentur\",\"url\":\"https:\\\/\\\/www.cometis.de\\\/de\\\/\",\"logo\":{\"@type\":\"ImageObject\",\"inLanguage\":\"de\",\"@id\":\"https:\\\/\\\/www.cometis.de\\\/de\\\/#\\\/schema\\\/logo\\\/image\\\/\",\"url\":\"https:\\\/\\\/www.cometis.de\\\/wp-content\\\/uploads\\\/2024\\\/12-old\\\/Cometis-Mobile-Logo-1.png\",\"contentUrl\":\"https:\\\/\\\/www.cometis.de\\\/wp-content\\\/uploads\\\/2024\\\/12-old\\\/Cometis-Mobile-Logo-1.png\",\"width\":171,\"height\":31,\"caption\":\"cometis AG\"},\"image\":{\"@id\":\"https:\\\/\\\/www.cometis.de\\\/de\\\/#\\\/schema\\\/logo\\\/image\\\/\"},\"sameAs\":[\"https:\\\/\\\/www.linkedin.com\\\/company\\\/cometis-ag\\\/\",\"https:\\\/\\\/www.youtube.com\\\/user\\\/cometisAG\"]}]}<\/script>\n<!-- \/ Yoast SEO Premium plugin. -->","yoast_head_json":{"title":"IR-Strategie \u2013 Mit klarem Profil am Kapitalmarkt positionieren | cometis AG","description":"Die cometis AG ist die f\u00fchrende Investor Relations Agentur und der Spezialist f\u00fcr die Entwicklung Ihrer individuellen IR-Strategie.","robots":{"index":"index","follow":"follow","max-snippet":"max-snippet:-1","max-image-preview":"max-image-preview:large","max-video-preview":"max-video-preview:-1"},"canonical":"https:\/\/www.cometis.de\/de\/services\/investor-relations\/ir-strategie\/","og_locale":"de_DE","og_type":"article","og_title":"IR-Strategie","og_description":"Die cometis AG ist die f\u00fchrende Investor Relations Agentur und der Spezialist f\u00fcr die Entwicklung Ihrer individuellen IR-Strategie.","og_url":"https:\/\/www.cometis.de\/de\/services\/investor-relations\/ir-strategie\/","og_site_name":"cometis AG","article_modified_time":"2025-04-04T12:51:48+00:00","og_image":[{"width":350,"height":233,"url":"https:\/\/www.cometis.de\/wp-content\/uploads\/2025\/01\/DSC_7931-e1498751256806_1.webp","type":"image\/webp"}],"twitter_card":"summary_large_image","twitter_misc":{"Gesch\u00e4tzte Lesezeit":"2\u00a0Minuten"},"schema":{"@context":"https:\/\/schema.org","@graph":[{"@type":"WebPage","@id":"https:\/\/www.cometis.de\/de\/services\/investor-relations\/ir-strategie\/","url":"https:\/\/www.cometis.de\/de\/services\/investor-relations\/ir-strategie\/","name":"IR-Strategie \u2013 Mit klarem Profil am Kapitalmarkt positionieren | cometis AG","isPartOf":{"@id":"https:\/\/www.cometis.de\/de\/#website"},"primaryImageOfPage":{"@id":"https:\/\/www.cometis.de\/de\/services\/investor-relations\/ir-strategie\/#primaryimage"},"image":{"@id":"https:\/\/www.cometis.de\/de\/services\/investor-relations\/ir-strategie\/#primaryimage"},"thumbnailUrl":"https:\/\/www.cometis.de\/wp-content\/uploads\/2025\/01\/DSC_7931-e1498751256806_1.webp","datePublished":"2025-01-21T06:21:30+00:00","dateModified":"2025-04-04T12:51:48+00:00","description":"Die cometis AG ist die f\u00fchrende Investor Relations Agentur und der Spezialist f\u00fcr die Entwicklung Ihrer individuellen IR-Strategie.","breadcrumb":{"@id":"https:\/\/www.cometis.de\/de\/services\/investor-relations\/ir-strategie\/#breadcrumb"},"inLanguage":"de","potentialAction":[{"@type":"ReadAction","target":["https:\/\/www.cometis.de\/de\/services\/investor-relations\/ir-strategie\/"]}]},{"@type":"ImageObject","inLanguage":"de","@id":"https:\/\/www.cometis.de\/de\/services\/investor-relations\/ir-strategie\/#primaryimage","url":"https:\/\/www.cometis.de\/wp-content\/uploads\/2025\/01\/DSC_7931-e1498751256806_1.webp","contentUrl":"https:\/\/www.cometis.de\/wp-content\/uploads\/2025\/01\/DSC_7931-e1498751256806_1.webp"},{"@type":"BreadcrumbList","@id":"https:\/\/www.cometis.de\/de\/services\/investor-relations\/ir-strategie\/#breadcrumb","itemListElement":[{"@type":"ListItem","position":1,"name":"Home","item":"https:\/\/www.cometis.de\/de\/"},{"@type":"ListItem","position":2,"name":"Services","item":"https:\/\/www.cometis.de\/de\/services\/"},{"@type":"ListItem","position":3,"name":"Investor Relations","item":"https:\/\/www.cometis.de\/de\/services\/investor-relations\/"},{"@type":"ListItem","position":4,"name":"IR-Strategie"}]},{"@type":"WebSite","@id":"https:\/\/www.cometis.de\/de\/#website","url":"https:\/\/www.cometis.de\/de\/","name":"cometis AG","description":"Deutschlands f\u00fchrende Investor Relations Agentur","publisher":{"@id":"https:\/\/www.cometis.de\/de\/#organization"},"potentialAction":[{"@type":"SearchAction","target":{"@type":"EntryPoint","urlTemplate":"https:\/\/www.cometis.de\/de\/?s={search_term_string}"},"query-input":{"@type":"PropertyValueSpecification","valueRequired":true,"valueName":"search_term_string"}}],"inLanguage":"de"},{"@type":"Organization","@id":"https:\/\/www.cometis.de\/de\/#organization","name":"cometis AG","alternateName":"Deutschlands f\u00fchrende Investor Relations Agentur","url":"https:\/\/www.cometis.de\/de\/","logo":{"@type":"ImageObject","inLanguage":"de","@id":"https:\/\/www.cometis.de\/de\/#\/schema\/logo\/image\/","url":"https:\/\/www.cometis.de\/wp-content\/uploads\/2024\/12-old\/Cometis-Mobile-Logo-1.png","contentUrl":"https:\/\/www.cometis.de\/wp-content\/uploads\/2024\/12-old\/Cometis-Mobile-Logo-1.png","width":171,"height":31,"caption":"cometis AG"},"image":{"@id":"https:\/\/www.cometis.de\/de\/#\/schema\/logo\/image\/"},"sameAs":["https:\/\/www.linkedin.com\/company\/cometis-ag\/","https:\/\/www.youtube.com\/user\/cometisAG"]}]}},"_links":{"self":[{"href":"https:\/\/www.cometis.de\/de\/wp-json\/wp\/v2\/pages\/3790","targetHints":{"allow":["GET"]}}],"collection":[{"href":"https:\/\/www.cometis.de\/de\/wp-json\/wp\/v2\/pages"}],"about":[{"href":"https:\/\/www.cometis.de\/de\/wp-json\/wp\/v2\/types\/page"}],"author":[{"embeddable":true,"href":"https:\/\/www.cometis.de\/de\/wp-json\/wp\/v2\/users\/1"}],"replies":[{"embeddable":true,"href":"https:\/\/www.cometis.de\/de\/wp-json\/wp\/v2\/comments?post=3790"}],"version-history":[{"count":9,"href":"https:\/\/www.cometis.de\/de\/wp-json\/wp\/v2\/pages\/3790\/revisions"}],"predecessor-version":[{"id":108852,"href":"https:\/\/www.cometis.de\/de\/wp-json\/wp\/v2\/pages\/3790\/revisions\/108852"}],"up":[{"embeddable":true,"href":"https:\/\/www.cometis.de\/de\/wp-json\/wp\/v2\/pages\/2175"}],"wp:attachment":[{"href":"https:\/\/www.cometis.de\/de\/wp-json\/wp\/v2\/media?parent=3790"}],"curies":[{"name":"wp","href":"https:\/\/api.w.org\/{rel}","templated":true}]}}