{"id":3887,"date":"2025-01-21T08:53:08","date_gmt":"2025-01-21T07:53:08","guid":{"rendered":"https:\/\/cometis.de\/?page_id=3887"},"modified":"2025-02-18T06:57:17","modified_gmt":"2025-02-18T05:57:17","slug":"ipo-event","status":"publish","type":"page","link":"https:\/\/www.cometis.de\/de\/services\/ipo\/ipo-event\/","title":{"rendered":"IPO-Event"},"content":{"rendered":"\t\t<div data-elementor-type=\"wp-page\" data-elementor-id=\"3887\" class=\"elementor elementor-3887\" data-elementor-post-type=\"page\">\n\t\t\t\t<div class=\"elementor-element elementor-element-c8f6e5d e-flex e-con-boxed e-con e-parent\" data-id=\"c8f6e5d\" data-element_type=\"container\" data-e-type=\"container\">\n\t\t\t\t\t<div class=\"e-con-inner\">\n\t\t\t\t<div class=\"elementor-element elementor-element-b019238 elementor-widget elementor-widget-template\" data-id=\"b019238\" data-element_type=\"widget\" data-e-type=\"widget\" data-widget_type=\"template.default\">\n\t\t\t\t<div class=\"elementor-widget-container\">\n\t\t\t\t\t\t\t<div class=\"elementor-template\">\n\t\t\t\t\t<div data-elementor-type=\"section\" data-elementor-id=\"766\" class=\"elementor elementor-766\" data-elementor-post-type=\"elementor_library\">\n\t\t\t<div class=\"elementor-element elementor-element-1f34e34 e-flex e-con-boxed e-con e-parent\" data-id=\"1f34e34\" data-element_type=\"container\" data-e-type=\"container\">\n\t\t\t\t\t<div class=\"e-con-inner\">\n\t\t<div class=\"elementor-element elementor-element-e68c844 e-con-full e-flex e-con e-child\" data-id=\"e68c844\" data-element_type=\"container\" data-e-type=\"container\" data-settings=\"{&quot;background_background&quot;:&quot;classic&quot;}\">\n\t\t\t\t<\/div>\n\t\t<div class=\"elementor-element elementor-element-b7dac6f e-con-full e-flex e-con e-child\" data-id=\"b7dac6f\" data-element_type=\"container\" data-e-type=\"container\">\n\t\t\t\t<div class=\"elementor-element elementor-element-ce54cc3 elementor-align-left elementor-widget elementor-widget-breadcrumbs\" data-id=\"ce54cc3\" data-element_type=\"widget\" data-e-type=\"widget\" data-widget_type=\"breadcrumbs.default\">\n\t\t\t\t<div class=\"elementor-widget-container\">\n\t\t\t\t\t<div id=\"breadcrumbs\"><span><span><a href=\"https:\/\/www.cometis.de\/de\/\">Home<\/a><\/span><\/span><\/div>\t\t\t\t<\/div>\n\t\t\t\t<\/div>\n\t\t\t\t<\/div>\n\t\t\t\t\t<\/div>\n\t\t\t\t<\/div>\n\t\t\t\t<\/div>\n\t\t\t\t<\/div>\n\t\t\t\t\t\t<\/div>\n\t\t\t\t<\/div>\n\t\t\t\t\t<\/div>\n\t\t\t\t<\/div>\n\t\t<div class=\"elementor-element elementor-element-b8ad62b cmn-sidebar-content e-flex e-con-boxed e-con e-parent\" data-id=\"b8ad62b\" data-element_type=\"container\" data-e-type=\"container\" data-settings=\"{&quot;background_background&quot;:&quot;classic&quot;,&quot;background_motion_fx_motion_fx_scrolling&quot;:&quot;yes&quot;,&quot;background_motion_fx_translateY_effect&quot;:&quot;yes&quot;,&quot;background_motion_fx_translateY_speed&quot;:{&quot;unit&quot;:&quot;px&quot;,&quot;size&quot;:2,&quot;sizes&quot;:[]},&quot;background_motion_fx_translateY_direction&quot;:&quot;negative&quot;,&quot;background_motion_fx_translateY_affectedRange&quot;:{&quot;unit&quot;:&quot;%&quot;,&quot;size&quot;:&quot;&quot;,&quot;sizes&quot;:{&quot;start&quot;:0,&quot;end&quot;:100}},&quot;background_motion_fx_devices&quot;:[&quot;desktop&quot;,&quot;tablet&quot;,&quot;mobile&quot;]}\">\n\t\t\t\t\t<div class=\"e-con-inner\">\n\t\t<div class=\"elementor-element elementor-element-8b0ec78 e-con-full cmn-sidebar-content p-100 e-flex e-con e-child\" data-id=\"8b0ec78\" data-element_type=\"container\" data-e-type=\"container\">\n\t\t<div class=\"elementor-element elementor-element-5cdb93e e-con-full cmn-content-box e-flex e-con e-child\" data-id=\"5cdb93e\" data-element_type=\"container\" data-e-type=\"container\">\n\t\t<div class=\"elementor-element elementor-element-2156f1a e-con-full cmn-content-box-container e-flex e-con e-child\" data-id=\"2156f1a\" data-element_type=\"container\" data-e-type=\"container\">\n\t\t\t\t<div class=\"elementor-element elementor-element-61d1a23 elementor-widget elementor-widget-heading\" data-id=\"61d1a23\" data-element_type=\"widget\" data-e-type=\"widget\" data-widget_type=\"heading.default\">\n\t\t\t\t<div class=\"elementor-widget-container\">\n\t\t\t\t\t<h2 class=\"elementor-heading-title elementor-size-default\">IPO-Event zum ersten Handelstag<\/h2>\t\t\t\t<\/div>\n\t\t\t\t<\/div>\n\t\t\t\t<div class=\"elementor-element elementor-element-ea06835 elementor-widget elementor-widget-text-editor\" data-id=\"ea06835\" data-element_type=\"widget\" data-e-type=\"widget\" data-widget_type=\"text-editor.default\">\n\t\t\t\t<div class=\"elementor-widget-container\">\n\t\t\t\t\t\t\t\t\t<p>Tag f\u00fcr Tag berichten die Finanz- und Wirtschaftsmedien aus dem Handelssaal der Frankfurter Wertpapierb\u00f6rse \u00fcber das aktuelle B\u00f6rsengeschehen. Zum Handelsstart Ihrer Aktie bietet sich die einmalige Gelegenheit, mit einem IPO-Event ihre B\u00f6rsennotierung geb\u00fchrend zu feiern und selbst in den Fokus der Berichterstattung zu r\u00fccken.<\/p><p>Wir koordinieren f\u00fcr Sie ein einmaliges IPO-Event in den R\u00e4umlichkeiten der Deutschen B\u00f6rse und kl\u00e4ren f\u00fcr Sie im Vorfeld alle Details \u2013 angefangen bei der Organisation der Feierstunde bis zur Planung der Medieninterviews. F\u00fcr das IPO-Event stehen Ihnen die R\u00e4umlichkeiten der Frankfurter Wertpapierb\u00f6rse zur Verf\u00fcgung und bereiten Ihnen die B\u00fchne f\u00fcr eine unvergessliche Veranstaltung.<\/p>\t\t\t\t\t\t\t\t<\/div>\n\t\t\t\t<\/div>\n\t\t\t\t<div class=\"elementor-element elementor-element-64d155d elementor-widget elementor-widget-button\" data-id=\"64d155d\" data-element_type=\"widget\" data-e-type=\"widget\" data-widget_type=\"button.default\">\n\t\t\t\t<div class=\"elementor-widget-container\">\n\t\t\t\t\t\t\t\t\t<div class=\"elementor-button-wrapper\">\n\t\t\t\t\t<a class=\"elementor-button elementor-button-link elementor-size-sm\" href=\"\/de\/cometis-ag\/referenzen\/ipo-referenzen\">\n\t\t\t\t\t\t<span class=\"elementor-button-content-wrapper\">\n\t\t\t\t\t\t\t\t\t<span class=\"elementor-button-text\">Unsere Referenzen<\/span>\n\t\t\t\t\t<\/span>\n\t\t\t\t\t<\/a>\n\t\t\t\t<\/div>\n\t\t\t\t\t\t\t\t<\/div>\n\t\t\t\t<\/div>\n\t\t\t\t<\/div>\n\t\t<div class=\"elementor-element elementor-element-ea0b44c e-con-full cmn-content-box-container e-flex e-con e-child\" data-id=\"ea0b44c\" data-element_type=\"container\" data-e-type=\"container\">\n\t\t\t\t<div class=\"elementor-element elementor-element-c8af4a8 elementor-widget elementor-widget-heading\" data-id=\"c8af4a8\" data-element_type=\"widget\" data-e-type=\"widget\" data-widget_type=\"heading.default\">\n\t\t\t\t<div class=\"elementor-widget-container\">\n\t\t\t\t\t<h2 class=\"elementor-heading-title elementor-size-default\">Zum Handelsstart im Fokus der Medien sein<\/h2>\t\t\t\t<\/div>\n\t\t\t\t<\/div>\n\t\t\t\t<div class=\"elementor-element elementor-element-487576d elementor-widget elementor-widget-text-editor\" data-id=\"487576d\" data-element_type=\"widget\" data-e-type=\"widget\" data-widget_type=\"text-editor.default\">\n\t\t\t\t<div class=\"elementor-widget-container\">\n\t\t\t\t\t\t\t\t\t<p>Im Rahmen der IPO-Kommunikation l\u00e4sst sich das Event sehr gut f\u00fcr die Medienarbeit zum Handelsstart der Aktien nutzen. Wir unterst\u00fctzen Sie bei der Organisation Ihrer Medientermine, die Sie direkt auf dem Handelsparkett wahrnehmen k\u00f6nnen. Zudem k\u00f6nnte die Begleitung Ihrer Veranstaltung durch einen Fotografen oder ein Filmteam Ihre Medienarbeit abrunden. Ihr Unternehmenslogo auf einem LED-Banner unter der DAX-Tafel \u2013 nur eins von vielen attraktiven Fotomotiven an diesem Tag!<br \/>Sprechen Sie uns an, damit Ihr IPO-Event zu einem besonderen Ereignis wird!<\/p>\t\t\t\t\t\t\t\t<\/div>\n\t\t\t\t<\/div>\n\t\t\t\t<\/div>\n\t\t\t\t<\/div>\n\t\t\t\t<\/div>\n\t\t\t\t\t<\/div>\n\t\t\t\t<\/div>\n\t\t\t\t<\/div>\n\t\t","protected":false},"excerpt":{"rendered":"<p>IPO-Event zum ersten Handelstag Tag f\u00fcr Tag berichten die Finanz- und Wirtschaftsmedien aus dem Handelssaal der Frankfurter Wertpapierb\u00f6rse \u00fcber das aktuelle B\u00f6rsengeschehen. Zum Handelsstart Ihrer Aktie bietet sich die einmalige Gelegenheit, mit einem IPO-Event ihre B\u00f6rsennotierung geb\u00fchrend zu feiern und selbst in den Fokus der Berichterstattung zu r\u00fccken. Wir koordinieren f\u00fcr Sie ein einmaliges IPO-Event [&hellip;]<\/p>\n","protected":false},"author":1,"featured_media":0,"parent":3813,"menu_order":0,"comment_status":"closed","ping_status":"open","template":"","meta":{"_acf_changed":false,"footnotes":""},"class_list":["post-3887","page","type-page","status-publish","hentry"],"acf":[],"yoast_head":"<!-- This site is optimized with the Yoast SEO Premium plugin v26.2 (Yoast SEO v27.4) - https:\/\/yoast.com\/product\/yoast-seo-premium-wordpress\/ -->\n<title>IPO-Event \u2013 B\u00f6rsennotierung medienwirksam inszenieren | cometis AG<\/title>\n<meta name=\"description\" content=\"Mit IPO-Event die B\u00f6rsennotierung im Handelssaal der Frankfurter Wertpapierb\u00f6rse feiern. cometis AG organisiert Medieninterviews zum Handelsstart.\" \/>\n<meta name=\"robots\" content=\"index, follow, max-snippet:-1, max-image-preview:large, max-video-preview:-1\" \/>\n<link rel=\"canonical\" href=\"https:\/\/www.cometis.de\/de\/services\/ipo\/ipo-event\/\" \/>\n<meta property=\"og:locale\" content=\"de_DE\" \/>\n<meta property=\"og:type\" content=\"article\" \/>\n<meta property=\"og:title\" content=\"IPO-Event\" \/>\n<meta property=\"og:description\" content=\"Mit IPO-Event die B\u00f6rsennotierung im Handelssaal der Frankfurter Wertpapierb\u00f6rse feiern. cometis AG organisiert Medieninterviews zum Handelsstart.\" \/>\n<meta property=\"og:url\" content=\"https:\/\/www.cometis.de\/de\/services\/ipo\/ipo-event\/\" \/>\n<meta property=\"og:site_name\" content=\"cometis AG\" \/>\n<meta property=\"article:modified_time\" content=\"2025-02-18T05:57:17+00:00\" \/>\n<meta property=\"og:image\" content=\"https:\/\/www.cometis.de\/wp-content\/uploads\/2024\/12-old\/Cometis-Mobile-Logo-1.png\" \/>\n\t<meta property=\"og:image:width\" content=\"171\" \/>\n\t<meta property=\"og:image:height\" content=\"31\" \/>\n\t<meta property=\"og:image:type\" content=\"image\/png\" \/>\n<meta name=\"twitter:card\" content=\"summary_large_image\" \/>\n<meta name=\"twitter:label1\" content=\"Gesch\u00e4tzte Lesezeit\" \/>\n\t<meta name=\"twitter:data1\" content=\"2\u00a0Minuten\" \/>\n<script type=\"application\/ld+json\" class=\"yoast-schema-graph\">{\"@context\":\"https:\\\/\\\/schema.org\",\"@graph\":[{\"@type\":\"WebPage\",\"@id\":\"https:\\\/\\\/www.cometis.de\\\/de\\\/services\\\/ipo\\\/ipo-event\\\/\",\"url\":\"https:\\\/\\\/www.cometis.de\\\/de\\\/services\\\/ipo\\\/ipo-event\\\/\",\"name\":\"IPO-Event \u2013 B\u00f6rsennotierung medienwirksam inszenieren | cometis AG\",\"isPartOf\":{\"@id\":\"https:\\\/\\\/www.cometis.de\\\/de\\\/#website\"},\"datePublished\":\"2025-01-21T07:53:08+00:00\",\"dateModified\":\"2025-02-18T05:57:17+00:00\",\"description\":\"Mit IPO-Event die B\u00f6rsennotierung im Handelssaal der Frankfurter Wertpapierb\u00f6rse feiern. cometis AG organisiert Medieninterviews zum Handelsstart.\",\"breadcrumb\":{\"@id\":\"https:\\\/\\\/www.cometis.de\\\/de\\\/services\\\/ipo\\\/ipo-event\\\/#breadcrumb\"},\"inLanguage\":\"de\",\"potentialAction\":[{\"@type\":\"ReadAction\",\"target\":[\"https:\\\/\\\/www.cometis.de\\\/de\\\/services\\\/ipo\\\/ipo-event\\\/\"]}]},{\"@type\":\"BreadcrumbList\",\"@id\":\"https:\\\/\\\/www.cometis.de\\\/de\\\/services\\\/ipo\\\/ipo-event\\\/#breadcrumb\",\"itemListElement\":[{\"@type\":\"ListItem\",\"position\":1,\"name\":\"Home\",\"item\":\"https:\\\/\\\/www.cometis.de\\\/de\\\/\"},{\"@type\":\"ListItem\",\"position\":2,\"name\":\"Services\",\"item\":\"https:\\\/\\\/www.cometis.de\\\/de\\\/services\\\/\"},{\"@type\":\"ListItem\",\"position\":3,\"name\":\"IPO\",\"item\":\"https:\\\/\\\/www.cometis.de\\\/de\\\/services\\\/ipo\\\/\"},{\"@type\":\"ListItem\",\"position\":4,\"name\":\"IPO-Event\"}]},{\"@type\":\"WebSite\",\"@id\":\"https:\\\/\\\/www.cometis.de\\\/de\\\/#website\",\"url\":\"https:\\\/\\\/www.cometis.de\\\/de\\\/\",\"name\":\"cometis AG\",\"description\":\"Deutschlands f\u00fchrende Investor Relations Agentur\",\"publisher\":{\"@id\":\"https:\\\/\\\/www.cometis.de\\\/de\\\/#organization\"},\"potentialAction\":[{\"@type\":\"SearchAction\",\"target\":{\"@type\":\"EntryPoint\",\"urlTemplate\":\"https:\\\/\\\/www.cometis.de\\\/de\\\/?s={search_term_string}\"},\"query-input\":{\"@type\":\"PropertyValueSpecification\",\"valueRequired\":true,\"valueName\":\"search_term_string\"}}],\"inLanguage\":\"de\"},{\"@type\":\"Organization\",\"@id\":\"https:\\\/\\\/www.cometis.de\\\/de\\\/#organization\",\"name\":\"cometis AG\",\"alternateName\":\"Deutschlands f\u00fchrende Investor Relations Agentur\",\"url\":\"https:\\\/\\\/www.cometis.de\\\/de\\\/\",\"logo\":{\"@type\":\"ImageObject\",\"inLanguage\":\"de\",\"@id\":\"https:\\\/\\\/www.cometis.de\\\/de\\\/#\\\/schema\\\/logo\\\/image\\\/\",\"url\":\"https:\\\/\\\/www.cometis.de\\\/wp-content\\\/uploads\\\/2024\\\/12-old\\\/Cometis-Mobile-Logo-1.png\",\"contentUrl\":\"https:\\\/\\\/www.cometis.de\\\/wp-content\\\/uploads\\\/2024\\\/12-old\\\/Cometis-Mobile-Logo-1.png\",\"width\":171,\"height\":31,\"caption\":\"cometis AG\"},\"image\":{\"@id\":\"https:\\\/\\\/www.cometis.de\\\/de\\\/#\\\/schema\\\/logo\\\/image\\\/\"},\"sameAs\":[\"https:\\\/\\\/www.linkedin.com\\\/company\\\/cometis-ag\\\/\",\"https:\\\/\\\/www.youtube.com\\\/user\\\/cometisAG\"]}]}<\/script>\n<!-- \/ Yoast SEO Premium plugin. -->","yoast_head_json":{"title":"IPO-Event \u2013 B\u00f6rsennotierung medienwirksam inszenieren | cometis AG","description":"Mit IPO-Event die B\u00f6rsennotierung im Handelssaal der Frankfurter Wertpapierb\u00f6rse feiern. cometis AG organisiert Medieninterviews zum Handelsstart.","robots":{"index":"index","follow":"follow","max-snippet":"max-snippet:-1","max-image-preview":"max-image-preview:large","max-video-preview":"max-video-preview:-1"},"canonical":"https:\/\/www.cometis.de\/de\/services\/ipo\/ipo-event\/","og_locale":"de_DE","og_type":"article","og_title":"IPO-Event","og_description":"Mit IPO-Event die B\u00f6rsennotierung im Handelssaal der Frankfurter Wertpapierb\u00f6rse feiern. cometis AG organisiert Medieninterviews zum Handelsstart.","og_url":"https:\/\/www.cometis.de\/de\/services\/ipo\/ipo-event\/","og_site_name":"cometis AG","article_modified_time":"2025-02-18T05:57:17+00:00","og_image":[{"width":171,"height":31,"url":"https:\/\/www.cometis.de\/wp-content\/uploads\/2024\/12-old\/Cometis-Mobile-Logo-1.png","type":"image\/png"}],"twitter_card":"summary_large_image","twitter_misc":{"Gesch\u00e4tzte Lesezeit":"2\u00a0Minuten"},"schema":{"@context":"https:\/\/schema.org","@graph":[{"@type":"WebPage","@id":"https:\/\/www.cometis.de\/de\/services\/ipo\/ipo-event\/","url":"https:\/\/www.cometis.de\/de\/services\/ipo\/ipo-event\/","name":"IPO-Event \u2013 B\u00f6rsennotierung medienwirksam inszenieren | cometis AG","isPartOf":{"@id":"https:\/\/www.cometis.de\/de\/#website"},"datePublished":"2025-01-21T07:53:08+00:00","dateModified":"2025-02-18T05:57:17+00:00","description":"Mit IPO-Event die B\u00f6rsennotierung im Handelssaal der Frankfurter Wertpapierb\u00f6rse feiern. cometis AG organisiert Medieninterviews zum Handelsstart.","breadcrumb":{"@id":"https:\/\/www.cometis.de\/de\/services\/ipo\/ipo-event\/#breadcrumb"},"inLanguage":"de","potentialAction":[{"@type":"ReadAction","target":["https:\/\/www.cometis.de\/de\/services\/ipo\/ipo-event\/"]}]},{"@type":"BreadcrumbList","@id":"https:\/\/www.cometis.de\/de\/services\/ipo\/ipo-event\/#breadcrumb","itemListElement":[{"@type":"ListItem","position":1,"name":"Home","item":"https:\/\/www.cometis.de\/de\/"},{"@type":"ListItem","position":2,"name":"Services","item":"https:\/\/www.cometis.de\/de\/services\/"},{"@type":"ListItem","position":3,"name":"IPO","item":"https:\/\/www.cometis.de\/de\/services\/ipo\/"},{"@type":"ListItem","position":4,"name":"IPO-Event"}]},{"@type":"WebSite","@id":"https:\/\/www.cometis.de\/de\/#website","url":"https:\/\/www.cometis.de\/de\/","name":"cometis AG","description":"Deutschlands f\u00fchrende Investor Relations Agentur","publisher":{"@id":"https:\/\/www.cometis.de\/de\/#organization"},"potentialAction":[{"@type":"SearchAction","target":{"@type":"EntryPoint","urlTemplate":"https:\/\/www.cometis.de\/de\/?s={search_term_string}"},"query-input":{"@type":"PropertyValueSpecification","valueRequired":true,"valueName":"search_term_string"}}],"inLanguage":"de"},{"@type":"Organization","@id":"https:\/\/www.cometis.de\/de\/#organization","name":"cometis AG","alternateName":"Deutschlands f\u00fchrende Investor Relations Agentur","url":"https:\/\/www.cometis.de\/de\/","logo":{"@type":"ImageObject","inLanguage":"de","@id":"https:\/\/www.cometis.de\/de\/#\/schema\/logo\/image\/","url":"https:\/\/www.cometis.de\/wp-content\/uploads\/2024\/12-old\/Cometis-Mobile-Logo-1.png","contentUrl":"https:\/\/www.cometis.de\/wp-content\/uploads\/2024\/12-old\/Cometis-Mobile-Logo-1.png","width":171,"height":31,"caption":"cometis AG"},"image":{"@id":"https:\/\/www.cometis.de\/de\/#\/schema\/logo\/image\/"},"sameAs":["https:\/\/www.linkedin.com\/company\/cometis-ag\/","https:\/\/www.youtube.com\/user\/cometisAG"]}]}},"_links":{"self":[{"href":"https:\/\/www.cometis.de\/de\/wp-json\/wp\/v2\/pages\/3887","targetHints":{"allow":["GET"]}}],"collection":[{"href":"https:\/\/www.cometis.de\/de\/wp-json\/wp\/v2\/pages"}],"about":[{"href":"https:\/\/www.cometis.de\/de\/wp-json\/wp\/v2\/types\/page"}],"author":[{"embeddable":true,"href":"https:\/\/www.cometis.de\/de\/wp-json\/wp\/v2\/users\/1"}],"replies":[{"embeddable":true,"href":"https:\/\/www.cometis.de\/de\/wp-json\/wp\/v2\/comments?post=3887"}],"version-history":[{"count":3,"href":"https:\/\/www.cometis.de\/de\/wp-json\/wp\/v2\/pages\/3887\/revisions"}],"predecessor-version":[{"id":107536,"href":"https:\/\/www.cometis.de\/de\/wp-json\/wp\/v2\/pages\/3887\/revisions\/107536"}],"up":[{"embeddable":true,"href":"https:\/\/www.cometis.de\/de\/wp-json\/wp\/v2\/pages\/3813"}],"wp:attachment":[{"href":"https:\/\/www.cometis.de\/de\/wp-json\/wp\/v2\/media?parent=3887"}],"curies":[{"name":"wp","href":"https:\/\/api.w.org\/{rel}","templated":true}]}}