{"id":4041,"date":"2025-01-21T13:25:29","date_gmt":"2025-01-21T12:25:29","guid":{"rendered":"https:\/\/cometis.de\/?page_id=4041"},"modified":"2025-02-17T13:23:43","modified_gmt":"2025-02-17T12:23:43","slug":"globales-netzwerk","status":"publish","type":"page","link":"https:\/\/www.cometis.de\/de\/cometis-ag\/profil\/globales-netzwerk\/","title":{"rendered":"Globales Netzwerk"},"content":{"rendered":"\t\t<div data-elementor-type=\"wp-page\" data-elementor-id=\"4041\" class=\"elementor elementor-4041\" data-elementor-post-type=\"page\">\n\t\t\t\t<div class=\"elementor-element elementor-element-f9278d8 e-flex e-con-boxed e-con e-parent\" data-id=\"f9278d8\" data-element_type=\"container\" data-e-type=\"container\">\n\t\t\t\t\t<div class=\"e-con-inner\">\n\t\t\t\t<div class=\"elementor-element elementor-element-b012260 elementor-widget elementor-widget-template\" data-id=\"b012260\" data-element_type=\"widget\" data-e-type=\"widget\" data-widget_type=\"template.default\">\n\t\t\t\t<div class=\"elementor-widget-container\">\n\t\t\t\t\t\t\t<div class=\"elementor-template\">\n\t\t\t\t\t<div data-elementor-type=\"section\" data-elementor-id=\"766\" class=\"elementor elementor-766\" data-elementor-post-type=\"elementor_library\">\n\t\t\t<div class=\"elementor-element elementor-element-1f34e34 e-flex e-con-boxed e-con e-parent\" data-id=\"1f34e34\" data-element_type=\"container\" data-e-type=\"container\">\n\t\t\t\t\t<div class=\"e-con-inner\">\n\t\t<div class=\"elementor-element elementor-element-e68c844 e-con-full e-flex e-con e-child\" data-id=\"e68c844\" data-element_type=\"container\" data-e-type=\"container\" data-settings=\"{&quot;background_background&quot;:&quot;classic&quot;}\">\n\t\t\t\t<\/div>\n\t\t<div class=\"elementor-element elementor-element-b7dac6f e-con-full e-flex e-con e-child\" data-id=\"b7dac6f\" data-element_type=\"container\" data-e-type=\"container\">\n\t\t\t\t<div class=\"elementor-element elementor-element-ce54cc3 elementor-align-left elementor-widget elementor-widget-breadcrumbs\" data-id=\"ce54cc3\" data-element_type=\"widget\" data-e-type=\"widget\" data-widget_type=\"breadcrumbs.default\">\n\t\t\t\t<div class=\"elementor-widget-container\">\n\t\t\t\t\t<div id=\"breadcrumbs\"><span><span><a href=\"https:\/\/www.cometis.de\/de\/\">Home<\/a><\/span><\/span><\/div>\t\t\t\t<\/div>\n\t\t\t\t<\/div>\n\t\t\t\t<\/div>\n\t\t\t\t\t<\/div>\n\t\t\t\t<\/div>\n\t\t\t\t<\/div>\n\t\t\t\t<\/div>\n\t\t\t\t\t\t<\/div>\n\t\t\t\t<\/div>\n\t\t\t\t\t<\/div>\n\t\t\t\t<\/div>\n\t\t<div class=\"elementor-element elementor-element-f8f654c cmn-sidebar-content e-flex e-con-boxed e-con e-parent\" data-id=\"f8f654c\" data-element_type=\"container\" data-e-type=\"container\" data-settings=\"{&quot;background_background&quot;:&quot;classic&quot;,&quot;background_motion_fx_motion_fx_scrolling&quot;:&quot;yes&quot;,&quot;background_motion_fx_translateY_effect&quot;:&quot;yes&quot;,&quot;background_motion_fx_translateY_speed&quot;:{&quot;unit&quot;:&quot;px&quot;,&quot;size&quot;:2,&quot;sizes&quot;:[]},&quot;background_motion_fx_translateY_direction&quot;:&quot;negative&quot;,&quot;background_motion_fx_translateY_affectedRange&quot;:{&quot;unit&quot;:&quot;%&quot;,&quot;size&quot;:&quot;&quot;,&quot;sizes&quot;:{&quot;start&quot;:0,&quot;end&quot;:100}},&quot;background_motion_fx_devices&quot;:[&quot;desktop&quot;,&quot;tablet&quot;,&quot;mobile&quot;]}\">\n\t\t\t\t\t<div class=\"e-con-inner\">\n\t\t<div class=\"elementor-element elementor-element-6ec9270 e-con-full cmn-sidebar-content p-100 e-flex e-con e-child\" data-id=\"6ec9270\" data-element_type=\"container\" data-e-type=\"container\">\n\t\t<div class=\"elementor-element elementor-element-9047936 e-con-full cmn-content-box e-flex e-con e-child\" data-id=\"9047936\" data-element_type=\"container\" data-e-type=\"container\">\n\t\t<div class=\"elementor-element elementor-element-bfe68e4 e-con-full cmn-content-box-container e-flex e-con e-child\" data-id=\"bfe68e4\" data-element_type=\"container\" data-e-type=\"container\">\n\t\t\t\t<div class=\"elementor-element elementor-element-2d86260 elementor-widget elementor-widget-heading\" data-id=\"2d86260\" data-element_type=\"widget\" data-e-type=\"widget\" data-widget_type=\"heading.default\">\n\t\t\t\t<div class=\"elementor-widget-container\">\n\t\t\t\t\t<h2 class=\"elementor-heading-title elementor-size-default\">Globales Netzwerk<\/h2>\t\t\t\t<\/div>\n\t\t\t\t<\/div>\n\t\t\t\t<div class=\"elementor-element elementor-element-f93ea6d elementor-widget elementor-widget-text-editor\" data-id=\"f93ea6d\" data-element_type=\"widget\" data-e-type=\"widget\" data-widget_type=\"text-editor.default\">\n\t\t\t\t<div class=\"elementor-widget-container\">\n\t\t\t\t\t\t\t\t\t<p>Die Zusammenarbeit mit dem\u00a0<a href=\"https:\/\/www.prgn.com\/\">Public Relations Global Network \u2013 PRGN<\/a>\u00a0er\u00f6ffnet unseren Kunden weltweit die M\u00f6glichkeit, Kommunikationsstrategien mit lokalen, inhabergef\u00fchrten Beratungen zu entwickeln.<\/p><p>Die Inhaber der Beratungsunternehmen sind bei den Beratungsprojekten selbst aktiv, wovon die Kunden von der strategischen Entwicklung bis zur Ausf\u00fchrung der Kommunikationsberatung profitieren. Flexibilit\u00e4t ist die Basis einer Zusammenarbeit mit dem Netzwerk von PRGN. Es ist den Kunden \u00fcberlassen, ob sie mit einem oder mehreren Partnern zusammenarbeiten m\u00f6chten.\u00a0Sie entscheiden ebenso selbst ein Unternehmen zu beauftragen oder dies von einer federf\u00fchrenden Agentur ausf\u00fchren zu lassen. Durch die direkte Einbeziehung der Inhaber in den Beratungsprozess und durch die lokale Expertise wird eine hohe Beratungsqualit\u00e4t gew\u00e4hrleistet.<\/p>\t\t\t\t\t\t\t\t<\/div>\n\t\t\t\t<\/div>\n\t\t\t\t<\/div>\n\t\t<div class=\"elementor-element elementor-element-56823fd e-con-full cmn-content-box-container e-flex e-con e-child\" data-id=\"56823fd\" data-element_type=\"container\" data-e-type=\"container\">\n\t\t\t\t<div class=\"elementor-element elementor-element-ee25891 elementor-widget elementor-widget-image\" data-id=\"ee25891\" data-element_type=\"widget\" data-e-type=\"widget\" data-widget_type=\"image.default\">\n\t\t\t\t<div class=\"elementor-widget-container\">\n\t\t\t\t\t\t\t\t\t\t\t\t\t\t\t<img fetchpriority=\"high\" decoding=\"async\" width=\"800\" height=\"434\" src=\"https:\/\/www.cometis.de\/wp-content\/uploads\/2025\/01\/website_weltkarte-01-1-scaled-2-1024x555.webp\" class=\"attachment-large size-large wp-image-3953\" alt=\"\" srcset=\"https:\/\/www.cometis.de\/wp-content\/uploads\/2025\/01\/website_weltkarte-01-1-scaled-2-1024x555.webp 1024w, https:\/\/www.cometis.de\/wp-content\/uploads\/2025\/01\/website_weltkarte-01-1-scaled-2-300x163.webp 300w, https:\/\/www.cometis.de\/wp-content\/uploads\/2025\/01\/website_weltkarte-01-1-scaled-2-768x416.webp 768w, https:\/\/www.cometis.de\/wp-content\/uploads\/2025\/01\/website_weltkarte-01-1-scaled-2-1536x833.webp 1536w, https:\/\/www.cometis.de\/wp-content\/uploads\/2025\/01\/website_weltkarte-01-1-scaled-2-2048x1110.webp 2048w\" sizes=\"(max-width: 800px) 100vw, 800px\" \/>\t\t\t\t\t\t\t\t\t\t\t\t\t\t\t<\/div>\n\t\t\t\t<\/div>\n\t\t\t\t<div class=\"elementor-element elementor-element-9aae5bc elementor-widget elementor-widget-text-editor\" data-id=\"9aae5bc\" data-element_type=\"widget\" data-e-type=\"widget\" data-widget_type=\"text-editor.default\">\n\t\t\t\t<div class=\"elementor-widget-container\">\n\t\t\t\t\t\t\t\t\t<p>Unsere PRGN-Partner sind zus\u00e4tzlich auch unter folgendem Link einsehbar:\u00a0<a title=\"Finden Sie hier unsere Netzwerkpartner\" href=\"https:\/\/www.prgn.com\/agency-directory\/\" target=\"_blank\" rel=\"noopener\">Unser Netzwerk<\/a><\/p>\t\t\t\t\t\t\t\t<\/div>\n\t\t\t\t<\/div>\n\t\t\t\t<\/div>\n\t\t\t\t<\/div>\n\t\t\t\t<\/div>\n\t\t\t\t\t<\/div>\n\t\t\t\t<\/div>\n\t\t\t\t<\/div>\n\t\t","protected":false},"excerpt":{"rendered":"<p>Globales Netzwerk Die Zusammenarbeit mit dem\u00a0Public Relations Global Network \u2013 PRGN\u00a0er\u00f6ffnet unseren Kunden weltweit die M\u00f6glichkeit, Kommunikationsstrategien mit lokalen, inhabergef\u00fchrten Beratungen zu entwickeln. Die Inhaber der Beratungsunternehmen sind bei den Beratungsprojekten selbst aktiv, wovon die Kunden von der strategischen Entwicklung bis zur Ausf\u00fchrung der Kommunikationsberatung profitieren. Flexibilit\u00e4t ist die Basis einer Zusammenarbeit mit dem Netzwerk [&hellip;]<\/p>\n","protected":false},"author":1,"featured_media":0,"parent":3908,"menu_order":0,"comment_status":"closed","ping_status":"open","template":"","meta":{"_acf_changed":false,"footnotes":""},"class_list":["post-4041","page","type-page","status-publish","hentry"],"acf":[],"yoast_head":"<!-- This site is optimized with the Yoast SEO Premium plugin v26.2 (Yoast SEO v27.4) - https:\/\/yoast.com\/product\/yoast-seo-premium-wordpress\/ -->\n<title>Globales Netzwerk \u2013 unsere PRGN-Partner | cometis AG<\/title>\n<meta name=\"description\" content=\"Die cometis AG verf\u00fcgt an allen wichtigen Finanzpl\u00e4tzen Europas und in der Welt \u00fcber ein Partnernetzwerk und kompetente Ansprechpartner vor Ort.\" \/>\n<meta name=\"robots\" content=\"index, follow, max-snippet:-1, max-image-preview:large, max-video-preview:-1\" \/>\n<link rel=\"canonical\" href=\"https:\/\/www.cometis.de\/de\/cometis-ag\/profil\/globales-netzwerk\/\" \/>\n<meta property=\"og:locale\" content=\"de_DE\" \/>\n<meta property=\"og:type\" content=\"article\" \/>\n<meta property=\"og:title\" content=\"Globales Netzwerk\" \/>\n<meta property=\"og:description\" content=\"Die cometis AG verf\u00fcgt an allen wichtigen Finanzpl\u00e4tzen Europas und in der Welt \u00fcber ein Partnernetzwerk und kompetente Ansprechpartner vor Ort.\" \/>\n<meta property=\"og:url\" content=\"https:\/\/www.cometis.de\/de\/cometis-ag\/profil\/globales-netzwerk\/\" \/>\n<meta property=\"og:site_name\" content=\"cometis AG\" \/>\n<meta property=\"article:modified_time\" content=\"2025-02-17T12:23:43+00:00\" \/>\n<meta property=\"og:image\" content=\"https:\/\/cometis.de\/wp-content\/uploads\/2025\/01\/website_weltkarte-01-1-scaled-2-1024x555.webp\" \/>\n<meta name=\"twitter:card\" content=\"summary_large_image\" \/>\n<meta name=\"twitter:label1\" content=\"Gesch\u00e4tzte Lesezeit\" \/>\n\t<meta name=\"twitter:data1\" content=\"1\u00a0Minute\" \/>\n<script type=\"application\/ld+json\" class=\"yoast-schema-graph\">{\"@context\":\"https:\\\/\\\/schema.org\",\"@graph\":[{\"@type\":\"WebPage\",\"@id\":\"https:\\\/\\\/www.cometis.de\\\/de\\\/cometis-ag\\\/profil\\\/globales-netzwerk\\\/\",\"url\":\"https:\\\/\\\/www.cometis.de\\\/de\\\/cometis-ag\\\/profil\\\/globales-netzwerk\\\/\",\"name\":\"Globales Netzwerk \u2013 unsere PRGN-Partner | cometis AG\",\"isPartOf\":{\"@id\":\"https:\\\/\\\/www.cometis.de\\\/de\\\/#website\"},\"primaryImageOfPage\":{\"@id\":\"https:\\\/\\\/www.cometis.de\\\/de\\\/cometis-ag\\\/profil\\\/globales-netzwerk\\\/#primaryimage\"},\"image\":{\"@id\":\"https:\\\/\\\/www.cometis.de\\\/de\\\/cometis-ag\\\/profil\\\/globales-netzwerk\\\/#primaryimage\"},\"thumbnailUrl\":\"https:\\\/\\\/cometis.de\\\/wp-content\\\/uploads\\\/2025\\\/01\\\/website_weltkarte-01-1-scaled-2-1024x555.webp\",\"datePublished\":\"2025-01-21T12:25:29+00:00\",\"dateModified\":\"2025-02-17T12:23:43+00:00\",\"description\":\"Die cometis AG verf\u00fcgt an allen wichtigen Finanzpl\u00e4tzen Europas und in der Welt \u00fcber ein Partnernetzwerk und kompetente Ansprechpartner vor Ort.\",\"breadcrumb\":{\"@id\":\"https:\\\/\\\/www.cometis.de\\\/de\\\/cometis-ag\\\/profil\\\/globales-netzwerk\\\/#breadcrumb\"},\"inLanguage\":\"de\",\"potentialAction\":[{\"@type\":\"ReadAction\",\"target\":[\"https:\\\/\\\/www.cometis.de\\\/de\\\/cometis-ag\\\/profil\\\/globales-netzwerk\\\/\"]}]},{\"@type\":\"ImageObject\",\"inLanguage\":\"de\",\"@id\":\"https:\\\/\\\/www.cometis.de\\\/de\\\/cometis-ag\\\/profil\\\/globales-netzwerk\\\/#primaryimage\",\"url\":\"https:\\\/\\\/cometis.de\\\/wp-content\\\/uploads\\\/2025\\\/01\\\/website_weltkarte-01-1-scaled-2-1024x555.webp\",\"contentUrl\":\"https:\\\/\\\/cometis.de\\\/wp-content\\\/uploads\\\/2025\\\/01\\\/website_weltkarte-01-1-scaled-2-1024x555.webp\"},{\"@type\":\"BreadcrumbList\",\"@id\":\"https:\\\/\\\/www.cometis.de\\\/de\\\/cometis-ag\\\/profil\\\/globales-netzwerk\\\/#breadcrumb\",\"itemListElement\":[{\"@type\":\"ListItem\",\"position\":1,\"name\":\"Home\",\"item\":\"https:\\\/\\\/www.cometis.de\\\/de\\\/\"},{\"@type\":\"ListItem\",\"position\":2,\"name\":\"About\",\"item\":\"https:\\\/\\\/www.cometis.de\\\/de\\\/cometis-ag\\\/\"},{\"@type\":\"ListItem\",\"position\":3,\"name\":\"Profil\",\"item\":\"https:\\\/\\\/www.cometis.de\\\/de\\\/cometis-ag\\\/profil\\\/\"},{\"@type\":\"ListItem\",\"position\":4,\"name\":\"Globales Netzwerk\"}]},{\"@type\":\"WebSite\",\"@id\":\"https:\\\/\\\/www.cometis.de\\\/de\\\/#website\",\"url\":\"https:\\\/\\\/www.cometis.de\\\/de\\\/\",\"name\":\"cometis AG\",\"description\":\"Deutschlands f\u00fchrende Investor Relations Agentur\",\"publisher\":{\"@id\":\"https:\\\/\\\/www.cometis.de\\\/de\\\/#organization\"},\"potentialAction\":[{\"@type\":\"SearchAction\",\"target\":{\"@type\":\"EntryPoint\",\"urlTemplate\":\"https:\\\/\\\/www.cometis.de\\\/de\\\/?s={search_term_string}\"},\"query-input\":{\"@type\":\"PropertyValueSpecification\",\"valueRequired\":true,\"valueName\":\"search_term_string\"}}],\"inLanguage\":\"de\"},{\"@type\":\"Organization\",\"@id\":\"https:\\\/\\\/www.cometis.de\\\/de\\\/#organization\",\"name\":\"cometis AG\",\"alternateName\":\"Deutschlands f\u00fchrende Investor Relations Agentur\",\"url\":\"https:\\\/\\\/www.cometis.de\\\/de\\\/\",\"logo\":{\"@type\":\"ImageObject\",\"inLanguage\":\"de\",\"@id\":\"https:\\\/\\\/www.cometis.de\\\/de\\\/#\\\/schema\\\/logo\\\/image\\\/\",\"url\":\"https:\\\/\\\/www.cometis.de\\\/wp-content\\\/uploads\\\/2024\\\/12-old\\\/Cometis-Mobile-Logo-1.png\",\"contentUrl\":\"https:\\\/\\\/www.cometis.de\\\/wp-content\\\/uploads\\\/2024\\\/12-old\\\/Cometis-Mobile-Logo-1.png\",\"width\":171,\"height\":31,\"caption\":\"cometis AG\"},\"image\":{\"@id\":\"https:\\\/\\\/www.cometis.de\\\/de\\\/#\\\/schema\\\/logo\\\/image\\\/\"},\"sameAs\":[\"https:\\\/\\\/www.linkedin.com\\\/company\\\/cometis-ag\\\/\",\"https:\\\/\\\/www.youtube.com\\\/user\\\/cometisAG\"]}]}<\/script>\n<!-- \/ Yoast SEO Premium plugin. -->","yoast_head_json":{"title":"Globales Netzwerk \u2013 unsere PRGN-Partner | cometis AG","description":"Die cometis AG verf\u00fcgt an allen wichtigen Finanzpl\u00e4tzen Europas und in der Welt \u00fcber ein Partnernetzwerk und kompetente Ansprechpartner vor Ort.","robots":{"index":"index","follow":"follow","max-snippet":"max-snippet:-1","max-image-preview":"max-image-preview:large","max-video-preview":"max-video-preview:-1"},"canonical":"https:\/\/www.cometis.de\/de\/cometis-ag\/profil\/globales-netzwerk\/","og_locale":"de_DE","og_type":"article","og_title":"Globales Netzwerk","og_description":"Die cometis AG verf\u00fcgt an allen wichtigen Finanzpl\u00e4tzen Europas und in der Welt \u00fcber ein Partnernetzwerk und kompetente Ansprechpartner vor Ort.","og_url":"https:\/\/www.cometis.de\/de\/cometis-ag\/profil\/globales-netzwerk\/","og_site_name":"cometis AG","article_modified_time":"2025-02-17T12:23:43+00:00","og_image":[{"url":"https:\/\/cometis.de\/wp-content\/uploads\/2025\/01\/website_weltkarte-01-1-scaled-2-1024x555.webp","type":"","width":"","height":""}],"twitter_card":"summary_large_image","twitter_misc":{"Gesch\u00e4tzte Lesezeit":"1\u00a0Minute"},"schema":{"@context":"https:\/\/schema.org","@graph":[{"@type":"WebPage","@id":"https:\/\/www.cometis.de\/de\/cometis-ag\/profil\/globales-netzwerk\/","url":"https:\/\/www.cometis.de\/de\/cometis-ag\/profil\/globales-netzwerk\/","name":"Globales Netzwerk \u2013 unsere PRGN-Partner | cometis AG","isPartOf":{"@id":"https:\/\/www.cometis.de\/de\/#website"},"primaryImageOfPage":{"@id":"https:\/\/www.cometis.de\/de\/cometis-ag\/profil\/globales-netzwerk\/#primaryimage"},"image":{"@id":"https:\/\/www.cometis.de\/de\/cometis-ag\/profil\/globales-netzwerk\/#primaryimage"},"thumbnailUrl":"https:\/\/cometis.de\/wp-content\/uploads\/2025\/01\/website_weltkarte-01-1-scaled-2-1024x555.webp","datePublished":"2025-01-21T12:25:29+00:00","dateModified":"2025-02-17T12:23:43+00:00","description":"Die cometis AG verf\u00fcgt an allen wichtigen Finanzpl\u00e4tzen Europas und in der Welt \u00fcber ein Partnernetzwerk und kompetente Ansprechpartner vor Ort.","breadcrumb":{"@id":"https:\/\/www.cometis.de\/de\/cometis-ag\/profil\/globales-netzwerk\/#breadcrumb"},"inLanguage":"de","potentialAction":[{"@type":"ReadAction","target":["https:\/\/www.cometis.de\/de\/cometis-ag\/profil\/globales-netzwerk\/"]}]},{"@type":"ImageObject","inLanguage":"de","@id":"https:\/\/www.cometis.de\/de\/cometis-ag\/profil\/globales-netzwerk\/#primaryimage","url":"https:\/\/cometis.de\/wp-content\/uploads\/2025\/01\/website_weltkarte-01-1-scaled-2-1024x555.webp","contentUrl":"https:\/\/cometis.de\/wp-content\/uploads\/2025\/01\/website_weltkarte-01-1-scaled-2-1024x555.webp"},{"@type":"BreadcrumbList","@id":"https:\/\/www.cometis.de\/de\/cometis-ag\/profil\/globales-netzwerk\/#breadcrumb","itemListElement":[{"@type":"ListItem","position":1,"name":"Home","item":"https:\/\/www.cometis.de\/de\/"},{"@type":"ListItem","position":2,"name":"About","item":"https:\/\/www.cometis.de\/de\/cometis-ag\/"},{"@type":"ListItem","position":3,"name":"Profil","item":"https:\/\/www.cometis.de\/de\/cometis-ag\/profil\/"},{"@type":"ListItem","position":4,"name":"Globales Netzwerk"}]},{"@type":"WebSite","@id":"https:\/\/www.cometis.de\/de\/#website","url":"https:\/\/www.cometis.de\/de\/","name":"cometis AG","description":"Deutschlands f\u00fchrende Investor Relations Agentur","publisher":{"@id":"https:\/\/www.cometis.de\/de\/#organization"},"potentialAction":[{"@type":"SearchAction","target":{"@type":"EntryPoint","urlTemplate":"https:\/\/www.cometis.de\/de\/?s={search_term_string}"},"query-input":{"@type":"PropertyValueSpecification","valueRequired":true,"valueName":"search_term_string"}}],"inLanguage":"de"},{"@type":"Organization","@id":"https:\/\/www.cometis.de\/de\/#organization","name":"cometis AG","alternateName":"Deutschlands f\u00fchrende Investor Relations Agentur","url":"https:\/\/www.cometis.de\/de\/","logo":{"@type":"ImageObject","inLanguage":"de","@id":"https:\/\/www.cometis.de\/de\/#\/schema\/logo\/image\/","url":"https:\/\/www.cometis.de\/wp-content\/uploads\/2024\/12-old\/Cometis-Mobile-Logo-1.png","contentUrl":"https:\/\/www.cometis.de\/wp-content\/uploads\/2024\/12-old\/Cometis-Mobile-Logo-1.png","width":171,"height":31,"caption":"cometis AG"},"image":{"@id":"https:\/\/www.cometis.de\/de\/#\/schema\/logo\/image\/"},"sameAs":["https:\/\/www.linkedin.com\/company\/cometis-ag\/","https:\/\/www.youtube.com\/user\/cometisAG"]}]}},"_links":{"self":[{"href":"https:\/\/www.cometis.de\/de\/wp-json\/wp\/v2\/pages\/4041","targetHints":{"allow":["GET"]}}],"collection":[{"href":"https:\/\/www.cometis.de\/de\/wp-json\/wp\/v2\/pages"}],"about":[{"href":"https:\/\/www.cometis.de\/de\/wp-json\/wp\/v2\/types\/page"}],"author":[{"embeddable":true,"href":"https:\/\/www.cometis.de\/de\/wp-json\/wp\/v2\/users\/1"}],"replies":[{"embeddable":true,"href":"https:\/\/www.cometis.de\/de\/wp-json\/wp\/v2\/comments?post=4041"}],"version-history":[{"count":3,"href":"https:\/\/www.cometis.de\/de\/wp-json\/wp\/v2\/pages\/4041\/revisions"}],"predecessor-version":[{"id":107167,"href":"https:\/\/www.cometis.de\/de\/wp-json\/wp\/v2\/pages\/4041\/revisions\/107167"}],"up":[{"embeddable":true,"href":"https:\/\/www.cometis.de\/de\/wp-json\/wp\/v2\/pages\/3908"}],"wp:attachment":[{"href":"https:\/\/www.cometis.de\/de\/wp-json\/wp\/v2\/media?parent=4041"}],"curies":[{"name":"wp","href":"https:\/\/api.w.org\/{rel}","templated":true}]}}