{"id":4063,"date":"2025-01-21T14:00:17","date_gmt":"2025-01-21T13:00:17","guid":{"rendered":"https:\/\/cometis.de\/?page_id=4063"},"modified":"2025-02-18T06:52:10","modified_gmt":"2025-02-18T05:52:10","slug":"analyst-coverage","status":"publish","type":"page","link":"https:\/\/www.cometis.de\/de\/services\/investor-relations\/ir-strategie\/analyst-coverage\/","title":{"rendered":"Analysten-Coverage"},"content":{"rendered":"\t\t<div data-elementor-type=\"wp-page\" data-elementor-id=\"4063\" class=\"elementor elementor-4063\" data-elementor-post-type=\"page\">\n\t\t\t\t<div class=\"elementor-element elementor-element-f50dc25 e-flex e-con-boxed e-con e-parent\" data-id=\"f50dc25\" data-element_type=\"container\" data-e-type=\"container\">\n\t\t\t\t\t<div class=\"e-con-inner\">\n\t\t\t\t<div class=\"elementor-element elementor-element-9b6e3bd elementor-widget elementor-widget-template\" data-id=\"9b6e3bd\" data-element_type=\"widget\" data-e-type=\"widget\" data-widget_type=\"template.default\">\n\t\t\t\t<div class=\"elementor-widget-container\">\n\t\t\t\t\t\t\t<div class=\"elementor-template\">\n\t\t\t\t\t<div data-elementor-type=\"section\" data-elementor-id=\"766\" class=\"elementor elementor-766\" data-elementor-post-type=\"elementor_library\">\n\t\t\t<div class=\"elementor-element elementor-element-1f34e34 e-flex e-con-boxed e-con e-parent\" data-id=\"1f34e34\" data-element_type=\"container\" data-e-type=\"container\">\n\t\t\t\t\t<div class=\"e-con-inner\">\n\t\t<div class=\"elementor-element elementor-element-e68c844 e-con-full e-flex e-con e-child\" data-id=\"e68c844\" data-element_type=\"container\" data-e-type=\"container\" data-settings=\"{&quot;background_background&quot;:&quot;classic&quot;}\">\n\t\t\t\t<\/div>\n\t\t<div class=\"elementor-element elementor-element-b7dac6f e-con-full e-flex e-con e-child\" data-id=\"b7dac6f\" data-element_type=\"container\" data-e-type=\"container\">\n\t\t\t\t<div class=\"elementor-element elementor-element-ce54cc3 elementor-align-left elementor-widget elementor-widget-breadcrumbs\" data-id=\"ce54cc3\" data-element_type=\"widget\" data-e-type=\"widget\" data-widget_type=\"breadcrumbs.default\">\n\t\t\t\t<div class=\"elementor-widget-container\">\n\t\t\t\t\t<div id=\"breadcrumbs\"><span><span><a href=\"https:\/\/www.cometis.de\/de\/\">Home<\/a><\/span><\/span><\/div>\t\t\t\t<\/div>\n\t\t\t\t<\/div>\n\t\t\t\t<\/div>\n\t\t\t\t\t<\/div>\n\t\t\t\t<\/div>\n\t\t\t\t<\/div>\n\t\t\t\t<\/div>\n\t\t\t\t\t\t<\/div>\n\t\t\t\t<\/div>\n\t\t\t\t\t<\/div>\n\t\t\t\t<\/div>\n\t\t<div class=\"elementor-element elementor-element-9c68e8a cmn-sidebar-content e-flex e-con-boxed e-con e-parent\" data-id=\"9c68e8a\" data-element_type=\"container\" data-e-type=\"container\" data-settings=\"{&quot;background_background&quot;:&quot;classic&quot;,&quot;background_motion_fx_motion_fx_scrolling&quot;:&quot;yes&quot;,&quot;background_motion_fx_translateY_effect&quot;:&quot;yes&quot;,&quot;background_motion_fx_translateY_speed&quot;:{&quot;unit&quot;:&quot;px&quot;,&quot;size&quot;:2,&quot;sizes&quot;:[]},&quot;background_motion_fx_translateY_direction&quot;:&quot;negative&quot;,&quot;background_motion_fx_translateY_affectedRange&quot;:{&quot;unit&quot;:&quot;%&quot;,&quot;size&quot;:&quot;&quot;,&quot;sizes&quot;:{&quot;start&quot;:0,&quot;end&quot;:100}},&quot;background_motion_fx_devices&quot;:[&quot;desktop&quot;,&quot;tablet&quot;,&quot;mobile&quot;]}\">\n\t\t\t\t\t<div class=\"e-con-inner\">\n\t\t<div class=\"elementor-element elementor-element-4648def e-con-full cmn-sidebar-content p-100 e-flex e-con e-child\" data-id=\"4648def\" data-element_type=\"container\" data-e-type=\"container\">\n\t\t<div class=\"elementor-element elementor-element-a2727c1 e-con-full cmn-content-box e-flex e-con e-child\" data-id=\"a2727c1\" data-element_type=\"container\" data-e-type=\"container\">\n\t\t<div class=\"elementor-element elementor-element-d78ef04 e-con-full cmn-content-box-container e-flex e-con e-child\" data-id=\"d78ef04\" data-element_type=\"container\" data-e-type=\"container\">\n\t\t\t\t<div class=\"elementor-element elementor-element-2dfa90b elementor-widget elementor-widget-heading\" data-id=\"2dfa90b\" data-element_type=\"widget\" data-e-type=\"widget\" data-widget_type=\"heading.default\">\n\t\t\t\t<div class=\"elementor-widget-container\">\n\t\t\t\t\t<h2 class=\"elementor-heading-title elementor-size-default\">Analysten-Coverage<\/h2>\t\t\t\t<\/div>\n\t\t\t\t<\/div>\n\t\t\t\t<div class=\"elementor-element elementor-element-1e13a3c elementor-widget elementor-widget-text-editor\" data-id=\"1e13a3c\" data-element_type=\"widget\" data-e-type=\"widget\" data-widget_type=\"text-editor.default\">\n\t\t\t\t<div class=\"elementor-widget-container\">\n\t\t\t\t\t\t\t\t\t<p>F\u00fcr die Kaufentscheidung von Investoren spielt die Bewertung des Unternehmens durch Finanzanalysten eine entscheidende Rolle. Investoren vertrauen auf die Sch\u00e4tzungen von Analysten, da diese ein b\u00f6rsennotiertes Unternehmen \u00fcber einen l\u00e4ngeren Zeitraum verfolgen und ihre Erkenntnisse bzw. Sch\u00e4tzungen regelm\u00e4\u00dfig in Analystenstudien ver\u00f6ffentlichen.<\/p>\t\t\t\t\t\t\t\t<\/div>\n\t\t\t\t<\/div>\n\t\t\t\t<div class=\"elementor-element elementor-element-252ea42 elementor-widget elementor-widget-button\" data-id=\"252ea42\" data-element_type=\"widget\" data-e-type=\"widget\" data-widget_type=\"button.default\">\n\t\t\t\t<div class=\"elementor-widget-container\">\n\t\t\t\t\t\t\t\t\t<div class=\"elementor-button-wrapper\">\n\t\t\t\t\t<a class=\"elementor-button elementor-button-link elementor-size-sm\" href=\"\/de\/cometis-ag\/referenzen\/investor-relations-referenzen\">\n\t\t\t\t\t\t<span class=\"elementor-button-content-wrapper\">\n\t\t\t\t\t\t\t\t\t<span class=\"elementor-button-text\">Unsere Referenzen<\/span>\n\t\t\t\t\t<\/span>\n\t\t\t\t\t<\/a>\n\t\t\t\t<\/div>\n\t\t\t\t\t\t\t\t<\/div>\n\t\t\t\t<\/div>\n\t\t\t\t<\/div>\n\t\t<div class=\"elementor-element elementor-element-453722f e-con-full cmn-content-box-container e-flex e-con e-child\" data-id=\"453722f\" data-element_type=\"container\" data-e-type=\"container\">\n\t\t\t\t<div class=\"elementor-element elementor-element-bc01d7b elementor-widget elementor-widget-heading\" data-id=\"bc01d7b\" data-element_type=\"widget\" data-e-type=\"widget\" data-widget_type=\"heading.default\">\n\t\t\t\t<div class=\"elementor-widget-container\">\n\t\t\t\t\t<h2 class=\"elementor-heading-title elementor-size-default\">Mit Analysten-Coverage Vertrauen bei Investoren gewinnen<\/h2>\t\t\t\t<\/div>\n\t\t\t\t<\/div>\n\t\t\t\t<div class=\"elementor-element elementor-element-8bd596e elementor-widget elementor-widget-text-editor\" data-id=\"8bd596e\" data-element_type=\"widget\" data-e-type=\"widget\" data-widget_type=\"text-editor.default\">\n\t\t\t\t<div class=\"elementor-widget-container\">\n\t\t\t\t\t\t\t\t\t<p>Au\u00dferdem werden Analystenstudien regelm\u00e4\u00dfig von Finanzjournalisten zitiert. Daher ist es von besonderer Bedeutung, mit dieser Zielgruppe intensiv zu kommunizieren. Gleichzeitig sollte jedes b\u00f6rsennotierte Unternehmen f\u00fcr gen\u00fcgend Analysten-Coverage sorgen, um regelm\u00e4\u00dfig bei den relevanten Investoren pr\u00e4sent zu sein. Dadurch entsteht zugleich ein aussagekr\u00e4ftiger Analysten-Consensus. Mit dem Tool\u00a0<a title=\"Zukunftssch\u00e4tzungen aller Analysten f\u00fcr die n\u00e4chsten drei Gesch\u00e4ftsjahre\" href=\"\/de\/services\/investor-relations\/analysten-consensus\/\">Analyst Consensus<\/a>\u00a0von cometis haben Sie stets einen aktuellen \u00dcberblick zu den im Markt verf\u00fcgbaren Analystensch\u00e4tzungen.<\/p>\t\t\t\t\t\t\t\t<\/div>\n\t\t\t\t<\/div>\n\t\t\t\t<\/div>\n\t\t<div class=\"elementor-element elementor-element-c344919 e-con-full cmn-content-box-container e-flex e-con e-child\" data-id=\"c344919\" data-element_type=\"container\" data-e-type=\"container\">\n\t\t\t\t<div class=\"elementor-element elementor-element-f2a2136 elementor-widget elementor-widget-heading\" data-id=\"f2a2136\" data-element_type=\"widget\" data-e-type=\"widget\" data-widget_type=\"heading.default\">\n\t\t\t\t<div class=\"elementor-widget-container\">\n\t\t\t\t\t<h2 class=\"elementor-heading-title elementor-size-default\">Analysten-Coverage als Herausforderung f\u00fcr kleinere und mittlere Unternehmen<\/h2>\t\t\t\t<\/div>\n\t\t\t\t<\/div>\n\t\t\t\t<div class=\"elementor-element elementor-element-512976c elementor-widget elementor-widget-text-editor\" data-id=\"512976c\" data-element_type=\"widget\" data-e-type=\"widget\" data-widget_type=\"text-editor.default\">\n\t\t\t\t<div class=\"elementor-widget-container\">\n\t\t\t\t\t\t\t\t\t<p>Im Kampf um die Aufmerksamkeit am Kapitalmarkt stellen wir aktuell eine immer gr\u00f6\u00dfer werdende Kluft fest. Gerade gro\u00dfe Indexwerte k\u00f6nnen eine umfangreiche Analysten-Coverage aufweisen, da eine Vielzahl an Analysten ein Aktienresearch \u00fcber das Unternehmen schreibt. Kleine und mittlere Unternehmen haben es dagegen immer schwerer, Analysten f\u00fcr eine Coverage zu gewinnen und k\u00f6nnen in manchen F\u00e4llen gar keine Analysten-Coverage mehr vorweisen. Die Umsetzung der MiFID-II-Richtlinie wird diesen Trend versch\u00e4rfen. Auch qualitative Unterschiede sind deutlich erkennbar. Viele Marktteilnehmer sprechen auch von \u201eoverbroked\u201c und \u201eunderbroked\u201c.<\/p>\t\t\t\t\t\t\t\t<\/div>\n\t\t\t\t<\/div>\n\t\t\t\t<\/div>\n\t\t<div class=\"elementor-element elementor-element-d07486f e-con-full cmn-content-box-container e-flex e-con e-child\" data-id=\"d07486f\" data-element_type=\"container\" data-e-type=\"container\">\n\t\t\t\t<div class=\"elementor-element elementor-element-7109ceb elementor-widget elementor-widget-heading\" data-id=\"7109ceb\" data-element_type=\"widget\" data-e-type=\"widget\" data-widget_type=\"heading.default\">\n\t\t\t\t<div class=\"elementor-widget-container\">\n\t\t\t\t\t<h2 class=\"elementor-heading-title elementor-size-default\">Analysten-Coverage gezielt vergr\u00f6\u00dfern<\/h2>\t\t\t\t<\/div>\n\t\t\t\t<\/div>\n\t\t\t\t<div class=\"elementor-element elementor-element-069ae14 elementor-widget elementor-widget-text-editor\" data-id=\"069ae14\" data-element_type=\"widget\" data-e-type=\"widget\" data-widget_type=\"text-editor.default\">\n\t\t\t\t<div class=\"elementor-widget-container\">\n\t\t\t\t\t\t\t\t\t<p>Auch f\u00fcr kleinere und mittelgro\u00dfe Unternehmen ist es m\u00f6glich, eine qualitativ und quantitativ ausreichende Analysten-Coverage sicherzustellen. Wir helfen unseren Kunden zus\u00e4tzliche Analysten-Coverage aufzubauen. Dies ist meist ein l\u00e4nger andauernder Prozess. Zun\u00e4chst gilt es, die\u00a0<a title=\"Wir erstellen eine Equity Story, die Ihr Unternehmen f\u00fcr Investoren greifbar macht\" href=\"\/de\/investor-relations\/equity-story\/\">Equity Story<\/a>\u00a0auf m\u00f6gliche Schwachstellen zu \u00fcberpr\u00fcfen. Daf\u00fcr analysieren wir die Investor Relations Aktivit\u00e4ten unserer Kunden und deren internationale\u00a0<a title=\"Werte, Einstellungen &amp; Verhaltensweisen von Investoren kennen und verstehen\" href=\"\/de\/investor-relations\/peergroup-analyse\/\">Peergroup<\/a>, erarbeiten konkrete Handlungsempfehlungen und setzen diese f\u00fcr unsere Kunden um. Auf Basis unserer Analyse stellen wir den Kontakt zu den passenden Analysten her. In vergangenen Projekten konnten wir bis zu neun zus\u00e4tzliche Analysten f\u00fcr unsere Kunden gewinnen \u2013 auf nationaler und internationaler Ebene.<\/p>\t\t\t\t\t\t\t\t<\/div>\n\t\t\t\t<\/div>\n\t\t\t\t<\/div>\n\t\t\t\t<\/div>\n\t\t\t\t<\/div>\n\t\t\t\t\t<\/div>\n\t\t\t\t<\/div>\n\t\t\t\t<\/div>\n\t\t","protected":false},"excerpt":{"rendered":"<p>Analysten-Coverage F\u00fcr die Kaufentscheidung von Investoren spielt die Bewertung des Unternehmens durch Finanzanalysten eine entscheidende Rolle. Investoren vertrauen auf die Sch\u00e4tzungen von Analysten, da diese ein b\u00f6rsennotiertes Unternehmen \u00fcber einen l\u00e4ngeren Zeitraum verfolgen und ihre Erkenntnisse bzw. Sch\u00e4tzungen regelm\u00e4\u00dfig in Analystenstudien ver\u00f6ffentlichen. Unsere Referenzen Mit Analysten-Coverage Vertrauen bei Investoren gewinnen Au\u00dferdem werden Analystenstudien regelm\u00e4\u00dfig von [&hellip;]<\/p>\n","protected":false},"author":1,"featured_media":0,"parent":3790,"menu_order":0,"comment_status":"closed","ping_status":"open","template":"","meta":{"_acf_changed":false,"footnotes":""},"class_list":["post-4063","page","type-page","status-publish","hentry"],"acf":[],"yoast_head":"<!-- This site is optimized with the Yoast SEO Premium plugin v26.2 (Yoast SEO v27.4) - https:\/\/yoast.com\/product\/yoast-seo-premium-wordpress\/ -->\n<title>Analysten-Coverage \u2013 Analystensch\u00e4tzungen im \u00dcberblick | cometis AG<\/title>\n<meta name=\"description\" content=\"Mit dem Analyst Consensus von cometis haben Sie stets einen aktuellen \u00dcberblick zu den im Markt verf\u00fcgbaren Analystensch\u00e4tzungen.\" \/>\n<meta name=\"robots\" content=\"index, follow, max-snippet:-1, max-image-preview:large, max-video-preview:-1\" \/>\n<link rel=\"canonical\" href=\"https:\/\/www.cometis.de\/de\/services\/investor-relations\/ir-strategie\/analyst-coverage\/\" \/>\n<meta property=\"og:locale\" content=\"de_DE\" \/>\n<meta property=\"og:type\" content=\"article\" \/>\n<meta property=\"og:title\" content=\"Analysten-Coverage\" \/>\n<meta property=\"og:description\" content=\"Mit dem Analyst Consensus von cometis haben Sie stets einen aktuellen \u00dcberblick zu den im Markt verf\u00fcgbaren Analystensch\u00e4tzungen.\" \/>\n<meta property=\"og:url\" content=\"https:\/\/www.cometis.de\/de\/services\/investor-relations\/ir-strategie\/analyst-coverage\/\" \/>\n<meta property=\"og:site_name\" content=\"cometis AG\" \/>\n<meta property=\"article:modified_time\" content=\"2025-02-18T05:52:10+00:00\" \/>\n<meta property=\"og:image\" content=\"https:\/\/www.cometis.de\/wp-content\/uploads\/2024\/12-old\/Cometis-Mobile-Logo-1.png\" \/>\n\t<meta property=\"og:image:width\" content=\"171\" \/>\n\t<meta property=\"og:image:height\" content=\"31\" \/>\n\t<meta property=\"og:image:type\" content=\"image\/png\" \/>\n<meta name=\"twitter:card\" content=\"summary_large_image\" \/>\n<meta name=\"twitter:label1\" content=\"Gesch\u00e4tzte Lesezeit\" \/>\n\t<meta name=\"twitter:data1\" content=\"2\u00a0Minuten\" \/>\n<script type=\"application\/ld+json\" class=\"yoast-schema-graph\">{\"@context\":\"https:\\\/\\\/schema.org\",\"@graph\":[{\"@type\":\"WebPage\",\"@id\":\"https:\\\/\\\/www.cometis.de\\\/de\\\/services\\\/investor-relations\\\/ir-strategie\\\/analyst-coverage\\\/\",\"url\":\"https:\\\/\\\/www.cometis.de\\\/de\\\/services\\\/investor-relations\\\/ir-strategie\\\/analyst-coverage\\\/\",\"name\":\"Analysten-Coverage \u2013 Analystensch\u00e4tzungen im \u00dcberblick | cometis AG\",\"isPartOf\":{\"@id\":\"https:\\\/\\\/www.cometis.de\\\/de\\\/#website\"},\"datePublished\":\"2025-01-21T13:00:17+00:00\",\"dateModified\":\"2025-02-18T05:52:10+00:00\",\"description\":\"Mit dem Analyst Consensus von cometis haben Sie stets einen aktuellen \u00dcberblick zu den im Markt verf\u00fcgbaren Analystensch\u00e4tzungen.\",\"breadcrumb\":{\"@id\":\"https:\\\/\\\/www.cometis.de\\\/de\\\/services\\\/investor-relations\\\/ir-strategie\\\/analyst-coverage\\\/#breadcrumb\"},\"inLanguage\":\"de\",\"potentialAction\":[{\"@type\":\"ReadAction\",\"target\":[\"https:\\\/\\\/www.cometis.de\\\/de\\\/services\\\/investor-relations\\\/ir-strategie\\\/analyst-coverage\\\/\"]}]},{\"@type\":\"BreadcrumbList\",\"@id\":\"https:\\\/\\\/www.cometis.de\\\/de\\\/services\\\/investor-relations\\\/ir-strategie\\\/analyst-coverage\\\/#breadcrumb\",\"itemListElement\":[{\"@type\":\"ListItem\",\"position\":1,\"name\":\"Home\",\"item\":\"https:\\\/\\\/www.cometis.de\\\/de\\\/\"},{\"@type\":\"ListItem\",\"position\":2,\"name\":\"Services\",\"item\":\"https:\\\/\\\/www.cometis.de\\\/de\\\/services\\\/\"},{\"@type\":\"ListItem\",\"position\":3,\"name\":\"Investor Relations\",\"item\":\"https:\\\/\\\/www.cometis.de\\\/de\\\/services\\\/investor-relations\\\/\"},{\"@type\":\"ListItem\",\"position\":4,\"name\":\"IR-Strategie\",\"item\":\"https:\\\/\\\/www.cometis.de\\\/de\\\/services\\\/investor-relations\\\/ir-strategie\\\/\"},{\"@type\":\"ListItem\",\"position\":5,\"name\":\"Analysten-Coverage\"}]},{\"@type\":\"WebSite\",\"@id\":\"https:\\\/\\\/www.cometis.de\\\/de\\\/#website\",\"url\":\"https:\\\/\\\/www.cometis.de\\\/de\\\/\",\"name\":\"cometis AG\",\"description\":\"Deutschlands f\u00fchrende Investor Relations Agentur\",\"publisher\":{\"@id\":\"https:\\\/\\\/www.cometis.de\\\/de\\\/#organization\"},\"potentialAction\":[{\"@type\":\"SearchAction\",\"target\":{\"@type\":\"EntryPoint\",\"urlTemplate\":\"https:\\\/\\\/www.cometis.de\\\/de\\\/?s={search_term_string}\"},\"query-input\":{\"@type\":\"PropertyValueSpecification\",\"valueRequired\":true,\"valueName\":\"search_term_string\"}}],\"inLanguage\":\"de\"},{\"@type\":\"Organization\",\"@id\":\"https:\\\/\\\/www.cometis.de\\\/de\\\/#organization\",\"name\":\"cometis AG\",\"alternateName\":\"Deutschlands f\u00fchrende Investor Relations Agentur\",\"url\":\"https:\\\/\\\/www.cometis.de\\\/de\\\/\",\"logo\":{\"@type\":\"ImageObject\",\"inLanguage\":\"de\",\"@id\":\"https:\\\/\\\/www.cometis.de\\\/de\\\/#\\\/schema\\\/logo\\\/image\\\/\",\"url\":\"https:\\\/\\\/www.cometis.de\\\/wp-content\\\/uploads\\\/2024\\\/12-old\\\/Cometis-Mobile-Logo-1.png\",\"contentUrl\":\"https:\\\/\\\/www.cometis.de\\\/wp-content\\\/uploads\\\/2024\\\/12-old\\\/Cometis-Mobile-Logo-1.png\",\"width\":171,\"height\":31,\"caption\":\"cometis AG\"},\"image\":{\"@id\":\"https:\\\/\\\/www.cometis.de\\\/de\\\/#\\\/schema\\\/logo\\\/image\\\/\"},\"sameAs\":[\"https:\\\/\\\/www.linkedin.com\\\/company\\\/cometis-ag\\\/\",\"https:\\\/\\\/www.youtube.com\\\/user\\\/cometisAG\"]}]}<\/script>\n<!-- \/ Yoast SEO Premium plugin. -->","yoast_head_json":{"title":"Analysten-Coverage \u2013 Analystensch\u00e4tzungen im \u00dcberblick | cometis AG","description":"Mit dem Analyst Consensus von cometis haben Sie stets einen aktuellen \u00dcberblick zu den im Markt verf\u00fcgbaren Analystensch\u00e4tzungen.","robots":{"index":"index","follow":"follow","max-snippet":"max-snippet:-1","max-image-preview":"max-image-preview:large","max-video-preview":"max-video-preview:-1"},"canonical":"https:\/\/www.cometis.de\/de\/services\/investor-relations\/ir-strategie\/analyst-coverage\/","og_locale":"de_DE","og_type":"article","og_title":"Analysten-Coverage","og_description":"Mit dem Analyst Consensus von cometis haben Sie stets einen aktuellen \u00dcberblick zu den im Markt verf\u00fcgbaren Analystensch\u00e4tzungen.","og_url":"https:\/\/www.cometis.de\/de\/services\/investor-relations\/ir-strategie\/analyst-coverage\/","og_site_name":"cometis AG","article_modified_time":"2025-02-18T05:52:10+00:00","og_image":[{"width":171,"height":31,"url":"https:\/\/www.cometis.de\/wp-content\/uploads\/2024\/12-old\/Cometis-Mobile-Logo-1.png","type":"image\/png"}],"twitter_card":"summary_large_image","twitter_misc":{"Gesch\u00e4tzte Lesezeit":"2\u00a0Minuten"},"schema":{"@context":"https:\/\/schema.org","@graph":[{"@type":"WebPage","@id":"https:\/\/www.cometis.de\/de\/services\/investor-relations\/ir-strategie\/analyst-coverage\/","url":"https:\/\/www.cometis.de\/de\/services\/investor-relations\/ir-strategie\/analyst-coverage\/","name":"Analysten-Coverage \u2013 Analystensch\u00e4tzungen im \u00dcberblick | cometis AG","isPartOf":{"@id":"https:\/\/www.cometis.de\/de\/#website"},"datePublished":"2025-01-21T13:00:17+00:00","dateModified":"2025-02-18T05:52:10+00:00","description":"Mit dem Analyst Consensus von cometis haben Sie stets einen aktuellen \u00dcberblick zu den im Markt verf\u00fcgbaren Analystensch\u00e4tzungen.","breadcrumb":{"@id":"https:\/\/www.cometis.de\/de\/services\/investor-relations\/ir-strategie\/analyst-coverage\/#breadcrumb"},"inLanguage":"de","potentialAction":[{"@type":"ReadAction","target":["https:\/\/www.cometis.de\/de\/services\/investor-relations\/ir-strategie\/analyst-coverage\/"]}]},{"@type":"BreadcrumbList","@id":"https:\/\/www.cometis.de\/de\/services\/investor-relations\/ir-strategie\/analyst-coverage\/#breadcrumb","itemListElement":[{"@type":"ListItem","position":1,"name":"Home","item":"https:\/\/www.cometis.de\/de\/"},{"@type":"ListItem","position":2,"name":"Services","item":"https:\/\/www.cometis.de\/de\/services\/"},{"@type":"ListItem","position":3,"name":"Investor Relations","item":"https:\/\/www.cometis.de\/de\/services\/investor-relations\/"},{"@type":"ListItem","position":4,"name":"IR-Strategie","item":"https:\/\/www.cometis.de\/de\/services\/investor-relations\/ir-strategie\/"},{"@type":"ListItem","position":5,"name":"Analysten-Coverage"}]},{"@type":"WebSite","@id":"https:\/\/www.cometis.de\/de\/#website","url":"https:\/\/www.cometis.de\/de\/","name":"cometis AG","description":"Deutschlands f\u00fchrende Investor Relations Agentur","publisher":{"@id":"https:\/\/www.cometis.de\/de\/#organization"},"potentialAction":[{"@type":"SearchAction","target":{"@type":"EntryPoint","urlTemplate":"https:\/\/www.cometis.de\/de\/?s={search_term_string}"},"query-input":{"@type":"PropertyValueSpecification","valueRequired":true,"valueName":"search_term_string"}}],"inLanguage":"de"},{"@type":"Organization","@id":"https:\/\/www.cometis.de\/de\/#organization","name":"cometis AG","alternateName":"Deutschlands f\u00fchrende Investor Relations Agentur","url":"https:\/\/www.cometis.de\/de\/","logo":{"@type":"ImageObject","inLanguage":"de","@id":"https:\/\/www.cometis.de\/de\/#\/schema\/logo\/image\/","url":"https:\/\/www.cometis.de\/wp-content\/uploads\/2024\/12-old\/Cometis-Mobile-Logo-1.png","contentUrl":"https:\/\/www.cometis.de\/wp-content\/uploads\/2024\/12-old\/Cometis-Mobile-Logo-1.png","width":171,"height":31,"caption":"cometis AG"},"image":{"@id":"https:\/\/www.cometis.de\/de\/#\/schema\/logo\/image\/"},"sameAs":["https:\/\/www.linkedin.com\/company\/cometis-ag\/","https:\/\/www.youtube.com\/user\/cometisAG"]}]}},"_links":{"self":[{"href":"https:\/\/www.cometis.de\/de\/wp-json\/wp\/v2\/pages\/4063","targetHints":{"allow":["GET"]}}],"collection":[{"href":"https:\/\/www.cometis.de\/de\/wp-json\/wp\/v2\/pages"}],"about":[{"href":"https:\/\/www.cometis.de\/de\/wp-json\/wp\/v2\/types\/page"}],"author":[{"embeddable":true,"href":"https:\/\/www.cometis.de\/de\/wp-json\/wp\/v2\/users\/1"}],"replies":[{"embeddable":true,"href":"https:\/\/www.cometis.de\/de\/wp-json\/wp\/v2\/comments?post=4063"}],"version-history":[{"count":3,"href":"https:\/\/www.cometis.de\/de\/wp-json\/wp\/v2\/pages\/4063\/revisions"}],"predecessor-version":[{"id":107512,"href":"https:\/\/www.cometis.de\/de\/wp-json\/wp\/v2\/pages\/4063\/revisions\/107512"}],"up":[{"embeddable":true,"href":"https:\/\/www.cometis.de\/de\/wp-json\/wp\/v2\/pages\/3790"}],"wp:attachment":[{"href":"https:\/\/www.cometis.de\/de\/wp-json\/wp\/v2\/media?parent=4063"}],"curies":[{"name":"wp","href":"https:\/\/api.w.org\/{rel}","templated":true}]}}