{"id":4193,"date":"2025-01-22T07:34:30","date_gmt":"2025-01-22T06:34:30","guid":{"rendered":"https:\/\/cometis.de\/?page_id=4193"},"modified":"2025-02-18T06:45:23","modified_gmt":"2025-02-18T05:45:23","slug":"nichtfinanzielle-berichterstattung","status":"publish","type":"page","link":"https:\/\/www.cometis.de\/de\/services\/investor-relations\/geschaeftsbericht\/nichtfinanzielle-berichterstattung\/","title":{"rendered":"Nichtfinanzielle Berichterstattung"},"content":{"rendered":"\t\t<div data-elementor-type=\"wp-page\" data-elementor-id=\"4193\" class=\"elementor elementor-4193\" data-elementor-post-type=\"page\">\n\t\t\t\t<div class=\"elementor-element elementor-element-4c86c31 e-flex e-con-boxed e-con e-parent\" data-id=\"4c86c31\" data-element_type=\"container\" data-e-type=\"container\">\n\t\t\t\t\t<div class=\"e-con-inner\">\n\t\t\t\t<div class=\"elementor-element elementor-element-65505f7 elementor-widget elementor-widget-template\" data-id=\"65505f7\" data-element_type=\"widget\" data-e-type=\"widget\" data-widget_type=\"template.default\">\n\t\t\t\t<div class=\"elementor-widget-container\">\n\t\t\t\t\t\t\t<div class=\"elementor-template\">\n\t\t\t\t\t<div data-elementor-type=\"section\" data-elementor-id=\"766\" class=\"elementor elementor-766\" data-elementor-post-type=\"elementor_library\">\n\t\t\t<div class=\"elementor-element elementor-element-1f34e34 e-flex e-con-boxed e-con e-parent\" data-id=\"1f34e34\" data-element_type=\"container\" data-e-type=\"container\">\n\t\t\t\t\t<div class=\"e-con-inner\">\n\t\t<div class=\"elementor-element elementor-element-e68c844 e-con-full e-flex e-con e-child\" data-id=\"e68c844\" data-element_type=\"container\" data-e-type=\"container\" data-settings=\"{&quot;background_background&quot;:&quot;classic&quot;}\">\n\t\t\t\t<\/div>\n\t\t<div class=\"elementor-element elementor-element-b7dac6f e-con-full e-flex e-con e-child\" data-id=\"b7dac6f\" data-element_type=\"container\" data-e-type=\"container\">\n\t\t\t\t<div class=\"elementor-element elementor-element-ce54cc3 elementor-align-left elementor-widget elementor-widget-breadcrumbs\" data-id=\"ce54cc3\" data-element_type=\"widget\" data-e-type=\"widget\" data-widget_type=\"breadcrumbs.default\">\n\t\t\t\t<div class=\"elementor-widget-container\">\n\t\t\t\t\t<div id=\"breadcrumbs\"><span><span><a href=\"https:\/\/www.cometis.de\/de\/\">Home<\/a><\/span><\/span><\/div>\t\t\t\t<\/div>\n\t\t\t\t<\/div>\n\t\t\t\t<\/div>\n\t\t\t\t\t<\/div>\n\t\t\t\t<\/div>\n\t\t\t\t<\/div>\n\t\t\t\t<\/div>\n\t\t\t\t\t\t<\/div>\n\t\t\t\t<\/div>\n\t\t\t\t\t<\/div>\n\t\t\t\t<\/div>\n\t\t<div class=\"elementor-element elementor-element-4abe281 cmn-sidebar-content e-flex e-con-boxed e-con e-parent\" data-id=\"4abe281\" data-element_type=\"container\" data-e-type=\"container\" data-settings=\"{&quot;background_background&quot;:&quot;classic&quot;,&quot;background_motion_fx_motion_fx_scrolling&quot;:&quot;yes&quot;,&quot;background_motion_fx_translateY_effect&quot;:&quot;yes&quot;,&quot;background_motion_fx_translateY_speed&quot;:{&quot;unit&quot;:&quot;px&quot;,&quot;size&quot;:2,&quot;sizes&quot;:[]},&quot;background_motion_fx_translateY_direction&quot;:&quot;negative&quot;,&quot;background_motion_fx_translateY_affectedRange&quot;:{&quot;unit&quot;:&quot;%&quot;,&quot;size&quot;:&quot;&quot;,&quot;sizes&quot;:{&quot;start&quot;:0,&quot;end&quot;:100}},&quot;background_motion_fx_devices&quot;:[&quot;desktop&quot;,&quot;tablet&quot;,&quot;mobile&quot;]}\">\n\t\t\t\t\t<div class=\"e-con-inner\">\n\t\t<div class=\"elementor-element elementor-element-48a55c6 e-con-full cmn-sidebar-content p-100 e-flex e-con e-child\" data-id=\"48a55c6\" data-element_type=\"container\" data-e-type=\"container\">\n\t\t<div class=\"elementor-element elementor-element-58a9521 e-con-full cmn-content-box e-flex e-con e-child\" data-id=\"58a9521\" data-element_type=\"container\" data-e-type=\"container\">\n\t\t<div class=\"elementor-element elementor-element-754b14a e-con-full cmn-content-box-container e-flex e-con e-child\" data-id=\"754b14a\" data-element_type=\"container\" data-e-type=\"container\">\n\t\t\t\t<div class=\"elementor-element elementor-element-55354c6 elementor-align-left cmn-content-box-big-btn elementor-widget elementor-widget-button\" data-id=\"55354c6\" data-element_type=\"widget\" data-e-type=\"widget\" data-widget_type=\"button.default\">\n\t\t\t\t<div class=\"elementor-widget-container\">\n\t\t\t\t\t\t\t\t\t<div class=\"elementor-button-wrapper\">\n\t\t\t\t\t<a class=\"elementor-button elementor-button-link elementor-size-sm\" href=\"\/wp-content\/uploads\/2020\/12\/Factsheet_Nachhaltigkeitsbericht.pdf\" target=\"_blank\">\n\t\t\t\t\t\t<span class=\"elementor-button-content-wrapper\">\n\t\t\t\t\t\t\t\t\t<span class=\"elementor-button-text\">Factsheet Berichtssaison 2017<\/span>\n\t\t\t\t\t<\/span>\n\t\t\t\t\t<\/a>\n\t\t\t\t<\/div>\n\t\t\t\t\t\t\t\t<\/div>\n\t\t\t\t<\/div>\n\t\t\t\t<div class=\"elementor-element elementor-element-e0a1350 elementor-align-left cmn-content-box-big-btn elementor-widget elementor-widget-button\" data-id=\"e0a1350\" data-element_type=\"widget\" data-e-type=\"widget\" data-widget_type=\"button.default\">\n\t\t\t\t<div class=\"elementor-widget-container\">\n\t\t\t\t\t\t\t\t\t<div class=\"elementor-button-wrapper\">\n\t\t\t\t\t<a class=\"elementor-button elementor-button-link elementor-size-sm\" href=\"\/wp-content\/uploads\/2019\/05\/de_Non-financial-Reporting_Pr%C3%A4sentation.pdf\" target=\"_blank\">\n\t\t\t\t\t\t<span class=\"elementor-button-content-wrapper\">\n\t\t\t\t\t\t\t\t\t<span class=\"elementor-button-text\">Nichfinanzielle Berichterstattung<\/span>\n\t\t\t\t\t<\/span>\n\t\t\t\t\t<\/a>\n\t\t\t\t<\/div>\n\t\t\t\t\t\t\t\t<\/div>\n\t\t\t\t<\/div>\n\t\t\t\t<div class=\"elementor-element elementor-element-c198c3d elementor-widget elementor-widget-heading\" data-id=\"c198c3d\" data-element_type=\"widget\" data-e-type=\"widget\" data-widget_type=\"heading.default\">\n\t\t\t\t<div class=\"elementor-widget-container\">\n\t\t\t\t\t<h2 class=\"elementor-heading-title elementor-size-default\">Nichtfinanzielle Berichterstattung: F\u00fcr Transparenz \u00fcber die Nachhaltigkeit Ihres Unternehmens sorgen<\/h2>\t\t\t\t<\/div>\n\t\t\t\t<\/div>\n\t\t\t\t<div class=\"elementor-element elementor-element-ef281ab elementor-widget elementor-widget-text-editor\" data-id=\"ef281ab\" data-element_type=\"widget\" data-e-type=\"widget\" data-widget_type=\"text-editor.default\">\n\t\t\t\t<div class=\"elementor-widget-container\">\n\t\t\t\t\t\t\t\t\t<p>Das Thema \u201eNachhaltigkeit\u201c gewinnt am Kapitalmarkt immer mehr an Bedeutung. Share- und Stakeholder erwarten zunehmend Auskunft \u00fcber die sozialen und \u00f6kologischen Auswirkungen der Unternehmenst\u00e4tigkeiten. Damit entstehen auch in der Kommunikation zu diesen Anspruchsgruppen neue Herausforderungen. Die nichtfinanzielle Berichterstattung wird deshalb immer wichtiger. In manchen L\u00e4ndern sind Unternehmen bereits gesetzlich zur Offenlegung bestimmter nichtfinanzieller Belange verpflichtet. In Deutschland gilt seit dem 11. April 2017 das CSR-Richtlinien-Umsetzungsgesetz.<\/p><p><a href=\"https:\/\/www.cometis.de\/csr-berichte-noch-ohne-einheitliche-standards\" target=\"_blank\" rel=\"noopener noreferrer\"><img decoding=\"async\" class=\"alignleft size-full wp-image-5385\" src=\"https:\/\/sp-ao.shortpixel.ai\/client\/to_webp,q_lossy,ret_img,w_20,h_20\/https:\/\/www.cometis.de\/wp-content\/uploads\/2019\/06\/press-release-4.png\" alt=\"Pressemitteilung\" width=\"20\" height=\"20\" \/><\/a><a title=\"Pressemeldung 1\" href=\"\/de\/csr-berichte-noch-ohne-einheitliche-standards\" target=\"_blank\" rel=\"noopener noreferrer\"><strong>Pressemittelung<\/strong> zu unserer Studie \u00fcber die nichtfinanzielle Berichterstattung<\/a><\/p>\t\t\t\t\t\t\t\t<\/div>\n\t\t\t\t<\/div>\n\t\t\t\t<\/div>\n\t\t<div class=\"elementor-element elementor-element-b182ae8 e-con-full cmn-content-box-container e-flex e-con e-child\" data-id=\"b182ae8\" data-element_type=\"container\" data-e-type=\"container\">\n\t\t\t\t<div class=\"elementor-element elementor-element-bc6ffa2 elementor-widget elementor-widget-heading\" data-id=\"bc6ffa2\" data-element_type=\"widget\" data-e-type=\"widget\" data-widget_type=\"heading.default\">\n\t\t\t\t<div class=\"elementor-widget-container\">\n\t\t\t\t\t<h2 class=\"elementor-heading-title elementor-size-default\">Nichtfinanzieller Bericht als wichtigste Grundlage f\u00fcr Ihre Kommunikation nichtfinanzieller Belange<\/h2>\t\t\t\t<\/div>\n\t\t\t\t<\/div>\n\t\t\t\t<div class=\"elementor-element elementor-element-820d7d1 elementor-widget elementor-widget-text-editor\" data-id=\"820d7d1\" data-element_type=\"widget\" data-e-type=\"widget\" data-widget_type=\"text-editor.default\">\n\t\t\t\t<div class=\"elementor-widget-container\">\n\t\t\t\t\t\t\t\t\t<p>Wir unterst\u00fctzen Sie bei der Ausarbeitung Ihres nichtfinanziellen Berichts. Im Vordergrund steht, dass wir mit Ihnen Ihre individuellen Schwerpunkte herausarbeiten. Daran orientiert sich der gesamte Aufbau Ihres Berichts und stellt ihn in den Kontext Ihrer Gesch\u00e4ftst\u00e4tigkeit. Empfehlenswert ist es, sich hierbei an nationalen oder internationalen Rahmenwerken wie z.B. dem Deutschen Nachhaltigkeitskodex (DNK) oder den Standards der Global Reporting Initiative (GRI) zu orientieren. Dies gew\u00e4hrleistet eine gewisse Vergleichbarkeit mit anderen Unternehmen, was von den Adressaten der Berichte erw\u00fcnscht ist. Zudem verfolgen wir laufend nichtfinanzielle Berichte von Unternehmen diverser Branchen. Dadurch verf\u00fcgen wir \u00fcber eine umfangreiche Datenbank nichtfinanzieller Kennzahlen. So k\u00f6nnen wir zus\u00e4tzlich wesentliche Kennzahlen Ihrer Peergroup in Ihrem Bericht ber\u00fccksichtigen. Das erm\u00f6glicht eine noch bessere Vergleichbarkeit und Quantifizierbarkeit Ihrer nichtfinanziellen Performance. In Zusammenarbeit mit unserer Grafikabteilung entwickeln wir ein passgenaues und ansprechendes gestalterisches Konzept.<\/p>\t\t\t\t\t\t\t\t<\/div>\n\t\t\t\t<\/div>\n\t\t\t\t<\/div>\n\t\t<div class=\"elementor-element elementor-element-e7b5c5b e-con-full cmn-content-box-container e-flex e-con e-child\" data-id=\"e7b5c5b\" data-element_type=\"container\" data-e-type=\"container\">\n\t\t\t\t<div class=\"elementor-element elementor-element-d76fa66 elementor-widget elementor-widget-heading\" data-id=\"d76fa66\" data-element_type=\"widget\" data-e-type=\"widget\" data-widget_type=\"heading.default\">\n\t\t\t\t<div class=\"elementor-widget-container\">\n\t\t\t\t\t<h2 class=\"elementor-heading-title elementor-size-default\">L\u00e4stige Berichtspflicht oder ein guter Anfang<\/h2>\t\t\t\t<\/div>\n\t\t\t\t<\/div>\n\t\t\t\t<div class=\"elementor-element elementor-element-fe23399 elementor-widget elementor-widget-text-editor\" data-id=\"fe23399\" data-element_type=\"widget\" data-e-type=\"widget\" data-widget_type=\"text-editor.default\">\n\t\t\t\t<div class=\"elementor-widget-container\">\n\t\t\t\t\t\t\t\t\t<p>Das Thema \u201eNachhaltigkeit\u201c darf nicht separat behandelt werden. Es soll mit der Strategie und den \u00f6konomischen Zielen in Einklang stehen. Bef\u00fcrworter sind \u00fcberzeugt, dass sich verantwortungsbewusstes Handeln langfristig auch in einem gr\u00f6\u00dferen finanziellen Erfolg widerspiegelt. Ganz egal, ob diese Meinung geteilt wird oder nicht, ein nichtfinanzieller Bericht sollte nicht nur als oberfl\u00e4chliche Transparenzpflicht betrachtet werden. Die steigende Anzahl an Verb\u00e4nden und Initiativen in diesem Bereich, auch auf Seiten von Investoren, best\u00e4tigen, dass das Interesse der EK- und FK-Finanzierer an nichtfinanziellen Informationen steigt. Sie nutzen diese vermehrt, um Chancen und Risiken von Kapitalanlagen und Kreditvergaben umfassender zu bewerten.<\/p><p>Je nach Situation macht es deshalb auch f\u00fcr Unternehmen Sinn, die nicht berichtspflichtig sind, sich fr\u00fchzeitig mit der nichtfinanziellen Berichterstattung auseinanderzusetzen. Wir beraten Sie gerne in Ihrer individuellen Situation.<\/p>\t\t\t\t\t\t\t\t<\/div>\n\t\t\t\t<\/div>\n\t\t\t\t<\/div>\n\t\t<div class=\"elementor-element elementor-element-7272cd0 e-con-full cmn-content-box-container e-flex e-con e-child\" data-id=\"7272cd0\" data-element_type=\"container\" data-e-type=\"container\">\n\t\t\t\t<div class=\"elementor-element elementor-element-3874068 elementor-widget elementor-widget-heading\" data-id=\"3874068\" data-element_type=\"widget\" data-e-type=\"widget\" data-widget_type=\"heading.default\">\n\t\t\t\t<div class=\"elementor-widget-container\">\n\t\t\t\t\t<h2 class=\"elementor-heading-title elementor-size-default\">Beim nichtfinanziellen Bericht \u00fcbernehmen wir gerne folgende Leistungen f\u00fcr Sie:<\/h2>\t\t\t\t<\/div>\n\t\t\t\t<\/div>\n\t\t\t\t<div class=\"elementor-element elementor-element-c89db70 custom-list elementor-widget elementor-widget-text-editor\" data-id=\"c89db70\" data-element_type=\"widget\" data-e-type=\"widget\" data-widget_type=\"text-editor.default\">\n\t\t\t\t<div class=\"elementor-widget-container\">\n\t\t\t\t\t\t\t\t\t<ul><li>Beratung zum Konzept der Ver\u00f6ffentlichung (als Teil des Gesch\u00e4ftsberichts, integriert oder als separater Bestandteil, als gesonderter Nachhaltigkeitsbericht, online oder offline etc.)<\/li><li>Entwicklung eines individuell stimmigen inhaltlichen und grafischen Konzepts<\/li><li>Inhaltliche Beratung zur Auswahl geeigneter Kennzahlen<\/li><li>Projektmanagement inkl. Koordination der beteiligten Partner (\u00dcbersetzer, Fotografen, Druckereien)<\/li><li>Chefredaktion<\/li><li>Satz und Layout des gesamten Berichts<\/li><li>Lektorat, Korrektorat und Zahlencheck<\/li><li>Ver\u00f6ffentlichung gem\u00e4\u00df regulatorischer Vorgaben<\/li><li>Begleitende Kommunikationsma\u00dfnahmen<\/li><\/ul>\t\t\t\t\t\t\t\t<\/div>\n\t\t\t\t<\/div>\n\t\t\t\t<\/div>\n\t\t\t\t<\/div>\n\t\t\t\t<\/div>\n\t\t\t\t\t<\/div>\n\t\t\t\t<\/div>\n\t\t\t\t<\/div>\n\t\t","protected":false},"excerpt":{"rendered":"<p>Factsheet Berichtssaison 2017 Nichfinanzielle Berichterstattung Nichtfinanzielle Berichterstattung: F\u00fcr Transparenz \u00fcber die Nachhaltigkeit Ihres Unternehmens sorgen Das Thema \u201eNachhaltigkeit\u201c gewinnt am Kapitalmarkt immer mehr an Bedeutung. Share- und Stakeholder erwarten zunehmend Auskunft \u00fcber die sozialen und \u00f6kologischen Auswirkungen der Unternehmenst\u00e4tigkeiten. Damit entstehen auch in der Kommunikation zu diesen Anspruchsgruppen neue Herausforderungen. Die nichtfinanzielle Berichterstattung wird deshalb [&hellip;]<\/p>\n","protected":false},"author":1,"featured_media":0,"parent":4176,"menu_order":0,"comment_status":"closed","ping_status":"open","template":"","meta":{"_acf_changed":false,"footnotes":""},"class_list":["post-4193","page","type-page","status-publish","hentry"],"acf":[],"yoast_head":"<!-- This site is optimized with the Yoast SEO Premium plugin v26.2 (Yoast SEO v27.4) - https:\/\/yoast.com\/product\/yoast-seo-premium-wordpress\/ -->\n<title>Nichtfinanzielle Berichterstattung \u2013 erstellt vom IR-Spezialisten - cometis<\/title>\n<meta name=\"description\" content=\"Nachhaltigkeit gewinnt am Kapitalmarkt immer mehr an Bedeutung. Die nichtfinanzielle Berichterstattung wird deshalb immer wichtiger.\" \/>\n<meta name=\"robots\" content=\"index, follow, max-snippet:-1, max-image-preview:large, max-video-preview:-1\" \/>\n<link rel=\"canonical\" href=\"https:\/\/www.cometis.de\/de\/services\/investor-relations\/geschaeftsbericht\/nichtfinanzielle-berichterstattung\/\" \/>\n<meta property=\"og:locale\" content=\"de_DE\" \/>\n<meta property=\"og:type\" content=\"article\" \/>\n<meta property=\"og:title\" content=\"Nichtfinanzielle Berichterstattung\" \/>\n<meta property=\"og:description\" content=\"Nachhaltigkeit gewinnt am Kapitalmarkt immer mehr an Bedeutung. Die nichtfinanzielle Berichterstattung wird deshalb immer wichtiger.\" \/>\n<meta property=\"og:url\" content=\"https:\/\/www.cometis.de\/de\/services\/investor-relations\/geschaeftsbericht\/nichtfinanzielle-berichterstattung\/\" \/>\n<meta property=\"og:site_name\" content=\"cometis AG\" \/>\n<meta property=\"article:modified_time\" content=\"2025-02-18T05:45:23+00:00\" \/>\n<meta property=\"og:image\" content=\"https:\/\/sp-ao.shortpixel.ai\/client\/to_webp,q_lossy,ret_img,w_20,h_20\/https:\/\/cometis.de\/wp-content\/uploads\/2019\/06\/press-release-4.png\" \/>\n<meta name=\"twitter:card\" content=\"summary_large_image\" \/>\n<meta name=\"twitter:label1\" content=\"Gesch\u00e4tzte Lesezeit\" \/>\n\t<meta name=\"twitter:data1\" content=\"3\u00a0Minuten\" \/>\n<script type=\"application\/ld+json\" class=\"yoast-schema-graph\">{\"@context\":\"https:\\\/\\\/schema.org\",\"@graph\":[{\"@type\":\"WebPage\",\"@id\":\"https:\\\/\\\/www.cometis.de\\\/de\\\/services\\\/investor-relations\\\/geschaeftsbericht\\\/nichtfinanzielle-berichterstattung\\\/\",\"url\":\"https:\\\/\\\/www.cometis.de\\\/de\\\/services\\\/investor-relations\\\/geschaeftsbericht\\\/nichtfinanzielle-berichterstattung\\\/\",\"name\":\"Nichtfinanzielle Berichterstattung \u2013 erstellt vom IR-Spezialisten - cometis\",\"isPartOf\":{\"@id\":\"https:\\\/\\\/www.cometis.de\\\/de\\\/#website\"},\"primaryImageOfPage\":{\"@id\":\"https:\\\/\\\/www.cometis.de\\\/de\\\/services\\\/investor-relations\\\/geschaeftsbericht\\\/nichtfinanzielle-berichterstattung\\\/#primaryimage\"},\"image\":{\"@id\":\"https:\\\/\\\/www.cometis.de\\\/de\\\/services\\\/investor-relations\\\/geschaeftsbericht\\\/nichtfinanzielle-berichterstattung\\\/#primaryimage\"},\"thumbnailUrl\":\"https:\\\/\\\/sp-ao.shortpixel.ai\\\/client\\\/to_webp,q_lossy,ret_img,w_20,h_20\\\/https:\\\/\\\/cometis.de\\\/wp-content\\\/uploads\\\/2019\\\/06\\\/press-release-4.png\",\"datePublished\":\"2025-01-22T06:34:30+00:00\",\"dateModified\":\"2025-02-18T05:45:23+00:00\",\"description\":\"Nachhaltigkeit gewinnt am Kapitalmarkt immer mehr an Bedeutung. Die nichtfinanzielle Berichterstattung wird deshalb immer wichtiger.\",\"breadcrumb\":{\"@id\":\"https:\\\/\\\/www.cometis.de\\\/de\\\/services\\\/investor-relations\\\/geschaeftsbericht\\\/nichtfinanzielle-berichterstattung\\\/#breadcrumb\"},\"inLanguage\":\"de\",\"potentialAction\":[{\"@type\":\"ReadAction\",\"target\":[\"https:\\\/\\\/www.cometis.de\\\/de\\\/services\\\/investor-relations\\\/geschaeftsbericht\\\/nichtfinanzielle-berichterstattung\\\/\"]}]},{\"@type\":\"ImageObject\",\"inLanguage\":\"de\",\"@id\":\"https:\\\/\\\/www.cometis.de\\\/de\\\/services\\\/investor-relations\\\/geschaeftsbericht\\\/nichtfinanzielle-berichterstattung\\\/#primaryimage\",\"url\":\"https:\\\/\\\/sp-ao.shortpixel.ai\\\/client\\\/to_webp,q_lossy,ret_img,w_20,h_20\\\/https:\\\/\\\/cometis.de\\\/wp-content\\\/uploads\\\/2019\\\/06\\\/press-release-4.png\",\"contentUrl\":\"https:\\\/\\\/sp-ao.shortpixel.ai\\\/client\\\/to_webp,q_lossy,ret_img,w_20,h_20\\\/https:\\\/\\\/cometis.de\\\/wp-content\\\/uploads\\\/2019\\\/06\\\/press-release-4.png\"},{\"@type\":\"BreadcrumbList\",\"@id\":\"https:\\\/\\\/www.cometis.de\\\/de\\\/services\\\/investor-relations\\\/geschaeftsbericht\\\/nichtfinanzielle-berichterstattung\\\/#breadcrumb\",\"itemListElement\":[{\"@type\":\"ListItem\",\"position\":1,\"name\":\"Home\",\"item\":\"https:\\\/\\\/www.cometis.de\\\/de\\\/\"},{\"@type\":\"ListItem\",\"position\":2,\"name\":\"Services\",\"item\":\"https:\\\/\\\/www.cometis.de\\\/de\\\/services\\\/\"},{\"@type\":\"ListItem\",\"position\":3,\"name\":\"Investor Relations\",\"item\":\"https:\\\/\\\/www.cometis.de\\\/de\\\/services\\\/investor-relations\\\/\"},{\"@type\":\"ListItem\",\"position\":4,\"name\":\"Gesch\u00e4ftsbericht\",\"item\":\"https:\\\/\\\/www.cometis.de\\\/de\\\/services\\\/investor-relations\\\/geschaeftsbericht\\\/\"},{\"@type\":\"ListItem\",\"position\":5,\"name\":\"Nichtfinanzielle Berichterstattung\"}]},{\"@type\":\"WebSite\",\"@id\":\"https:\\\/\\\/www.cometis.de\\\/de\\\/#website\",\"url\":\"https:\\\/\\\/www.cometis.de\\\/de\\\/\",\"name\":\"cometis AG\",\"description\":\"Deutschlands f\u00fchrende Investor Relations Agentur\",\"publisher\":{\"@id\":\"https:\\\/\\\/www.cometis.de\\\/de\\\/#organization\"},\"potentialAction\":[{\"@type\":\"SearchAction\",\"target\":{\"@type\":\"EntryPoint\",\"urlTemplate\":\"https:\\\/\\\/www.cometis.de\\\/de\\\/?s={search_term_string}\"},\"query-input\":{\"@type\":\"PropertyValueSpecification\",\"valueRequired\":true,\"valueName\":\"search_term_string\"}}],\"inLanguage\":\"de\"},{\"@type\":\"Organization\",\"@id\":\"https:\\\/\\\/www.cometis.de\\\/de\\\/#organization\",\"name\":\"cometis AG\",\"alternateName\":\"Deutschlands f\u00fchrende Investor Relations Agentur\",\"url\":\"https:\\\/\\\/www.cometis.de\\\/de\\\/\",\"logo\":{\"@type\":\"ImageObject\",\"inLanguage\":\"de\",\"@id\":\"https:\\\/\\\/www.cometis.de\\\/de\\\/#\\\/schema\\\/logo\\\/image\\\/\",\"url\":\"https:\\\/\\\/www.cometis.de\\\/wp-content\\\/uploads\\\/2024\\\/12-old\\\/Cometis-Mobile-Logo-1.png\",\"contentUrl\":\"https:\\\/\\\/www.cometis.de\\\/wp-content\\\/uploads\\\/2024\\\/12-old\\\/Cometis-Mobile-Logo-1.png\",\"width\":171,\"height\":31,\"caption\":\"cometis AG\"},\"image\":{\"@id\":\"https:\\\/\\\/www.cometis.de\\\/de\\\/#\\\/schema\\\/logo\\\/image\\\/\"},\"sameAs\":[\"https:\\\/\\\/www.linkedin.com\\\/company\\\/cometis-ag\\\/\",\"https:\\\/\\\/www.youtube.com\\\/user\\\/cometisAG\"]}]}<\/script>\n<!-- \/ Yoast SEO Premium plugin. -->","yoast_head_json":{"title":"Nichtfinanzielle Berichterstattung \u2013 erstellt vom IR-Spezialisten - cometis","description":"Nachhaltigkeit gewinnt am Kapitalmarkt immer mehr an Bedeutung. Die nichtfinanzielle Berichterstattung wird deshalb immer wichtiger.","robots":{"index":"index","follow":"follow","max-snippet":"max-snippet:-1","max-image-preview":"max-image-preview:large","max-video-preview":"max-video-preview:-1"},"canonical":"https:\/\/www.cometis.de\/de\/services\/investor-relations\/geschaeftsbericht\/nichtfinanzielle-berichterstattung\/","og_locale":"de_DE","og_type":"article","og_title":"Nichtfinanzielle Berichterstattung","og_description":"Nachhaltigkeit gewinnt am Kapitalmarkt immer mehr an Bedeutung. Die nichtfinanzielle Berichterstattung wird deshalb immer wichtiger.","og_url":"https:\/\/www.cometis.de\/de\/services\/investor-relations\/geschaeftsbericht\/nichtfinanzielle-berichterstattung\/","og_site_name":"cometis AG","article_modified_time":"2025-02-18T05:45:23+00:00","og_image":[{"url":"https:\/\/sp-ao.shortpixel.ai\/client\/to_webp,q_lossy,ret_img,w_20,h_20\/https:\/\/cometis.de\/wp-content\/uploads\/2019\/06\/press-release-4.png","type":"","width":"","height":""}],"twitter_card":"summary_large_image","twitter_misc":{"Gesch\u00e4tzte Lesezeit":"3\u00a0Minuten"},"schema":{"@context":"https:\/\/schema.org","@graph":[{"@type":"WebPage","@id":"https:\/\/www.cometis.de\/de\/services\/investor-relations\/geschaeftsbericht\/nichtfinanzielle-berichterstattung\/","url":"https:\/\/www.cometis.de\/de\/services\/investor-relations\/geschaeftsbericht\/nichtfinanzielle-berichterstattung\/","name":"Nichtfinanzielle Berichterstattung \u2013 erstellt vom IR-Spezialisten - cometis","isPartOf":{"@id":"https:\/\/www.cometis.de\/de\/#website"},"primaryImageOfPage":{"@id":"https:\/\/www.cometis.de\/de\/services\/investor-relations\/geschaeftsbericht\/nichtfinanzielle-berichterstattung\/#primaryimage"},"image":{"@id":"https:\/\/www.cometis.de\/de\/services\/investor-relations\/geschaeftsbericht\/nichtfinanzielle-berichterstattung\/#primaryimage"},"thumbnailUrl":"https:\/\/sp-ao.shortpixel.ai\/client\/to_webp,q_lossy,ret_img,w_20,h_20\/https:\/\/cometis.de\/wp-content\/uploads\/2019\/06\/press-release-4.png","datePublished":"2025-01-22T06:34:30+00:00","dateModified":"2025-02-18T05:45:23+00:00","description":"Nachhaltigkeit gewinnt am Kapitalmarkt immer mehr an Bedeutung. Die nichtfinanzielle Berichterstattung wird deshalb immer wichtiger.","breadcrumb":{"@id":"https:\/\/www.cometis.de\/de\/services\/investor-relations\/geschaeftsbericht\/nichtfinanzielle-berichterstattung\/#breadcrumb"},"inLanguage":"de","potentialAction":[{"@type":"ReadAction","target":["https:\/\/www.cometis.de\/de\/services\/investor-relations\/geschaeftsbericht\/nichtfinanzielle-berichterstattung\/"]}]},{"@type":"ImageObject","inLanguage":"de","@id":"https:\/\/www.cometis.de\/de\/services\/investor-relations\/geschaeftsbericht\/nichtfinanzielle-berichterstattung\/#primaryimage","url":"https:\/\/sp-ao.shortpixel.ai\/client\/to_webp,q_lossy,ret_img,w_20,h_20\/https:\/\/cometis.de\/wp-content\/uploads\/2019\/06\/press-release-4.png","contentUrl":"https:\/\/sp-ao.shortpixel.ai\/client\/to_webp,q_lossy,ret_img,w_20,h_20\/https:\/\/cometis.de\/wp-content\/uploads\/2019\/06\/press-release-4.png"},{"@type":"BreadcrumbList","@id":"https:\/\/www.cometis.de\/de\/services\/investor-relations\/geschaeftsbericht\/nichtfinanzielle-berichterstattung\/#breadcrumb","itemListElement":[{"@type":"ListItem","position":1,"name":"Home","item":"https:\/\/www.cometis.de\/de\/"},{"@type":"ListItem","position":2,"name":"Services","item":"https:\/\/www.cometis.de\/de\/services\/"},{"@type":"ListItem","position":3,"name":"Investor Relations","item":"https:\/\/www.cometis.de\/de\/services\/investor-relations\/"},{"@type":"ListItem","position":4,"name":"Gesch\u00e4ftsbericht","item":"https:\/\/www.cometis.de\/de\/services\/investor-relations\/geschaeftsbericht\/"},{"@type":"ListItem","position":5,"name":"Nichtfinanzielle Berichterstattung"}]},{"@type":"WebSite","@id":"https:\/\/www.cometis.de\/de\/#website","url":"https:\/\/www.cometis.de\/de\/","name":"cometis AG","description":"Deutschlands f\u00fchrende Investor Relations Agentur","publisher":{"@id":"https:\/\/www.cometis.de\/de\/#organization"},"potentialAction":[{"@type":"SearchAction","target":{"@type":"EntryPoint","urlTemplate":"https:\/\/www.cometis.de\/de\/?s={search_term_string}"},"query-input":{"@type":"PropertyValueSpecification","valueRequired":true,"valueName":"search_term_string"}}],"inLanguage":"de"},{"@type":"Organization","@id":"https:\/\/www.cometis.de\/de\/#organization","name":"cometis AG","alternateName":"Deutschlands f\u00fchrende Investor Relations Agentur","url":"https:\/\/www.cometis.de\/de\/","logo":{"@type":"ImageObject","inLanguage":"de","@id":"https:\/\/www.cometis.de\/de\/#\/schema\/logo\/image\/","url":"https:\/\/www.cometis.de\/wp-content\/uploads\/2024\/12-old\/Cometis-Mobile-Logo-1.png","contentUrl":"https:\/\/www.cometis.de\/wp-content\/uploads\/2024\/12-old\/Cometis-Mobile-Logo-1.png","width":171,"height":31,"caption":"cometis AG"},"image":{"@id":"https:\/\/www.cometis.de\/de\/#\/schema\/logo\/image\/"},"sameAs":["https:\/\/www.linkedin.com\/company\/cometis-ag\/","https:\/\/www.youtube.com\/user\/cometisAG"]}]}},"_links":{"self":[{"href":"https:\/\/www.cometis.de\/de\/wp-json\/wp\/v2\/pages\/4193","targetHints":{"allow":["GET"]}}],"collection":[{"href":"https:\/\/www.cometis.de\/de\/wp-json\/wp\/v2\/pages"}],"about":[{"href":"https:\/\/www.cometis.de\/de\/wp-json\/wp\/v2\/types\/page"}],"author":[{"embeddable":true,"href":"https:\/\/www.cometis.de\/de\/wp-json\/wp\/v2\/users\/1"}],"replies":[{"embeddable":true,"href":"https:\/\/www.cometis.de\/de\/wp-json\/wp\/v2\/comments?post=4193"}],"version-history":[{"count":3,"href":"https:\/\/www.cometis.de\/de\/wp-json\/wp\/v2\/pages\/4193\/revisions"}],"predecessor-version":[{"id":107455,"href":"https:\/\/www.cometis.de\/de\/wp-json\/wp\/v2\/pages\/4193\/revisions\/107455"}],"up":[{"embeddable":true,"href":"https:\/\/www.cometis.de\/de\/wp-json\/wp\/v2\/pages\/4176"}],"wp:attachment":[{"href":"https:\/\/www.cometis.de\/de\/wp-json\/wp\/v2\/media?parent=4193"}],"curies":[{"name":"wp","href":"https:\/\/api.w.org\/{rel}","templated":true}]}}