{"id":4300,"date":"2025-01-22T10:48:27","date_gmt":"2025-01-22T09:48:27","guid":{"rendered":"https:\/\/cometis.de\/?page_id=4300"},"modified":"2025-02-18T07:00:43","modified_gmt":"2025-02-18T06:00:43","slug":"mergers-acquisitions","status":"publish","type":"page","link":"https:\/\/www.cometis.de\/de\/services\/mergers-acquisitions\/","title":{"rendered":"Mergers &amp; Acquisitions"},"content":{"rendered":"\t\t<div data-elementor-type=\"wp-page\" data-elementor-id=\"4300\" class=\"elementor elementor-4300\" data-elementor-post-type=\"page\">\n\t\t\t\t<div class=\"elementor-element elementor-element-95c5fa3 e-flex e-con-boxed e-con e-parent\" data-id=\"95c5fa3\" data-element_type=\"container\" data-e-type=\"container\">\n\t\t\t\t\t<div class=\"e-con-inner\">\n\t\t\t\t<div class=\"elementor-element elementor-element-06517ca elementor-widget elementor-widget-template\" data-id=\"06517ca\" data-element_type=\"widget\" data-e-type=\"widget\" data-widget_type=\"template.default\">\n\t\t\t\t<div class=\"elementor-widget-container\">\n\t\t\t\t\t\t\t<div class=\"elementor-template\">\n\t\t\t\t\t<div data-elementor-type=\"section\" data-elementor-id=\"766\" class=\"elementor elementor-766\" data-elementor-post-type=\"elementor_library\">\n\t\t\t<div class=\"elementor-element elementor-element-1f34e34 e-flex e-con-boxed e-con e-parent\" data-id=\"1f34e34\" data-element_type=\"container\" data-e-type=\"container\">\n\t\t\t\t\t<div class=\"e-con-inner\">\n\t\t<div class=\"elementor-element elementor-element-e68c844 e-con-full e-flex e-con e-child\" data-id=\"e68c844\" data-element_type=\"container\" data-e-type=\"container\" data-settings=\"{&quot;background_background&quot;:&quot;classic&quot;}\">\n\t\t\t\t<\/div>\n\t\t<div class=\"elementor-element elementor-element-b7dac6f e-con-full e-flex e-con e-child\" data-id=\"b7dac6f\" data-element_type=\"container\" data-e-type=\"container\">\n\t\t\t\t<div class=\"elementor-element elementor-element-ce54cc3 elementor-align-left elementor-widget elementor-widget-breadcrumbs\" data-id=\"ce54cc3\" data-element_type=\"widget\" data-e-type=\"widget\" data-widget_type=\"breadcrumbs.default\">\n\t\t\t\t<div class=\"elementor-widget-container\">\n\t\t\t\t\t<div id=\"breadcrumbs\"><span><span><a href=\"https:\/\/www.cometis.de\/de\/\">Home<\/a><\/span><\/span><\/div>\t\t\t\t<\/div>\n\t\t\t\t<\/div>\n\t\t\t\t<\/div>\n\t\t\t\t\t<\/div>\n\t\t\t\t<\/div>\n\t\t\t\t<\/div>\n\t\t\t\t<\/div>\n\t\t\t\t\t\t<\/div>\n\t\t\t\t<\/div>\n\t\t\t\t\t<\/div>\n\t\t\t\t<\/div>\n\t\t<div class=\"elementor-element elementor-element-8101e0d cmn-sidebar-content e-flex e-con-boxed e-con e-parent\" data-id=\"8101e0d\" data-element_type=\"container\" data-e-type=\"container\" data-settings=\"{&quot;background_background&quot;:&quot;classic&quot;,&quot;background_motion_fx_motion_fx_scrolling&quot;:&quot;yes&quot;,&quot;background_motion_fx_translateY_effect&quot;:&quot;yes&quot;,&quot;background_motion_fx_translateY_speed&quot;:{&quot;unit&quot;:&quot;px&quot;,&quot;size&quot;:2,&quot;sizes&quot;:[]},&quot;background_motion_fx_translateY_direction&quot;:&quot;negative&quot;,&quot;background_motion_fx_translateY_affectedRange&quot;:{&quot;unit&quot;:&quot;%&quot;,&quot;size&quot;:&quot;&quot;,&quot;sizes&quot;:{&quot;start&quot;:0,&quot;end&quot;:100}},&quot;background_motion_fx_devices&quot;:[&quot;desktop&quot;,&quot;tablet&quot;,&quot;mobile&quot;]}\">\n\t\t\t\t\t<div class=\"e-con-inner\">\n\t\t<div class=\"elementor-element elementor-element-474b406 e-con-full cmn-sidebar-content p-100 e-flex e-con e-child\" data-id=\"474b406\" data-element_type=\"container\" data-e-type=\"container\">\n\t\t<div class=\"elementor-element elementor-element-43c3aa2 e-con-full cmn-content-box e-flex e-con e-child\" data-id=\"43c3aa2\" data-element_type=\"container\" data-e-type=\"container\">\n\t\t<div class=\"elementor-element elementor-element-6d1d015 e-con-full cmn-content-box-container e-flex e-con e-child\" data-id=\"6d1d015\" data-element_type=\"container\" data-e-type=\"container\">\n\t\t\t\t<div class=\"elementor-element elementor-element-ae0aa70 elementor-widget elementor-widget-heading\" data-id=\"ae0aa70\" data-element_type=\"widget\" data-e-type=\"widget\" data-widget_type=\"heading.default\">\n\t\t\t\t<div class=\"elementor-widget-container\">\n\t\t\t\t\t<h2 class=\"elementor-heading-title elementor-size-default\">M&amp;A \u201eK\u00f6nigsdisziplin\u201c im Corporate Finance<\/h2>\t\t\t\t<\/div>\n\t\t\t\t<\/div>\n\t\t\t\t<div class=\"elementor-element elementor-element-11d37ba elementor-widget elementor-widget-text-editor\" data-id=\"11d37ba\" data-element_type=\"widget\" data-e-type=\"widget\" data-widget_type=\"text-editor.default\">\n\t\t\t\t<div class=\"elementor-widget-container\">\n\t\t\t\t\t\t\t\t\t<p>Mit dem Begriff M&amp;A wird im Wesentlichen eine Fusion oder eine Verschmelzung zweier Unternehmen zu einer rechtlichen und wirtschaftlichen Einheit (Merger) bzw. der Erwerb von Unternehmenseinheiten oder eines ganzen Unternehmens (Acquisition) bezeichnet. M&amp;A-Aktivit\u00e4ten werden gerne als die \u201eK\u00f6nigsdisziplin\u201c im Investmentbanking bzw. der Corporate Finance bezeichnet. In der Regel geschieht dies im Rahmen eines organisierten Prozesses unter Einbeziehung mehrerer interner und externer Spezialisten. Mit unserer langj\u00e4hrigen Erfahrung aus unterschiedlichen Transaktionen unterst\u00fctzt Sie cometis mit einem breiten Leistungsspektrum bei Ihrer M&amp;A-Transaktion.<\/p><p>Sie haben die M\u00f6glichkeit unseren Praxisleitfaden \u201e<a href=\"https:\/\/cometis-publishing.de\/shop\/praxis-leitfaden-corporate-finance\/\">Corporate Finance<\/a>\u201e\u00a0zu bestellen, um Ihr fundiertes Wissen zu erweitern!<\/p>\t\t\t\t\t\t\t\t<\/div>\n\t\t\t\t<\/div>\n\t\t\t\t<div class=\"elementor-element elementor-element-68391b5 cmn-content-box-btn elementor-widget elementor-widget-button\" data-id=\"68391b5\" data-element_type=\"widget\" data-e-type=\"widget\" data-widget_type=\"button.default\">\n\t\t\t\t<div class=\"elementor-widget-container\">\n\t\t\t\t\t\t\t\t\t<div class=\"elementor-button-wrapper\">\n\t\t\t\t\t<a class=\"elementor-button elementor-button-link elementor-size-sm\" href=\"\/de\/cometis-ag\/referenzen\/mergers-and-acquisitions-referenzen\">\n\t\t\t\t\t\t<span class=\"elementor-button-content-wrapper\">\n\t\t\t\t\t\t<span class=\"elementor-button-icon\">\n\t\t\t\t<svg aria-hidden=\"true\" class=\"e-font-icon-svg e-fas-chevron-right\" viewBox=\"0 0 320 512\" xmlns=\"http:\/\/www.w3.org\/2000\/svg\"><path d=\"M285.476 272.971L91.132 467.314c-9.373 9.373-24.569 9.373-33.941 0l-22.667-22.667c-9.357-9.357-9.375-24.522-.04-33.901L188.505 256 34.484 101.255c-9.335-9.379-9.317-24.544.04-33.901l22.667-22.667c9.373-9.373 24.569-9.373 33.941 0L285.475 239.03c9.373 9.372 9.373 24.568.001 33.941z\"><\/path><\/svg>\t\t\t<\/span>\n\t\t\t\t\t\t\t\t\t<span class=\"elementor-button-text\">Unsere Referenzen<\/span>\n\t\t\t\t\t<\/span>\n\t\t\t\t\t<\/a>\n\t\t\t\t<\/div>\n\t\t\t\t\t\t\t\t<\/div>\n\t\t\t\t<\/div>\n\t\t\t\t<\/div>\n\t\t<div class=\"elementor-element elementor-element-cd8e0e8 e-con-full cmn-content-box-container e-flex e-con e-child\" data-id=\"cd8e0e8\" data-element_type=\"container\" data-e-type=\"container\">\n\t\t\t\t<div class=\"elementor-element elementor-element-c9212f3 elementor-widget elementor-widget-heading\" data-id=\"c9212f3\" data-element_type=\"widget\" data-e-type=\"widget\" data-widget_type=\"heading.default\">\n\t\t\t\t<div class=\"elementor-widget-container\">\n\t\t\t\t\t<h2 class=\"elementor-heading-title elementor-size-default\">Unternehmenspotenziale mit Mergers &amp; Acquisitions nutzen<\/h2>\t\t\t\t<\/div>\n\t\t\t\t<\/div>\n\t\t\t\t<div class=\"elementor-element elementor-element-ca67499 elementor-widget elementor-widget-text-editor\" data-id=\"ca67499\" data-element_type=\"widget\" data-e-type=\"widget\" data-widget_type=\"text-editor.default\">\n\t\t\t\t<div class=\"elementor-widget-container\">\n\t\t\t\t\t\t\t\t\t<p>F\u00fcr den Verkauf eines Unternehmens oder eines Gesch\u00e4ftsbereiches kann es verschiedene Motive geben. Beispielsweise kann sich die Strategie eines Unternehmens im Laufe der Zeit \u00e4ndern, so dass einige Gesch\u00e4ftsbereiche einfach nicht mehr zum Gesamtunternehmen passen. Aber auch den Verkauf von Unternehmen im Zuge einer nachhaltigen Nachfolgeregelung umfasst der Begriff M&amp;A.<br \/>Auf der K\u00e4uferseite sind Akquisitionen oft das Ergebnis einer sogenannten \u201ebuy or build\u201c Entscheidung. Statt einen Gesch\u00e4ftsbereich komplett neu aufzubauen, kann es vorteilhafter sein, ein bestehendes, strategisch erg\u00e4nzendes Gesch\u00e4ft zuzukaufen. Gleichzeitig ist Wachstum durch Zuk\u00e4ufe in der Regel deutlich schneller zu realisieren als rein organisches Wachstum. Unternehmerisches Wachstum, Erschlie\u00dfung neuer M\u00e4rkte, Erweiterung des Produktportfolios \u2013 all dies sind m\u00f6gliche Gr\u00fcnde f\u00fcr Anteils- oder Firmen\u00fcbernahmen.<\/p>\t\t\t\t\t\t\t\t<\/div>\n\t\t\t\t<\/div>\n\t\t\t\t<\/div>\n\t\t<div class=\"elementor-element elementor-element-a4ac659 e-con-full cmn-content-box-container e-flex e-con e-child\" data-id=\"a4ac659\" data-element_type=\"container\" data-e-type=\"container\">\n\t\t\t\t<div class=\"elementor-element elementor-element-8e28d82 elementor-widget elementor-widget-heading\" data-id=\"8e28d82\" data-element_type=\"widget\" data-e-type=\"widget\" data-widget_type=\"heading.default\">\n\t\t\t\t<div class=\"elementor-widget-container\">\n\t\t\t\t\t<h2 class=\"elementor-heading-title elementor-size-default\">Den M&amp;A-Prozess im Blick haben<\/h2>\t\t\t\t<\/div>\n\t\t\t\t<\/div>\n\t\t\t\t<div class=\"elementor-element elementor-element-194d5e6 elementor-widget elementor-widget-text-editor\" data-id=\"194d5e6\" data-element_type=\"widget\" data-e-type=\"widget\" data-widget_type=\"text-editor.default\">\n\t\t\t\t<div class=\"elementor-widget-container\">\n\t\t\t\t\t\t\t\t\t<p>Der M&amp;A-Prozess beginnt f\u00fcr gew\u00f6hnlich mit der Suche nach geeigneten Zielunternehmen. Sofern ein Target gefunden ist, erfolgt die Bewertung des \u00dcbernahmekandidaten (\u201edue diligence\u201c). Falls sich strategische Vorteile und Synergien identifizieren lassen, folgen Verhandlungen mit den Gesellschaftern und\/oder dem Management des Targets. Ein Letter of Intent kann die Absicht der beiden Parteien bekr\u00e4ftigen, diese Transaktion erfolgreich durchf\u00fchren zu wollen. Die beidseitige Vertragsgestaltung wird von Anwaltskanzleien, Wirtschaftspr\u00fcfern, Unternehmensberatern oder M&amp;A- und Corporate Finance-Beratern begleitet. Neben der Festsetzung des Kaufpreises werden dabei auch die Art des Anteilserwerbs, die Zahlungsweise sowie die Bereitstellung der notwendigen finanziellen Ressourcen festgelegt. Nach Kaufabwicklung sorgt beim Investor das Beteiligungscontrolling f\u00fcr eine permanente \u00dcberwachung der Entwicklung des Targets.<\/p><p>Sie haben die M\u00f6glichkeit unser Buch &#8222;<a href=\"https:\/\/cometis-publishing.de\/shop\/unternehmensbewertung\/\">Unternehmensbewertung<\/a>&#8220; zu bestellen!<\/p>\t\t\t\t\t\t\t\t<\/div>\n\t\t\t\t<\/div>\n\t\t\t\t<\/div>\n\t\t<div class=\"elementor-element elementor-element-02e5d34 e-con-full cmn-content-box-container e-flex e-con e-child\" data-id=\"02e5d34\" data-element_type=\"container\" data-e-type=\"container\">\n\t\t\t\t<div class=\"elementor-element elementor-element-ca3bfb9 elementor-widget elementor-widget-heading\" data-id=\"ca3bfb9\" data-element_type=\"widget\" data-e-type=\"widget\" data-widget_type=\"heading.default\">\n\t\t\t\t<div class=\"elementor-widget-container\">\n\t\t\t\t\t<h2 class=\"elementor-heading-title elementor-size-default\">Durch M&amp;A-Strategie Wettbewerbsvorteile verschaffen<\/h2>\t\t\t\t<\/div>\n\t\t\t\t<\/div>\n\t\t\t\t<div class=\"elementor-element elementor-element-4aa2070 elementor-widget elementor-widget-text-editor\" data-id=\"4aa2070\" data-element_type=\"widget\" data-e-type=\"widget\" data-widget_type=\"text-editor.default\">\n\t\t\t\t<div class=\"elementor-widget-container\">\n\t\t\t\t\t\t\t\t\t<p>Empirische Studien zeigen, dass mehr als 50 Prozent der M&amp;A-Transaktionen nicht den gew\u00fcnschten Wertzuwachs und Renditeerfolg f\u00fcr die Anteilseigner mit sich bringen. Dennoch sind sie nach wie vor ein wichtiger Teil der langfristigen Wertschaffungsstrategie eines Unternehmens. Eine gut durchdachte <a href=\"https:\/\/www.cometis.de\/de\/services\/mergers-acquisitions\/kommunikationsstrategie\/\">M&amp;A-Strategie<\/a> kann \u2013 gerade in wirtschaftlich turbulenten Zeiten \u2013 zu entscheidenden Wettbewerbsvorteilen f\u00fchren.<br \/>Um einer Fusion oder \u00dcbernahme zum Erfolg zu verhelfen, ist die richtige Kommunikation auschlaggebend. Als kompetenter Partner mit langj\u00e4hriger Erfahrung in der Beratung von M&amp;A-Transaktionen entwickeln wir mit Ihnen zusammen einen <a href=\"https:\/\/www.cometis.de\/de\/services\/mergers-acquisitions\/kundenkommunikation\/\">strategischen Kommunikationsplan<\/a>, der nicht nur inhaltliche und rechtliche, sondern auch operative Aspekte ber\u00fccksichtigt. Klar definierte Kernbotschaften, Argumente und Ziele der Kommunikation w\u00e4hrend des Transaktionsprozesses, um erfolgreich mit jeder beteiligten Interessensgruppe zu kommunizieren.<\/p>\t\t\t\t\t\t\t\t<\/div>\n\t\t\t\t<\/div>\n\t\t\t\t<\/div>\n\t\t<div class=\"elementor-element elementor-element-da6f319 e-con-full cmn-content-box-container e-flex e-con e-child\" data-id=\"da6f319\" data-element_type=\"container\" data-e-type=\"container\">\n\t\t\t\t<div class=\"elementor-element elementor-element-abb3265 elementor-widget elementor-widget-heading\" data-id=\"abb3265\" data-element_type=\"widget\" data-e-type=\"widget\" data-widget_type=\"heading.default\">\n\t\t\t\t<div class=\"elementor-widget-container\">\n\t\t\t\t\t<h2 class=\"elementor-heading-title elementor-size-default\">Unser Leistungsspektrum beim M&amp;A-Prozess<\/h2>\t\t\t\t<\/div>\n\t\t\t\t<\/div>\n\t\t\t\t<div class=\"elementor-element elementor-element-c65be36 custom-list elementor-widget elementor-widget-text-editor\" data-id=\"c65be36\" data-element_type=\"widget\" data-e-type=\"widget\" data-widget_type=\"text-editor.default\">\n\t\t\t\t<div class=\"elementor-widget-container\">\n\t\t\t\t\t\t\t\t\t<ul><li>Strategische Kommunikationsberatung<\/li><li>Unterst\u00fctzung bei der Entwicklung der M oder A Story<\/li><li>Interims-Pressesprecher<\/li><li>Unterst\u00fctzung bei der Cultural Due Diligence<\/li><li>Umfassendes Projektmanagement der Kommunikation<\/li><li>Konzeption und Koordination aller Kommunikations- und Werbema\u00dfnahmen<\/li><li>Unterst\u00fctzung bei der Ansprache aller relevanten Zielgruppen (Journalisten, Investoren, Analysten, Rating-Agenturen, Aktion\u00e4rsvertreter, Mitarbeitende, Gewerkschaften, Gesch\u00e4ftspartner und Kunden)<\/li><li>Vorbereitung f\u00fcr den Fall einer vorzeitigen und ungeplanten Ver\u00f6ffentlichung von vertraulichen Informationen (Leakage\/Fallback Strategien)<\/li><li>Kontinuierliche Beobachtung und Auswertung der Medien<\/li><li>Analyse der Wahrnehmung durch Presse, Investoren und Analysten (Qualitative Resonanzanalyse)<\/li><li>Analyse der Transaktionsziele und m\u00f6glicher Szenarien<\/li><li>Analyse der Aktion\u00e4rsstruktur<\/li><li>Erstellen von Informationsmaterialien<\/li><li>Konzeption von Online-Aktivit\u00e4ten<\/li><li>Vorbereitung auf den Angriffsfall mit freundlichem und feindlichem Verlauf<\/li><li>Management Coaching, Pr\u00e4sentations- und Medientrainings, Frage- und Antwortkataloge (faire\/unfaire Dialektik)<\/li><li>Post-M&amp;A-Kommunikation zur Integration der Unternehmen (Post-Merger Integration)<\/li><\/ul>\t\t\t\t\t\t\t\t<\/div>\n\t\t\t\t<\/div>\n\t\t\t\t<\/div>\n\t\t\t\t<\/div>\n\t\t\t\t<\/div>\n\t\t\t\t\t<\/div>\n\t\t\t\t<\/div>\n\t\t\t\t<\/div>\n\t\t","protected":false},"excerpt":{"rendered":"<p>M&amp;A \u201eK\u00f6nigsdisziplin\u201c im Corporate Finance Mit dem Begriff M&amp;A wird im Wesentlichen eine Fusion oder eine Verschmelzung zweier Unternehmen zu einer rechtlichen und wirtschaftlichen Einheit (Merger) bzw. der Erwerb von Unternehmenseinheiten oder eines ganzen Unternehmens (Acquisition) bezeichnet. M&amp;A-Aktivit\u00e4ten werden gerne als die \u201eK\u00f6nigsdisziplin\u201c im Investmentbanking bzw. der Corporate Finance bezeichnet. In der Regel geschieht dies [&hellip;]<\/p>\n","protected":false},"author":1,"featured_media":0,"parent":778,"menu_order":0,"comment_status":"closed","ping_status":"open","template":"","meta":{"_acf_changed":false,"footnotes":""},"class_list":["post-4300","page","type-page","status-publish","hentry"],"acf":[],"yoast_head":"<!-- This site is optimized with the Yoast SEO Premium plugin v26.2 (Yoast SEO v27.4) - https:\/\/yoast.com\/product\/yoast-seo-premium-wordpress\/ -->\n<title>M&amp;A \u2013 Bei M&amp;A-Transaktionen professionell kommunizieren | cometis AG<\/title>\n<meta name=\"description\" content=\"cometis sichert Ihre M&amp;A-Transaktionen mit einem strategischen Kommunikationsplan ab und sorgt so f\u00fcr den Erfolg Ihrer Mergers &amp; Acquisitions.\" \/>\n<meta name=\"robots\" content=\"index, follow, max-snippet:-1, max-image-preview:large, max-video-preview:-1\" \/>\n<link rel=\"canonical\" href=\"https:\/\/www.cometis.de\/de\/services\/mergers-acquisitions\/\" \/>\n<meta property=\"og:locale\" content=\"de_DE\" \/>\n<meta property=\"og:type\" content=\"article\" \/>\n<meta property=\"og:title\" content=\"Mergers &amp; Acquisitions\" \/>\n<meta property=\"og:description\" content=\"cometis sichert Ihre M&amp;A-Transaktionen mit einem strategischen Kommunikationsplan ab und sorgt so f\u00fcr den Erfolg Ihrer Mergers &amp; Acquisitions.\" \/>\n<meta property=\"og:url\" content=\"https:\/\/www.cometis.de\/de\/services\/mergers-acquisitions\/\" \/>\n<meta property=\"og:site_name\" content=\"cometis AG\" \/>\n<meta property=\"article:modified_time\" content=\"2025-02-18T06:00:43+00:00\" \/>\n<meta property=\"og:image\" content=\"https:\/\/www.cometis.de\/wp-content\/uploads\/2024\/12-old\/Cometis-Mobile-Logo-1.png\" \/>\n\t<meta property=\"og:image:width\" content=\"171\" \/>\n\t<meta property=\"og:image:height\" content=\"31\" \/>\n\t<meta property=\"og:image:type\" content=\"image\/png\" \/>\n<meta name=\"twitter:card\" content=\"summary_large_image\" \/>\n<meta name=\"twitter:label1\" content=\"Gesch\u00e4tzte Lesezeit\" \/>\n\t<meta name=\"twitter:data1\" content=\"4\u00a0Minuten\" \/>\n<script type=\"application\/ld+json\" class=\"yoast-schema-graph\">{\"@context\":\"https:\\\/\\\/schema.org\",\"@graph\":[{\"@type\":\"WebPage\",\"@id\":\"https:\\\/\\\/www.cometis.de\\\/de\\\/services\\\/mergers-acquisitions\\\/\",\"url\":\"https:\\\/\\\/www.cometis.de\\\/de\\\/services\\\/mergers-acquisitions\\\/\",\"name\":\"M&A \u2013 Bei M&A-Transaktionen professionell kommunizieren | cometis AG\",\"isPartOf\":{\"@id\":\"https:\\\/\\\/www.cometis.de\\\/de\\\/#website\"},\"datePublished\":\"2025-01-22T09:48:27+00:00\",\"dateModified\":\"2025-02-18T06:00:43+00:00\",\"description\":\"cometis sichert Ihre M&A-Transaktionen mit einem strategischen Kommunikationsplan ab und sorgt so f\u00fcr den Erfolg Ihrer Mergers & Acquisitions.\",\"breadcrumb\":{\"@id\":\"https:\\\/\\\/www.cometis.de\\\/de\\\/services\\\/mergers-acquisitions\\\/#breadcrumb\"},\"inLanguage\":\"de\",\"potentialAction\":[{\"@type\":\"ReadAction\",\"target\":[\"https:\\\/\\\/www.cometis.de\\\/de\\\/services\\\/mergers-acquisitions\\\/\"]}]},{\"@type\":\"BreadcrumbList\",\"@id\":\"https:\\\/\\\/www.cometis.de\\\/de\\\/services\\\/mergers-acquisitions\\\/#breadcrumb\",\"itemListElement\":[{\"@type\":\"ListItem\",\"position\":1,\"name\":\"Home\",\"item\":\"https:\\\/\\\/www.cometis.de\\\/de\\\/\"},{\"@type\":\"ListItem\",\"position\":2,\"name\":\"Services\",\"item\":\"https:\\\/\\\/www.cometis.de\\\/de\\\/services\\\/\"},{\"@type\":\"ListItem\",\"position\":3,\"name\":\"Mergers &amp; Acquisitions\"}]},{\"@type\":\"WebSite\",\"@id\":\"https:\\\/\\\/www.cometis.de\\\/de\\\/#website\",\"url\":\"https:\\\/\\\/www.cometis.de\\\/de\\\/\",\"name\":\"cometis AG\",\"description\":\"Deutschlands f\u00fchrende Investor Relations Agentur\",\"publisher\":{\"@id\":\"https:\\\/\\\/www.cometis.de\\\/de\\\/#organization\"},\"potentialAction\":[{\"@type\":\"SearchAction\",\"target\":{\"@type\":\"EntryPoint\",\"urlTemplate\":\"https:\\\/\\\/www.cometis.de\\\/de\\\/?s={search_term_string}\"},\"query-input\":{\"@type\":\"PropertyValueSpecification\",\"valueRequired\":true,\"valueName\":\"search_term_string\"}}],\"inLanguage\":\"de\"},{\"@type\":\"Organization\",\"@id\":\"https:\\\/\\\/www.cometis.de\\\/de\\\/#organization\",\"name\":\"cometis AG\",\"alternateName\":\"Deutschlands f\u00fchrende Investor Relations Agentur\",\"url\":\"https:\\\/\\\/www.cometis.de\\\/de\\\/\",\"logo\":{\"@type\":\"ImageObject\",\"inLanguage\":\"de\",\"@id\":\"https:\\\/\\\/www.cometis.de\\\/de\\\/#\\\/schema\\\/logo\\\/image\\\/\",\"url\":\"https:\\\/\\\/www.cometis.de\\\/wp-content\\\/uploads\\\/2024\\\/12-old\\\/Cometis-Mobile-Logo-1.png\",\"contentUrl\":\"https:\\\/\\\/www.cometis.de\\\/wp-content\\\/uploads\\\/2024\\\/12-old\\\/Cometis-Mobile-Logo-1.png\",\"width\":171,\"height\":31,\"caption\":\"cometis AG\"},\"image\":{\"@id\":\"https:\\\/\\\/www.cometis.de\\\/de\\\/#\\\/schema\\\/logo\\\/image\\\/\"},\"sameAs\":[\"https:\\\/\\\/www.linkedin.com\\\/company\\\/cometis-ag\\\/\",\"https:\\\/\\\/www.youtube.com\\\/user\\\/cometisAG\"]}]}<\/script>\n<!-- \/ Yoast SEO Premium plugin. -->","yoast_head_json":{"title":"M&A \u2013 Bei M&A-Transaktionen professionell kommunizieren | cometis AG","description":"cometis sichert Ihre M&A-Transaktionen mit einem strategischen Kommunikationsplan ab und sorgt so f\u00fcr den Erfolg Ihrer Mergers & Acquisitions.","robots":{"index":"index","follow":"follow","max-snippet":"max-snippet:-1","max-image-preview":"max-image-preview:large","max-video-preview":"max-video-preview:-1"},"canonical":"https:\/\/www.cometis.de\/de\/services\/mergers-acquisitions\/","og_locale":"de_DE","og_type":"article","og_title":"Mergers &amp; Acquisitions","og_description":"cometis sichert Ihre M&A-Transaktionen mit einem strategischen Kommunikationsplan ab und sorgt so f\u00fcr den Erfolg Ihrer Mergers & Acquisitions.","og_url":"https:\/\/www.cometis.de\/de\/services\/mergers-acquisitions\/","og_site_name":"cometis AG","article_modified_time":"2025-02-18T06:00:43+00:00","og_image":[{"width":171,"height":31,"url":"https:\/\/www.cometis.de\/wp-content\/uploads\/2024\/12-old\/Cometis-Mobile-Logo-1.png","type":"image\/png"}],"twitter_card":"summary_large_image","twitter_misc":{"Gesch\u00e4tzte Lesezeit":"4\u00a0Minuten"},"schema":{"@context":"https:\/\/schema.org","@graph":[{"@type":"WebPage","@id":"https:\/\/www.cometis.de\/de\/services\/mergers-acquisitions\/","url":"https:\/\/www.cometis.de\/de\/services\/mergers-acquisitions\/","name":"M&A \u2013 Bei M&A-Transaktionen professionell kommunizieren | cometis AG","isPartOf":{"@id":"https:\/\/www.cometis.de\/de\/#website"},"datePublished":"2025-01-22T09:48:27+00:00","dateModified":"2025-02-18T06:00:43+00:00","description":"cometis sichert Ihre M&A-Transaktionen mit einem strategischen Kommunikationsplan ab und sorgt so f\u00fcr den Erfolg Ihrer Mergers & Acquisitions.","breadcrumb":{"@id":"https:\/\/www.cometis.de\/de\/services\/mergers-acquisitions\/#breadcrumb"},"inLanguage":"de","potentialAction":[{"@type":"ReadAction","target":["https:\/\/www.cometis.de\/de\/services\/mergers-acquisitions\/"]}]},{"@type":"BreadcrumbList","@id":"https:\/\/www.cometis.de\/de\/services\/mergers-acquisitions\/#breadcrumb","itemListElement":[{"@type":"ListItem","position":1,"name":"Home","item":"https:\/\/www.cometis.de\/de\/"},{"@type":"ListItem","position":2,"name":"Services","item":"https:\/\/www.cometis.de\/de\/services\/"},{"@type":"ListItem","position":3,"name":"Mergers &amp; Acquisitions"}]},{"@type":"WebSite","@id":"https:\/\/www.cometis.de\/de\/#website","url":"https:\/\/www.cometis.de\/de\/","name":"cometis AG","description":"Deutschlands f\u00fchrende Investor Relations Agentur","publisher":{"@id":"https:\/\/www.cometis.de\/de\/#organization"},"potentialAction":[{"@type":"SearchAction","target":{"@type":"EntryPoint","urlTemplate":"https:\/\/www.cometis.de\/de\/?s={search_term_string}"},"query-input":{"@type":"PropertyValueSpecification","valueRequired":true,"valueName":"search_term_string"}}],"inLanguage":"de"},{"@type":"Organization","@id":"https:\/\/www.cometis.de\/de\/#organization","name":"cometis AG","alternateName":"Deutschlands f\u00fchrende Investor Relations Agentur","url":"https:\/\/www.cometis.de\/de\/","logo":{"@type":"ImageObject","inLanguage":"de","@id":"https:\/\/www.cometis.de\/de\/#\/schema\/logo\/image\/","url":"https:\/\/www.cometis.de\/wp-content\/uploads\/2024\/12-old\/Cometis-Mobile-Logo-1.png","contentUrl":"https:\/\/www.cometis.de\/wp-content\/uploads\/2024\/12-old\/Cometis-Mobile-Logo-1.png","width":171,"height":31,"caption":"cometis AG"},"image":{"@id":"https:\/\/www.cometis.de\/de\/#\/schema\/logo\/image\/"},"sameAs":["https:\/\/www.linkedin.com\/company\/cometis-ag\/","https:\/\/www.youtube.com\/user\/cometisAG"]}]}},"_links":{"self":[{"href":"https:\/\/www.cometis.de\/de\/wp-json\/wp\/v2\/pages\/4300","targetHints":{"allow":["GET"]}}],"collection":[{"href":"https:\/\/www.cometis.de\/de\/wp-json\/wp\/v2\/pages"}],"about":[{"href":"https:\/\/www.cometis.de\/de\/wp-json\/wp\/v2\/types\/page"}],"author":[{"embeddable":true,"href":"https:\/\/www.cometis.de\/de\/wp-json\/wp\/v2\/users\/1"}],"replies":[{"embeddable":true,"href":"https:\/\/www.cometis.de\/de\/wp-json\/wp\/v2\/comments?post=4300"}],"version-history":[{"count":4,"href":"https:\/\/www.cometis.de\/de\/wp-json\/wp\/v2\/pages\/4300\/revisions"}],"predecessor-version":[{"id":110350,"href":"https:\/\/www.cometis.de\/de\/wp-json\/wp\/v2\/pages\/4300\/revisions\/110350"}],"up":[{"embeddable":true,"href":"https:\/\/www.cometis.de\/de\/wp-json\/wp\/v2\/pages\/778"}],"wp:attachment":[{"href":"https:\/\/www.cometis.de\/de\/wp-json\/wp\/v2\/media?parent=4300"}],"curies":[{"name":"wp","href":"https:\/\/api.w.org\/{rel}","templated":true}]}}