{"id":4405,"date":"2025-01-22T12:54:47","date_gmt":"2025-01-22T11:54:47","guid":{"rendered":"https:\/\/cometis.de\/?page_id=4405"},"modified":"2025-11-17T11:59:53","modified_gmt":"2025-11-17T10:59:53","slug":"global-esg-monitor","status":"publish","type":"page","link":"https:\/\/www.cometis.de\/de\/services\/esg\/global-esg-monitor\/","title":{"rendered":"Global ESG Monitor"},"content":{"rendered":"\t\t<div data-elementor-type=\"wp-page\" data-elementor-id=\"4405\" class=\"elementor elementor-4405\" data-elementor-post-type=\"page\">\n\t\t\t\t<div class=\"elementor-element elementor-element-c59bc8e e-flex e-con-boxed e-con e-parent\" data-id=\"c59bc8e\" data-element_type=\"container\" data-e-type=\"container\">\n\t\t\t\t\t<div class=\"e-con-inner\">\n\t\t\t\t<div class=\"elementor-element elementor-element-49ab1b6 elementor-widget elementor-widget-template\" data-id=\"49ab1b6\" data-element_type=\"widget\" data-e-type=\"widget\" data-widget_type=\"template.default\">\n\t\t\t\t<div class=\"elementor-widget-container\">\n\t\t\t\t\t\t\t<div class=\"elementor-template\">\n\t\t\t\t\t<div data-elementor-type=\"section\" data-elementor-id=\"766\" class=\"elementor elementor-766\" data-elementor-post-type=\"elementor_library\">\n\t\t\t<div class=\"elementor-element elementor-element-1f34e34 e-flex e-con-boxed e-con e-parent\" data-id=\"1f34e34\" data-element_type=\"container\" data-e-type=\"container\">\n\t\t\t\t\t<div class=\"e-con-inner\">\n\t\t<div class=\"elementor-element elementor-element-e68c844 e-con-full e-flex e-con e-child\" data-id=\"e68c844\" data-element_type=\"container\" data-e-type=\"container\" data-settings=\"{&quot;background_background&quot;:&quot;classic&quot;}\">\n\t\t\t\t<\/div>\n\t\t<div class=\"elementor-element elementor-element-b7dac6f e-con-full e-flex e-con e-child\" data-id=\"b7dac6f\" data-element_type=\"container\" data-e-type=\"container\">\n\t\t\t\t<div class=\"elementor-element elementor-element-ce54cc3 elementor-align-left elementor-widget elementor-widget-breadcrumbs\" data-id=\"ce54cc3\" data-element_type=\"widget\" data-e-type=\"widget\" data-widget_type=\"breadcrumbs.default\">\n\t\t\t\t<div class=\"elementor-widget-container\">\n\t\t\t\t\t<div id=\"breadcrumbs\"><span><span><a href=\"https:\/\/www.cometis.de\/de\/\">Home<\/a><\/span><\/span><\/div>\t\t\t\t<\/div>\n\t\t\t\t<\/div>\n\t\t\t\t<\/div>\n\t\t\t\t\t<\/div>\n\t\t\t\t<\/div>\n\t\t\t\t<\/div>\n\t\t\t\t<\/div>\n\t\t\t\t\t\t<\/div>\n\t\t\t\t<\/div>\n\t\t\t\t\t<\/div>\n\t\t\t\t<\/div>\n\t\t<div class=\"elementor-element elementor-element-caf69ab cmn-sidebar-content e-flex e-con-boxed e-con e-parent\" data-id=\"caf69ab\" data-element_type=\"container\" data-e-type=\"container\" data-settings=\"{&quot;background_background&quot;:&quot;classic&quot;,&quot;background_motion_fx_motion_fx_scrolling&quot;:&quot;yes&quot;,&quot;background_motion_fx_translateY_effect&quot;:&quot;yes&quot;,&quot;background_motion_fx_translateY_speed&quot;:{&quot;unit&quot;:&quot;px&quot;,&quot;size&quot;:2,&quot;sizes&quot;:[]},&quot;background_motion_fx_translateY_direction&quot;:&quot;negative&quot;,&quot;background_motion_fx_translateY_affectedRange&quot;:{&quot;unit&quot;:&quot;%&quot;,&quot;size&quot;:&quot;&quot;,&quot;sizes&quot;:{&quot;start&quot;:0,&quot;end&quot;:100}},&quot;background_motion_fx_devices&quot;:[&quot;desktop&quot;,&quot;tablet&quot;,&quot;mobile&quot;]}\">\n\t\t\t\t\t<div class=\"e-con-inner\">\n\t\t<div class=\"elementor-element elementor-element-021a802 e-con-full cmn-sidebar-content p-100 e-flex e-con e-child\" data-id=\"021a802\" data-element_type=\"container\" data-e-type=\"container\">\n\t\t<div class=\"elementor-element elementor-element-e2099b7 e-con-full cmn-content-box e-flex e-con e-child\" data-id=\"e2099b7\" data-element_type=\"container\" data-e-type=\"container\">\n\t\t<div class=\"elementor-element elementor-element-46ae041 e-con-full cmn-content-box-container e-flex e-con e-child\" data-id=\"46ae041\" data-element_type=\"container\" data-e-type=\"container\">\n\t\t\t\t<div class=\"elementor-element elementor-element-2a22871 elementor-widget elementor-widget-heading\" data-id=\"2a22871\" data-element_type=\"widget\" data-e-type=\"widget\" data-widget_type=\"heading.default\">\n\t\t\t\t<div class=\"elementor-widget-container\">\n\t\t\t\t\t<h2 class=\"elementor-heading-title elementor-size-default\">Unser Partner f\u00fcr Datenanalyse: Der Global ESG Monitor <\/h2>\t\t\t\t<\/div>\n\t\t\t\t<\/div>\n\t\t\t\t<div class=\"elementor-element elementor-element-c153855 elementor-widget elementor-widget-text-editor\" data-id=\"c153855\" data-element_type=\"widget\" data-e-type=\"widget\" data-widget_type=\"text-editor.default\">\n\t\t\t\t<div class=\"elementor-widget-container\">\n\t\t\t\t\t\t\t\t\t<p><strong><span class=\"TextRun SCXW73055888 BCX0\" lang=\"DE-DE\" xml:lang=\"DE-DE\" data-contrast=\"auto\"><span class=\"NormalTextRun SCXW73055888 BCX0\">Transparenz <\/span><span class=\"NormalTextRun SCXW73055888 BCX0\">in <\/span><span class=\"NormalTextRun SCXW73055888 BCX0\">der Nachhaltigkeitsberichterstattung messbar<\/span><span class=\"NormalTextRun SCXW73055888 BCX0\"> machen<\/span><\/span><span class=\"EOP SCXW73055888 BCX0\" data-ccp-props=\"{}\">\u00a0<\/span><\/strong><\/p><p><span class=\"TextRun SCXW179845907 BCX0\" lang=\"DE-DE\" xml:lang=\"DE-DE\" data-contrast=\"auto\"><span class=\"NormalTextRun SCXW179845907 BCX0\">Der Global ESG Monitor <\/span><\/span><span class=\"TextRun SCXW179845907 BCX0\" lang=\"DE-DE\" xml:lang=\"DE-DE\" data-contrast=\"auto\"><span class=\"NormalTextRun SCXW179845907 BCX0\">\u202fist ein internationales Forschungsprojekt, das die Transparenz <\/span><span class=\"NormalTextRun SCXW179845907 BCX0\">der<\/span><span class=\"NormalTextRun SCXW179845907 BCX0\"> nichtfinanziellen Berichterstattung<\/span> <span class=\"NormalTextRun SCXW179845907 BCX0\">analysiert und vergleichbar macht. <\/span><span class=\"NormalTextRun SCXW179845907 BCX0\">Ziel ist es, Unternehmen dabei zu helfen, Ihren Stakeholdern eine bessere ESG-Berichterstattung auf der Grundlage von Fakten und Benchmarks zu bieten.<\/span><\/span><span class=\"EOP SCXW179845907 BCX0\" data-ccp-props=\"{}\">\u00a0<\/span><\/p><p><span class=\"TextRun SCXW162943044 BCX0\" lang=\"DE-DE\" xml:lang=\"DE-DE\" data-contrast=\"auto\"><span class=\"NormalTextRun SCXW162943044 BCX0\">Der GEM <\/span><span class=\"NormalTextRun SCXW162943044 BCX0\">kombiniert dabei die Vorgaben international anerkannter Rahmenwerke und Berichtsstandards mit <\/span><span class=\"NormalTextRun SCXW162943044 BCX0\">den Informationsbed\u00fcrfnissen von Ratingagenturen und relevanten <\/span><span class=\"NormalTextRun SCXW162943044 BCX0\">Stakeholder<\/span><span class=\"NormalTextRun SCXW162943044 BCX0\">n.\u00a0<\/span><\/span><span class=\"EOP SCXW162943044 BCX0\" data-ccp-props=\"{}\">\u00a0<\/span><\/p><p><strong><span class=\"TextRun SCXW39386851 BCX0\" lang=\"DE-DE\" xml:lang=\"DE-DE\" data-contrast=\"auto\"><span class=\"NormalTextRun SCXW39386851 BCX0\">Hier gelangen <\/span><span class=\"NormalTextRun SCXW39386851 BCX0\">Sie <\/span><span class=\"NormalTextRun SCXW39386851 BCX0\">zur Website des <\/span><\/span><a class=\"Hyperlink SCXW39386851 BCX0\" href=\"https:\/\/globalesgmonitor.com\/\" target=\"_blank\" rel=\"noreferrer noopener\"><span class=\"TextRun Underlined SCXW39386851 BCX0\" lang=\"DE-DE\" xml:lang=\"DE-DE\" data-contrast=\"none\"><span class=\"NormalTextRun SCXW39386851 BCX0\" data-ccp-charstyle=\"Hyperlink\">Global ESG Monitor<\/span><\/span><\/a><span class=\"TextRun SCXW39386851 BCX0\" lang=\"DE-DE\" xml:lang=\"DE-DE\" data-contrast=\"auto\"><span class=\"NormalTextRun SCXW39386851 BCX0\">.<\/span><span class=\"NormalTextRun SCXW39386851 BCX0\">\u202f<\/span><\/span><span class=\"EOP SCXW39386851 BCX0\" data-ccp-props=\"{}\">\u00a0<\/span><\/strong><\/p>\t\t\t\t\t\t\t\t<\/div>\n\t\t\t\t<\/div>\n\t\t\t\t<\/div>\n\t\t<div class=\"elementor-element elementor-element-16fd55f e-con-full cmn-content-box-container e-flex e-con e-child\" data-id=\"16fd55f\" data-element_type=\"container\" data-e-type=\"container\">\n\t\t\t\t<div class=\"elementor-element elementor-element-387da7b elementor-widget elementor-widget-image\" data-id=\"387da7b\" data-element_type=\"widget\" data-e-type=\"widget\" data-widget_type=\"image.default\">\n\t\t\t\t<div class=\"elementor-widget-container\">\n\t\t\t\t\t\t\t\t\t\t\t\t\t\t\t<img decoding=\"async\" src=\"https:\/\/www.cometis.de\/wp-content\/uploads\/elementor\/thumbs\/GEM-Abbildung-rdaq99misfpvaenor9hiugcc4qf1d7014q6uy4drig.png\" title=\"GEM Abbildung\" alt=\"Konzentrische Kreise, die veranschaulichen, dass der GEM verschiedenste Nachhaltigkeitsstandards ber\u00fccksichtigt\" loading=\"lazy\" \/>\t\t\t\t\t\t\t\t\t\t\t\t\t\t\t<\/div>\n\t\t\t\t<\/div>\n\t\t\t\t<\/div>\n\t\t<div class=\"elementor-element elementor-element-9e431db e-con-full cmn-content-box-container e-flex e-con e-child\" data-id=\"9e431db\" data-element_type=\"container\" data-e-type=\"container\">\n\t\t\t\t<div class=\"elementor-element elementor-element-69fd233 elementor-widget elementor-widget-text-editor\" data-id=\"69fd233\" data-element_type=\"widget\" data-e-type=\"widget\" data-widget_type=\"text-editor.default\">\n\t\t\t\t<div class=\"elementor-widget-container\">\n\t\t\t\t\t\t\t\t\t<p><b><span data-contrast=\"auto\">Wie wir diese Partnerschaft f\u00fcr Sie nutzen:<\/span><\/b><span data-ccp-props=\"{}\">\u00a0<\/span><\/p><p><span data-contrast=\"auto\">Die tiefgreifende Analyse von Unternehmen in verschiedenen Branchen und Regionen macht es m\u00f6glich, bew\u00e4hrte Verfahren (Best Practices) und sich abzeichnende Branchentrends zuverl\u00e4ssig zu erkennen.<\/span><span data-ccp-props=\"{}\">\u00a0<\/span><\/p><ul><li aria-setsize=\"-1\" data-leveltext=\"\uf0b7\" data-font=\"Symbol\" data-listid=\"1\" data-list-defn-props=\"{&quot;335552541&quot;:1,&quot;335559685&quot;:720,&quot;335559991&quot;:360,&quot;469769226&quot;:&quot;Symbol&quot;,&quot;469769242&quot;:[8226],&quot;469777803&quot;:&quot;left&quot;,&quot;469777804&quot;:&quot;\uf0b7&quot;,&quot;469777815&quot;:&quot;multilevel&quot;}\" data-aria-posinset=\"1\" data-aria-level=\"1\"><span data-contrast=\"auto\">Aus GEM-Ergebnissen leiten wir branchenspezifische KPIs ab, die f\u00fcr bspw. f\u00fcr Investor:innen, Banken und Ratingagenturen relevant sind.<\/span><span data-ccp-props=\"{}\">\u00a0<\/span><\/li><\/ul><ul><li aria-setsize=\"-1\" data-leveltext=\"\uf0b7\" data-font=\"Symbol\" data-listid=\"1\" data-list-defn-props=\"{&quot;335552541&quot;:1,&quot;335559685&quot;:720,&quot;335559991&quot;:360,&quot;469769226&quot;:&quot;Symbol&quot;,&quot;469769242&quot;:[8226],&quot;469777803&quot;:&quot;left&quot;,&quot;469777804&quot;:&quot;\uf0b7&quot;,&quot;469777815&quot;:&quot;multilevel&quot;}\" data-aria-posinset=\"2\" data-aria-level=\"1\"><span data-contrast=\"auto\">Wir greifen auf Best Practice Beispiele zur\u00fcck, um Action Plans und priorisierte Ma\u00dfnahmen zu formulieren<\/span><span data-ccp-props=\"{}\">\u00a0<\/span><\/li><\/ul>\t\t\t\t\t\t\t\t<\/div>\n\t\t\t\t<\/div>\n\t\t\t\t<\/div>\n\t\t\t\t<\/div>\n\t\t\t\t<\/div>\n\t\t\t\t\t<\/div>\n\t\t\t\t<\/div>\n\t\t\t\t<\/div>\n\t\t","protected":false},"excerpt":{"rendered":"<p>Unser Partner f\u00fcr Datenanalyse: Der Global ESG Monitor Transparenz in der Nachhaltigkeitsberichterstattung messbar machen\u00a0 Der Global ESG Monitor \u202fist ein internationales Forschungsprojekt, das die Transparenz der nichtfinanziellen Berichterstattung analysiert und vergleichbar macht. Ziel ist es, Unternehmen dabei zu helfen, Ihren Stakeholdern eine bessere ESG-Berichterstattung auf der Grundlage von Fakten und Benchmarks zu bieten.\u00a0 Der GEM [&hellip;]<\/p>\n","protected":false},"author":1,"featured_media":0,"parent":2295,"menu_order":0,"comment_status":"closed","ping_status":"open","template":"","meta":{"_acf_changed":false,"footnotes":""},"class_list":["post-4405","page","type-page","status-publish","hentry"],"acf":[],"yoast_head":"<!-- This site is optimized with the Yoast SEO Premium plugin v26.2 (Yoast SEO v27.4) - https:\/\/yoast.com\/product\/yoast-seo-premium-wordpress\/ -->\n<title>Global ESG Monitor - cometis AG<\/title>\n<meta name=\"description\" content=\"Der Global ESG Monitor ist ein einzigartiges Forschungsprojekt! Hier finden Sie alle Infos zum Global ESG Monitor wie z.B. ESG-Daten, ESG-Strategie, ESG-Ratings oder ESG Report.\" \/>\n<meta name=\"robots\" content=\"index, follow, max-snippet:-1, max-image-preview:large, max-video-preview:-1\" \/>\n<link rel=\"canonical\" href=\"https:\/\/www.cometis.de\/de\/services\/esg\/global-esg-monitor\/\" \/>\n<meta property=\"og:locale\" content=\"de_DE\" \/>\n<meta property=\"og:type\" content=\"article\" \/>\n<meta property=\"og:title\" content=\"Global ESG Monitor\" \/>\n<meta property=\"og:description\" content=\"Der Global ESG Monitor ist ein einzigartiges Forschungsprojekt! Hier finden Sie alle Infos zum Global ESG Monitor wie z.B. ESG-Daten, ESG-Strategie, ESG-Ratings oder ESG Report.\" \/>\n<meta property=\"og:url\" content=\"https:\/\/www.cometis.de\/de\/services\/esg\/global-esg-monitor\/\" \/>\n<meta property=\"og:site_name\" content=\"cometis AG\" \/>\n<meta property=\"article:modified_time\" content=\"2025-11-17T10:59:53+00:00\" \/>\n<meta property=\"og:image\" content=\"https:\/\/www.cometis.de\/wp-content\/uploads\/elementor\/thumbs\/GEM-Abbildung-rdaq99misfpvaenor9hiugcc4qf1d7014q6uy4drig.png\" \/>\n<meta name=\"twitter:card\" content=\"summary_large_image\" \/>\n<meta name=\"twitter:label1\" content=\"Gesch\u00e4tzte Lesezeit\" \/>\n\t<meta name=\"twitter:data1\" content=\"2\u00a0Minuten\" \/>\n<script type=\"application\/ld+json\" class=\"yoast-schema-graph\">{\"@context\":\"https:\\\/\\\/schema.org\",\"@graph\":[{\"@type\":\"WebPage\",\"@id\":\"https:\\\/\\\/www.cometis.de\\\/de\\\/services\\\/esg\\\/global-esg-monitor\\\/\",\"url\":\"https:\\\/\\\/www.cometis.de\\\/de\\\/services\\\/esg\\\/global-esg-monitor\\\/\",\"name\":\"Global ESG Monitor - cometis AG\",\"isPartOf\":{\"@id\":\"https:\\\/\\\/www.cometis.de\\\/de\\\/#website\"},\"primaryImageOfPage\":{\"@id\":\"https:\\\/\\\/www.cometis.de\\\/de\\\/services\\\/esg\\\/global-esg-monitor\\\/#primaryimage\"},\"image\":{\"@id\":\"https:\\\/\\\/www.cometis.de\\\/de\\\/services\\\/esg\\\/global-esg-monitor\\\/#primaryimage\"},\"thumbnailUrl\":\"https:\\\/\\\/www.cometis.de\\\/wp-content\\\/uploads\\\/elementor\\\/thumbs\\\/GEM-Abbildung-rdaq99misfpvaenor9hiugcc4qf1d7014q6uy4drig.png\",\"datePublished\":\"2025-01-22T11:54:47+00:00\",\"dateModified\":\"2025-11-17T10:59:53+00:00\",\"description\":\"Der Global ESG Monitor ist ein einzigartiges Forschungsprojekt! Hier finden Sie alle Infos zum Global ESG Monitor wie z.B. ESG-Daten, ESG-Strategie, ESG-Ratings oder ESG Report.\",\"breadcrumb\":{\"@id\":\"https:\\\/\\\/www.cometis.de\\\/de\\\/services\\\/esg\\\/global-esg-monitor\\\/#breadcrumb\"},\"inLanguage\":\"de\",\"potentialAction\":[{\"@type\":\"ReadAction\",\"target\":[\"https:\\\/\\\/www.cometis.de\\\/de\\\/services\\\/esg\\\/global-esg-monitor\\\/\"]}]},{\"@type\":\"ImageObject\",\"inLanguage\":\"de\",\"@id\":\"https:\\\/\\\/www.cometis.de\\\/de\\\/services\\\/esg\\\/global-esg-monitor\\\/#primaryimage\",\"url\":\"https:\\\/\\\/www.cometis.de\\\/wp-content\\\/uploads\\\/elementor\\\/thumbs\\\/GEM-Abbildung-rdaq99misfpvaenor9hiugcc4qf1d7014q6uy4drig.png\",\"contentUrl\":\"https:\\\/\\\/www.cometis.de\\\/wp-content\\\/uploads\\\/elementor\\\/thumbs\\\/GEM-Abbildung-rdaq99misfpvaenor9hiugcc4qf1d7014q6uy4drig.png\"},{\"@type\":\"BreadcrumbList\",\"@id\":\"https:\\\/\\\/www.cometis.de\\\/de\\\/services\\\/esg\\\/global-esg-monitor\\\/#breadcrumb\",\"itemListElement\":[{\"@type\":\"ListItem\",\"position\":1,\"name\":\"Home\",\"item\":\"https:\\\/\\\/www.cometis.de\\\/de\\\/\"},{\"@type\":\"ListItem\",\"position\":2,\"name\":\"Services\",\"item\":\"https:\\\/\\\/www.cometis.de\\\/de\\\/services\\\/\"},{\"@type\":\"ListItem\",\"position\":3,\"name\":\"ESG Advisory\",\"item\":\"https:\\\/\\\/www.cometis.de\\\/de\\\/services\\\/esg\\\/\"},{\"@type\":\"ListItem\",\"position\":4,\"name\":\"Global ESG Monitor\"}]},{\"@type\":\"WebSite\",\"@id\":\"https:\\\/\\\/www.cometis.de\\\/de\\\/#website\",\"url\":\"https:\\\/\\\/www.cometis.de\\\/de\\\/\",\"name\":\"cometis AG\",\"description\":\"Deutschlands f\u00fchrende Investor Relations Agentur\",\"publisher\":{\"@id\":\"https:\\\/\\\/www.cometis.de\\\/de\\\/#organization\"},\"potentialAction\":[{\"@type\":\"SearchAction\",\"target\":{\"@type\":\"EntryPoint\",\"urlTemplate\":\"https:\\\/\\\/www.cometis.de\\\/de\\\/?s={search_term_string}\"},\"query-input\":{\"@type\":\"PropertyValueSpecification\",\"valueRequired\":true,\"valueName\":\"search_term_string\"}}],\"inLanguage\":\"de\"},{\"@type\":\"Organization\",\"@id\":\"https:\\\/\\\/www.cometis.de\\\/de\\\/#organization\",\"name\":\"cometis AG\",\"alternateName\":\"Deutschlands f\u00fchrende Investor Relations Agentur\",\"url\":\"https:\\\/\\\/www.cometis.de\\\/de\\\/\",\"logo\":{\"@type\":\"ImageObject\",\"inLanguage\":\"de\",\"@id\":\"https:\\\/\\\/www.cometis.de\\\/de\\\/#\\\/schema\\\/logo\\\/image\\\/\",\"url\":\"https:\\\/\\\/www.cometis.de\\\/wp-content\\\/uploads\\\/2024\\\/12-old\\\/Cometis-Mobile-Logo-1.png\",\"contentUrl\":\"https:\\\/\\\/www.cometis.de\\\/wp-content\\\/uploads\\\/2024\\\/12-old\\\/Cometis-Mobile-Logo-1.png\",\"width\":171,\"height\":31,\"caption\":\"cometis AG\"},\"image\":{\"@id\":\"https:\\\/\\\/www.cometis.de\\\/de\\\/#\\\/schema\\\/logo\\\/image\\\/\"},\"sameAs\":[\"https:\\\/\\\/www.linkedin.com\\\/company\\\/cometis-ag\\\/\",\"https:\\\/\\\/www.youtube.com\\\/user\\\/cometisAG\"]}]}<\/script>\n<!-- \/ Yoast SEO Premium plugin. -->","yoast_head_json":{"title":"Global ESG Monitor - cometis AG","description":"Der Global ESG Monitor ist ein einzigartiges Forschungsprojekt! Hier finden Sie alle Infos zum Global ESG Monitor wie z.B. ESG-Daten, ESG-Strategie, ESG-Ratings oder ESG Report.","robots":{"index":"index","follow":"follow","max-snippet":"max-snippet:-1","max-image-preview":"max-image-preview:large","max-video-preview":"max-video-preview:-1"},"canonical":"https:\/\/www.cometis.de\/de\/services\/esg\/global-esg-monitor\/","og_locale":"de_DE","og_type":"article","og_title":"Global ESG Monitor","og_description":"Der Global ESG Monitor ist ein einzigartiges Forschungsprojekt! Hier finden Sie alle Infos zum Global ESG Monitor wie z.B. ESG-Daten, ESG-Strategie, ESG-Ratings oder ESG Report.","og_url":"https:\/\/www.cometis.de\/de\/services\/esg\/global-esg-monitor\/","og_site_name":"cometis AG","article_modified_time":"2025-11-17T10:59:53+00:00","og_image":[{"url":"https:\/\/www.cometis.de\/wp-content\/uploads\/elementor\/thumbs\/GEM-Abbildung-rdaq99misfpvaenor9hiugcc4qf1d7014q6uy4drig.png","type":"","width":"","height":""}],"twitter_card":"summary_large_image","twitter_misc":{"Gesch\u00e4tzte Lesezeit":"2\u00a0Minuten"},"schema":{"@context":"https:\/\/schema.org","@graph":[{"@type":"WebPage","@id":"https:\/\/www.cometis.de\/de\/services\/esg\/global-esg-monitor\/","url":"https:\/\/www.cometis.de\/de\/services\/esg\/global-esg-monitor\/","name":"Global ESG Monitor - cometis AG","isPartOf":{"@id":"https:\/\/www.cometis.de\/de\/#website"},"primaryImageOfPage":{"@id":"https:\/\/www.cometis.de\/de\/services\/esg\/global-esg-monitor\/#primaryimage"},"image":{"@id":"https:\/\/www.cometis.de\/de\/services\/esg\/global-esg-monitor\/#primaryimage"},"thumbnailUrl":"https:\/\/www.cometis.de\/wp-content\/uploads\/elementor\/thumbs\/GEM-Abbildung-rdaq99misfpvaenor9hiugcc4qf1d7014q6uy4drig.png","datePublished":"2025-01-22T11:54:47+00:00","dateModified":"2025-11-17T10:59:53+00:00","description":"Der Global ESG Monitor ist ein einzigartiges Forschungsprojekt! Hier finden Sie alle Infos zum Global ESG Monitor wie z.B. ESG-Daten, ESG-Strategie, ESG-Ratings oder ESG Report.","breadcrumb":{"@id":"https:\/\/www.cometis.de\/de\/services\/esg\/global-esg-monitor\/#breadcrumb"},"inLanguage":"de","potentialAction":[{"@type":"ReadAction","target":["https:\/\/www.cometis.de\/de\/services\/esg\/global-esg-monitor\/"]}]},{"@type":"ImageObject","inLanguage":"de","@id":"https:\/\/www.cometis.de\/de\/services\/esg\/global-esg-monitor\/#primaryimage","url":"https:\/\/www.cometis.de\/wp-content\/uploads\/elementor\/thumbs\/GEM-Abbildung-rdaq99misfpvaenor9hiugcc4qf1d7014q6uy4drig.png","contentUrl":"https:\/\/www.cometis.de\/wp-content\/uploads\/elementor\/thumbs\/GEM-Abbildung-rdaq99misfpvaenor9hiugcc4qf1d7014q6uy4drig.png"},{"@type":"BreadcrumbList","@id":"https:\/\/www.cometis.de\/de\/services\/esg\/global-esg-monitor\/#breadcrumb","itemListElement":[{"@type":"ListItem","position":1,"name":"Home","item":"https:\/\/www.cometis.de\/de\/"},{"@type":"ListItem","position":2,"name":"Services","item":"https:\/\/www.cometis.de\/de\/services\/"},{"@type":"ListItem","position":3,"name":"ESG Advisory","item":"https:\/\/www.cometis.de\/de\/services\/esg\/"},{"@type":"ListItem","position":4,"name":"Global ESG Monitor"}]},{"@type":"WebSite","@id":"https:\/\/www.cometis.de\/de\/#website","url":"https:\/\/www.cometis.de\/de\/","name":"cometis AG","description":"Deutschlands f\u00fchrende Investor Relations Agentur","publisher":{"@id":"https:\/\/www.cometis.de\/de\/#organization"},"potentialAction":[{"@type":"SearchAction","target":{"@type":"EntryPoint","urlTemplate":"https:\/\/www.cometis.de\/de\/?s={search_term_string}"},"query-input":{"@type":"PropertyValueSpecification","valueRequired":true,"valueName":"search_term_string"}}],"inLanguage":"de"},{"@type":"Organization","@id":"https:\/\/www.cometis.de\/de\/#organization","name":"cometis AG","alternateName":"Deutschlands f\u00fchrende Investor Relations Agentur","url":"https:\/\/www.cometis.de\/de\/","logo":{"@type":"ImageObject","inLanguage":"de","@id":"https:\/\/www.cometis.de\/de\/#\/schema\/logo\/image\/","url":"https:\/\/www.cometis.de\/wp-content\/uploads\/2024\/12-old\/Cometis-Mobile-Logo-1.png","contentUrl":"https:\/\/www.cometis.de\/wp-content\/uploads\/2024\/12-old\/Cometis-Mobile-Logo-1.png","width":171,"height":31,"caption":"cometis AG"},"image":{"@id":"https:\/\/www.cometis.de\/de\/#\/schema\/logo\/image\/"},"sameAs":["https:\/\/www.linkedin.com\/company\/cometis-ag\/","https:\/\/www.youtube.com\/user\/cometisAG"]}]}},"_links":{"self":[{"href":"https:\/\/www.cometis.de\/de\/wp-json\/wp\/v2\/pages\/4405","targetHints":{"allow":["GET"]}}],"collection":[{"href":"https:\/\/www.cometis.de\/de\/wp-json\/wp\/v2\/pages"}],"about":[{"href":"https:\/\/www.cometis.de\/de\/wp-json\/wp\/v2\/types\/page"}],"author":[{"embeddable":true,"href":"https:\/\/www.cometis.de\/de\/wp-json\/wp\/v2\/users\/1"}],"replies":[{"embeddable":true,"href":"https:\/\/www.cometis.de\/de\/wp-json\/wp\/v2\/comments?post=4405"}],"version-history":[{"count":12,"href":"https:\/\/www.cometis.de\/de\/wp-json\/wp\/v2\/pages\/4405\/revisions"}],"predecessor-version":[{"id":110328,"href":"https:\/\/www.cometis.de\/de\/wp-json\/wp\/v2\/pages\/4405\/revisions\/110328"}],"up":[{"embeddable":true,"href":"https:\/\/www.cometis.de\/de\/wp-json\/wp\/v2\/pages\/2295"}],"wp:attachment":[{"href":"https:\/\/www.cometis.de\/de\/wp-json\/wp\/v2\/media?parent=4405"}],"curies":[{"name":"wp","href":"https:\/\/api.w.org\/{rel}","templated":true}]}}