{"id":4416,"date":"2025-01-22T13:13:23","date_gmt":"2025-01-22T12:13:23","guid":{"rendered":"https:\/\/cometis.de\/?page_id=4416"},"modified":"2025-02-17T14:50:05","modified_gmt":"2025-02-17T13:50:05","slug":"csrd-esrs-readiness-check","status":"publish","type":"page","link":"https:\/\/www.cometis.de\/de\/services\/esg\/csrd-esrs-readiness-check\/","title":{"rendered":"CSRD\/ESRS Readiness Check"},"content":{"rendered":"\t\t<div data-elementor-type=\"wp-page\" data-elementor-id=\"4416\" class=\"elementor elementor-4416\" data-elementor-post-type=\"page\">\n\t\t\t\t<div class=\"elementor-element elementor-element-c59bc8e e-flex e-con-boxed e-con e-parent\" data-id=\"c59bc8e\" data-element_type=\"container\" data-e-type=\"container\">\n\t\t\t\t\t<div class=\"e-con-inner\">\n\t\t\t\t<div class=\"elementor-element elementor-element-49ab1b6 elementor-widget elementor-widget-template\" data-id=\"49ab1b6\" data-element_type=\"widget\" data-e-type=\"widget\" data-widget_type=\"template.default\">\n\t\t\t\t<div class=\"elementor-widget-container\">\n\t\t\t\t\t\t\t<div class=\"elementor-template\">\n\t\t\t\t\t<div data-elementor-type=\"section\" data-elementor-id=\"766\" class=\"elementor elementor-766\" data-elementor-post-type=\"elementor_library\">\n\t\t\t<div class=\"elementor-element elementor-element-1f34e34 e-flex e-con-boxed e-con e-parent\" data-id=\"1f34e34\" data-element_type=\"container\" data-e-type=\"container\">\n\t\t\t\t\t<div class=\"e-con-inner\">\n\t\t<div class=\"elementor-element elementor-element-e68c844 e-con-full e-flex e-con e-child\" data-id=\"e68c844\" data-element_type=\"container\" data-e-type=\"container\" data-settings=\"{&quot;background_background&quot;:&quot;classic&quot;}\">\n\t\t\t\t<\/div>\n\t\t<div class=\"elementor-element elementor-element-b7dac6f e-con-full e-flex e-con e-child\" data-id=\"b7dac6f\" data-element_type=\"container\" data-e-type=\"container\">\n\t\t\t\t<div class=\"elementor-element elementor-element-ce54cc3 elementor-align-left elementor-widget elementor-widget-breadcrumbs\" data-id=\"ce54cc3\" data-element_type=\"widget\" data-e-type=\"widget\" data-widget_type=\"breadcrumbs.default\">\n\t\t\t\t<div class=\"elementor-widget-container\">\n\t\t\t\t\t<div id=\"breadcrumbs\"><span><span><a href=\"https:\/\/www.cometis.de\/de\/\">Home<\/a><\/span><\/span><\/div>\t\t\t\t<\/div>\n\t\t\t\t<\/div>\n\t\t\t\t<\/div>\n\t\t\t\t\t<\/div>\n\t\t\t\t<\/div>\n\t\t\t\t<\/div>\n\t\t\t\t<\/div>\n\t\t\t\t\t\t<\/div>\n\t\t\t\t<\/div>\n\t\t\t\t\t<\/div>\n\t\t\t\t<\/div>\n\t\t<div class=\"elementor-element elementor-element-caf69ab cmn-sidebar-content e-flex e-con-boxed e-con e-parent\" data-id=\"caf69ab\" data-element_type=\"container\" data-e-type=\"container\" data-settings=\"{&quot;background_background&quot;:&quot;classic&quot;,&quot;background_motion_fx_motion_fx_scrolling&quot;:&quot;yes&quot;,&quot;background_motion_fx_translateY_effect&quot;:&quot;yes&quot;,&quot;background_motion_fx_translateY_speed&quot;:{&quot;unit&quot;:&quot;px&quot;,&quot;size&quot;:2,&quot;sizes&quot;:[]},&quot;background_motion_fx_translateY_direction&quot;:&quot;negative&quot;,&quot;background_motion_fx_translateY_affectedRange&quot;:{&quot;unit&quot;:&quot;%&quot;,&quot;size&quot;:&quot;&quot;,&quot;sizes&quot;:{&quot;start&quot;:0,&quot;end&quot;:100}},&quot;background_motion_fx_devices&quot;:[&quot;desktop&quot;,&quot;tablet&quot;,&quot;mobile&quot;]}\">\n\t\t\t\t\t<div class=\"e-con-inner\">\n\t\t<div class=\"elementor-element elementor-element-021a802 e-con-full cmn-sidebar-content p-100 e-flex e-con e-child\" data-id=\"021a802\" data-element_type=\"container\" data-e-type=\"container\">\n\t\t<div class=\"elementor-element elementor-element-e2099b7 e-con-full cmn-content-box e-flex e-con e-child\" data-id=\"e2099b7\" data-element_type=\"container\" data-e-type=\"container\">\n\t\t<div class=\"elementor-element elementor-element-46ae041 e-con-full cmn-content-box-container e-flex e-con e-child\" data-id=\"46ae041\" data-element_type=\"container\" data-e-type=\"container\">\n\t\t\t\t<div class=\"elementor-element elementor-element-2a22871 elementor-widget elementor-widget-heading\" data-id=\"2a22871\" data-element_type=\"widget\" data-e-type=\"widget\" data-widget_type=\"heading.default\">\n\t\t\t\t<div class=\"elementor-widget-container\">\n\t\t\t\t\t<h2 class=\"elementor-heading-title elementor-size-default\">CSRD \/ ESRS Readiness Check - Wie gut erf\u00fcllt Ihr Reporting heute schon die neuen \u2013 verpflichtenden - Vorgaben? <\/h2>\t\t\t\t<\/div>\n\t\t\t\t<\/div>\n\t\t\t\t<div class=\"elementor-element elementor-element-c153855 elementor-widget elementor-widget-text-editor\" data-id=\"c153855\" data-element_type=\"widget\" data-e-type=\"widget\" data-widget_type=\"text-editor.default\">\n\t\t\t\t<div class=\"elementor-widget-container\">\n\t\t\t\t\t\t\t\t\t<p><strong>12 Booklets, 82 Disclosures und \u00fcber 700 Einzelanforderungen: Are you ready?<\/strong><\/p><p>Die Welt des nichtfinanziellen Reportings und des Nachhaltigkeitsberichts ist komplexer denn je. Wie gut erf\u00fcllt Ihr<br \/>Reporting heute schon die Vorgaben? Was m\u00fcssen Sie bis zum Inkrafttreten tun? Stehen Sie vor der Herausforderung von<br \/>Flei\u00dfarbeit oder ben\u00f6tigen Sie gar neue Prozesse, Kennzahlen, Verantwortlichkeiten und Strategien? Unsere Expertise<br \/>hilft Ihnen, den Weg durch diese anspruchsvolle Landschaft zu navigieren.<\/p><p><strong>Ihre Herausforderung<\/strong><\/p><p>Die CSRD &amp; ESRS setzen CEOs, CFOs, IR- und ESG-Manager sowie ganze Abteilungen vor komplexe Anforderungen. Mit der<br \/>Einf\u00fchrung neuer Prozesse und Daten stehen viele vor der Herausforderung, erstmalig gesetzlich konform zu sein. Fragen<br \/>Sie sich, wo Sie in Bezug auf die ESRS-Berichtsl\u00fccken stehen?<\/p><p><strong>Unser Vorgehen<\/strong><\/p><p>Die ESRS-Richtlinien sind umfangreich und enthalten \u00fcber 700 Anforderungen. In Zusammenarbeit mit dem Global ESG Monitor<br \/>haben wir diese in einen Fragebogen mit \u00fcber 1.000 Messpunkten umgewandelt. Unser Ziel? Ihre Berichterstattung pr\u00e4zise<br \/>zu pr\u00fcfen und jegliche L\u00fccken zu identifizieren.<\/p><p><strong>Ihr Nutzen<\/strong><\/p><p>Mit unserem Readiness Check erhalten Sie Klarheit \u00fcber Ihre Berichtsl\u00fccken \u2013 sowohl gesamt als auch im Detail. Diese<br \/>\u00dcbersicht erm\u00f6glicht es Ihnen, Ressourcen gezielt einzusetzen und klare Priorit\u00e4ten f\u00fcr Ihr ESG-Engagement zu setzen.<\/p><p><strong>Unser Prozess<\/strong><\/p><p><strong>Schritt 1<\/strong>: Zuordnung Ihrer wesentlichen Themen zu den 12 ESRS Booklets<\/p><p>Die Cross-cutting-Standards (ESRS 1 und ESRS 2) werden f\u00fcr Unternehmen aller Branchen ausgewertet. Die Auswertung der<br \/>\u00fcbrigen 10 ESRS-Booklets h\u00e4ngt von der Wesentlichkeitsanalyse und der Branchenzugeh\u00f6rigkeit Ihres Unternehmens ab.<\/p><p><strong>Schritt 2:<\/strong> Auswertung Ihres Berichtes<\/p><p>Unsere Experten analysieren Ihren aktuellen Nachhaltigkeitsbericht und vergleichen ihn mit den ESRS-Anforderungen.<\/p><p><img fetchpriority=\"high\" decoding=\"async\" class=\"wp-image-94250 alignnone size-full\" src=\"https:\/\/www.cometis.de\/wp-content\/uploads\/2025\/01\/GER_1.webp\" alt=\"\" width=\"979\" height=\"559\" \/><\/p><p><strong>Schritt 3:<\/strong> Darstellung der Gaps<\/p><p>Sie erhalten einen klaren \u00dcberblick \u00fcber alle analysierten Anforderungen. Wir zeigen Ihnen direkt, wo Handlungsbedarf<br \/>besteht \u2013 von einfach bis komplex. Zu jedem ESRS-Booklet, wie &#8222;Consumers &amp; End Users&#8220;, bieten wir Ihnen eine klare<br \/>Visualisierung. So erkennen Sie auf einen Blick Ihren aktuellen Erf\u00fcllungsgrad, sortiert nach Machbarkeit.<\/p><p><img decoding=\"async\" class=\"wp-image-94246 alignnone size-full\" src=\"https:\/\/www.cometis.de\/wp-content\/uploads\/2025\/01\/GER_2.webp\" alt=\"\" width=\"904\" height=\"514\" \/><\/p><p><img decoding=\"async\" class=\"wp-image-94252 alignnone size-full\" src=\"https:\/\/www.cometis.de\/wp-content\/uploads\/2025\/01\/GER_3.webp\" alt=\"\" width=\"908\" height=\"518\" \/><\/p><p>Subline: Zu jedem ESRS-Booklet, wie etwa hier zu &#8222;Consumers\u00a0&amp; End Users&#8220;, liefern wir Ihnen eine klare<br \/>Visualisierung. Sie sehen auf einen Blick, welchen Erf\u00fcllungsgrad Sie erreicht haben, sortiert nach Machbarkeit.\u200b<\/p><p><strong>Transparenz &amp; Mitgestaltung f\u00fcr das ESG-\/IR Team<\/strong><\/p><p>Alle identifizierten L\u00fccken werden aufgelistet, wobei die Bewertungen unseres Beratungs-Teams bez\u00fcglich Machbarkeit<br \/>einflie\u00dfen. Zus\u00e4tzlich bieten wir ein Feld, das es Ihnen erm\u00f6glicht, abweichende Einstufungen zu kennzeichnen und so<br \/>aktiv an der Gestaltung Ihres ESG-Engagements teilzunehmen.<\/p><p><strong>Vertiefung im Workshop<\/strong><\/p><p>Nach Abschluss unseres Readinesschecks bieten wir Ihnen die M\u00f6glichkeit, die Ergebnisse in einem Workshop zu vertiefen.<br \/>Gemeinsam mit Ihnen erarbeiten wir konkrete Handlungsempfehlungen und Strategien, um Ihre ESG-Berichterstattung zu<br \/>optimieren.<\/p><p>Bereiten Sie sich optimal auf die Anforderungen der CSRD &amp; ESRS vor und setzen Sie neue Standards im Bereich des<br \/>nichtfinanziellen Reportings. Unser Team steht Ihnen zur Seite.<\/p>\t\t\t\t\t\t\t\t<\/div>\n\t\t\t\t<\/div>\n\t\t\t\t<\/div>\n\t\t\t\t<\/div>\n\t\t\t\t<\/div>\n\t\t\t\t\t<\/div>\n\t\t\t\t<\/div>\n\t\t\t\t<\/div>\n\t\t","protected":false},"excerpt":{"rendered":"<p>CSRD \/ ESRS Readiness Check &#8211; Wie gut erf\u00fcllt Ihr Reporting heute schon die neuen \u2013 verpflichtenden &#8211; Vorgaben? 12 Booklets, 82 Disclosures und \u00fcber 700 Einzelanforderungen: Are you ready? Die Welt des nichtfinanziellen Reportings und des Nachhaltigkeitsberichts ist komplexer denn je. Wie gut erf\u00fcllt IhrReporting heute schon die Vorgaben? Was m\u00fcssen Sie bis zum [&hellip;]<\/p>\n","protected":false},"author":1,"featured_media":0,"parent":2295,"menu_order":0,"comment_status":"closed","ping_status":"open","template":"","meta":{"_acf_changed":false,"footnotes":""},"class_list":["post-4416","page","type-page","status-publish","hentry"],"acf":[],"yoast_head":"<!-- This site is optimized with the Yoast SEO Premium plugin v26.2 (Yoast SEO v27.4) - https:\/\/yoast.com\/product\/yoast-seo-premium-wordpress\/ -->\n<title>CSRD\/ESRS Readiness Check - cometis AG<\/title>\n<meta name=\"description\" content=\"Wie gut erf\u00fcllt Ihr ESG-Reporting schon die neuen - verpflichtenden - Vorgaben? Lassen Sie uns das gemeinsam mit unserem CSRD \/ ESRS Readiness Check herausfinden.\" \/>\n<meta name=\"robots\" content=\"index, follow, max-snippet:-1, max-image-preview:large, max-video-preview:-1\" \/>\n<link rel=\"canonical\" href=\"https:\/\/www.cometis.de\/de\/services\/esg\/csrd-esrs-readiness-check\/\" \/>\n<meta property=\"og:locale\" content=\"de_DE\" \/>\n<meta property=\"og:type\" content=\"article\" \/>\n<meta property=\"og:title\" content=\"CSRD\/ESRS Readiness Check\" \/>\n<meta property=\"og:description\" content=\"Wie gut erf\u00fcllt Ihr ESG-Reporting schon die neuen - verpflichtenden - Vorgaben? Lassen Sie uns das gemeinsam mit unserem CSRD \/ ESRS Readiness Check herausfinden.\" \/>\n<meta property=\"og:url\" content=\"https:\/\/www.cometis.de\/de\/services\/esg\/csrd-esrs-readiness-check\/\" \/>\n<meta property=\"og:site_name\" content=\"cometis AG\" \/>\n<meta property=\"article:modified_time\" content=\"2025-02-17T13:50:05+00:00\" \/>\n<meta property=\"og:image\" content=\"https:\/\/cometis.de\/wp-content\/uploads\/2025\/01\/GER_1.webp\" \/>\n<meta name=\"twitter:card\" content=\"summary_large_image\" \/>\n<meta name=\"twitter:label1\" content=\"Gesch\u00e4tzte Lesezeit\" \/>\n\t<meta name=\"twitter:data1\" content=\"4\u00a0Minuten\" \/>\n<script type=\"application\/ld+json\" class=\"yoast-schema-graph\">{\"@context\":\"https:\\\/\\\/schema.org\",\"@graph\":[{\"@type\":\"WebPage\",\"@id\":\"https:\\\/\\\/www.cometis.de\\\/de\\\/services\\\/esg\\\/csrd-esrs-readiness-check\\\/\",\"url\":\"https:\\\/\\\/www.cometis.de\\\/de\\\/services\\\/esg\\\/csrd-esrs-readiness-check\\\/\",\"name\":\"CSRD\\\/ESRS Readiness Check - cometis AG\",\"isPartOf\":{\"@id\":\"https:\\\/\\\/www.cometis.de\\\/de\\\/#website\"},\"primaryImageOfPage\":{\"@id\":\"https:\\\/\\\/www.cometis.de\\\/de\\\/services\\\/esg\\\/csrd-esrs-readiness-check\\\/#primaryimage\"},\"image\":{\"@id\":\"https:\\\/\\\/www.cometis.de\\\/de\\\/services\\\/esg\\\/csrd-esrs-readiness-check\\\/#primaryimage\"},\"thumbnailUrl\":\"https:\\\/\\\/cometis.de\\\/wp-content\\\/uploads\\\/2025\\\/01\\\/GER_1.webp\",\"datePublished\":\"2025-01-22T12:13:23+00:00\",\"dateModified\":\"2025-02-17T13:50:05+00:00\",\"description\":\"Wie gut erf\u00fcllt Ihr ESG-Reporting schon die neuen - verpflichtenden - Vorgaben? Lassen Sie uns das gemeinsam mit unserem CSRD \\\/ ESRS Readiness Check herausfinden.\",\"breadcrumb\":{\"@id\":\"https:\\\/\\\/www.cometis.de\\\/de\\\/services\\\/esg\\\/csrd-esrs-readiness-check\\\/#breadcrumb\"},\"inLanguage\":\"de\",\"potentialAction\":[{\"@type\":\"ReadAction\",\"target\":[\"https:\\\/\\\/www.cometis.de\\\/de\\\/services\\\/esg\\\/csrd-esrs-readiness-check\\\/\"]}]},{\"@type\":\"ImageObject\",\"inLanguage\":\"de\",\"@id\":\"https:\\\/\\\/www.cometis.de\\\/de\\\/services\\\/esg\\\/csrd-esrs-readiness-check\\\/#primaryimage\",\"url\":\"https:\\\/\\\/cometis.de\\\/wp-content\\\/uploads\\\/2025\\\/01\\\/GER_1.webp\",\"contentUrl\":\"https:\\\/\\\/cometis.de\\\/wp-content\\\/uploads\\\/2025\\\/01\\\/GER_1.webp\"},{\"@type\":\"BreadcrumbList\",\"@id\":\"https:\\\/\\\/www.cometis.de\\\/de\\\/services\\\/esg\\\/csrd-esrs-readiness-check\\\/#breadcrumb\",\"itemListElement\":[{\"@type\":\"ListItem\",\"position\":1,\"name\":\"Home\",\"item\":\"https:\\\/\\\/www.cometis.de\\\/de\\\/\"},{\"@type\":\"ListItem\",\"position\":2,\"name\":\"Services\",\"item\":\"https:\\\/\\\/www.cometis.de\\\/de\\\/services\\\/\"},{\"@type\":\"ListItem\",\"position\":3,\"name\":\"ESG Advisory\",\"item\":\"https:\\\/\\\/www.cometis.de\\\/de\\\/services\\\/esg\\\/\"},{\"@type\":\"ListItem\",\"position\":4,\"name\":\"CSRD\\\/ESRS Readiness Check\"}]},{\"@type\":\"WebSite\",\"@id\":\"https:\\\/\\\/www.cometis.de\\\/de\\\/#website\",\"url\":\"https:\\\/\\\/www.cometis.de\\\/de\\\/\",\"name\":\"cometis AG\",\"description\":\"Deutschlands f\u00fchrende Investor Relations Agentur\",\"publisher\":{\"@id\":\"https:\\\/\\\/www.cometis.de\\\/de\\\/#organization\"},\"potentialAction\":[{\"@type\":\"SearchAction\",\"target\":{\"@type\":\"EntryPoint\",\"urlTemplate\":\"https:\\\/\\\/www.cometis.de\\\/de\\\/?s={search_term_string}\"},\"query-input\":{\"@type\":\"PropertyValueSpecification\",\"valueRequired\":true,\"valueName\":\"search_term_string\"}}],\"inLanguage\":\"de\"},{\"@type\":\"Organization\",\"@id\":\"https:\\\/\\\/www.cometis.de\\\/de\\\/#organization\",\"name\":\"cometis AG\",\"alternateName\":\"Deutschlands f\u00fchrende Investor Relations Agentur\",\"url\":\"https:\\\/\\\/www.cometis.de\\\/de\\\/\",\"logo\":{\"@type\":\"ImageObject\",\"inLanguage\":\"de\",\"@id\":\"https:\\\/\\\/www.cometis.de\\\/de\\\/#\\\/schema\\\/logo\\\/image\\\/\",\"url\":\"https:\\\/\\\/www.cometis.de\\\/wp-content\\\/uploads\\\/2024\\\/12-old\\\/Cometis-Mobile-Logo-1.png\",\"contentUrl\":\"https:\\\/\\\/www.cometis.de\\\/wp-content\\\/uploads\\\/2024\\\/12-old\\\/Cometis-Mobile-Logo-1.png\",\"width\":171,\"height\":31,\"caption\":\"cometis AG\"},\"image\":{\"@id\":\"https:\\\/\\\/www.cometis.de\\\/de\\\/#\\\/schema\\\/logo\\\/image\\\/\"},\"sameAs\":[\"https:\\\/\\\/www.linkedin.com\\\/company\\\/cometis-ag\\\/\",\"https:\\\/\\\/www.youtube.com\\\/user\\\/cometisAG\"]}]}<\/script>\n<!-- \/ Yoast SEO Premium plugin. -->","yoast_head_json":{"title":"CSRD\/ESRS Readiness Check - cometis AG","description":"Wie gut erf\u00fcllt Ihr ESG-Reporting schon die neuen - verpflichtenden - Vorgaben? Lassen Sie uns das gemeinsam mit unserem CSRD \/ ESRS Readiness Check herausfinden.","robots":{"index":"index","follow":"follow","max-snippet":"max-snippet:-1","max-image-preview":"max-image-preview:large","max-video-preview":"max-video-preview:-1"},"canonical":"https:\/\/www.cometis.de\/de\/services\/esg\/csrd-esrs-readiness-check\/","og_locale":"de_DE","og_type":"article","og_title":"CSRD\/ESRS Readiness Check","og_description":"Wie gut erf\u00fcllt Ihr ESG-Reporting schon die neuen - verpflichtenden - Vorgaben? Lassen Sie uns das gemeinsam mit unserem CSRD \/ ESRS Readiness Check herausfinden.","og_url":"https:\/\/www.cometis.de\/de\/services\/esg\/csrd-esrs-readiness-check\/","og_site_name":"cometis AG","article_modified_time":"2025-02-17T13:50:05+00:00","og_image":[{"url":"https:\/\/cometis.de\/wp-content\/uploads\/2025\/01\/GER_1.webp","type":"","width":"","height":""}],"twitter_card":"summary_large_image","twitter_misc":{"Gesch\u00e4tzte Lesezeit":"4\u00a0Minuten"},"schema":{"@context":"https:\/\/schema.org","@graph":[{"@type":"WebPage","@id":"https:\/\/www.cometis.de\/de\/services\/esg\/csrd-esrs-readiness-check\/","url":"https:\/\/www.cometis.de\/de\/services\/esg\/csrd-esrs-readiness-check\/","name":"CSRD\/ESRS Readiness Check - cometis AG","isPartOf":{"@id":"https:\/\/www.cometis.de\/de\/#website"},"primaryImageOfPage":{"@id":"https:\/\/www.cometis.de\/de\/services\/esg\/csrd-esrs-readiness-check\/#primaryimage"},"image":{"@id":"https:\/\/www.cometis.de\/de\/services\/esg\/csrd-esrs-readiness-check\/#primaryimage"},"thumbnailUrl":"https:\/\/cometis.de\/wp-content\/uploads\/2025\/01\/GER_1.webp","datePublished":"2025-01-22T12:13:23+00:00","dateModified":"2025-02-17T13:50:05+00:00","description":"Wie gut erf\u00fcllt Ihr ESG-Reporting schon die neuen - verpflichtenden - Vorgaben? Lassen Sie uns das gemeinsam mit unserem CSRD \/ ESRS Readiness Check herausfinden.","breadcrumb":{"@id":"https:\/\/www.cometis.de\/de\/services\/esg\/csrd-esrs-readiness-check\/#breadcrumb"},"inLanguage":"de","potentialAction":[{"@type":"ReadAction","target":["https:\/\/www.cometis.de\/de\/services\/esg\/csrd-esrs-readiness-check\/"]}]},{"@type":"ImageObject","inLanguage":"de","@id":"https:\/\/www.cometis.de\/de\/services\/esg\/csrd-esrs-readiness-check\/#primaryimage","url":"https:\/\/cometis.de\/wp-content\/uploads\/2025\/01\/GER_1.webp","contentUrl":"https:\/\/cometis.de\/wp-content\/uploads\/2025\/01\/GER_1.webp"},{"@type":"BreadcrumbList","@id":"https:\/\/www.cometis.de\/de\/services\/esg\/csrd-esrs-readiness-check\/#breadcrumb","itemListElement":[{"@type":"ListItem","position":1,"name":"Home","item":"https:\/\/www.cometis.de\/de\/"},{"@type":"ListItem","position":2,"name":"Services","item":"https:\/\/www.cometis.de\/de\/services\/"},{"@type":"ListItem","position":3,"name":"ESG Advisory","item":"https:\/\/www.cometis.de\/de\/services\/esg\/"},{"@type":"ListItem","position":4,"name":"CSRD\/ESRS Readiness Check"}]},{"@type":"WebSite","@id":"https:\/\/www.cometis.de\/de\/#website","url":"https:\/\/www.cometis.de\/de\/","name":"cometis AG","description":"Deutschlands f\u00fchrende Investor Relations Agentur","publisher":{"@id":"https:\/\/www.cometis.de\/de\/#organization"},"potentialAction":[{"@type":"SearchAction","target":{"@type":"EntryPoint","urlTemplate":"https:\/\/www.cometis.de\/de\/?s={search_term_string}"},"query-input":{"@type":"PropertyValueSpecification","valueRequired":true,"valueName":"search_term_string"}}],"inLanguage":"de"},{"@type":"Organization","@id":"https:\/\/www.cometis.de\/de\/#organization","name":"cometis AG","alternateName":"Deutschlands f\u00fchrende Investor Relations Agentur","url":"https:\/\/www.cometis.de\/de\/","logo":{"@type":"ImageObject","inLanguage":"de","@id":"https:\/\/www.cometis.de\/de\/#\/schema\/logo\/image\/","url":"https:\/\/www.cometis.de\/wp-content\/uploads\/2024\/12-old\/Cometis-Mobile-Logo-1.png","contentUrl":"https:\/\/www.cometis.de\/wp-content\/uploads\/2024\/12-old\/Cometis-Mobile-Logo-1.png","width":171,"height":31,"caption":"cometis AG"},"image":{"@id":"https:\/\/www.cometis.de\/de\/#\/schema\/logo\/image\/"},"sameAs":["https:\/\/www.linkedin.com\/company\/cometis-ag\/","https:\/\/www.youtube.com\/user\/cometisAG"]}]}},"_links":{"self":[{"href":"https:\/\/www.cometis.de\/de\/wp-json\/wp\/v2\/pages\/4416","targetHints":{"allow":["GET"]}}],"collection":[{"href":"https:\/\/www.cometis.de\/de\/wp-json\/wp\/v2\/pages"}],"about":[{"href":"https:\/\/www.cometis.de\/de\/wp-json\/wp\/v2\/types\/page"}],"author":[{"embeddable":true,"href":"https:\/\/www.cometis.de\/de\/wp-json\/wp\/v2\/users\/1"}],"replies":[{"embeddable":true,"href":"https:\/\/www.cometis.de\/de\/wp-json\/wp\/v2\/comments?post=4416"}],"version-history":[{"count":6,"href":"https:\/\/www.cometis.de\/de\/wp-json\/wp\/v2\/pages\/4416\/revisions"}],"predecessor-version":[{"id":107370,"href":"https:\/\/www.cometis.de\/de\/wp-json\/wp\/v2\/pages\/4416\/revisions\/107370"}],"up":[{"embeddable":true,"href":"https:\/\/www.cometis.de\/de\/wp-json\/wp\/v2\/pages\/2295"}],"wp:attachment":[{"href":"https:\/\/www.cometis.de\/de\/wp-json\/wp\/v2\/media?parent=4416"}],"curies":[{"name":"wp","href":"https:\/\/api.w.org\/{rel}","templated":true}]}}