{"id":4534,"date":"2025-01-23T06:42:46","date_gmt":"2025-01-23T05:42:46","guid":{"rendered":"https:\/\/cometis.de\/?page_id=4534"},"modified":"2025-04-07T10:48:07","modified_gmt":"2025-04-07T08:48:07","slug":"kommunikationsstrategie","status":"publish","type":"page","link":"https:\/\/www.cometis.de\/de\/services\/mergers-acquisitions\/kommunikationsstrategie\/","title":{"rendered":"Kommunikationsstrategie"},"content":{"rendered":"\t\t<div data-elementor-type=\"wp-page\" data-elementor-id=\"4534\" class=\"elementor elementor-4534\" data-elementor-post-type=\"page\">\n\t\t\t\t<div class=\"elementor-element elementor-element-f0a31e6 e-flex e-con-boxed e-con e-parent\" data-id=\"f0a31e6\" data-element_type=\"container\" data-e-type=\"container\">\n\t\t\t\t\t<div class=\"e-con-inner\">\n\t\t\t\t<div class=\"elementor-element elementor-element-fe881ca elementor-widget elementor-widget-template\" data-id=\"fe881ca\" data-element_type=\"widget\" data-e-type=\"widget\" data-widget_type=\"template.default\">\n\t\t\t\t<div class=\"elementor-widget-container\">\n\t\t\t\t\t\t\t<div class=\"elementor-template\">\n\t\t\t\t\t<div data-elementor-type=\"section\" data-elementor-id=\"3688\" class=\"elementor elementor-3688\" data-elementor-post-type=\"elementor_library\">\n\t\t\t<div class=\"elementor-element elementor-element-1f34e34 e-flex e-con-boxed e-con e-parent\" data-id=\"1f34e34\" data-element_type=\"container\" data-e-type=\"container\">\n\t\t\t\t\t<div class=\"e-con-inner\">\n\t\t<div class=\"elementor-element elementor-element-e68c844 e-con-full e-flex e-con e-child\" data-id=\"e68c844\" data-element_type=\"container\" data-e-type=\"container\" data-settings=\"{&quot;background_background&quot;:&quot;classic&quot;}\">\n\t\t\t\t<div class=\"elementor-element elementor-element-47470af elementor-widget elementor-widget-heading\" data-id=\"47470af\" data-element_type=\"widget\" data-e-type=\"widget\" data-widget_type=\"heading.default\">\n\t\t\t\t<div class=\"elementor-widget-container\">\n\t\t\t\t\t<h1 class=\"elementor-heading-title elementor-size-default\">M&amp;A Kommunikation<\/h1>\t\t\t\t<\/div>\n\t\t\t\t<\/div>\n\t\t\t\t<\/div>\n\t\t<div class=\"elementor-element elementor-element-b7dac6f e-con-full e-flex e-con e-child\" data-id=\"b7dac6f\" data-element_type=\"container\" data-e-type=\"container\">\n\t\t\t\t<div class=\"elementor-element elementor-element-ce54cc3 elementor-align-left elementor-widget elementor-widget-breadcrumbs\" data-id=\"ce54cc3\" data-element_type=\"widget\" data-e-type=\"widget\" data-widget_type=\"breadcrumbs.default\">\n\t\t\t\t<div class=\"elementor-widget-container\">\n\t\t\t\t\t<div id=\"breadcrumbs\"><span><span><a href=\"https:\/\/www.cometis.de\/de\/\">Home<\/a><\/span><\/span><\/div>\t\t\t\t<\/div>\n\t\t\t\t<\/div>\n\t\t\t\t<\/div>\n\t\t\t\t\t<\/div>\n\t\t\t\t<\/div>\n\t\t\t\t<\/div>\n\t\t\t\t<\/div>\n\t\t\t\t\t\t<\/div>\n\t\t\t\t<\/div>\n\t\t\t\t\t<\/div>\n\t\t\t\t<\/div>\n\t\t<div class=\"elementor-element elementor-element-d3cb203 cmn-sidebar-content e-flex e-con-boxed e-con e-parent\" data-id=\"d3cb203\" data-element_type=\"container\" data-e-type=\"container\" data-settings=\"{&quot;background_background&quot;:&quot;classic&quot;,&quot;background_motion_fx_motion_fx_scrolling&quot;:&quot;yes&quot;,&quot;background_motion_fx_translateY_effect&quot;:&quot;yes&quot;,&quot;background_motion_fx_translateY_speed&quot;:{&quot;unit&quot;:&quot;px&quot;,&quot;size&quot;:2,&quot;sizes&quot;:[]},&quot;background_motion_fx_translateY_direction&quot;:&quot;negative&quot;,&quot;background_motion_fx_translateY_affectedRange&quot;:{&quot;unit&quot;:&quot;%&quot;,&quot;size&quot;:&quot;&quot;,&quot;sizes&quot;:{&quot;start&quot;:0,&quot;end&quot;:100}},&quot;background_motion_fx_devices&quot;:[&quot;desktop&quot;,&quot;tablet&quot;,&quot;mobile&quot;]}\">\n\t\t\t\t\t<div class=\"e-con-inner\">\n\t\t<div class=\"elementor-element elementor-element-51937d6 e-con-full cmn-sidebar-content p-100 e-flex e-con e-child\" data-id=\"51937d6\" data-element_type=\"container\" data-e-type=\"container\">\n\t\t<div class=\"elementor-element elementor-element-52055ae e-con-full cmn-content-box e-flex e-con e-child\" data-id=\"52055ae\" data-element_type=\"container\" data-e-type=\"container\">\n\t\t<div class=\"elementor-element elementor-element-9c5de7d e-con-full cmn-content-box-container e-flex e-con e-child\" data-id=\"9c5de7d\" data-element_type=\"container\" data-e-type=\"container\">\n\t\t\t\t<div class=\"elementor-element elementor-element-30a4b9f elementor-widget elementor-widget-heading\" data-id=\"30a4b9f\" data-element_type=\"widget\" data-e-type=\"widget\" data-widget_type=\"heading.default\">\n\t\t\t\t<div class=\"elementor-widget-container\">\n\t\t\t\t\t<h2 class=\"elementor-heading-title elementor-size-default\">Strategische Kommunikation f\u00fcr Gelingen von M&amp;A essenziell<\/h2>\t\t\t\t<\/div>\n\t\t\t\t<\/div>\n\t\t\t\t<div class=\"elementor-element elementor-element-a697261 elementor-widget elementor-widget-text-editor\" data-id=\"a697261\" data-element_type=\"widget\" data-e-type=\"widget\" data-widget_type=\"text-editor.default\">\n\t\t\t\t<div class=\"elementor-widget-container\">\n\t\t\t\t\t\t\t\t\t<p>Eine zielgruppengerechte Kommunikation ist f\u00fcr das Gelingen von M&amp;A-Transaktionen ausschlaggebend. Als Basis f\u00fcr alle Kommunikationsma\u00dfnahmen ist eine Strategie zu erarbeiten. In der Praxis kommt die strategische Kommunikation bei Fusionen und \u00dcbernahmen jedoch oft zu kurz. Der intensivste Verbesserungsbedarf besteht erfahrungsgem\u00e4\u00df in der Entwicklung einer expliziten M&amp;A-Kommunikationsstrategie sowie auf die Anspruchsgruppen zugeschnittenen Kommunikationsma\u00dfnahmen. Wir kl\u00e4ren die involvierten Parteien \u00fcber die Rolle der M&amp;A-Kommunikation auf und stehen w\u00e4hrend des M&amp;A-Prozesses als kompetenter Kommunikationsberater zur Verf\u00fcgung.<\/p>\t\t\t\t\t\t\t\t<\/div>\n\t\t\t\t<\/div>\n\t\t\t\t<div class=\"elementor-element elementor-element-72c8cbc cmn-content-box-btn elementor-widget elementor-widget-button\" data-id=\"72c8cbc\" data-element_type=\"widget\" data-e-type=\"widget\" data-widget_type=\"button.default\">\n\t\t\t\t<div class=\"elementor-widget-container\">\n\t\t\t\t\t\t\t\t\t<div class=\"elementor-button-wrapper\">\n\t\t\t\t\t<a class=\"elementor-button elementor-button-link elementor-size-sm\" href=\"\/de\/cometis-ag\/referenzen\/mergers-and-acquisitions-referenzen\">\n\t\t\t\t\t\t<span class=\"elementor-button-content-wrapper\">\n\t\t\t\t\t\t<span class=\"elementor-button-icon\">\n\t\t\t\t<svg aria-hidden=\"true\" class=\"e-font-icon-svg e-fas-chevron-right\" viewBox=\"0 0 320 512\" xmlns=\"http:\/\/www.w3.org\/2000\/svg\"><path d=\"M285.476 272.971L91.132 467.314c-9.373 9.373-24.569 9.373-33.941 0l-22.667-22.667c-9.357-9.357-9.375-24.522-.04-33.901L188.505 256 34.484 101.255c-9.335-9.379-9.317-24.544.04-33.901l22.667-22.667c9.373-9.373 24.569-9.373 33.941 0L285.475 239.03c9.373 9.372 9.373 24.568.001 33.941z\"><\/path><\/svg>\t\t\t<\/span>\n\t\t\t\t\t\t\t\t\t<span class=\"elementor-button-text\">Unsere Referenzen<\/span>\n\t\t\t\t\t<\/span>\n\t\t\t\t\t<\/a>\n\t\t\t\t<\/div>\n\t\t\t\t\t\t\t\t<\/div>\n\t\t\t\t<\/div>\n\t\t\t\t<\/div>\n\t\t<div class=\"elementor-element elementor-element-ffbfd45 e-con-full cmn-content-box-container e-flex e-con e-child\" data-id=\"ffbfd45\" data-element_type=\"container\" data-e-type=\"container\">\n\t\t\t\t<div class=\"elementor-element elementor-element-5f0ea9a elementor-widget elementor-widget-heading\" data-id=\"5f0ea9a\" data-element_type=\"widget\" data-e-type=\"widget\" data-widget_type=\"heading.default\">\n\t\t\t\t<div class=\"elementor-widget-container\">\n\t\t\t\t\t<h2 class=\"elementor-heading-title elementor-size-default\">cometis unterst\u00fctzt Unternehmen in allen Phasen der M&amp;A-Kommunikation<\/h2>\t\t\t\t<\/div>\n\t\t\t\t<\/div>\n\t\t\t\t<div class=\"elementor-element elementor-element-eb85f49 elementor-widget elementor-widget-text-editor\" data-id=\"eb85f49\" data-element_type=\"widget\" data-e-type=\"widget\" data-widget_type=\"text-editor.default\">\n\t\t\t\t<div class=\"elementor-widget-container\">\n\t\t\t\t\t\t\t\t\t<p>Unsere Kommunikationsexperten begleiten auch Ihre M&amp;A-Transaktionen: Wir erarbeiten im Vorfeld eine Strategie, die Ihr Vorhaben unterst\u00fctzt und kluge, pr\u00e4gnante Antworten auf die Fragen der Kapitalmarktzielgruppen gibt. Dabei kann unser Team auf die Erfahrungen aus zahlreichen erfolgreich abgeschlossenen M&amp;A-Projekten und fundiertes Kommunikations- und Finanzmarkt-Know-how zur\u00fcckgreifen.<br \/>Anschlie\u00dfend stehen wir Ihnen in allen Phasen des Kommunikationsprozesses beratend und ausf\u00fchrend zur Seite. Wir k\u00fcmmern uns um eine zielgruppengerechte Ausgestaltung aller relevanten Ma\u00dfnahmen und sprechen damit die verschiedenen Stakeholder-Gruppen an.<\/p>\t\t\t\t\t\t\t\t<\/div>\n\t\t\t\t<\/div>\n\t\t\t\t<\/div>\n\t\t<div class=\"elementor-element elementor-element-2e44033 e-con-full cmn-content-box-container e-flex e-con e-child\" data-id=\"2e44033\" data-element_type=\"container\" data-e-type=\"container\">\n\t\t\t\t<div class=\"elementor-element elementor-element-ee791a5 elementor-widget elementor-widget-heading\" data-id=\"ee791a5\" data-element_type=\"widget\" data-e-type=\"widget\" data-widget_type=\"heading.default\">\n\t\t\t\t<div class=\"elementor-widget-container\">\n\t\t\t\t\t<h2 class=\"elementor-heading-title elementor-size-default\">M&amp;A-Kommunikation bringt besondere Herausforderungen mit sich<\/h2>\t\t\t\t<\/div>\n\t\t\t\t<\/div>\n\t\t\t\t<div class=\"elementor-element elementor-element-8ccf009 elementor-widget elementor-widget-text-editor\" data-id=\"8ccf009\" data-element_type=\"widget\" data-e-type=\"widget\" data-widget_type=\"text-editor.default\">\n\t\t\t\t<div class=\"elementor-widget-container\">\n\t\t\t\t\t\t\t\t\t<p>Die unterschiedlichen Anspruchsgruppen der involvierten Unternehmen weisen w\u00e4hrend des \u00dcbernahmeprozesses h\u00e4ufig kontr\u00e4r gelagerte Interessen auf. Latent vorhandene Konflikte, beispielsweise im Bereich der Arbeitsplatzsicherheit, werden bei vielen Transaktionen \u00f6ffentlich. Resultierend daraus entsteht ein hohes Ma\u00df an individueller Betroffenheit, was zu einer emotional aufgeladenen und unsachlichen Debatte f\u00fchren kann. Eine rationale Betrachtung der Vor- und Nachteile einer Transaktion ger\u00e4t dabei aus dem Blickfeld.<br \/>F\u00fcr eine Vielzahl der Stakeholder ist es nicht m\u00f6glich, sich ein eigenes, sachlich-fundiertes Urteil \u00fcber die Transaktion zu bilden. Die Informationsaufnahme ist daher gepr\u00e4gt von Ger\u00fcchten, Emotionen und emotional gepr\u00e4gten Feindbildern. Gefragt ist ein ad\u00e4quates Ma\u00df zwischen der Integration und bezugsgruppenorientierten Differenzierung der Kommunikation. Auf dieser Basis k\u00f6nnen geeignete Ma\u00dfnahmen ausgestaltet werden, die dann in zeitlicher, formaler und inhaltlicher Hinsicht abgestimmt werden.<\/p>\t\t\t\t\t\t\t\t<\/div>\n\t\t\t\t<\/div>\n\t\t\t\t<\/div>\n\t\t<div class=\"elementor-element elementor-element-06f550c e-con-full cmn-content-box-container e-flex e-con e-child\" data-id=\"06f550c\" data-element_type=\"container\" data-e-type=\"container\">\n\t\t\t\t<div class=\"elementor-element elementor-element-cae86e8 elementor-widget elementor-widget-heading\" data-id=\"cae86e8\" data-element_type=\"widget\" data-e-type=\"widget\" data-widget_type=\"heading.default\">\n\t\t\t\t<div class=\"elementor-widget-container\">\n\t\t\t\t\t<h2 class=\"elementor-heading-title elementor-size-default\">Grundstruktur der M&amp;A-Kommunikation<\/h2>\t\t\t\t<\/div>\n\t\t\t\t<\/div>\n\t\t\t\t<div class=\"elementor-element elementor-element-e13b085 elementor-widget elementor-widget-text-editor\" data-id=\"e13b085\" data-element_type=\"widget\" data-e-type=\"widget\" data-widget_type=\"text-editor.default\">\n\t\t\t\t<div class=\"elementor-widget-container\">\n\t\t\t\t\t\t\t\t\t<p>Die Kommunikationsphasen innerhalb einer Unternehmens\u00fcbernahme orientieren sich am gesamten Projektablauf, womit die M&amp;A-Kommunikationsarbeit prozessbegleitend und unverzichtbar f\u00fcr einen flie\u00dfenden Phasen\u00fcbergang ist.<\/p><p>In die Planungs- und Vorbereitungsphase fallen Basisaufgaben wie die Erstellung der Kommunikationsstrategie. Diese wiederum basiert auf den vorbereitenden Szenario- und Stakeholderanalysen und beschreibt die strategische, organisatorische, inhaltliche und instrumentelle Ausgestaltung der Ma\u00dfnahmen. Zu den wichtigsten Instrumenten in dieser Phase z\u00e4hlen die Entwicklung einer <a title=\"Wir entwickeln Kernbotschaften von M&amp;A-Transaktionen\" href=\"\/de\/finanz-pr\/kernbotschaften\/\">M&amp;A-Story<\/a>, die Erstellung eines Q&amp;A-Katalogs sowie das Ausformulieren von <a href=\"\/de\/finanz-pr\/sprachregelungen\/\">Sprachregelungen<\/a>.<\/p><p>Wesentliche Aufgabe der Unternehmenskommunikation in dieser Phase ist das Zusammentragen der \u00dcbernahmedetails und deren Aufbereitung zur Weitergabe an die Zielgruppen. Eine professionelle Kommunikation sollte\u00a0<a href=\"\/de\/mergers-acquisitions\/kommunikationststrategie\/leakage-strategie\">Spekulationen verhindern<\/a>\u00a0oder zumindest darauf vorbereitet sein, im Falle der Weitergabe strategischer Informationen an die \u00d6ffentlichkeit schnell und gezielt gegensteuern zu k\u00f6nnen, um die Meinungshoheit behalten zu k\u00f6nnen. Denn M&amp;A-Deals haben in den meisten F\u00e4llen substanzielle organisatorische, kulturelle, personelle und finanzielle Konsequenzen.<\/p><p>In der Ank\u00fcndigungsphase der Transaktion sowie der Vollzugsmeldung gilt es bei b\u00f6rsennotierten Gesellschaften zun\u00e4chst, die Pflicht zur\u00a0<a title=\"Wir erstellen Ihre Pflichtmitteilungen\" href=\"https:\/\/www.cometis.de\/de\/services\/investor-relations\/medienarbeit\/ad-hoc-mitteilungen\/\">Ad-hoc-Publizit\u00e4t<\/a>\u00a0zu pr\u00fcfen. Die Unternehmensverantwortlichen sollten bei der Vollzugsmeldung der Transaktion vor allem Zuversicht ausstrahlen und Vertrauen aufbauen. Gerade f\u00fcr die Phase zwischen der Ank\u00fcndigung der Transaktion und der Vollzugsmeldung gilt es Sprachregelungen zu entwickeln. Diese Sprachregelungen k\u00f6nnen denjenigen Stellen\u00a0<a title=\"Wir st\u00e4rken Ihre interne Kommunikation\" href=\"\/de\/mergers-acquisitions\/interne-kommunikation\">innerhalb des Unternehmens<\/a>, die mit Anfragen von Medien oder anderen Anspruchsgruppen konfrontiert werden, auch im Rahmen eines Workshops n\u00e4hergebracht werden.<\/p><p>Mit der Vollzugsmeldung ist die Arbeit f\u00fcr die Kommunikationsverantwortlichen bei Weitem nicht beendet. In der Post-Merger-Phase gilt es zwischen Unternehmensf\u00fchrung und Mitarbeitende beziehungsweise Kunden und Gesch\u00e4ftspartnern zu vermitteln.<\/p>\t\t\t\t\t\t\t\t<\/div>\n\t\t\t\t<\/div>\n\t\t\t\t<\/div>\n\t\t\t\t<\/div>\n\t\t\t\t<\/div>\n\t\t\t\t\t<\/div>\n\t\t\t\t<\/div>\n\t\t\t\t<\/div>\n\t\t","protected":false},"excerpt":{"rendered":"<p>Strategische Kommunikation f\u00fcr Gelingen von M&amp;A essenziell Eine zielgruppengerechte Kommunikation ist f\u00fcr das Gelingen von M&amp;A-Transaktionen ausschlaggebend. Als Basis f\u00fcr alle Kommunikationsma\u00dfnahmen ist eine Strategie zu erarbeiten. In der Praxis kommt die strategische Kommunikation bei Fusionen und \u00dcbernahmen jedoch oft zu kurz. Der intensivste Verbesserungsbedarf besteht erfahrungsgem\u00e4\u00df in der Entwicklung einer expliziten M&amp;A-Kommunikationsstrategie sowie auf [&hellip;]<\/p>\n","protected":false},"author":1,"featured_media":0,"parent":4300,"menu_order":0,"comment_status":"closed","ping_status":"open","template":"","meta":{"_acf_changed":false,"footnotes":""},"class_list":["post-4534","page","type-page","status-publish","hentry"],"acf":[],"yoast_head":"<!-- This site is optimized with the Yoast SEO Premium plugin v26.2 (Yoast SEO v27.4) - https:\/\/yoast.com\/product\/yoast-seo-premium-wordpress\/ -->\n<title>M&amp;A-Kommunikation \u2013 strategisch geplant vom IR-Spezialist | cometis AG<\/title>\n<meta name=\"description\" content=\"cometis erstellt die Kommunikationsstrategie f\u00fcr Ihre M&amp;A-Transaktion und steht in allen Phasen des Kommunikationsprozesses beratend zur Seite.\" \/>\n<meta name=\"robots\" content=\"index, follow, max-snippet:-1, max-image-preview:large, max-video-preview:-1\" \/>\n<link rel=\"canonical\" href=\"https:\/\/www.cometis.de\/de\/services\/mergers-acquisitions\/kommunikationsstrategie\/\" \/>\n<meta property=\"og:locale\" content=\"de_DE\" \/>\n<meta property=\"og:type\" content=\"article\" \/>\n<meta property=\"og:title\" content=\"Kommunikationsstrategie\" \/>\n<meta property=\"og:description\" content=\"cometis erstellt die Kommunikationsstrategie f\u00fcr Ihre M&amp;A-Transaktion und steht in allen Phasen des Kommunikationsprozesses beratend zur Seite.\" \/>\n<meta property=\"og:url\" content=\"https:\/\/www.cometis.de\/de\/services\/mergers-acquisitions\/kommunikationsstrategie\/\" \/>\n<meta property=\"og:site_name\" content=\"cometis AG\" \/>\n<meta property=\"article:modified_time\" content=\"2025-04-07T08:48:07+00:00\" \/>\n<meta property=\"og:image\" content=\"https:\/\/www.cometis.de\/wp-content\/uploads\/2024\/12-old\/Cometis-Mobile-Logo-1.png\" \/>\n\t<meta property=\"og:image:width\" content=\"171\" \/>\n\t<meta property=\"og:image:height\" content=\"31\" \/>\n\t<meta property=\"og:image:type\" content=\"image\/png\" \/>\n<meta name=\"twitter:card\" content=\"summary_large_image\" \/>\n<meta name=\"twitter:label1\" content=\"Gesch\u00e4tzte Lesezeit\" \/>\n\t<meta name=\"twitter:data1\" content=\"4\u00a0Minuten\" \/>\n<script type=\"application\/ld+json\" class=\"yoast-schema-graph\">{\"@context\":\"https:\\\/\\\/schema.org\",\"@graph\":[{\"@type\":\"WebPage\",\"@id\":\"https:\\\/\\\/www.cometis.de\\\/de\\\/services\\\/mergers-acquisitions\\\/kommunikationsstrategie\\\/\",\"url\":\"https:\\\/\\\/www.cometis.de\\\/de\\\/services\\\/mergers-acquisitions\\\/kommunikationsstrategie\\\/\",\"name\":\"M&A-Kommunikation \u2013 strategisch geplant vom IR-Spezialist | cometis AG\",\"isPartOf\":{\"@id\":\"https:\\\/\\\/www.cometis.de\\\/de\\\/#website\"},\"datePublished\":\"2025-01-23T05:42:46+00:00\",\"dateModified\":\"2025-04-07T08:48:07+00:00\",\"description\":\"cometis erstellt die Kommunikationsstrategie f\u00fcr Ihre M&A-Transaktion und steht in allen Phasen des Kommunikationsprozesses beratend zur Seite.\",\"breadcrumb\":{\"@id\":\"https:\\\/\\\/www.cometis.de\\\/de\\\/services\\\/mergers-acquisitions\\\/kommunikationsstrategie\\\/#breadcrumb\"},\"inLanguage\":\"de\",\"potentialAction\":[{\"@type\":\"ReadAction\",\"target\":[\"https:\\\/\\\/www.cometis.de\\\/de\\\/services\\\/mergers-acquisitions\\\/kommunikationsstrategie\\\/\"]}]},{\"@type\":\"BreadcrumbList\",\"@id\":\"https:\\\/\\\/www.cometis.de\\\/de\\\/services\\\/mergers-acquisitions\\\/kommunikationsstrategie\\\/#breadcrumb\",\"itemListElement\":[{\"@type\":\"ListItem\",\"position\":1,\"name\":\"Home\",\"item\":\"https:\\\/\\\/www.cometis.de\\\/de\\\/\"},{\"@type\":\"ListItem\",\"position\":2,\"name\":\"Services\",\"item\":\"https:\\\/\\\/www.cometis.de\\\/de\\\/services\\\/\"},{\"@type\":\"ListItem\",\"position\":3,\"name\":\"Mergers &amp; Acquisitions\",\"item\":\"https:\\\/\\\/www.cometis.de\\\/de\\\/services\\\/mergers-acquisitions\\\/\"},{\"@type\":\"ListItem\",\"position\":4,\"name\":\"Kommunikationsstrategie\"}]},{\"@type\":\"WebSite\",\"@id\":\"https:\\\/\\\/www.cometis.de\\\/de\\\/#website\",\"url\":\"https:\\\/\\\/www.cometis.de\\\/de\\\/\",\"name\":\"cometis AG\",\"description\":\"Deutschlands f\u00fchrende Investor Relations Agentur\",\"publisher\":{\"@id\":\"https:\\\/\\\/www.cometis.de\\\/de\\\/#organization\"},\"potentialAction\":[{\"@type\":\"SearchAction\",\"target\":{\"@type\":\"EntryPoint\",\"urlTemplate\":\"https:\\\/\\\/www.cometis.de\\\/de\\\/?s={search_term_string}\"},\"query-input\":{\"@type\":\"PropertyValueSpecification\",\"valueRequired\":true,\"valueName\":\"search_term_string\"}}],\"inLanguage\":\"de\"},{\"@type\":\"Organization\",\"@id\":\"https:\\\/\\\/www.cometis.de\\\/de\\\/#organization\",\"name\":\"cometis AG\",\"alternateName\":\"Deutschlands f\u00fchrende Investor Relations Agentur\",\"url\":\"https:\\\/\\\/www.cometis.de\\\/de\\\/\",\"logo\":{\"@type\":\"ImageObject\",\"inLanguage\":\"de\",\"@id\":\"https:\\\/\\\/www.cometis.de\\\/de\\\/#\\\/schema\\\/logo\\\/image\\\/\",\"url\":\"https:\\\/\\\/www.cometis.de\\\/wp-content\\\/uploads\\\/2024\\\/12-old\\\/Cometis-Mobile-Logo-1.png\",\"contentUrl\":\"https:\\\/\\\/www.cometis.de\\\/wp-content\\\/uploads\\\/2024\\\/12-old\\\/Cometis-Mobile-Logo-1.png\",\"width\":171,\"height\":31,\"caption\":\"cometis AG\"},\"image\":{\"@id\":\"https:\\\/\\\/www.cometis.de\\\/de\\\/#\\\/schema\\\/logo\\\/image\\\/\"},\"sameAs\":[\"https:\\\/\\\/www.linkedin.com\\\/company\\\/cometis-ag\\\/\",\"https:\\\/\\\/www.youtube.com\\\/user\\\/cometisAG\"]}]}<\/script>\n<!-- \/ Yoast SEO Premium plugin. -->","yoast_head_json":{"title":"M&A-Kommunikation \u2013 strategisch geplant vom IR-Spezialist | cometis AG","description":"cometis erstellt die Kommunikationsstrategie f\u00fcr Ihre M&A-Transaktion und steht in allen Phasen des Kommunikationsprozesses beratend zur Seite.","robots":{"index":"index","follow":"follow","max-snippet":"max-snippet:-1","max-image-preview":"max-image-preview:large","max-video-preview":"max-video-preview:-1"},"canonical":"https:\/\/www.cometis.de\/de\/services\/mergers-acquisitions\/kommunikationsstrategie\/","og_locale":"de_DE","og_type":"article","og_title":"Kommunikationsstrategie","og_description":"cometis erstellt die Kommunikationsstrategie f\u00fcr Ihre M&A-Transaktion und steht in allen Phasen des Kommunikationsprozesses beratend zur Seite.","og_url":"https:\/\/www.cometis.de\/de\/services\/mergers-acquisitions\/kommunikationsstrategie\/","og_site_name":"cometis AG","article_modified_time":"2025-04-07T08:48:07+00:00","og_image":[{"width":171,"height":31,"url":"https:\/\/www.cometis.de\/wp-content\/uploads\/2024\/12-old\/Cometis-Mobile-Logo-1.png","type":"image\/png"}],"twitter_card":"summary_large_image","twitter_misc":{"Gesch\u00e4tzte Lesezeit":"4\u00a0Minuten"},"schema":{"@context":"https:\/\/schema.org","@graph":[{"@type":"WebPage","@id":"https:\/\/www.cometis.de\/de\/services\/mergers-acquisitions\/kommunikationsstrategie\/","url":"https:\/\/www.cometis.de\/de\/services\/mergers-acquisitions\/kommunikationsstrategie\/","name":"M&A-Kommunikation \u2013 strategisch geplant vom IR-Spezialist | cometis AG","isPartOf":{"@id":"https:\/\/www.cometis.de\/de\/#website"},"datePublished":"2025-01-23T05:42:46+00:00","dateModified":"2025-04-07T08:48:07+00:00","description":"cometis erstellt die Kommunikationsstrategie f\u00fcr Ihre M&A-Transaktion und steht in allen Phasen des Kommunikationsprozesses beratend zur Seite.","breadcrumb":{"@id":"https:\/\/www.cometis.de\/de\/services\/mergers-acquisitions\/kommunikationsstrategie\/#breadcrumb"},"inLanguage":"de","potentialAction":[{"@type":"ReadAction","target":["https:\/\/www.cometis.de\/de\/services\/mergers-acquisitions\/kommunikationsstrategie\/"]}]},{"@type":"BreadcrumbList","@id":"https:\/\/www.cometis.de\/de\/services\/mergers-acquisitions\/kommunikationsstrategie\/#breadcrumb","itemListElement":[{"@type":"ListItem","position":1,"name":"Home","item":"https:\/\/www.cometis.de\/de\/"},{"@type":"ListItem","position":2,"name":"Services","item":"https:\/\/www.cometis.de\/de\/services\/"},{"@type":"ListItem","position":3,"name":"Mergers &amp; Acquisitions","item":"https:\/\/www.cometis.de\/de\/services\/mergers-acquisitions\/"},{"@type":"ListItem","position":4,"name":"Kommunikationsstrategie"}]},{"@type":"WebSite","@id":"https:\/\/www.cometis.de\/de\/#website","url":"https:\/\/www.cometis.de\/de\/","name":"cometis AG","description":"Deutschlands f\u00fchrende Investor Relations Agentur","publisher":{"@id":"https:\/\/www.cometis.de\/de\/#organization"},"potentialAction":[{"@type":"SearchAction","target":{"@type":"EntryPoint","urlTemplate":"https:\/\/www.cometis.de\/de\/?s={search_term_string}"},"query-input":{"@type":"PropertyValueSpecification","valueRequired":true,"valueName":"search_term_string"}}],"inLanguage":"de"},{"@type":"Organization","@id":"https:\/\/www.cometis.de\/de\/#organization","name":"cometis AG","alternateName":"Deutschlands f\u00fchrende Investor Relations Agentur","url":"https:\/\/www.cometis.de\/de\/","logo":{"@type":"ImageObject","inLanguage":"de","@id":"https:\/\/www.cometis.de\/de\/#\/schema\/logo\/image\/","url":"https:\/\/www.cometis.de\/wp-content\/uploads\/2024\/12-old\/Cometis-Mobile-Logo-1.png","contentUrl":"https:\/\/www.cometis.de\/wp-content\/uploads\/2024\/12-old\/Cometis-Mobile-Logo-1.png","width":171,"height":31,"caption":"cometis AG"},"image":{"@id":"https:\/\/www.cometis.de\/de\/#\/schema\/logo\/image\/"},"sameAs":["https:\/\/www.linkedin.com\/company\/cometis-ag\/","https:\/\/www.youtube.com\/user\/cometisAG"]}]}},"_links":{"self":[{"href":"https:\/\/www.cometis.de\/de\/wp-json\/wp\/v2\/pages\/4534","targetHints":{"allow":["GET"]}}],"collection":[{"href":"https:\/\/www.cometis.de\/de\/wp-json\/wp\/v2\/pages"}],"about":[{"href":"https:\/\/www.cometis.de\/de\/wp-json\/wp\/v2\/types\/page"}],"author":[{"embeddable":true,"href":"https:\/\/www.cometis.de\/de\/wp-json\/wp\/v2\/users\/1"}],"replies":[{"embeddable":true,"href":"https:\/\/www.cometis.de\/de\/wp-json\/wp\/v2\/comments?post=4534"}],"version-history":[{"count":10,"href":"https:\/\/www.cometis.de\/de\/wp-json\/wp\/v2\/pages\/4534\/revisions"}],"predecessor-version":[{"id":110332,"href":"https:\/\/www.cometis.de\/de\/wp-json\/wp\/v2\/pages\/4534\/revisions\/110332"}],"up":[{"embeddable":true,"href":"https:\/\/www.cometis.de\/de\/wp-json\/wp\/v2\/pages\/4300"}],"wp:attachment":[{"href":"https:\/\/www.cometis.de\/de\/wp-json\/wp\/v2\/media?parent=4534"}],"curies":[{"name":"wp","href":"https:\/\/api.w.org\/{rel}","templated":true}]}}