{"id":4544,"date":"2025-01-23T06:51:23","date_gmt":"2025-01-23T05:51:23","guid":{"rendered":"https:\/\/cometis.de\/?page_id=4544"},"modified":"2025-02-18T07:03:32","modified_gmt":"2025-02-18T06:03:32","slug":"leakage-strategie","status":"publish","type":"page","link":"https:\/\/www.cometis.de\/de\/services\/mergers-acquisitions\/leakage-strategie\/","title":{"rendered":"Leakage Strategie"},"content":{"rendered":"\t\t<div data-elementor-type=\"wp-page\" data-elementor-id=\"4544\" class=\"elementor elementor-4544\" data-elementor-post-type=\"page\">\n\t\t\t\t<div class=\"elementor-element elementor-element-7aff98b e-flex e-con-boxed e-con e-parent\" data-id=\"7aff98b\" data-element_type=\"container\" data-e-type=\"container\">\n\t\t\t\t\t<div class=\"e-con-inner\">\n\t\t\t\t<div class=\"elementor-element elementor-element-c1aaf74 elementor-widget elementor-widget-template\" data-id=\"c1aaf74\" data-element_type=\"widget\" data-e-type=\"widget\" data-widget_type=\"template.default\">\n\t\t\t\t<div class=\"elementor-widget-container\">\n\t\t\t\t\t\t\t<div class=\"elementor-template\">\n\t\t\t\t\t<div data-elementor-type=\"section\" data-elementor-id=\"766\" class=\"elementor elementor-766\" data-elementor-post-type=\"elementor_library\">\n\t\t\t<div class=\"elementor-element elementor-element-1f34e34 e-flex e-con-boxed e-con e-parent\" data-id=\"1f34e34\" data-element_type=\"container\" data-e-type=\"container\">\n\t\t\t\t\t<div class=\"e-con-inner\">\n\t\t<div class=\"elementor-element elementor-element-e68c844 e-con-full e-flex e-con e-child\" data-id=\"e68c844\" data-element_type=\"container\" data-e-type=\"container\" data-settings=\"{&quot;background_background&quot;:&quot;classic&quot;}\">\n\t\t\t\t<\/div>\n\t\t<div class=\"elementor-element elementor-element-b7dac6f e-con-full e-flex e-con e-child\" data-id=\"b7dac6f\" data-element_type=\"container\" data-e-type=\"container\">\n\t\t\t\t<div class=\"elementor-element elementor-element-ce54cc3 elementor-align-left elementor-widget elementor-widget-breadcrumbs\" data-id=\"ce54cc3\" data-element_type=\"widget\" data-e-type=\"widget\" data-widget_type=\"breadcrumbs.default\">\n\t\t\t\t<div class=\"elementor-widget-container\">\n\t\t\t\t\t<div id=\"breadcrumbs\"><span><span><a href=\"https:\/\/www.cometis.de\/de\/\">Home<\/a><\/span><\/span><\/div>\t\t\t\t<\/div>\n\t\t\t\t<\/div>\n\t\t\t\t<\/div>\n\t\t\t\t\t<\/div>\n\t\t\t\t<\/div>\n\t\t\t\t<\/div>\n\t\t\t\t<\/div>\n\t\t\t\t\t\t<\/div>\n\t\t\t\t<\/div>\n\t\t\t\t\t<\/div>\n\t\t\t\t<\/div>\n\t\t<div class=\"elementor-element elementor-element-95d67a4 cmn-sidebar-content e-flex e-con-boxed e-con e-parent\" data-id=\"95d67a4\" data-element_type=\"container\" data-e-type=\"container\" data-settings=\"{&quot;background_background&quot;:&quot;classic&quot;,&quot;background_motion_fx_motion_fx_scrolling&quot;:&quot;yes&quot;,&quot;background_motion_fx_translateY_effect&quot;:&quot;yes&quot;,&quot;background_motion_fx_translateY_speed&quot;:{&quot;unit&quot;:&quot;px&quot;,&quot;size&quot;:2,&quot;sizes&quot;:[]},&quot;background_motion_fx_translateY_direction&quot;:&quot;negative&quot;,&quot;background_motion_fx_translateY_affectedRange&quot;:{&quot;unit&quot;:&quot;%&quot;,&quot;size&quot;:&quot;&quot;,&quot;sizes&quot;:{&quot;start&quot;:0,&quot;end&quot;:100}},&quot;background_motion_fx_devices&quot;:[&quot;desktop&quot;,&quot;tablet&quot;,&quot;mobile&quot;]}\">\n\t\t\t\t\t<div class=\"e-con-inner\">\n\t\t<div class=\"elementor-element elementor-element-00eeaa9 e-con-full cmn-sidebar-content p-100 e-flex e-con e-child\" data-id=\"00eeaa9\" data-element_type=\"container\" data-e-type=\"container\">\n\t\t<div class=\"elementor-element elementor-element-f99b495 e-con-full cmn-content-box e-flex e-con e-child\" data-id=\"f99b495\" data-element_type=\"container\" data-e-type=\"container\">\n\t\t<div class=\"elementor-element elementor-element-25eea26 e-con-full cmn-content-box-container e-flex e-con e-child\" data-id=\"25eea26\" data-element_type=\"container\" data-e-type=\"container\">\n\t\t\t\t<div class=\"elementor-element elementor-element-0a4573a elementor-widget elementor-widget-heading\" data-id=\"0a4573a\" data-element_type=\"widget\" data-e-type=\"widget\" data-widget_type=\"heading.default\">\n\t\t\t\t<div class=\"elementor-widget-container\">\n\t\t\t\t\t<h2 class=\"elementor-heading-title elementor-size-default\">Erfolgreicher Umgang mit M&amp;A-Leaks<\/h2>\t\t\t\t<\/div>\n\t\t\t\t<\/div>\n\t\t\t\t<div class=\"elementor-element elementor-element-8506d15 elementor-widget elementor-widget-text-editor\" data-id=\"8506d15\" data-element_type=\"widget\" data-e-type=\"widget\" data-widget_type=\"text-editor.default\">\n\t\t\t\t<div class=\"elementor-widget-container\">\n\t\t\t\t\t\t\t\t\t<p>Die vorzeitige Publikation eines Unternehmenskaufs oder einer Fusion hat nachhaltigen Einfluss auf den Fortgang der Transaktion. Mit unserer langj\u00e4hrigen Erfahrung in der <a href=\"\/de\/services\/investor-relations\/\">Finanzkommunikation<\/a> beraten wir Sie bei der Ausarbeitung einer passenden Leakage-Strategie, die von entscheidender Bedeutung ist. Denn unmittelbar mit dem f\u00fcr mindestens eine Partei ungeplanten Bekanntwerden der Verhandlungen sind alle beteiligten Parteien mit der Herausforderung konfrontiert, im Sinne ihrer individuellen Ziele erfolgreich mit dem Deal Leak umzugehen.<\/p>\t\t\t\t\t\t\t\t<\/div>\n\t\t\t\t<\/div>\n\t\t\t\t<div class=\"elementor-element elementor-element-e34c40d cmn-content-box-btn elementor-widget elementor-widget-button\" data-id=\"e34c40d\" data-element_type=\"widget\" data-e-type=\"widget\" data-widget_type=\"button.default\">\n\t\t\t\t<div class=\"elementor-widget-container\">\n\t\t\t\t\t\t\t\t\t<div class=\"elementor-button-wrapper\">\n\t\t\t\t\t<a class=\"elementor-button elementor-button-link elementor-size-sm\" href=\"\/de\/cometis-ag\/referenzen\/mergers-and-acquisitions-referenzen\">\n\t\t\t\t\t\t<span class=\"elementor-button-content-wrapper\">\n\t\t\t\t\t\t<span class=\"elementor-button-icon\">\n\t\t\t\t<svg aria-hidden=\"true\" class=\"e-font-icon-svg e-fas-chevron-right\" viewBox=\"0 0 320 512\" xmlns=\"http:\/\/www.w3.org\/2000\/svg\"><path d=\"M285.476 272.971L91.132 467.314c-9.373 9.373-24.569 9.373-33.941 0l-22.667-22.667c-9.357-9.357-9.375-24.522-.04-33.901L188.505 256 34.484 101.255c-9.335-9.379-9.317-24.544.04-33.901l22.667-22.667c9.373-9.373 24.569-9.373 33.941 0L285.475 239.03c9.373 9.372 9.373 24.568.001 33.941z\"><\/path><\/svg>\t\t\t<\/span>\n\t\t\t\t\t\t\t\t\t<span class=\"elementor-button-text\">Unsere Referenzen<\/span>\n\t\t\t\t\t<\/span>\n\t\t\t\t\t<\/a>\n\t\t\t\t<\/div>\n\t\t\t\t\t\t\t\t<\/div>\n\t\t\t\t<\/div>\n\t\t\t\t<\/div>\n\t\t<div class=\"elementor-element elementor-element-4d78bc5 e-con-full cmn-content-box-container e-flex e-con e-child\" data-id=\"4d78bc5\" data-element_type=\"container\" data-e-type=\"container\">\n\t\t\t\t<div class=\"elementor-element elementor-element-f563a6b elementor-widget elementor-widget-heading\" data-id=\"f563a6b\" data-element_type=\"widget\" data-e-type=\"widget\" data-widget_type=\"heading.default\">\n\t\t\t\t<div class=\"elementor-widget-container\">\n\t\t\t\t\t<h2 class=\"elementor-heading-title elementor-size-default\">\u00dcberdurchschnittlich viele Deal Leaks im deutschen M&amp;A-Markt<\/h2>\t\t\t\t<\/div>\n\t\t\t\t<\/div>\n\t\t\t\t<div class=\"elementor-element elementor-element-46e355f elementor-widget elementor-widget-text-editor\" data-id=\"46e355f\" data-element_type=\"widget\" data-e-type=\"widget\" data-widget_type=\"text-editor.default\">\n\t\t\t\t<div class=\"elementor-widget-container\">\n\t\t\t\t\t\t\t\t\t<p>Das Thema Deal Leakage ist im deutschen M&amp;A-Markt \u00fcberdurchschnittlich pr\u00e4sent. Eine Intralinks-Studie zeigt, dass in Deutschland in den Jahren 2009 bis 2014 im Durchschnitt 10,3 % der M&amp;A-Transaktionen vorzeitig publik wurden \u2013 Platz vier im weltweiten Vergleich und hinter Gro\u00dfbritannien Platz zwei in der EMEA-Region. Der globale Durchschnitt lag im Zeitraum 2009 bis 2014 bei 7,4 % vorzeitig publik gewordener M&amp;A-Transaktionen.<\/p>\t\t\t\t\t\t\t\t<\/div>\n\t\t\t\t<\/div>\n\t\t\t\t<\/div>\n\t\t<div class=\"elementor-element elementor-element-f97d789 e-con-full cmn-content-box-container e-flex e-con e-child\" data-id=\"f97d789\" data-element_type=\"container\" data-e-type=\"container\">\n\t\t\t\t<div class=\"elementor-element elementor-element-c681faf elementor-widget elementor-widget-heading\" data-id=\"c681faf\" data-element_type=\"widget\" data-e-type=\"widget\" data-widget_type=\"heading.default\">\n\t\t\t\t<div class=\"elementor-widget-container\">\n\t\t\t\t\t<h2 class=\"elementor-heading-title elementor-size-default\">Beabsichtigte und unbeabsichtigte Deal Leaks<\/h2>\t\t\t\t<\/div>\n\t\t\t\t<\/div>\n\t\t\t\t<div class=\"elementor-element elementor-element-7384d29 elementor-widget elementor-widget-text-editor\" data-id=\"7384d29\" data-element_type=\"widget\" data-e-type=\"widget\" data-widget_type=\"text-editor.default\">\n\t\t\t\t<div class=\"elementor-widget-container\">\n\t\t\t\t\t\t\t\t\t<p>Die Weitergabe von Insiderwissen aus dem Umfeld einer M&amp;A-Transaktion kann als taktisches Element durch eine der beteiligten Parteien vollkommen bewusst geschehen. Ein im \u00f6ffentlichen Raum gef\u00fchrtes Telefongespr\u00e4ch \u00fcber Details einer bevorstehenden Transaktion d\u00fcrfte eher in den Bereich der Fahrl\u00e4ssigkeit fallen. Dass in sozialen Medien die Profile von Angestellten eines potenziellen \u00dcbernahmekandidaten auff\u00e4llig h\u00e4ufig von Mitarbeitenden eines Wettbewerbers besucht werden, ist im Social-Media-Zeitalter ein v\u00f6llig neuer Weg, um auf unbedachte Weise ein Kaufinteresse offenzulegen.<\/p>\t\t\t\t\t\t\t\t<\/div>\n\t\t\t\t<\/div>\n\t\t\t\t<\/div>\n\t\t<div class=\"elementor-element elementor-element-d9fd92d e-con-full cmn-content-box-container e-flex e-con e-child\" data-id=\"d9fd92d\" data-element_type=\"container\" data-e-type=\"container\">\n\t\t\t\t<div class=\"elementor-element elementor-element-d251daf elementor-widget elementor-widget-heading\" data-id=\"d251daf\" data-element_type=\"widget\" data-e-type=\"widget\" data-widget_type=\"heading.default\">\n\t\t\t\t<div class=\"elementor-widget-container\">\n\t\t\t\t\t<h2 class=\"elementor-heading-title elementor-size-default\">Folgen eines Deal Leaks<\/h2>\t\t\t\t<\/div>\n\t\t\t\t<\/div>\n\t\t\t\t<div class=\"elementor-element elementor-element-e8182bc elementor-widget elementor-widget-text-editor\" data-id=\"e8182bc\" data-element_type=\"widget\" data-e-type=\"widget\" data-widget_type=\"text-editor.default\">\n\t\t\t\t<div class=\"elementor-widget-container\">\n\t\t\t\t\t\t\t\t\t<p>Vollkommen unabh\u00e4ngig davon, ob eine Transaktion bewusst oder unbewusst vorzeitig publik wurde und ob das Ziel eines beabsichtigten Deal-Leaks, die Beeinflussung des Preises, ein z\u00fcgigerer Abschluss der Verhandlungen oder sogar der Abbruch der Transaktion ist: unmittelbare Folge ist der sprunghaft steigende Kommunikationsbedarf einer Vielzahl von Personen und Institutionen \u2013 und das f\u00fcr mindestens eine beteiligte Partei zu einem g\u00e4nzlich anderen Zeitpunkt als urspr\u00fcnglich geplant. Von den derzeitigen Investoren und Fremdkapitalgebern \u00fcber die Belegschaft des Unternehmens bis hin zur Finanz- und Fachpresse wird eine Vielzahl Ihrer Stakeholder \u00fcber verschiedene Kan\u00e4le, Fragen und Reaktionen \u00e4u\u00dfern wollen und schnelle, klare Antworten erwarten. Ganz gleich, ob Sie von einer solchen Entwicklung der Lage \u00fcberrumpelt w\u00e4ren, oder nicht: Erfolgskritisch ist, dass Sie in \u00dcbereinstimmung mit der Zielsetzung Ihres M&amp;A-Vorhabens den optimalen Ausgang einer solchen Situation erreichen.<\/p>\t\t\t\t\t\t\t\t<\/div>\n\t\t\t\t<\/div>\n\t\t\t\t<\/div>\n\t\t<div class=\"elementor-element elementor-element-701dca9 e-con-full cmn-content-box-container e-flex e-con e-child\" data-id=\"701dca9\" data-element_type=\"container\" data-e-type=\"container\">\n\t\t\t\t<div class=\"elementor-element elementor-element-6d6087e elementor-widget elementor-widget-heading\" data-id=\"6d6087e\" data-element_type=\"widget\" data-e-type=\"widget\" data-widget_type=\"heading.default\">\n\t\t\t\t<div class=\"elementor-widget-container\">\n\t\t\t\t\t<h2 class=\"elementor-heading-title elementor-size-default\">Der optimale Umgang mit M&amp;A-Leaks<\/h2>\t\t\t\t<\/div>\n\t\t\t\t<\/div>\n\t\t\t\t<div class=\"elementor-element elementor-element-f03ba9d custom-list elementor-widget elementor-widget-text-editor\" data-id=\"f03ba9d\" data-element_type=\"widget\" data-e-type=\"widget\" data-widget_type=\"text-editor.default\">\n\t\t\t\t<div class=\"elementor-widget-container\">\n\t\t\t\t\t\t\t\t\t<p>Als Spezialist f\u00fcr <a href=\"\/de\/services\/investor-relations\/\">strategische Finanz-, ESG- und Unternehmenskommunikation<\/a> mit langj\u00e4hriger Erfahrung ist die cometis AG ein verl\u00e4sslicher Partner f\u00fcr den erfolgreichen Umgang mit M&amp;A-Leaks. Aus einem Portfolio von kurzfristiger Unterst\u00fctzung bei der Erstellung von zeitkritischen <a href=\"\/de\/services\/investor-relations\/medienarbeit\/ad-hoc-mitteilungen\/\">Ad-hoc<\/a>&#8211; oder <a href=\"\/de\/services\/investor-relations\/medienarbeit\/corporate-news\/\">Pressemeldungen<\/a> \u00fcber die fr\u00fchzeitige, strategische Planung und Vorbereitung von Leakage-Szenarien bis hin zum pers\u00f6nlichen Medientraining und der Erstellung von Q&amp;A-Katalogen w\u00e4hlen Sie das in Ihrer individuellen Situation bestm\u00f6glich geeignete L\u00f6sungspaket aus \u2013 wir freuen uns darauf, Sie dabei beraten zu d\u00fcrfen!<\/p>\t\t\t\t\t\t\t\t<\/div>\n\t\t\t\t<\/div>\n\t\t\t\t<\/div>\n\t\t\t\t<\/div>\n\t\t\t\t<\/div>\n\t\t\t\t\t<\/div>\n\t\t\t\t<\/div>\n\t\t\t\t<\/div>\n\t\t","protected":false},"excerpt":{"rendered":"<p>Erfolgreicher Umgang mit M&amp;A-Leaks Die vorzeitige Publikation eines Unternehmenskaufs oder einer Fusion hat nachhaltigen Einfluss auf den Fortgang der Transaktion. Mit unserer langj\u00e4hrigen Erfahrung in der Finanzkommunikation beraten wir Sie bei der Ausarbeitung einer passenden Leakage-Strategie, die von entscheidender Bedeutung ist. Denn unmittelbar mit dem f\u00fcr mindestens eine Partei ungeplanten Bekanntwerden der Verhandlungen sind alle [&hellip;]<\/p>\n","protected":false},"author":1,"featured_media":0,"parent":4300,"menu_order":0,"comment_status":"closed","ping_status":"open","template":"","meta":{"_acf_changed":false,"footnotes":""},"class_list":["post-4544","page","type-page","status-publish","hentry"],"acf":[],"yoast_head":"<!-- This site is optimized with the Yoast SEO Premium plugin v26.2 (Yoast SEO v27.4) - https:\/\/yoast.com\/product\/yoast-seo-premium-wordpress\/ -->\n<title>Leakage Strategie \u2013 erfolgreicher Umgang mit M&amp;A-Leaks | cometis AG<\/title>\n<meta name=\"description\" content=\"cometis erstellt Leakage Strategie und ist Ihr Partner f\u00fcr den erfolgreichen Umgang mit M&amp;A-Leaks. Individuelles L\u00f6sungspaket zur Leakage Strategie.\" \/>\n<meta name=\"robots\" content=\"index, follow, max-snippet:-1, max-image-preview:large, max-video-preview:-1\" \/>\n<link rel=\"canonical\" href=\"https:\/\/www.cometis.de\/de\/services\/mergers-acquisitions\/leakage-strategie\/\" \/>\n<meta property=\"og:locale\" content=\"de_DE\" \/>\n<meta property=\"og:type\" content=\"article\" \/>\n<meta property=\"og:title\" content=\"Leakage Strategie\" \/>\n<meta property=\"og:description\" content=\"cometis erstellt Leakage Strategie und ist Ihr Partner f\u00fcr den erfolgreichen Umgang mit M&amp;A-Leaks. Individuelles L\u00f6sungspaket zur Leakage Strategie.\" \/>\n<meta property=\"og:url\" content=\"https:\/\/www.cometis.de\/de\/services\/mergers-acquisitions\/leakage-strategie\/\" \/>\n<meta property=\"og:site_name\" content=\"cometis AG\" \/>\n<meta property=\"article:modified_time\" content=\"2025-02-18T06:03:32+00:00\" \/>\n<meta property=\"og:image\" content=\"https:\/\/www.cometis.de\/wp-content\/uploads\/2024\/12-old\/Cometis-Mobile-Logo-1.png\" \/>\n\t<meta property=\"og:image:width\" content=\"171\" \/>\n\t<meta property=\"og:image:height\" content=\"31\" \/>\n\t<meta property=\"og:image:type\" content=\"image\/png\" \/>\n<meta name=\"twitter:card\" content=\"summary_large_image\" \/>\n<meta name=\"twitter:label1\" content=\"Gesch\u00e4tzte Lesezeit\" \/>\n\t<meta name=\"twitter:data1\" content=\"3\u00a0Minuten\" \/>\n<script type=\"application\/ld+json\" class=\"yoast-schema-graph\">{\"@context\":\"https:\\\/\\\/schema.org\",\"@graph\":[{\"@type\":\"WebPage\",\"@id\":\"https:\\\/\\\/www.cometis.de\\\/de\\\/services\\\/mergers-acquisitions\\\/leakage-strategie\\\/\",\"url\":\"https:\\\/\\\/www.cometis.de\\\/de\\\/services\\\/mergers-acquisitions\\\/leakage-strategie\\\/\",\"name\":\"Leakage Strategie \u2013 erfolgreicher Umgang mit M&A-Leaks | cometis AG\",\"isPartOf\":{\"@id\":\"https:\\\/\\\/www.cometis.de\\\/de\\\/#website\"},\"datePublished\":\"2025-01-23T05:51:23+00:00\",\"dateModified\":\"2025-02-18T06:03:32+00:00\",\"description\":\"cometis erstellt Leakage Strategie und ist Ihr Partner f\u00fcr den erfolgreichen Umgang mit M&A-Leaks. Individuelles L\u00f6sungspaket zur Leakage Strategie.\",\"breadcrumb\":{\"@id\":\"https:\\\/\\\/www.cometis.de\\\/de\\\/services\\\/mergers-acquisitions\\\/leakage-strategie\\\/#breadcrumb\"},\"inLanguage\":\"de\",\"potentialAction\":[{\"@type\":\"ReadAction\",\"target\":[\"https:\\\/\\\/www.cometis.de\\\/de\\\/services\\\/mergers-acquisitions\\\/leakage-strategie\\\/\"]}]},{\"@type\":\"BreadcrumbList\",\"@id\":\"https:\\\/\\\/www.cometis.de\\\/de\\\/services\\\/mergers-acquisitions\\\/leakage-strategie\\\/#breadcrumb\",\"itemListElement\":[{\"@type\":\"ListItem\",\"position\":1,\"name\":\"Home\",\"item\":\"https:\\\/\\\/www.cometis.de\\\/de\\\/\"},{\"@type\":\"ListItem\",\"position\":2,\"name\":\"Services\",\"item\":\"https:\\\/\\\/www.cometis.de\\\/de\\\/services\\\/\"},{\"@type\":\"ListItem\",\"position\":3,\"name\":\"Mergers &amp; Acquisitions\",\"item\":\"https:\\\/\\\/www.cometis.de\\\/de\\\/services\\\/mergers-acquisitions\\\/\"},{\"@type\":\"ListItem\",\"position\":4,\"name\":\"Leakage Strategie\"}]},{\"@type\":\"WebSite\",\"@id\":\"https:\\\/\\\/www.cometis.de\\\/de\\\/#website\",\"url\":\"https:\\\/\\\/www.cometis.de\\\/de\\\/\",\"name\":\"cometis AG\",\"description\":\"Deutschlands f\u00fchrende Investor Relations Agentur\",\"publisher\":{\"@id\":\"https:\\\/\\\/www.cometis.de\\\/de\\\/#organization\"},\"potentialAction\":[{\"@type\":\"SearchAction\",\"target\":{\"@type\":\"EntryPoint\",\"urlTemplate\":\"https:\\\/\\\/www.cometis.de\\\/de\\\/?s={search_term_string}\"},\"query-input\":{\"@type\":\"PropertyValueSpecification\",\"valueRequired\":true,\"valueName\":\"search_term_string\"}}],\"inLanguage\":\"de\"},{\"@type\":\"Organization\",\"@id\":\"https:\\\/\\\/www.cometis.de\\\/de\\\/#organization\",\"name\":\"cometis AG\",\"alternateName\":\"Deutschlands f\u00fchrende Investor Relations Agentur\",\"url\":\"https:\\\/\\\/www.cometis.de\\\/de\\\/\",\"logo\":{\"@type\":\"ImageObject\",\"inLanguage\":\"de\",\"@id\":\"https:\\\/\\\/www.cometis.de\\\/de\\\/#\\\/schema\\\/logo\\\/image\\\/\",\"url\":\"https:\\\/\\\/www.cometis.de\\\/wp-content\\\/uploads\\\/2024\\\/12-old\\\/Cometis-Mobile-Logo-1.png\",\"contentUrl\":\"https:\\\/\\\/www.cometis.de\\\/wp-content\\\/uploads\\\/2024\\\/12-old\\\/Cometis-Mobile-Logo-1.png\",\"width\":171,\"height\":31,\"caption\":\"cometis AG\"},\"image\":{\"@id\":\"https:\\\/\\\/www.cometis.de\\\/de\\\/#\\\/schema\\\/logo\\\/image\\\/\"},\"sameAs\":[\"https:\\\/\\\/www.linkedin.com\\\/company\\\/cometis-ag\\\/\",\"https:\\\/\\\/www.youtube.com\\\/user\\\/cometisAG\"]}]}<\/script>\n<!-- \/ Yoast SEO Premium plugin. -->","yoast_head_json":{"title":"Leakage Strategie \u2013 erfolgreicher Umgang mit M&A-Leaks | cometis AG","description":"cometis erstellt Leakage Strategie und ist Ihr Partner f\u00fcr den erfolgreichen Umgang mit M&A-Leaks. Individuelles L\u00f6sungspaket zur Leakage Strategie.","robots":{"index":"index","follow":"follow","max-snippet":"max-snippet:-1","max-image-preview":"max-image-preview:large","max-video-preview":"max-video-preview:-1"},"canonical":"https:\/\/www.cometis.de\/de\/services\/mergers-acquisitions\/leakage-strategie\/","og_locale":"de_DE","og_type":"article","og_title":"Leakage Strategie","og_description":"cometis erstellt Leakage Strategie und ist Ihr Partner f\u00fcr den erfolgreichen Umgang mit M&A-Leaks. Individuelles L\u00f6sungspaket zur Leakage Strategie.","og_url":"https:\/\/www.cometis.de\/de\/services\/mergers-acquisitions\/leakage-strategie\/","og_site_name":"cometis AG","article_modified_time":"2025-02-18T06:03:32+00:00","og_image":[{"width":171,"height":31,"url":"https:\/\/www.cometis.de\/wp-content\/uploads\/2024\/12-old\/Cometis-Mobile-Logo-1.png","type":"image\/png"}],"twitter_card":"summary_large_image","twitter_misc":{"Gesch\u00e4tzte Lesezeit":"3\u00a0Minuten"},"schema":{"@context":"https:\/\/schema.org","@graph":[{"@type":"WebPage","@id":"https:\/\/www.cometis.de\/de\/services\/mergers-acquisitions\/leakage-strategie\/","url":"https:\/\/www.cometis.de\/de\/services\/mergers-acquisitions\/leakage-strategie\/","name":"Leakage Strategie \u2013 erfolgreicher Umgang mit M&A-Leaks | cometis AG","isPartOf":{"@id":"https:\/\/www.cometis.de\/de\/#website"},"datePublished":"2025-01-23T05:51:23+00:00","dateModified":"2025-02-18T06:03:32+00:00","description":"cometis erstellt Leakage Strategie und ist Ihr Partner f\u00fcr den erfolgreichen Umgang mit M&A-Leaks. Individuelles L\u00f6sungspaket zur Leakage Strategie.","breadcrumb":{"@id":"https:\/\/www.cometis.de\/de\/services\/mergers-acquisitions\/leakage-strategie\/#breadcrumb"},"inLanguage":"de","potentialAction":[{"@type":"ReadAction","target":["https:\/\/www.cometis.de\/de\/services\/mergers-acquisitions\/leakage-strategie\/"]}]},{"@type":"BreadcrumbList","@id":"https:\/\/www.cometis.de\/de\/services\/mergers-acquisitions\/leakage-strategie\/#breadcrumb","itemListElement":[{"@type":"ListItem","position":1,"name":"Home","item":"https:\/\/www.cometis.de\/de\/"},{"@type":"ListItem","position":2,"name":"Services","item":"https:\/\/www.cometis.de\/de\/services\/"},{"@type":"ListItem","position":3,"name":"Mergers &amp; Acquisitions","item":"https:\/\/www.cometis.de\/de\/services\/mergers-acquisitions\/"},{"@type":"ListItem","position":4,"name":"Leakage Strategie"}]},{"@type":"WebSite","@id":"https:\/\/www.cometis.de\/de\/#website","url":"https:\/\/www.cometis.de\/de\/","name":"cometis AG","description":"Deutschlands f\u00fchrende Investor Relations Agentur","publisher":{"@id":"https:\/\/www.cometis.de\/de\/#organization"},"potentialAction":[{"@type":"SearchAction","target":{"@type":"EntryPoint","urlTemplate":"https:\/\/www.cometis.de\/de\/?s={search_term_string}"},"query-input":{"@type":"PropertyValueSpecification","valueRequired":true,"valueName":"search_term_string"}}],"inLanguage":"de"},{"@type":"Organization","@id":"https:\/\/www.cometis.de\/de\/#organization","name":"cometis AG","alternateName":"Deutschlands f\u00fchrende Investor Relations Agentur","url":"https:\/\/www.cometis.de\/de\/","logo":{"@type":"ImageObject","inLanguage":"de","@id":"https:\/\/www.cometis.de\/de\/#\/schema\/logo\/image\/","url":"https:\/\/www.cometis.de\/wp-content\/uploads\/2024\/12-old\/Cometis-Mobile-Logo-1.png","contentUrl":"https:\/\/www.cometis.de\/wp-content\/uploads\/2024\/12-old\/Cometis-Mobile-Logo-1.png","width":171,"height":31,"caption":"cometis AG"},"image":{"@id":"https:\/\/www.cometis.de\/de\/#\/schema\/logo\/image\/"},"sameAs":["https:\/\/www.linkedin.com\/company\/cometis-ag\/","https:\/\/www.youtube.com\/user\/cometisAG"]}]}},"_links":{"self":[{"href":"https:\/\/www.cometis.de\/de\/wp-json\/wp\/v2\/pages\/4544","targetHints":{"allow":["GET"]}}],"collection":[{"href":"https:\/\/www.cometis.de\/de\/wp-json\/wp\/v2\/pages"}],"about":[{"href":"https:\/\/www.cometis.de\/de\/wp-json\/wp\/v2\/types\/page"}],"author":[{"embeddable":true,"href":"https:\/\/www.cometis.de\/de\/wp-json\/wp\/v2\/users\/1"}],"replies":[{"embeddable":true,"href":"https:\/\/www.cometis.de\/de\/wp-json\/wp\/v2\/comments?post=4544"}],"version-history":[{"count":3,"href":"https:\/\/www.cometis.de\/de\/wp-json\/wp\/v2\/pages\/4544\/revisions"}],"predecessor-version":[{"id":107596,"href":"https:\/\/www.cometis.de\/de\/wp-json\/wp\/v2\/pages\/4544\/revisions\/107596"}],"up":[{"embeddable":true,"href":"https:\/\/www.cometis.de\/de\/wp-json\/wp\/v2\/pages\/4300"}],"wp:attachment":[{"href":"https:\/\/www.cometis.de\/de\/wp-json\/wp\/v2\/media?parent=4544"}],"curies":[{"name":"wp","href":"https:\/\/api.w.org\/{rel}","templated":true}]}}