{"id":4562,"date":"2025-01-23T06:58:42","date_gmt":"2025-01-23T05:58:42","guid":{"rendered":"https:\/\/cometis.de\/?page_id=4562"},"modified":"2025-02-18T07:13:16","modified_gmt":"2025-02-18T06:13:16","slug":"medienmanagement","status":"publish","type":"page","link":"https:\/\/www.cometis.de\/de\/services\/mergers-acquisitions\/medienmanagement\/","title":{"rendered":"Medienmanagement"},"content":{"rendered":"\t\t<div data-elementor-type=\"wp-page\" data-elementor-id=\"4562\" class=\"elementor elementor-4562\" data-elementor-post-type=\"page\">\n\t\t\t\t<div class=\"elementor-element elementor-element-993b7e6 e-flex e-con-boxed e-con e-parent\" data-id=\"993b7e6\" data-element_type=\"container\" data-e-type=\"container\">\n\t\t\t\t\t<div class=\"e-con-inner\">\n\t\t\t\t<div class=\"elementor-element elementor-element-7cf8cfb elementor-widget elementor-widget-template\" data-id=\"7cf8cfb\" data-element_type=\"widget\" data-e-type=\"widget\" data-widget_type=\"template.default\">\n\t\t\t\t<div class=\"elementor-widget-container\">\n\t\t\t\t\t\t\t<div class=\"elementor-template\">\n\t\t\t\t\t<div data-elementor-type=\"section\" data-elementor-id=\"766\" class=\"elementor elementor-766\" data-elementor-post-type=\"elementor_library\">\n\t\t\t<div class=\"elementor-element elementor-element-1f34e34 e-flex e-con-boxed e-con e-parent\" data-id=\"1f34e34\" data-element_type=\"container\" data-e-type=\"container\">\n\t\t\t\t\t<div class=\"e-con-inner\">\n\t\t<div class=\"elementor-element elementor-element-e68c844 e-con-full e-flex e-con e-child\" data-id=\"e68c844\" data-element_type=\"container\" data-e-type=\"container\" data-settings=\"{&quot;background_background&quot;:&quot;classic&quot;}\">\n\t\t\t\t<\/div>\n\t\t<div class=\"elementor-element elementor-element-b7dac6f e-con-full e-flex e-con e-child\" data-id=\"b7dac6f\" data-element_type=\"container\" data-e-type=\"container\">\n\t\t\t\t<div class=\"elementor-element elementor-element-ce54cc3 elementor-align-left elementor-widget elementor-widget-breadcrumbs\" data-id=\"ce54cc3\" data-element_type=\"widget\" data-e-type=\"widget\" data-widget_type=\"breadcrumbs.default\">\n\t\t\t\t<div class=\"elementor-widget-container\">\n\t\t\t\t\t<div id=\"breadcrumbs\"><span><span><a href=\"https:\/\/www.cometis.de\/de\/\">Home<\/a><\/span><\/span><\/div>\t\t\t\t<\/div>\n\t\t\t\t<\/div>\n\t\t\t\t<\/div>\n\t\t\t\t\t<\/div>\n\t\t\t\t<\/div>\n\t\t\t\t<\/div>\n\t\t\t\t<\/div>\n\t\t\t\t\t\t<\/div>\n\t\t\t\t<\/div>\n\t\t\t\t\t<\/div>\n\t\t\t\t<\/div>\n\t\t<div class=\"elementor-element elementor-element-ad9958b cmn-sidebar-content e-flex e-con-boxed e-con e-parent\" data-id=\"ad9958b\" data-element_type=\"container\" data-e-type=\"container\" data-settings=\"{&quot;background_background&quot;:&quot;classic&quot;,&quot;background_motion_fx_motion_fx_scrolling&quot;:&quot;yes&quot;,&quot;background_motion_fx_translateY_effect&quot;:&quot;yes&quot;,&quot;background_motion_fx_translateY_speed&quot;:{&quot;unit&quot;:&quot;px&quot;,&quot;size&quot;:2,&quot;sizes&quot;:[]},&quot;background_motion_fx_translateY_direction&quot;:&quot;negative&quot;,&quot;background_motion_fx_translateY_affectedRange&quot;:{&quot;unit&quot;:&quot;%&quot;,&quot;size&quot;:&quot;&quot;,&quot;sizes&quot;:{&quot;start&quot;:0,&quot;end&quot;:100}},&quot;background_motion_fx_devices&quot;:[&quot;desktop&quot;,&quot;tablet&quot;,&quot;mobile&quot;]}\">\n\t\t\t\t\t<div class=\"e-con-inner\">\n\t\t<div class=\"elementor-element elementor-element-f1f6658 e-con-full cmn-sidebar-content p-100 e-flex e-con e-child\" data-id=\"f1f6658\" data-element_type=\"container\" data-e-type=\"container\">\n\t\t<div class=\"elementor-element elementor-element-cade874 e-con-full cmn-content-box e-flex e-con e-child\" data-id=\"cade874\" data-element_type=\"container\" data-e-type=\"container\">\n\t\t<div class=\"elementor-element elementor-element-59e8169 e-con-full cmn-content-box-container e-flex e-con e-child\" data-id=\"59e8169\" data-element_type=\"container\" data-e-type=\"container\">\n\t\t\t\t<div class=\"elementor-element elementor-element-1dfc171 elementor-widget elementor-widget-heading\" data-id=\"1dfc171\" data-element_type=\"widget\" data-e-type=\"widget\" data-widget_type=\"heading.default\">\n\t\t\t\t<div class=\"elementor-widget-container\">\n\t\t\t\t\t<h2 class=\"elementor-heading-title elementor-size-default\">M&amp;A-Prozess aktiv steuern<\/h2>\t\t\t\t<\/div>\n\t\t\t\t<\/div>\n\t\t\t\t<div class=\"elementor-element elementor-element-5c14363 elementor-widget elementor-widget-text-editor\" data-id=\"5c14363\" data-element_type=\"widget\" data-e-type=\"widget\" data-widget_type=\"text-editor.default\">\n\t\t\t\t<div class=\"elementor-widget-container\">\n\t\t\t\t\t\t\t\t\t<p>Fusionen und Unternehmensk\u00e4ufe gehen in aller Regel mit tiefgreifenden Ver\u00e4nderungen in den beteiligten Organisationen einher. Mit strategischem Medienmanagement k\u00f6nnen Sie aktiv Ihre Kommunikation steuern und die Deutungshoheit w\u00e4hrend des M&amp;A-Prozesses aufrechterhalten. Sobald eine bevorstehende M&amp;A-Transaktion in der \u00d6ffentlichkeit bekannt wird, entsteht in s\u00e4mtlichen Stakeholder-Gruppen der beteiligten Unternehmen ein enormer Kommunikationsbedarf. Inhaltlich stehen dabei Bedenken hinsichtlich Arbeitsplatzsicherheit, Unsicherheit unter den derzeitigen Investoren oder Fragen zur Fortf\u00fchrung von Marken und Produkten regelm\u00e4\u00dfig im Fokus.<\/p>\t\t\t\t\t\t\t\t<\/div>\n\t\t\t\t<\/div>\n\t\t\t\t<div class=\"elementor-element elementor-element-68f56e5 cmn-content-box-btn elementor-widget elementor-widget-button\" data-id=\"68f56e5\" data-element_type=\"widget\" data-e-type=\"widget\" data-widget_type=\"button.default\">\n\t\t\t\t<div class=\"elementor-widget-container\">\n\t\t\t\t\t\t\t\t\t<div class=\"elementor-button-wrapper\">\n\t\t\t\t\t<a class=\"elementor-button elementor-button-link elementor-size-sm\" href=\"\/de\/cometis-ag\/referenzen\/mergers-and-acquisitions-referenzen\">\n\t\t\t\t\t\t<span class=\"elementor-button-content-wrapper\">\n\t\t\t\t\t\t<span class=\"elementor-button-icon\">\n\t\t\t\t<svg aria-hidden=\"true\" class=\"e-font-icon-svg e-fas-chevron-right\" viewBox=\"0 0 320 512\" xmlns=\"http:\/\/www.w3.org\/2000\/svg\"><path d=\"M285.476 272.971L91.132 467.314c-9.373 9.373-24.569 9.373-33.941 0l-22.667-22.667c-9.357-9.357-9.375-24.522-.04-33.901L188.505 256 34.484 101.255c-9.335-9.379-9.317-24.544.04-33.901l22.667-22.667c9.373-9.373 24.569-9.373 33.941 0L285.475 239.03c9.373 9.372 9.373 24.568.001 33.941z\"><\/path><\/svg>\t\t\t<\/span>\n\t\t\t\t\t\t\t\t\t<span class=\"elementor-button-text\">Unsere Referenzen<\/span>\n\t\t\t\t\t<\/span>\n\t\t\t\t\t<\/a>\n\t\t\t\t<\/div>\n\t\t\t\t\t\t\t\t<\/div>\n\t\t\t\t<\/div>\n\t\t\t\t<\/div>\n\t\t<div class=\"elementor-element elementor-element-d6f617c e-con-full cmn-content-box-container e-flex e-con e-child\" data-id=\"d6f617c\" data-element_type=\"container\" data-e-type=\"container\">\n\t\t\t\t<div class=\"elementor-element elementor-element-fc19f68 elementor-widget elementor-widget-heading\" data-id=\"fc19f68\" data-element_type=\"widget\" data-e-type=\"widget\" data-widget_type=\"heading.default\">\n\t\t\t\t<div class=\"elementor-widget-container\">\n\t\t\t\t\t<h2 class=\"elementor-heading-title elementor-size-default\">Das \u00f6ffentliche Meinungsbild durch Medienmanagement mitbestimmen<\/h2>\t\t\t\t<\/div>\n\t\t\t\t<\/div>\n\t\t\t\t<div class=\"elementor-element elementor-element-af72cd0 elementor-widget elementor-widget-text-editor\" data-id=\"af72cd0\" data-element_type=\"widget\" data-e-type=\"widget\" data-widget_type=\"text-editor.default\">\n\t\t\t\t<div class=\"elementor-widget-container\">\n\t\t\t\t\t\t\t\t\t<p>Die Art und Weise, wie eine Fusion oder ein Unternehmenskauf in den Medien dargestellt und diskutiert wird, pr\u00e4gt nachhaltig die Wahrnehmung einer M&amp;A-Transaktion in der \u00d6ffentlichkeit. \u00dcber Print- und Onlinemedien, TV und Social Media werden in k\u00fcrzester Zeit Millionen Menschen erreicht. Die M\u00f6glichkeit, auf diesem Wege das \u00f6ffentliche Meinungsbild zu einer M&amp;A-Transaktion zu beeinflussen und auf diese Weise auf den weiteren Verlauf der Verhandlungen einzuwirken, steht dabei allen Stakeholdern gleicherma\u00dfen offen.<\/p>\t\t\t\t\t\t\t\t<\/div>\n\t\t\t\t<\/div>\n\t\t\t\t<\/div>\n\t\t<div class=\"elementor-element elementor-element-618ee07 e-con-full cmn-content-box-container e-flex e-con e-child\" data-id=\"618ee07\" data-element_type=\"container\" data-e-type=\"container\">\n\t\t\t\t<div class=\"elementor-element elementor-element-29a349d elementor-widget elementor-widget-heading\" data-id=\"29a349d\" data-element_type=\"widget\" data-e-type=\"widget\" data-widget_type=\"heading.default\">\n\t\t\t\t<div class=\"elementor-widget-container\">\n\t\t\t\t\t<h2 class=\"elementor-heading-title elementor-size-default\">Stakeholder nutzen Medieneinsatz f\u00fcr ihre individuellen Zwecke<\/h2>\t\t\t\t<\/div>\n\t\t\t\t<\/div>\n\t\t\t\t<div class=\"elementor-element elementor-element-ee20814 elementor-widget elementor-widget-text-editor\" data-id=\"ee20814\" data-element_type=\"widget\" data-e-type=\"widget\" data-widget_type=\"text-editor.default\">\n\t\t\t\t<div class=\"elementor-widget-container\">\n\t\t\t\t\t\t\t\t\t<p>Nicht nur Vorstand, Aufsichtsrat, Mitarbeitende und Betriebsrat, sondern auch Investoren und Analysten sowie Regulierungsbeh\u00f6rden, politische Entscheider, Gewerkschaften, Lieferanten und Wettbewerber versuchen, ihren individuellen Erwartungen und Anspr\u00fcche unter Nutzung der gesamten Bandbreite an verf\u00fcgbaren Medien Nachdruck zu verleihen. Dabei steht nicht in jedem Fall die objektive Vermittlung von Fakten und eine faire Diskussion im Vordergrund \u2013 auch die bewusste Verbreitung von Ger\u00fcchten oder der emotionsgeladene Aufbau einer Opposition sind immer wieder in den Medien pr\u00e4sent. Um in diesem Spannungsfeld eine M&amp;A-Transaktion im Sinne der eigenen Ziele erfolgreich zum Ende zu f\u00fchren, ist die Rolle des Medienmanagements als strategischer und erfolgskritischer Faktor im M&amp;A-Prozess nicht zu untersch\u00e4tzen.<\/p>\t\t\t\t\t\t\t\t<\/div>\n\t\t\t\t<\/div>\n\t\t\t\t<\/div>\n\t\t<div class=\"elementor-element elementor-element-32d1a6c e-con-full cmn-content-box-container e-flex e-con e-child\" data-id=\"32d1a6c\" data-element_type=\"container\" data-e-type=\"container\">\n\t\t\t\t<div class=\"elementor-element elementor-element-3ee6994 elementor-widget elementor-widget-heading\" data-id=\"3ee6994\" data-element_type=\"widget\" data-e-type=\"widget\" data-widget_type=\"heading.default\">\n\t\t\t\t<div class=\"elementor-widget-container\">\n\t\t\t\t\t<h2 class=\"elementor-heading-title elementor-size-default\">Erfolgreiches Medienmanagement im M&amp;A-Prozess<\/h2>\t\t\t\t<\/div>\n\t\t\t\t<\/div>\n\t\t\t\t<div class=\"elementor-element elementor-element-2b3b064 elementor-widget elementor-widget-text-editor\" data-id=\"2b3b064\" data-element_type=\"widget\" data-e-type=\"widget\" data-widget_type=\"text-editor.default\">\n\t\t\t\t<div class=\"elementor-widget-container\">\n\t\t\t\t\t\t\t\t\tF\u00fcr die Aufrechterhaltung der Kommunikations- und Deutungshoheit im Laufe eines M&amp;A-Prozesses ist ein strategisches Medienmanagement erfolgsentscheidend. Als Spezialist f\u00fcr <a href=\"\/de\/services\/investor-relations\/\">strategische ESG-, Finanz- und Unternehmenskommunikation<\/a> mit langj\u00e4hriger Erfahrung ist die cometis AG ein verl\u00e4sslicher Partner f\u00fcr die Entwicklung einer <a href=\"\/de\/services\/mergers-acquisitions\/kommunikationsstrategie\/\">M&amp;A-Kommunikationsstrategie<\/a>, die Umsetzung eines daraus abgeleiteten aktiven Medienmanagements sowie die Sicherstellung der wirkungsvollen Platzierung Ihrer <a href=\"\/de\/services\/mergers-acquisitions\/kernbotschaften\/\">Kernbotschaften<\/a>. Unsere Unterst\u00fctzung reicht dabei von der Entwicklung offizieller Sprachregelungen und dem Verfassen von Presse- und Pflichtmitteilungen \u00fcber die Durchf\u00fchrung von Medienresonanzanalysen bis hin zur Wahrnehmung der Rolle als <a href=\"\/de\/services\/mergers-acquisitions\/interims-sprecher\/\">Interims-Unternehmenssprecher<\/a>. Aus unserem Leistungsportfolio w\u00e4hlen Sie das in Ihrer individuellen Situation bestm\u00f6glich geeignete L\u00f6sungspaket aus \u2013 wir freuen uns darauf, Sie dabei beraten zu d\u00fcrfen!\t\t\t\t\t\t\t\t<\/div>\n\t\t\t\t<\/div>\n\t\t\t\t<\/div>\n\t\t\t\t<\/div>\n\t\t\t\t<\/div>\n\t\t\t\t\t<\/div>\n\t\t\t\t<\/div>\n\t\t\t\t<\/div>\n\t\t","protected":false},"excerpt":{"rendered":"<p>M&amp;A-Prozess aktiv steuern Fusionen und Unternehmensk\u00e4ufe gehen in aller Regel mit tiefgreifenden Ver\u00e4nderungen in den beteiligten Organisationen einher. Mit strategischem Medienmanagement k\u00f6nnen Sie aktiv Ihre Kommunikation steuern und die Deutungshoheit w\u00e4hrend des M&amp;A-Prozesses aufrechterhalten. Sobald eine bevorstehende M&amp;A-Transaktion in der \u00d6ffentlichkeit bekannt wird, entsteht in s\u00e4mtlichen Stakeholder-Gruppen der beteiligten Unternehmen ein enormer Kommunikationsbedarf. Inhaltlich stehen [&hellip;]<\/p>\n","protected":false},"author":1,"featured_media":0,"parent":4302,"menu_order":0,"comment_status":"closed","ping_status":"open","template":"","meta":{"_acf_changed":false,"footnotes":""},"class_list":["post-4562","page","type-page","status-publish","hentry"],"acf":[],"yoast_head":"<!-- This site is optimized with the Yoast SEO Premium plugin v26.2 (Yoast SEO v27.4) - https:\/\/yoast.com\/product\/yoast-seo-premium-wordpress\/ -->\n<title>Medienmanagement \u2013 \u00f6ffentliches Meinungsbild mitbestimmen | cometis AG<\/title>\n<meta name=\"description\" content=\"cometis AG ist auf die Entwicklung von M&amp;A-Kommunikationsstrategien und die Umsetzung eines daraus abgeleiteten aktiven Medienmanagements spezialisiert.\" \/>\n<meta name=\"robots\" content=\"index, follow, max-snippet:-1, max-image-preview:large, max-video-preview:-1\" \/>\n<link rel=\"canonical\" href=\"https:\/\/www.cometis.de\/de\/services\/mergers-acquisitions\/medienmanagement\/\" \/>\n<meta property=\"og:locale\" content=\"de_DE\" \/>\n<meta property=\"og:type\" content=\"article\" \/>\n<meta property=\"og:title\" content=\"Medienmanagement\" \/>\n<meta property=\"og:description\" content=\"cometis AG ist auf die Entwicklung von M&amp;A-Kommunikationsstrategien und die Umsetzung eines daraus abgeleiteten aktiven Medienmanagements spezialisiert.\" \/>\n<meta property=\"og:url\" content=\"https:\/\/www.cometis.de\/de\/services\/mergers-acquisitions\/medienmanagement\/\" \/>\n<meta property=\"og:site_name\" content=\"cometis AG\" \/>\n<meta property=\"article:modified_time\" content=\"2025-02-18T06:13:16+00:00\" \/>\n<meta property=\"og:image\" content=\"https:\/\/www.cometis.de\/wp-content\/uploads\/2024\/12-old\/Cometis-Mobile-Logo-1.png\" \/>\n\t<meta property=\"og:image:width\" content=\"171\" \/>\n\t<meta property=\"og:image:height\" content=\"31\" \/>\n\t<meta property=\"og:image:type\" content=\"image\/png\" \/>\n<meta name=\"twitter:card\" content=\"summary_large_image\" \/>\n<meta name=\"twitter:label1\" content=\"Gesch\u00e4tzte Lesezeit\" \/>\n\t<meta name=\"twitter:data1\" content=\"3\u00a0Minuten\" \/>\n<script type=\"application\/ld+json\" class=\"yoast-schema-graph\">{\"@context\":\"https:\\\/\\\/schema.org\",\"@graph\":[{\"@type\":\"WebPage\",\"@id\":\"https:\\\/\\\/www.cometis.de\\\/de\\\/services\\\/mergers-acquisitions\\\/medienmanagement\\\/\",\"url\":\"https:\\\/\\\/www.cometis.de\\\/de\\\/services\\\/mergers-acquisitions\\\/medienmanagement\\\/\",\"name\":\"Medienmanagement \u2013 \u00f6ffentliches Meinungsbild mitbestimmen | cometis AG\",\"isPartOf\":{\"@id\":\"https:\\\/\\\/www.cometis.de\\\/de\\\/#website\"},\"datePublished\":\"2025-01-23T05:58:42+00:00\",\"dateModified\":\"2025-02-18T06:13:16+00:00\",\"description\":\"cometis AG ist auf die Entwicklung von M&A-Kommunikationsstrategien und die Umsetzung eines daraus abgeleiteten aktiven Medienmanagements spezialisiert.\",\"breadcrumb\":{\"@id\":\"https:\\\/\\\/www.cometis.de\\\/de\\\/services\\\/mergers-acquisitions\\\/medienmanagement\\\/#breadcrumb\"},\"inLanguage\":\"de\",\"potentialAction\":[{\"@type\":\"ReadAction\",\"target\":[\"https:\\\/\\\/www.cometis.de\\\/de\\\/services\\\/mergers-acquisitions\\\/medienmanagement\\\/\"]}]},{\"@type\":\"BreadcrumbList\",\"@id\":\"https:\\\/\\\/www.cometis.de\\\/de\\\/services\\\/mergers-acquisitions\\\/medienmanagement\\\/#breadcrumb\",\"itemListElement\":[{\"@type\":\"ListItem\",\"position\":1,\"name\":\"Home\",\"item\":\"https:\\\/\\\/www.cometis.de\\\/de\\\/\"},{\"@type\":\"ListItem\",\"position\":2,\"name\":\"Services\",\"item\":\"https:\\\/\\\/www.cometis.de\\\/de\\\/services\\\/\"},{\"@type\":\"ListItem\",\"position\":3,\"name\":\"Mergers &amp; Acquisitions\",\"item\":\"https:\\\/\\\/www.cometis.de\\\/de\\\/services\\\/mergers-acquisitions\\\/\"},{\"@type\":\"ListItem\",\"position\":4,\"name\":\"Medienmanagement\"}]},{\"@type\":\"WebSite\",\"@id\":\"https:\\\/\\\/www.cometis.de\\\/de\\\/#website\",\"url\":\"https:\\\/\\\/www.cometis.de\\\/de\\\/\",\"name\":\"cometis AG\",\"description\":\"Deutschlands f\u00fchrende Investor Relations Agentur\",\"publisher\":{\"@id\":\"https:\\\/\\\/www.cometis.de\\\/de\\\/#organization\"},\"potentialAction\":[{\"@type\":\"SearchAction\",\"target\":{\"@type\":\"EntryPoint\",\"urlTemplate\":\"https:\\\/\\\/www.cometis.de\\\/de\\\/?s={search_term_string}\"},\"query-input\":{\"@type\":\"PropertyValueSpecification\",\"valueRequired\":true,\"valueName\":\"search_term_string\"}}],\"inLanguage\":\"de\"},{\"@type\":\"Organization\",\"@id\":\"https:\\\/\\\/www.cometis.de\\\/de\\\/#organization\",\"name\":\"cometis AG\",\"alternateName\":\"Deutschlands f\u00fchrende Investor Relations Agentur\",\"url\":\"https:\\\/\\\/www.cometis.de\\\/de\\\/\",\"logo\":{\"@type\":\"ImageObject\",\"inLanguage\":\"de\",\"@id\":\"https:\\\/\\\/www.cometis.de\\\/de\\\/#\\\/schema\\\/logo\\\/image\\\/\",\"url\":\"https:\\\/\\\/www.cometis.de\\\/wp-content\\\/uploads\\\/2024\\\/12-old\\\/Cometis-Mobile-Logo-1.png\",\"contentUrl\":\"https:\\\/\\\/www.cometis.de\\\/wp-content\\\/uploads\\\/2024\\\/12-old\\\/Cometis-Mobile-Logo-1.png\",\"width\":171,\"height\":31,\"caption\":\"cometis AG\"},\"image\":{\"@id\":\"https:\\\/\\\/www.cometis.de\\\/de\\\/#\\\/schema\\\/logo\\\/image\\\/\"},\"sameAs\":[\"https:\\\/\\\/www.linkedin.com\\\/company\\\/cometis-ag\\\/\",\"https:\\\/\\\/www.youtube.com\\\/user\\\/cometisAG\"]}]}<\/script>\n<!-- \/ Yoast SEO Premium plugin. -->","yoast_head_json":{"title":"Medienmanagement \u2013 \u00f6ffentliches Meinungsbild mitbestimmen | cometis AG","description":"cometis AG ist auf die Entwicklung von M&A-Kommunikationsstrategien und die Umsetzung eines daraus abgeleiteten aktiven Medienmanagements spezialisiert.","robots":{"index":"index","follow":"follow","max-snippet":"max-snippet:-1","max-image-preview":"max-image-preview:large","max-video-preview":"max-video-preview:-1"},"canonical":"https:\/\/www.cometis.de\/de\/services\/mergers-acquisitions\/medienmanagement\/","og_locale":"de_DE","og_type":"article","og_title":"Medienmanagement","og_description":"cometis AG ist auf die Entwicklung von M&A-Kommunikationsstrategien und die Umsetzung eines daraus abgeleiteten aktiven Medienmanagements spezialisiert.","og_url":"https:\/\/www.cometis.de\/de\/services\/mergers-acquisitions\/medienmanagement\/","og_site_name":"cometis AG","article_modified_time":"2025-02-18T06:13:16+00:00","og_image":[{"width":171,"height":31,"url":"https:\/\/www.cometis.de\/wp-content\/uploads\/2024\/12-old\/Cometis-Mobile-Logo-1.png","type":"image\/png"}],"twitter_card":"summary_large_image","twitter_misc":{"Gesch\u00e4tzte Lesezeit":"3\u00a0Minuten"},"schema":{"@context":"https:\/\/schema.org","@graph":[{"@type":"WebPage","@id":"https:\/\/www.cometis.de\/de\/services\/mergers-acquisitions\/medienmanagement\/","url":"https:\/\/www.cometis.de\/de\/services\/mergers-acquisitions\/medienmanagement\/","name":"Medienmanagement \u2013 \u00f6ffentliches Meinungsbild mitbestimmen | cometis AG","isPartOf":{"@id":"https:\/\/www.cometis.de\/de\/#website"},"datePublished":"2025-01-23T05:58:42+00:00","dateModified":"2025-02-18T06:13:16+00:00","description":"cometis AG ist auf die Entwicklung von M&A-Kommunikationsstrategien und die Umsetzung eines daraus abgeleiteten aktiven Medienmanagements spezialisiert.","breadcrumb":{"@id":"https:\/\/www.cometis.de\/de\/services\/mergers-acquisitions\/medienmanagement\/#breadcrumb"},"inLanguage":"de","potentialAction":[{"@type":"ReadAction","target":["https:\/\/www.cometis.de\/de\/services\/mergers-acquisitions\/medienmanagement\/"]}]},{"@type":"BreadcrumbList","@id":"https:\/\/www.cometis.de\/de\/services\/mergers-acquisitions\/medienmanagement\/#breadcrumb","itemListElement":[{"@type":"ListItem","position":1,"name":"Home","item":"https:\/\/www.cometis.de\/de\/"},{"@type":"ListItem","position":2,"name":"Services","item":"https:\/\/www.cometis.de\/de\/services\/"},{"@type":"ListItem","position":3,"name":"Mergers &amp; Acquisitions","item":"https:\/\/www.cometis.de\/de\/services\/mergers-acquisitions\/"},{"@type":"ListItem","position":4,"name":"Medienmanagement"}]},{"@type":"WebSite","@id":"https:\/\/www.cometis.de\/de\/#website","url":"https:\/\/www.cometis.de\/de\/","name":"cometis AG","description":"Deutschlands f\u00fchrende Investor Relations Agentur","publisher":{"@id":"https:\/\/www.cometis.de\/de\/#organization"},"potentialAction":[{"@type":"SearchAction","target":{"@type":"EntryPoint","urlTemplate":"https:\/\/www.cometis.de\/de\/?s={search_term_string}"},"query-input":{"@type":"PropertyValueSpecification","valueRequired":true,"valueName":"search_term_string"}}],"inLanguage":"de"},{"@type":"Organization","@id":"https:\/\/www.cometis.de\/de\/#organization","name":"cometis AG","alternateName":"Deutschlands f\u00fchrende Investor Relations Agentur","url":"https:\/\/www.cometis.de\/de\/","logo":{"@type":"ImageObject","inLanguage":"de","@id":"https:\/\/www.cometis.de\/de\/#\/schema\/logo\/image\/","url":"https:\/\/www.cometis.de\/wp-content\/uploads\/2024\/12-old\/Cometis-Mobile-Logo-1.png","contentUrl":"https:\/\/www.cometis.de\/wp-content\/uploads\/2024\/12-old\/Cometis-Mobile-Logo-1.png","width":171,"height":31,"caption":"cometis AG"},"image":{"@id":"https:\/\/www.cometis.de\/de\/#\/schema\/logo\/image\/"},"sameAs":["https:\/\/www.linkedin.com\/company\/cometis-ag\/","https:\/\/www.youtube.com\/user\/cometisAG"]}]}},"_links":{"self":[{"href":"https:\/\/www.cometis.de\/de\/wp-json\/wp\/v2\/pages\/4562","targetHints":{"allow":["GET"]}}],"collection":[{"href":"https:\/\/www.cometis.de\/de\/wp-json\/wp\/v2\/pages"}],"about":[{"href":"https:\/\/www.cometis.de\/de\/wp-json\/wp\/v2\/types\/page"}],"author":[{"embeddable":true,"href":"https:\/\/www.cometis.de\/de\/wp-json\/wp\/v2\/users\/1"}],"replies":[{"embeddable":true,"href":"https:\/\/www.cometis.de\/de\/wp-json\/wp\/v2\/comments?post=4562"}],"version-history":[{"count":3,"href":"https:\/\/www.cometis.de\/de\/wp-json\/wp\/v2\/pages\/4562\/revisions"}],"predecessor-version":[{"id":107668,"href":"https:\/\/www.cometis.de\/de\/wp-json\/wp\/v2\/pages\/4562\/revisions\/107668"}],"up":[{"embeddable":true,"href":"https:\/\/www.cometis.de\/de\/wp-json\/wp\/v2\/pages\/4302"}],"wp:attachment":[{"href":"https:\/\/www.cometis.de\/de\/wp-json\/wp\/v2\/media?parent=4562"}],"curies":[{"name":"wp","href":"https:\/\/api.w.org\/{rel}","templated":true}]}}