{"id":4611,"date":"2025-01-23T07:21:11","date_gmt":"2025-01-23T06:21:11","guid":{"rendered":"https:\/\/cometis.de\/?page_id=4611"},"modified":"2025-06-04T14:36:20","modified_gmt":"2025-06-04T12:36:20","slug":"medienresonanzanalyse","status":"publish","type":"page","link":"https:\/\/www.cometis.de\/de\/services\/mergers-acquisitions\/medienresonanzanalyse\/","title":{"rendered":"Medienresonanzanalyse"},"content":{"rendered":"\t\t<div data-elementor-type=\"wp-page\" data-elementor-id=\"4611\" class=\"elementor elementor-4611\" data-elementor-post-type=\"page\">\n\t\t\t\t<div class=\"elementor-element elementor-element-3b13411 e-flex e-con-boxed e-con e-parent\" data-id=\"3b13411\" data-element_type=\"container\">\n\t\t\t\t\t<div class=\"e-con-inner\">\n\t\t\t\t<div class=\"elementor-element elementor-element-e1e4879 elementor-widget elementor-widget-template\" data-id=\"e1e4879\" data-element_type=\"widget\" data-widget_type=\"template.default\">\n\t\t\t\t<div class=\"elementor-widget-container\">\n\t\t\t\t\t\t\t<div class=\"elementor-template\">\n\t\t\t\t\t<div data-elementor-type=\"section\" data-elementor-id=\"766\" class=\"elementor elementor-766\" data-elementor-post-type=\"elementor_library\">\n\t\t\t<div class=\"elementor-element elementor-element-1f34e34 e-flex e-con-boxed e-con e-parent\" data-id=\"1f34e34\" data-element_type=\"container\">\n\t\t\t\t\t<div class=\"e-con-inner\">\n\t\t<div class=\"elementor-element elementor-element-e68c844 e-con-full e-flex e-con e-child\" data-id=\"e68c844\" data-element_type=\"container\" data-settings=\"{&quot;background_background&quot;:&quot;classic&quot;}\">\n\t\t\t\t<\/div>\n\t\t<div class=\"elementor-element elementor-element-b7dac6f e-con-full e-flex e-con e-child\" data-id=\"b7dac6f\" data-element_type=\"container\">\n\t\t\t\t<div class=\"elementor-element elementor-element-ce54cc3 elementor-align-left elementor-widget elementor-widget-breadcrumbs\" data-id=\"ce54cc3\" data-element_type=\"widget\" data-widget_type=\"breadcrumbs.default\">\n\t\t\t\t<div class=\"elementor-widget-container\">\n\t\t\t\t\t<div id=\"breadcrumbs\"><span><span><a href=\"https:\/\/www.cometis.de\/de\/\">Home<\/a><\/span><\/span><\/div>\t\t\t\t<\/div>\n\t\t\t\t<\/div>\n\t\t\t\t<\/div>\n\t\t\t\t\t<\/div>\n\t\t\t\t<\/div>\n\t\t\t\t<\/div>\n\t\t\t\t<\/div>\n\t\t\t\t\t\t<\/div>\n\t\t\t\t<\/div>\n\t\t\t\t\t<\/div>\n\t\t\t\t<\/div>\n\t\t<div class=\"elementor-element elementor-element-689b5cb cmn-sidebar-content e-flex e-con-boxed e-con e-parent\" data-id=\"689b5cb\" data-element_type=\"container\" data-settings=\"{&quot;background_background&quot;:&quot;classic&quot;,&quot;background_motion_fx_motion_fx_scrolling&quot;:&quot;yes&quot;,&quot;background_motion_fx_translateY_effect&quot;:&quot;yes&quot;,&quot;background_motion_fx_translateY_speed&quot;:{&quot;unit&quot;:&quot;px&quot;,&quot;size&quot;:2,&quot;sizes&quot;:[]},&quot;background_motion_fx_translateY_direction&quot;:&quot;negative&quot;,&quot;background_motion_fx_translateY_affectedRange&quot;:{&quot;unit&quot;:&quot;%&quot;,&quot;size&quot;:&quot;&quot;,&quot;sizes&quot;:{&quot;start&quot;:0,&quot;end&quot;:100}},&quot;background_motion_fx_devices&quot;:[&quot;desktop&quot;,&quot;tablet&quot;,&quot;mobile&quot;]}\">\n\t\t\t\t\t<div class=\"e-con-inner\">\n\t\t<div class=\"elementor-element elementor-element-be57f38 e-con-full cmn-sidebar-content p-100 e-flex e-con e-child\" data-id=\"be57f38\" data-element_type=\"container\">\n\t\t<div class=\"elementor-element elementor-element-2d037ce e-con-full cmn-content-box e-flex e-con e-child\" data-id=\"2d037ce\" data-element_type=\"container\">\n\t\t<div class=\"elementor-element elementor-element-f65d0da e-con-full cmn-content-box-container e-flex e-con e-child\" data-id=\"f65d0da\" data-element_type=\"container\">\n\t\t\t\t<div class=\"elementor-element elementor-element-be0968c elementor-widget elementor-widget-heading\" data-id=\"be0968c\" data-element_type=\"widget\" data-widget_type=\"heading.default\">\n\t\t\t\t<div class=\"elementor-widget-container\">\n\t\t\t\t\t<h2 class=\"elementor-heading-title elementor-size-default\">Medienresonanzanalyse gibt \u00dcberblick bei M&amp;A-Transaktionen<\/h2>\t\t\t\t<\/div>\n\t\t\t\t<\/div>\n\t\t\t\t<div class=\"elementor-element elementor-element-4da5260 elementor-widget elementor-widget-text-editor\" data-id=\"4da5260\" data-element_type=\"widget\" data-widget_type=\"text-editor.default\">\n\t\t\t\t<div class=\"elementor-widget-container\">\n\t\t\t\t\t\t\t\t\t<p>Das Spannungsfeld einer M&amp;A-Transaktion, in dem die Stakeholder-Gruppen der beteiligten Parteien versuchen, Ihren Erwartungen und Anspr\u00fcchen \u00fcber die Medien Nachdruck zu verleihen, f\u00fchrt oftmals zu einer \u00e4u\u00dferst komplexen und un\u00fcbersichtlichen Berichterstattung hinsichtlich der bevorstehenden Fusion oder des verhandelten Unternehmenskaufs. Eine regelm\u00e4\u00dfige Medienresonanzanalyse ist das geeignete Werkzeug, um in dieser Zeit die \u00dcbersicht zu behalten.<\/p>\t\t\t\t\t\t\t\t<\/div>\n\t\t\t\t<\/div>\n\t\t\t\t<div class=\"elementor-element elementor-element-2cb541b cmn-content-box-btn elementor-widget elementor-widget-button\" data-id=\"2cb541b\" data-element_type=\"widget\" data-widget_type=\"button.default\">\n\t\t\t\t<div class=\"elementor-widget-container\">\n\t\t\t\t\t\t\t\t\t<div class=\"elementor-button-wrapper\">\n\t\t\t\t\t<a class=\"elementor-button elementor-button-link elementor-size-sm\" href=\"\/de\/cometis-ag\/referenzen\/mergers-and-acquisitions-referenzen\">\n\t\t\t\t\t\t<span class=\"elementor-button-content-wrapper\">\n\t\t\t\t\t\t<span class=\"elementor-button-icon\">\n\t\t\t\t<svg aria-hidden=\"true\" class=\"e-font-icon-svg e-fas-chevron-right\" viewBox=\"0 0 320 512\" xmlns=\"http:\/\/www.w3.org\/2000\/svg\"><path d=\"M285.476 272.971L91.132 467.314c-9.373 9.373-24.569 9.373-33.941 0l-22.667-22.667c-9.357-9.357-9.375-24.522-.04-33.901L188.505 256 34.484 101.255c-9.335-9.379-9.317-24.544.04-33.901l22.667-22.667c9.373-9.373 24.569-9.373 33.941 0L285.475 239.03c9.373 9.372 9.373 24.568.001 33.941z\"><\/path><\/svg>\t\t\t<\/span>\n\t\t\t\t\t\t\t\t\t<span class=\"elementor-button-text\">Unsere Referenzen<\/span>\n\t\t\t\t\t<\/span>\n\t\t\t\t\t<\/a>\n\t\t\t\t<\/div>\n\t\t\t\t\t\t\t\t<\/div>\n\t\t\t\t<\/div>\n\t\t\t\t<\/div>\n\t\t<div class=\"elementor-element elementor-element-d2cca36 e-con-full cmn-content-box-container e-flex e-con e-child\" data-id=\"d2cca36\" data-element_type=\"container\">\n\t\t\t\t<div class=\"elementor-element elementor-element-6b907f2 elementor-widget elementor-widget-heading\" data-id=\"6b907f2\" data-element_type=\"widget\" data-widget_type=\"heading.default\">\n\t\t\t\t<div class=\"elementor-widget-container\">\n\t\t\t\t\t<h2 class=\"elementor-heading-title elementor-size-default\">Medienarbeit bei M&amp;A-Prozessen aktiv steuern<\/h2>\t\t\t\t<\/div>\n\t\t\t\t<\/div>\n\t\t\t\t<div class=\"elementor-element elementor-element-7bea678 elementor-widget elementor-widget-text-editor\" data-id=\"7bea678\" data-element_type=\"widget\" data-widget_type=\"text-editor.default\">\n\t\t\t\t<div class=\"elementor-widget-container\">\n\t\t\t\t\t\t\t\t\t<p>Die Analyse arbeitet die wesentlichen Inhalte der Berichtserstattung heraus und bewertet. Auf Basis der gewonnenen Informationen k\u00f6nnen Thementrends fr\u00fchzeitig erkannt werden. Die Erkenntnisse aus der Analyse werden verwendet, um die mediale Au\u00dfenwirkung des Unternehmens optimal zu gestalten und Ihre Medienarbeit anzupassen.<\/p>\t\t\t\t\t\t\t\t<\/div>\n\t\t\t\t<\/div>\n\t\t\t\t<\/div>\n\t\t<div class=\"elementor-element elementor-element-44d37aa e-con-full cmn-content-box-container e-flex e-con e-child\" data-id=\"44d37aa\" data-element_type=\"container\">\n\t\t\t\t<div class=\"elementor-element elementor-element-58e508c elementor-widget elementor-widget-heading\" data-id=\"58e508c\" data-element_type=\"widget\" data-widget_type=\"heading.default\">\n\t\t\t\t<div class=\"elementor-widget-container\">\n\t\t\t\t\t<h2 class=\"elementor-heading-title elementor-size-default\">Medienresonanzanalyse liefert wertvolle Informationen<\/h2>\t\t\t\t<\/div>\n\t\t\t\t<\/div>\n\t\t\t\t<div class=\"elementor-element elementor-element-fd9ba7c elementor-widget elementor-widget-text-editor\" data-id=\"fd9ba7c\" data-element_type=\"widget\" data-widget_type=\"text-editor.default\">\n\t\t\t\t<div class=\"elementor-widget-container\">\n\t\t\t\t\t\t\t\t\t<p>Wertvolle Informationen kann bereits eine kurzfristig durchgef\u00fchrte Ad-hoc-Analyse liefern: Wann haben welche Journalisten in welchen Medien wie h\u00e4ufig \u00fcber ein bestimmtes Unternehmen berichtet und wie gro\u00df ist die Zielgruppe, die dabei erreicht wurde? L\u00e4ngerfristig ausgerichtet gibt eine Analyse der Medienresonanz Aufschluss \u00fcber die Imageentwicklung eines Unternehmens, stellt die Wahrnehmung von Unternehmenspositionen dar und dient zur fr\u00fchzeitigen Erkennung von Thementrends.<\/p>\t\t\t\t\t\t\t\t<\/div>\n\t\t\t\t<\/div>\n\t\t\t\t<\/div>\n\t\t<div class=\"elementor-element elementor-element-63057b8 e-con-full cmn-content-box-container e-flex e-con e-child\" data-id=\"63057b8\" data-element_type=\"container\">\n\t\t\t\t<div class=\"elementor-element elementor-element-7a93a7c elementor-widget elementor-widget-heading\" data-id=\"7a93a7c\" data-element_type=\"widget\" data-widget_type=\"heading.default\">\n\t\t\t\t<div class=\"elementor-widget-container\">\n\t\t\t\t\t<h2 class=\"elementor-heading-title elementor-size-default\">Ihr zuverl\u00e4ssiger Partner f\u00fcr die Medienresonanzanalyse<\/h2>\t\t\t\t<\/div>\n\t\t\t\t<\/div>\n\t\t\t\t<div class=\"elementor-element elementor-element-61a672f elementor-widget elementor-widget-text-editor\" data-id=\"61a672f\" data-element_type=\"widget\" data-widget_type=\"text-editor.default\">\n\t\t\t\t<div class=\"elementor-widget-container\">\n\t\t\t\t\t\t\t\t\t<p>Auf Basis unserer \u00fcber 25-j\u00e4hrigen Erfahrung als Spezialist f\u00fcr strategische <a title=\"Optimale Finanz-PR f\u00fcr Ihr Unternehmen\" href=\"\/de\/finanz-pr\/\">Finanz-<\/a> <a href=\"https:\/\/www.cometis.de\/de\/services\/esg\/\">ESG<\/a>&#8211; und <a title=\"Unsere Investor Relations Dienstleistungen\" href=\"\/de\/investor-relations\/\">Unternehmenskommunikation<\/a>\u00a0und in Zusammenarbeit mit unseren Partnern in der Medienbranche bietet Ihnen die\u00a0<a title=\"Investor Relations Agentur f\u00fcr Finanzkommunikation\" href=\"\/de\/\">cometis AG<\/a>\u00a0ma\u00dfgeschneiderte L\u00f6sungen im Bereich der Medienresonanzanalyse \u2013 wir freuen uns darauf, Sie zu diesem Thema beraten zu d\u00fcrfen!<\/p>\t\t\t\t\t\t\t\t<\/div>\n\t\t\t\t<\/div>\n\t\t\t\t<\/div>\n\t\t\t\t<\/div>\n\t\t\t\t<\/div>\n\t\t\t\t\t<\/div>\n\t\t\t\t<\/div>\n\t\t\t\t<\/div>\n\t\t","protected":false},"excerpt":{"rendered":"<p>Medienresonanzanalyse gibt \u00dcberblick bei M&amp;A-Transaktionen Das Spannungsfeld einer M&amp;A-Transaktion, in dem die Stakeholder-Gruppen der beteiligten Parteien versuchen, Ihren Erwartungen und Anspr\u00fcchen \u00fcber die Medien Nachdruck zu verleihen, f\u00fchrt oftmals zu einer \u00e4u\u00dferst komplexen und un\u00fcbersichtlichen Berichterstattung hinsichtlich der bevorstehenden Fusion oder des verhandelten Unternehmenskaufs. Eine regelm\u00e4\u00dfige Medienresonanzanalyse ist das geeignete Werkzeug, um in dieser Zeit [&hellip;]<\/p>\n","protected":false},"author":1,"featured_media":0,"parent":4300,"menu_order":0,"comment_status":"closed","ping_status":"open","template":"","meta":{"_acf_changed":false,"footnotes":""},"class_list":["post-4611","page","type-page","status-publish","hentry"],"acf":[],"yoast_head":"<!-- This site is optimized with the Yoast SEO Premium plugin v26.2 (Yoast SEO v26.6) - https:\/\/yoast.com\/wordpress\/plugins\/seo\/ -->\n<title>Medienresonanzanalyse \u2013 Medienmonitor beim M&amp;A Prozess | cometis AG<\/title>\n<meta name=\"description\" content=\"Bei Ihrer M&amp;A-Transaktion ber\u00e4t Sie cometis bei der Medienresonanzanalyse, um die Berichterstattung zu analysieren, zu bewerten und aktiv zu steuern.\" \/>\n<meta name=\"robots\" content=\"index, follow, max-snippet:-1, max-image-preview:large, max-video-preview:-1\" \/>\n<link rel=\"canonical\" href=\"https:\/\/www.cometis.de\/de\/services\/mergers-acquisitions\/medienresonanzanalyse\/\" \/>\n<meta property=\"og:locale\" content=\"de_DE\" \/>\n<meta property=\"og:type\" content=\"article\" \/>\n<meta property=\"og:title\" content=\"Medienresonanzanalyse\" \/>\n<meta property=\"og:description\" content=\"Bei Ihrer M&amp;A-Transaktion ber\u00e4t Sie cometis bei der Medienresonanzanalyse, um die Berichterstattung zu analysieren, zu bewerten und aktiv zu steuern.\" \/>\n<meta property=\"og:url\" content=\"https:\/\/www.cometis.de\/de\/services\/mergers-acquisitions\/medienresonanzanalyse\/\" \/>\n<meta property=\"og:site_name\" content=\"cometis AG\" \/>\n<meta property=\"article:modified_time\" content=\"2025-06-04T12:36:20+00:00\" \/>\n<meta property=\"og:image\" content=\"https:\/\/www.cometis.de\/wp-content\/uploads\/2024\/12-old\/Cometis-Mobile-Logo-1.png\" \/>\n\t<meta property=\"og:image:width\" content=\"171\" \/>\n\t<meta property=\"og:image:height\" content=\"31\" \/>\n\t<meta property=\"og:image:type\" content=\"image\/png\" \/>\n<meta name=\"twitter:card\" content=\"summary_large_image\" \/>\n<meta name=\"twitter:label1\" content=\"Gesch\u00e4tzte Lesezeit\" \/>\n\t<meta name=\"twitter:data1\" content=\"2\u00a0Minuten\" \/>\n<script type=\"application\/ld+json\" class=\"yoast-schema-graph\">{\"@context\":\"https:\/\/schema.org\",\"@graph\":[{\"@type\":\"WebPage\",\"@id\":\"https:\/\/www.cometis.de\/de\/services\/mergers-acquisitions\/medienresonanzanalyse\/\",\"url\":\"https:\/\/www.cometis.de\/de\/services\/mergers-acquisitions\/medienresonanzanalyse\/\",\"name\":\"Medienresonanzanalyse \u2013 Medienmonitor beim M&A Prozess | cometis AG\",\"isPartOf\":{\"@id\":\"https:\/\/www.cometis.de\/de\/#website\"},\"datePublished\":\"2025-01-23T06:21:11+00:00\",\"dateModified\":\"2025-06-04T12:36:20+00:00\",\"description\":\"Bei Ihrer M&A-Transaktion ber\u00e4t Sie cometis bei der Medienresonanzanalyse, um die Berichterstattung zu analysieren, zu bewerten und aktiv zu steuern.\",\"breadcrumb\":{\"@id\":\"https:\/\/www.cometis.de\/de\/services\/mergers-acquisitions\/medienresonanzanalyse\/#breadcrumb\"},\"inLanguage\":\"de\",\"potentialAction\":[{\"@type\":\"ReadAction\",\"target\":[\"https:\/\/www.cometis.de\/de\/services\/mergers-acquisitions\/medienresonanzanalyse\/\"]}]},{\"@type\":\"BreadcrumbList\",\"@id\":\"https:\/\/www.cometis.de\/de\/services\/mergers-acquisitions\/medienresonanzanalyse\/#breadcrumb\",\"itemListElement\":[{\"@type\":\"ListItem\",\"position\":1,\"name\":\"Home\",\"item\":\"https:\/\/www.cometis.de\/de\/\"},{\"@type\":\"ListItem\",\"position\":2,\"name\":\"Services\",\"item\":\"https:\/\/www.cometis.de\/de\/services\/\"},{\"@type\":\"ListItem\",\"position\":3,\"name\":\"Mergers &amp; Acquisitions\",\"item\":\"https:\/\/www.cometis.de\/de\/services\/mergers-acquisitions\/\"},{\"@type\":\"ListItem\",\"position\":4,\"name\":\"Medienresonanzanalyse\"}]},{\"@type\":\"WebSite\",\"@id\":\"https:\/\/www.cometis.de\/de\/#website\",\"url\":\"https:\/\/www.cometis.de\/de\/\",\"name\":\"cometis AG\",\"description\":\"Deutschlands f\u00fchrende Investor Relations Agentur\",\"publisher\":{\"@id\":\"https:\/\/www.cometis.de\/de\/#organization\"},\"potentialAction\":[{\"@type\":\"SearchAction\",\"target\":{\"@type\":\"EntryPoint\",\"urlTemplate\":\"https:\/\/www.cometis.de\/de\/?s={search_term_string}\"},\"query-input\":{\"@type\":\"PropertyValueSpecification\",\"valueRequired\":true,\"valueName\":\"search_term_string\"}}],\"inLanguage\":\"de\"},{\"@type\":\"Organization\",\"@id\":\"https:\/\/www.cometis.de\/de\/#organization\",\"name\":\"cometis AG\",\"alternateName\":\"Deutschlands f\u00fchrende Investor Relations Agentur\",\"url\":\"https:\/\/www.cometis.de\/de\/\",\"logo\":{\"@type\":\"ImageObject\",\"inLanguage\":\"de\",\"@id\":\"https:\/\/www.cometis.de\/de\/#\/schema\/logo\/image\/\",\"url\":\"https:\/\/www.cometis.de\/wp-content\/uploads\/2024\/12-old\/Cometis-Mobile-Logo-1.png\",\"contentUrl\":\"https:\/\/www.cometis.de\/wp-content\/uploads\/2024\/12-old\/Cometis-Mobile-Logo-1.png\",\"width\":171,\"height\":31,\"caption\":\"cometis AG\"},\"image\":{\"@id\":\"https:\/\/www.cometis.de\/de\/#\/schema\/logo\/image\/\"},\"sameAs\":[\"https:\/\/www.linkedin.com\/company\/cometis-ag\/\",\"https:\/\/www.youtube.com\/user\/cometisAG\"]}]}<\/script>\n<!-- \/ Yoast SEO Premium plugin. -->","yoast_head_json":{"title":"Medienresonanzanalyse \u2013 Medienmonitor beim M&A Prozess | cometis AG","description":"Bei Ihrer M&A-Transaktion ber\u00e4t Sie cometis bei der Medienresonanzanalyse, um die Berichterstattung zu analysieren, zu bewerten und aktiv zu steuern.","robots":{"index":"index","follow":"follow","max-snippet":"max-snippet:-1","max-image-preview":"max-image-preview:large","max-video-preview":"max-video-preview:-1"},"canonical":"https:\/\/www.cometis.de\/de\/services\/mergers-acquisitions\/medienresonanzanalyse\/","og_locale":"de_DE","og_type":"article","og_title":"Medienresonanzanalyse","og_description":"Bei Ihrer M&A-Transaktion ber\u00e4t Sie cometis bei der Medienresonanzanalyse, um die Berichterstattung zu analysieren, zu bewerten und aktiv zu steuern.","og_url":"https:\/\/www.cometis.de\/de\/services\/mergers-acquisitions\/medienresonanzanalyse\/","og_site_name":"cometis AG","article_modified_time":"2025-06-04T12:36:20+00:00","og_image":[{"width":171,"height":31,"url":"https:\/\/www.cometis.de\/wp-content\/uploads\/2024\/12-old\/Cometis-Mobile-Logo-1.png","type":"image\/png"}],"twitter_card":"summary_large_image","twitter_misc":{"Gesch\u00e4tzte Lesezeit":"2\u00a0Minuten"},"schema":{"@context":"https:\/\/schema.org","@graph":[{"@type":"WebPage","@id":"https:\/\/www.cometis.de\/de\/services\/mergers-acquisitions\/medienresonanzanalyse\/","url":"https:\/\/www.cometis.de\/de\/services\/mergers-acquisitions\/medienresonanzanalyse\/","name":"Medienresonanzanalyse \u2013 Medienmonitor beim M&A Prozess | cometis AG","isPartOf":{"@id":"https:\/\/www.cometis.de\/de\/#website"},"datePublished":"2025-01-23T06:21:11+00:00","dateModified":"2025-06-04T12:36:20+00:00","description":"Bei Ihrer M&A-Transaktion ber\u00e4t Sie cometis bei der Medienresonanzanalyse, um die Berichterstattung zu analysieren, zu bewerten und aktiv zu steuern.","breadcrumb":{"@id":"https:\/\/www.cometis.de\/de\/services\/mergers-acquisitions\/medienresonanzanalyse\/#breadcrumb"},"inLanguage":"de","potentialAction":[{"@type":"ReadAction","target":["https:\/\/www.cometis.de\/de\/services\/mergers-acquisitions\/medienresonanzanalyse\/"]}]},{"@type":"BreadcrumbList","@id":"https:\/\/www.cometis.de\/de\/services\/mergers-acquisitions\/medienresonanzanalyse\/#breadcrumb","itemListElement":[{"@type":"ListItem","position":1,"name":"Home","item":"https:\/\/www.cometis.de\/de\/"},{"@type":"ListItem","position":2,"name":"Services","item":"https:\/\/www.cometis.de\/de\/services\/"},{"@type":"ListItem","position":3,"name":"Mergers &amp; Acquisitions","item":"https:\/\/www.cometis.de\/de\/services\/mergers-acquisitions\/"},{"@type":"ListItem","position":4,"name":"Medienresonanzanalyse"}]},{"@type":"WebSite","@id":"https:\/\/www.cometis.de\/de\/#website","url":"https:\/\/www.cometis.de\/de\/","name":"cometis AG","description":"Deutschlands f\u00fchrende Investor Relations Agentur","publisher":{"@id":"https:\/\/www.cometis.de\/de\/#organization"},"potentialAction":[{"@type":"SearchAction","target":{"@type":"EntryPoint","urlTemplate":"https:\/\/www.cometis.de\/de\/?s={search_term_string}"},"query-input":{"@type":"PropertyValueSpecification","valueRequired":true,"valueName":"search_term_string"}}],"inLanguage":"de"},{"@type":"Organization","@id":"https:\/\/www.cometis.de\/de\/#organization","name":"cometis AG","alternateName":"Deutschlands f\u00fchrende Investor Relations Agentur","url":"https:\/\/www.cometis.de\/de\/","logo":{"@type":"ImageObject","inLanguage":"de","@id":"https:\/\/www.cometis.de\/de\/#\/schema\/logo\/image\/","url":"https:\/\/www.cometis.de\/wp-content\/uploads\/2024\/12-old\/Cometis-Mobile-Logo-1.png","contentUrl":"https:\/\/www.cometis.de\/wp-content\/uploads\/2024\/12-old\/Cometis-Mobile-Logo-1.png","width":171,"height":31,"caption":"cometis AG"},"image":{"@id":"https:\/\/www.cometis.de\/de\/#\/schema\/logo\/image\/"},"sameAs":["https:\/\/www.linkedin.com\/company\/cometis-ag\/","https:\/\/www.youtube.com\/user\/cometisAG"]}]}},"_links":{"self":[{"href":"https:\/\/www.cometis.de\/de\/wp-json\/wp\/v2\/pages\/4611","targetHints":{"allow":["GET"]}}],"collection":[{"href":"https:\/\/www.cometis.de\/de\/wp-json\/wp\/v2\/pages"}],"about":[{"href":"https:\/\/www.cometis.de\/de\/wp-json\/wp\/v2\/types\/page"}],"author":[{"embeddable":true,"href":"https:\/\/www.cometis.de\/de\/wp-json\/wp\/v2\/users\/1"}],"replies":[{"embeddable":true,"href":"https:\/\/www.cometis.de\/de\/wp-json\/wp\/v2\/comments?post=4611"}],"version-history":[{"count":6,"href":"https:\/\/www.cometis.de\/de\/wp-json\/wp\/v2\/pages\/4611\/revisions"}],"predecessor-version":[{"id":109313,"href":"https:\/\/www.cometis.de\/de\/wp-json\/wp\/v2\/pages\/4611\/revisions\/109313"}],"up":[{"embeddable":true,"href":"https:\/\/www.cometis.de\/de\/wp-json\/wp\/v2\/pages\/4300"}],"wp:attachment":[{"href":"https:\/\/www.cometis.de\/de\/wp-json\/wp\/v2\/media?parent=4611"}],"curies":[{"name":"wp","href":"https:\/\/api.w.org\/{rel}","templated":true}]}}