{"id":4626,"date":"2025-01-23T07:31:46","date_gmt":"2025-01-23T06:31:46","guid":{"rendered":"https:\/\/cometis.de\/?page_id=4626"},"modified":"2025-02-18T07:04:19","modified_gmt":"2025-02-18T06:04:19","slug":"wphg-meldung","status":"publish","type":"page","link":"https:\/\/www.cometis.de\/de\/services\/mergers-acquisitions\/wphg-meldung\/","title":{"rendered":"WPHG Meldung"},"content":{"rendered":"\t\t<div data-elementor-type=\"wp-page\" data-elementor-id=\"4626\" class=\"elementor elementor-4626\" data-elementor-post-type=\"page\">\n\t\t\t\t<div class=\"elementor-element elementor-element-a4ba0dc e-flex e-con-boxed e-con e-parent\" data-id=\"a4ba0dc\" data-element_type=\"container\" data-e-type=\"container\">\n\t\t\t\t\t<div class=\"e-con-inner\">\n\t\t\t\t<div class=\"elementor-element elementor-element-48fb50f elementor-widget elementor-widget-template\" data-id=\"48fb50f\" data-element_type=\"widget\" data-e-type=\"widget\" data-widget_type=\"template.default\">\n\t\t\t\t<div class=\"elementor-widget-container\">\n\t\t\t\t\t\t\t<div class=\"elementor-template\">\n\t\t\t\t\t<div data-elementor-type=\"section\" data-elementor-id=\"766\" class=\"elementor elementor-766\" data-elementor-post-type=\"elementor_library\">\n\t\t\t<div class=\"elementor-element elementor-element-1f34e34 e-flex e-con-boxed e-con e-parent\" data-id=\"1f34e34\" data-element_type=\"container\" data-e-type=\"container\">\n\t\t\t\t\t<div class=\"e-con-inner\">\n\t\t<div class=\"elementor-element elementor-element-e68c844 e-con-full e-flex e-con e-child\" data-id=\"e68c844\" data-element_type=\"container\" data-e-type=\"container\" data-settings=\"{&quot;background_background&quot;:&quot;classic&quot;}\">\n\t\t\t\t<\/div>\n\t\t<div class=\"elementor-element elementor-element-b7dac6f e-con-full e-flex e-con e-child\" data-id=\"b7dac6f\" data-element_type=\"container\" data-e-type=\"container\">\n\t\t\t\t<div class=\"elementor-element elementor-element-ce54cc3 elementor-align-left elementor-widget elementor-widget-breadcrumbs\" data-id=\"ce54cc3\" data-element_type=\"widget\" data-e-type=\"widget\" data-widget_type=\"breadcrumbs.default\">\n\t\t\t\t<div class=\"elementor-widget-container\">\n\t\t\t\t\t<div id=\"breadcrumbs\"><span><span><a href=\"https:\/\/www.cometis.de\/de\/\">Home<\/a><\/span><\/span><\/div>\t\t\t\t<\/div>\n\t\t\t\t<\/div>\n\t\t\t\t<\/div>\n\t\t\t\t\t<\/div>\n\t\t\t\t<\/div>\n\t\t\t\t<\/div>\n\t\t\t\t<\/div>\n\t\t\t\t\t\t<\/div>\n\t\t\t\t<\/div>\n\t\t\t\t\t<\/div>\n\t\t\t\t<\/div>\n\t\t<div class=\"elementor-element elementor-element-fff88cd cmn-sidebar-content e-flex e-con-boxed e-con e-parent\" data-id=\"fff88cd\" data-element_type=\"container\" data-e-type=\"container\" data-settings=\"{&quot;background_background&quot;:&quot;classic&quot;,&quot;background_motion_fx_motion_fx_scrolling&quot;:&quot;yes&quot;,&quot;background_motion_fx_translateY_effect&quot;:&quot;yes&quot;,&quot;background_motion_fx_translateY_speed&quot;:{&quot;unit&quot;:&quot;px&quot;,&quot;size&quot;:2,&quot;sizes&quot;:[]},&quot;background_motion_fx_translateY_direction&quot;:&quot;negative&quot;,&quot;background_motion_fx_translateY_affectedRange&quot;:{&quot;unit&quot;:&quot;%&quot;,&quot;size&quot;:&quot;&quot;,&quot;sizes&quot;:{&quot;start&quot;:0,&quot;end&quot;:100}},&quot;background_motion_fx_devices&quot;:[&quot;desktop&quot;,&quot;tablet&quot;,&quot;mobile&quot;]}\">\n\t\t\t\t\t<div class=\"e-con-inner\">\n\t\t<div class=\"elementor-element elementor-element-be13212 e-con-full cmn-sidebar-content p-100 e-flex e-con e-child\" data-id=\"be13212\" data-element_type=\"container\" data-e-type=\"container\">\n\t\t<div class=\"elementor-element elementor-element-cd0b1d3 e-con-full cmn-content-box e-flex e-con e-child\" data-id=\"cd0b1d3\" data-element_type=\"container\" data-e-type=\"container\">\n\t\t<div class=\"elementor-element elementor-element-70358a0 e-con-full cmn-content-box-container e-flex e-con e-child\" data-id=\"70358a0\" data-element_type=\"container\" data-e-type=\"container\">\n\t\t\t\t<div class=\"elementor-element elementor-element-454891f elementor-widget elementor-widget-heading\" data-id=\"454891f\" data-element_type=\"widget\" data-e-type=\"widget\" data-widget_type=\"heading.default\">\n\t\t\t\t<div class=\"elementor-widget-container\">\n\t\t\t\t\t<h2 class=\"elementor-heading-title elementor-size-default\">Pflichtmitteilungen im M&amp;A-Prozess beachten<\/h2>\t\t\t\t<\/div>\n\t\t\t\t<\/div>\n\t\t\t\t<div class=\"elementor-element elementor-element-259ae02 elementor-widget elementor-widget-text-editor\" data-id=\"259ae02\" data-element_type=\"widget\" data-e-type=\"widget\" data-widget_type=\"text-editor.default\">\n\t\t\t\t<div class=\"elementor-widget-container\">\n\t\t\t\t\t\t\t\t\t<p>Ist ein an einer M&amp;A-Transaktion zum Beispiel als K\u00e4ufer oder Verk\u00e4ufer beteiligtes Unternehmen Emittent von b\u00f6rsengehandelten Finanzinstrumenten, so unterliegt es in Deutschland der gesetzlichen Vorschrift zur Ver\u00f6ffentlichung von Pflichtmitteilungen. Da M&amp;A-Transaktionen wesentliche strukturelle Ver\u00e4nderungen in b\u00f6rsennotierten Unternehmen mit sich bringen, geht von ihnen ein erhebliches Kursbeeinflussungspotential aus. Eine entsprechende Fachexpertise ist daher gefragt, um die erforderlichen Mitteilungen gem\u00e4\u00df Wertpapierhandelsgesetz vorzubereiten. Wir beraten Sie gerne bei der Erstellung und fristgerechten Ver\u00f6ffentlichung Ihrer Pflichtmitteilungen!<\/p>\t\t\t\t\t\t\t\t<\/div>\n\t\t\t\t<\/div>\n\t\t\t\t<div class=\"elementor-element elementor-element-0d4408d cmn-content-box-btn elementor-widget elementor-widget-button\" data-id=\"0d4408d\" data-element_type=\"widget\" data-e-type=\"widget\" data-widget_type=\"button.default\">\n\t\t\t\t<div class=\"elementor-widget-container\">\n\t\t\t\t\t\t\t\t\t<div class=\"elementor-button-wrapper\">\n\t\t\t\t\t<a class=\"elementor-button elementor-button-link elementor-size-sm\" href=\"\/de\/cometis-ag\/referenzen\/mergers-and-acquisitions-referenzen\">\n\t\t\t\t\t\t<span class=\"elementor-button-content-wrapper\">\n\t\t\t\t\t\t<span class=\"elementor-button-icon\">\n\t\t\t\t<svg aria-hidden=\"true\" class=\"e-font-icon-svg e-fas-chevron-right\" viewBox=\"0 0 320 512\" xmlns=\"http:\/\/www.w3.org\/2000\/svg\"><path d=\"M285.476 272.971L91.132 467.314c-9.373 9.373-24.569 9.373-33.941 0l-22.667-22.667c-9.357-9.357-9.375-24.522-.04-33.901L188.505 256 34.484 101.255c-9.335-9.379-9.317-24.544.04-33.901l22.667-22.667c9.373-9.373 24.569-9.373 33.941 0L285.475 239.03c9.373 9.372 9.373 24.568.001 33.941z\"><\/path><\/svg>\t\t\t<\/span>\n\t\t\t\t\t\t\t\t\t<span class=\"elementor-button-text\">Unsere Referenzen<\/span>\n\t\t\t\t\t<\/span>\n\t\t\t\t\t<\/a>\n\t\t\t\t<\/div>\n\t\t\t\t\t\t\t\t<\/div>\n\t\t\t\t<\/div>\n\t\t\t\t<\/div>\n\t\t<div class=\"elementor-element elementor-element-395db02 e-con-full cmn-content-box-container e-flex e-con e-child\" data-id=\"395db02\" data-element_type=\"container\" data-e-type=\"container\">\n\t\t\t\t<div class=\"elementor-element elementor-element-f13d2f8 elementor-widget elementor-widget-heading\" data-id=\"f13d2f8\" data-element_type=\"widget\" data-e-type=\"widget\" data-widget_type=\"heading.default\">\n\t\t\t\t<div class=\"elementor-widget-container\">\n\t\t\t\t\t<h2 class=\"elementor-heading-title elementor-size-default\">Sorgf\u00e4ltiger Umgang mit Pflichtmitteilungen ist unerl\u00e4sslich<\/h2>\t\t\t\t<\/div>\n\t\t\t\t<\/div>\n\t\t\t\t<div class=\"elementor-element elementor-element-af4e76c elementor-widget elementor-widget-text-editor\" data-id=\"af4e76c\" data-element_type=\"widget\" data-e-type=\"widget\" data-widget_type=\"text-editor.default\">\n\t\t\t\t<div class=\"elementor-widget-container\">\n\t\t\t\t\t\t\t\t\t<p>Was im Einzelfall an Pflichtmitteilungen zu ver\u00f6ffentlichen ist, muss bei jeder M&amp;A-Transaktion individuell bewertet werden. Im Falle eines \u00f6ffentlichen \u00dcbernahmeangebots sind beispielsweise eine Angebotsunterlage und regelm\u00e4\u00dfig die Bekanntmachungen gem\u00e4\u00df dem Wertpapiererwerbs- und \u00dcbernahmegesetzes (Wp\u00dcG) zum aktuellen Stand der Transaktion zu ver\u00f6ffentlichen \u2013 sowohl auf der <a title=\"Die Angebotswebsite enth\u00e4lt wichtige Unterlagen und Informationen der M&amp;A-Transaktion\" href=\"\/mergers-acquisitions\/angebotswebsite\/\">Angebotswebsite<\/a> als auch im Bundesanzeiger. Erg\u00e4nzend dazu k\u00f6nnen vonseiten der Unternehmen Pressemitteilungen herausgegeben werden, um die Hintergr\u00fcnde der Transaktion n\u00e4her zu erl\u00e4utern. In jedem Fall ist ein sorgf\u00e4ltiger Umgang mit den Pflichtmitteilungen unerl\u00e4sslich. Der Kommunikationsprozess zur M&amp;A-Transaktion sollte daher im Detail geplant und in den Gesamtprojektplan integriert werden.<\/p>\t\t\t\t\t\t\t\t<\/div>\n\t\t\t\t<\/div>\n\t\t\t\t<\/div>\n\t\t<div class=\"elementor-element elementor-element-dbdcad0 e-con-full cmn-content-box-container e-flex e-con e-child\" data-id=\"dbdcad0\" data-element_type=\"container\" data-e-type=\"container\">\n\t\t\t\t<div class=\"elementor-element elementor-element-32cf4c8 elementor-widget elementor-widget-heading\" data-id=\"32cf4c8\" data-element_type=\"widget\" data-e-type=\"widget\" data-widget_type=\"heading.default\">\n\t\t\t\t<div class=\"elementor-widget-container\">\n\t\t\t\t\t<h2 class=\"elementor-heading-title elementor-size-default\">In Pflichtmitteilungen Kernbotschaften transportieren<\/h2>\t\t\t\t<\/div>\n\t\t\t\t<\/div>\n\t\t\t\t<div class=\"elementor-element elementor-element-c6af8a5 elementor-widget elementor-widget-text-editor\" data-id=\"c6af8a5\" data-element_type=\"widget\" data-e-type=\"widget\" data-widget_type=\"text-editor.default\">\n\t\t\t\t<div class=\"elementor-widget-container\">\n\t\t\t\t\t\t\t\t\t<p>Dar\u00fcber hinaus sollte eine Pflichtmitteilung nicht ausschlie\u00dflich aus dem Blickwinkel der rechtlich einwandfreien Handhabung betrachtet werden: Aufgrund der gesetzlichen Definition genie\u00dfen sie als Instrument zur Verbreitung erheblich Kurs-beeinflussender Informationen, hohe Beachtung bei Medien und Kapitalmarktteilnehmern. Sie sind somit ein viel beachtetes Medium und sollten daher im Rahmen der gegebenen M\u00f6glichkeiten immer auch als einflussreiches Element zur Positionierung der Kernbotschaften eines Unternehmens verstanden werden.<\/p>\t\t\t\t\t\t\t\t<\/div>\n\t\t\t\t<\/div>\n\t\t\t\t<\/div>\n\t\t<div class=\"elementor-element elementor-element-4bbc4b7 e-con-full cmn-content-box-container e-flex e-con e-child\" data-id=\"4bbc4b7\" data-element_type=\"container\" data-e-type=\"container\">\n\t\t\t\t<div class=\"elementor-element elementor-element-e28808d elementor-widget elementor-widget-heading\" data-id=\"e28808d\" data-element_type=\"widget\" data-e-type=\"widget\" data-widget_type=\"heading.default\">\n\t\t\t\t<div class=\"elementor-widget-container\">\n\t\t\t\t\t<h2 class=\"elementor-heading-title elementor-size-default\">Von langj\u00e4hriger IR-Erfahrung profitieren<\/h2>\t\t\t\t<\/div>\n\t\t\t\t<\/div>\n\t\t\t\t<div class=\"elementor-element elementor-element-85902e5 elementor-widget elementor-widget-text-editor\" data-id=\"85902e5\" data-element_type=\"widget\" data-e-type=\"widget\" data-widget_type=\"text-editor.default\">\n\t\t\t\t<div class=\"elementor-widget-container\">\n\t\t\t\t\t\t\t\t\t<p>Als Spezialist f\u00fcr strategische\u00a0<a title=\"Optimale Finanz-PR f\u00fcr Ihr Unternehmen\" href=\"\/de\/finanz-pr\/\">Finanz-<\/a> <a href=\"\/de\/services\/esg\/\">ESG<\/a>&#8211; und <a title=\"Unsere Investor Relations Dienstleistungen\" href=\"\/de\/investor-relations\/\">Unternehmenskommunikation<\/a>\u00a0mit langj\u00e4hriger Erfahrung unterst\u00fctzt Sie die\u00a0<a title=\"Investor Relations Agentur f\u00fcr Finanzkommunikation\" href=\"\/de\/\">cometis AG<\/a>\u00a0bei der inhaltlichen Erstellung und Publikation von Pflichtmitteilungen. Z\u00f6gern Sie nicht, uns auch kurzfristig zu diesem Thema zu kontaktieren!<\/p>\t\t\t\t\t\t\t\t<\/div>\n\t\t\t\t<\/div>\n\t\t\t\t<\/div>\n\t\t\t\t<\/div>\n\t\t\t\t<\/div>\n\t\t\t\t\t<\/div>\n\t\t\t\t<\/div>\n\t\t\t\t<\/div>\n\t\t","protected":false},"excerpt":{"rendered":"<p>Pflichtmitteilungen im M&amp;A-Prozess beachten Ist ein an einer M&amp;A-Transaktion zum Beispiel als K\u00e4ufer oder Verk\u00e4ufer beteiligtes Unternehmen Emittent von b\u00f6rsengehandelten Finanzinstrumenten, so unterliegt es in Deutschland der gesetzlichen Vorschrift zur Ver\u00f6ffentlichung von Pflichtmitteilungen. Da M&amp;A-Transaktionen wesentliche strukturelle Ver\u00e4nderungen in b\u00f6rsennotierten Unternehmen mit sich bringen, geht von ihnen ein erhebliches Kursbeeinflussungspotential aus. Eine entsprechende Fachexpertise ist [&hellip;]<\/p>\n","protected":false},"author":1,"featured_media":0,"parent":4300,"menu_order":0,"comment_status":"closed","ping_status":"open","template":"","meta":{"_acf_changed":false,"footnotes":""},"class_list":["post-4626","page","type-page","status-publish","hentry"],"acf":[],"yoast_head":"<!-- This site is optimized with the Yoast SEO Premium plugin v26.2 (Yoast SEO v27.4) - https:\/\/yoast.com\/product\/yoast-seo-premium-wordpress\/ -->\n<title>Pflichtmitteilungen bei M&amp;A Transaktionen ver\u00f6ffentlichen | cometis AG<\/title>\n<meta name=\"description\" content=\"Die cometis AG ist Ihr Spezialist bei der Erstellung und Ver\u00f6ffentlichung der Pflichtmitteilungen im Rahmen Ihrer M&amp;A-Transaktion.\" \/>\n<meta name=\"robots\" content=\"index, follow, max-snippet:-1, max-image-preview:large, max-video-preview:-1\" \/>\n<link rel=\"canonical\" href=\"https:\/\/www.cometis.de\/de\/services\/mergers-acquisitions\/wphg-meldung\/\" \/>\n<meta property=\"og:locale\" content=\"de_DE\" \/>\n<meta property=\"og:type\" content=\"article\" \/>\n<meta property=\"og:title\" content=\"WPHG Meldung\" \/>\n<meta property=\"og:description\" content=\"Die cometis AG ist Ihr Spezialist bei der Erstellung und Ver\u00f6ffentlichung der Pflichtmitteilungen im Rahmen Ihrer M&amp;A-Transaktion.\" \/>\n<meta property=\"og:url\" content=\"https:\/\/www.cometis.de\/de\/services\/mergers-acquisitions\/wphg-meldung\/\" \/>\n<meta property=\"og:site_name\" content=\"cometis AG\" \/>\n<meta property=\"article:modified_time\" content=\"2025-02-18T06:04:19+00:00\" \/>\n<meta property=\"og:image\" content=\"https:\/\/www.cometis.de\/wp-content\/uploads\/2024\/12-old\/Cometis-Mobile-Logo-1.png\" \/>\n\t<meta property=\"og:image:width\" content=\"171\" \/>\n\t<meta property=\"og:image:height\" content=\"31\" \/>\n\t<meta property=\"og:image:type\" content=\"image\/png\" \/>\n<meta name=\"twitter:card\" content=\"summary_large_image\" \/>\n<meta name=\"twitter:label1\" content=\"Gesch\u00e4tzte Lesezeit\" \/>\n\t<meta name=\"twitter:data1\" content=\"2\u00a0Minuten\" \/>\n<script type=\"application\/ld+json\" class=\"yoast-schema-graph\">{\"@context\":\"https:\\\/\\\/schema.org\",\"@graph\":[{\"@type\":\"WebPage\",\"@id\":\"https:\\\/\\\/www.cometis.de\\\/de\\\/services\\\/mergers-acquisitions\\\/wphg-meldung\\\/\",\"url\":\"https:\\\/\\\/www.cometis.de\\\/de\\\/services\\\/mergers-acquisitions\\\/wphg-meldung\\\/\",\"name\":\"Pflichtmitteilungen bei M&A Transaktionen ver\u00f6ffentlichen | cometis AG\",\"isPartOf\":{\"@id\":\"https:\\\/\\\/www.cometis.de\\\/de\\\/#website\"},\"datePublished\":\"2025-01-23T06:31:46+00:00\",\"dateModified\":\"2025-02-18T06:04:19+00:00\",\"description\":\"Die cometis AG ist Ihr Spezialist bei der Erstellung und Ver\u00f6ffentlichung der Pflichtmitteilungen im Rahmen Ihrer M&A-Transaktion.\",\"breadcrumb\":{\"@id\":\"https:\\\/\\\/www.cometis.de\\\/de\\\/services\\\/mergers-acquisitions\\\/wphg-meldung\\\/#breadcrumb\"},\"inLanguage\":\"de\",\"potentialAction\":[{\"@type\":\"ReadAction\",\"target\":[\"https:\\\/\\\/www.cometis.de\\\/de\\\/services\\\/mergers-acquisitions\\\/wphg-meldung\\\/\"]}]},{\"@type\":\"BreadcrumbList\",\"@id\":\"https:\\\/\\\/www.cometis.de\\\/de\\\/services\\\/mergers-acquisitions\\\/wphg-meldung\\\/#breadcrumb\",\"itemListElement\":[{\"@type\":\"ListItem\",\"position\":1,\"name\":\"Home\",\"item\":\"https:\\\/\\\/www.cometis.de\\\/de\\\/\"},{\"@type\":\"ListItem\",\"position\":2,\"name\":\"Services\",\"item\":\"https:\\\/\\\/www.cometis.de\\\/de\\\/services\\\/\"},{\"@type\":\"ListItem\",\"position\":3,\"name\":\"Mergers &amp; Acquisitions\",\"item\":\"https:\\\/\\\/www.cometis.de\\\/de\\\/services\\\/mergers-acquisitions\\\/\"},{\"@type\":\"ListItem\",\"position\":4,\"name\":\"WPHG Meldung\"}]},{\"@type\":\"WebSite\",\"@id\":\"https:\\\/\\\/www.cometis.de\\\/de\\\/#website\",\"url\":\"https:\\\/\\\/www.cometis.de\\\/de\\\/\",\"name\":\"cometis AG\",\"description\":\"Deutschlands f\u00fchrende Investor Relations Agentur\",\"publisher\":{\"@id\":\"https:\\\/\\\/www.cometis.de\\\/de\\\/#organization\"},\"potentialAction\":[{\"@type\":\"SearchAction\",\"target\":{\"@type\":\"EntryPoint\",\"urlTemplate\":\"https:\\\/\\\/www.cometis.de\\\/de\\\/?s={search_term_string}\"},\"query-input\":{\"@type\":\"PropertyValueSpecification\",\"valueRequired\":true,\"valueName\":\"search_term_string\"}}],\"inLanguage\":\"de\"},{\"@type\":\"Organization\",\"@id\":\"https:\\\/\\\/www.cometis.de\\\/de\\\/#organization\",\"name\":\"cometis AG\",\"alternateName\":\"Deutschlands f\u00fchrende Investor Relations Agentur\",\"url\":\"https:\\\/\\\/www.cometis.de\\\/de\\\/\",\"logo\":{\"@type\":\"ImageObject\",\"inLanguage\":\"de\",\"@id\":\"https:\\\/\\\/www.cometis.de\\\/de\\\/#\\\/schema\\\/logo\\\/image\\\/\",\"url\":\"https:\\\/\\\/www.cometis.de\\\/wp-content\\\/uploads\\\/2024\\\/12-old\\\/Cometis-Mobile-Logo-1.png\",\"contentUrl\":\"https:\\\/\\\/www.cometis.de\\\/wp-content\\\/uploads\\\/2024\\\/12-old\\\/Cometis-Mobile-Logo-1.png\",\"width\":171,\"height\":31,\"caption\":\"cometis AG\"},\"image\":{\"@id\":\"https:\\\/\\\/www.cometis.de\\\/de\\\/#\\\/schema\\\/logo\\\/image\\\/\"},\"sameAs\":[\"https:\\\/\\\/www.linkedin.com\\\/company\\\/cometis-ag\\\/\",\"https:\\\/\\\/www.youtube.com\\\/user\\\/cometisAG\"]}]}<\/script>\n<!-- \/ Yoast SEO Premium plugin. -->","yoast_head_json":{"title":"Pflichtmitteilungen bei M&A Transaktionen ver\u00f6ffentlichen | cometis AG","description":"Die cometis AG ist Ihr Spezialist bei der Erstellung und Ver\u00f6ffentlichung der Pflichtmitteilungen im Rahmen Ihrer M&A-Transaktion.","robots":{"index":"index","follow":"follow","max-snippet":"max-snippet:-1","max-image-preview":"max-image-preview:large","max-video-preview":"max-video-preview:-1"},"canonical":"https:\/\/www.cometis.de\/de\/services\/mergers-acquisitions\/wphg-meldung\/","og_locale":"de_DE","og_type":"article","og_title":"WPHG Meldung","og_description":"Die cometis AG ist Ihr Spezialist bei der Erstellung und Ver\u00f6ffentlichung der Pflichtmitteilungen im Rahmen Ihrer M&A-Transaktion.","og_url":"https:\/\/www.cometis.de\/de\/services\/mergers-acquisitions\/wphg-meldung\/","og_site_name":"cometis AG","article_modified_time":"2025-02-18T06:04:19+00:00","og_image":[{"width":171,"height":31,"url":"https:\/\/www.cometis.de\/wp-content\/uploads\/2024\/12-old\/Cometis-Mobile-Logo-1.png","type":"image\/png"}],"twitter_card":"summary_large_image","twitter_misc":{"Gesch\u00e4tzte Lesezeit":"2\u00a0Minuten"},"schema":{"@context":"https:\/\/schema.org","@graph":[{"@type":"WebPage","@id":"https:\/\/www.cometis.de\/de\/services\/mergers-acquisitions\/wphg-meldung\/","url":"https:\/\/www.cometis.de\/de\/services\/mergers-acquisitions\/wphg-meldung\/","name":"Pflichtmitteilungen bei M&A Transaktionen ver\u00f6ffentlichen | cometis AG","isPartOf":{"@id":"https:\/\/www.cometis.de\/de\/#website"},"datePublished":"2025-01-23T06:31:46+00:00","dateModified":"2025-02-18T06:04:19+00:00","description":"Die cometis AG ist Ihr Spezialist bei der Erstellung und Ver\u00f6ffentlichung der Pflichtmitteilungen im Rahmen Ihrer M&A-Transaktion.","breadcrumb":{"@id":"https:\/\/www.cometis.de\/de\/services\/mergers-acquisitions\/wphg-meldung\/#breadcrumb"},"inLanguage":"de","potentialAction":[{"@type":"ReadAction","target":["https:\/\/www.cometis.de\/de\/services\/mergers-acquisitions\/wphg-meldung\/"]}]},{"@type":"BreadcrumbList","@id":"https:\/\/www.cometis.de\/de\/services\/mergers-acquisitions\/wphg-meldung\/#breadcrumb","itemListElement":[{"@type":"ListItem","position":1,"name":"Home","item":"https:\/\/www.cometis.de\/de\/"},{"@type":"ListItem","position":2,"name":"Services","item":"https:\/\/www.cometis.de\/de\/services\/"},{"@type":"ListItem","position":3,"name":"Mergers &amp; Acquisitions","item":"https:\/\/www.cometis.de\/de\/services\/mergers-acquisitions\/"},{"@type":"ListItem","position":4,"name":"WPHG Meldung"}]},{"@type":"WebSite","@id":"https:\/\/www.cometis.de\/de\/#website","url":"https:\/\/www.cometis.de\/de\/","name":"cometis AG","description":"Deutschlands f\u00fchrende Investor Relations Agentur","publisher":{"@id":"https:\/\/www.cometis.de\/de\/#organization"},"potentialAction":[{"@type":"SearchAction","target":{"@type":"EntryPoint","urlTemplate":"https:\/\/www.cometis.de\/de\/?s={search_term_string}"},"query-input":{"@type":"PropertyValueSpecification","valueRequired":true,"valueName":"search_term_string"}}],"inLanguage":"de"},{"@type":"Organization","@id":"https:\/\/www.cometis.de\/de\/#organization","name":"cometis AG","alternateName":"Deutschlands f\u00fchrende Investor Relations Agentur","url":"https:\/\/www.cometis.de\/de\/","logo":{"@type":"ImageObject","inLanguage":"de","@id":"https:\/\/www.cometis.de\/de\/#\/schema\/logo\/image\/","url":"https:\/\/www.cometis.de\/wp-content\/uploads\/2024\/12-old\/Cometis-Mobile-Logo-1.png","contentUrl":"https:\/\/www.cometis.de\/wp-content\/uploads\/2024\/12-old\/Cometis-Mobile-Logo-1.png","width":171,"height":31,"caption":"cometis AG"},"image":{"@id":"https:\/\/www.cometis.de\/de\/#\/schema\/logo\/image\/"},"sameAs":["https:\/\/www.linkedin.com\/company\/cometis-ag\/","https:\/\/www.youtube.com\/user\/cometisAG"]}]}},"_links":{"self":[{"href":"https:\/\/www.cometis.de\/de\/wp-json\/wp\/v2\/pages\/4626","targetHints":{"allow":["GET"]}}],"collection":[{"href":"https:\/\/www.cometis.de\/de\/wp-json\/wp\/v2\/pages"}],"about":[{"href":"https:\/\/www.cometis.de\/de\/wp-json\/wp\/v2\/types\/page"}],"author":[{"embeddable":true,"href":"https:\/\/www.cometis.de\/de\/wp-json\/wp\/v2\/users\/1"}],"replies":[{"embeddable":true,"href":"https:\/\/www.cometis.de\/de\/wp-json\/wp\/v2\/comments?post=4626"}],"version-history":[{"count":3,"href":"https:\/\/www.cometis.de\/de\/wp-json\/wp\/v2\/pages\/4626\/revisions"}],"predecessor-version":[{"id":107608,"href":"https:\/\/www.cometis.de\/de\/wp-json\/wp\/v2\/pages\/4626\/revisions\/107608"}],"up":[{"embeddable":true,"href":"https:\/\/www.cometis.de\/de\/wp-json\/wp\/v2\/pages\/4300"}],"wp:attachment":[{"href":"https:\/\/www.cometis.de\/de\/wp-json\/wp\/v2\/media?parent=4626"}],"curies":[{"name":"wp","href":"https:\/\/api.w.org\/{rel}","templated":true}]}}