{"id":4644,"date":"2025-01-23T07:47:43","date_gmt":"2025-01-23T06:47:43","guid":{"rendered":"https:\/\/cometis.de\/?page_id=4644"},"modified":"2025-02-18T07:04:02","modified_gmt":"2025-02-18T06:04:02","slug":"medien-unterlagen","status":"publish","type":"page","link":"https:\/\/www.cometis.de\/de\/services\/mergers-acquisitions\/medien-unterlagen\/","title":{"rendered":"Medienunterlagen"},"content":{"rendered":"\t\t<div data-elementor-type=\"wp-page\" data-elementor-id=\"4644\" class=\"elementor elementor-4644\" data-elementor-post-type=\"page\">\n\t\t\t\t<div class=\"elementor-element elementor-element-205bb43 e-flex e-con-boxed e-con e-parent\" data-id=\"205bb43\" data-element_type=\"container\" data-e-type=\"container\">\n\t\t\t\t\t<div class=\"e-con-inner\">\n\t\t\t\t<div class=\"elementor-element elementor-element-9182c9e elementor-widget elementor-widget-template\" data-id=\"9182c9e\" data-element_type=\"widget\" data-e-type=\"widget\" data-widget_type=\"template.default\">\n\t\t\t\t<div class=\"elementor-widget-container\">\n\t\t\t\t\t\t\t<div class=\"elementor-template\">\n\t\t\t\t\t<div data-elementor-type=\"section\" data-elementor-id=\"3688\" class=\"elementor elementor-3688\" data-elementor-post-type=\"elementor_library\">\n\t\t\t<div class=\"elementor-element elementor-element-1f34e34 e-flex e-con-boxed e-con e-parent\" data-id=\"1f34e34\" data-element_type=\"container\" data-e-type=\"container\">\n\t\t\t\t\t<div class=\"e-con-inner\">\n\t\t<div class=\"elementor-element elementor-element-e68c844 e-con-full e-flex e-con e-child\" data-id=\"e68c844\" data-element_type=\"container\" data-e-type=\"container\" data-settings=\"{&quot;background_background&quot;:&quot;classic&quot;}\">\n\t\t\t\t<div class=\"elementor-element elementor-element-47470af elementor-widget elementor-widget-heading\" data-id=\"47470af\" data-element_type=\"widget\" data-e-type=\"widget\" data-widget_type=\"heading.default\">\n\t\t\t\t<div class=\"elementor-widget-container\">\n\t\t\t\t\t<h1 class=\"elementor-heading-title elementor-size-default\">Medienunterlagen<\/h1>\t\t\t\t<\/div>\n\t\t\t\t<\/div>\n\t\t\t\t<\/div>\n\t\t<div class=\"elementor-element elementor-element-b7dac6f e-con-full e-flex e-con e-child\" data-id=\"b7dac6f\" data-element_type=\"container\" data-e-type=\"container\">\n\t\t\t\t<div class=\"elementor-element elementor-element-ce54cc3 elementor-align-left elementor-widget elementor-widget-breadcrumbs\" data-id=\"ce54cc3\" data-element_type=\"widget\" data-e-type=\"widget\" data-widget_type=\"breadcrumbs.default\">\n\t\t\t\t<div class=\"elementor-widget-container\">\n\t\t\t\t\t<div id=\"breadcrumbs\"><span><span><a href=\"https:\/\/www.cometis.de\/de\/\">Home<\/a><\/span><\/span><\/div>\t\t\t\t<\/div>\n\t\t\t\t<\/div>\n\t\t\t\t<\/div>\n\t\t\t\t\t<\/div>\n\t\t\t\t<\/div>\n\t\t\t\t<\/div>\n\t\t\t\t<\/div>\n\t\t\t\t\t\t<\/div>\n\t\t\t\t<\/div>\n\t\t\t\t\t<\/div>\n\t\t\t\t<\/div>\n\t\t<div class=\"elementor-element elementor-element-9a2df61 cmn-sidebar-content e-flex e-con-boxed e-con e-parent\" data-id=\"9a2df61\" data-element_type=\"container\" data-e-type=\"container\" data-settings=\"{&quot;background_background&quot;:&quot;classic&quot;,&quot;background_motion_fx_motion_fx_scrolling&quot;:&quot;yes&quot;,&quot;background_motion_fx_translateY_effect&quot;:&quot;yes&quot;,&quot;background_motion_fx_translateY_speed&quot;:{&quot;unit&quot;:&quot;px&quot;,&quot;size&quot;:2,&quot;sizes&quot;:[]},&quot;background_motion_fx_translateY_direction&quot;:&quot;negative&quot;,&quot;background_motion_fx_translateY_affectedRange&quot;:{&quot;unit&quot;:&quot;%&quot;,&quot;size&quot;:&quot;&quot;,&quot;sizes&quot;:{&quot;start&quot;:0,&quot;end&quot;:100}},&quot;background_motion_fx_devices&quot;:[&quot;desktop&quot;,&quot;tablet&quot;,&quot;mobile&quot;]}\">\n\t\t\t\t\t<div class=\"e-con-inner\">\n\t\t<div class=\"elementor-element elementor-element-145b322 e-con-full cmn-sidebar-content p-100 e-flex e-con e-child\" data-id=\"145b322\" data-element_type=\"container\" data-e-type=\"container\">\n\t\t<div class=\"elementor-element elementor-element-86b7b5f e-con-full cmn-content-box e-flex e-con e-child\" data-id=\"86b7b5f\" data-element_type=\"container\" data-e-type=\"container\">\n\t\t<div class=\"elementor-element elementor-element-a0b8dd2 e-con-full cmn-content-box-container e-flex e-con e-child\" data-id=\"a0b8dd2\" data-element_type=\"container\" data-e-type=\"container\">\n\t\t\t\t<div class=\"elementor-element elementor-element-ab4d231 elementor-widget elementor-widget-heading\" data-id=\"ab4d231\" data-element_type=\"widget\" data-e-type=\"widget\" data-widget_type=\"heading.default\">\n\t\t\t\t<div class=\"elementor-widget-container\">\n\t\t\t\t\t<h2 class=\"elementor-heading-title elementor-size-default\">Wir erstellen Ihre Medienunterlagen in der M&amp;A Kommunikation<\/h2>\t\t\t\t<\/div>\n\t\t\t\t<\/div>\n\t\t\t\t<div class=\"elementor-element elementor-element-d1c1f5b elementor-widget elementor-widget-text-editor\" data-id=\"d1c1f5b\" data-element_type=\"widget\" data-e-type=\"widget\" data-widget_type=\"text-editor.default\">\n\t\t\t\t<div class=\"elementor-widget-container\">\n\t\t\t\t\t\t\t\t\t<p>Im Rahmen einer M&amp;A-Transaktion sind relevanten Medienunterlagen ein erfolgsentscheidendes Werkzeug um die Kommunikation mit Print-, Online-, TV- und Rundfunkjournalisten optimal zu gestalten. Qualitativ hochwertige Unterlagen helfen dabei, jederzeit zu den beteiligten Unternehmen, dem Verhandlungsstand und dem weiteren Fortgang der Transaktion auskunftsf\u00e4hig zu sein. So bedienen Sie jederzeit das Informationsbed\u00fcrfnis Ihrer Stakeholder.<\/p>\t\t\t\t\t\t\t\t<\/div>\n\t\t\t\t<\/div>\n\t\t\t\t<div class=\"elementor-element elementor-element-0b8cf4e cmn-content-box-btn elementor-widget elementor-widget-button\" data-id=\"0b8cf4e\" data-element_type=\"widget\" data-e-type=\"widget\" data-widget_type=\"button.default\">\n\t\t\t\t<div class=\"elementor-widget-container\">\n\t\t\t\t\t\t\t\t\t<div class=\"elementor-button-wrapper\">\n\t\t\t\t\t<a class=\"elementor-button elementor-button-link elementor-size-sm\" href=\"\/de\/cometis-ag\/referenzen\/mergers-and-acquisitions-referenzen\">\n\t\t\t\t\t\t<span class=\"elementor-button-content-wrapper\">\n\t\t\t\t\t\t<span class=\"elementor-button-icon\">\n\t\t\t\t<svg aria-hidden=\"true\" class=\"e-font-icon-svg e-fas-chevron-right\" viewBox=\"0 0 320 512\" xmlns=\"http:\/\/www.w3.org\/2000\/svg\"><path d=\"M285.476 272.971L91.132 467.314c-9.373 9.373-24.569 9.373-33.941 0l-22.667-22.667c-9.357-9.357-9.375-24.522-.04-33.901L188.505 256 34.484 101.255c-9.335-9.379-9.317-24.544.04-33.901l22.667-22.667c9.373-9.373 24.569-9.373 33.941 0L285.475 239.03c9.373 9.372 9.373 24.568.001 33.941z\"><\/path><\/svg>\t\t\t<\/span>\n\t\t\t\t\t\t\t\t\t<span class=\"elementor-button-text\">Unsere Referenzen<\/span>\n\t\t\t\t\t<\/span>\n\t\t\t\t\t<\/a>\n\t\t\t\t<\/div>\n\t\t\t\t\t\t\t\t<\/div>\n\t\t\t\t<\/div>\n\t\t\t\t<\/div>\n\t\t<div class=\"elementor-element elementor-element-5b33ff0 e-con-full cmn-content-box-container e-flex e-con e-child\" data-id=\"5b33ff0\" data-element_type=\"container\" data-e-type=\"container\">\n\t\t\t\t<div class=\"elementor-element elementor-element-67523a6 elementor-widget elementor-widget-heading\" data-id=\"67523a6\" data-element_type=\"widget\" data-e-type=\"widget\" data-widget_type=\"heading.default\">\n\t\t\t\t<div class=\"elementor-widget-container\">\n\t\t\t\t\t<h2 class=\"elementor-heading-title elementor-size-default\">Hochwertige Medienunterlagen unterst\u00fctzen zielgerichtete M&amp;A-Kommunikation<\/h2>\t\t\t\t<\/div>\n\t\t\t\t<\/div>\n\t\t\t\t<div class=\"elementor-element elementor-element-e00947b elementor-widget elementor-widget-text-editor\" data-id=\"e00947b\" data-element_type=\"widget\" data-e-type=\"widget\" data-widget_type=\"text-editor.default\">\n\t\t\t\t<div class=\"elementor-widget-container\">\n\t\t\t\t\t\t\t\t\t<p>Neben der konsistenten und glaubw\u00fcrdigen Vermittlung harter Fakten, gilt es, die bestm\u00f6gliche Platzierung Ihrer <a href=\"https:\/\/www.cometis.de\/de\/services\/mergers-acquisitions\/kernbotschaften\/\">Kernbotschaften<\/a> und Argumente durch passende Medienunterlagen zu unterst\u00fctzen. Dazu z\u00e4hlen begleitende Corporate News zur M&amp;A-Transaktion,\u00a0<a title=\"Kennzahlen f\u00fcr den B\u00f6rsengang\" href=\"\/de\/ipo\/ipo-factsheet\">Fact Sheet<\/a>,\u00a0<a title=\"Wir erstellen Ihre hochwertige IR-Pr\u00e4sentation\" href=\"\/de\/investor-relations\/investorenpraesentation\">Pr\u00e4sentationen<\/a>\u00a0oder ein Fragen- und Antwortenkatalog. Neben inhaltlichen Aspekten achten wir dabei auf eine ansprechende grafische Darstellung. Auf Ihr Corporate Design abgestimmte Dokumente tragen auch in der\u00a0<a title=\"M&amp;A-Kommunikationsstrategie\" href=\"\/de\/mergers-acquisitions\/kommunikationsstrategie\/\">M&amp;A-Kommunikation<\/a>\u00a0zu einem einheitlichen Erscheinungsbild des Unternehmens bei.<\/p>\t\t\t\t\t\t\t\t<\/div>\n\t\t\t\t<\/div>\n\t\t\t\t<\/div>\n\t\t<div class=\"elementor-element elementor-element-1208c32 e-con-full cmn-content-box-container e-flex e-con e-child\" data-id=\"1208c32\" data-element_type=\"container\" data-e-type=\"container\">\n\t\t\t\t<div class=\"elementor-element elementor-element-0096e1e elementor-widget elementor-widget-heading\" data-id=\"0096e1e\" data-element_type=\"widget\" data-e-type=\"widget\" data-widget_type=\"heading.default\">\n\t\t\t\t<div class=\"elementor-widget-container\">\n\t\t\t\t\t<h2 class=\"elementor-heading-title elementor-size-default\">Vielf\u00e4ltiges Portfolio an Medienunterlagen einsetzen<\/h2>\t\t\t\t<\/div>\n\t\t\t\t<\/div>\n\t\t\t\t<div class=\"elementor-element elementor-element-562db68 elementor-widget elementor-widget-text-editor\" data-id=\"562db68\" data-element_type=\"widget\" data-e-type=\"widget\" data-widget_type=\"text-editor.default\">\n\t\t\t\t<div class=\"elementor-widget-container\">\n\t\t\t\t\t\t\t\t\t<p>Die f\u00fcr Ihre Medienarbeit verf\u00fcgbaren Dokumente sollten das volle Portfolio von Unternehmenspr\u00e4sentation und Fact Sheet bis hin zu abgestimmten Sprachregelungen umfassen, um in jeder erdenklichen Situation die geeigneten Unterlagen parat zu haben. Als Spezialist f\u00fcr strategische <a href=\"https:\/\/www.cometis.de\/de\/esg\/\">ESG<\/a>-,<a title=\"Optimale Finanz-PR f\u00fcr Ihr Unternehmen\" href=\"\/de\/finanz-pr\/\"> Finanz-<\/a>\u00a0und\u00a0<a title=\"Unsere Investor Relations Dienstleistungen\" href=\"\/de\/investor-relations\/\">Unternehmenskommunikation<\/a>\u00a0mit langj\u00e4hriger Erfahrung steht Ihnen die\u00a0<a title=\"Investor Relations Agentur f\u00fcr Finanzkommunikation\" href=\"\/de\/\">cometis AG<\/a>\u00a0als zuverl\u00e4ssiger Partner bei der inhaltlichen Entwicklung, grafischen Gestaltung und operativen Umsetzung diverser medienrelevanter Dokumente zur Seite. Sprechen Sie uns um, f\u00fcr die Kommunikation mit Ihren Stakeholdern gut ger\u00fcstet zu sein!<\/p>\t\t\t\t\t\t\t\t<\/div>\n\t\t\t\t<\/div>\n\t\t\t\t<\/div>\n\t\t\t\t<\/div>\n\t\t\t\t<\/div>\n\t\t\t\t\t<\/div>\n\t\t\t\t<\/div>\n\t\t\t\t<\/div>\n\t\t","protected":false},"excerpt":{"rendered":"<p>Wir erstellen Ihre Medienunterlagen in der M&amp;A Kommunikation Im Rahmen einer M&amp;A-Transaktion sind relevanten Medienunterlagen ein erfolgsentscheidendes Werkzeug um die Kommunikation mit Print-, Online-, TV- und Rundfunkjournalisten optimal zu gestalten. Qualitativ hochwertige Unterlagen helfen dabei, jederzeit zu den beteiligten Unternehmen, dem Verhandlungsstand und dem weiteren Fortgang der Transaktion auskunftsf\u00e4hig zu sein. So bedienen Sie jederzeit [&hellip;]<\/p>\n","protected":false},"author":1,"featured_media":0,"parent":4300,"menu_order":0,"comment_status":"closed","ping_status":"open","template":"","meta":{"_acf_changed":false,"footnotes":""},"class_list":["post-4644","page","type-page","status-publish","hentry"],"acf":[],"yoast_head":"<!-- This site is optimized with the Yoast SEO Premium plugin v26.2 (Yoast SEO v27.4) - https:\/\/yoast.com\/product\/yoast-seo-premium-wordpress\/ -->\n<title>Medienrelevante Dokumente in der M&amp;A-Kommunikation | cometis AG<\/title>\n<meta name=\"description\" content=\"Erstellung von Medienunterlagen f\u00fcr Ihre M&amp;A Transaktion - die cometis AG ist Ihr Spezialist f\u00fcr Finanz- und Unternehmenskommunikation.\" \/>\n<meta name=\"robots\" content=\"index, follow, max-snippet:-1, max-image-preview:large, max-video-preview:-1\" \/>\n<link rel=\"canonical\" href=\"https:\/\/www.cometis.de\/de\/services\/mergers-acquisitions\/medien-unterlagen\/\" \/>\n<meta property=\"og:locale\" content=\"de_DE\" \/>\n<meta property=\"og:type\" content=\"article\" \/>\n<meta property=\"og:title\" content=\"Medienunterlagen\" \/>\n<meta property=\"og:description\" content=\"Erstellung von Medienunterlagen f\u00fcr Ihre M&amp;A Transaktion - die cometis AG ist Ihr Spezialist f\u00fcr Finanz- und Unternehmenskommunikation.\" \/>\n<meta property=\"og:url\" content=\"https:\/\/www.cometis.de\/de\/services\/mergers-acquisitions\/medien-unterlagen\/\" \/>\n<meta property=\"og:site_name\" content=\"cometis AG\" \/>\n<meta property=\"article:modified_time\" content=\"2025-02-18T06:04:02+00:00\" \/>\n<meta property=\"og:image\" content=\"https:\/\/www.cometis.de\/wp-content\/uploads\/2024\/12-old\/Cometis-Mobile-Logo-1.png\" \/>\n\t<meta property=\"og:image:width\" content=\"171\" \/>\n\t<meta property=\"og:image:height\" content=\"31\" \/>\n\t<meta property=\"og:image:type\" content=\"image\/png\" \/>\n<meta name=\"twitter:card\" content=\"summary_large_image\" \/>\n<meta name=\"twitter:label1\" content=\"Gesch\u00e4tzte Lesezeit\" \/>\n\t<meta name=\"twitter:data1\" content=\"2\u00a0Minuten\" \/>\n<script type=\"application\/ld+json\" class=\"yoast-schema-graph\">{\"@context\":\"https:\\\/\\\/schema.org\",\"@graph\":[{\"@type\":\"WebPage\",\"@id\":\"https:\\\/\\\/www.cometis.de\\\/de\\\/services\\\/mergers-acquisitions\\\/medien-unterlagen\\\/\",\"url\":\"https:\\\/\\\/www.cometis.de\\\/de\\\/services\\\/mergers-acquisitions\\\/medien-unterlagen\\\/\",\"name\":\"Medienrelevante Dokumente in der M&A-Kommunikation | cometis AG\",\"isPartOf\":{\"@id\":\"https:\\\/\\\/www.cometis.de\\\/de\\\/#website\"},\"datePublished\":\"2025-01-23T06:47:43+00:00\",\"dateModified\":\"2025-02-18T06:04:02+00:00\",\"description\":\"Erstellung von Medienunterlagen f\u00fcr Ihre M&A Transaktion - die cometis AG ist Ihr Spezialist f\u00fcr Finanz- und Unternehmenskommunikation.\",\"breadcrumb\":{\"@id\":\"https:\\\/\\\/www.cometis.de\\\/de\\\/services\\\/mergers-acquisitions\\\/medien-unterlagen\\\/#breadcrumb\"},\"inLanguage\":\"de\",\"potentialAction\":[{\"@type\":\"ReadAction\",\"target\":[\"https:\\\/\\\/www.cometis.de\\\/de\\\/services\\\/mergers-acquisitions\\\/medien-unterlagen\\\/\"]}]},{\"@type\":\"BreadcrumbList\",\"@id\":\"https:\\\/\\\/www.cometis.de\\\/de\\\/services\\\/mergers-acquisitions\\\/medien-unterlagen\\\/#breadcrumb\",\"itemListElement\":[{\"@type\":\"ListItem\",\"position\":1,\"name\":\"Home\",\"item\":\"https:\\\/\\\/www.cometis.de\\\/de\\\/\"},{\"@type\":\"ListItem\",\"position\":2,\"name\":\"Services\",\"item\":\"https:\\\/\\\/www.cometis.de\\\/de\\\/services\\\/\"},{\"@type\":\"ListItem\",\"position\":3,\"name\":\"Mergers &amp; Acquisitions\",\"item\":\"https:\\\/\\\/www.cometis.de\\\/de\\\/services\\\/mergers-acquisitions\\\/\"},{\"@type\":\"ListItem\",\"position\":4,\"name\":\"Medienunterlagen\"}]},{\"@type\":\"WebSite\",\"@id\":\"https:\\\/\\\/www.cometis.de\\\/de\\\/#website\",\"url\":\"https:\\\/\\\/www.cometis.de\\\/de\\\/\",\"name\":\"cometis AG\",\"description\":\"Deutschlands f\u00fchrende Investor Relations Agentur\",\"publisher\":{\"@id\":\"https:\\\/\\\/www.cometis.de\\\/de\\\/#organization\"},\"potentialAction\":[{\"@type\":\"SearchAction\",\"target\":{\"@type\":\"EntryPoint\",\"urlTemplate\":\"https:\\\/\\\/www.cometis.de\\\/de\\\/?s={search_term_string}\"},\"query-input\":{\"@type\":\"PropertyValueSpecification\",\"valueRequired\":true,\"valueName\":\"search_term_string\"}}],\"inLanguage\":\"de\"},{\"@type\":\"Organization\",\"@id\":\"https:\\\/\\\/www.cometis.de\\\/de\\\/#organization\",\"name\":\"cometis AG\",\"alternateName\":\"Deutschlands f\u00fchrende Investor Relations Agentur\",\"url\":\"https:\\\/\\\/www.cometis.de\\\/de\\\/\",\"logo\":{\"@type\":\"ImageObject\",\"inLanguage\":\"de\",\"@id\":\"https:\\\/\\\/www.cometis.de\\\/de\\\/#\\\/schema\\\/logo\\\/image\\\/\",\"url\":\"https:\\\/\\\/www.cometis.de\\\/wp-content\\\/uploads\\\/2024\\\/12-old\\\/Cometis-Mobile-Logo-1.png\",\"contentUrl\":\"https:\\\/\\\/www.cometis.de\\\/wp-content\\\/uploads\\\/2024\\\/12-old\\\/Cometis-Mobile-Logo-1.png\",\"width\":171,\"height\":31,\"caption\":\"cometis AG\"},\"image\":{\"@id\":\"https:\\\/\\\/www.cometis.de\\\/de\\\/#\\\/schema\\\/logo\\\/image\\\/\"},\"sameAs\":[\"https:\\\/\\\/www.linkedin.com\\\/company\\\/cometis-ag\\\/\",\"https:\\\/\\\/www.youtube.com\\\/user\\\/cometisAG\"]}]}<\/script>\n<!-- \/ Yoast SEO Premium plugin. -->","yoast_head_json":{"title":"Medienrelevante Dokumente in der M&A-Kommunikation | cometis AG","description":"Erstellung von Medienunterlagen f\u00fcr Ihre M&A Transaktion - die cometis AG ist Ihr Spezialist f\u00fcr Finanz- und Unternehmenskommunikation.","robots":{"index":"index","follow":"follow","max-snippet":"max-snippet:-1","max-image-preview":"max-image-preview:large","max-video-preview":"max-video-preview:-1"},"canonical":"https:\/\/www.cometis.de\/de\/services\/mergers-acquisitions\/medien-unterlagen\/","og_locale":"de_DE","og_type":"article","og_title":"Medienunterlagen","og_description":"Erstellung von Medienunterlagen f\u00fcr Ihre M&A Transaktion - die cometis AG ist Ihr Spezialist f\u00fcr Finanz- und Unternehmenskommunikation.","og_url":"https:\/\/www.cometis.de\/de\/services\/mergers-acquisitions\/medien-unterlagen\/","og_site_name":"cometis AG","article_modified_time":"2025-02-18T06:04:02+00:00","og_image":[{"width":171,"height":31,"url":"https:\/\/www.cometis.de\/wp-content\/uploads\/2024\/12-old\/Cometis-Mobile-Logo-1.png","type":"image\/png"}],"twitter_card":"summary_large_image","twitter_misc":{"Gesch\u00e4tzte Lesezeit":"2\u00a0Minuten"},"schema":{"@context":"https:\/\/schema.org","@graph":[{"@type":"WebPage","@id":"https:\/\/www.cometis.de\/de\/services\/mergers-acquisitions\/medien-unterlagen\/","url":"https:\/\/www.cometis.de\/de\/services\/mergers-acquisitions\/medien-unterlagen\/","name":"Medienrelevante Dokumente in der M&A-Kommunikation | cometis AG","isPartOf":{"@id":"https:\/\/www.cometis.de\/de\/#website"},"datePublished":"2025-01-23T06:47:43+00:00","dateModified":"2025-02-18T06:04:02+00:00","description":"Erstellung von Medienunterlagen f\u00fcr Ihre M&A Transaktion - die cometis AG ist Ihr Spezialist f\u00fcr Finanz- und Unternehmenskommunikation.","breadcrumb":{"@id":"https:\/\/www.cometis.de\/de\/services\/mergers-acquisitions\/medien-unterlagen\/#breadcrumb"},"inLanguage":"de","potentialAction":[{"@type":"ReadAction","target":["https:\/\/www.cometis.de\/de\/services\/mergers-acquisitions\/medien-unterlagen\/"]}]},{"@type":"BreadcrumbList","@id":"https:\/\/www.cometis.de\/de\/services\/mergers-acquisitions\/medien-unterlagen\/#breadcrumb","itemListElement":[{"@type":"ListItem","position":1,"name":"Home","item":"https:\/\/www.cometis.de\/de\/"},{"@type":"ListItem","position":2,"name":"Services","item":"https:\/\/www.cometis.de\/de\/services\/"},{"@type":"ListItem","position":3,"name":"Mergers &amp; Acquisitions","item":"https:\/\/www.cometis.de\/de\/services\/mergers-acquisitions\/"},{"@type":"ListItem","position":4,"name":"Medienunterlagen"}]},{"@type":"WebSite","@id":"https:\/\/www.cometis.de\/de\/#website","url":"https:\/\/www.cometis.de\/de\/","name":"cometis AG","description":"Deutschlands f\u00fchrende Investor Relations Agentur","publisher":{"@id":"https:\/\/www.cometis.de\/de\/#organization"},"potentialAction":[{"@type":"SearchAction","target":{"@type":"EntryPoint","urlTemplate":"https:\/\/www.cometis.de\/de\/?s={search_term_string}"},"query-input":{"@type":"PropertyValueSpecification","valueRequired":true,"valueName":"search_term_string"}}],"inLanguage":"de"},{"@type":"Organization","@id":"https:\/\/www.cometis.de\/de\/#organization","name":"cometis AG","alternateName":"Deutschlands f\u00fchrende Investor Relations Agentur","url":"https:\/\/www.cometis.de\/de\/","logo":{"@type":"ImageObject","inLanguage":"de","@id":"https:\/\/www.cometis.de\/de\/#\/schema\/logo\/image\/","url":"https:\/\/www.cometis.de\/wp-content\/uploads\/2024\/12-old\/Cometis-Mobile-Logo-1.png","contentUrl":"https:\/\/www.cometis.de\/wp-content\/uploads\/2024\/12-old\/Cometis-Mobile-Logo-1.png","width":171,"height":31,"caption":"cometis AG"},"image":{"@id":"https:\/\/www.cometis.de\/de\/#\/schema\/logo\/image\/"},"sameAs":["https:\/\/www.linkedin.com\/company\/cometis-ag\/","https:\/\/www.youtube.com\/user\/cometisAG"]}]}},"_links":{"self":[{"href":"https:\/\/www.cometis.de\/de\/wp-json\/wp\/v2\/pages\/4644","targetHints":{"allow":["GET"]}}],"collection":[{"href":"https:\/\/www.cometis.de\/de\/wp-json\/wp\/v2\/pages"}],"about":[{"href":"https:\/\/www.cometis.de\/de\/wp-json\/wp\/v2\/types\/page"}],"author":[{"embeddable":true,"href":"https:\/\/www.cometis.de\/de\/wp-json\/wp\/v2\/users\/1"}],"replies":[{"embeddable":true,"href":"https:\/\/www.cometis.de\/de\/wp-json\/wp\/v2\/comments?post=4644"}],"version-history":[{"count":3,"href":"https:\/\/www.cometis.de\/de\/wp-json\/wp\/v2\/pages\/4644\/revisions"}],"predecessor-version":[{"id":107605,"href":"https:\/\/www.cometis.de\/de\/wp-json\/wp\/v2\/pages\/4644\/revisions\/107605"}],"up":[{"embeddable":true,"href":"https:\/\/www.cometis.de\/de\/wp-json\/wp\/v2\/pages\/4300"}],"wp:attachment":[{"href":"https:\/\/www.cometis.de\/de\/wp-json\/wp\/v2\/media?parent=4644"}],"curies":[{"name":"wp","href":"https:\/\/api.w.org\/{rel}","templated":true}]}}