{"id":4678,"date":"2025-01-23T08:00:00","date_gmt":"2025-01-23T07:00:00","guid":{"rendered":"https:\/\/cometis.de\/?page_id=4678"},"modified":"2025-02-18T07:00:56","modified_gmt":"2025-02-18T06:00:56","slug":"angebotswebsite","status":"publish","type":"page","link":"https:\/\/www.cometis.de\/de\/services\/mergers-acquisitions\/angebotswebsite\/","title":{"rendered":"Angebots-Website"},"content":{"rendered":"\t\t<div data-elementor-type=\"wp-page\" data-elementor-id=\"4678\" class=\"elementor elementor-4678\" data-elementor-post-type=\"page\">\n\t\t\t\t<div class=\"elementor-element elementor-element-ed807c6 e-flex e-con-boxed e-con e-parent\" data-id=\"ed807c6\" data-element_type=\"container\" data-e-type=\"container\">\n\t\t\t\t\t<div class=\"e-con-inner\">\n\t\t\t\t<div class=\"elementor-element elementor-element-fc4017f elementor-widget elementor-widget-template\" data-id=\"fc4017f\" data-element_type=\"widget\" data-e-type=\"widget\" data-widget_type=\"template.default\">\n\t\t\t\t<div class=\"elementor-widget-container\">\n\t\t\t\t\t\t\t<div class=\"elementor-template\">\n\t\t\t\t\t<div data-elementor-type=\"section\" data-elementor-id=\"3688\" class=\"elementor elementor-3688\" data-elementor-post-type=\"elementor_library\">\n\t\t\t<div class=\"elementor-element elementor-element-1f34e34 e-flex e-con-boxed e-con e-parent\" data-id=\"1f34e34\" data-element_type=\"container\" data-e-type=\"container\">\n\t\t\t\t\t<div class=\"e-con-inner\">\n\t\t<div class=\"elementor-element elementor-element-e68c844 e-con-full e-flex e-con e-child\" data-id=\"e68c844\" data-element_type=\"container\" data-e-type=\"container\" data-settings=\"{&quot;background_background&quot;:&quot;classic&quot;}\">\n\t\t\t\t<div class=\"elementor-element elementor-element-47470af elementor-widget elementor-widget-heading\" data-id=\"47470af\" data-element_type=\"widget\" data-e-type=\"widget\" data-widget_type=\"heading.default\">\n\t\t\t\t<div class=\"elementor-widget-container\">\n\t\t\t\t\t<h1 class=\"elementor-heading-title elementor-size-default\">Angebots Website<\/h1>\t\t\t\t<\/div>\n\t\t\t\t<\/div>\n\t\t\t\t<\/div>\n\t\t<div class=\"elementor-element elementor-element-b7dac6f e-con-full e-flex e-con e-child\" data-id=\"b7dac6f\" data-element_type=\"container\" data-e-type=\"container\">\n\t\t\t\t<div class=\"elementor-element elementor-element-ce54cc3 elementor-align-left elementor-widget elementor-widget-breadcrumbs\" data-id=\"ce54cc3\" data-element_type=\"widget\" data-e-type=\"widget\" data-widget_type=\"breadcrumbs.default\">\n\t\t\t\t<div class=\"elementor-widget-container\">\n\t\t\t\t\t<div id=\"breadcrumbs\"><span><span><a href=\"https:\/\/www.cometis.de\/de\/\">Home<\/a><\/span><\/span><\/div>\t\t\t\t<\/div>\n\t\t\t\t<\/div>\n\t\t\t\t<\/div>\n\t\t\t\t\t<\/div>\n\t\t\t\t<\/div>\n\t\t\t\t<\/div>\n\t\t\t\t<\/div>\n\t\t\t\t\t\t<\/div>\n\t\t\t\t<\/div>\n\t\t\t\t\t<\/div>\n\t\t\t\t<\/div>\n\t\t<div class=\"elementor-element elementor-element-1cb6da3 cmn-sidebar-content e-flex e-con-boxed e-con e-parent\" data-id=\"1cb6da3\" data-element_type=\"container\" data-e-type=\"container\" data-settings=\"{&quot;background_background&quot;:&quot;classic&quot;,&quot;background_motion_fx_motion_fx_scrolling&quot;:&quot;yes&quot;,&quot;background_motion_fx_translateY_effect&quot;:&quot;yes&quot;,&quot;background_motion_fx_translateY_speed&quot;:{&quot;unit&quot;:&quot;px&quot;,&quot;size&quot;:2,&quot;sizes&quot;:[]},&quot;background_motion_fx_translateY_direction&quot;:&quot;negative&quot;,&quot;background_motion_fx_translateY_affectedRange&quot;:{&quot;unit&quot;:&quot;%&quot;,&quot;size&quot;:&quot;&quot;,&quot;sizes&quot;:{&quot;start&quot;:0,&quot;end&quot;:100}},&quot;background_motion_fx_devices&quot;:[&quot;desktop&quot;,&quot;tablet&quot;,&quot;mobile&quot;]}\">\n\t\t\t\t\t<div class=\"e-con-inner\">\n\t\t<div class=\"elementor-element elementor-element-61bb724 e-con-full cmn-sidebar-content p-100 e-flex e-con e-child\" data-id=\"61bb724\" data-element_type=\"container\" data-e-type=\"container\">\n\t\t<div class=\"elementor-element elementor-element-e0d6608 e-con-full cmn-content-box e-flex e-con e-child\" data-id=\"e0d6608\" data-element_type=\"container\" data-e-type=\"container\">\n\t\t<div class=\"elementor-element elementor-element-e40f48f e-con-full cmn-content-box-container e-flex e-con e-child\" data-id=\"e40f48f\" data-element_type=\"container\" data-e-type=\"container\">\n\t\t\t\t<div class=\"elementor-element elementor-element-d0a5f9a elementor-widget elementor-widget-heading\" data-id=\"d0a5f9a\" data-element_type=\"widget\" data-e-type=\"widget\" data-widget_type=\"heading.default\">\n\t\t\t\t<div class=\"elementor-widget-container\">\n\t\t\t\t\t<h2 class=\"elementor-heading-title elementor-size-default\">Rechtzeitig Ihre Angebots-Website f\u00fcr M&amp;A-Transaktion einrichten<\/h2>\t\t\t\t<\/div>\n\t\t\t\t<\/div>\n\t\t\t\t<div class=\"elementor-element elementor-element-2063622 elementor-widget elementor-widget-text-editor\" data-id=\"2063622\" data-element_type=\"widget\" data-e-type=\"widget\" data-widget_type=\"text-editor.default\">\n\t\t\t\t<div class=\"elementor-widget-container\">\n\t\t\t\t\t\t\t\t\tBei\u00a0<a title=\"Unternehmenspotenziale mit Mergers &amp; Acquisitions nutzen\" href=\"\/de\/mergers-acquisitions\/\">M&amp;A-Transaktionen<\/a>\u00a0ist es entsprechend der jeweiligen Situation erforderlich, relevante Dokumente auf einer Angebots-Website zur Verf\u00fcgung zu stellen. Als Spezialist f\u00fcr strategische\u00a0<a title=\"Optimale Finanz-PR f\u00fcr Ihr Unternehmen\" href=\"\/de\/finanz-pr\/\">Finanz-<\/a>\u00a0und\u00a0<a style=\"display: inline-block;\" title=\"Unsere Investor Relations Dienstleistungen\" href=\"\/de\/investor-relations\/\">Unternehmenskommunikation<\/a>\u00a0mit langj\u00e4hriger Erfahrung bei M&amp;A-Transaktionen ist die\u00a0<a title=\"Investor Relations Agentur f\u00fcr Finanzkommunikation\" href=\"\/\">cometis AG<\/a>\u00a0ein verl\u00e4sslicher Partner f\u00fcr die Entwicklung Ihrer\u00a0<a title=\"M&amp;A-Kommunikationsstrategie\" href=\"\/de\/mergers-acquisitions\/kommunikationsstrategie\/\">M&amp;A-Kommunikationsstrategie<\/a>\u00a0und Umsetzung der M&amp;A-bezogenen Kommunikationsma\u00dfnahmen. Wir beraten Sie gerne bei der Einrichtung Ihrer Angebots-Website und der damit verbundenen Erf\u00fcllung der Pflichtver\u00f6ffentlichungen.\t\t\t\t\t\t\t\t<\/div>\n\t\t\t\t<\/div>\n\t\t\t\t<div class=\"elementor-element elementor-element-2c19afb cmn-content-box-btn elementor-widget elementor-widget-button\" data-id=\"2c19afb\" data-element_type=\"widget\" data-e-type=\"widget\" data-widget_type=\"button.default\">\n\t\t\t\t<div class=\"elementor-widget-container\">\n\t\t\t\t\t\t\t\t\t<div class=\"elementor-button-wrapper\">\n\t\t\t\t\t<a class=\"elementor-button elementor-button-link elementor-size-sm\" href=\"\/de\/cometis-ag\/referenzen\/online-kommunikation-referenzen\">\n\t\t\t\t\t\t<span class=\"elementor-button-content-wrapper\">\n\t\t\t\t\t\t<span class=\"elementor-button-icon\">\n\t\t\t\t<svg aria-hidden=\"true\" class=\"e-font-icon-svg e-fas-chevron-right\" viewBox=\"0 0 320 512\" xmlns=\"http:\/\/www.w3.org\/2000\/svg\"><path d=\"M285.476 272.971L91.132 467.314c-9.373 9.373-24.569 9.373-33.941 0l-22.667-22.667c-9.357-9.357-9.375-24.522-.04-33.901L188.505 256 34.484 101.255c-9.335-9.379-9.317-24.544.04-33.901l22.667-22.667c9.373-9.373 24.569-9.373 33.941 0L285.475 239.03c9.373 9.372 9.373 24.568.001 33.941z\"><\/path><\/svg>\t\t\t<\/span>\n\t\t\t\t\t\t\t\t\t<span class=\"elementor-button-text\">Unsere Referenzen<\/span>\n\t\t\t\t\t<\/span>\n\t\t\t\t\t<\/a>\n\t\t\t\t<\/div>\n\t\t\t\t\t\t\t\t<\/div>\n\t\t\t\t<\/div>\n\t\t\t\t<\/div>\n\t\t<div class=\"elementor-element elementor-element-4b63528 e-con-full cmn-content-box-container e-flex e-con e-child\" data-id=\"4b63528\" data-element_type=\"container\" data-e-type=\"container\">\n\t\t\t\t<div class=\"elementor-element elementor-element-b82697b elementor-widget elementor-widget-heading\" data-id=\"b82697b\" data-element_type=\"widget\" data-e-type=\"widget\" data-widget_type=\"heading.default\">\n\t\t\t\t<div class=\"elementor-widget-container\">\n\t\t\t\t\t<h2 class=\"elementor-heading-title elementor-size-default\">Wichtige Unterlagen und Informationen auf einer Website<\/h2>\t\t\t\t<\/div>\n\t\t\t\t<\/div>\n\t\t\t\t<div class=\"elementor-element elementor-element-5a74c15 elementor-widget elementor-widget-text-editor\" data-id=\"5a74c15\" data-element_type=\"widget\" data-e-type=\"widget\" data-widget_type=\"text-editor.default\">\n\t\t\t\t<div class=\"elementor-widget-container\">\n\t\t\t\t\t\t\t\t\t<p>Bei einem freiwilligen \u00f6ffentlichen \u00dcbernahmeangebot stellt der Bieter den Aktion\u00e4ren beispielsweise Unterlagen und Informationen im Zusammenhang mit dem Angebot zur Verf\u00fcgung. Diese m\u00fcssen zun\u00e4chst die Kenntnisnahme der rechtlichen Hinweise auf der Startseite best\u00e4tigen, um auf die Internetseite zum \u00dcbernahmeangebot weitergeleitet zu werden. Nach Best\u00e4tigung des Disclaimers enth\u00e4lt der Nutzer Zugriff auf die Angebotsunterlage, die vom Wertpapiererwerb- und \u00dcbernahmegesetz vorgeschriebenen Pflichtbekanntmachungen sowie ver\u00f6ffentlichte Corporate News.<\/p>\t\t\t\t\t\t\t\t<\/div>\n\t\t\t\t<\/div>\n\t\t\t\t<\/div>\n\t\t\t\t<\/div>\n\t\t\t\t<\/div>\n\t\t\t\t\t<\/div>\n\t\t\t\t<\/div>\n\t\t\t\t<\/div>\n\t\t","protected":false},"excerpt":{"rendered":"<p>Rechtzeitig Ihre Angebots-Website f\u00fcr M&amp;A-Transaktion einrichten Bei\u00a0M&amp;A-Transaktionen\u00a0ist es entsprechend der jeweiligen Situation erforderlich, relevante Dokumente auf einer Angebots-Website zur Verf\u00fcgung zu stellen. Als Spezialist f\u00fcr strategische\u00a0Finanz-\u00a0und\u00a0Unternehmenskommunikation\u00a0mit langj\u00e4hriger Erfahrung bei M&amp;A-Transaktionen ist die\u00a0cometis AG\u00a0ein verl\u00e4sslicher Partner f\u00fcr die Entwicklung Ihrer\u00a0M&amp;A-Kommunikationsstrategie\u00a0und Umsetzung der M&amp;A-bezogenen Kommunikationsma\u00dfnahmen. Wir beraten Sie gerne bei der Einrichtung Ihrer Angebots-Website und der damit [&hellip;]<\/p>\n","protected":false},"author":1,"featured_media":0,"parent":4300,"menu_order":0,"comment_status":"closed","ping_status":"open","template":"","meta":{"_acf_changed":false,"footnotes":""},"class_list":["post-4678","page","type-page","status-publish","hentry"],"acf":[],"yoast_head":"<!-- This site is optimized with the Yoast SEO Premium plugin v26.2 (Yoast SEO v27.4) - https:\/\/yoast.com\/product\/yoast-seo-premium-wordpress\/ -->\n<title>Angebots-Website \u2013 Online-Infos zu Ihrer M&amp;A-Transaktion | cometis AG<\/title>\n<meta name=\"description\" content=\"cometis AG ist eine auf M&amp;A-Transaktionen spezialisierte Kommunikationsberatung. Im M&amp;A Prozess richten wir auch Ihre Angebots-Website fachgerecht ein.\" \/>\n<meta name=\"robots\" content=\"index, follow, max-snippet:-1, max-image-preview:large, max-video-preview:-1\" \/>\n<link rel=\"canonical\" href=\"https:\/\/www.cometis.de\/de\/services\/mergers-acquisitions\/angebotswebsite\/\" \/>\n<meta property=\"og:locale\" content=\"de_DE\" \/>\n<meta property=\"og:type\" content=\"article\" \/>\n<meta property=\"og:title\" content=\"Angebots-Website\" \/>\n<meta property=\"og:description\" content=\"cometis AG ist eine auf M&amp;A-Transaktionen spezialisierte Kommunikationsberatung. Im M&amp;A Prozess richten wir auch Ihre Angebots-Website fachgerecht ein.\" \/>\n<meta property=\"og:url\" content=\"https:\/\/www.cometis.de\/de\/services\/mergers-acquisitions\/angebotswebsite\/\" \/>\n<meta property=\"og:site_name\" content=\"cometis AG\" \/>\n<meta property=\"article:modified_time\" content=\"2025-02-18T06:00:56+00:00\" \/>\n<meta property=\"og:image\" content=\"https:\/\/www.cometis.de\/wp-content\/uploads\/2024\/12-old\/Cometis-Mobile-Logo-1.png\" \/>\n\t<meta property=\"og:image:width\" content=\"171\" \/>\n\t<meta property=\"og:image:height\" content=\"31\" \/>\n\t<meta property=\"og:image:type\" content=\"image\/png\" \/>\n<meta name=\"twitter:card\" content=\"summary_large_image\" \/>\n<meta name=\"twitter:label1\" content=\"Gesch\u00e4tzte Lesezeit\" \/>\n\t<meta name=\"twitter:data1\" content=\"1\u00a0Minute\" \/>\n<script type=\"application\/ld+json\" class=\"yoast-schema-graph\">{\"@context\":\"https:\\\/\\\/schema.org\",\"@graph\":[{\"@type\":\"WebPage\",\"@id\":\"https:\\\/\\\/www.cometis.de\\\/de\\\/services\\\/mergers-acquisitions\\\/angebotswebsite\\\/\",\"url\":\"https:\\\/\\\/www.cometis.de\\\/de\\\/services\\\/mergers-acquisitions\\\/angebotswebsite\\\/\",\"name\":\"Angebots-Website \u2013 Online-Infos zu Ihrer M&A-Transaktion | cometis AG\",\"isPartOf\":{\"@id\":\"https:\\\/\\\/www.cometis.de\\\/de\\\/#website\"},\"datePublished\":\"2025-01-23T07:00:00+00:00\",\"dateModified\":\"2025-02-18T06:00:56+00:00\",\"description\":\"cometis AG ist eine auf M&A-Transaktionen spezialisierte Kommunikationsberatung. Im M&A Prozess richten wir auch Ihre Angebots-Website fachgerecht ein.\",\"breadcrumb\":{\"@id\":\"https:\\\/\\\/www.cometis.de\\\/de\\\/services\\\/mergers-acquisitions\\\/angebotswebsite\\\/#breadcrumb\"},\"inLanguage\":\"de\",\"potentialAction\":[{\"@type\":\"ReadAction\",\"target\":[\"https:\\\/\\\/www.cometis.de\\\/de\\\/services\\\/mergers-acquisitions\\\/angebotswebsite\\\/\"]}]},{\"@type\":\"BreadcrumbList\",\"@id\":\"https:\\\/\\\/www.cometis.de\\\/de\\\/services\\\/mergers-acquisitions\\\/angebotswebsite\\\/#breadcrumb\",\"itemListElement\":[{\"@type\":\"ListItem\",\"position\":1,\"name\":\"Home\",\"item\":\"https:\\\/\\\/www.cometis.de\\\/de\\\/\"},{\"@type\":\"ListItem\",\"position\":2,\"name\":\"Services\",\"item\":\"https:\\\/\\\/www.cometis.de\\\/de\\\/services\\\/\"},{\"@type\":\"ListItem\",\"position\":3,\"name\":\"Mergers &amp; Acquisitions\",\"item\":\"https:\\\/\\\/www.cometis.de\\\/de\\\/services\\\/mergers-acquisitions\\\/\"},{\"@type\":\"ListItem\",\"position\":4,\"name\":\"Angebots-Website\"}]},{\"@type\":\"WebSite\",\"@id\":\"https:\\\/\\\/www.cometis.de\\\/de\\\/#website\",\"url\":\"https:\\\/\\\/www.cometis.de\\\/de\\\/\",\"name\":\"cometis AG\",\"description\":\"Deutschlands f\u00fchrende Investor Relations Agentur\",\"publisher\":{\"@id\":\"https:\\\/\\\/www.cometis.de\\\/de\\\/#organization\"},\"potentialAction\":[{\"@type\":\"SearchAction\",\"target\":{\"@type\":\"EntryPoint\",\"urlTemplate\":\"https:\\\/\\\/www.cometis.de\\\/de\\\/?s={search_term_string}\"},\"query-input\":{\"@type\":\"PropertyValueSpecification\",\"valueRequired\":true,\"valueName\":\"search_term_string\"}}],\"inLanguage\":\"de\"},{\"@type\":\"Organization\",\"@id\":\"https:\\\/\\\/www.cometis.de\\\/de\\\/#organization\",\"name\":\"cometis AG\",\"alternateName\":\"Deutschlands f\u00fchrende Investor Relations Agentur\",\"url\":\"https:\\\/\\\/www.cometis.de\\\/de\\\/\",\"logo\":{\"@type\":\"ImageObject\",\"inLanguage\":\"de\",\"@id\":\"https:\\\/\\\/www.cometis.de\\\/de\\\/#\\\/schema\\\/logo\\\/image\\\/\",\"url\":\"https:\\\/\\\/www.cometis.de\\\/wp-content\\\/uploads\\\/2024\\\/12-old\\\/Cometis-Mobile-Logo-1.png\",\"contentUrl\":\"https:\\\/\\\/www.cometis.de\\\/wp-content\\\/uploads\\\/2024\\\/12-old\\\/Cometis-Mobile-Logo-1.png\",\"width\":171,\"height\":31,\"caption\":\"cometis AG\"},\"image\":{\"@id\":\"https:\\\/\\\/www.cometis.de\\\/de\\\/#\\\/schema\\\/logo\\\/image\\\/\"},\"sameAs\":[\"https:\\\/\\\/www.linkedin.com\\\/company\\\/cometis-ag\\\/\",\"https:\\\/\\\/www.youtube.com\\\/user\\\/cometisAG\"]}]}<\/script>\n<!-- \/ Yoast SEO Premium plugin. -->","yoast_head_json":{"title":"Angebots-Website \u2013 Online-Infos zu Ihrer M&A-Transaktion | cometis AG","description":"cometis AG ist eine auf M&A-Transaktionen spezialisierte Kommunikationsberatung. Im M&A Prozess richten wir auch Ihre Angebots-Website fachgerecht ein.","robots":{"index":"index","follow":"follow","max-snippet":"max-snippet:-1","max-image-preview":"max-image-preview:large","max-video-preview":"max-video-preview:-1"},"canonical":"https:\/\/www.cometis.de\/de\/services\/mergers-acquisitions\/angebotswebsite\/","og_locale":"de_DE","og_type":"article","og_title":"Angebots-Website","og_description":"cometis AG ist eine auf M&A-Transaktionen spezialisierte Kommunikationsberatung. Im M&A Prozess richten wir auch Ihre Angebots-Website fachgerecht ein.","og_url":"https:\/\/www.cometis.de\/de\/services\/mergers-acquisitions\/angebotswebsite\/","og_site_name":"cometis AG","article_modified_time":"2025-02-18T06:00:56+00:00","og_image":[{"width":171,"height":31,"url":"https:\/\/www.cometis.de\/wp-content\/uploads\/2024\/12-old\/Cometis-Mobile-Logo-1.png","type":"image\/png"}],"twitter_card":"summary_large_image","twitter_misc":{"Gesch\u00e4tzte Lesezeit":"1\u00a0Minute"},"schema":{"@context":"https:\/\/schema.org","@graph":[{"@type":"WebPage","@id":"https:\/\/www.cometis.de\/de\/services\/mergers-acquisitions\/angebotswebsite\/","url":"https:\/\/www.cometis.de\/de\/services\/mergers-acquisitions\/angebotswebsite\/","name":"Angebots-Website \u2013 Online-Infos zu Ihrer M&A-Transaktion | cometis AG","isPartOf":{"@id":"https:\/\/www.cometis.de\/de\/#website"},"datePublished":"2025-01-23T07:00:00+00:00","dateModified":"2025-02-18T06:00:56+00:00","description":"cometis AG ist eine auf M&A-Transaktionen spezialisierte Kommunikationsberatung. Im M&A Prozess richten wir auch Ihre Angebots-Website fachgerecht ein.","breadcrumb":{"@id":"https:\/\/www.cometis.de\/de\/services\/mergers-acquisitions\/angebotswebsite\/#breadcrumb"},"inLanguage":"de","potentialAction":[{"@type":"ReadAction","target":["https:\/\/www.cometis.de\/de\/services\/mergers-acquisitions\/angebotswebsite\/"]}]},{"@type":"BreadcrumbList","@id":"https:\/\/www.cometis.de\/de\/services\/mergers-acquisitions\/angebotswebsite\/#breadcrumb","itemListElement":[{"@type":"ListItem","position":1,"name":"Home","item":"https:\/\/www.cometis.de\/de\/"},{"@type":"ListItem","position":2,"name":"Services","item":"https:\/\/www.cometis.de\/de\/services\/"},{"@type":"ListItem","position":3,"name":"Mergers &amp; Acquisitions","item":"https:\/\/www.cometis.de\/de\/services\/mergers-acquisitions\/"},{"@type":"ListItem","position":4,"name":"Angebots-Website"}]},{"@type":"WebSite","@id":"https:\/\/www.cometis.de\/de\/#website","url":"https:\/\/www.cometis.de\/de\/","name":"cometis AG","description":"Deutschlands f\u00fchrende Investor Relations Agentur","publisher":{"@id":"https:\/\/www.cometis.de\/de\/#organization"},"potentialAction":[{"@type":"SearchAction","target":{"@type":"EntryPoint","urlTemplate":"https:\/\/www.cometis.de\/de\/?s={search_term_string}"},"query-input":{"@type":"PropertyValueSpecification","valueRequired":true,"valueName":"search_term_string"}}],"inLanguage":"de"},{"@type":"Organization","@id":"https:\/\/www.cometis.de\/de\/#organization","name":"cometis AG","alternateName":"Deutschlands f\u00fchrende Investor Relations Agentur","url":"https:\/\/www.cometis.de\/de\/","logo":{"@type":"ImageObject","inLanguage":"de","@id":"https:\/\/www.cometis.de\/de\/#\/schema\/logo\/image\/","url":"https:\/\/www.cometis.de\/wp-content\/uploads\/2024\/12-old\/Cometis-Mobile-Logo-1.png","contentUrl":"https:\/\/www.cometis.de\/wp-content\/uploads\/2024\/12-old\/Cometis-Mobile-Logo-1.png","width":171,"height":31,"caption":"cometis AG"},"image":{"@id":"https:\/\/www.cometis.de\/de\/#\/schema\/logo\/image\/"},"sameAs":["https:\/\/www.linkedin.com\/company\/cometis-ag\/","https:\/\/www.youtube.com\/user\/cometisAG"]}]}},"_links":{"self":[{"href":"https:\/\/www.cometis.de\/de\/wp-json\/wp\/v2\/pages\/4678","targetHints":{"allow":["GET"]}}],"collection":[{"href":"https:\/\/www.cometis.de\/de\/wp-json\/wp\/v2\/pages"}],"about":[{"href":"https:\/\/www.cometis.de\/de\/wp-json\/wp\/v2\/types\/page"}],"author":[{"embeddable":true,"href":"https:\/\/www.cometis.de\/de\/wp-json\/wp\/v2\/users\/1"}],"replies":[{"embeddable":true,"href":"https:\/\/www.cometis.de\/de\/wp-json\/wp\/v2\/comments?post=4678"}],"version-history":[{"count":4,"href":"https:\/\/www.cometis.de\/de\/wp-json\/wp\/v2\/pages\/4678\/revisions"}],"predecessor-version":[{"id":109326,"href":"https:\/\/www.cometis.de\/de\/wp-json\/wp\/v2\/pages\/4678\/revisions\/109326"}],"up":[{"embeddable":true,"href":"https:\/\/www.cometis.de\/de\/wp-json\/wp\/v2\/pages\/4300"}],"wp:attachment":[{"href":"https:\/\/www.cometis.de\/de\/wp-json\/wp\/v2\/media?parent=4678"}],"curies":[{"name":"wp","href":"https:\/\/api.w.org\/{rel}","templated":true}]}}