{"id":4696,"date":"2025-01-23T08:13:12","date_gmt":"2025-01-23T07:13:12","guid":{"rendered":"https:\/\/cometis.de\/?page_id=4696"},"modified":"2025-02-18T06:59:19","modified_gmt":"2025-02-18T05:59:19","slug":"krise-kernbotschaften","status":"publish","type":"page","link":"https:\/\/www.cometis.de\/de\/services\/krisenkommunikation\/krise-kernbotschaften\/","title":{"rendered":"Krise Kernbotschaften"},"content":{"rendered":"\t\t<div data-elementor-type=\"wp-page\" data-elementor-id=\"4696\" class=\"elementor elementor-4696\" data-elementor-post-type=\"page\">\n\t\t\t\t<div class=\"elementor-element elementor-element-8846500 e-flex e-con-boxed e-con e-parent\" data-id=\"8846500\" data-element_type=\"container\" data-e-type=\"container\">\n\t\t\t\t\t<div class=\"e-con-inner\">\n\t\t\t\t<div class=\"elementor-element elementor-element-a0df3a3 elementor-widget elementor-widget-template\" data-id=\"a0df3a3\" data-element_type=\"widget\" data-e-type=\"widget\" data-widget_type=\"template.default\">\n\t\t\t\t<div class=\"elementor-widget-container\">\n\t\t\t\t\t\t\t<div class=\"elementor-template\">\n\t\t\t\t\t<div data-elementor-type=\"section\" data-elementor-id=\"766\" class=\"elementor elementor-766\" data-elementor-post-type=\"elementor_library\">\n\t\t\t<div class=\"elementor-element elementor-element-1f34e34 e-flex e-con-boxed e-con e-parent\" data-id=\"1f34e34\" data-element_type=\"container\" data-e-type=\"container\">\n\t\t\t\t\t<div class=\"e-con-inner\">\n\t\t<div class=\"elementor-element elementor-element-e68c844 e-con-full e-flex e-con e-child\" data-id=\"e68c844\" data-element_type=\"container\" data-e-type=\"container\" data-settings=\"{&quot;background_background&quot;:&quot;classic&quot;}\">\n\t\t\t\t<\/div>\n\t\t<div class=\"elementor-element elementor-element-b7dac6f e-con-full e-flex e-con e-child\" data-id=\"b7dac6f\" data-element_type=\"container\" data-e-type=\"container\">\n\t\t\t\t<div class=\"elementor-element elementor-element-ce54cc3 elementor-align-left elementor-widget elementor-widget-breadcrumbs\" data-id=\"ce54cc3\" data-element_type=\"widget\" data-e-type=\"widget\" data-widget_type=\"breadcrumbs.default\">\n\t\t\t\t<div class=\"elementor-widget-container\">\n\t\t\t\t\t<div id=\"breadcrumbs\"><span><span><a href=\"https:\/\/www.cometis.de\/de\/\">Home<\/a><\/span><\/span><\/div>\t\t\t\t<\/div>\n\t\t\t\t<\/div>\n\t\t\t\t<\/div>\n\t\t\t\t\t<\/div>\n\t\t\t\t<\/div>\n\t\t\t\t<\/div>\n\t\t\t\t<\/div>\n\t\t\t\t\t\t<\/div>\n\t\t\t\t<\/div>\n\t\t\t\t\t<\/div>\n\t\t\t\t<\/div>\n\t\t<div class=\"elementor-element elementor-element-99003b0 cmn-sidebar-content e-flex e-con-boxed e-con e-parent\" data-id=\"99003b0\" data-element_type=\"container\" data-e-type=\"container\" data-settings=\"{&quot;background_background&quot;:&quot;classic&quot;,&quot;background_motion_fx_motion_fx_scrolling&quot;:&quot;yes&quot;,&quot;background_motion_fx_translateY_effect&quot;:&quot;yes&quot;,&quot;background_motion_fx_translateY_speed&quot;:{&quot;unit&quot;:&quot;px&quot;,&quot;size&quot;:2,&quot;sizes&quot;:[]},&quot;background_motion_fx_translateY_direction&quot;:&quot;negative&quot;,&quot;background_motion_fx_translateY_affectedRange&quot;:{&quot;unit&quot;:&quot;%&quot;,&quot;size&quot;:&quot;&quot;,&quot;sizes&quot;:{&quot;start&quot;:0,&quot;end&quot;:100}},&quot;background_motion_fx_devices&quot;:[&quot;desktop&quot;,&quot;tablet&quot;,&quot;mobile&quot;]}\">\n\t\t\t\t\t<div class=\"e-con-inner\">\n\t\t<div class=\"elementor-element elementor-element-e88f28a e-con-full cmn-sidebar-content p-100 e-flex e-con e-child\" data-id=\"e88f28a\" data-element_type=\"container\" data-e-type=\"container\">\n\t\t<div class=\"elementor-element elementor-element-b7314ca e-con-full cmn-content-box e-flex e-con e-child\" data-id=\"b7314ca\" data-element_type=\"container\" data-e-type=\"container\">\n\t\t<div class=\"elementor-element elementor-element-4c7f84f e-con-full cmn-content-box-container e-flex e-con e-child\" data-id=\"4c7f84f\" data-element_type=\"container\" data-e-type=\"container\">\n\t\t\t\t<div class=\"elementor-element elementor-element-7019e11 elementor-widget elementor-widget-heading\" data-id=\"7019e11\" data-element_type=\"widget\" data-e-type=\"widget\" data-widget_type=\"heading.default\">\n\t\t\t\t<div class=\"elementor-widget-container\">\n\t\t\t\t\t<h2 class=\"elementor-heading-title elementor-size-default\">Kernbotschaften bei der Krisenkommunikation ber\u00fccksichtigen<\/h2>\t\t\t\t<\/div>\n\t\t\t\t<\/div>\n\t\t\t\t<div class=\"elementor-element elementor-element-a93b312 elementor-widget elementor-widget-text-editor\" data-id=\"a93b312\" data-element_type=\"widget\" data-e-type=\"widget\" data-widget_type=\"text-editor.default\">\n\t\t\t\t<div class=\"elementor-widget-container\">\n\t\t\t\t\t\t\t\t\t<p>Eine souver\u00e4ne Unternehmenskommunikation in der Krise tr\u00e4gt ma\u00dfgeblich zu einer erfolgreichen Krisenbew\u00e4ltigung bei. Auf Basis der entwickelten\u00a0<a title=\"Krisen souver\u00e4n meistern und sicher kommunizieren mit IR-Spezialist cometis\" href=\"\/de\/krisenkommunikation\/krisen-pr\">Krisenkommunikationsstrategie<\/a>\u00a0gilt es, bei der Umsetzung der Kommunikationsma\u00dfnahmen die definierten Kernbotschaften bei den Zielgruppen zu adressieren. Als kompetenter Partner mit langj\u00e4hriger Erfahrung in der kommunikativen Begleitung von Krisenf\u00e4llen entwickeln wir f\u00fcr Sie eine Kommunikationsstrategie und definieren klare und aussagekr\u00e4ftige Kernbotschaften. Diese gilt es, in der Krise kontinuierlich bei Ihren Kommunikationsma\u00dfnahmen zu beachten, um eine zielf\u00fchrende Kommunikation sicherzustellen.<\/p>\t\t\t\t\t\t\t\t<\/div>\n\t\t\t\t<\/div>\n\t\t\t\t<div class=\"elementor-element elementor-element-63f2e57 cmn-content-box-btn elementor-widget elementor-widget-button\" data-id=\"63f2e57\" data-element_type=\"widget\" data-e-type=\"widget\" data-widget_type=\"button.default\">\n\t\t\t\t<div class=\"elementor-widget-container\">\n\t\t\t\t\t\t\t\t\t<div class=\"elementor-button-wrapper\">\n\t\t\t\t\t<a class=\"elementor-button elementor-button-link elementor-size-sm\" href=\"\/de\/cometis-ag\/referenzen\">\n\t\t\t\t\t\t<span class=\"elementor-button-content-wrapper\">\n\t\t\t\t\t\t<span class=\"elementor-button-icon\">\n\t\t\t\t<svg aria-hidden=\"true\" class=\"e-font-icon-svg e-fas-chevron-right\" viewBox=\"0 0 320 512\" xmlns=\"http:\/\/www.w3.org\/2000\/svg\"><path d=\"M285.476 272.971L91.132 467.314c-9.373 9.373-24.569 9.373-33.941 0l-22.667-22.667c-9.357-9.357-9.375-24.522-.04-33.901L188.505 256 34.484 101.255c-9.335-9.379-9.317-24.544.04-33.901l22.667-22.667c9.373-9.373 24.569-9.373 33.941 0L285.475 239.03c9.373 9.372 9.373 24.568.001 33.941z\"><\/path><\/svg>\t\t\t<\/span>\n\t\t\t\t\t\t\t\t\t<span class=\"elementor-button-text\">Unsere Referenzen<\/span>\n\t\t\t\t\t<\/span>\n\t\t\t\t\t<\/a>\n\t\t\t\t<\/div>\n\t\t\t\t\t\t\t\t<\/div>\n\t\t\t\t<\/div>\n\t\t\t\t<\/div>\n\t\t<div class=\"elementor-element elementor-element-e512b65 e-con-full cmn-content-box-container e-flex e-con e-child\" data-id=\"e512b65\" data-element_type=\"container\" data-e-type=\"container\">\n\t\t\t\t<div class=\"elementor-element elementor-element-fee440f elementor-widget elementor-widget-heading\" data-id=\"fee440f\" data-element_type=\"widget\" data-e-type=\"widget\" data-widget_type=\"heading.default\">\n\t\t\t\t<div class=\"elementor-widget-container\">\n\t\t\t\t\t<h2 class=\"elementor-heading-title elementor-size-default\">Meinungsbild durch Kommunikation der Kernbotschaften beeinflussen<\/h2>\t\t\t\t<\/div>\n\t\t\t\t<\/div>\n\t\t\t\t<div class=\"elementor-element elementor-element-39e77e4 elementor-widget elementor-widget-text-editor\" data-id=\"39e77e4\" data-element_type=\"widget\" data-e-type=\"widget\" data-widget_type=\"text-editor.default\">\n\t\t\t\t<div class=\"elementor-widget-container\">\n\t\t\t\t\t\t\t\t\t<p>Ger\u00e4t ein Unternehmen in eine Krisensituation, sind oft eine Vielzahl an Stakeholdern involviert bzw. die Krise f\u00fchrt zu einem hohen individuellen Betroffenheitspotenzial vieler Stakeholder. Gerade wenn ein hohes Ma\u00df an individueller Betroffenheit gegeben ist, kann schnell eine emotional aufgeladene und unsachliche Debatte entstehen. Neben den tats\u00e4chlichen Fakten werden nicht selten Ger\u00fcchte, Emotionen oder Falschaussagen durch die Medien transportiert, die die Situation f\u00fcr Ihr Unternehmen versch\u00e4rfen k\u00f6nnen. Umso wichtiger ist es, dass Sie bei Gespr\u00e4chen mit Stakeholdern und Journalisten Ihre Kernbotschaften einflie\u00dfen lassen und dazu beitragen, das Meinungsbild im Sinne Ihrer Kommunikationsziele zu beeinflussen. Denn indem Sie sich auf zentrale Kernbotschaften bei Ihren Antworten fokussieren, schlie\u00dfen Sie zugleich jene Aspekte aus, die nicht an die Zielgruppen kommuniziert werden sollen.<\/p>\t\t\t\t\t\t\t\t<\/div>\n\t\t\t\t<\/div>\n\t\t\t\t<\/div>\n\t\t<div class=\"elementor-element elementor-element-1f27e9b e-con-full cmn-content-box-container e-flex e-con e-child\" data-id=\"1f27e9b\" data-element_type=\"container\" data-e-type=\"container\">\n\t\t\t\t<div class=\"elementor-element elementor-element-5a78acf elementor-widget elementor-widget-heading\" data-id=\"5a78acf\" data-element_type=\"widget\" data-e-type=\"widget\" data-widget_type=\"heading.default\">\n\t\t\t\t<div class=\"elementor-widget-container\">\n\t\t\t\t\t<h2 class=\"elementor-heading-title elementor-size-default\">Dialog mit Anspruchsgruppen aktiv steuern<\/h2>\t\t\t\t<\/div>\n\t\t\t\t<\/div>\n\t\t\t\t<div class=\"elementor-element elementor-element-00cd528 elementor-widget elementor-widget-text-editor\" data-id=\"00cd528\" data-element_type=\"widget\" data-e-type=\"widget\" data-widget_type=\"text-editor.default\">\n\t\t\t\t<div class=\"elementor-widget-container\">\n\t\t\t\t\t\t\t\t\t<p>Wenn Sie in der Krise konsequent eine einheitliche Kommunikation umsetzen, verschafft Ihnen dies einen entscheidenden Vorteil in einer oft emotional aufgeladenen Debatte. Kernbotschaften helfen Ihnen dabei, den Dialog mit Ihren Zielgruppen im Sinne Ihres Unternehmens zu gestalten und eine einheitliche Kommunikation sicherzustellen. Sprechen Sie uns gerne an, wenn Sie Ihre Krisenkommunikation erfolgreich gestalten wollen!<\/p>\t\t\t\t\t\t\t\t<\/div>\n\t\t\t\t<\/div>\n\t\t\t\t<\/div>\n\t\t\t\t<\/div>\n\t\t\t\t<\/div>\n\t\t\t\t\t<\/div>\n\t\t\t\t<\/div>\n\t\t\t\t<\/div>\n\t\t","protected":false},"excerpt":{"rendered":"<p>Kernbotschaften bei der Krisenkommunikation ber\u00fccksichtigen Eine souver\u00e4ne Unternehmenskommunikation in der Krise tr\u00e4gt ma\u00dfgeblich zu einer erfolgreichen Krisenbew\u00e4ltigung bei. Auf Basis der entwickelten\u00a0Krisenkommunikationsstrategie\u00a0gilt es, bei der Umsetzung der Kommunikationsma\u00dfnahmen die definierten Kernbotschaften bei den Zielgruppen zu adressieren. Als kompetenter Partner mit langj\u00e4hriger Erfahrung in der kommunikativen Begleitung von Krisenf\u00e4llen entwickeln wir f\u00fcr Sie eine Kommunikationsstrategie und [&hellip;]<\/p>\n","protected":false},"author":1,"featured_media":0,"parent":3487,"menu_order":0,"comment_status":"closed","ping_status":"open","template":"","meta":{"_acf_changed":false,"footnotes":""},"class_list":["post-4696","page","type-page","status-publish","hentry"],"acf":[],"yoast_head":"<!-- This site is optimized with the Yoast SEO Premium plugin v26.2 (Yoast SEO v27.4) - https:\/\/yoast.com\/product\/yoast-seo-premium-wordpress\/ -->\n<title>Kernbotschaften \u2013 sicher und souver\u00e4n Krisen meistern | cometis<\/title>\n<meta name=\"description\" content=\"Die Erstellung von Kernbotschaften tr\u00e4gt zu einer erfolgreichen Krisenkommunikation bei \u2013 cometis ist Spezialist f\u00fcr Finanz- und Unternehmenskommunikation.\" \/>\n<meta name=\"robots\" content=\"index, follow, max-snippet:-1, max-image-preview:large, max-video-preview:-1\" \/>\n<link rel=\"canonical\" href=\"https:\/\/www.cometis.de\/de\/services\/krisenkommunikation\/krise-kernbotschaften\/\" \/>\n<meta property=\"og:locale\" content=\"de_DE\" \/>\n<meta property=\"og:type\" content=\"article\" \/>\n<meta property=\"og:title\" content=\"Krise Kernbotschaften\" \/>\n<meta property=\"og:description\" content=\"Die Erstellung von Kernbotschaften tr\u00e4gt zu einer erfolgreichen Krisenkommunikation bei \u2013 cometis ist Spezialist f\u00fcr Finanz- und Unternehmenskommunikation.\" \/>\n<meta property=\"og:url\" content=\"https:\/\/www.cometis.de\/de\/services\/krisenkommunikation\/krise-kernbotschaften\/\" \/>\n<meta property=\"og:site_name\" content=\"cometis AG\" \/>\n<meta property=\"article:modified_time\" content=\"2025-02-18T05:59:19+00:00\" \/>\n<meta property=\"og:image\" content=\"https:\/\/www.cometis.de\/wp-content\/uploads\/2024\/12-old\/Cometis-Mobile-Logo-1.png\" \/>\n\t<meta property=\"og:image:width\" content=\"171\" \/>\n\t<meta property=\"og:image:height\" content=\"31\" \/>\n\t<meta property=\"og:image:type\" content=\"image\/png\" \/>\n<meta name=\"twitter:card\" content=\"summary_large_image\" \/>\n<meta name=\"twitter:label1\" content=\"Gesch\u00e4tzte Lesezeit\" \/>\n\t<meta name=\"twitter:data1\" content=\"2\u00a0Minuten\" \/>\n<script type=\"application\/ld+json\" class=\"yoast-schema-graph\">{\"@context\":\"https:\\\/\\\/schema.org\",\"@graph\":[{\"@type\":\"WebPage\",\"@id\":\"https:\\\/\\\/www.cometis.de\\\/de\\\/services\\\/krisenkommunikation\\\/krise-kernbotschaften\\\/\",\"url\":\"https:\\\/\\\/www.cometis.de\\\/de\\\/services\\\/krisenkommunikation\\\/krise-kernbotschaften\\\/\",\"name\":\"Kernbotschaften \u2013 sicher und souver\u00e4n Krisen meistern | cometis\",\"isPartOf\":{\"@id\":\"https:\\\/\\\/www.cometis.de\\\/de\\\/#website\"},\"datePublished\":\"2025-01-23T07:13:12+00:00\",\"dateModified\":\"2025-02-18T05:59:19+00:00\",\"description\":\"Die Erstellung von Kernbotschaften tr\u00e4gt zu einer erfolgreichen Krisenkommunikation bei \u2013 cometis ist Spezialist f\u00fcr Finanz- und Unternehmenskommunikation.\",\"breadcrumb\":{\"@id\":\"https:\\\/\\\/www.cometis.de\\\/de\\\/services\\\/krisenkommunikation\\\/krise-kernbotschaften\\\/#breadcrumb\"},\"inLanguage\":\"de\",\"potentialAction\":[{\"@type\":\"ReadAction\",\"target\":[\"https:\\\/\\\/www.cometis.de\\\/de\\\/services\\\/krisenkommunikation\\\/krise-kernbotschaften\\\/\"]}]},{\"@type\":\"BreadcrumbList\",\"@id\":\"https:\\\/\\\/www.cometis.de\\\/de\\\/services\\\/krisenkommunikation\\\/krise-kernbotschaften\\\/#breadcrumb\",\"itemListElement\":[{\"@type\":\"ListItem\",\"position\":1,\"name\":\"Home\",\"item\":\"https:\\\/\\\/www.cometis.de\\\/de\\\/\"},{\"@type\":\"ListItem\",\"position\":2,\"name\":\"Services\",\"item\":\"https:\\\/\\\/www.cometis.de\\\/de\\\/services\\\/\"},{\"@type\":\"ListItem\",\"position\":3,\"name\":\"Krisenkommunikation\",\"item\":\"https:\\\/\\\/www.cometis.de\\\/de\\\/services\\\/krisenkommunikation\\\/\"},{\"@type\":\"ListItem\",\"position\":4,\"name\":\"Krise Kernbotschaften\"}]},{\"@type\":\"WebSite\",\"@id\":\"https:\\\/\\\/www.cometis.de\\\/de\\\/#website\",\"url\":\"https:\\\/\\\/www.cometis.de\\\/de\\\/\",\"name\":\"cometis AG\",\"description\":\"Deutschlands f\u00fchrende Investor Relations Agentur\",\"publisher\":{\"@id\":\"https:\\\/\\\/www.cometis.de\\\/de\\\/#organization\"},\"potentialAction\":[{\"@type\":\"SearchAction\",\"target\":{\"@type\":\"EntryPoint\",\"urlTemplate\":\"https:\\\/\\\/www.cometis.de\\\/de\\\/?s={search_term_string}\"},\"query-input\":{\"@type\":\"PropertyValueSpecification\",\"valueRequired\":true,\"valueName\":\"search_term_string\"}}],\"inLanguage\":\"de\"},{\"@type\":\"Organization\",\"@id\":\"https:\\\/\\\/www.cometis.de\\\/de\\\/#organization\",\"name\":\"cometis AG\",\"alternateName\":\"Deutschlands f\u00fchrende Investor Relations Agentur\",\"url\":\"https:\\\/\\\/www.cometis.de\\\/de\\\/\",\"logo\":{\"@type\":\"ImageObject\",\"inLanguage\":\"de\",\"@id\":\"https:\\\/\\\/www.cometis.de\\\/de\\\/#\\\/schema\\\/logo\\\/image\\\/\",\"url\":\"https:\\\/\\\/www.cometis.de\\\/wp-content\\\/uploads\\\/2024\\\/12-old\\\/Cometis-Mobile-Logo-1.png\",\"contentUrl\":\"https:\\\/\\\/www.cometis.de\\\/wp-content\\\/uploads\\\/2024\\\/12-old\\\/Cometis-Mobile-Logo-1.png\",\"width\":171,\"height\":31,\"caption\":\"cometis AG\"},\"image\":{\"@id\":\"https:\\\/\\\/www.cometis.de\\\/de\\\/#\\\/schema\\\/logo\\\/image\\\/\"},\"sameAs\":[\"https:\\\/\\\/www.linkedin.com\\\/company\\\/cometis-ag\\\/\",\"https:\\\/\\\/www.youtube.com\\\/user\\\/cometisAG\"]}]}<\/script>\n<!-- \/ Yoast SEO Premium plugin. -->","yoast_head_json":{"title":"Kernbotschaften \u2013 sicher und souver\u00e4n Krisen meistern | cometis","description":"Die Erstellung von Kernbotschaften tr\u00e4gt zu einer erfolgreichen Krisenkommunikation bei \u2013 cometis ist Spezialist f\u00fcr Finanz- und Unternehmenskommunikation.","robots":{"index":"index","follow":"follow","max-snippet":"max-snippet:-1","max-image-preview":"max-image-preview:large","max-video-preview":"max-video-preview:-1"},"canonical":"https:\/\/www.cometis.de\/de\/services\/krisenkommunikation\/krise-kernbotschaften\/","og_locale":"de_DE","og_type":"article","og_title":"Krise Kernbotschaften","og_description":"Die Erstellung von Kernbotschaften tr\u00e4gt zu einer erfolgreichen Krisenkommunikation bei \u2013 cometis ist Spezialist f\u00fcr Finanz- und Unternehmenskommunikation.","og_url":"https:\/\/www.cometis.de\/de\/services\/krisenkommunikation\/krise-kernbotschaften\/","og_site_name":"cometis AG","article_modified_time":"2025-02-18T05:59:19+00:00","og_image":[{"width":171,"height":31,"url":"https:\/\/www.cometis.de\/wp-content\/uploads\/2024\/12-old\/Cometis-Mobile-Logo-1.png","type":"image\/png"}],"twitter_card":"summary_large_image","twitter_misc":{"Gesch\u00e4tzte Lesezeit":"2\u00a0Minuten"},"schema":{"@context":"https:\/\/schema.org","@graph":[{"@type":"WebPage","@id":"https:\/\/www.cometis.de\/de\/services\/krisenkommunikation\/krise-kernbotschaften\/","url":"https:\/\/www.cometis.de\/de\/services\/krisenkommunikation\/krise-kernbotschaften\/","name":"Kernbotschaften \u2013 sicher und souver\u00e4n Krisen meistern | cometis","isPartOf":{"@id":"https:\/\/www.cometis.de\/de\/#website"},"datePublished":"2025-01-23T07:13:12+00:00","dateModified":"2025-02-18T05:59:19+00:00","description":"Die Erstellung von Kernbotschaften tr\u00e4gt zu einer erfolgreichen Krisenkommunikation bei \u2013 cometis ist Spezialist f\u00fcr Finanz- und Unternehmenskommunikation.","breadcrumb":{"@id":"https:\/\/www.cometis.de\/de\/services\/krisenkommunikation\/krise-kernbotschaften\/#breadcrumb"},"inLanguage":"de","potentialAction":[{"@type":"ReadAction","target":["https:\/\/www.cometis.de\/de\/services\/krisenkommunikation\/krise-kernbotschaften\/"]}]},{"@type":"BreadcrumbList","@id":"https:\/\/www.cometis.de\/de\/services\/krisenkommunikation\/krise-kernbotschaften\/#breadcrumb","itemListElement":[{"@type":"ListItem","position":1,"name":"Home","item":"https:\/\/www.cometis.de\/de\/"},{"@type":"ListItem","position":2,"name":"Services","item":"https:\/\/www.cometis.de\/de\/services\/"},{"@type":"ListItem","position":3,"name":"Krisenkommunikation","item":"https:\/\/www.cometis.de\/de\/services\/krisenkommunikation\/"},{"@type":"ListItem","position":4,"name":"Krise Kernbotschaften"}]},{"@type":"WebSite","@id":"https:\/\/www.cometis.de\/de\/#website","url":"https:\/\/www.cometis.de\/de\/","name":"cometis AG","description":"Deutschlands f\u00fchrende Investor Relations Agentur","publisher":{"@id":"https:\/\/www.cometis.de\/de\/#organization"},"potentialAction":[{"@type":"SearchAction","target":{"@type":"EntryPoint","urlTemplate":"https:\/\/www.cometis.de\/de\/?s={search_term_string}"},"query-input":{"@type":"PropertyValueSpecification","valueRequired":true,"valueName":"search_term_string"}}],"inLanguage":"de"},{"@type":"Organization","@id":"https:\/\/www.cometis.de\/de\/#organization","name":"cometis AG","alternateName":"Deutschlands f\u00fchrende Investor Relations Agentur","url":"https:\/\/www.cometis.de\/de\/","logo":{"@type":"ImageObject","inLanguage":"de","@id":"https:\/\/www.cometis.de\/de\/#\/schema\/logo\/image\/","url":"https:\/\/www.cometis.de\/wp-content\/uploads\/2024\/12-old\/Cometis-Mobile-Logo-1.png","contentUrl":"https:\/\/www.cometis.de\/wp-content\/uploads\/2024\/12-old\/Cometis-Mobile-Logo-1.png","width":171,"height":31,"caption":"cometis AG"},"image":{"@id":"https:\/\/www.cometis.de\/de\/#\/schema\/logo\/image\/"},"sameAs":["https:\/\/www.linkedin.com\/company\/cometis-ag\/","https:\/\/www.youtube.com\/user\/cometisAG"]}]}},"_links":{"self":[{"href":"https:\/\/www.cometis.de\/de\/wp-json\/wp\/v2\/pages\/4696","targetHints":{"allow":["GET"]}}],"collection":[{"href":"https:\/\/www.cometis.de\/de\/wp-json\/wp\/v2\/pages"}],"about":[{"href":"https:\/\/www.cometis.de\/de\/wp-json\/wp\/v2\/types\/page"}],"author":[{"embeddable":true,"href":"https:\/\/www.cometis.de\/de\/wp-json\/wp\/v2\/users\/1"}],"replies":[{"embeddable":true,"href":"https:\/\/www.cometis.de\/de\/wp-json\/wp\/v2\/comments?post=4696"}],"version-history":[{"count":3,"href":"https:\/\/www.cometis.de\/de\/wp-json\/wp\/v2\/pages\/4696\/revisions"}],"predecessor-version":[{"id":107560,"href":"https:\/\/www.cometis.de\/de\/wp-json\/wp\/v2\/pages\/4696\/revisions\/107560"}],"up":[{"embeddable":true,"href":"https:\/\/www.cometis.de\/de\/wp-json\/wp\/v2\/pages\/3487"}],"wp:attachment":[{"href":"https:\/\/www.cometis.de\/de\/wp-json\/wp\/v2\/media?parent=4696"}],"curies":[{"name":"wp","href":"https:\/\/api.w.org\/{rel}","templated":true}]}}