{"id":4716,"date":"2025-01-23T08:21:57","date_gmt":"2025-01-23T07:21:57","guid":{"rendered":"https:\/\/cometis.de\/?page_id=4716"},"modified":"2025-04-04T15:55:49","modified_gmt":"2025-04-04T13:55:49","slug":"krisenkommunikationsstrategie","status":"publish","type":"page","link":"https:\/\/www.cometis.de\/de\/services\/krisenkommunikation\/krisenkommunikationsstrategie\/","title":{"rendered":"Krisenkommunikationsstrategie"},"content":{"rendered":"\t\t<div data-elementor-type=\"wp-page\" data-elementor-id=\"4716\" class=\"elementor elementor-4716\" data-elementor-post-type=\"page\">\n\t\t\t\t<div class=\"elementor-element elementor-element-60f892a e-flex e-con-boxed e-con e-parent\" data-id=\"60f892a\" data-element_type=\"container\" data-e-type=\"container\">\n\t\t\t\t\t<div class=\"e-con-inner\">\n\t\t\t\t<div class=\"elementor-element elementor-element-af49859 elementor-widget elementor-widget-template\" data-id=\"af49859\" data-element_type=\"widget\" data-e-type=\"widget\" data-widget_type=\"template.default\">\n\t\t\t\t<div class=\"elementor-widget-container\">\n\t\t\t\t\t\t\t<div class=\"elementor-template\">\n\t\t\t\t\t<div data-elementor-type=\"section\" data-elementor-id=\"766\" class=\"elementor elementor-766\" data-elementor-post-type=\"elementor_library\">\n\t\t\t<div class=\"elementor-element elementor-element-1f34e34 e-flex e-con-boxed e-con e-parent\" data-id=\"1f34e34\" data-element_type=\"container\" data-e-type=\"container\">\n\t\t\t\t\t<div class=\"e-con-inner\">\n\t\t<div class=\"elementor-element elementor-element-e68c844 e-con-full e-flex e-con e-child\" data-id=\"e68c844\" data-element_type=\"container\" data-e-type=\"container\" data-settings=\"{&quot;background_background&quot;:&quot;classic&quot;}\">\n\t\t\t\t<\/div>\n\t\t<div class=\"elementor-element elementor-element-b7dac6f e-con-full e-flex e-con e-child\" data-id=\"b7dac6f\" data-element_type=\"container\" data-e-type=\"container\">\n\t\t\t\t<div class=\"elementor-element elementor-element-ce54cc3 elementor-align-left elementor-widget elementor-widget-breadcrumbs\" data-id=\"ce54cc3\" data-element_type=\"widget\" data-e-type=\"widget\" data-widget_type=\"breadcrumbs.default\">\n\t\t\t\t<div class=\"elementor-widget-container\">\n\t\t\t\t\t<div id=\"breadcrumbs\"><span><span><a href=\"https:\/\/www.cometis.de\/de\/\">Home<\/a><\/span><\/span><\/div>\t\t\t\t<\/div>\n\t\t\t\t<\/div>\n\t\t\t\t<\/div>\n\t\t\t\t\t<\/div>\n\t\t\t\t<\/div>\n\t\t\t\t<\/div>\n\t\t\t\t<\/div>\n\t\t\t\t\t\t<\/div>\n\t\t\t\t<\/div>\n\t\t\t\t\t<\/div>\n\t\t\t\t<\/div>\n\t\t<div class=\"elementor-element elementor-element-454c845 cmn-sidebar-content e-flex e-con-boxed e-con e-parent\" data-id=\"454c845\" data-element_type=\"container\" data-e-type=\"container\" data-settings=\"{&quot;background_background&quot;:&quot;classic&quot;,&quot;background_motion_fx_motion_fx_scrolling&quot;:&quot;yes&quot;,&quot;background_motion_fx_translateY_effect&quot;:&quot;yes&quot;,&quot;background_motion_fx_translateY_speed&quot;:{&quot;unit&quot;:&quot;px&quot;,&quot;size&quot;:2,&quot;sizes&quot;:[]},&quot;background_motion_fx_translateY_direction&quot;:&quot;negative&quot;,&quot;background_motion_fx_translateY_affectedRange&quot;:{&quot;unit&quot;:&quot;%&quot;,&quot;size&quot;:&quot;&quot;,&quot;sizes&quot;:{&quot;start&quot;:0,&quot;end&quot;:100}},&quot;background_motion_fx_devices&quot;:[&quot;desktop&quot;,&quot;tablet&quot;,&quot;mobile&quot;]}\">\n\t\t\t\t\t<div class=\"e-con-inner\">\n\t\t<div class=\"elementor-element elementor-element-c99b52c e-con-full cmn-sidebar-content p-100 e-flex e-con e-child\" data-id=\"c99b52c\" data-element_type=\"container\" data-e-type=\"container\">\n\t\t<div class=\"elementor-element elementor-element-a20e531 e-con-full cmn-content-box e-flex e-con e-child\" data-id=\"a20e531\" data-element_type=\"container\" data-e-type=\"container\">\n\t\t<div class=\"elementor-element elementor-element-b3b064a e-con-full cmn-content-box-container e-flex e-con e-child\" data-id=\"b3b064a\" data-element_type=\"container\" data-e-type=\"container\">\n\t\t\t\t<div class=\"elementor-element elementor-element-412288a elementor-widget elementor-widget-heading\" data-id=\"412288a\" data-element_type=\"widget\" data-e-type=\"widget\" data-widget_type=\"heading.default\">\n\t\t\t\t<div class=\"elementor-widget-container\">\n\t\t\t\t\t<h2 class=\"elementor-heading-title elementor-size-default\">Kommunikationsstrategie ist in der Krise essenziell<\/h2>\t\t\t\t<\/div>\n\t\t\t\t<\/div>\n\t\t\t\t<div class=\"elementor-element elementor-element-e32c522 elementor-widget elementor-widget-text-editor\" data-id=\"e32c522\" data-element_type=\"widget\" data-e-type=\"widget\" data-widget_type=\"text-editor.default\">\n\t\t\t\t<div class=\"elementor-widget-container\">\n\t\t\t\t\t\t\t\t\t<p>Auf Basis einer\u00a0<a title=\"Gewappnet f\u00fcr Krisen durch vorausschauende Planung\" href=\"\/de\/krisenkommunikation\/szenario-analyse\/\">Szenario-Analyse<\/a>\u00a0erarbeiten wir f\u00fcr Ihr Unternehmen eine Kommunikationsstrategie, um Ihre Unternehmenskommunikation in der Krise erfolgreich zu planen und umzusetzen. Die Kommunikationsstrategie dient als Basis f\u00fcr alle Ma\u00dfnahmen, die Sie im Rahmen einer zielgruppengerechten\u00a0<a title=\"Krisen souver\u00e4n meistern und sicher kommunizieren mit IR-Spezialist cometis\" href=\"\/de\/krisenkommunikation\/\">Kommunikation in der Krise<\/a>\u00a0umsetzen sollten. Gerade in der Krise ist es von Bedeutung, dass Sie dem Informationsbed\u00fcrfnis Ihrer Anspruchsgruppen nachkommen und auf die Stakeholder zugeschnittene Kommunikationsma\u00dfnahmen in die Wege leiten.<\/p>\t\t\t\t\t\t\t\t<\/div>\n\t\t\t\t<\/div>\n\t\t\t\t<div class=\"elementor-element elementor-element-a8a55e1 cmn-content-box-btn elementor-widget elementor-widget-button\" data-id=\"a8a55e1\" data-element_type=\"widget\" data-e-type=\"widget\" data-widget_type=\"button.default\">\n\t\t\t\t<div class=\"elementor-widget-container\">\n\t\t\t\t\t\t\t\t\t<div class=\"elementor-button-wrapper\">\n\t\t\t\t\t<a class=\"elementor-button elementor-button-link elementor-size-sm\" href=\"\/de\/cometis-ag\/referenzen\">\n\t\t\t\t\t\t<span class=\"elementor-button-content-wrapper\">\n\t\t\t\t\t\t<span class=\"elementor-button-icon\">\n\t\t\t\t<svg aria-hidden=\"true\" class=\"e-font-icon-svg e-fas-chevron-right\" viewBox=\"0 0 320 512\" xmlns=\"http:\/\/www.w3.org\/2000\/svg\"><path d=\"M285.476 272.971L91.132 467.314c-9.373 9.373-24.569 9.373-33.941 0l-22.667-22.667c-9.357-9.357-9.375-24.522-.04-33.901L188.505 256 34.484 101.255c-9.335-9.379-9.317-24.544.04-33.901l22.667-22.667c9.373-9.373 24.569-9.373 33.941 0L285.475 239.03c9.373 9.372 9.373 24.568.001 33.941z\"><\/path><\/svg>\t\t\t<\/span>\n\t\t\t\t\t\t\t\t\t<span class=\"elementor-button-text\">Unsere Referenzen<\/span>\n\t\t\t\t\t<\/span>\n\t\t\t\t\t<\/a>\n\t\t\t\t<\/div>\n\t\t\t\t\t\t\t\t<\/div>\n\t\t\t\t<\/div>\n\t\t\t\t<\/div>\n\t\t<div class=\"elementor-element elementor-element-3c07a6e e-con-full cmn-content-box-container e-flex e-con e-child\" data-id=\"3c07a6e\" data-element_type=\"container\" data-e-type=\"container\">\n\t\t\t\t<div class=\"elementor-element elementor-element-659035e elementor-widget elementor-widget-heading\" data-id=\"659035e\" data-element_type=\"widget\" data-e-type=\"widget\" data-widget_type=\"heading.default\">\n\t\t\t\t<div class=\"elementor-widget-container\">\n\t\t\t\t\t<h2 class=\"elementor-heading-title elementor-size-default\">Zielgruppengerechte Ma\u00dfnahmen planen und umsetzen<\/h2>\t\t\t\t<\/div>\n\t\t\t\t<\/div>\n\t\t\t\t<div class=\"elementor-element elementor-element-28d086e elementor-widget elementor-widget-text-editor\" data-id=\"28d086e\" data-element_type=\"widget\" data-e-type=\"widget\" data-widget_type=\"text-editor.default\">\n\t\t\t\t<div class=\"elementor-widget-container\">\n\t\t\t\t\t\t\t\t\t<p>Ein erster Schritt zur Entwicklung einer Kommunikationsstrategie w\u00e4re die Durchf\u00fchrung einer <a href=\"https:\/\/www.cometis.de\/de\/szenario-analyse\/\">Szenario-Analyse<\/a>, um relevante Einflussfaktoren zu identifizieren. Wenn alle erforderlichen Informationen vorliegen, kann die Kommunikationsstrategie entwickelt werden. Dann k\u00f6nnen Kommunikationsma\u00dfnahmen geplant und umgesetzt werden, damit Sie auch in der Krise klar und sicher mit allen Anspruchsgruppen kommunizieren. Wir wissen aus vielen Kommunikationsprojekten: Ein souver\u00e4nes Auftreten Ihres Unternehmens tr\u00e4gt ma\u00dfgeblich zu einer erfolgreichen Krisenbew\u00e4ltigung bei!<\/p>\t\t\t\t\t\t\t\t<\/div>\n\t\t\t\t<\/div>\n\t\t\t\t<\/div>\n\t\t<div class=\"elementor-element elementor-element-990ed1a e-con-full cmn-content-box-container e-flex e-con e-child\" data-id=\"990ed1a\" data-element_type=\"container\" data-e-type=\"container\">\n\t\t\t\t<div class=\"elementor-element elementor-element-9f8f085 elementor-widget elementor-widget-heading\" data-id=\"9f8f085\" data-element_type=\"widget\" data-e-type=\"widget\" data-widget_type=\"heading.default\">\n\t\t\t\t<div class=\"elementor-widget-container\">\n\t\t\t\t\t<h2 class=\"elementor-heading-title elementor-size-default\">Kompetenter Partner f\u00fcr Ihre Krisenkommunikation<\/h2>\t\t\t\t<\/div>\n\t\t\t\t<\/div>\n\t\t\t\t<div class=\"elementor-element elementor-element-422c9c8 elementor-widget elementor-widget-text-editor\" data-id=\"422c9c8\" data-element_type=\"widget\" data-e-type=\"widget\" data-widget_type=\"text-editor.default\">\n\t\t\t\t<div class=\"elementor-widget-container\">\n\t\t\t\t\t\t\t\t\t<p>Als Spezialist f\u00fcr <a href=\"\/de\/services\/investor-relations\/\">strategische Finanz-, ESG- und Unternehmenskommunikation<\/a> mit langj\u00e4hriger Erfahrung unterst\u00fctzt Sie die cometis AG bei der Entwicklung Ihrer Kommunikationsstrategie und steht Ihnen in der Krise als kompetenter Partner zur Verf\u00fcgung. Gerne k\u00f6nnen Sie uns auch kurzfristig kontaktieren, wenn Sie in eine Krisensituation geraten.<\/p>\t\t\t\t\t\t\t\t<\/div>\n\t\t\t\t<\/div>\n\t\t\t\t<\/div>\n\t\t\t\t<\/div>\n\t\t\t\t<\/div>\n\t\t\t\t\t<\/div>\n\t\t\t\t<\/div>\n\t\t\t\t<\/div>\n\t\t","protected":false},"excerpt":{"rendered":"<p>Kommunikationsstrategie ist in der Krise essenziell Auf Basis einer\u00a0Szenario-Analyse\u00a0erarbeiten wir f\u00fcr Ihr Unternehmen eine Kommunikationsstrategie, um Ihre Unternehmenskommunikation in der Krise erfolgreich zu planen und umzusetzen. Die Kommunikationsstrategie dient als Basis f\u00fcr alle Ma\u00dfnahmen, die Sie im Rahmen einer zielgruppengerechten\u00a0Kommunikation in der Krise\u00a0umsetzen sollten. Gerade in der Krise ist es von Bedeutung, dass Sie dem [&hellip;]<\/p>\n","protected":false},"author":1,"featured_media":0,"parent":3487,"menu_order":0,"comment_status":"closed","ping_status":"open","template":"","meta":{"_acf_changed":false,"footnotes":""},"class_list":["post-4716","page","type-page","status-publish","hentry"],"acf":[],"yoast_head":"<!-- This site is optimized with the Yoast SEO Premium plugin v26.2 (Yoast SEO v27.4) - https:\/\/yoast.com\/product\/yoast-seo-premium-wordpress\/ -->\n<title>Krisenkommunikationsstrategie \u2013 sicher in der Krise agieren | cometis<\/title>\n<meta name=\"description\" content=\"Mit Kommunikationsstrategie Ma\u00dfnahmen in der Krise erfolgreich planen und umsetzen - cometis ist Spezialist f\u00fcr Finanz- und Unternehmenskommunikation.\" \/>\n<meta name=\"robots\" content=\"index, follow, max-snippet:-1, max-image-preview:large, max-video-preview:-1\" \/>\n<link rel=\"canonical\" href=\"https:\/\/www.cometis.de\/de\/services\/krisenkommunikation\/krisenkommunikationsstrategie\/\" \/>\n<meta property=\"og:locale\" content=\"de_DE\" \/>\n<meta property=\"og:type\" content=\"article\" \/>\n<meta property=\"og:title\" content=\"Krisenkommunikationsstrategie\" \/>\n<meta property=\"og:description\" content=\"Mit Kommunikationsstrategie Ma\u00dfnahmen in der Krise erfolgreich planen und umsetzen - cometis ist Spezialist f\u00fcr Finanz- und Unternehmenskommunikation.\" \/>\n<meta property=\"og:url\" content=\"https:\/\/www.cometis.de\/de\/services\/krisenkommunikation\/krisenkommunikationsstrategie\/\" \/>\n<meta property=\"og:site_name\" content=\"cometis AG\" \/>\n<meta property=\"article:modified_time\" content=\"2025-04-04T13:55:49+00:00\" \/>\n<meta property=\"og:image\" content=\"https:\/\/www.cometis.de\/wp-content\/uploads\/2024\/12-old\/Cometis-Mobile-Logo-1.png\" \/>\n\t<meta property=\"og:image:width\" content=\"171\" \/>\n\t<meta property=\"og:image:height\" content=\"31\" \/>\n\t<meta property=\"og:image:type\" content=\"image\/png\" \/>\n<meta name=\"twitter:card\" content=\"summary_large_image\" \/>\n<meta name=\"twitter:label1\" content=\"Gesch\u00e4tzte Lesezeit\" \/>\n\t<meta name=\"twitter:data1\" content=\"2\u00a0Minuten\" \/>\n<script type=\"application\/ld+json\" class=\"yoast-schema-graph\">{\"@context\":\"https:\\\/\\\/schema.org\",\"@graph\":[{\"@type\":\"WebPage\",\"@id\":\"https:\\\/\\\/www.cometis.de\\\/de\\\/services\\\/krisenkommunikation\\\/krisenkommunikationsstrategie\\\/\",\"url\":\"https:\\\/\\\/www.cometis.de\\\/de\\\/services\\\/krisenkommunikation\\\/krisenkommunikationsstrategie\\\/\",\"name\":\"Krisenkommunikationsstrategie \u2013 sicher in der Krise agieren | cometis\",\"isPartOf\":{\"@id\":\"https:\\\/\\\/www.cometis.de\\\/de\\\/#website\"},\"datePublished\":\"2025-01-23T07:21:57+00:00\",\"dateModified\":\"2025-04-04T13:55:49+00:00\",\"description\":\"Mit Kommunikationsstrategie Ma\u00dfnahmen in der Krise erfolgreich planen und umsetzen - cometis ist Spezialist f\u00fcr Finanz- und Unternehmenskommunikation.\",\"breadcrumb\":{\"@id\":\"https:\\\/\\\/www.cometis.de\\\/de\\\/services\\\/krisenkommunikation\\\/krisenkommunikationsstrategie\\\/#breadcrumb\"},\"inLanguage\":\"de\",\"potentialAction\":[{\"@type\":\"ReadAction\",\"target\":[\"https:\\\/\\\/www.cometis.de\\\/de\\\/services\\\/krisenkommunikation\\\/krisenkommunikationsstrategie\\\/\"]}]},{\"@type\":\"BreadcrumbList\",\"@id\":\"https:\\\/\\\/www.cometis.de\\\/de\\\/services\\\/krisenkommunikation\\\/krisenkommunikationsstrategie\\\/#breadcrumb\",\"itemListElement\":[{\"@type\":\"ListItem\",\"position\":1,\"name\":\"Home\",\"item\":\"https:\\\/\\\/www.cometis.de\\\/de\\\/\"},{\"@type\":\"ListItem\",\"position\":2,\"name\":\"Services\",\"item\":\"https:\\\/\\\/www.cometis.de\\\/de\\\/services\\\/\"},{\"@type\":\"ListItem\",\"position\":3,\"name\":\"Krisenkommunikation\",\"item\":\"https:\\\/\\\/www.cometis.de\\\/de\\\/services\\\/krisenkommunikation\\\/\"},{\"@type\":\"ListItem\",\"position\":4,\"name\":\"Krisenkommunikationsstrategie\"}]},{\"@type\":\"WebSite\",\"@id\":\"https:\\\/\\\/www.cometis.de\\\/de\\\/#website\",\"url\":\"https:\\\/\\\/www.cometis.de\\\/de\\\/\",\"name\":\"cometis AG\",\"description\":\"Deutschlands f\u00fchrende Investor Relations Agentur\",\"publisher\":{\"@id\":\"https:\\\/\\\/www.cometis.de\\\/de\\\/#organization\"},\"potentialAction\":[{\"@type\":\"SearchAction\",\"target\":{\"@type\":\"EntryPoint\",\"urlTemplate\":\"https:\\\/\\\/www.cometis.de\\\/de\\\/?s={search_term_string}\"},\"query-input\":{\"@type\":\"PropertyValueSpecification\",\"valueRequired\":true,\"valueName\":\"search_term_string\"}}],\"inLanguage\":\"de\"},{\"@type\":\"Organization\",\"@id\":\"https:\\\/\\\/www.cometis.de\\\/de\\\/#organization\",\"name\":\"cometis AG\",\"alternateName\":\"Deutschlands f\u00fchrende Investor Relations Agentur\",\"url\":\"https:\\\/\\\/www.cometis.de\\\/de\\\/\",\"logo\":{\"@type\":\"ImageObject\",\"inLanguage\":\"de\",\"@id\":\"https:\\\/\\\/www.cometis.de\\\/de\\\/#\\\/schema\\\/logo\\\/image\\\/\",\"url\":\"https:\\\/\\\/www.cometis.de\\\/wp-content\\\/uploads\\\/2024\\\/12-old\\\/Cometis-Mobile-Logo-1.png\",\"contentUrl\":\"https:\\\/\\\/www.cometis.de\\\/wp-content\\\/uploads\\\/2024\\\/12-old\\\/Cometis-Mobile-Logo-1.png\",\"width\":171,\"height\":31,\"caption\":\"cometis AG\"},\"image\":{\"@id\":\"https:\\\/\\\/www.cometis.de\\\/de\\\/#\\\/schema\\\/logo\\\/image\\\/\"},\"sameAs\":[\"https:\\\/\\\/www.linkedin.com\\\/company\\\/cometis-ag\\\/\",\"https:\\\/\\\/www.youtube.com\\\/user\\\/cometisAG\"]}]}<\/script>\n<!-- \/ Yoast SEO Premium plugin. -->","yoast_head_json":{"title":"Krisenkommunikationsstrategie \u2013 sicher in der Krise agieren | cometis","description":"Mit Kommunikationsstrategie Ma\u00dfnahmen in der Krise erfolgreich planen und umsetzen - cometis ist Spezialist f\u00fcr Finanz- und Unternehmenskommunikation.","robots":{"index":"index","follow":"follow","max-snippet":"max-snippet:-1","max-image-preview":"max-image-preview:large","max-video-preview":"max-video-preview:-1"},"canonical":"https:\/\/www.cometis.de\/de\/services\/krisenkommunikation\/krisenkommunikationsstrategie\/","og_locale":"de_DE","og_type":"article","og_title":"Krisenkommunikationsstrategie","og_description":"Mit Kommunikationsstrategie Ma\u00dfnahmen in der Krise erfolgreich planen und umsetzen - cometis ist Spezialist f\u00fcr Finanz- und Unternehmenskommunikation.","og_url":"https:\/\/www.cometis.de\/de\/services\/krisenkommunikation\/krisenkommunikationsstrategie\/","og_site_name":"cometis AG","article_modified_time":"2025-04-04T13:55:49+00:00","og_image":[{"width":171,"height":31,"url":"https:\/\/www.cometis.de\/wp-content\/uploads\/2024\/12-old\/Cometis-Mobile-Logo-1.png","type":"image\/png"}],"twitter_card":"summary_large_image","twitter_misc":{"Gesch\u00e4tzte Lesezeit":"2\u00a0Minuten"},"schema":{"@context":"https:\/\/schema.org","@graph":[{"@type":"WebPage","@id":"https:\/\/www.cometis.de\/de\/services\/krisenkommunikation\/krisenkommunikationsstrategie\/","url":"https:\/\/www.cometis.de\/de\/services\/krisenkommunikation\/krisenkommunikationsstrategie\/","name":"Krisenkommunikationsstrategie \u2013 sicher in der Krise agieren | cometis","isPartOf":{"@id":"https:\/\/www.cometis.de\/de\/#website"},"datePublished":"2025-01-23T07:21:57+00:00","dateModified":"2025-04-04T13:55:49+00:00","description":"Mit Kommunikationsstrategie Ma\u00dfnahmen in der Krise erfolgreich planen und umsetzen - cometis ist Spezialist f\u00fcr Finanz- und Unternehmenskommunikation.","breadcrumb":{"@id":"https:\/\/www.cometis.de\/de\/services\/krisenkommunikation\/krisenkommunikationsstrategie\/#breadcrumb"},"inLanguage":"de","potentialAction":[{"@type":"ReadAction","target":["https:\/\/www.cometis.de\/de\/services\/krisenkommunikation\/krisenkommunikationsstrategie\/"]}]},{"@type":"BreadcrumbList","@id":"https:\/\/www.cometis.de\/de\/services\/krisenkommunikation\/krisenkommunikationsstrategie\/#breadcrumb","itemListElement":[{"@type":"ListItem","position":1,"name":"Home","item":"https:\/\/www.cometis.de\/de\/"},{"@type":"ListItem","position":2,"name":"Services","item":"https:\/\/www.cometis.de\/de\/services\/"},{"@type":"ListItem","position":3,"name":"Krisenkommunikation","item":"https:\/\/www.cometis.de\/de\/services\/krisenkommunikation\/"},{"@type":"ListItem","position":4,"name":"Krisenkommunikationsstrategie"}]},{"@type":"WebSite","@id":"https:\/\/www.cometis.de\/de\/#website","url":"https:\/\/www.cometis.de\/de\/","name":"cometis AG","description":"Deutschlands f\u00fchrende Investor Relations Agentur","publisher":{"@id":"https:\/\/www.cometis.de\/de\/#organization"},"potentialAction":[{"@type":"SearchAction","target":{"@type":"EntryPoint","urlTemplate":"https:\/\/www.cometis.de\/de\/?s={search_term_string}"},"query-input":{"@type":"PropertyValueSpecification","valueRequired":true,"valueName":"search_term_string"}}],"inLanguage":"de"},{"@type":"Organization","@id":"https:\/\/www.cometis.de\/de\/#organization","name":"cometis AG","alternateName":"Deutschlands f\u00fchrende Investor Relations Agentur","url":"https:\/\/www.cometis.de\/de\/","logo":{"@type":"ImageObject","inLanguage":"de","@id":"https:\/\/www.cometis.de\/de\/#\/schema\/logo\/image\/","url":"https:\/\/www.cometis.de\/wp-content\/uploads\/2024\/12-old\/Cometis-Mobile-Logo-1.png","contentUrl":"https:\/\/www.cometis.de\/wp-content\/uploads\/2024\/12-old\/Cometis-Mobile-Logo-1.png","width":171,"height":31,"caption":"cometis AG"},"image":{"@id":"https:\/\/www.cometis.de\/de\/#\/schema\/logo\/image\/"},"sameAs":["https:\/\/www.linkedin.com\/company\/cometis-ag\/","https:\/\/www.youtube.com\/user\/cometisAG"]}]}},"_links":{"self":[{"href":"https:\/\/www.cometis.de\/de\/wp-json\/wp\/v2\/pages\/4716","targetHints":{"allow":["GET"]}}],"collection":[{"href":"https:\/\/www.cometis.de\/de\/wp-json\/wp\/v2\/pages"}],"about":[{"href":"https:\/\/www.cometis.de\/de\/wp-json\/wp\/v2\/types\/page"}],"author":[{"embeddable":true,"href":"https:\/\/www.cometis.de\/de\/wp-json\/wp\/v2\/users\/1"}],"replies":[{"embeddable":true,"href":"https:\/\/www.cometis.de\/de\/wp-json\/wp\/v2\/comments?post=4716"}],"version-history":[{"count":7,"href":"https:\/\/www.cometis.de\/de\/wp-json\/wp\/v2\/pages\/4716\/revisions"}],"predecessor-version":[{"id":109339,"href":"https:\/\/www.cometis.de\/de\/wp-json\/wp\/v2\/pages\/4716\/revisions\/109339"}],"up":[{"embeddable":true,"href":"https:\/\/www.cometis.de\/de\/wp-json\/wp\/v2\/pages\/3487"}],"wp:attachment":[{"href":"https:\/\/www.cometis.de\/de\/wp-json\/wp\/v2\/media?parent=4716"}],"curies":[{"name":"wp","href":"https:\/\/api.w.org\/{rel}","templated":true}]}}