{"id":4733,"date":"2025-01-23T08:28:31","date_gmt":"2025-01-23T07:28:31","guid":{"rendered":"https:\/\/cometis.de\/?page_id=4733"},"modified":"2025-02-18T06:59:26","modified_gmt":"2025-02-18T05:59:26","slug":"krisen-pr","status":"publish","type":"page","link":"https:\/\/www.cometis.de\/de\/services\/krisenkommunikation\/krisen-pr\/","title":{"rendered":"Krisen PR"},"content":{"rendered":"\t\t<div data-elementor-type=\"wp-page\" data-elementor-id=\"4733\" class=\"elementor elementor-4733\" data-elementor-post-type=\"page\">\n\t\t\t\t<div class=\"elementor-element elementor-element-c9db5f5 e-flex e-con-boxed e-con e-parent\" data-id=\"c9db5f5\" data-element_type=\"container\" data-e-type=\"container\">\n\t\t\t\t\t<div class=\"e-con-inner\">\n\t\t\t\t<div class=\"elementor-element elementor-element-f805ea2 elementor-widget elementor-widget-template\" data-id=\"f805ea2\" data-element_type=\"widget\" data-e-type=\"widget\" data-widget_type=\"template.default\">\n\t\t\t\t<div class=\"elementor-widget-container\">\n\t\t\t\t\t\t\t<div class=\"elementor-template\">\n\t\t\t\t\t<div data-elementor-type=\"section\" data-elementor-id=\"766\" class=\"elementor elementor-766\" data-elementor-post-type=\"elementor_library\">\n\t\t\t<div class=\"elementor-element elementor-element-1f34e34 e-flex e-con-boxed e-con e-parent\" data-id=\"1f34e34\" data-element_type=\"container\" data-e-type=\"container\">\n\t\t\t\t\t<div class=\"e-con-inner\">\n\t\t<div class=\"elementor-element elementor-element-e68c844 e-con-full e-flex e-con e-child\" data-id=\"e68c844\" data-element_type=\"container\" data-e-type=\"container\" data-settings=\"{&quot;background_background&quot;:&quot;classic&quot;}\">\n\t\t\t\t<\/div>\n\t\t<div class=\"elementor-element elementor-element-b7dac6f e-con-full e-flex e-con e-child\" data-id=\"b7dac6f\" data-element_type=\"container\" data-e-type=\"container\">\n\t\t\t\t<div class=\"elementor-element elementor-element-ce54cc3 elementor-align-left elementor-widget elementor-widget-breadcrumbs\" data-id=\"ce54cc3\" data-element_type=\"widget\" data-e-type=\"widget\" data-widget_type=\"breadcrumbs.default\">\n\t\t\t\t<div class=\"elementor-widget-container\">\n\t\t\t\t\t<div id=\"breadcrumbs\"><span><span><a href=\"https:\/\/www.cometis.de\/de\/\">Home<\/a><\/span><\/span><\/div>\t\t\t\t<\/div>\n\t\t\t\t<\/div>\n\t\t\t\t<\/div>\n\t\t\t\t\t<\/div>\n\t\t\t\t<\/div>\n\t\t\t\t<\/div>\n\t\t\t\t<\/div>\n\t\t\t\t\t\t<\/div>\n\t\t\t\t<\/div>\n\t\t\t\t\t<\/div>\n\t\t\t\t<\/div>\n\t\t<div class=\"elementor-element elementor-element-65ca8ea cmn-sidebar-content e-flex e-con-boxed e-con e-parent\" data-id=\"65ca8ea\" data-element_type=\"container\" data-e-type=\"container\" data-settings=\"{&quot;background_background&quot;:&quot;classic&quot;,&quot;background_motion_fx_motion_fx_scrolling&quot;:&quot;yes&quot;,&quot;background_motion_fx_translateY_effect&quot;:&quot;yes&quot;,&quot;background_motion_fx_translateY_speed&quot;:{&quot;unit&quot;:&quot;px&quot;,&quot;size&quot;:2,&quot;sizes&quot;:[]},&quot;background_motion_fx_translateY_direction&quot;:&quot;negative&quot;,&quot;background_motion_fx_translateY_affectedRange&quot;:{&quot;unit&quot;:&quot;%&quot;,&quot;size&quot;:&quot;&quot;,&quot;sizes&quot;:{&quot;start&quot;:0,&quot;end&quot;:100}},&quot;background_motion_fx_devices&quot;:[&quot;desktop&quot;,&quot;tablet&quot;,&quot;mobile&quot;]}\">\n\t\t\t\t\t<div class=\"e-con-inner\">\n\t\t<div class=\"elementor-element elementor-element-ba54a92 e-con-full cmn-sidebar-content p-100 e-flex e-con e-child\" data-id=\"ba54a92\" data-element_type=\"container\" data-e-type=\"container\">\n\t\t<div class=\"elementor-element elementor-element-de8dcad e-con-full cmn-content-box e-flex e-con e-child\" data-id=\"de8dcad\" data-element_type=\"container\" data-e-type=\"container\">\n\t\t<div class=\"elementor-element elementor-element-a8ff1f6 e-con-full cmn-content-box-container e-flex e-con e-child\" data-id=\"a8ff1f6\" data-element_type=\"container\" data-e-type=\"container\">\n\t\t\t\t<div class=\"elementor-element elementor-element-3df7869 elementor-widget elementor-widget-heading\" data-id=\"3df7869\" data-element_type=\"widget\" data-e-type=\"widget\" data-widget_type=\"heading.default\">\n\t\t\t\t<div class=\"elementor-widget-container\">\n\t\t\t\t\t<h2 class=\"elementor-heading-title elementor-size-default\">Imageschaden f\u00fcr Unternehmen durch Krisen-PR reduzieren<\/h2>\t\t\t\t<\/div>\n\t\t\t\t<\/div>\n\t\t\t\t<div class=\"elementor-element elementor-element-2d47ef7 elementor-widget elementor-widget-text-editor\" data-id=\"2d47ef7\" data-element_type=\"widget\" data-e-type=\"widget\" data-widget_type=\"text-editor.default\">\n\t\t\t\t<div class=\"elementor-widget-container\">\n\t\t\t\t\t\t\t\t\t<p>Wenn sich eine Krisensituation in Ihrem Unternehmen anbahnt oder das Unternehmen bereits in eine handfeste Krise geraten ist, besteht durch gezielte Krisen PR die M\u00f6glichkeit, den Imageschaden f\u00fcr Ihr Unternehmen zu reduzieren und damit die mittel- und langfristigen Folgen Ihrer Krise zu minimieren. Als Spezialist f\u00fcr <a href=\"\/de\/services\/investor-relations\/\">strategische Finanz-, ESG- und Unternehmenskommunikation<\/a> mit langj\u00e4hriger Erfahrung unterst\u00fctzen wir Sie in allen Phasen der Krisenkommunikation. Mit der richtigen\u00a0<a title=\"Krisen souver\u00e4n meistern und sicher kommunizieren mit IR-Spezialist cometis\" href=\"\/de\/krisenkommunikation\/krisen-pr\">Krisenkommunikationsstrategie<\/a>\u00a0tragen Sie ma\u00dfgeblich zu einer erfolgreichen Krisenbew\u00e4ltigung Ihres Unternehmens bei.<\/p>\t\t\t\t\t\t\t\t<\/div>\n\t\t\t\t<\/div>\n\t\t\t\t<div class=\"elementor-element elementor-element-bce4255 cmn-content-box-btn elementor-widget elementor-widget-button\" data-id=\"bce4255\" data-element_type=\"widget\" data-e-type=\"widget\" data-widget_type=\"button.default\">\n\t\t\t\t<div class=\"elementor-widget-container\">\n\t\t\t\t\t\t\t\t\t<div class=\"elementor-button-wrapper\">\n\t\t\t\t\t<a class=\"elementor-button elementor-button-link elementor-size-sm\" href=\"\/de\/cometis-ag\/referenzen\">\n\t\t\t\t\t\t<span class=\"elementor-button-content-wrapper\">\n\t\t\t\t\t\t<span class=\"elementor-button-icon\">\n\t\t\t\t<svg aria-hidden=\"true\" class=\"e-font-icon-svg e-fas-chevron-right\" viewBox=\"0 0 320 512\" xmlns=\"http:\/\/www.w3.org\/2000\/svg\"><path d=\"M285.476 272.971L91.132 467.314c-9.373 9.373-24.569 9.373-33.941 0l-22.667-22.667c-9.357-9.357-9.375-24.522-.04-33.901L188.505 256 34.484 101.255c-9.335-9.379-9.317-24.544.04-33.901l22.667-22.667c9.373-9.373 24.569-9.373 33.941 0L285.475 239.03c9.373 9.372 9.373 24.568.001 33.941z\"><\/path><\/svg>\t\t\t<\/span>\n\t\t\t\t\t\t\t\t\t<span class=\"elementor-button-text\">Unsere Referenzen<\/span>\n\t\t\t\t\t<\/span>\n\t\t\t\t\t<\/a>\n\t\t\t\t<\/div>\n\t\t\t\t\t\t\t\t<\/div>\n\t\t\t\t<\/div>\n\t\t\t\t<\/div>\n\t\t<div class=\"elementor-element elementor-element-030a4b2 e-con-full cmn-content-box-container e-flex e-con e-child\" data-id=\"030a4b2\" data-element_type=\"container\" data-e-type=\"container\">\n\t\t\t\t<div class=\"elementor-element elementor-element-0362177 elementor-widget elementor-widget-heading\" data-id=\"0362177\" data-element_type=\"widget\" data-e-type=\"widget\" data-widget_type=\"heading.default\">\n\t\t\t\t<div class=\"elementor-widget-container\">\n\t\t\t\t\t<h2 class=\"elementor-heading-title elementor-size-default\">Erh\u00f6hte Aufmerksamkeit in der Krise nutzen<\/h2>\t\t\t\t<\/div>\n\t\t\t\t<\/div>\n\t\t\t\t<div class=\"elementor-element elementor-element-d458aba elementor-widget elementor-widget-text-editor\" data-id=\"d458aba\" data-element_type=\"widget\" data-e-type=\"widget\" data-widget_type=\"text-editor.default\">\n\t\t\t\t<div class=\"elementor-widget-container\">\n\t\t\t\t\t\t\t\t\t<div class=\"et_pb_module et_pb_text et_pb_text_2  et_pb_text_align_left et_pb_bg_layout_light\"><div class=\"et_pb_text_inner\"><p>Durch eine Krise erf\u00e4hrt das Unternehmen i.d.R. eine erh\u00f6hte Aufmerksamkeit von Medien und \u00d6ffentlichkeit. Das kann zu einem Konflikt zwischen Unternehmen und \u00d6ffentlichkeit f\u00fchren, da nicht zuletzt die Medien alle Details zu den Ursachen der Krise in Erfahrung bringen m\u00f6chten. Diesen Interessenkonflikt sollten Sie durch Ihre Krisenkommunikation so gut wie m\u00f6glich l\u00f6sen, indem Sie in der Krise agieren und nicht reagieren. Kommunizieren Sie als Unternehmen offen, was Sie der \u00d6ffentlichkeit sagen k\u00f6nnen, und verfolgen Sie keine Salamitaktik! Wenn Sie nur Schritt f\u00fcr Schritt die Wahrheit erz\u00e4hlen oder nur jenes mitteilen, was inzwischen bereits bekannt wurde, versch\u00e4rfen Sie nur die Krise. Nutzen Sie daher die erh\u00f6hte Aufmerksamkeit durch eine schnelle und offene Kommunikation und setzen Sie durch Ihre Krisen-PR selbst Akzente.<\/p><\/div><\/div>\t\t\t\t\t\t\t\t<\/div>\n\t\t\t\t<\/div>\n\t\t\t\t<\/div>\n\t\t<div class=\"elementor-element elementor-element-684a8d7 e-con-full cmn-content-box-container e-flex e-con e-child\" data-id=\"684a8d7\" data-element_type=\"container\" data-e-type=\"container\">\n\t\t\t\t<div class=\"elementor-element elementor-element-5f44f5c elementor-widget elementor-widget-heading\" data-id=\"5f44f5c\" data-element_type=\"widget\" data-e-type=\"widget\" data-widget_type=\"heading.default\">\n\t\t\t\t<div class=\"elementor-widget-container\">\n\t\t\t\t\t<h2 class=\"elementor-heading-title elementor-size-default\">Dialog mit Investoren und Journalisten suchen<\/h2>\t\t\t\t<\/div>\n\t\t\t\t<\/div>\n\t\t\t\t<div class=\"elementor-element elementor-element-68e1e0b elementor-widget elementor-widget-text-editor\" data-id=\"68e1e0b\" data-element_type=\"widget\" data-e-type=\"widget\" data-widget_type=\"text-editor.default\">\n\t\t\t\t<div class=\"elementor-widget-container\">\n\t\t\t\t\t\t\t\t\t<p>Wenn ein b\u00f6rsennotiertes Unternehmen in eine Krise ger\u00e4t, sollte es sich keineswegs abschotten und die Kommunikation mit Ihren Zielgruppen verweigern. Vielmehr ist es zielf\u00fchrend, auf Investoren und Journalisten zuzugehen. Dies signalisiert Gespr\u00e4chsbereitschaft und Offenheit und sorgt f\u00fcr Transparenz bei Ihren Stakeholdern. Auch wenn Sie als Unternehmen unter Umst\u00e4nden Fehler eingestehen m\u00fcssen und dies auch aktiv tun, tr\u00e4gt dies in jedem Fall zur positiven Wahrnehmung Ihres Unternehmens bei \u2013 und ein m\u00f6glicher Verdacht der Verschleierung wird ausger\u00e4umt.<\/p>\t\t\t\t\t\t\t\t<\/div>\n\t\t\t\t<\/div>\n\t\t\t\t<\/div>\n\t\t<div class=\"elementor-element elementor-element-74ecae3 e-con-full cmn-content-box-container e-flex e-con e-child\" data-id=\"74ecae3\" data-element_type=\"container\" data-e-type=\"container\">\n\t\t\t\t<div class=\"elementor-element elementor-element-ee03dba elementor-widget elementor-widget-heading\" data-id=\"ee03dba\" data-element_type=\"widget\" data-e-type=\"widget\" data-widget_type=\"heading.default\">\n\t\t\t\t<div class=\"elementor-widget-container\">\n\t\t\t\t\t<h2 class=\"elementor-heading-title elementor-size-default\">Kompetenter Partner f\u00fcr Ihre Krisen-PR<\/h2>\t\t\t\t<\/div>\n\t\t\t\t<\/div>\n\t\t\t\t<div class=\"elementor-element elementor-element-ffb320c elementor-widget elementor-widget-text-editor\" data-id=\"ffb320c\" data-element_type=\"widget\" data-e-type=\"widget\" data-widget_type=\"text-editor.default\">\n\t\t\t\t<div class=\"elementor-widget-container\">\n\t\t\t\t\t\t\t\t\t<p>Durch Krisen-PR bringen Sie Ihr Unternehmen in die vorteilhafte Position, den Meinungsbildungsprozess beeinflussen zu k\u00f6nnen und den Reputationsschaden durch Ihre Krise zu reduzieren. Gerne k\u00f6nnen Sie uns auch kurzfristig kontaktieren, um eine Strategie f\u00fcr Ihre Krisen-PR zu erarbeiten!<\/p>\t\t\t\t\t\t\t\t<\/div>\n\t\t\t\t<\/div>\n\t\t\t\t<\/div>\n\t\t\t\t<\/div>\n\t\t\t\t<\/div>\n\t\t\t\t\t<\/div>\n\t\t\t\t<\/div>\n\t\t\t\t<\/div>\n\t\t","protected":false},"excerpt":{"rendered":"<p>Imageschaden f\u00fcr Unternehmen durch Krisen-PR reduzieren Wenn sich eine Krisensituation in Ihrem Unternehmen anbahnt oder das Unternehmen bereits in eine handfeste Krise geraten ist, besteht durch gezielte Krisen PR die M\u00f6glichkeit, den Imageschaden f\u00fcr Ihr Unternehmen zu reduzieren und damit die mittel- und langfristigen Folgen Ihrer Krise zu minimieren. Als Spezialist f\u00fcr strategische Finanz-, ESG- [&hellip;]<\/p>\n","protected":false},"author":1,"featured_media":0,"parent":3487,"menu_order":0,"comment_status":"closed","ping_status":"open","template":"","meta":{"_acf_changed":false,"footnotes":""},"class_list":["post-4733","page","type-page","status-publish","hentry"],"acf":[],"yoast_head":"<!-- This site is optimized with the Yoast SEO Premium plugin v26.2 (Yoast SEO v27.4) - https:\/\/yoast.com\/product\/yoast-seo-premium-wordpress\/ -->\n<title>Krisen-PR \u2013 Imagesch\u00e4den minimieren &amp; selbst aktiv werden | cometis AG<\/title>\n<meta name=\"description\" content=\"Mit Krisen-PR den Imageschaden f\u00fcr Ihr Unternehmen reduzieren und selbst Themen setzen - cometis ist Spezialist f\u00fcr Finanz- und Unternehmenskommunikation\" \/>\n<meta name=\"robots\" content=\"index, follow, max-snippet:-1, max-image-preview:large, max-video-preview:-1\" \/>\n<link rel=\"canonical\" href=\"https:\/\/www.cometis.de\/de\/services\/krisenkommunikation\/krisen-pr\/\" \/>\n<meta property=\"og:locale\" content=\"de_DE\" \/>\n<meta property=\"og:type\" content=\"article\" \/>\n<meta property=\"og:title\" content=\"Krisen PR\" \/>\n<meta property=\"og:description\" content=\"Mit Krisen-PR den Imageschaden f\u00fcr Ihr Unternehmen reduzieren und selbst Themen setzen - cometis ist Spezialist f\u00fcr Finanz- und Unternehmenskommunikation\" \/>\n<meta property=\"og:url\" content=\"https:\/\/www.cometis.de\/de\/services\/krisenkommunikation\/krisen-pr\/\" \/>\n<meta property=\"og:site_name\" content=\"cometis AG\" \/>\n<meta property=\"article:modified_time\" content=\"2025-02-18T05:59:26+00:00\" \/>\n<meta property=\"og:image\" content=\"https:\/\/www.cometis.de\/wp-content\/uploads\/2024\/12-old\/Cometis-Mobile-Logo-1.png\" \/>\n\t<meta property=\"og:image:width\" content=\"171\" \/>\n\t<meta property=\"og:image:height\" content=\"31\" \/>\n\t<meta property=\"og:image:type\" content=\"image\/png\" \/>\n<meta name=\"twitter:card\" content=\"summary_large_image\" \/>\n<meta name=\"twitter:label1\" content=\"Gesch\u00e4tzte Lesezeit\" \/>\n\t<meta name=\"twitter:data1\" content=\"2\u00a0Minuten\" \/>\n<script type=\"application\/ld+json\" class=\"yoast-schema-graph\">{\"@context\":\"https:\\\/\\\/schema.org\",\"@graph\":[{\"@type\":\"WebPage\",\"@id\":\"https:\\\/\\\/www.cometis.de\\\/de\\\/services\\\/krisenkommunikation\\\/krisen-pr\\\/\",\"url\":\"https:\\\/\\\/www.cometis.de\\\/de\\\/services\\\/krisenkommunikation\\\/krisen-pr\\\/\",\"name\":\"Krisen-PR \u2013 Imagesch\u00e4den minimieren & selbst aktiv werden | cometis AG\",\"isPartOf\":{\"@id\":\"https:\\\/\\\/www.cometis.de\\\/de\\\/#website\"},\"datePublished\":\"2025-01-23T07:28:31+00:00\",\"dateModified\":\"2025-02-18T05:59:26+00:00\",\"description\":\"Mit Krisen-PR den Imageschaden f\u00fcr Ihr Unternehmen reduzieren und selbst Themen setzen - cometis ist Spezialist f\u00fcr Finanz- und Unternehmenskommunikation\",\"breadcrumb\":{\"@id\":\"https:\\\/\\\/www.cometis.de\\\/de\\\/services\\\/krisenkommunikation\\\/krisen-pr\\\/#breadcrumb\"},\"inLanguage\":\"de\",\"potentialAction\":[{\"@type\":\"ReadAction\",\"target\":[\"https:\\\/\\\/www.cometis.de\\\/de\\\/services\\\/krisenkommunikation\\\/krisen-pr\\\/\"]}]},{\"@type\":\"BreadcrumbList\",\"@id\":\"https:\\\/\\\/www.cometis.de\\\/de\\\/services\\\/krisenkommunikation\\\/krisen-pr\\\/#breadcrumb\",\"itemListElement\":[{\"@type\":\"ListItem\",\"position\":1,\"name\":\"Home\",\"item\":\"https:\\\/\\\/www.cometis.de\\\/de\\\/\"},{\"@type\":\"ListItem\",\"position\":2,\"name\":\"Services\",\"item\":\"https:\\\/\\\/www.cometis.de\\\/de\\\/services\\\/\"},{\"@type\":\"ListItem\",\"position\":3,\"name\":\"Krisenkommunikation\",\"item\":\"https:\\\/\\\/www.cometis.de\\\/de\\\/services\\\/krisenkommunikation\\\/\"},{\"@type\":\"ListItem\",\"position\":4,\"name\":\"Krisen PR\"}]},{\"@type\":\"WebSite\",\"@id\":\"https:\\\/\\\/www.cometis.de\\\/de\\\/#website\",\"url\":\"https:\\\/\\\/www.cometis.de\\\/de\\\/\",\"name\":\"cometis AG\",\"description\":\"Deutschlands f\u00fchrende Investor Relations Agentur\",\"publisher\":{\"@id\":\"https:\\\/\\\/www.cometis.de\\\/de\\\/#organization\"},\"potentialAction\":[{\"@type\":\"SearchAction\",\"target\":{\"@type\":\"EntryPoint\",\"urlTemplate\":\"https:\\\/\\\/www.cometis.de\\\/de\\\/?s={search_term_string}\"},\"query-input\":{\"@type\":\"PropertyValueSpecification\",\"valueRequired\":true,\"valueName\":\"search_term_string\"}}],\"inLanguage\":\"de\"},{\"@type\":\"Organization\",\"@id\":\"https:\\\/\\\/www.cometis.de\\\/de\\\/#organization\",\"name\":\"cometis AG\",\"alternateName\":\"Deutschlands f\u00fchrende Investor Relations Agentur\",\"url\":\"https:\\\/\\\/www.cometis.de\\\/de\\\/\",\"logo\":{\"@type\":\"ImageObject\",\"inLanguage\":\"de\",\"@id\":\"https:\\\/\\\/www.cometis.de\\\/de\\\/#\\\/schema\\\/logo\\\/image\\\/\",\"url\":\"https:\\\/\\\/www.cometis.de\\\/wp-content\\\/uploads\\\/2024\\\/12-old\\\/Cometis-Mobile-Logo-1.png\",\"contentUrl\":\"https:\\\/\\\/www.cometis.de\\\/wp-content\\\/uploads\\\/2024\\\/12-old\\\/Cometis-Mobile-Logo-1.png\",\"width\":171,\"height\":31,\"caption\":\"cometis AG\"},\"image\":{\"@id\":\"https:\\\/\\\/www.cometis.de\\\/de\\\/#\\\/schema\\\/logo\\\/image\\\/\"},\"sameAs\":[\"https:\\\/\\\/www.linkedin.com\\\/company\\\/cometis-ag\\\/\",\"https:\\\/\\\/www.youtube.com\\\/user\\\/cometisAG\"]}]}<\/script>\n<!-- \/ Yoast SEO Premium plugin. -->","yoast_head_json":{"title":"Krisen-PR \u2013 Imagesch\u00e4den minimieren & selbst aktiv werden | cometis AG","description":"Mit Krisen-PR den Imageschaden f\u00fcr Ihr Unternehmen reduzieren und selbst Themen setzen - cometis ist Spezialist f\u00fcr Finanz- und Unternehmenskommunikation","robots":{"index":"index","follow":"follow","max-snippet":"max-snippet:-1","max-image-preview":"max-image-preview:large","max-video-preview":"max-video-preview:-1"},"canonical":"https:\/\/www.cometis.de\/de\/services\/krisenkommunikation\/krisen-pr\/","og_locale":"de_DE","og_type":"article","og_title":"Krisen PR","og_description":"Mit Krisen-PR den Imageschaden f\u00fcr Ihr Unternehmen reduzieren und selbst Themen setzen - cometis ist Spezialist f\u00fcr Finanz- und Unternehmenskommunikation","og_url":"https:\/\/www.cometis.de\/de\/services\/krisenkommunikation\/krisen-pr\/","og_site_name":"cometis AG","article_modified_time":"2025-02-18T05:59:26+00:00","og_image":[{"width":171,"height":31,"url":"https:\/\/www.cometis.de\/wp-content\/uploads\/2024\/12-old\/Cometis-Mobile-Logo-1.png","type":"image\/png"}],"twitter_card":"summary_large_image","twitter_misc":{"Gesch\u00e4tzte Lesezeit":"2\u00a0Minuten"},"schema":{"@context":"https:\/\/schema.org","@graph":[{"@type":"WebPage","@id":"https:\/\/www.cometis.de\/de\/services\/krisenkommunikation\/krisen-pr\/","url":"https:\/\/www.cometis.de\/de\/services\/krisenkommunikation\/krisen-pr\/","name":"Krisen-PR \u2013 Imagesch\u00e4den minimieren & selbst aktiv werden | cometis AG","isPartOf":{"@id":"https:\/\/www.cometis.de\/de\/#website"},"datePublished":"2025-01-23T07:28:31+00:00","dateModified":"2025-02-18T05:59:26+00:00","description":"Mit Krisen-PR den Imageschaden f\u00fcr Ihr Unternehmen reduzieren und selbst Themen setzen - cometis ist Spezialist f\u00fcr Finanz- und Unternehmenskommunikation","breadcrumb":{"@id":"https:\/\/www.cometis.de\/de\/services\/krisenkommunikation\/krisen-pr\/#breadcrumb"},"inLanguage":"de","potentialAction":[{"@type":"ReadAction","target":["https:\/\/www.cometis.de\/de\/services\/krisenkommunikation\/krisen-pr\/"]}]},{"@type":"BreadcrumbList","@id":"https:\/\/www.cometis.de\/de\/services\/krisenkommunikation\/krisen-pr\/#breadcrumb","itemListElement":[{"@type":"ListItem","position":1,"name":"Home","item":"https:\/\/www.cometis.de\/de\/"},{"@type":"ListItem","position":2,"name":"Services","item":"https:\/\/www.cometis.de\/de\/services\/"},{"@type":"ListItem","position":3,"name":"Krisenkommunikation","item":"https:\/\/www.cometis.de\/de\/services\/krisenkommunikation\/"},{"@type":"ListItem","position":4,"name":"Krisen PR"}]},{"@type":"WebSite","@id":"https:\/\/www.cometis.de\/de\/#website","url":"https:\/\/www.cometis.de\/de\/","name":"cometis AG","description":"Deutschlands f\u00fchrende Investor Relations Agentur","publisher":{"@id":"https:\/\/www.cometis.de\/de\/#organization"},"potentialAction":[{"@type":"SearchAction","target":{"@type":"EntryPoint","urlTemplate":"https:\/\/www.cometis.de\/de\/?s={search_term_string}"},"query-input":{"@type":"PropertyValueSpecification","valueRequired":true,"valueName":"search_term_string"}}],"inLanguage":"de"},{"@type":"Organization","@id":"https:\/\/www.cometis.de\/de\/#organization","name":"cometis AG","alternateName":"Deutschlands f\u00fchrende Investor Relations Agentur","url":"https:\/\/www.cometis.de\/de\/","logo":{"@type":"ImageObject","inLanguage":"de","@id":"https:\/\/www.cometis.de\/de\/#\/schema\/logo\/image\/","url":"https:\/\/www.cometis.de\/wp-content\/uploads\/2024\/12-old\/Cometis-Mobile-Logo-1.png","contentUrl":"https:\/\/www.cometis.de\/wp-content\/uploads\/2024\/12-old\/Cometis-Mobile-Logo-1.png","width":171,"height":31,"caption":"cometis AG"},"image":{"@id":"https:\/\/www.cometis.de\/de\/#\/schema\/logo\/image\/"},"sameAs":["https:\/\/www.linkedin.com\/company\/cometis-ag\/","https:\/\/www.youtube.com\/user\/cometisAG"]}]}},"_links":{"self":[{"href":"https:\/\/www.cometis.de\/de\/wp-json\/wp\/v2\/pages\/4733","targetHints":{"allow":["GET"]}}],"collection":[{"href":"https:\/\/www.cometis.de\/de\/wp-json\/wp\/v2\/pages"}],"about":[{"href":"https:\/\/www.cometis.de\/de\/wp-json\/wp\/v2\/types\/page"}],"author":[{"embeddable":true,"href":"https:\/\/www.cometis.de\/de\/wp-json\/wp\/v2\/users\/1"}],"replies":[{"embeddable":true,"href":"https:\/\/www.cometis.de\/de\/wp-json\/wp\/v2\/comments?post=4733"}],"version-history":[{"count":3,"href":"https:\/\/www.cometis.de\/de\/wp-json\/wp\/v2\/pages\/4733\/revisions"}],"predecessor-version":[{"id":107563,"href":"https:\/\/www.cometis.de\/de\/wp-json\/wp\/v2\/pages\/4733\/revisions\/107563"}],"up":[{"embeddable":true,"href":"https:\/\/www.cometis.de\/de\/wp-json\/wp\/v2\/pages\/3487"}],"wp:attachment":[{"href":"https:\/\/www.cometis.de\/de\/wp-json\/wp\/v2\/media?parent=4733"}],"curies":[{"name":"wp","href":"https:\/\/api.w.org\/{rel}","templated":true}]}}