{"id":4823,"date":"2025-01-23T09:05:07","date_gmt":"2025-01-23T08:05:07","guid":{"rendered":"https:\/\/cometis.de\/?page_id=4823"},"modified":"2025-02-18T07:08:10","modified_gmt":"2025-02-18T06:08:10","slug":"kernbotschaften","status":"publish","type":"page","link":"https:\/\/www.cometis.de\/de\/services\/finanz-pr\/kernbotschaften\/","title":{"rendered":"Kernbotschaften"},"content":{"rendered":"\t\t<div data-elementor-type=\"wp-page\" data-elementor-id=\"4823\" class=\"elementor elementor-4823\" data-elementor-post-type=\"page\">\n\t\t\t\t<div class=\"elementor-element elementor-element-7152096 e-flex e-con-boxed e-con e-parent\" data-id=\"7152096\" data-element_type=\"container\" data-e-type=\"container\">\n\t\t\t\t\t<div class=\"e-con-inner\">\n\t\t\t\t<div class=\"elementor-element elementor-element-c604fcc elementor-widget elementor-widget-template\" data-id=\"c604fcc\" data-element_type=\"widget\" data-e-type=\"widget\" data-widget_type=\"template.default\">\n\t\t\t\t<div class=\"elementor-widget-container\">\n\t\t\t\t\t\t\t<div class=\"elementor-template\">\n\t\t\t\t\t<div data-elementor-type=\"section\" data-elementor-id=\"766\" class=\"elementor elementor-766\" data-elementor-post-type=\"elementor_library\">\n\t\t\t<div class=\"elementor-element elementor-element-1f34e34 e-flex e-con-boxed e-con e-parent\" data-id=\"1f34e34\" data-element_type=\"container\" data-e-type=\"container\">\n\t\t\t\t\t<div class=\"e-con-inner\">\n\t\t<div class=\"elementor-element elementor-element-e68c844 e-con-full e-flex e-con e-child\" data-id=\"e68c844\" data-element_type=\"container\" data-e-type=\"container\" data-settings=\"{&quot;background_background&quot;:&quot;classic&quot;}\">\n\t\t\t\t<\/div>\n\t\t<div class=\"elementor-element elementor-element-b7dac6f e-con-full e-flex e-con e-child\" data-id=\"b7dac6f\" data-element_type=\"container\" data-e-type=\"container\">\n\t\t\t\t<div class=\"elementor-element elementor-element-ce54cc3 elementor-align-left elementor-widget elementor-widget-breadcrumbs\" data-id=\"ce54cc3\" data-element_type=\"widget\" data-e-type=\"widget\" data-widget_type=\"breadcrumbs.default\">\n\t\t\t\t<div class=\"elementor-widget-container\">\n\t\t\t\t\t<div id=\"breadcrumbs\"><span><span><a href=\"https:\/\/www.cometis.de\/de\/\">Home<\/a><\/span><\/span><\/div>\t\t\t\t<\/div>\n\t\t\t\t<\/div>\n\t\t\t\t<\/div>\n\t\t\t\t\t<\/div>\n\t\t\t\t<\/div>\n\t\t\t\t<\/div>\n\t\t\t\t<\/div>\n\t\t\t\t\t\t<\/div>\n\t\t\t\t<\/div>\n\t\t\t\t\t<\/div>\n\t\t\t\t<\/div>\n\t\t<div class=\"elementor-element elementor-element-16f1a04 cmn-sidebar-content e-flex e-con-boxed e-con e-parent\" data-id=\"16f1a04\" data-element_type=\"container\" data-e-type=\"container\" data-settings=\"{&quot;background_background&quot;:&quot;classic&quot;,&quot;background_motion_fx_motion_fx_scrolling&quot;:&quot;yes&quot;,&quot;background_motion_fx_translateY_effect&quot;:&quot;yes&quot;,&quot;background_motion_fx_translateY_speed&quot;:{&quot;unit&quot;:&quot;px&quot;,&quot;size&quot;:2,&quot;sizes&quot;:[]},&quot;background_motion_fx_translateY_direction&quot;:&quot;negative&quot;,&quot;background_motion_fx_translateY_affectedRange&quot;:{&quot;unit&quot;:&quot;%&quot;,&quot;size&quot;:&quot;&quot;,&quot;sizes&quot;:{&quot;start&quot;:0,&quot;end&quot;:100}},&quot;background_motion_fx_devices&quot;:[&quot;desktop&quot;,&quot;tablet&quot;,&quot;mobile&quot;]}\">\n\t\t\t\t\t<div class=\"e-con-inner\">\n\t\t<div class=\"elementor-element elementor-element-8478633 e-con-full cmn-sidebar-content p-100 e-flex e-con e-child\" data-id=\"8478633\" data-element_type=\"container\" data-e-type=\"container\">\n\t\t<div class=\"elementor-element elementor-element-73a9c90 e-con-full cmn-content-box e-flex e-con e-child\" data-id=\"73a9c90\" data-element_type=\"container\" data-e-type=\"container\">\n\t\t<div class=\"elementor-element elementor-element-9f9fdf5 e-con-full cmn-content-box-container e-flex e-con e-child\" data-id=\"9f9fdf5\" data-element_type=\"container\" data-e-type=\"container\">\n\t\t\t\t<div class=\"elementor-element elementor-element-347fc9b elementor-widget elementor-widget-heading\" data-id=\"347fc9b\" data-element_type=\"widget\" data-e-type=\"widget\" data-widget_type=\"heading.default\">\n\t\t\t\t<div class=\"elementor-widget-container\">\n\t\t\t\t\t<h2 class=\"elementor-heading-title elementor-size-default\">Kernbotschaften der Finanz-PR mit Erfolg kon\u00adzep\u00adti\u00ado\u00adnie\u00adren<\/h2>\t\t\t\t<\/div>\n\t\t\t\t<\/div>\n\t\t\t\t<div class=\"elementor-element elementor-element-51779ff elementor-widget elementor-widget-text-editor\" data-id=\"51779ff\" data-element_type=\"widget\" data-e-type=\"widget\" data-widget_type=\"text-editor.default\">\n\t\t\t\t<div class=\"elementor-widget-container\">\n\t\t\t\t\t\t\t\t\t<p>Kernbotschaften sind in der Unternehmenskommunikation mit den diversen Stakeholder-Gruppen ein wichtiger Erfolgsfaktor ein, da sie \u00fcber einen l\u00e4ngeren Zeitraum Dreh- und Angelpunkt der Kommunikation mit den unterschiedlichen Zielgruppen sind.<\/p>\t\t\t\t\t\t\t\t<\/div>\n\t\t\t\t<\/div>\n\t\t\t\t<div class=\"elementor-element elementor-element-d59a976 cmn-content-box-btn elementor-widget elementor-widget-button\" data-id=\"d59a976\" data-element_type=\"widget\" data-e-type=\"widget\" data-widget_type=\"button.default\">\n\t\t\t\t<div class=\"elementor-widget-container\">\n\t\t\t\t\t\t\t\t\t<div class=\"elementor-button-wrapper\">\n\t\t\t\t\t<a class=\"elementor-button elementor-button-link elementor-size-sm\" href=\"\/de\/cometis-ag\/referenzen\/finanz-pr-referenzen\">\n\t\t\t\t\t\t<span class=\"elementor-button-content-wrapper\">\n\t\t\t\t\t\t<span class=\"elementor-button-icon\">\n\t\t\t\t<svg aria-hidden=\"true\" class=\"e-font-icon-svg e-fas-chevron-right\" viewBox=\"0 0 320 512\" xmlns=\"http:\/\/www.w3.org\/2000\/svg\"><path d=\"M285.476 272.971L91.132 467.314c-9.373 9.373-24.569 9.373-33.941 0l-22.667-22.667c-9.357-9.357-9.375-24.522-.04-33.901L188.505 256 34.484 101.255c-9.335-9.379-9.317-24.544.04-33.901l22.667-22.667c9.373-9.373 24.569-9.373 33.941 0L285.475 239.03c9.373 9.372 9.373 24.568.001 33.941z\"><\/path><\/svg>\t\t\t<\/span>\n\t\t\t\t\t\t\t\t\t<span class=\"elementor-button-text\">Unsere Referenzen<\/span>\n\t\t\t\t\t<\/span>\n\t\t\t\t\t<\/a>\n\t\t\t\t<\/div>\n\t\t\t\t\t\t\t\t<\/div>\n\t\t\t\t<\/div>\n\t\t\t\t<\/div>\n\t\t<div class=\"elementor-element elementor-element-c9a9829 e-con-full cmn-content-box-container e-flex e-con e-child\" data-id=\"c9a9829\" data-element_type=\"container\" data-e-type=\"container\">\n\t\t\t\t<div class=\"elementor-element elementor-element-281ae46 elementor-widget elementor-widget-heading\" data-id=\"281ae46\" data-element_type=\"widget\" data-e-type=\"widget\" data-widget_type=\"heading.default\">\n\t\t\t\t<div class=\"elementor-widget-container\">\n\t\t\t\t\t<h2 class=\"elementor-heading-title elementor-size-default\">St\u00e4rken Ihres Unternehmens auf den Punkt bringen<\/h2>\t\t\t\t<\/div>\n\t\t\t\t<\/div>\n\t\t\t\t<div class=\"elementor-element elementor-element-67c9350 elementor-widget elementor-widget-text-editor\" data-id=\"67c9350\" data-element_type=\"widget\" data-e-type=\"widget\" data-widget_type=\"text-editor.default\">\n\t\t\t\t<div class=\"elementor-widget-container\">\n\t\t\t\t\t\t\t\t\t<p>Im Grundsatz bringen Kernbotschaften einen f\u00fcr die erfolgreiche Fortf\u00fchrung eines Unternehmens bedeutsamen Sachverhalt kurz und pr\u00e4gnant auf den Punkt. Dabei kann es sich beispielsweise um den Sinn und Zweck der neu definierten Unternehmensstrategie handeln, oder um einen dringend notwendigen Ver\u00e4nderungsprozess mit entsprechenden Auswirkungen auf die bestehende Organisation. Aus Sicht eines kapitalmarktorientierten Unternehmens sollten diese Sachverhalte zum Beispiel in Form einer \u00fcberzeugenden <a href=\"https:\/\/www.cometis.de\/de\/services\/investor-relations\/equity-story\/\">Equity Story<\/a>, die wesentlichen Informationen an Investoren, Analysten, Mitarbeitende, Gesch\u00e4ftspartner und alle weiteren Stakeholder-Gruppen vermittelt, dokumentiert sein.<\/p>\t\t\t\t\t\t\t\t<\/div>\n\t\t\t\t<\/div>\n\t\t\t\t<\/div>\n\t\t<div class=\"elementor-element elementor-element-e7fad42 e-con-full cmn-content-box-container e-flex e-con e-child\" data-id=\"e7fad42\" data-element_type=\"container\" data-e-type=\"container\">\n\t\t\t\t<div class=\"elementor-element elementor-element-7171edd elementor-widget elementor-widget-heading\" data-id=\"7171edd\" data-element_type=\"widget\" data-e-type=\"widget\" data-widget_type=\"heading.default\">\n\t\t\t\t<div class=\"elementor-widget-container\">\n\t\t\t\t\t<h2 class=\"elementor-heading-title elementor-size-default\">Kernbotschaften auf Ihre Zielgruppe ausrichten<\/h2>\t\t\t\t<\/div>\n\t\t\t\t<\/div>\n\t\t\t\t<div class=\"elementor-element elementor-element-bc17d65 elementor-widget elementor-widget-text-editor\" data-id=\"bc17d65\" data-element_type=\"widget\" data-e-type=\"widget\" data-widget_type=\"text-editor.default\">\n\t\t\t\t<div class=\"elementor-widget-container\">\n\t\t\t\t\t\t\t\t\t<p>Bei der Konzeption von Kernbotschaften sollte beachtet werden, dass sie \u2013 je nach Inhalt \u2013 den wesentlichen Nutzen eines Ver\u00e4nderungsprozesses, die Vorz\u00fcge der neuen Strategie, die St\u00e4rke einer neuen Organisationsform oder aber die Motive f\u00fcr eine \u00dcbernahme in den Vordergrund stellen. Die Zielgruppen sollen in den Botschaften etwas Interessantes oder W\u00fcnschenswertes wahrnehmen k\u00f6nnen. Dabei m\u00fcssen Glaubw\u00fcrdigkeit und Beweisbarkeit der getroffenen Aussagen stets gegeben sein.<\/p>\t\t\t\t\t\t\t\t<\/div>\n\t\t\t\t<\/div>\n\t\t\t\t<\/div>\n\t\t<div class=\"elementor-element elementor-element-f1e58ab e-con-full cmn-content-box-container e-flex e-con e-child\" data-id=\"f1e58ab\" data-element_type=\"container\" data-e-type=\"container\">\n\t\t\t\t<div class=\"elementor-element elementor-element-b97a9ef elementor-widget elementor-widget-heading\" data-id=\"b97a9ef\" data-element_type=\"widget\" data-e-type=\"widget\" data-widget_type=\"heading.default\">\n\t\t\t\t<div class=\"elementor-widget-container\">\n\t\t\t\t\t<h2 class=\"elementor-heading-title elementor-size-default\">Ihr zuverl\u00e4ssiger Partner f\u00fcr eine erfolgreiche Positionierung<\/h2>\t\t\t\t<\/div>\n\t\t\t\t<\/div>\n\t\t\t\t<div class=\"elementor-element elementor-element-6d036a4 elementor-widget elementor-widget-text-editor\" data-id=\"6d036a4\" data-element_type=\"widget\" data-e-type=\"widget\" data-widget_type=\"text-editor.default\">\n\t\t\t\t<div class=\"elementor-widget-container\">\n\t\t\t\t\t\t\t\t\t<p>Als Spezialist f\u00fcr strategische&nbsp;<a title=\"Optimale Finanz-PR f\u00fcr Ihr Unternehmen\" href=\"\/de\/finanz-pr\/\">Finanz-<\/a>,<a href=\"https:\/\/www.cometis.de\/de\/services\/esg\/\"> ESG-<\/a> und&nbsp;<a title=\"Unsere Investor Relations Dienstleistungen\" href=\"\/de\/investor-relations\/\">Unternehmenskommunikation<\/a>&nbsp;mit langj\u00e4hriger Erfahrung und hervorragendem Netzwerk in der Finanz- und Wirtschaftspresse ist die&nbsp;<a title=\"Investor Relations Agentur f\u00fcr Finanzkommunikation\" href=\"\/de\/\">cometis AG<\/a>&nbsp;ein verl\u00e4sslicher Partner, wenn es um die erfolgreiche Positionierung Ihrer Kernbotschaften geht. Unser Leistungsportfolio reicht dabei von der Unterst\u00fctzung bei der Entwicklung von Sprachregelungen, Pressetexten und Pr\u00e4sentationen bis zur Platzierung Ihrer Botschaften bei kapitalmarktrelevanten Leitmedien \u2013 wir freuen uns darauf, Sie dabei beraten zu d\u00fcrfen!<\/p>\t\t\t\t\t\t\t\t<\/div>\n\t\t\t\t<\/div>\n\t\t\t\t<\/div>\n\t\t\t\t<\/div>\n\t\t\t\t<\/div>\n\t\t\t\t\t<\/div>\n\t\t\t\t<\/div>\n\t\t\t\t<\/div>\n\t\t","protected":false},"excerpt":{"rendered":"<p>Kernbotschaften der Finanz-PR mit Erfolg kon\u00adzep\u00adti\u00ado\u00adnie\u00adren Kernbotschaften sind in der Unternehmenskommunikation mit den diversen Stakeholder-Gruppen ein wichtiger Erfolgsfaktor ein, da sie \u00fcber einen l\u00e4ngeren Zeitraum Dreh- und Angelpunkt der Kommunikation mit den unterschiedlichen Zielgruppen sind. Unsere Referenzen St\u00e4rken Ihres Unternehmens auf den Punkt bringen Im Grundsatz bringen Kernbotschaften einen f\u00fcr die erfolgreiche Fortf\u00fchrung eines Unternehmens [&hellip;]<\/p>\n","protected":false},"author":1,"featured_media":0,"parent":4783,"menu_order":0,"comment_status":"closed","ping_status":"open","template":"","meta":{"_acf_changed":false,"footnotes":""},"class_list":["post-4823","page","type-page","status-publish","hentry"],"acf":[],"yoast_head":"<!-- This site is optimized with the Yoast SEO Premium plugin v26.2 (Yoast SEO v27.4) - https:\/\/yoast.com\/product\/yoast-seo-premium-wordpress\/ -->\n<title>Finanz-PR Kernbotschaften f\u00fcr erfolgreiche Kampagnen | cometis AG<\/title>\n<meta name=\"description\" content=\"Als Spezialist f\u00fcr Finanz- und Unternehmenskommunikation entwickelt cometis Ihre Kernbotschaften f\u00fcr erfolgreiche Finanz-PR-Ma\u00dfnahmen.\" \/>\n<meta name=\"robots\" content=\"index, follow, max-snippet:-1, max-image-preview:large, max-video-preview:-1\" \/>\n<link rel=\"canonical\" href=\"https:\/\/www.cometis.de\/de\/services\/finanz-pr\/kernbotschaften\/\" \/>\n<meta property=\"og:locale\" content=\"de_DE\" \/>\n<meta property=\"og:type\" content=\"article\" \/>\n<meta property=\"og:title\" content=\"Kernbotschaften\" \/>\n<meta property=\"og:description\" content=\"Als Spezialist f\u00fcr Finanz- und Unternehmenskommunikation entwickelt cometis Ihre Kernbotschaften f\u00fcr erfolgreiche Finanz-PR-Ma\u00dfnahmen.\" \/>\n<meta property=\"og:url\" content=\"https:\/\/www.cometis.de\/de\/services\/finanz-pr\/kernbotschaften\/\" \/>\n<meta property=\"og:site_name\" content=\"cometis AG\" \/>\n<meta property=\"article:modified_time\" content=\"2025-02-18T06:08:10+00:00\" \/>\n<meta property=\"og:image\" content=\"https:\/\/www.cometis.de\/wp-content\/uploads\/2024\/12-old\/Cometis-Mobile-Logo-1.png\" \/>\n\t<meta property=\"og:image:width\" content=\"171\" \/>\n\t<meta property=\"og:image:height\" content=\"31\" \/>\n\t<meta property=\"og:image:type\" content=\"image\/png\" \/>\n<meta name=\"twitter:card\" content=\"summary_large_image\" \/>\n<meta name=\"twitter:label1\" content=\"Gesch\u00e4tzte Lesezeit\" \/>\n\t<meta name=\"twitter:data1\" content=\"2\u00a0Minuten\" \/>\n<script type=\"application\/ld+json\" class=\"yoast-schema-graph\">{\"@context\":\"https:\\\/\\\/schema.org\",\"@graph\":[{\"@type\":\"WebPage\",\"@id\":\"https:\\\/\\\/www.cometis.de\\\/de\\\/services\\\/finanz-pr\\\/kernbotschaften\\\/\",\"url\":\"https:\\\/\\\/www.cometis.de\\\/de\\\/services\\\/finanz-pr\\\/kernbotschaften\\\/\",\"name\":\"Finanz-PR Kernbotschaften f\u00fcr erfolgreiche Kampagnen | cometis AG\",\"isPartOf\":{\"@id\":\"https:\\\/\\\/www.cometis.de\\\/de\\\/#website\"},\"datePublished\":\"2025-01-23T08:05:07+00:00\",\"dateModified\":\"2025-02-18T06:08:10+00:00\",\"description\":\"Als Spezialist f\u00fcr Finanz- und Unternehmenskommunikation entwickelt cometis Ihre Kernbotschaften f\u00fcr erfolgreiche Finanz-PR-Ma\u00dfnahmen.\",\"breadcrumb\":{\"@id\":\"https:\\\/\\\/www.cometis.de\\\/de\\\/services\\\/finanz-pr\\\/kernbotschaften\\\/#breadcrumb\"},\"inLanguage\":\"de\",\"potentialAction\":[{\"@type\":\"ReadAction\",\"target\":[\"https:\\\/\\\/www.cometis.de\\\/de\\\/services\\\/finanz-pr\\\/kernbotschaften\\\/\"]}]},{\"@type\":\"BreadcrumbList\",\"@id\":\"https:\\\/\\\/www.cometis.de\\\/de\\\/services\\\/finanz-pr\\\/kernbotschaften\\\/#breadcrumb\",\"itemListElement\":[{\"@type\":\"ListItem\",\"position\":1,\"name\":\"Home\",\"item\":\"https:\\\/\\\/www.cometis.de\\\/de\\\/\"},{\"@type\":\"ListItem\",\"position\":2,\"name\":\"Services\",\"item\":\"https:\\\/\\\/www.cometis.de\\\/de\\\/services\\\/\"},{\"@type\":\"ListItem\",\"position\":3,\"name\":\"PR\\\/Public Affairs\",\"item\":\"https:\\\/\\\/www.cometis.de\\\/de\\\/services\\\/finanz-pr\\\/\"},{\"@type\":\"ListItem\",\"position\":4,\"name\":\"Kernbotschaften\"}]},{\"@type\":\"WebSite\",\"@id\":\"https:\\\/\\\/www.cometis.de\\\/de\\\/#website\",\"url\":\"https:\\\/\\\/www.cometis.de\\\/de\\\/\",\"name\":\"cometis AG\",\"description\":\"Deutschlands f\u00fchrende Investor Relations Agentur\",\"publisher\":{\"@id\":\"https:\\\/\\\/www.cometis.de\\\/de\\\/#organization\"},\"potentialAction\":[{\"@type\":\"SearchAction\",\"target\":{\"@type\":\"EntryPoint\",\"urlTemplate\":\"https:\\\/\\\/www.cometis.de\\\/de\\\/?s={search_term_string}\"},\"query-input\":{\"@type\":\"PropertyValueSpecification\",\"valueRequired\":true,\"valueName\":\"search_term_string\"}}],\"inLanguage\":\"de\"},{\"@type\":\"Organization\",\"@id\":\"https:\\\/\\\/www.cometis.de\\\/de\\\/#organization\",\"name\":\"cometis AG\",\"alternateName\":\"Deutschlands f\u00fchrende Investor Relations Agentur\",\"url\":\"https:\\\/\\\/www.cometis.de\\\/de\\\/\",\"logo\":{\"@type\":\"ImageObject\",\"inLanguage\":\"de\",\"@id\":\"https:\\\/\\\/www.cometis.de\\\/de\\\/#\\\/schema\\\/logo\\\/image\\\/\",\"url\":\"https:\\\/\\\/www.cometis.de\\\/wp-content\\\/uploads\\\/2024\\\/12-old\\\/Cometis-Mobile-Logo-1.png\",\"contentUrl\":\"https:\\\/\\\/www.cometis.de\\\/wp-content\\\/uploads\\\/2024\\\/12-old\\\/Cometis-Mobile-Logo-1.png\",\"width\":171,\"height\":31,\"caption\":\"cometis AG\"},\"image\":{\"@id\":\"https:\\\/\\\/www.cometis.de\\\/de\\\/#\\\/schema\\\/logo\\\/image\\\/\"},\"sameAs\":[\"https:\\\/\\\/www.linkedin.com\\\/company\\\/cometis-ag\\\/\",\"https:\\\/\\\/www.youtube.com\\\/user\\\/cometisAG\"]}]}<\/script>\n<!-- \/ Yoast SEO Premium plugin. -->","yoast_head_json":{"title":"Finanz-PR Kernbotschaften f\u00fcr erfolgreiche Kampagnen | cometis AG","description":"Als Spezialist f\u00fcr Finanz- und Unternehmenskommunikation entwickelt cometis Ihre Kernbotschaften f\u00fcr erfolgreiche Finanz-PR-Ma\u00dfnahmen.","robots":{"index":"index","follow":"follow","max-snippet":"max-snippet:-1","max-image-preview":"max-image-preview:large","max-video-preview":"max-video-preview:-1"},"canonical":"https:\/\/www.cometis.de\/de\/services\/finanz-pr\/kernbotschaften\/","og_locale":"de_DE","og_type":"article","og_title":"Kernbotschaften","og_description":"Als Spezialist f\u00fcr Finanz- und Unternehmenskommunikation entwickelt cometis Ihre Kernbotschaften f\u00fcr erfolgreiche Finanz-PR-Ma\u00dfnahmen.","og_url":"https:\/\/www.cometis.de\/de\/services\/finanz-pr\/kernbotschaften\/","og_site_name":"cometis AG","article_modified_time":"2025-02-18T06:08:10+00:00","og_image":[{"width":171,"height":31,"url":"https:\/\/www.cometis.de\/wp-content\/uploads\/2024\/12-old\/Cometis-Mobile-Logo-1.png","type":"image\/png"}],"twitter_card":"summary_large_image","twitter_misc":{"Gesch\u00e4tzte Lesezeit":"2\u00a0Minuten"},"schema":{"@context":"https:\/\/schema.org","@graph":[{"@type":"WebPage","@id":"https:\/\/www.cometis.de\/de\/services\/finanz-pr\/kernbotschaften\/","url":"https:\/\/www.cometis.de\/de\/services\/finanz-pr\/kernbotschaften\/","name":"Finanz-PR Kernbotschaften f\u00fcr erfolgreiche Kampagnen | cometis AG","isPartOf":{"@id":"https:\/\/www.cometis.de\/de\/#website"},"datePublished":"2025-01-23T08:05:07+00:00","dateModified":"2025-02-18T06:08:10+00:00","description":"Als Spezialist f\u00fcr Finanz- und Unternehmenskommunikation entwickelt cometis Ihre Kernbotschaften f\u00fcr erfolgreiche Finanz-PR-Ma\u00dfnahmen.","breadcrumb":{"@id":"https:\/\/www.cometis.de\/de\/services\/finanz-pr\/kernbotschaften\/#breadcrumb"},"inLanguage":"de","potentialAction":[{"@type":"ReadAction","target":["https:\/\/www.cometis.de\/de\/services\/finanz-pr\/kernbotschaften\/"]}]},{"@type":"BreadcrumbList","@id":"https:\/\/www.cometis.de\/de\/services\/finanz-pr\/kernbotschaften\/#breadcrumb","itemListElement":[{"@type":"ListItem","position":1,"name":"Home","item":"https:\/\/www.cometis.de\/de\/"},{"@type":"ListItem","position":2,"name":"Services","item":"https:\/\/www.cometis.de\/de\/services\/"},{"@type":"ListItem","position":3,"name":"PR\/Public Affairs","item":"https:\/\/www.cometis.de\/de\/services\/finanz-pr\/"},{"@type":"ListItem","position":4,"name":"Kernbotschaften"}]},{"@type":"WebSite","@id":"https:\/\/www.cometis.de\/de\/#website","url":"https:\/\/www.cometis.de\/de\/","name":"cometis AG","description":"Deutschlands f\u00fchrende Investor Relations Agentur","publisher":{"@id":"https:\/\/www.cometis.de\/de\/#organization"},"potentialAction":[{"@type":"SearchAction","target":{"@type":"EntryPoint","urlTemplate":"https:\/\/www.cometis.de\/de\/?s={search_term_string}"},"query-input":{"@type":"PropertyValueSpecification","valueRequired":true,"valueName":"search_term_string"}}],"inLanguage":"de"},{"@type":"Organization","@id":"https:\/\/www.cometis.de\/de\/#organization","name":"cometis AG","alternateName":"Deutschlands f\u00fchrende Investor Relations Agentur","url":"https:\/\/www.cometis.de\/de\/","logo":{"@type":"ImageObject","inLanguage":"de","@id":"https:\/\/www.cometis.de\/de\/#\/schema\/logo\/image\/","url":"https:\/\/www.cometis.de\/wp-content\/uploads\/2024\/12-old\/Cometis-Mobile-Logo-1.png","contentUrl":"https:\/\/www.cometis.de\/wp-content\/uploads\/2024\/12-old\/Cometis-Mobile-Logo-1.png","width":171,"height":31,"caption":"cometis AG"},"image":{"@id":"https:\/\/www.cometis.de\/de\/#\/schema\/logo\/image\/"},"sameAs":["https:\/\/www.linkedin.com\/company\/cometis-ag\/","https:\/\/www.youtube.com\/user\/cometisAG"]}]}},"_links":{"self":[{"href":"https:\/\/www.cometis.de\/de\/wp-json\/wp\/v2\/pages\/4823","targetHints":{"allow":["GET"]}}],"collection":[{"href":"https:\/\/www.cometis.de\/de\/wp-json\/wp\/v2\/pages"}],"about":[{"href":"https:\/\/www.cometis.de\/de\/wp-json\/wp\/v2\/types\/page"}],"author":[{"embeddable":true,"href":"https:\/\/www.cometis.de\/de\/wp-json\/wp\/v2\/users\/1"}],"replies":[{"embeddable":true,"href":"https:\/\/www.cometis.de\/de\/wp-json\/wp\/v2\/comments?post=4823"}],"version-history":[{"count":3,"href":"https:\/\/www.cometis.de\/de\/wp-json\/wp\/v2\/pages\/4823\/revisions"}],"predecessor-version":[{"id":107626,"href":"https:\/\/www.cometis.de\/de\/wp-json\/wp\/v2\/pages\/4823\/revisions\/107626"}],"up":[{"embeddable":true,"href":"https:\/\/www.cometis.de\/de\/wp-json\/wp\/v2\/pages\/4783"}],"wp:attachment":[{"href":"https:\/\/www.cometis.de\/de\/wp-json\/wp\/v2\/media?parent=4823"}],"curies":[{"name":"wp","href":"https:\/\/api.w.org\/{rel}","templated":true}]}}