{"id":4867,"date":"2025-01-23T10:44:12","date_gmt":"2025-01-23T09:44:12","guid":{"rendered":"https:\/\/cometis.de\/?page_id=4867"},"modified":"2025-02-18T07:09:45","modified_gmt":"2025-02-18T06:09:45","slug":"panels","status":"publish","type":"page","link":"https:\/\/www.cometis.de\/de\/services\/finanz-pr\/panels\/","title":{"rendered":"Panels"},"content":{"rendered":"\t\t<div data-elementor-type=\"wp-page\" data-elementor-id=\"4867\" class=\"elementor elementor-4867\" data-elementor-post-type=\"page\">\n\t\t\t\t<div class=\"elementor-element elementor-element-7c920de e-flex e-con-boxed e-con e-parent\" data-id=\"7c920de\" data-element_type=\"container\" data-e-type=\"container\">\n\t\t\t\t\t<div class=\"e-con-inner\">\n\t\t\t\t<div class=\"elementor-element elementor-element-0ce91bd elementor-widget elementor-widget-template\" data-id=\"0ce91bd\" data-element_type=\"widget\" data-e-type=\"widget\" data-widget_type=\"template.default\">\n\t\t\t\t<div class=\"elementor-widget-container\">\n\t\t\t\t\t\t\t<div class=\"elementor-template\">\n\t\t\t\t\t<div data-elementor-type=\"section\" data-elementor-id=\"766\" class=\"elementor elementor-766\" data-elementor-post-type=\"elementor_library\">\n\t\t\t<div class=\"elementor-element elementor-element-1f34e34 e-flex e-con-boxed e-con e-parent\" data-id=\"1f34e34\" data-element_type=\"container\" data-e-type=\"container\">\n\t\t\t\t\t<div class=\"e-con-inner\">\n\t\t<div class=\"elementor-element elementor-element-e68c844 e-con-full e-flex e-con e-child\" data-id=\"e68c844\" data-element_type=\"container\" data-e-type=\"container\" data-settings=\"{&quot;background_background&quot;:&quot;classic&quot;}\">\n\t\t\t\t<\/div>\n\t\t<div class=\"elementor-element elementor-element-b7dac6f e-con-full e-flex e-con e-child\" data-id=\"b7dac6f\" data-element_type=\"container\" data-e-type=\"container\">\n\t\t\t\t<div class=\"elementor-element elementor-element-ce54cc3 elementor-align-left elementor-widget elementor-widget-breadcrumbs\" data-id=\"ce54cc3\" data-element_type=\"widget\" data-e-type=\"widget\" data-widget_type=\"breadcrumbs.default\">\n\t\t\t\t<div class=\"elementor-widget-container\">\n\t\t\t\t\t<div id=\"breadcrumbs\"><span><span><a href=\"https:\/\/www.cometis.de\/de\/\">Home<\/a><\/span><\/span><\/div>\t\t\t\t<\/div>\n\t\t\t\t<\/div>\n\t\t\t\t<\/div>\n\t\t\t\t\t<\/div>\n\t\t\t\t<\/div>\n\t\t\t\t<\/div>\n\t\t\t\t<\/div>\n\t\t\t\t\t\t<\/div>\n\t\t\t\t<\/div>\n\t\t\t\t\t<\/div>\n\t\t\t\t<\/div>\n\t\t<div class=\"elementor-element elementor-element-16f1a04 cmn-sidebar-content e-flex e-con-boxed e-con e-parent\" data-id=\"16f1a04\" data-element_type=\"container\" data-e-type=\"container\" data-settings=\"{&quot;background_background&quot;:&quot;classic&quot;,&quot;background_motion_fx_motion_fx_scrolling&quot;:&quot;yes&quot;,&quot;background_motion_fx_translateY_effect&quot;:&quot;yes&quot;,&quot;background_motion_fx_translateY_speed&quot;:{&quot;unit&quot;:&quot;px&quot;,&quot;size&quot;:2,&quot;sizes&quot;:[]},&quot;background_motion_fx_translateY_direction&quot;:&quot;negative&quot;,&quot;background_motion_fx_translateY_affectedRange&quot;:{&quot;unit&quot;:&quot;%&quot;,&quot;size&quot;:&quot;&quot;,&quot;sizes&quot;:{&quot;start&quot;:0,&quot;end&quot;:100}},&quot;background_motion_fx_devices&quot;:[&quot;desktop&quot;,&quot;tablet&quot;,&quot;mobile&quot;]}\">\n\t\t\t\t\t<div class=\"e-con-inner\">\n\t\t<div class=\"elementor-element elementor-element-8478633 e-con-full cmn-sidebar-content p-100 e-flex e-con e-child\" data-id=\"8478633\" data-element_type=\"container\" data-e-type=\"container\">\n\t\t<div class=\"elementor-element elementor-element-73a9c90 e-con-full cmn-content-box e-flex e-con e-child\" data-id=\"73a9c90\" data-element_type=\"container\" data-e-type=\"container\">\n\t\t<div class=\"elementor-element elementor-element-9f9fdf5 e-con-full cmn-content-box-container e-flex e-con e-child\" data-id=\"9f9fdf5\" data-element_type=\"container\" data-e-type=\"container\">\n\t\t\t\t<div class=\"elementor-element elementor-element-347fc9b elementor-widget elementor-widget-heading\" data-id=\"347fc9b\" data-element_type=\"widget\" data-e-type=\"widget\" data-widget_type=\"heading.default\">\n\t\t\t\t<div class=\"elementor-widget-container\">\n\t\t\t\t\t<h2 class=\"elementor-heading-title elementor-size-default\">Panels f\u00fcr PR-Arbeit nutzen<\/h2>\t\t\t\t<\/div>\n\t\t\t\t<\/div>\n\t\t\t\t<div class=\"elementor-element elementor-element-51779ff elementor-widget elementor-widget-text-editor\" data-id=\"51779ff\" data-element_type=\"widget\" data-e-type=\"widget\" data-widget_type=\"text-editor.default\">\n\t\t\t\t<div class=\"elementor-widget-container\">\n\t\t\t\t\t\t\t\t\t<p>Mit der Durchf\u00fchrung von Panels k\u00f6nnen Sie wiederkehrend Themen untersuchen und deren Ver\u00f6ffentlichung gezielt als Instrument Ihrer\u00a0<a title=\"Medienarbeit f\u00fcr Ihre Finanz-PR\" href=\"\/de\/finanz-pr\/presse\/\">PR-Arbeit<\/a>\u00a0einsetzen. Dabei bieten sich Themen an, die einen engen Bezug zu Ihrem Gesch\u00e4ftsmodell haben. Als Spezialist f\u00fcr strategische\u00a0<a title=\"Optimale Finanz-PR f\u00fcr Ihr Unternehmen\" href=\"\/de\/finanz-pr\/\">Finanz-<\/a>, <a href=\"https:\/\/www.cometis.de\/de\/services\/esg\/\">ESG-<\/a> und <a title=\"Unsere Investor Relations Dienstleistungen\" href=\"\/de\/investor-relations\/\">Unternehmenskommunikation<\/a>\u00a0mit langj\u00e4hriger Erfahrung ist die\u00a0<a title=\"Investor Relations Agentur f\u00fcr Finanzkommunikation\" href=\"\/de\/\">cometis AG<\/a>\u00a0ein kompetenter Partner f\u00fcr die Entwicklung und Umsetzung Ihrer unternehmensspezifischen Panels. Mit unserem Investor Relations-Panel und Kapitalmarktpanel beleuchten wir beispielsweise regelm\u00e4\u00dfig aktuelle Fragestellungen im Bereich Investor Relations und tragen zur Aufkl\u00e4rung relevanter Themen am Kapitalmarkt bei.<\/p>\t\t\t\t\t\t\t\t<\/div>\n\t\t\t\t<\/div>\n\t\t\t\t<div class=\"elementor-element elementor-element-d59a976 cmn-content-box-btn elementor-widget elementor-widget-button\" data-id=\"d59a976\" data-element_type=\"widget\" data-e-type=\"widget\" data-widget_type=\"button.default\">\n\t\t\t\t<div class=\"elementor-widget-container\">\n\t\t\t\t\t\t\t\t\t<div class=\"elementor-button-wrapper\">\n\t\t\t\t\t<a class=\"elementor-button elementor-button-link elementor-size-sm\" href=\"\/de\/cometis-ag\/referenzen\/finanz-pr-referenzen\">\n\t\t\t\t\t\t<span class=\"elementor-button-content-wrapper\">\n\t\t\t\t\t\t<span class=\"elementor-button-icon\">\n\t\t\t\t<svg aria-hidden=\"true\" class=\"e-font-icon-svg e-fas-chevron-right\" viewBox=\"0 0 320 512\" xmlns=\"http:\/\/www.w3.org\/2000\/svg\"><path d=\"M285.476 272.971L91.132 467.314c-9.373 9.373-24.569 9.373-33.941 0l-22.667-22.667c-9.357-9.357-9.375-24.522-.04-33.901L188.505 256 34.484 101.255c-9.335-9.379-9.317-24.544.04-33.901l22.667-22.667c9.373-9.373 24.569-9.373 33.941 0L285.475 239.03c9.373 9.372 9.373 24.568.001 33.941z\"><\/path><\/svg>\t\t\t<\/span>\n\t\t\t\t\t\t\t\t\t<span class=\"elementor-button-text\">Unsere Referenzen<\/span>\n\t\t\t\t\t<\/span>\n\t\t\t\t\t<\/a>\n\t\t\t\t<\/div>\n\t\t\t\t\t\t\t\t<\/div>\n\t\t\t\t<\/div>\n\t\t\t\t<\/div>\n\t\t<div class=\"elementor-element elementor-element-c9a9829 e-con-full cmn-content-box-container e-flex e-con e-child\" data-id=\"c9a9829\" data-element_type=\"container\" data-e-type=\"container\">\n\t\t\t\t<div class=\"elementor-element elementor-element-281ae46 elementor-widget elementor-widget-heading\" data-id=\"281ae46\" data-element_type=\"widget\" data-e-type=\"widget\" data-widget_type=\"heading.default\">\n\t\t\t\t<div class=\"elementor-widget-container\">\n\t\t\t\t\t<h2 class=\"elementor-heading-title elementor-size-default\">Bei den Medien ins Gespr\u00e4ch bringen und eigene Reichweite vergr\u00f6\u00dfern<\/h2>\t\t\t\t<\/div>\n\t\t\t\t<\/div>\n\t\t\t\t<div class=\"elementor-element elementor-element-67c9350 elementor-widget elementor-widget-text-editor\" data-id=\"67c9350\" data-element_type=\"widget\" data-e-type=\"widget\" data-widget_type=\"text-editor.default\">\n\t\t\t\t<div class=\"elementor-widget-container\">\n\t\t\t\t\t\t\t\t\t<p>Ein Panel l\u00e4sst sich sehr gut als Instrument f\u00fcr Ihre <a href=\"\/de\/services\/finanz-pr\/\">PR-Arbeit<\/a> nutzen. Zum einen k\u00f6nnen Sie die Deutungshoheit bei aktuellen Thementrends und Fachthemen erlangen, die in enger Verbindung zu Ihrem Gesch\u00e4ftsmodell stehen. Zudem machen Sie sich regelm\u00e4\u00dfig als Gespr\u00e4chspartner f\u00fcr die Presse interessant und k\u00f6nnen Ihre Reichweite vergr\u00f6\u00dfern, wenn Ihr Panel von relevanten Medien und einflussreichen Multiplikatoren aufgegriffen wird. Statements der Panels lassen sich daher sehr gut f\u00fcr eine aktive Medienarbeit nutzen. Ein weiterer positiver Effekt: Dies st\u00e4rkt zugleich die Glaubw\u00fcrdigkeit und Reputation Ihres Unternehmens und verschafft Ihnen einen Vertrauensvorsprung.<\/p>\t\t\t\t\t\t\t\t<\/div>\n\t\t\t\t<\/div>\n\t\t\t\t<\/div>\n\t\t<div class=\"elementor-element elementor-element-f1e58ab e-con-full cmn-content-box-container e-flex e-con e-child\" data-id=\"f1e58ab\" data-element_type=\"container\" data-e-type=\"container\">\n\t\t\t\t<div class=\"elementor-element elementor-element-b97a9ef elementor-widget elementor-widget-heading\" data-id=\"b97a9ef\" data-element_type=\"widget\" data-e-type=\"widget\" data-widget_type=\"heading.default\">\n\t\t\t\t<div class=\"elementor-widget-container\">\n\t\t\t\t\t<h2 class=\"elementor-heading-title elementor-size-default\">Das Kapitalmarktpanel von cometis<\/h2>\t\t\t\t<\/div>\n\t\t\t\t<\/div>\n\t\t\t\t<div class=\"elementor-element elementor-element-6d036a4 custom-list elementor-widget elementor-widget-text-editor\" data-id=\"6d036a4\" data-element_type=\"widget\" data-e-type=\"widget\" data-widget_type=\"text-editor.default\">\n\t\t\t\t<div class=\"elementor-widget-container\">\n\t\t\t\t\t\t\t\t\t<p>Bereits seit 2006 ver\u00f6ffentlicht cometis gemeinsam mit dem Medienpartner VDI Nachrichten quartalsweise das Kapitalmarktpanel, um zuk\u00fcnftige Trends an den Kapitalm\u00e4rkten zu analysieren und m\u00f6gliche Informationsdefizite aufzudecken. Teilnehmer dieses Panels sind die jeweiligen Verantwortlichen des Emissionsgesch\u00e4fts (Equity Capital Markets) namhafter deutscher und ausl\u00e4ndischer Banken. cometis evaluiert in diesem Rahmen die Themen, das Konzept und ist zudem f\u00fcr die Durchf\u00fchrung der Studie verantwortlich.<\/p>\t\t\t\t\t\t\t\t<\/div>\n\t\t\t\t<\/div>\n\t\t\t\t<\/div>\n\t\t<div class=\"elementor-element elementor-element-dba3783 e-con-full cmn-content-box-container e-flex e-con e-child\" data-id=\"dba3783\" data-element_type=\"container\" data-e-type=\"container\">\n\t\t\t\t<div class=\"elementor-element elementor-element-5665e59 elementor-widget elementor-widget-heading\" data-id=\"5665e59\" data-element_type=\"widget\" data-e-type=\"widget\" data-widget_type=\"heading.default\">\n\t\t\t\t<div class=\"elementor-widget-container\">\n\t\t\t\t\t<h2 class=\"elementor-heading-title elementor-size-default\">Aktuelles Meinungsbild zum Kapitalmarkt<\/h2>\t\t\t\t<\/div>\n\t\t\t\t<\/div>\n\t\t\t\t<div class=\"elementor-element elementor-element-4b03e26 elementor-widget elementor-widget-image\" data-id=\"4b03e26\" data-element_type=\"widget\" data-e-type=\"widget\" data-widget_type=\"image.default\">\n\t\t\t\t<div class=\"elementor-widget-container\">\n\t\t\t\t\t\t\t\t\t\t\t\t\t\t\t<img fetchpriority=\"high\" decoding=\"async\" width=\"800\" height=\"149\" src=\"https:\/\/www.cometis.de\/wp-content\/uploads\/2024\/12\/Slider_Skylines_1905x356px_1-1024x191.webp\" class=\"attachment-large size-large wp-image-1084\" alt=\"\" srcset=\"https:\/\/www.cometis.de\/wp-content\/uploads\/2024\/12\/Slider_Skylines_1905x356px_1-1024x191.webp 1024w, https:\/\/www.cometis.de\/wp-content\/uploads\/2024\/12\/Slider_Skylines_1905x356px_1-300x56.webp 300w, https:\/\/www.cometis.de\/wp-content\/uploads\/2024\/12\/Slider_Skylines_1905x356px_1-768x144.webp 768w, https:\/\/www.cometis.de\/wp-content\/uploads\/2024\/12\/Slider_Skylines_1905x356px_1-1536x287.webp 1536w, https:\/\/www.cometis.de\/wp-content\/uploads\/2024\/12\/Slider_Skylines_1905x356px_1.webp 1905w\" sizes=\"(max-width: 800px) 100vw, 800px\" \/>\t\t\t\t\t\t\t\t\t\t\t\t\t\t\t<\/div>\n\t\t\t\t<\/div>\n\t\t\t\t<div class=\"elementor-element elementor-element-f80d5ce custom-list elementor-widget elementor-widget-text-editor\" data-id=\"f80d5ce\" data-element_type=\"widget\" data-e-type=\"widget\" data-widget_type=\"text-editor.default\">\n\t\t\t\t<div class=\"elementor-widget-container\">\n\t\t\t\t\t\t\t\t\t<p><strong>Ausgabe: I\/2017<\/strong><\/p><ul><li><a title=\"Kostenfreier Download Kapitalmarktpanel\" href=\"\/wp-content\/uploads\/2017\/05\/cometis_Kapitalmarkt-Panel_I-2017_170503.pdf\" target=\"_blank\" rel=\"noopener\">Kostenfreier Download Kapitalmarktpanel<\/a><\/li><li><a title=\"Kostenfreier Download Infografik\" href=\"\/wp-content\/uploads\/2017\/05\/cometis_KM-Panel_1-2017_170305.pdf\" target=\"_blank\" rel=\"noopener\">Kostenfreier Download Infografik<\/a><\/li><\/ul><p><br \/>Die Kapitalmarktpanels der vorherigen Jahre finden Sie in unserem <a title=\"Archiv\" href=\"\/de\/cometis-ag\/news\">Archiv<\/a>.<\/p>\t\t\t\t\t\t\t\t<\/div>\n\t\t\t\t<\/div>\n\t\t\t\t<\/div>\n\t\t\t\t<\/div>\n\t\t\t\t<\/div>\n\t\t\t\t\t<\/div>\n\t\t\t\t<\/div>\n\t\t\t\t<\/div>\n\t\t","protected":false},"excerpt":{"rendered":"<p>Panels f\u00fcr PR-Arbeit nutzen Mit der Durchf\u00fchrung von Panels k\u00f6nnen Sie wiederkehrend Themen untersuchen und deren Ver\u00f6ffentlichung gezielt als Instrument Ihrer\u00a0PR-Arbeit\u00a0einsetzen. Dabei bieten sich Themen an, die einen engen Bezug zu Ihrem Gesch\u00e4ftsmodell haben. Als Spezialist f\u00fcr strategische\u00a0Finanz-, ESG- und Unternehmenskommunikation\u00a0mit langj\u00e4hriger Erfahrung ist die\u00a0cometis AG\u00a0ein kompetenter Partner f\u00fcr die Entwicklung und Umsetzung Ihrer unternehmensspezifischen [&hellip;]<\/p>\n","protected":false},"author":1,"featured_media":0,"parent":4783,"menu_order":0,"comment_status":"closed","ping_status":"open","template":"","meta":{"_acf_changed":false,"footnotes":""},"class_list":["post-4867","page","type-page","status-publish","hentry"],"acf":[],"yoast_head":"<!-- This site is optimized with the Yoast SEO Premium plugin v26.2 (Yoast SEO v27.4) - https:\/\/yoast.com\/product\/yoast-seo-premium-wordpress\/ -->\n<title>Panels \u2013 Konzeption, Erstellung und Durchf\u00fchrung | cometis AG<\/title>\n<meta name=\"description\" content=\"Die cometis AG ist Ihr Spezialist f\u00fcr die Erstellung von Panels und unterst\u00fctzt Sie bei der Konzeption, Erstellung und Durchf\u00fchrung.\" \/>\n<meta name=\"robots\" content=\"index, follow, max-snippet:-1, max-image-preview:large, max-video-preview:-1\" \/>\n<link rel=\"canonical\" href=\"https:\/\/www.cometis.de\/de\/services\/finanz-pr\/panels\/\" \/>\n<meta property=\"og:locale\" content=\"de_DE\" \/>\n<meta property=\"og:type\" content=\"article\" \/>\n<meta property=\"og:title\" content=\"Panels\" \/>\n<meta property=\"og:description\" content=\"Die cometis AG ist Ihr Spezialist f\u00fcr die Erstellung von Panels und unterst\u00fctzt Sie bei der Konzeption, Erstellung und Durchf\u00fchrung.\" \/>\n<meta property=\"og:url\" content=\"https:\/\/www.cometis.de\/de\/services\/finanz-pr\/panels\/\" \/>\n<meta property=\"og:site_name\" content=\"cometis AG\" \/>\n<meta property=\"article:modified_time\" content=\"2025-02-18T06:09:45+00:00\" \/>\n<meta property=\"og:image\" content=\"https:\/\/cometis.de\/wp-content\/uploads\/2024\/12\/Slider_Skylines_1905x356px_1-1024x191.webp\" \/>\n<meta name=\"twitter:card\" content=\"summary_large_image\" \/>\n<meta name=\"twitter:label1\" content=\"Gesch\u00e4tzte Lesezeit\" \/>\n\t<meta name=\"twitter:data1\" content=\"2\u00a0Minuten\" \/>\n<script type=\"application\/ld+json\" class=\"yoast-schema-graph\">{\"@context\":\"https:\\\/\\\/schema.org\",\"@graph\":[{\"@type\":\"WebPage\",\"@id\":\"https:\\\/\\\/www.cometis.de\\\/de\\\/services\\\/finanz-pr\\\/panels\\\/\",\"url\":\"https:\\\/\\\/www.cometis.de\\\/de\\\/services\\\/finanz-pr\\\/panels\\\/\",\"name\":\"Panels \u2013 Konzeption, Erstellung und Durchf\u00fchrung | cometis AG\",\"isPartOf\":{\"@id\":\"https:\\\/\\\/www.cometis.de\\\/de\\\/#website\"},\"primaryImageOfPage\":{\"@id\":\"https:\\\/\\\/www.cometis.de\\\/de\\\/services\\\/finanz-pr\\\/panels\\\/#primaryimage\"},\"image\":{\"@id\":\"https:\\\/\\\/www.cometis.de\\\/de\\\/services\\\/finanz-pr\\\/panels\\\/#primaryimage\"},\"thumbnailUrl\":\"https:\\\/\\\/cometis.de\\\/wp-content\\\/uploads\\\/2024\\\/12\\\/Slider_Skylines_1905x356px_1-1024x191.webp\",\"datePublished\":\"2025-01-23T09:44:12+00:00\",\"dateModified\":\"2025-02-18T06:09:45+00:00\",\"description\":\"Die cometis AG ist Ihr Spezialist f\u00fcr die Erstellung von Panels und unterst\u00fctzt Sie bei der Konzeption, Erstellung und Durchf\u00fchrung.\",\"breadcrumb\":{\"@id\":\"https:\\\/\\\/www.cometis.de\\\/de\\\/services\\\/finanz-pr\\\/panels\\\/#breadcrumb\"},\"inLanguage\":\"de\",\"potentialAction\":[{\"@type\":\"ReadAction\",\"target\":[\"https:\\\/\\\/www.cometis.de\\\/de\\\/services\\\/finanz-pr\\\/panels\\\/\"]}]},{\"@type\":\"ImageObject\",\"inLanguage\":\"de\",\"@id\":\"https:\\\/\\\/www.cometis.de\\\/de\\\/services\\\/finanz-pr\\\/panels\\\/#primaryimage\",\"url\":\"https:\\\/\\\/cometis.de\\\/wp-content\\\/uploads\\\/2024\\\/12\\\/Slider_Skylines_1905x356px_1-1024x191.webp\",\"contentUrl\":\"https:\\\/\\\/cometis.de\\\/wp-content\\\/uploads\\\/2024\\\/12\\\/Slider_Skylines_1905x356px_1-1024x191.webp\"},{\"@type\":\"BreadcrumbList\",\"@id\":\"https:\\\/\\\/www.cometis.de\\\/de\\\/services\\\/finanz-pr\\\/panels\\\/#breadcrumb\",\"itemListElement\":[{\"@type\":\"ListItem\",\"position\":1,\"name\":\"Home\",\"item\":\"https:\\\/\\\/www.cometis.de\\\/de\\\/\"},{\"@type\":\"ListItem\",\"position\":2,\"name\":\"Services\",\"item\":\"https:\\\/\\\/www.cometis.de\\\/de\\\/services\\\/\"},{\"@type\":\"ListItem\",\"position\":3,\"name\":\"PR\\\/Public Affairs\",\"item\":\"https:\\\/\\\/www.cometis.de\\\/de\\\/services\\\/finanz-pr\\\/\"},{\"@type\":\"ListItem\",\"position\":4,\"name\":\"Panels\"}]},{\"@type\":\"WebSite\",\"@id\":\"https:\\\/\\\/www.cometis.de\\\/de\\\/#website\",\"url\":\"https:\\\/\\\/www.cometis.de\\\/de\\\/\",\"name\":\"cometis AG\",\"description\":\"Deutschlands f\u00fchrende Investor Relations Agentur\",\"publisher\":{\"@id\":\"https:\\\/\\\/www.cometis.de\\\/de\\\/#organization\"},\"potentialAction\":[{\"@type\":\"SearchAction\",\"target\":{\"@type\":\"EntryPoint\",\"urlTemplate\":\"https:\\\/\\\/www.cometis.de\\\/de\\\/?s={search_term_string}\"},\"query-input\":{\"@type\":\"PropertyValueSpecification\",\"valueRequired\":true,\"valueName\":\"search_term_string\"}}],\"inLanguage\":\"de\"},{\"@type\":\"Organization\",\"@id\":\"https:\\\/\\\/www.cometis.de\\\/de\\\/#organization\",\"name\":\"cometis AG\",\"alternateName\":\"Deutschlands f\u00fchrende Investor Relations Agentur\",\"url\":\"https:\\\/\\\/www.cometis.de\\\/de\\\/\",\"logo\":{\"@type\":\"ImageObject\",\"inLanguage\":\"de\",\"@id\":\"https:\\\/\\\/www.cometis.de\\\/de\\\/#\\\/schema\\\/logo\\\/image\\\/\",\"url\":\"https:\\\/\\\/www.cometis.de\\\/wp-content\\\/uploads\\\/2024\\\/12-old\\\/Cometis-Mobile-Logo-1.png\",\"contentUrl\":\"https:\\\/\\\/www.cometis.de\\\/wp-content\\\/uploads\\\/2024\\\/12-old\\\/Cometis-Mobile-Logo-1.png\",\"width\":171,\"height\":31,\"caption\":\"cometis AG\"},\"image\":{\"@id\":\"https:\\\/\\\/www.cometis.de\\\/de\\\/#\\\/schema\\\/logo\\\/image\\\/\"},\"sameAs\":[\"https:\\\/\\\/www.linkedin.com\\\/company\\\/cometis-ag\\\/\",\"https:\\\/\\\/www.youtube.com\\\/user\\\/cometisAG\"]}]}<\/script>\n<!-- \/ Yoast SEO Premium plugin. -->","yoast_head_json":{"title":"Panels \u2013 Konzeption, Erstellung und Durchf\u00fchrung | cometis AG","description":"Die cometis AG ist Ihr Spezialist f\u00fcr die Erstellung von Panels und unterst\u00fctzt Sie bei der Konzeption, Erstellung und Durchf\u00fchrung.","robots":{"index":"index","follow":"follow","max-snippet":"max-snippet:-1","max-image-preview":"max-image-preview:large","max-video-preview":"max-video-preview:-1"},"canonical":"https:\/\/www.cometis.de\/de\/services\/finanz-pr\/panels\/","og_locale":"de_DE","og_type":"article","og_title":"Panels","og_description":"Die cometis AG ist Ihr Spezialist f\u00fcr die Erstellung von Panels und unterst\u00fctzt Sie bei der Konzeption, Erstellung und Durchf\u00fchrung.","og_url":"https:\/\/www.cometis.de\/de\/services\/finanz-pr\/panels\/","og_site_name":"cometis AG","article_modified_time":"2025-02-18T06:09:45+00:00","og_image":[{"url":"https:\/\/cometis.de\/wp-content\/uploads\/2024\/12\/Slider_Skylines_1905x356px_1-1024x191.webp","type":"","width":"","height":""}],"twitter_card":"summary_large_image","twitter_misc":{"Gesch\u00e4tzte Lesezeit":"2\u00a0Minuten"},"schema":{"@context":"https:\/\/schema.org","@graph":[{"@type":"WebPage","@id":"https:\/\/www.cometis.de\/de\/services\/finanz-pr\/panels\/","url":"https:\/\/www.cometis.de\/de\/services\/finanz-pr\/panels\/","name":"Panels \u2013 Konzeption, Erstellung und Durchf\u00fchrung | cometis AG","isPartOf":{"@id":"https:\/\/www.cometis.de\/de\/#website"},"primaryImageOfPage":{"@id":"https:\/\/www.cometis.de\/de\/services\/finanz-pr\/panels\/#primaryimage"},"image":{"@id":"https:\/\/www.cometis.de\/de\/services\/finanz-pr\/panels\/#primaryimage"},"thumbnailUrl":"https:\/\/cometis.de\/wp-content\/uploads\/2024\/12\/Slider_Skylines_1905x356px_1-1024x191.webp","datePublished":"2025-01-23T09:44:12+00:00","dateModified":"2025-02-18T06:09:45+00:00","description":"Die cometis AG ist Ihr Spezialist f\u00fcr die Erstellung von Panels und unterst\u00fctzt Sie bei der Konzeption, Erstellung und Durchf\u00fchrung.","breadcrumb":{"@id":"https:\/\/www.cometis.de\/de\/services\/finanz-pr\/panels\/#breadcrumb"},"inLanguage":"de","potentialAction":[{"@type":"ReadAction","target":["https:\/\/www.cometis.de\/de\/services\/finanz-pr\/panels\/"]}]},{"@type":"ImageObject","inLanguage":"de","@id":"https:\/\/www.cometis.de\/de\/services\/finanz-pr\/panels\/#primaryimage","url":"https:\/\/cometis.de\/wp-content\/uploads\/2024\/12\/Slider_Skylines_1905x356px_1-1024x191.webp","contentUrl":"https:\/\/cometis.de\/wp-content\/uploads\/2024\/12\/Slider_Skylines_1905x356px_1-1024x191.webp"},{"@type":"BreadcrumbList","@id":"https:\/\/www.cometis.de\/de\/services\/finanz-pr\/panels\/#breadcrumb","itemListElement":[{"@type":"ListItem","position":1,"name":"Home","item":"https:\/\/www.cometis.de\/de\/"},{"@type":"ListItem","position":2,"name":"Services","item":"https:\/\/www.cometis.de\/de\/services\/"},{"@type":"ListItem","position":3,"name":"PR\/Public Affairs","item":"https:\/\/www.cometis.de\/de\/services\/finanz-pr\/"},{"@type":"ListItem","position":4,"name":"Panels"}]},{"@type":"WebSite","@id":"https:\/\/www.cometis.de\/de\/#website","url":"https:\/\/www.cometis.de\/de\/","name":"cometis AG","description":"Deutschlands f\u00fchrende Investor Relations Agentur","publisher":{"@id":"https:\/\/www.cometis.de\/de\/#organization"},"potentialAction":[{"@type":"SearchAction","target":{"@type":"EntryPoint","urlTemplate":"https:\/\/www.cometis.de\/de\/?s={search_term_string}"},"query-input":{"@type":"PropertyValueSpecification","valueRequired":true,"valueName":"search_term_string"}}],"inLanguage":"de"},{"@type":"Organization","@id":"https:\/\/www.cometis.de\/de\/#organization","name":"cometis AG","alternateName":"Deutschlands f\u00fchrende Investor Relations Agentur","url":"https:\/\/www.cometis.de\/de\/","logo":{"@type":"ImageObject","inLanguage":"de","@id":"https:\/\/www.cometis.de\/de\/#\/schema\/logo\/image\/","url":"https:\/\/www.cometis.de\/wp-content\/uploads\/2024\/12-old\/Cometis-Mobile-Logo-1.png","contentUrl":"https:\/\/www.cometis.de\/wp-content\/uploads\/2024\/12-old\/Cometis-Mobile-Logo-1.png","width":171,"height":31,"caption":"cometis AG"},"image":{"@id":"https:\/\/www.cometis.de\/de\/#\/schema\/logo\/image\/"},"sameAs":["https:\/\/www.linkedin.com\/company\/cometis-ag\/","https:\/\/www.youtube.com\/user\/cometisAG"]}]}},"_links":{"self":[{"href":"https:\/\/www.cometis.de\/de\/wp-json\/wp\/v2\/pages\/4867","targetHints":{"allow":["GET"]}}],"collection":[{"href":"https:\/\/www.cometis.de\/de\/wp-json\/wp\/v2\/pages"}],"about":[{"href":"https:\/\/www.cometis.de\/de\/wp-json\/wp\/v2\/types\/page"}],"author":[{"embeddable":true,"href":"https:\/\/www.cometis.de\/de\/wp-json\/wp\/v2\/users\/1"}],"replies":[{"embeddable":true,"href":"https:\/\/www.cometis.de\/de\/wp-json\/wp\/v2\/comments?post=4867"}],"version-history":[{"count":3,"href":"https:\/\/www.cometis.de\/de\/wp-json\/wp\/v2\/pages\/4867\/revisions"}],"predecessor-version":[{"id":107641,"href":"https:\/\/www.cometis.de\/de\/wp-json\/wp\/v2\/pages\/4867\/revisions\/107641"}],"up":[{"embeddable":true,"href":"https:\/\/www.cometis.de\/de\/wp-json\/wp\/v2\/pages\/4783"}],"wp:attachment":[{"href":"https:\/\/www.cometis.de\/de\/wp-json\/wp\/v2\/media?parent=4867"}],"curies":[{"name":"wp","href":"https:\/\/api.w.org\/{rel}","templated":true}]}}