{"id":4872,"date":"2025-01-23T10:47:34","date_gmt":"2025-01-23T09:47:34","guid":{"rendered":"https:\/\/cometis.de\/?page_id=4872"},"modified":"2025-02-18T07:07:56","modified_gmt":"2025-02-18T06:07:56","slug":"events-und-konferenzen","status":"publish","type":"page","link":"https:\/\/www.cometis.de\/de\/services\/finanz-pr\/events-und-konferenzen\/","title":{"rendered":"Events und Konferenzen"},"content":{"rendered":"\t\t<div data-elementor-type=\"wp-page\" data-elementor-id=\"4872\" class=\"elementor elementor-4872\" data-elementor-post-type=\"page\">\n\t\t\t\t<div class=\"elementor-element elementor-element-7c920de e-flex e-con-boxed e-con e-parent\" data-id=\"7c920de\" data-element_type=\"container\" data-e-type=\"container\">\n\t\t\t\t\t<div class=\"e-con-inner\">\n\t\t\t\t<div class=\"elementor-element elementor-element-0ce91bd elementor-widget elementor-widget-template\" data-id=\"0ce91bd\" data-element_type=\"widget\" data-e-type=\"widget\" data-widget_type=\"template.default\">\n\t\t\t\t<div class=\"elementor-widget-container\">\n\t\t\t\t\t\t\t<div class=\"elementor-template\">\n\t\t\t\t\t<div data-elementor-type=\"section\" data-elementor-id=\"766\" class=\"elementor elementor-766\" data-elementor-post-type=\"elementor_library\">\n\t\t\t<div class=\"elementor-element elementor-element-1f34e34 e-flex e-con-boxed e-con e-parent\" data-id=\"1f34e34\" data-element_type=\"container\" data-e-type=\"container\">\n\t\t\t\t\t<div class=\"e-con-inner\">\n\t\t<div class=\"elementor-element elementor-element-e68c844 e-con-full e-flex e-con e-child\" data-id=\"e68c844\" data-element_type=\"container\" data-e-type=\"container\" data-settings=\"{&quot;background_background&quot;:&quot;classic&quot;}\">\n\t\t\t\t<\/div>\n\t\t<div class=\"elementor-element elementor-element-b7dac6f e-con-full e-flex e-con e-child\" data-id=\"b7dac6f\" data-element_type=\"container\" data-e-type=\"container\">\n\t\t\t\t<div class=\"elementor-element elementor-element-ce54cc3 elementor-align-left elementor-widget elementor-widget-breadcrumbs\" data-id=\"ce54cc3\" data-element_type=\"widget\" data-e-type=\"widget\" data-widget_type=\"breadcrumbs.default\">\n\t\t\t\t<div class=\"elementor-widget-container\">\n\t\t\t\t\t<div id=\"breadcrumbs\"><span><span><a href=\"https:\/\/www.cometis.de\/de\/\">Home<\/a><\/span><\/span><\/div>\t\t\t\t<\/div>\n\t\t\t\t<\/div>\n\t\t\t\t<\/div>\n\t\t\t\t\t<\/div>\n\t\t\t\t<\/div>\n\t\t\t\t<\/div>\n\t\t\t\t<\/div>\n\t\t\t\t\t\t<\/div>\n\t\t\t\t<\/div>\n\t\t\t\t\t<\/div>\n\t\t\t\t<\/div>\n\t\t<div class=\"elementor-element elementor-element-16f1a04 cmn-sidebar-content e-flex e-con-boxed e-con e-parent\" data-id=\"16f1a04\" data-element_type=\"container\" data-e-type=\"container\" data-settings=\"{&quot;background_background&quot;:&quot;classic&quot;,&quot;background_motion_fx_motion_fx_scrolling&quot;:&quot;yes&quot;,&quot;background_motion_fx_translateY_effect&quot;:&quot;yes&quot;,&quot;background_motion_fx_translateY_speed&quot;:{&quot;unit&quot;:&quot;px&quot;,&quot;size&quot;:2,&quot;sizes&quot;:[]},&quot;background_motion_fx_translateY_direction&quot;:&quot;negative&quot;,&quot;background_motion_fx_translateY_affectedRange&quot;:{&quot;unit&quot;:&quot;%&quot;,&quot;size&quot;:&quot;&quot;,&quot;sizes&quot;:{&quot;start&quot;:0,&quot;end&quot;:100}},&quot;background_motion_fx_devices&quot;:[&quot;desktop&quot;,&quot;tablet&quot;,&quot;mobile&quot;]}\">\n\t\t\t\t\t<div class=\"e-con-inner\">\n\t\t<div class=\"elementor-element elementor-element-8478633 e-con-full cmn-sidebar-content p-100 e-flex e-con e-child\" data-id=\"8478633\" data-element_type=\"container\" data-e-type=\"container\">\n\t\t<div class=\"elementor-element elementor-element-73a9c90 e-con-full cmn-content-box e-flex e-con e-child\" data-id=\"73a9c90\" data-element_type=\"container\" data-e-type=\"container\">\n\t\t<div class=\"elementor-element elementor-element-9f9fdf5 e-con-full cmn-content-box-container e-flex e-con e-child\" data-id=\"9f9fdf5\" data-element_type=\"container\" data-e-type=\"container\">\n\t\t\t\t<div class=\"elementor-element elementor-element-347fc9b elementor-widget elementor-widget-heading\" data-id=\"347fc9b\" data-element_type=\"widget\" data-e-type=\"widget\" data-widget_type=\"heading.default\">\n\t\t\t\t<div class=\"elementor-widget-container\">\n\t\t\t\t\t<h2 class=\"elementor-heading-title elementor-size-default\">Events und Konferenzen f\u00fcr Kontaktpflege nutzen<\/h2>\t\t\t\t<\/div>\n\t\t\t\t<\/div>\n\t\t\t\t<div class=\"elementor-element elementor-element-51779ff elementor-widget elementor-widget-text-editor\" data-id=\"51779ff\" data-element_type=\"widget\" data-e-type=\"widget\" data-widget_type=\"text-editor.default\">\n\t\t\t\t<div class=\"elementor-widget-container\">\n\t\t\t\t\t\t\t\t\t<p>Besondere Events und Konferenzen bieten eine ideale M\u00f6glichkeit, um die Beziehung zu den Anspruchsgruppen Ihres Unternehmens zu pflegen oder neue Kontakte herzustellen. Wir beraten Sie gerne bei der Organisation Ihrer zielgruppenspezifischen Veranstaltung und bringen Sie in Kontakt mit Investoren, Analysten oder Journalisten. Gleichzeitig haben wir den \u00dcberblick \u00fcber wichtige Branchen- und Investorenkonferenzen und beraten Sie gerne, welche Konferenz f\u00fcr Ihr Unternehmen einen Mehrwert bietet.<\/p>\t\t\t\t\t\t\t\t<\/div>\n\t\t\t\t<\/div>\n\t\t\t\t<div class=\"elementor-element elementor-element-d59a976 cmn-content-box-btn elementor-widget elementor-widget-button\" data-id=\"d59a976\" data-element_type=\"widget\" data-e-type=\"widget\" data-widget_type=\"button.default\">\n\t\t\t\t<div class=\"elementor-widget-container\">\n\t\t\t\t\t\t\t\t\t<div class=\"elementor-button-wrapper\">\n\t\t\t\t\t<a class=\"elementor-button elementor-button-link elementor-size-sm\" href=\"\/de\/cometis-ag\/referenzen\/finanz-pr-referenzen\">\n\t\t\t\t\t\t<span class=\"elementor-button-content-wrapper\">\n\t\t\t\t\t\t<span class=\"elementor-button-icon\">\n\t\t\t\t<svg aria-hidden=\"true\" class=\"e-font-icon-svg e-fas-chevron-right\" viewBox=\"0 0 320 512\" xmlns=\"http:\/\/www.w3.org\/2000\/svg\"><path d=\"M285.476 272.971L91.132 467.314c-9.373 9.373-24.569 9.373-33.941 0l-22.667-22.667c-9.357-9.357-9.375-24.522-.04-33.901L188.505 256 34.484 101.255c-9.335-9.379-9.317-24.544.04-33.901l22.667-22.667c9.373-9.373 24.569-9.373 33.941 0L285.475 239.03c9.373 9.372 9.373 24.568.001 33.941z\"><\/path><\/svg>\t\t\t<\/span>\n\t\t\t\t\t\t\t\t\t<span class=\"elementor-button-text\">Unsere Referenzen<\/span>\n\t\t\t\t\t<\/span>\n\t\t\t\t\t<\/a>\n\t\t\t\t<\/div>\n\t\t\t\t\t\t\t\t<\/div>\n\t\t\t\t<\/div>\n\t\t\t\t<\/div>\n\t\t<div class=\"elementor-element elementor-element-c9a9829 e-con-full cmn-content-box-container e-flex e-con e-child\" data-id=\"c9a9829\" data-element_type=\"container\" data-e-type=\"container\">\n\t\t\t\t<div class=\"elementor-element elementor-element-281ae46 elementor-widget elementor-widget-heading\" data-id=\"281ae46\" data-element_type=\"widget\" data-e-type=\"widget\" data-widget_type=\"heading.default\">\n\t\t\t\t<div class=\"elementor-widget-container\">\n\t\t\t\t\t<h2 class=\"elementor-heading-title elementor-size-default\">Auf Investorenkonferenzen wertvolle Kontakte kn\u00fcpfen<\/h2>\t\t\t\t<\/div>\n\t\t\t\t<\/div>\n\t\t\t\t<div class=\"elementor-element elementor-element-67c9350 elementor-widget elementor-widget-text-editor\" data-id=\"67c9350\" data-element_type=\"widget\" data-e-type=\"widget\" data-widget_type=\"text-editor.default\">\n\t\t\t\t<div class=\"elementor-widget-container\">\n\t\t\t\t\t\t\t\t\t<p><img fetchpriority=\"high\" decoding=\"async\" class=\"wp-image-45976 size-full alignleft\" style=\"float: left;\" src=\"https:\/\/www.cometis.de\/wp-content\/uploads\/2025\/01\/DSC01019-e1498751609705_1.webp\" alt=\"\" width=\"350\" height=\"234\" \/><\/p><p>Investorenkonferenzen sind eine geeignete Plattform, um mit neuen Investoren ins Gespr\u00e4ch zu kommen und sie von der <a title=\"Wir erstellen eine Equity Story, die Ihr Unternehmen f\u00fcr Investoren greifbar macht\" href=\"\/de\/investor-relations\/equity-story\/\">Equity Story<\/a> des Unternehmens zu \u00fcberzeugen. Meist haben Sie die Gelegenheit, die Investment Highlights einem ausgew\u00e4hlten Investorenkreis zu pr\u00e4sentieren.<\/p><p>Es wird eine Vielzahl an Konferenzen im In- und Ausland angeboten, die zumeist von Brokern oder Dienstleistern im Bereich Investor Relations organisiert werden. H\u00e4ufig werden Konferenzen zu einem bestimmten Sektor angeboten, sogenannte Sektorenkonferenzen, auf denen sich Emittenten einer speziellen Branche pr\u00e4sentieren.<\/p>\t\t\t\t\t\t\t\t<\/div>\n\t\t\t\t<\/div>\n\t\t\t\t<\/div>\n\t\t<div class=\"elementor-element elementor-element-f1e58ab e-con-full cmn-content-box-container e-flex e-con e-child\" data-id=\"f1e58ab\" data-element_type=\"container\" data-e-type=\"container\">\n\t\t\t\t<div class=\"elementor-element elementor-element-b97a9ef elementor-widget elementor-widget-heading\" data-id=\"b97a9ef\" data-element_type=\"widget\" data-e-type=\"widget\" data-widget_type=\"heading.default\">\n\t\t\t\t<div class=\"elementor-widget-container\">\n\t\t\t\t\t<h2 class=\"elementor-heading-title elementor-size-default\">Auf Roadshows das Investoreninteresse wecken und Vertrauen aufbauen<\/h2>\t\t\t\t<\/div>\n\t\t\t\t<\/div>\n\t\t\t\t<div class=\"elementor-element elementor-element-6d036a4 custom-list elementor-widget elementor-widget-text-editor\" data-id=\"6d036a4\" data-element_type=\"widget\" data-e-type=\"widget\" data-widget_type=\"text-editor.default\">\n\t\t\t\t<div class=\"elementor-widget-container\">\n\t\t\t\t\t\t\t\t\t<p>Auf\u00a0<a title=\"Mit cometis Ihre IR-Meetings optimal planen\" href=\"\/de\/investor-access\/investorenkonferenzen\">Investoren-Roadshows<\/a>\u00a0pr\u00e4sentiert das Management die Equity Story mit dem Ziel, die Investmententscheidung der teilnehmenden Investoren zu Ihren Gunsten zu beeinflussen und Vertrauen in das Unternehmen aufzubauen. Roadshows tragen auch dazu bei, langfristige Investorenbeziehungen zu pflegen. Auf sogenannten Non-Deal Roadshows suchen Emittenten das Gespr\u00e4ch mit bestehenden und potentiellen Investoren, ohne dass eine bestimmte Transaktion bevorsteht. Auch hier gilt es, sich als\u00a0<a title=\"Unsere Investor Relations Dienstleistungen\" href=\"\/de\/investor-relations\/\">Unternehmen authentisch zu pr\u00e4sentieren<\/a>, \u00fcber aktuelle Entwicklungen im Unternehmen zu informieren, um so die Investorenbeziehungen nachhaltig zu st\u00e4rken.<\/p>\t\t\t\t\t\t\t\t<\/div>\n\t\t\t\t<\/div>\n\t\t\t\t<\/div>\n\t\t<div class=\"elementor-element elementor-element-dba3783 e-con-full cmn-content-box-container e-flex e-con e-child\" data-id=\"dba3783\" data-element_type=\"container\" data-e-type=\"container\">\n\t\t\t\t<div class=\"elementor-element elementor-element-5665e59 elementor-widget elementor-widget-heading\" data-id=\"5665e59\" data-element_type=\"widget\" data-e-type=\"widget\" data-widget_type=\"heading.default\">\n\t\t\t\t<div class=\"elementor-widget-container\">\n\t\t\t\t\t<h2 class=\"elementor-heading-title elementor-size-default\">Informationsbed\u00fcrfnis von Analysten gerecht werden<\/h2>\t\t\t\t<\/div>\n\t\t\t\t<\/div>\n\t\t\t\t<div class=\"elementor-element elementor-element-f80d5ce custom-list elementor-widget elementor-widget-text-editor\" data-id=\"f80d5ce\" data-element_type=\"widget\" data-e-type=\"widget\" data-widget_type=\"text-editor.default\">\n\t\t\t\t<div class=\"elementor-widget-container\">\n\t\t\t\t\t\t\t\t\t<p>Zur Erstellung eines Researchberichts ben\u00f6tigen Analysten detaillierte Informationen \u00fcber das Unternehmen. Um dem Informationsbed\u00fcrfnis der Analysten nachzukommen, ist die regelm\u00e4\u00dfige Durchf\u00fchrung von Analystenkonferenzen eine gute M\u00f6glichkeit. Idealerweise werden diese im Rahmen der Ver\u00f6ffentlichung der Gesch\u00e4ftsergebnisse angeboten. Analystenkonferenzen m\u00fcssen nicht zwangsl\u00e4ufig mit einer pers\u00f6nlichen Anwesenheit der Teilnehmer verbunden sein. Auch \u00fcber einen Webcast und\/oder Telefonkonferenzen k\u00f6nnen Sie die Analysten auf dem neuesten Stand halten.<\/p>\t\t\t\t\t\t\t\t<\/div>\n\t\t\t\t<\/div>\n\t\t\t\t<\/div>\n\t\t<div class=\"elementor-element elementor-element-57e2e5a e-con-full cmn-content-box-container e-flex e-con e-child\" data-id=\"57e2e5a\" data-element_type=\"container\" data-e-type=\"container\">\n\t\t\t\t<div class=\"elementor-element elementor-element-9894b3e elementor-widget elementor-widget-heading\" data-id=\"9894b3e\" data-element_type=\"widget\" data-e-type=\"widget\" data-widget_type=\"heading.default\">\n\t\t\t\t<div class=\"elementor-widget-container\">\n\t\t\t\t\t<h2 class=\"elementor-heading-title elementor-size-default\">Pressekonferenzen f\u00fcr Journalisten organisieren<\/h2>\t\t\t\t<\/div>\n\t\t\t\t<\/div>\n\t\t\t\t<div class=\"elementor-element elementor-element-3a08dfe custom-list elementor-widget elementor-widget-text-editor\" data-id=\"3a08dfe\" data-element_type=\"widget\" data-e-type=\"widget\" data-widget_type=\"text-editor.default\">\n\t\t\t\t<div class=\"elementor-widget-container\">\n\t\t\t\t\t\t\t\t\t<p>Zu besonderen Unternehmensereignissen wie beispielsweise der Vorstellung einer Produktneuheit oder der Emissionsdetails zu einem B\u00f6rsengang bietet es sich an, Journalisten zu einer Pressekonferenz einzuladen. Da Sie in diesen F\u00e4llen mit einem hohen Medieninteresse rechnen k\u00f6nnen, werden Sie mit einer Konferenz den Journalistenanfragen gerecht. Eine Pressekonferenz er\u00f6ffnet Ihnen die M\u00f6glichkeit, Ihr Projekt zu pr\u00e4sentieren und die Fragen der anwesenden Journalisten zu beantworten. Mit unserer langj\u00e4hrigen Erfahrung in der Finanz- und Unternehmenskommunikation helfen wir Ihnen gerne bei der Organisation, Erstellung der Presseunterlagen und Einladung zur Pressekonferenz.<\/p>\t\t\t\t\t\t\t\t<\/div>\n\t\t\t\t<\/div>\n\t\t\t\t<\/div>\n\t\t<div class=\"elementor-element elementor-element-98d8cb0 e-con-full cmn-content-box-container e-flex e-con e-child\" data-id=\"98d8cb0\" data-element_type=\"container\" data-e-type=\"container\">\n\t\t\t\t<div class=\"elementor-element elementor-element-26192d3 elementor-widget elementor-widget-heading\" data-id=\"26192d3\" data-element_type=\"widget\" data-e-type=\"widget\" data-widget_type=\"heading.default\">\n\t\t\t\t<div class=\"elementor-widget-container\">\n\t\t\t\t\t<h2 class=\"elementor-heading-title elementor-size-default\">Die cometis AG ist Ihr kompetenter Partner f\u00fcr Ihre Finanz PR<\/h2>\t\t\t\t<\/div>\n\t\t\t\t<\/div>\n\t\t\t\t<div class=\"elementor-element elementor-element-2394eb3 custom-list elementor-widget elementor-widget-text-editor\" data-id=\"2394eb3\" data-element_type=\"widget\" data-e-type=\"widget\" data-widget_type=\"text-editor.default\">\n\t\t\t\t<div class=\"elementor-widget-container\">\n\t\t\t\t\t\t\t\t\t<p>Mit unserer langj\u00e4hrigen Erfahrung in der Organisation von Events und Konferenzen stehen wir als kompetenter Partner f\u00fcr Ihre&nbsp;<a title=\"Optimale Finanz-PR f\u00fcr Ihr Unternehmen\" href=\"\/de\/finanz-pr\/\">Finanz-PR<\/a>&nbsp;gerne zur Verf\u00fcgung. Sprechen Sie uns gerne an, wenn Sie PR-Ma\u00dfnahmen optimieren wollen!<\/p>\t\t\t\t\t\t\t\t<\/div>\n\t\t\t\t<\/div>\n\t\t\t\t<\/div>\n\t\t\t\t<\/div>\n\t\t\t\t<\/div>\n\t\t\t\t\t<\/div>\n\t\t\t\t<\/div>\n\t\t\t\t<\/div>\n\t\t","protected":false},"excerpt":{"rendered":"<p>Events und Konferenzen f\u00fcr Kontaktpflege nutzen Besondere Events und Konferenzen bieten eine ideale M\u00f6glichkeit, um die Beziehung zu den Anspruchsgruppen Ihres Unternehmens zu pflegen oder neue Kontakte herzustellen. Wir beraten Sie gerne bei der Organisation Ihrer zielgruppenspezifischen Veranstaltung und bringen Sie in Kontakt mit Investoren, Analysten oder Journalisten. Gleichzeitig haben wir den \u00dcberblick \u00fcber wichtige [&hellip;]<\/p>\n","protected":false},"author":1,"featured_media":0,"parent":4783,"menu_order":0,"comment_status":"closed","ping_status":"open","template":"","meta":{"_acf_changed":false,"footnotes":""},"class_list":["post-4872","page","type-page","status-publish","hentry"],"acf":[],"yoast_head":"<!-- This site is optimized with the Yoast SEO Premium plugin v26.2 (Yoast SEO v27.4) - https:\/\/yoast.com\/product\/yoast-seo-premium-wordpress\/ -->\n<title>Events und Konferenzen \u2013 Kontakte kn\u00fcpfen und pflegen | cometis AG<\/title>\n<meta name=\"description\" content=\"Mit der Organisation oder Teilnahme an Events und Konferenzen pflegen Sie einen kontinuierlichen Kontakt zu den Anspruchsgruppen Ihres Unternehmens.\" \/>\n<meta name=\"robots\" content=\"index, follow, max-snippet:-1, max-image-preview:large, max-video-preview:-1\" \/>\n<link rel=\"canonical\" href=\"https:\/\/www.cometis.de\/de\/services\/finanz-pr\/events-und-konferenzen\/\" \/>\n<meta property=\"og:locale\" content=\"de_DE\" \/>\n<meta property=\"og:type\" content=\"article\" \/>\n<meta property=\"og:title\" content=\"Events und Konferenzen\" \/>\n<meta property=\"og:description\" content=\"Mit der Organisation oder Teilnahme an Events und Konferenzen pflegen Sie einen kontinuierlichen Kontakt zu den Anspruchsgruppen Ihres Unternehmens.\" \/>\n<meta property=\"og:url\" content=\"https:\/\/www.cometis.de\/de\/services\/finanz-pr\/events-und-konferenzen\/\" \/>\n<meta property=\"og:site_name\" content=\"cometis AG\" \/>\n<meta property=\"article:modified_time\" content=\"2025-02-18T06:07:56+00:00\" \/>\n<meta property=\"og:image\" content=\"https:\/\/cometis.de\/wp-content\/uploads\/2025\/01\/DSC01019-e1498751609705_1.webp\" \/>\n<meta name=\"twitter:card\" content=\"summary_large_image\" \/>\n<meta name=\"twitter:label1\" content=\"Gesch\u00e4tzte Lesezeit\" \/>\n\t<meta name=\"twitter:data1\" content=\"3\u00a0Minuten\" \/>\n<script type=\"application\/ld+json\" class=\"yoast-schema-graph\">{\"@context\":\"https:\\\/\\\/schema.org\",\"@graph\":[{\"@type\":\"WebPage\",\"@id\":\"https:\\\/\\\/www.cometis.de\\\/de\\\/services\\\/finanz-pr\\\/events-und-konferenzen\\\/\",\"url\":\"https:\\\/\\\/www.cometis.de\\\/de\\\/services\\\/finanz-pr\\\/events-und-konferenzen\\\/\",\"name\":\"Events und Konferenzen \u2013 Kontakte kn\u00fcpfen und pflegen | cometis AG\",\"isPartOf\":{\"@id\":\"https:\\\/\\\/www.cometis.de\\\/de\\\/#website\"},\"primaryImageOfPage\":{\"@id\":\"https:\\\/\\\/www.cometis.de\\\/de\\\/services\\\/finanz-pr\\\/events-und-konferenzen\\\/#primaryimage\"},\"image\":{\"@id\":\"https:\\\/\\\/www.cometis.de\\\/de\\\/services\\\/finanz-pr\\\/events-und-konferenzen\\\/#primaryimage\"},\"thumbnailUrl\":\"https:\\\/\\\/cometis.de\\\/wp-content\\\/uploads\\\/2025\\\/01\\\/DSC01019-e1498751609705_1.webp\",\"datePublished\":\"2025-01-23T09:47:34+00:00\",\"dateModified\":\"2025-02-18T06:07:56+00:00\",\"description\":\"Mit der Organisation oder Teilnahme an Events und Konferenzen pflegen Sie einen kontinuierlichen Kontakt zu den Anspruchsgruppen Ihres Unternehmens.\",\"breadcrumb\":{\"@id\":\"https:\\\/\\\/www.cometis.de\\\/de\\\/services\\\/finanz-pr\\\/events-und-konferenzen\\\/#breadcrumb\"},\"inLanguage\":\"de\",\"potentialAction\":[{\"@type\":\"ReadAction\",\"target\":[\"https:\\\/\\\/www.cometis.de\\\/de\\\/services\\\/finanz-pr\\\/events-und-konferenzen\\\/\"]}]},{\"@type\":\"ImageObject\",\"inLanguage\":\"de\",\"@id\":\"https:\\\/\\\/www.cometis.de\\\/de\\\/services\\\/finanz-pr\\\/events-und-konferenzen\\\/#primaryimage\",\"url\":\"https:\\\/\\\/cometis.de\\\/wp-content\\\/uploads\\\/2025\\\/01\\\/DSC01019-e1498751609705_1.webp\",\"contentUrl\":\"https:\\\/\\\/cometis.de\\\/wp-content\\\/uploads\\\/2025\\\/01\\\/DSC01019-e1498751609705_1.webp\"},{\"@type\":\"BreadcrumbList\",\"@id\":\"https:\\\/\\\/www.cometis.de\\\/de\\\/services\\\/finanz-pr\\\/events-und-konferenzen\\\/#breadcrumb\",\"itemListElement\":[{\"@type\":\"ListItem\",\"position\":1,\"name\":\"Home\",\"item\":\"https:\\\/\\\/www.cometis.de\\\/de\\\/\"},{\"@type\":\"ListItem\",\"position\":2,\"name\":\"Services\",\"item\":\"https:\\\/\\\/www.cometis.de\\\/de\\\/services\\\/\"},{\"@type\":\"ListItem\",\"position\":3,\"name\":\"PR\\\/Public Affairs\",\"item\":\"https:\\\/\\\/www.cometis.de\\\/de\\\/services\\\/finanz-pr\\\/\"},{\"@type\":\"ListItem\",\"position\":4,\"name\":\"Events und Konferenzen\"}]},{\"@type\":\"WebSite\",\"@id\":\"https:\\\/\\\/www.cometis.de\\\/de\\\/#website\",\"url\":\"https:\\\/\\\/www.cometis.de\\\/de\\\/\",\"name\":\"cometis AG\",\"description\":\"Deutschlands f\u00fchrende Investor Relations Agentur\",\"publisher\":{\"@id\":\"https:\\\/\\\/www.cometis.de\\\/de\\\/#organization\"},\"potentialAction\":[{\"@type\":\"SearchAction\",\"target\":{\"@type\":\"EntryPoint\",\"urlTemplate\":\"https:\\\/\\\/www.cometis.de\\\/de\\\/?s={search_term_string}\"},\"query-input\":{\"@type\":\"PropertyValueSpecification\",\"valueRequired\":true,\"valueName\":\"search_term_string\"}}],\"inLanguage\":\"de\"},{\"@type\":\"Organization\",\"@id\":\"https:\\\/\\\/www.cometis.de\\\/de\\\/#organization\",\"name\":\"cometis AG\",\"alternateName\":\"Deutschlands f\u00fchrende Investor Relations Agentur\",\"url\":\"https:\\\/\\\/www.cometis.de\\\/de\\\/\",\"logo\":{\"@type\":\"ImageObject\",\"inLanguage\":\"de\",\"@id\":\"https:\\\/\\\/www.cometis.de\\\/de\\\/#\\\/schema\\\/logo\\\/image\\\/\",\"url\":\"https:\\\/\\\/www.cometis.de\\\/wp-content\\\/uploads\\\/2024\\\/12-old\\\/Cometis-Mobile-Logo-1.png\",\"contentUrl\":\"https:\\\/\\\/www.cometis.de\\\/wp-content\\\/uploads\\\/2024\\\/12-old\\\/Cometis-Mobile-Logo-1.png\",\"width\":171,\"height\":31,\"caption\":\"cometis AG\"},\"image\":{\"@id\":\"https:\\\/\\\/www.cometis.de\\\/de\\\/#\\\/schema\\\/logo\\\/image\\\/\"},\"sameAs\":[\"https:\\\/\\\/www.linkedin.com\\\/company\\\/cometis-ag\\\/\",\"https:\\\/\\\/www.youtube.com\\\/user\\\/cometisAG\"]}]}<\/script>\n<!-- \/ Yoast SEO Premium plugin. -->","yoast_head_json":{"title":"Events und Konferenzen \u2013 Kontakte kn\u00fcpfen und pflegen | cometis AG","description":"Mit der Organisation oder Teilnahme an Events und Konferenzen pflegen Sie einen kontinuierlichen Kontakt zu den Anspruchsgruppen Ihres Unternehmens.","robots":{"index":"index","follow":"follow","max-snippet":"max-snippet:-1","max-image-preview":"max-image-preview:large","max-video-preview":"max-video-preview:-1"},"canonical":"https:\/\/www.cometis.de\/de\/services\/finanz-pr\/events-und-konferenzen\/","og_locale":"de_DE","og_type":"article","og_title":"Events und Konferenzen","og_description":"Mit der Organisation oder Teilnahme an Events und Konferenzen pflegen Sie einen kontinuierlichen Kontakt zu den Anspruchsgruppen Ihres Unternehmens.","og_url":"https:\/\/www.cometis.de\/de\/services\/finanz-pr\/events-und-konferenzen\/","og_site_name":"cometis AG","article_modified_time":"2025-02-18T06:07:56+00:00","og_image":[{"url":"https:\/\/cometis.de\/wp-content\/uploads\/2025\/01\/DSC01019-e1498751609705_1.webp","type":"","width":"","height":""}],"twitter_card":"summary_large_image","twitter_misc":{"Gesch\u00e4tzte Lesezeit":"3\u00a0Minuten"},"schema":{"@context":"https:\/\/schema.org","@graph":[{"@type":"WebPage","@id":"https:\/\/www.cometis.de\/de\/services\/finanz-pr\/events-und-konferenzen\/","url":"https:\/\/www.cometis.de\/de\/services\/finanz-pr\/events-und-konferenzen\/","name":"Events und Konferenzen \u2013 Kontakte kn\u00fcpfen und pflegen | cometis AG","isPartOf":{"@id":"https:\/\/www.cometis.de\/de\/#website"},"primaryImageOfPage":{"@id":"https:\/\/www.cometis.de\/de\/services\/finanz-pr\/events-und-konferenzen\/#primaryimage"},"image":{"@id":"https:\/\/www.cometis.de\/de\/services\/finanz-pr\/events-und-konferenzen\/#primaryimage"},"thumbnailUrl":"https:\/\/cometis.de\/wp-content\/uploads\/2025\/01\/DSC01019-e1498751609705_1.webp","datePublished":"2025-01-23T09:47:34+00:00","dateModified":"2025-02-18T06:07:56+00:00","description":"Mit der Organisation oder Teilnahme an Events und Konferenzen pflegen Sie einen kontinuierlichen Kontakt zu den Anspruchsgruppen Ihres Unternehmens.","breadcrumb":{"@id":"https:\/\/www.cometis.de\/de\/services\/finanz-pr\/events-und-konferenzen\/#breadcrumb"},"inLanguage":"de","potentialAction":[{"@type":"ReadAction","target":["https:\/\/www.cometis.de\/de\/services\/finanz-pr\/events-und-konferenzen\/"]}]},{"@type":"ImageObject","inLanguage":"de","@id":"https:\/\/www.cometis.de\/de\/services\/finanz-pr\/events-und-konferenzen\/#primaryimage","url":"https:\/\/cometis.de\/wp-content\/uploads\/2025\/01\/DSC01019-e1498751609705_1.webp","contentUrl":"https:\/\/cometis.de\/wp-content\/uploads\/2025\/01\/DSC01019-e1498751609705_1.webp"},{"@type":"BreadcrumbList","@id":"https:\/\/www.cometis.de\/de\/services\/finanz-pr\/events-und-konferenzen\/#breadcrumb","itemListElement":[{"@type":"ListItem","position":1,"name":"Home","item":"https:\/\/www.cometis.de\/de\/"},{"@type":"ListItem","position":2,"name":"Services","item":"https:\/\/www.cometis.de\/de\/services\/"},{"@type":"ListItem","position":3,"name":"PR\/Public Affairs","item":"https:\/\/www.cometis.de\/de\/services\/finanz-pr\/"},{"@type":"ListItem","position":4,"name":"Events und Konferenzen"}]},{"@type":"WebSite","@id":"https:\/\/www.cometis.de\/de\/#website","url":"https:\/\/www.cometis.de\/de\/","name":"cometis AG","description":"Deutschlands f\u00fchrende Investor Relations Agentur","publisher":{"@id":"https:\/\/www.cometis.de\/de\/#organization"},"potentialAction":[{"@type":"SearchAction","target":{"@type":"EntryPoint","urlTemplate":"https:\/\/www.cometis.de\/de\/?s={search_term_string}"},"query-input":{"@type":"PropertyValueSpecification","valueRequired":true,"valueName":"search_term_string"}}],"inLanguage":"de"},{"@type":"Organization","@id":"https:\/\/www.cometis.de\/de\/#organization","name":"cometis AG","alternateName":"Deutschlands f\u00fchrende Investor Relations Agentur","url":"https:\/\/www.cometis.de\/de\/","logo":{"@type":"ImageObject","inLanguage":"de","@id":"https:\/\/www.cometis.de\/de\/#\/schema\/logo\/image\/","url":"https:\/\/www.cometis.de\/wp-content\/uploads\/2024\/12-old\/Cometis-Mobile-Logo-1.png","contentUrl":"https:\/\/www.cometis.de\/wp-content\/uploads\/2024\/12-old\/Cometis-Mobile-Logo-1.png","width":171,"height":31,"caption":"cometis AG"},"image":{"@id":"https:\/\/www.cometis.de\/de\/#\/schema\/logo\/image\/"},"sameAs":["https:\/\/www.linkedin.com\/company\/cometis-ag\/","https:\/\/www.youtube.com\/user\/cometisAG"]}]}},"_links":{"self":[{"href":"https:\/\/www.cometis.de\/de\/wp-json\/wp\/v2\/pages\/4872","targetHints":{"allow":["GET"]}}],"collection":[{"href":"https:\/\/www.cometis.de\/de\/wp-json\/wp\/v2\/pages"}],"about":[{"href":"https:\/\/www.cometis.de\/de\/wp-json\/wp\/v2\/types\/page"}],"author":[{"embeddable":true,"href":"https:\/\/www.cometis.de\/de\/wp-json\/wp\/v2\/users\/1"}],"replies":[{"embeddable":true,"href":"https:\/\/www.cometis.de\/de\/wp-json\/wp\/v2\/comments?post=4872"}],"version-history":[{"count":6,"href":"https:\/\/www.cometis.de\/de\/wp-json\/wp\/v2\/pages\/4872\/revisions"}],"predecessor-version":[{"id":107623,"href":"https:\/\/www.cometis.de\/de\/wp-json\/wp\/v2\/pages\/4872\/revisions\/107623"}],"up":[{"embeddable":true,"href":"https:\/\/www.cometis.de\/de\/wp-json\/wp\/v2\/pages\/4783"}],"wp:attachment":[{"href":"https:\/\/www.cometis.de\/de\/wp-json\/wp\/v2\/media?parent=4872"}],"curies":[{"name":"wp","href":"https:\/\/api.w.org\/{rel}","templated":true}]}}