{"id":4953,"date":"2025-01-23T11:59:04","date_gmt":"2025-01-23T10:59:04","guid":{"rendered":"https:\/\/cometis.de\/?page_id=4953"},"modified":"2025-02-17T14:35:26","modified_gmt":"2025-02-17T13:35:26","slug":"bond-factsheet","status":"publish","type":"page","link":"https:\/\/www.cometis.de\/de\/services\/anleihe\/bond-factsheet\/","title":{"rendered":"Bond-Factsheet"},"content":{"rendered":"\t\t<div data-elementor-type=\"wp-page\" data-elementor-id=\"4953\" class=\"elementor elementor-4953\" data-elementor-post-type=\"page\">\n\t\t\t\t<div class=\"elementor-element elementor-element-902fd25 e-flex e-con-boxed e-con e-parent\" data-id=\"902fd25\" data-element_type=\"container\" data-e-type=\"container\">\n\t\t\t\t\t<div class=\"e-con-inner\">\n\t\t\t\t<div class=\"elementor-element elementor-element-f4fb7f5 elementor-widget elementor-widget-template\" data-id=\"f4fb7f5\" data-element_type=\"widget\" data-e-type=\"widget\" data-widget_type=\"template.default\">\n\t\t\t\t<div class=\"elementor-widget-container\">\n\t\t\t\t\t\t\t<div class=\"elementor-template\">\n\t\t\t\t\t<div data-elementor-type=\"section\" data-elementor-id=\"766\" class=\"elementor elementor-766\" data-elementor-post-type=\"elementor_library\">\n\t\t\t<div class=\"elementor-element elementor-element-1f34e34 e-flex e-con-boxed e-con e-parent\" data-id=\"1f34e34\" data-element_type=\"container\" data-e-type=\"container\">\n\t\t\t\t\t<div class=\"e-con-inner\">\n\t\t<div class=\"elementor-element elementor-element-e68c844 e-con-full e-flex e-con e-child\" data-id=\"e68c844\" data-element_type=\"container\" data-e-type=\"container\" data-settings=\"{&quot;background_background&quot;:&quot;classic&quot;}\">\n\t\t\t\t<\/div>\n\t\t<div class=\"elementor-element elementor-element-b7dac6f e-con-full e-flex e-con e-child\" data-id=\"b7dac6f\" data-element_type=\"container\" data-e-type=\"container\">\n\t\t\t\t<div class=\"elementor-element elementor-element-ce54cc3 elementor-align-left elementor-widget elementor-widget-breadcrumbs\" data-id=\"ce54cc3\" data-element_type=\"widget\" data-e-type=\"widget\" data-widget_type=\"breadcrumbs.default\">\n\t\t\t\t<div class=\"elementor-widget-container\">\n\t\t\t\t\t<div id=\"breadcrumbs\"><span><span><a href=\"https:\/\/www.cometis.de\/de\/\">Home<\/a><\/span><\/span><\/div>\t\t\t\t<\/div>\n\t\t\t\t<\/div>\n\t\t\t\t<\/div>\n\t\t\t\t\t<\/div>\n\t\t\t\t<\/div>\n\t\t\t\t<\/div>\n\t\t\t\t<\/div>\n\t\t\t\t\t\t<\/div>\n\t\t\t\t<\/div>\n\t\t\t\t\t<\/div>\n\t\t\t\t<\/div>\n\t\t<div class=\"elementor-element elementor-element-a930613 cmn-sidebar-content e-flex e-con-boxed e-con e-parent\" data-id=\"a930613\" data-element_type=\"container\" data-e-type=\"container\" data-settings=\"{&quot;background_background&quot;:&quot;classic&quot;,&quot;background_motion_fx_motion_fx_scrolling&quot;:&quot;yes&quot;,&quot;background_motion_fx_translateY_effect&quot;:&quot;yes&quot;,&quot;background_motion_fx_translateY_speed&quot;:{&quot;unit&quot;:&quot;px&quot;,&quot;size&quot;:2,&quot;sizes&quot;:[]},&quot;background_motion_fx_translateY_direction&quot;:&quot;negative&quot;,&quot;background_motion_fx_translateY_affectedRange&quot;:{&quot;unit&quot;:&quot;%&quot;,&quot;size&quot;:&quot;&quot;,&quot;sizes&quot;:{&quot;start&quot;:0,&quot;end&quot;:100}},&quot;background_motion_fx_devices&quot;:[&quot;desktop&quot;,&quot;tablet&quot;,&quot;mobile&quot;]}\">\n\t\t\t\t\t<div class=\"e-con-inner\">\n\t\t<div class=\"elementor-element elementor-element-96afebd e-con-full cmn-sidebar-content p-100 e-flex e-con e-child\" data-id=\"96afebd\" data-element_type=\"container\" data-e-type=\"container\">\n\t\t<div class=\"elementor-element elementor-element-5b4caf2 e-con-full cmn-content-box e-flex e-con e-child\" data-id=\"5b4caf2\" data-element_type=\"container\" data-e-type=\"container\">\n\t\t<div class=\"elementor-element elementor-element-d68f4df e-con-full cmn-content-box-container e-flex e-con e-child\" data-id=\"d68f4df\" data-element_type=\"container\" data-e-type=\"container\">\n\t\t\t\t<div class=\"elementor-element elementor-element-d7d07eb elementor-widget elementor-widget-heading\" data-id=\"d7d07eb\" data-element_type=\"widget\" data-e-type=\"widget\" data-widget_type=\"heading.default\">\n\t\t\t\t<div class=\"elementor-widget-container\">\n\t\t\t\t\t<h2 class=\"elementor-heading-title elementor-size-default\">Bond-Factsheet<\/h2>\t\t\t\t<\/div>\n\t\t\t\t<\/div>\n\t\t\t\t<div class=\"elementor-element elementor-element-0e84e61 elementor-widget elementor-widget-text-editor\" data-id=\"0e84e61\" data-element_type=\"widget\" data-e-type=\"widget\" data-widget_type=\"text-editor.default\">\n\t\t\t\t<div class=\"elementor-widget-container\">\n\t\t\t\t\t\t\t\t\t<p>Ein ansprechendes und klar strukturiertes Bond-Factsheet ist f\u00fcr jeden Anleiheemittenten ein n\u00fctzlicher Begleiter bei Journalisten- und Anlegergespr\u00e4chen. Das auf die Anleiheemission zugeschnittene Factsheet fasst die wesentlichen Fakten Ihres Unternehmens pr\u00e4zise in einem zumeist doppelseitig im DIN A5- oder DIN A4-Format erstellten Dokument zusammen. F\u00fcr Anleger, die mit Ihrem Unternehmen und der Branche bislang noch nicht vertraut sind, bietet das Factsheet einen optimalen \u00dcberblick \u00fcber die wichtigsten Fakten zu Ihrem Unternehmen und Details zur Anleiheemission.<\/p>\t\t\t\t\t\t\t\t<\/div>\n\t\t\t\t<\/div>\n\t\t\t\t<div class=\"elementor-element elementor-element-4a95672 cmn-content-box-btn elementor-widget elementor-widget-button\" data-id=\"4a95672\" data-element_type=\"widget\" data-e-type=\"widget\" data-widget_type=\"button.default\">\n\t\t\t\t<div class=\"elementor-widget-container\">\n\t\t\t\t\t\t\t\t\t<div class=\"elementor-button-wrapper\">\n\t\t\t\t\t<a class=\"elementor-button elementor-button-link elementor-size-sm\" href=\"\/de\/cometis-ag\/referenzen\/anleiheemissionen-referenzen\">\n\t\t\t\t\t\t<span class=\"elementor-button-content-wrapper\">\n\t\t\t\t\t\t<span class=\"elementor-button-icon\">\n\t\t\t\t<svg aria-hidden=\"true\" class=\"e-font-icon-svg e-fas-chevron-right\" viewBox=\"0 0 320 512\" xmlns=\"http:\/\/www.w3.org\/2000\/svg\"><path d=\"M285.476 272.971L91.132 467.314c-9.373 9.373-24.569 9.373-33.941 0l-22.667-22.667c-9.357-9.357-9.375-24.522-.04-33.901L188.505 256 34.484 101.255c-9.335-9.379-9.317-24.544.04-33.901l22.667-22.667c9.373-9.373 24.569-9.373 33.941 0L285.475 239.03c9.373 9.372 9.373 24.568.001 33.941z\"><\/path><\/svg>\t\t\t<\/span>\n\t\t\t\t\t\t\t\t\t<span class=\"elementor-button-text\">Unsere Referenzen<\/span>\n\t\t\t\t\t<\/span>\n\t\t\t\t\t<\/a>\n\t\t\t\t<\/div>\n\t\t\t\t\t\t\t\t<\/div>\n\t\t\t\t<\/div>\n\t\t\t\t<\/div>\n\t\t<div class=\"elementor-element elementor-element-9873c1b e-con-full cmn-content-box-container e-flex e-con e-child\" data-id=\"9873c1b\" data-element_type=\"container\" data-e-type=\"container\">\n\t\t\t\t<div class=\"elementor-element elementor-element-b44c74c elementor-widget elementor-widget-heading\" data-id=\"b44c74c\" data-element_type=\"widget\" data-e-type=\"widget\" data-widget_type=\"heading.default\">\n\t\t\t\t<div class=\"elementor-widget-container\">\n\t\t\t\t\t<h2 class=\"elementor-heading-title elementor-size-default\">Factsheet pr\u00e4sentiert relevante Fakten zur Anleiheemission<\/h2>\t\t\t\t<\/div>\n\t\t\t\t<\/div>\n\t\t\t\t<div class=\"elementor-element elementor-element-e7d4659 elementor-widget elementor-widget-text-editor\" data-id=\"e7d4659\" data-element_type=\"widget\" data-e-type=\"widget\" data-widget_type=\"text-editor.default\">\n\t\t\t\t<div class=\"elementor-widget-container\">\n\t\t\t\t\t\t\t\t\t<p>Factsheets beinhalten unternehmens- und transaktionsrelevante Informationen wie beispielsweise das Gesch\u00e4ftsmodell, die Historie, das Management, die Kennzahlen, die Eckdaten der Transaktion und die Kontaktdaten. W\u00e4hrend in einem turnusm\u00e4\u00dfig aktualisierten Unternehmens-Factsheet vor allem die Vorstellung des Unternehmens sowie die historischen und aktuellen Kennzahlen und ggf. Aktienkursinformationen im Vordergrund stehen, konzentriert sich das Bond-Factsheet auf die relevanten Daten der Anleiheemission. cometis unterst\u00fctzt Sie dabei, dass Ihre Investment-Highlights ideal zur Sprache kommen. Dabei profitieren Sie von langj\u00e4hriger Erfahrung und ausgewiesener Expertise im Bereich der Kapitalmarktkommunikation. Wir wissen genau, welche Themen auf einem Factsheet genannt werden m\u00fcssen, um gezielt die Vorz\u00fcge Ihres Gesch\u00e4ftsmodells herauszustellen und erfolgreich zu kommunizieren.<\/p>\t\t\t\t\t\t\t\t<\/div>\n\t\t\t\t<\/div>\n\t\t\t\t<\/div>\n\t\t<div class=\"elementor-element elementor-element-5bd0a21 e-con-full cmn-content-box-container e-flex e-con e-child\" data-id=\"5bd0a21\" data-element_type=\"container\" data-e-type=\"container\">\n\t\t\t\t<div class=\"elementor-element elementor-element-1c86b54 elementor-widget elementor-widget-heading\" data-id=\"1c86b54\" data-element_type=\"widget\" data-e-type=\"widget\" data-widget_type=\"heading.default\">\n\t\t\t\t<div class=\"elementor-widget-container\">\n\t\t\t\t\t<h2 class=\"elementor-heading-title elementor-size-default\">Treten Sie mit uns in Kontakt<\/h2>\t\t\t\t<\/div>\n\t\t\t\t<\/div>\n\t\t\t\t<div class=\"elementor-element elementor-element-eec6ab5 custom-list elementor-widget elementor-widget-text-editor\" data-id=\"eec6ab5\" data-element_type=\"widget\" data-e-type=\"widget\" data-widget_type=\"text-editor.default\">\n\t\t\t\t<div class=\"elementor-widget-container\">\n\t\t\t\t\t\t\t\t\t<p>Schaffen Sie mit einem individuellen Fact Sheet den Ausgangspunkt f\u00fcr erfolgreiche Gespr\u00e4che mit Anlegern und Journalisten. Sie erhalten das pr\u00e4zise formulierte und klar strukturierte Fact Sheet in Ihrem Wunschformat. Geben Sie jetzt Ihr Fact Sheet in Auftrag und schaffen Sie die Voraussetzungen f\u00fcr eine erfolgreiche Anleiheplatzierung!<\/p><p style=\"margin-top: 1em;\"><strong>Hier finden Sie einen ausgew\u00e4hlten Bond-Factsheet zum Download<\/strong><\/p><ul><li><a title=\"Ferratum Factsheet\" href=\"\/wp-content\/uploads\/2016\/12\/Ferratum_Bond-Factsheet.pdf\" target=\"_blank\" rel=\"noopener\">Ferratum<\/a><\/li><\/ul>\t\t\t\t\t\t\t\t<\/div>\n\t\t\t\t<\/div>\n\t\t\t\t<\/div>\n\t\t\t\t<\/div>\n\t\t\t\t<\/div>\n\t\t\t\t\t<\/div>\n\t\t\t\t<\/div>\n\t\t\t\t<\/div>\n\t\t","protected":false},"excerpt":{"rendered":"<p>Bond-Factsheet Ein ansprechendes und klar strukturiertes Bond-Factsheet ist f\u00fcr jeden Anleiheemittenten ein n\u00fctzlicher Begleiter bei Journalisten- und Anlegergespr\u00e4chen. Das auf die Anleiheemission zugeschnittene Factsheet fasst die wesentlichen Fakten Ihres Unternehmens pr\u00e4zise in einem zumeist doppelseitig im DIN A5- oder DIN A4-Format erstellten Dokument zusammen. F\u00fcr Anleger, die mit Ihrem Unternehmen und der Branche bislang noch [&hellip;]<\/p>\n","protected":false},"author":1,"featured_media":0,"parent":3425,"menu_order":0,"comment_status":"closed","ping_status":"open","template":"","meta":{"_acf_changed":false,"footnotes":""},"class_list":["post-4953","page","type-page","status-publish","hentry"],"acf":[],"yoast_head":"<!-- This site is optimized with the Yoast SEO Premium plugin v26.2 (Yoast SEO v27.4) - https:\/\/yoast.com\/product\/yoast-seo-premium-wordpress\/ -->\n<title>Bond Factsheet - Die Pr\u00e4sentation f\u00fcr interessierte Anleger | cometis AG<\/title>\n<meta name=\"description\" content=\"Im Bond Factsheet finden Anleger alle wichtigen Fakten zur Anleiheemission auf einen Blick. cometis AG hilft Ihnen bei der Erstellung des Factsheet.\" \/>\n<meta name=\"robots\" content=\"index, follow, max-snippet:-1, max-image-preview:large, max-video-preview:-1\" \/>\n<link rel=\"canonical\" href=\"https:\/\/www.cometis.de\/de\/services\/anleihe\/bond-factsheet\/\" \/>\n<meta property=\"og:locale\" content=\"de_DE\" \/>\n<meta property=\"og:type\" content=\"article\" \/>\n<meta property=\"og:title\" content=\"Bond-Factsheet\" \/>\n<meta property=\"og:description\" content=\"Im Bond Factsheet finden Anleger alle wichtigen Fakten zur Anleiheemission auf einen Blick. cometis AG hilft Ihnen bei der Erstellung des Factsheet.\" \/>\n<meta property=\"og:url\" content=\"https:\/\/www.cometis.de\/de\/services\/anleihe\/bond-factsheet\/\" \/>\n<meta property=\"og:site_name\" content=\"cometis AG\" \/>\n<meta property=\"article:modified_time\" content=\"2025-02-17T13:35:26+00:00\" \/>\n<meta property=\"og:image\" content=\"https:\/\/www.cometis.de\/wp-content\/uploads\/2024\/12-old\/Cometis-Mobile-Logo-1.png\" \/>\n\t<meta property=\"og:image:width\" content=\"171\" \/>\n\t<meta property=\"og:image:height\" content=\"31\" \/>\n\t<meta property=\"og:image:type\" content=\"image\/png\" \/>\n<meta name=\"twitter:card\" content=\"summary_large_image\" \/>\n<meta name=\"twitter:label1\" content=\"Gesch\u00e4tzte Lesezeit\" \/>\n\t<meta name=\"twitter:data1\" content=\"2\u00a0Minuten\" \/>\n<script type=\"application\/ld+json\" class=\"yoast-schema-graph\">{\"@context\":\"https:\\\/\\\/schema.org\",\"@graph\":[{\"@type\":\"WebPage\",\"@id\":\"https:\\\/\\\/www.cometis.de\\\/de\\\/services\\\/anleihe\\\/bond-factsheet\\\/\",\"url\":\"https:\\\/\\\/www.cometis.de\\\/de\\\/services\\\/anleihe\\\/bond-factsheet\\\/\",\"name\":\"Bond Factsheet - Die Pr\u00e4sentation f\u00fcr interessierte Anleger | cometis AG\",\"isPartOf\":{\"@id\":\"https:\\\/\\\/www.cometis.de\\\/de\\\/#website\"},\"datePublished\":\"2025-01-23T10:59:04+00:00\",\"dateModified\":\"2025-02-17T13:35:26+00:00\",\"description\":\"Im Bond Factsheet finden Anleger alle wichtigen Fakten zur Anleiheemission auf einen Blick. cometis AG hilft Ihnen bei der Erstellung des Factsheet.\",\"breadcrumb\":{\"@id\":\"https:\\\/\\\/www.cometis.de\\\/de\\\/services\\\/anleihe\\\/bond-factsheet\\\/#breadcrumb\"},\"inLanguage\":\"de\",\"potentialAction\":[{\"@type\":\"ReadAction\",\"target\":[\"https:\\\/\\\/www.cometis.de\\\/de\\\/services\\\/anleihe\\\/bond-factsheet\\\/\"]}]},{\"@type\":\"BreadcrumbList\",\"@id\":\"https:\\\/\\\/www.cometis.de\\\/de\\\/services\\\/anleihe\\\/bond-factsheet\\\/#breadcrumb\",\"itemListElement\":[{\"@type\":\"ListItem\",\"position\":1,\"name\":\"Home\",\"item\":\"https:\\\/\\\/www.cometis.de\\\/de\\\/\"},{\"@type\":\"ListItem\",\"position\":2,\"name\":\"Services\",\"item\":\"https:\\\/\\\/www.cometis.de\\\/de\\\/services\\\/\"},{\"@type\":\"ListItem\",\"position\":3,\"name\":\"Anleihe\",\"item\":\"https:\\\/\\\/www.cometis.de\\\/de\\\/services\\\/anleihe\\\/\"},{\"@type\":\"ListItem\",\"position\":4,\"name\":\"Bond-Factsheet\"}]},{\"@type\":\"WebSite\",\"@id\":\"https:\\\/\\\/www.cometis.de\\\/de\\\/#website\",\"url\":\"https:\\\/\\\/www.cometis.de\\\/de\\\/\",\"name\":\"cometis AG\",\"description\":\"Deutschlands f\u00fchrende Investor Relations Agentur\",\"publisher\":{\"@id\":\"https:\\\/\\\/www.cometis.de\\\/de\\\/#organization\"},\"potentialAction\":[{\"@type\":\"SearchAction\",\"target\":{\"@type\":\"EntryPoint\",\"urlTemplate\":\"https:\\\/\\\/www.cometis.de\\\/de\\\/?s={search_term_string}\"},\"query-input\":{\"@type\":\"PropertyValueSpecification\",\"valueRequired\":true,\"valueName\":\"search_term_string\"}}],\"inLanguage\":\"de\"},{\"@type\":\"Organization\",\"@id\":\"https:\\\/\\\/www.cometis.de\\\/de\\\/#organization\",\"name\":\"cometis AG\",\"alternateName\":\"Deutschlands f\u00fchrende Investor Relations Agentur\",\"url\":\"https:\\\/\\\/www.cometis.de\\\/de\\\/\",\"logo\":{\"@type\":\"ImageObject\",\"inLanguage\":\"de\",\"@id\":\"https:\\\/\\\/www.cometis.de\\\/de\\\/#\\\/schema\\\/logo\\\/image\\\/\",\"url\":\"https:\\\/\\\/www.cometis.de\\\/wp-content\\\/uploads\\\/2024\\\/12-old\\\/Cometis-Mobile-Logo-1.png\",\"contentUrl\":\"https:\\\/\\\/www.cometis.de\\\/wp-content\\\/uploads\\\/2024\\\/12-old\\\/Cometis-Mobile-Logo-1.png\",\"width\":171,\"height\":31,\"caption\":\"cometis AG\"},\"image\":{\"@id\":\"https:\\\/\\\/www.cometis.de\\\/de\\\/#\\\/schema\\\/logo\\\/image\\\/\"},\"sameAs\":[\"https:\\\/\\\/www.linkedin.com\\\/company\\\/cometis-ag\\\/\",\"https:\\\/\\\/www.youtube.com\\\/user\\\/cometisAG\"]}]}<\/script>\n<!-- \/ Yoast SEO Premium plugin. -->","yoast_head_json":{"title":"Bond Factsheet - Die Pr\u00e4sentation f\u00fcr interessierte Anleger | cometis AG","description":"Im Bond Factsheet finden Anleger alle wichtigen Fakten zur Anleiheemission auf einen Blick. cometis AG hilft Ihnen bei der Erstellung des Factsheet.","robots":{"index":"index","follow":"follow","max-snippet":"max-snippet:-1","max-image-preview":"max-image-preview:large","max-video-preview":"max-video-preview:-1"},"canonical":"https:\/\/www.cometis.de\/de\/services\/anleihe\/bond-factsheet\/","og_locale":"de_DE","og_type":"article","og_title":"Bond-Factsheet","og_description":"Im Bond Factsheet finden Anleger alle wichtigen Fakten zur Anleiheemission auf einen Blick. cometis AG hilft Ihnen bei der Erstellung des Factsheet.","og_url":"https:\/\/www.cometis.de\/de\/services\/anleihe\/bond-factsheet\/","og_site_name":"cometis AG","article_modified_time":"2025-02-17T13:35:26+00:00","og_image":[{"width":171,"height":31,"url":"https:\/\/www.cometis.de\/wp-content\/uploads\/2024\/12-old\/Cometis-Mobile-Logo-1.png","type":"image\/png"}],"twitter_card":"summary_large_image","twitter_misc":{"Gesch\u00e4tzte Lesezeit":"2\u00a0Minuten"},"schema":{"@context":"https:\/\/schema.org","@graph":[{"@type":"WebPage","@id":"https:\/\/www.cometis.de\/de\/services\/anleihe\/bond-factsheet\/","url":"https:\/\/www.cometis.de\/de\/services\/anleihe\/bond-factsheet\/","name":"Bond Factsheet - Die Pr\u00e4sentation f\u00fcr interessierte Anleger | cometis AG","isPartOf":{"@id":"https:\/\/www.cometis.de\/de\/#website"},"datePublished":"2025-01-23T10:59:04+00:00","dateModified":"2025-02-17T13:35:26+00:00","description":"Im Bond Factsheet finden Anleger alle wichtigen Fakten zur Anleiheemission auf einen Blick. cometis AG hilft Ihnen bei der Erstellung des Factsheet.","breadcrumb":{"@id":"https:\/\/www.cometis.de\/de\/services\/anleihe\/bond-factsheet\/#breadcrumb"},"inLanguage":"de","potentialAction":[{"@type":"ReadAction","target":["https:\/\/www.cometis.de\/de\/services\/anleihe\/bond-factsheet\/"]}]},{"@type":"BreadcrumbList","@id":"https:\/\/www.cometis.de\/de\/services\/anleihe\/bond-factsheet\/#breadcrumb","itemListElement":[{"@type":"ListItem","position":1,"name":"Home","item":"https:\/\/www.cometis.de\/de\/"},{"@type":"ListItem","position":2,"name":"Services","item":"https:\/\/www.cometis.de\/de\/services\/"},{"@type":"ListItem","position":3,"name":"Anleihe","item":"https:\/\/www.cometis.de\/de\/services\/anleihe\/"},{"@type":"ListItem","position":4,"name":"Bond-Factsheet"}]},{"@type":"WebSite","@id":"https:\/\/www.cometis.de\/de\/#website","url":"https:\/\/www.cometis.de\/de\/","name":"cometis AG","description":"Deutschlands f\u00fchrende Investor Relations Agentur","publisher":{"@id":"https:\/\/www.cometis.de\/de\/#organization"},"potentialAction":[{"@type":"SearchAction","target":{"@type":"EntryPoint","urlTemplate":"https:\/\/www.cometis.de\/de\/?s={search_term_string}"},"query-input":{"@type":"PropertyValueSpecification","valueRequired":true,"valueName":"search_term_string"}}],"inLanguage":"de"},{"@type":"Organization","@id":"https:\/\/www.cometis.de\/de\/#organization","name":"cometis AG","alternateName":"Deutschlands f\u00fchrende Investor Relations Agentur","url":"https:\/\/www.cometis.de\/de\/","logo":{"@type":"ImageObject","inLanguage":"de","@id":"https:\/\/www.cometis.de\/de\/#\/schema\/logo\/image\/","url":"https:\/\/www.cometis.de\/wp-content\/uploads\/2024\/12-old\/Cometis-Mobile-Logo-1.png","contentUrl":"https:\/\/www.cometis.de\/wp-content\/uploads\/2024\/12-old\/Cometis-Mobile-Logo-1.png","width":171,"height":31,"caption":"cometis AG"},"image":{"@id":"https:\/\/www.cometis.de\/de\/#\/schema\/logo\/image\/"},"sameAs":["https:\/\/www.linkedin.com\/company\/cometis-ag\/","https:\/\/www.youtube.com\/user\/cometisAG"]}]}},"_links":{"self":[{"href":"https:\/\/www.cometis.de\/de\/wp-json\/wp\/v2\/pages\/4953","targetHints":{"allow":["GET"]}}],"collection":[{"href":"https:\/\/www.cometis.de\/de\/wp-json\/wp\/v2\/pages"}],"about":[{"href":"https:\/\/www.cometis.de\/de\/wp-json\/wp\/v2\/types\/page"}],"author":[{"embeddable":true,"href":"https:\/\/www.cometis.de\/de\/wp-json\/wp\/v2\/users\/1"}],"replies":[{"embeddable":true,"href":"https:\/\/www.cometis.de\/de\/wp-json\/wp\/v2\/comments?post=4953"}],"version-history":[{"count":3,"href":"https:\/\/www.cometis.de\/de\/wp-json\/wp\/v2\/pages\/4953\/revisions"}],"predecessor-version":[{"id":107277,"href":"https:\/\/www.cometis.de\/de\/wp-json\/wp\/v2\/pages\/4953\/revisions\/107277"}],"up":[{"embeddable":true,"href":"https:\/\/www.cometis.de\/de\/wp-json\/wp\/v2\/pages\/3425"}],"wp:attachment":[{"href":"https:\/\/www.cometis.de\/de\/wp-json\/wp\/v2\/media?parent=4953"}],"curies":[{"name":"wp","href":"https:\/\/api.w.org\/{rel}","templated":true}]}}