{"id":4968,"date":"2025-01-23T12:09:00","date_gmt":"2025-01-23T11:09:00","guid":{"rendered":"https:\/\/cometis.de\/?page_id=4968"},"modified":"2025-02-17T14:35:51","modified_gmt":"2025-02-17T13:35:51","slug":"bond-praesentation","status":"publish","type":"page","link":"https:\/\/www.cometis.de\/de\/services\/anleihe\/bond-praesentation\/","title":{"rendered":"Bond-Pr\u00e4sentation"},"content":{"rendered":"\t\t<div data-elementor-type=\"wp-page\" data-elementor-id=\"4968\" class=\"elementor elementor-4968\" data-elementor-post-type=\"page\">\n\t\t\t\t<div class=\"elementor-element elementor-element-727229c e-flex e-con-boxed e-con e-parent\" data-id=\"727229c\" data-element_type=\"container\" data-e-type=\"container\">\n\t\t\t\t\t<div class=\"e-con-inner\">\n\t\t\t\t<div class=\"elementor-element elementor-element-51c5b7d elementor-widget elementor-widget-template\" data-id=\"51c5b7d\" data-element_type=\"widget\" data-e-type=\"widget\" data-widget_type=\"template.default\">\n\t\t\t\t<div class=\"elementor-widget-container\">\n\t\t\t\t\t\t\t<div class=\"elementor-template\">\n\t\t\t\t\t<div data-elementor-type=\"section\" data-elementor-id=\"766\" class=\"elementor elementor-766\" data-elementor-post-type=\"elementor_library\">\n\t\t\t<div class=\"elementor-element elementor-element-1f34e34 e-flex e-con-boxed e-con e-parent\" data-id=\"1f34e34\" data-element_type=\"container\" data-e-type=\"container\">\n\t\t\t\t\t<div class=\"e-con-inner\">\n\t\t<div class=\"elementor-element elementor-element-e68c844 e-con-full e-flex e-con e-child\" data-id=\"e68c844\" data-element_type=\"container\" data-e-type=\"container\" data-settings=\"{&quot;background_background&quot;:&quot;classic&quot;}\">\n\t\t\t\t<\/div>\n\t\t<div class=\"elementor-element elementor-element-b7dac6f e-con-full e-flex e-con e-child\" data-id=\"b7dac6f\" data-element_type=\"container\" data-e-type=\"container\">\n\t\t\t\t<div class=\"elementor-element elementor-element-ce54cc3 elementor-align-left elementor-widget elementor-widget-breadcrumbs\" data-id=\"ce54cc3\" data-element_type=\"widget\" data-e-type=\"widget\" data-widget_type=\"breadcrumbs.default\">\n\t\t\t\t<div class=\"elementor-widget-container\">\n\t\t\t\t\t<div id=\"breadcrumbs\"><span><span><a href=\"https:\/\/www.cometis.de\/de\/\">Home<\/a><\/span><\/span><\/div>\t\t\t\t<\/div>\n\t\t\t\t<\/div>\n\t\t\t\t<\/div>\n\t\t\t\t\t<\/div>\n\t\t\t\t<\/div>\n\t\t\t\t<\/div>\n\t\t\t\t<\/div>\n\t\t\t\t\t\t<\/div>\n\t\t\t\t<\/div>\n\t\t\t\t\t<\/div>\n\t\t\t\t<\/div>\n\t\t<div class=\"elementor-element elementor-element-b04f627 cmn-sidebar-content e-flex e-con-boxed e-con e-parent\" data-id=\"b04f627\" data-element_type=\"container\" data-e-type=\"container\" data-settings=\"{&quot;background_background&quot;:&quot;classic&quot;,&quot;background_motion_fx_motion_fx_scrolling&quot;:&quot;yes&quot;,&quot;background_motion_fx_translateY_effect&quot;:&quot;yes&quot;,&quot;background_motion_fx_translateY_speed&quot;:{&quot;unit&quot;:&quot;px&quot;,&quot;size&quot;:2,&quot;sizes&quot;:[]},&quot;background_motion_fx_translateY_direction&quot;:&quot;negative&quot;,&quot;background_motion_fx_translateY_affectedRange&quot;:{&quot;unit&quot;:&quot;%&quot;,&quot;size&quot;:&quot;&quot;,&quot;sizes&quot;:{&quot;start&quot;:0,&quot;end&quot;:100}},&quot;background_motion_fx_devices&quot;:[&quot;desktop&quot;,&quot;tablet&quot;,&quot;mobile&quot;]}\">\n\t\t\t\t\t<div class=\"e-con-inner\">\n\t\t<div class=\"elementor-element elementor-element-b66da93 e-con-full cmn-sidebar-content p-100 e-flex e-con e-child\" data-id=\"b66da93\" data-element_type=\"container\" data-e-type=\"container\">\n\t\t<div class=\"elementor-element elementor-element-1dfa1f8 e-con-full cmn-content-box e-flex e-con e-child\" data-id=\"1dfa1f8\" data-element_type=\"container\" data-e-type=\"container\">\n\t\t<div class=\"elementor-element elementor-element-dbf5329 e-con-full cmn-content-box-container e-flex e-con e-child\" data-id=\"dbf5329\" data-element_type=\"container\" data-e-type=\"container\">\n\t\t\t\t<div class=\"elementor-element elementor-element-5a458f3 elementor-widget elementor-widget-heading\" data-id=\"5a458f3\" data-element_type=\"widget\" data-e-type=\"widget\" data-widget_type=\"heading.default\">\n\t\t\t\t<div class=\"elementor-widget-container\">\n\t\t\t\t\t<h2 class=\"elementor-heading-title elementor-size-default\">Mit ansprechender Bond-Pr\u00e4sentation Investoren \u00fcberzeugen<\/h2>\t\t\t\t<\/div>\n\t\t\t\t<\/div>\n\t\t\t\t<div class=\"elementor-element elementor-element-9fbbce3 elementor-widget elementor-widget-text-editor\" data-id=\"9fbbce3\" data-element_type=\"widget\" data-e-type=\"widget\" data-widget_type=\"text-editor.default\">\n\t\t\t\t<div class=\"elementor-widget-container\">\n\t\t\t\t\t\t\t\t\t<p>Die <a href=\"\/de\/services\/anleihe\/bond-story\/\">Bond Story<\/a> ist ein wichtiges Kommunikationsmittel im Rahmen einer Anleiheemission, in der Ihr erfolgreicher Track-Record f\u00fcr interessierte Anleger ansprechend aufbereitet wird. Als Beratungsunternehmen mit langj\u00e4hriger Erfahrung in der Kommunikation von Anleiheemissionen unterst\u00fctzen wir Sie dabei, relevante Inhalte zielgruppengerecht f\u00fcr Anleger aufzubereiten. Schlie\u00dflich ist es das Ziel, Anleger von Ihrer Story und damit von der Zeichnung Ihrer Anleihe zu \u00fcberzeugen.<\/p>\t\t\t\t\t\t\t\t<\/div>\n\t\t\t\t<\/div>\n\t\t\t\t<div class=\"elementor-element elementor-element-64f75f4 cmn-content-box-btn elementor-widget elementor-widget-button\" data-id=\"64f75f4\" data-element_type=\"widget\" data-e-type=\"widget\" data-widget_type=\"button.default\">\n\t\t\t\t<div class=\"elementor-widget-container\">\n\t\t\t\t\t\t\t\t\t<div class=\"elementor-button-wrapper\">\n\t\t\t\t\t<a class=\"elementor-button elementor-button-link elementor-size-sm\" href=\"\/de\/cometis-ag\/referenzen\/anleiheemissionen-referenzen\">\n\t\t\t\t\t\t<span class=\"elementor-button-content-wrapper\">\n\t\t\t\t\t\t<span class=\"elementor-button-icon\">\n\t\t\t\t<svg aria-hidden=\"true\" class=\"e-font-icon-svg e-fas-chevron-right\" viewBox=\"0 0 320 512\" xmlns=\"http:\/\/www.w3.org\/2000\/svg\"><path d=\"M285.476 272.971L91.132 467.314c-9.373 9.373-24.569 9.373-33.941 0l-22.667-22.667c-9.357-9.357-9.375-24.522-.04-33.901L188.505 256 34.484 101.255c-9.335-9.379-9.317-24.544.04-33.901l22.667-22.667c9.373-9.373 24.569-9.373 33.941 0L285.475 239.03c9.373 9.372 9.373 24.568.001 33.941z\"><\/path><\/svg>\t\t\t<\/span>\n\t\t\t\t\t\t\t\t\t<span class=\"elementor-button-text\">Unsere Referenzen<\/span>\n\t\t\t\t\t<\/span>\n\t\t\t\t\t<\/a>\n\t\t\t\t<\/div>\n\t\t\t\t\t\t\t\t<\/div>\n\t\t\t\t<\/div>\n\t\t\t\t<\/div>\n\t\t<div class=\"elementor-element elementor-element-a6e038b e-con-full cmn-content-box-container e-flex e-con e-child\" data-id=\"a6e038b\" data-element_type=\"container\" data-e-type=\"container\">\n\t\t\t\t<div class=\"elementor-element elementor-element-38209ff elementor-widget elementor-widget-heading\" data-id=\"38209ff\" data-element_type=\"widget\" data-e-type=\"widget\" data-widget_type=\"heading.default\">\n\t\t\t\t<div class=\"elementor-widget-container\">\n\t\t\t\t\t<h2 class=\"elementor-heading-title elementor-size-default\">Investment-Highlights in Bond-Pr\u00e4sentation ansprechend darstellen<\/h2>\t\t\t\t<\/div>\n\t\t\t\t<\/div>\n\t\t\t\t<div class=\"elementor-element elementor-element-f2f23ed elementor-widget elementor-widget-text-editor\" data-id=\"f2f23ed\" data-element_type=\"widget\" data-e-type=\"widget\" data-widget_type=\"text-editor.default\">\n\t\t\t\t<div class=\"elementor-widget-container\">\n\t\t\t\t\t\t\t\t\tIn Ihrer Pr\u00e4sentation zur angebotenen Anleihe bringen wir die St\u00e4rken und Wettbewerbsvorteile Ihres Unternehmens auf den Punkt. Als Basis sollte die vorab definierte <a href=\"\/de\/services\/anleihe\/bond-story\/\">Bond Story<\/a> dienen, deren wesentliche Botschaften mit der Pr\u00e4sentation transportiert werden k\u00f6nnen. Angefangen vom Management, \u00fcber Ihre Unternehmensstrategie bis zu den Wettbewerbsvorteilen werden in der Bond-Pr\u00e4sentation alle relevanten Aspekte dargestellt. Um Struktur, Inhalte und grafische Aufbereitung aufeinander abzustimmen und die Themen f\u00fcr Ihre Anleger verst\u00e4ndlich und pr\u00e4gnant aufzubereiten.\n\nWir beraten Sie gerne bei der Erstellung Ihrer individuellen Bond-Pr\u00e4sentation, damit Ihre Story von Anlegern wahrgenommen und verstanden wird. Mit einer Bond-Pr\u00e4sentation k\u00f6nnen Sie eine aussagekr\u00e4ftige Informationsquelle f\u00fcr interessierte Anleger schaffen und insgesamt mit einer stimmigen Kommunikation eine erfolgreiche Anleiheplatzierung sicherstellen. Sprechen Sie uns gerne an!\t\t\t\t\t\t\t\t<\/div>\n\t\t\t\t<\/div>\n\t\t\t\t<\/div>\n\t\t\t\t<\/div>\n\t\t\t\t<\/div>\n\t\t\t\t\t<\/div>\n\t\t\t\t<\/div>\n\t\t\t\t<\/div>\n\t\t","protected":false},"excerpt":{"rendered":"<p>Mit ansprechender Bond-Pr\u00e4sentation Investoren \u00fcberzeugen Die Bond Story ist ein wichtiges Kommunikationsmittel im Rahmen einer Anleiheemission, in der Ihr erfolgreicher Track-Record f\u00fcr interessierte Anleger ansprechend aufbereitet wird. Als Beratungsunternehmen mit langj\u00e4hriger Erfahrung in der Kommunikation von Anleiheemissionen unterst\u00fctzen wir Sie dabei, relevante Inhalte zielgruppengerecht f\u00fcr Anleger aufzubereiten. Schlie\u00dflich ist es das Ziel, Anleger von Ihrer [&hellip;]<\/p>\n","protected":false},"author":1,"featured_media":0,"parent":3425,"menu_order":0,"comment_status":"closed","ping_status":"open","template":"","meta":{"_acf_changed":false,"footnotes":""},"class_list":["post-4968","page","type-page","status-publish","hentry"],"acf":[],"yoast_head":"<!-- This site is optimized with the Yoast SEO Premium plugin v26.2 (Yoast SEO v27.4) - https:\/\/yoast.com\/product\/yoast-seo-premium-wordpress\/ -->\n<title>Bond-Pr\u00e4sentation \u2013 \u00fcberzeugen Sie von Ihrer Anleihe | cometis AG<\/title>\n<meta name=\"description\" content=\"Mit einer Bond-Pr\u00e4sentation \u00fcberzeugen Sie Anleger von Ihrer Unternehmensanleihe. Die cometis AG ist Ihr Spezialist f\u00fcr eine \u00fcberzeugende Pr\u00e4sentation.\" \/>\n<meta name=\"robots\" content=\"index, follow, max-snippet:-1, max-image-preview:large, max-video-preview:-1\" \/>\n<link rel=\"canonical\" href=\"https:\/\/www.cometis.de\/de\/services\/anleihe\/bond-praesentation\/\" \/>\n<meta property=\"og:locale\" content=\"de_DE\" \/>\n<meta property=\"og:type\" content=\"article\" \/>\n<meta property=\"og:title\" content=\"Bond-Pr\u00e4sentation\" \/>\n<meta property=\"og:description\" content=\"Mit einer Bond-Pr\u00e4sentation \u00fcberzeugen Sie Anleger von Ihrer Unternehmensanleihe. Die cometis AG ist Ihr Spezialist f\u00fcr eine \u00fcberzeugende Pr\u00e4sentation.\" \/>\n<meta property=\"og:url\" content=\"https:\/\/www.cometis.de\/de\/services\/anleihe\/bond-praesentation\/\" \/>\n<meta property=\"og:site_name\" content=\"cometis AG\" \/>\n<meta property=\"article:modified_time\" content=\"2025-02-17T13:35:51+00:00\" \/>\n<meta property=\"og:image\" content=\"https:\/\/www.cometis.de\/wp-content\/uploads\/2024\/12-old\/Cometis-Mobile-Logo-1.png\" \/>\n\t<meta property=\"og:image:width\" content=\"171\" \/>\n\t<meta property=\"og:image:height\" content=\"31\" \/>\n\t<meta property=\"og:image:type\" content=\"image\/png\" \/>\n<meta name=\"twitter:card\" content=\"summary_large_image\" \/>\n<meta name=\"twitter:label1\" content=\"Gesch\u00e4tzte Lesezeit\" \/>\n\t<meta name=\"twitter:data1\" content=\"2\u00a0Minuten\" \/>\n<script type=\"application\/ld+json\" class=\"yoast-schema-graph\">{\"@context\":\"https:\\\/\\\/schema.org\",\"@graph\":[{\"@type\":\"WebPage\",\"@id\":\"https:\\\/\\\/www.cometis.de\\\/de\\\/services\\\/anleihe\\\/bond-praesentation\\\/\",\"url\":\"https:\\\/\\\/www.cometis.de\\\/de\\\/services\\\/anleihe\\\/bond-praesentation\\\/\",\"name\":\"Bond-Pr\u00e4sentation \u2013 \u00fcberzeugen Sie von Ihrer Anleihe | cometis AG\",\"isPartOf\":{\"@id\":\"https:\\\/\\\/www.cometis.de\\\/de\\\/#website\"},\"datePublished\":\"2025-01-23T11:09:00+00:00\",\"dateModified\":\"2025-02-17T13:35:51+00:00\",\"description\":\"Mit einer Bond-Pr\u00e4sentation \u00fcberzeugen Sie Anleger von Ihrer Unternehmensanleihe. Die cometis AG ist Ihr Spezialist f\u00fcr eine \u00fcberzeugende Pr\u00e4sentation.\",\"breadcrumb\":{\"@id\":\"https:\\\/\\\/www.cometis.de\\\/de\\\/services\\\/anleihe\\\/bond-praesentation\\\/#breadcrumb\"},\"inLanguage\":\"de\",\"potentialAction\":[{\"@type\":\"ReadAction\",\"target\":[\"https:\\\/\\\/www.cometis.de\\\/de\\\/services\\\/anleihe\\\/bond-praesentation\\\/\"]}]},{\"@type\":\"BreadcrumbList\",\"@id\":\"https:\\\/\\\/www.cometis.de\\\/de\\\/services\\\/anleihe\\\/bond-praesentation\\\/#breadcrumb\",\"itemListElement\":[{\"@type\":\"ListItem\",\"position\":1,\"name\":\"Home\",\"item\":\"https:\\\/\\\/www.cometis.de\\\/de\\\/\"},{\"@type\":\"ListItem\",\"position\":2,\"name\":\"Services\",\"item\":\"https:\\\/\\\/www.cometis.de\\\/de\\\/services\\\/\"},{\"@type\":\"ListItem\",\"position\":3,\"name\":\"Anleihe\",\"item\":\"https:\\\/\\\/www.cometis.de\\\/de\\\/services\\\/anleihe\\\/\"},{\"@type\":\"ListItem\",\"position\":4,\"name\":\"Bond-Pr\u00e4sentation\"}]},{\"@type\":\"WebSite\",\"@id\":\"https:\\\/\\\/www.cometis.de\\\/de\\\/#website\",\"url\":\"https:\\\/\\\/www.cometis.de\\\/de\\\/\",\"name\":\"cometis AG\",\"description\":\"Deutschlands f\u00fchrende Investor Relations Agentur\",\"publisher\":{\"@id\":\"https:\\\/\\\/www.cometis.de\\\/de\\\/#organization\"},\"potentialAction\":[{\"@type\":\"SearchAction\",\"target\":{\"@type\":\"EntryPoint\",\"urlTemplate\":\"https:\\\/\\\/www.cometis.de\\\/de\\\/?s={search_term_string}\"},\"query-input\":{\"@type\":\"PropertyValueSpecification\",\"valueRequired\":true,\"valueName\":\"search_term_string\"}}],\"inLanguage\":\"de\"},{\"@type\":\"Organization\",\"@id\":\"https:\\\/\\\/www.cometis.de\\\/de\\\/#organization\",\"name\":\"cometis AG\",\"alternateName\":\"Deutschlands f\u00fchrende Investor Relations Agentur\",\"url\":\"https:\\\/\\\/www.cometis.de\\\/de\\\/\",\"logo\":{\"@type\":\"ImageObject\",\"inLanguage\":\"de\",\"@id\":\"https:\\\/\\\/www.cometis.de\\\/de\\\/#\\\/schema\\\/logo\\\/image\\\/\",\"url\":\"https:\\\/\\\/www.cometis.de\\\/wp-content\\\/uploads\\\/2024\\\/12-old\\\/Cometis-Mobile-Logo-1.png\",\"contentUrl\":\"https:\\\/\\\/www.cometis.de\\\/wp-content\\\/uploads\\\/2024\\\/12-old\\\/Cometis-Mobile-Logo-1.png\",\"width\":171,\"height\":31,\"caption\":\"cometis AG\"},\"image\":{\"@id\":\"https:\\\/\\\/www.cometis.de\\\/de\\\/#\\\/schema\\\/logo\\\/image\\\/\"},\"sameAs\":[\"https:\\\/\\\/www.linkedin.com\\\/company\\\/cometis-ag\\\/\",\"https:\\\/\\\/www.youtube.com\\\/user\\\/cometisAG\"]}]}<\/script>\n<!-- \/ Yoast SEO Premium plugin. -->","yoast_head_json":{"title":"Bond-Pr\u00e4sentation \u2013 \u00fcberzeugen Sie von Ihrer Anleihe | cometis AG","description":"Mit einer Bond-Pr\u00e4sentation \u00fcberzeugen Sie Anleger von Ihrer Unternehmensanleihe. Die cometis AG ist Ihr Spezialist f\u00fcr eine \u00fcberzeugende Pr\u00e4sentation.","robots":{"index":"index","follow":"follow","max-snippet":"max-snippet:-1","max-image-preview":"max-image-preview:large","max-video-preview":"max-video-preview:-1"},"canonical":"https:\/\/www.cometis.de\/de\/services\/anleihe\/bond-praesentation\/","og_locale":"de_DE","og_type":"article","og_title":"Bond-Pr\u00e4sentation","og_description":"Mit einer Bond-Pr\u00e4sentation \u00fcberzeugen Sie Anleger von Ihrer Unternehmensanleihe. Die cometis AG ist Ihr Spezialist f\u00fcr eine \u00fcberzeugende Pr\u00e4sentation.","og_url":"https:\/\/www.cometis.de\/de\/services\/anleihe\/bond-praesentation\/","og_site_name":"cometis AG","article_modified_time":"2025-02-17T13:35:51+00:00","og_image":[{"width":171,"height":31,"url":"https:\/\/www.cometis.de\/wp-content\/uploads\/2024\/12-old\/Cometis-Mobile-Logo-1.png","type":"image\/png"}],"twitter_card":"summary_large_image","twitter_misc":{"Gesch\u00e4tzte Lesezeit":"2\u00a0Minuten"},"schema":{"@context":"https:\/\/schema.org","@graph":[{"@type":"WebPage","@id":"https:\/\/www.cometis.de\/de\/services\/anleihe\/bond-praesentation\/","url":"https:\/\/www.cometis.de\/de\/services\/anleihe\/bond-praesentation\/","name":"Bond-Pr\u00e4sentation \u2013 \u00fcberzeugen Sie von Ihrer Anleihe | cometis AG","isPartOf":{"@id":"https:\/\/www.cometis.de\/de\/#website"},"datePublished":"2025-01-23T11:09:00+00:00","dateModified":"2025-02-17T13:35:51+00:00","description":"Mit einer Bond-Pr\u00e4sentation \u00fcberzeugen Sie Anleger von Ihrer Unternehmensanleihe. Die cometis AG ist Ihr Spezialist f\u00fcr eine \u00fcberzeugende Pr\u00e4sentation.","breadcrumb":{"@id":"https:\/\/www.cometis.de\/de\/services\/anleihe\/bond-praesentation\/#breadcrumb"},"inLanguage":"de","potentialAction":[{"@type":"ReadAction","target":["https:\/\/www.cometis.de\/de\/services\/anleihe\/bond-praesentation\/"]}]},{"@type":"BreadcrumbList","@id":"https:\/\/www.cometis.de\/de\/services\/anleihe\/bond-praesentation\/#breadcrumb","itemListElement":[{"@type":"ListItem","position":1,"name":"Home","item":"https:\/\/www.cometis.de\/de\/"},{"@type":"ListItem","position":2,"name":"Services","item":"https:\/\/www.cometis.de\/de\/services\/"},{"@type":"ListItem","position":3,"name":"Anleihe","item":"https:\/\/www.cometis.de\/de\/services\/anleihe\/"},{"@type":"ListItem","position":4,"name":"Bond-Pr\u00e4sentation"}]},{"@type":"WebSite","@id":"https:\/\/www.cometis.de\/de\/#website","url":"https:\/\/www.cometis.de\/de\/","name":"cometis AG","description":"Deutschlands f\u00fchrende Investor Relations Agentur","publisher":{"@id":"https:\/\/www.cometis.de\/de\/#organization"},"potentialAction":[{"@type":"SearchAction","target":{"@type":"EntryPoint","urlTemplate":"https:\/\/www.cometis.de\/de\/?s={search_term_string}"},"query-input":{"@type":"PropertyValueSpecification","valueRequired":true,"valueName":"search_term_string"}}],"inLanguage":"de"},{"@type":"Organization","@id":"https:\/\/www.cometis.de\/de\/#organization","name":"cometis AG","alternateName":"Deutschlands f\u00fchrende Investor Relations Agentur","url":"https:\/\/www.cometis.de\/de\/","logo":{"@type":"ImageObject","inLanguage":"de","@id":"https:\/\/www.cometis.de\/de\/#\/schema\/logo\/image\/","url":"https:\/\/www.cometis.de\/wp-content\/uploads\/2024\/12-old\/Cometis-Mobile-Logo-1.png","contentUrl":"https:\/\/www.cometis.de\/wp-content\/uploads\/2024\/12-old\/Cometis-Mobile-Logo-1.png","width":171,"height":31,"caption":"cometis AG"},"image":{"@id":"https:\/\/www.cometis.de\/de\/#\/schema\/logo\/image\/"},"sameAs":["https:\/\/www.linkedin.com\/company\/cometis-ag\/","https:\/\/www.youtube.com\/user\/cometisAG"]}]}},"_links":{"self":[{"href":"https:\/\/www.cometis.de\/de\/wp-json\/wp\/v2\/pages\/4968","targetHints":{"allow":["GET"]}}],"collection":[{"href":"https:\/\/www.cometis.de\/de\/wp-json\/wp\/v2\/pages"}],"about":[{"href":"https:\/\/www.cometis.de\/de\/wp-json\/wp\/v2\/types\/page"}],"author":[{"embeddable":true,"href":"https:\/\/www.cometis.de\/de\/wp-json\/wp\/v2\/users\/1"}],"replies":[{"embeddable":true,"href":"https:\/\/www.cometis.de\/de\/wp-json\/wp\/v2\/comments?post=4968"}],"version-history":[{"count":3,"href":"https:\/\/www.cometis.de\/de\/wp-json\/wp\/v2\/pages\/4968\/revisions"}],"predecessor-version":[{"id":107286,"href":"https:\/\/www.cometis.de\/de\/wp-json\/wp\/v2\/pages\/4968\/revisions\/107286"}],"up":[{"embeddable":true,"href":"https:\/\/www.cometis.de\/de\/wp-json\/wp\/v2\/pages\/3425"}],"wp:attachment":[{"href":"https:\/\/www.cometis.de\/de\/wp-json\/wp\/v2\/media?parent=4968"}],"curies":[{"name":"wp","href":"https:\/\/api.w.org\/{rel}","templated":true}]}}