{"id":5029,"date":"2025-01-23T12:42:01","date_gmt":"2025-01-23T11:42:01","guid":{"rendered":"https:\/\/cometis.de\/?page_id=5029"},"modified":"2025-02-17T14:50:29","modified_gmt":"2025-02-17T13:50:29","slug":"bond-werbung","status":"publish","type":"page","link":"https:\/\/www.cometis.de\/de\/services\/anleihe\/bond-werbung\/","title":{"rendered":"Bond-Werbung"},"content":{"rendered":"\t\t<div data-elementor-type=\"wp-page\" data-elementor-id=\"5029\" class=\"elementor elementor-5029\" data-elementor-post-type=\"page\">\n\t\t\t\t<div class=\"elementor-element elementor-element-ba85f69 e-flex e-con-boxed e-con e-parent\" data-id=\"ba85f69\" data-element_type=\"container\">\n\t\t\t\t\t<div class=\"e-con-inner\">\n\t\t\t\t<div class=\"elementor-element elementor-element-9f8bd7b elementor-widget elementor-widget-template\" data-id=\"9f8bd7b\" data-element_type=\"widget\" data-widget_type=\"template.default\">\n\t\t\t\t<div class=\"elementor-widget-container\">\n\t\t\t\t\t\t\t<div class=\"elementor-template\">\n\t\t\t\t\t<div data-elementor-type=\"section\" data-elementor-id=\"766\" class=\"elementor elementor-766\" data-elementor-post-type=\"elementor_library\">\n\t\t\t<div class=\"elementor-element elementor-element-1f34e34 e-flex e-con-boxed e-con e-parent\" data-id=\"1f34e34\" data-element_type=\"container\">\n\t\t\t\t\t<div class=\"e-con-inner\">\n\t\t<div class=\"elementor-element elementor-element-e68c844 e-con-full e-flex e-con e-child\" data-id=\"e68c844\" data-element_type=\"container\" data-settings=\"{&quot;background_background&quot;:&quot;classic&quot;}\">\n\t\t\t\t<\/div>\n\t\t<div class=\"elementor-element elementor-element-b7dac6f e-con-full e-flex e-con e-child\" data-id=\"b7dac6f\" data-element_type=\"container\">\n\t\t\t\t<div class=\"elementor-element elementor-element-ce54cc3 elementor-align-left elementor-widget elementor-widget-breadcrumbs\" data-id=\"ce54cc3\" data-element_type=\"widget\" data-widget_type=\"breadcrumbs.default\">\n\t\t\t\t<div class=\"elementor-widget-container\">\n\t\t\t\t\t<div id=\"breadcrumbs\"><span><span><a href=\"https:\/\/www.cometis.de\/de\/\">Home<\/a><\/span><\/span><\/div>\t\t\t\t<\/div>\n\t\t\t\t<\/div>\n\t\t\t\t<\/div>\n\t\t\t\t\t<\/div>\n\t\t\t\t<\/div>\n\t\t\t\t<\/div>\n\t\t\t\t<\/div>\n\t\t\t\t\t\t<\/div>\n\t\t\t\t<\/div>\n\t\t\t\t\t<\/div>\n\t\t\t\t<\/div>\n\t\t<div class=\"elementor-element elementor-element-668f88f cmn-sidebar-content e-flex e-con-boxed e-con e-parent\" data-id=\"668f88f\" data-element_type=\"container\" data-settings=\"{&quot;background_background&quot;:&quot;classic&quot;,&quot;background_motion_fx_motion_fx_scrolling&quot;:&quot;yes&quot;,&quot;background_motion_fx_translateY_effect&quot;:&quot;yes&quot;,&quot;background_motion_fx_translateY_speed&quot;:{&quot;unit&quot;:&quot;px&quot;,&quot;size&quot;:2,&quot;sizes&quot;:[]},&quot;background_motion_fx_translateY_direction&quot;:&quot;negative&quot;,&quot;background_motion_fx_translateY_affectedRange&quot;:{&quot;unit&quot;:&quot;%&quot;,&quot;size&quot;:&quot;&quot;,&quot;sizes&quot;:{&quot;start&quot;:0,&quot;end&quot;:100}},&quot;background_motion_fx_devices&quot;:[&quot;desktop&quot;,&quot;tablet&quot;,&quot;mobile&quot;]}\">\n\t\t\t\t\t<div class=\"e-con-inner\">\n\t\t<div class=\"elementor-element elementor-element-a5ebc07 e-con-full cmn-sidebar-content p-100 e-flex e-con e-child\" data-id=\"a5ebc07\" data-element_type=\"container\">\n\t\t<div class=\"elementor-element elementor-element-c34a442 e-con-full cmn-content-box e-flex e-con e-child\" data-id=\"c34a442\" data-element_type=\"container\">\n\t\t<div class=\"elementor-element elementor-element-0561d63 e-con-full cmn-content-box-container e-flex e-con e-child\" data-id=\"0561d63\" data-element_type=\"container\">\n\t\t\t\t<div class=\"elementor-element elementor-element-edf9725 elementor-widget elementor-widget-heading\" data-id=\"edf9725\" data-element_type=\"widget\" data-widget_type=\"heading.default\">\n\t\t\t\t<div class=\"elementor-widget-container\">\n\t\t\t\t\t<h2 class=\"elementor-heading-title elementor-size-default\">Mit Bond-Werbung Aufmerksamkeit bei Investoren generieren<\/h2>\t\t\t\t<\/div>\n\t\t\t\t<\/div>\n\t\t\t\t<div class=\"elementor-element elementor-element-46f4215 elementor-widget elementor-widget-text-editor\" data-id=\"46f4215\" data-element_type=\"widget\" data-widget_type=\"text-editor.default\">\n\t\t\t\t<div class=\"elementor-widget-container\">\n\t\t\t\t\t\t\t\t\t<p>Insbesondere f\u00fcr mittelst\u00e4ndische Unternehmen ist es oft schwierig, am Kapitalmarkt die n\u00f6tige Aufmerksamkeit zu erzielen, um ihre Anleihe erfolgreich zu platzieren. Mit gezielter Bond-Werbung in etablierten Anleihemedien und Finanzportalen vergr\u00f6\u00dfern Sie Ihre Reichweite und erh\u00f6hen Ihre Chance, dass private und institutionelle Anleger auf Ihre Anleihe aufmerksam werden.<\/p><p>Aufgrund unserer langj\u00e4hrigen Erfahrung in der<a title=\"Optimale Finanz-PR f\u00fcr Ihr Unternehmen\" href=\"\/finanz-pr\"> Finanz-<\/a>\u00a0und\u00a0<a title=\"Unsere Investor Relations Dienstleistungen\" href=\"\/investor-relations\">Unternehmenskommunikation<\/a>\u00a0verf\u00fcgen wir \u00fcber die entsprechenden Kontakte und stellen f\u00fcr Sie auch kurzfristig eine effiziente Anzeigenschaltung im Rahmen Ihres Werbebudgets sicher. Wir stehen dabei in enger Absprache mit der Vermarktungsstrategie der Bank, mit der Sie zusammen die Anleiheemission durchf\u00fchren. So k\u00f6nnen wir zielgerichtet Ihre Bond-Werbung bei relevanten Multiplikatoren schalten.<\/p>\t\t\t\t\t\t\t\t<\/div>\n\t\t\t\t<\/div>\n\t\t\t\t<div class=\"elementor-element elementor-element-74c997b cmn-content-box-btn elementor-widget elementor-widget-button\" data-id=\"74c997b\" data-element_type=\"widget\" data-widget_type=\"button.default\">\n\t\t\t\t<div class=\"elementor-widget-container\">\n\t\t\t\t\t\t\t\t\t<div class=\"elementor-button-wrapper\">\n\t\t\t\t\t<a class=\"elementor-button elementor-button-link elementor-size-sm\" href=\"\/de\/cometis-ag\/referenzen\/anleiheemissionen-referenzen\">\n\t\t\t\t\t\t<span class=\"elementor-button-content-wrapper\">\n\t\t\t\t\t\t<span class=\"elementor-button-icon\">\n\t\t\t\t<svg aria-hidden=\"true\" class=\"e-font-icon-svg e-fas-chevron-right\" viewBox=\"0 0 320 512\" xmlns=\"http:\/\/www.w3.org\/2000\/svg\"><path d=\"M285.476 272.971L91.132 467.314c-9.373 9.373-24.569 9.373-33.941 0l-22.667-22.667c-9.357-9.357-9.375-24.522-.04-33.901L188.505 256 34.484 101.255c-9.335-9.379-9.317-24.544.04-33.901l22.667-22.667c9.373-9.373 24.569-9.373 33.941 0L285.475 239.03c9.373 9.372 9.373 24.568.001 33.941z\"><\/path><\/svg>\t\t\t<\/span>\n\t\t\t\t\t\t\t\t\t<span class=\"elementor-button-text\">Unsere Referenzen<\/span>\n\t\t\t\t\t<\/span>\n\t\t\t\t\t<\/a>\n\t\t\t\t<\/div>\n\t\t\t\t\t\t\t\t<\/div>\n\t\t\t\t<\/div>\n\t\t\t\t<\/div>\n\t\t<div class=\"elementor-element elementor-element-9934c55 e-con-full cmn-content-box-container e-flex e-con e-child\" data-id=\"9934c55\" data-element_type=\"container\">\n\t\t\t\t<div class=\"elementor-element elementor-element-42138b5 elementor-widget elementor-widget-heading\" data-id=\"42138b5\" data-element_type=\"widget\" data-widget_type=\"heading.default\">\n\t\t\t\t<div class=\"elementor-widget-container\">\n\t\t\t\t\t<h2 class=\"elementor-heading-title elementor-size-default\">Grafische und konzeptionelle Anzeigenplanung Ihrer Bond-Werbung<\/h2>\t\t\t\t<\/div>\n\t\t\t\t<\/div>\n\t\t\t\t<div class=\"elementor-element elementor-element-1cfd358 elementor-widget elementor-widget-text-editor\" data-id=\"1cfd358\" data-element_type=\"widget\" data-widget_type=\"text-editor.default\">\n\t\t\t\t<div class=\"elementor-widget-container\">\n\t\t\t\t\t\t\t\t\t<p>Neben der Platzierung spielt die optische Gestaltung eine wichtige Rolle. Mit unseren Grafikern k\u00f6nnen wir schnell und ohne Reibungsverlust Anzeigen entsprechend der unterschiedlichen technischen Vorgaben gestalten. Wir ber\u00fccksichtigen die Design-Vorgaben Ihres Unternehmens und machen kreative Vorschl\u00e4ge.<\/p>\t\t\t\t\t\t\t\t<\/div>\n\t\t\t\t<\/div>\n\t\t\t\t<\/div>\n\t\t<div class=\"elementor-element elementor-element-603ce67 e-con-full cmn-content-box-container e-flex e-con e-child\" data-id=\"603ce67\" data-element_type=\"container\">\n\t\t\t\t<div class=\"elementor-element elementor-element-6f22b22 elementor-widget elementor-widget-heading\" data-id=\"6f22b22\" data-element_type=\"widget\" data-widget_type=\"heading.default\">\n\t\t\t\t<div class=\"elementor-widget-container\">\n\t\t\t\t\t<h2 class=\"elementor-heading-title elementor-size-default\">Kompetenter Partner f\u00fcr Ihre Anleihe-Werbung<\/h2>\t\t\t\t<\/div>\n\t\t\t\t<\/div>\n\t\t\t\t<div class=\"elementor-element elementor-element-220a1e5 elementor-widget elementor-widget-text-editor\" data-id=\"220a1e5\" data-element_type=\"widget\" data-widget_type=\"text-editor.default\">\n\t\t\t\t<div class=\"elementor-widget-container\">\n\t\t\t\t\t\t\t\t\t<p>Wir verf\u00fcgen \u00fcber langj\u00e4hrige Erfahrung bei der Platzierung von Bond-Werbung. Gerne unterst\u00fctzen wir Sie bei der Emittierung Ihrer Anleihe mit ansprechenden Anzeigen.<\/p>\t\t\t\t\t\t\t\t<\/div>\n\t\t\t\t<\/div>\n\t\t\t\t<\/div>\n\t\t\t\t<\/div>\n\t\t\t\t<\/div>\n\t\t\t\t\t<\/div>\n\t\t\t\t<\/div>\n\t\t\t\t<\/div>\n\t\t","protected":false},"excerpt":{"rendered":"<p>Mit Bond-Werbung Aufmerksamkeit bei Investoren generieren Insbesondere f\u00fcr mittelst\u00e4ndische Unternehmen ist es oft schwierig, am Kapitalmarkt die n\u00f6tige Aufmerksamkeit zu erzielen, um ihre Anleihe erfolgreich zu platzieren. Mit gezielter Bond-Werbung in etablierten Anleihemedien und Finanzportalen vergr\u00f6\u00dfern Sie Ihre Reichweite und erh\u00f6hen Ihre Chance, dass private und institutionelle Anleger auf Ihre Anleihe aufmerksam werden. Aufgrund unserer [&hellip;]<\/p>\n","protected":false},"author":1,"featured_media":0,"parent":3425,"menu_order":0,"comment_status":"closed","ping_status":"open","template":"","meta":{"_acf_changed":false,"footnotes":""},"class_list":["post-5029","page","type-page","status-publish","hentry"],"acf":[],"yoast_head":"<!-- This site is optimized with the Yoast SEO Premium plugin v26.2 (Yoast SEO v26.6) - https:\/\/yoast.com\/wordpress\/plugins\/seo\/ -->\n<title>Bond-Werbung \u2013 mehr Aufmerksamkeit f\u00fcr Ihre Anleihe | cometis AG<\/title>\n<meta name=\"description\" content=\"Mit Anleihe-Werbung in etablierten und reichweitenstarken Anlegermedien und Finanzportalen sorgen Sie f\u00fcr die notwendige Aufmerksamkeit f\u00fcr Ihre Anleihe.\" \/>\n<meta name=\"robots\" content=\"index, follow, max-snippet:-1, max-image-preview:large, max-video-preview:-1\" \/>\n<link rel=\"canonical\" href=\"https:\/\/www.cometis.de\/de\/services\/anleihe\/bond-werbung\/\" \/>\n<meta property=\"og:locale\" content=\"de_DE\" \/>\n<meta property=\"og:type\" content=\"article\" \/>\n<meta property=\"og:title\" content=\"Bond-Werbung\" \/>\n<meta property=\"og:description\" content=\"Mit Anleihe-Werbung in etablierten und reichweitenstarken Anlegermedien und Finanzportalen sorgen Sie f\u00fcr die notwendige Aufmerksamkeit f\u00fcr Ihre Anleihe.\" \/>\n<meta property=\"og:url\" content=\"https:\/\/www.cometis.de\/de\/services\/anleihe\/bond-werbung\/\" \/>\n<meta property=\"og:site_name\" content=\"cometis AG\" \/>\n<meta property=\"article:modified_time\" content=\"2025-02-17T13:50:29+00:00\" \/>\n<meta property=\"og:image\" content=\"https:\/\/www.cometis.de\/wp-content\/uploads\/2024\/12-old\/Cometis-Mobile-Logo-1.png\" \/>\n\t<meta property=\"og:image:width\" content=\"171\" \/>\n\t<meta property=\"og:image:height\" content=\"31\" \/>\n\t<meta property=\"og:image:type\" content=\"image\/png\" \/>\n<meta name=\"twitter:card\" content=\"summary_large_image\" \/>\n<meta name=\"twitter:label1\" content=\"Gesch\u00e4tzte Lesezeit\" \/>\n\t<meta name=\"twitter:data1\" content=\"2\u00a0Minuten\" \/>\n<script type=\"application\/ld+json\" class=\"yoast-schema-graph\">{\"@context\":\"https:\/\/schema.org\",\"@graph\":[{\"@type\":\"WebPage\",\"@id\":\"https:\/\/www.cometis.de\/de\/services\/anleihe\/bond-werbung\/\",\"url\":\"https:\/\/www.cometis.de\/de\/services\/anleihe\/bond-werbung\/\",\"name\":\"Bond-Werbung \u2013 mehr Aufmerksamkeit f\u00fcr Ihre Anleihe | cometis AG\",\"isPartOf\":{\"@id\":\"https:\/\/www.cometis.de\/de\/#website\"},\"datePublished\":\"2025-01-23T11:42:01+00:00\",\"dateModified\":\"2025-02-17T13:50:29+00:00\",\"description\":\"Mit Anleihe-Werbung in etablierten und reichweitenstarken Anlegermedien und Finanzportalen sorgen Sie f\u00fcr die notwendige Aufmerksamkeit f\u00fcr Ihre Anleihe.\",\"breadcrumb\":{\"@id\":\"https:\/\/www.cometis.de\/de\/services\/anleihe\/bond-werbung\/#breadcrumb\"},\"inLanguage\":\"de\",\"potentialAction\":[{\"@type\":\"ReadAction\",\"target\":[\"https:\/\/www.cometis.de\/de\/services\/anleihe\/bond-werbung\/\"]}]},{\"@type\":\"BreadcrumbList\",\"@id\":\"https:\/\/www.cometis.de\/de\/services\/anleihe\/bond-werbung\/#breadcrumb\",\"itemListElement\":[{\"@type\":\"ListItem\",\"position\":1,\"name\":\"Home\",\"item\":\"https:\/\/www.cometis.de\/de\/\"},{\"@type\":\"ListItem\",\"position\":2,\"name\":\"Services\",\"item\":\"https:\/\/www.cometis.de\/de\/services\/\"},{\"@type\":\"ListItem\",\"position\":3,\"name\":\"Anleihe\",\"item\":\"https:\/\/www.cometis.de\/de\/services\/anleihe\/\"},{\"@type\":\"ListItem\",\"position\":4,\"name\":\"Bond-Werbung\"}]},{\"@type\":\"WebSite\",\"@id\":\"https:\/\/www.cometis.de\/de\/#website\",\"url\":\"https:\/\/www.cometis.de\/de\/\",\"name\":\"cometis AG\",\"description\":\"Deutschlands f\u00fchrende Investor Relations Agentur\",\"publisher\":{\"@id\":\"https:\/\/www.cometis.de\/de\/#organization\"},\"potentialAction\":[{\"@type\":\"SearchAction\",\"target\":{\"@type\":\"EntryPoint\",\"urlTemplate\":\"https:\/\/www.cometis.de\/de\/?s={search_term_string}\"},\"query-input\":{\"@type\":\"PropertyValueSpecification\",\"valueRequired\":true,\"valueName\":\"search_term_string\"}}],\"inLanguage\":\"de\"},{\"@type\":\"Organization\",\"@id\":\"https:\/\/www.cometis.de\/de\/#organization\",\"name\":\"cometis AG\",\"alternateName\":\"Deutschlands f\u00fchrende Investor Relations Agentur\",\"url\":\"https:\/\/www.cometis.de\/de\/\",\"logo\":{\"@type\":\"ImageObject\",\"inLanguage\":\"de\",\"@id\":\"https:\/\/www.cometis.de\/de\/#\/schema\/logo\/image\/\",\"url\":\"https:\/\/www.cometis.de\/wp-content\/uploads\/2024\/12-old\/Cometis-Mobile-Logo-1.png\",\"contentUrl\":\"https:\/\/www.cometis.de\/wp-content\/uploads\/2024\/12-old\/Cometis-Mobile-Logo-1.png\",\"width\":171,\"height\":31,\"caption\":\"cometis AG\"},\"image\":{\"@id\":\"https:\/\/www.cometis.de\/de\/#\/schema\/logo\/image\/\"},\"sameAs\":[\"https:\/\/www.linkedin.com\/company\/cometis-ag\/\",\"https:\/\/www.youtube.com\/user\/cometisAG\"]}]}<\/script>\n<!-- \/ Yoast SEO Premium plugin. -->","yoast_head_json":{"title":"Bond-Werbung \u2013 mehr Aufmerksamkeit f\u00fcr Ihre Anleihe | cometis AG","description":"Mit Anleihe-Werbung in etablierten und reichweitenstarken Anlegermedien und Finanzportalen sorgen Sie f\u00fcr die notwendige Aufmerksamkeit f\u00fcr Ihre Anleihe.","robots":{"index":"index","follow":"follow","max-snippet":"max-snippet:-1","max-image-preview":"max-image-preview:large","max-video-preview":"max-video-preview:-1"},"canonical":"https:\/\/www.cometis.de\/de\/services\/anleihe\/bond-werbung\/","og_locale":"de_DE","og_type":"article","og_title":"Bond-Werbung","og_description":"Mit Anleihe-Werbung in etablierten und reichweitenstarken Anlegermedien und Finanzportalen sorgen Sie f\u00fcr die notwendige Aufmerksamkeit f\u00fcr Ihre Anleihe.","og_url":"https:\/\/www.cometis.de\/de\/services\/anleihe\/bond-werbung\/","og_site_name":"cometis AG","article_modified_time":"2025-02-17T13:50:29+00:00","og_image":[{"width":171,"height":31,"url":"https:\/\/www.cometis.de\/wp-content\/uploads\/2024\/12-old\/Cometis-Mobile-Logo-1.png","type":"image\/png"}],"twitter_card":"summary_large_image","twitter_misc":{"Gesch\u00e4tzte Lesezeit":"2\u00a0Minuten"},"schema":{"@context":"https:\/\/schema.org","@graph":[{"@type":"WebPage","@id":"https:\/\/www.cometis.de\/de\/services\/anleihe\/bond-werbung\/","url":"https:\/\/www.cometis.de\/de\/services\/anleihe\/bond-werbung\/","name":"Bond-Werbung \u2013 mehr Aufmerksamkeit f\u00fcr Ihre Anleihe | cometis AG","isPartOf":{"@id":"https:\/\/www.cometis.de\/de\/#website"},"datePublished":"2025-01-23T11:42:01+00:00","dateModified":"2025-02-17T13:50:29+00:00","description":"Mit Anleihe-Werbung in etablierten und reichweitenstarken Anlegermedien und Finanzportalen sorgen Sie f\u00fcr die notwendige Aufmerksamkeit f\u00fcr Ihre Anleihe.","breadcrumb":{"@id":"https:\/\/www.cometis.de\/de\/services\/anleihe\/bond-werbung\/#breadcrumb"},"inLanguage":"de","potentialAction":[{"@type":"ReadAction","target":["https:\/\/www.cometis.de\/de\/services\/anleihe\/bond-werbung\/"]}]},{"@type":"BreadcrumbList","@id":"https:\/\/www.cometis.de\/de\/services\/anleihe\/bond-werbung\/#breadcrumb","itemListElement":[{"@type":"ListItem","position":1,"name":"Home","item":"https:\/\/www.cometis.de\/de\/"},{"@type":"ListItem","position":2,"name":"Services","item":"https:\/\/www.cometis.de\/de\/services\/"},{"@type":"ListItem","position":3,"name":"Anleihe","item":"https:\/\/www.cometis.de\/de\/services\/anleihe\/"},{"@type":"ListItem","position":4,"name":"Bond-Werbung"}]},{"@type":"WebSite","@id":"https:\/\/www.cometis.de\/de\/#website","url":"https:\/\/www.cometis.de\/de\/","name":"cometis AG","description":"Deutschlands f\u00fchrende Investor Relations Agentur","publisher":{"@id":"https:\/\/www.cometis.de\/de\/#organization"},"potentialAction":[{"@type":"SearchAction","target":{"@type":"EntryPoint","urlTemplate":"https:\/\/www.cometis.de\/de\/?s={search_term_string}"},"query-input":{"@type":"PropertyValueSpecification","valueRequired":true,"valueName":"search_term_string"}}],"inLanguage":"de"},{"@type":"Organization","@id":"https:\/\/www.cometis.de\/de\/#organization","name":"cometis AG","alternateName":"Deutschlands f\u00fchrende Investor Relations Agentur","url":"https:\/\/www.cometis.de\/de\/","logo":{"@type":"ImageObject","inLanguage":"de","@id":"https:\/\/www.cometis.de\/de\/#\/schema\/logo\/image\/","url":"https:\/\/www.cometis.de\/wp-content\/uploads\/2024\/12-old\/Cometis-Mobile-Logo-1.png","contentUrl":"https:\/\/www.cometis.de\/wp-content\/uploads\/2024\/12-old\/Cometis-Mobile-Logo-1.png","width":171,"height":31,"caption":"cometis AG"},"image":{"@id":"https:\/\/www.cometis.de\/de\/#\/schema\/logo\/image\/"},"sameAs":["https:\/\/www.linkedin.com\/company\/cometis-ag\/","https:\/\/www.youtube.com\/user\/cometisAG"]}]}},"_links":{"self":[{"href":"https:\/\/www.cometis.de\/de\/wp-json\/wp\/v2\/pages\/5029","targetHints":{"allow":["GET"]}}],"collection":[{"href":"https:\/\/www.cometis.de\/de\/wp-json\/wp\/v2\/pages"}],"about":[{"href":"https:\/\/www.cometis.de\/de\/wp-json\/wp\/v2\/types\/page"}],"author":[{"embeddable":true,"href":"https:\/\/www.cometis.de\/de\/wp-json\/wp\/v2\/users\/1"}],"replies":[{"embeddable":true,"href":"https:\/\/www.cometis.de\/de\/wp-json\/wp\/v2\/comments?post=5029"}],"version-history":[{"count":6,"href":"https:\/\/www.cometis.de\/de\/wp-json\/wp\/v2\/pages\/5029\/revisions"}],"predecessor-version":[{"id":107379,"href":"https:\/\/www.cometis.de\/de\/wp-json\/wp\/v2\/pages\/5029\/revisions\/107379"}],"up":[{"embeddable":true,"href":"https:\/\/www.cometis.de\/de\/wp-json\/wp\/v2\/pages\/3425"}],"wp:attachment":[{"href":"https:\/\/www.cometis.de\/de\/wp-json\/wp\/v2\/media?parent=5029"}],"curies":[{"name":"wp","href":"https:\/\/api.w.org\/{rel}","templated":true}]}}