{"id":5072,"date":"2025-01-23T13:26:37","date_gmt":"2025-01-23T12:26:37","guid":{"rendered":"https:\/\/cometis.de\/?page_id=5072"},"modified":"2025-02-18T06:56:18","modified_gmt":"2025-02-18T05:56:18","slug":"ipo-praesentation","status":"publish","type":"page","link":"https:\/\/www.cometis.de\/de\/services\/ipo\/ipo-equity-story\/ipo-praesentation\/","title":{"rendered":"IPO-Pr\u00e4sentation"},"content":{"rendered":"\t\t<div data-elementor-type=\"wp-page\" data-elementor-id=\"5072\" class=\"elementor elementor-5072\" data-elementor-post-type=\"page\">\n\t\t\t\t<div class=\"elementor-element elementor-element-d64465b e-flex e-con-boxed e-con e-parent\" data-id=\"d64465b\" data-element_type=\"container\">\n\t\t\t\t\t<div class=\"e-con-inner\">\n\t\t\t\t<div class=\"elementor-element elementor-element-0811835 elementor-widget elementor-widget-template\" data-id=\"0811835\" data-element_type=\"widget\" data-widget_type=\"template.default\">\n\t\t\t\t<div class=\"elementor-widget-container\">\n\t\t\t\t\t\t\t<div class=\"elementor-template\">\n\t\t\t\t\t<div data-elementor-type=\"section\" data-elementor-id=\"766\" class=\"elementor elementor-766\" data-elementor-post-type=\"elementor_library\">\n\t\t\t<div class=\"elementor-element elementor-element-1f34e34 e-flex e-con-boxed e-con e-parent\" data-id=\"1f34e34\" data-element_type=\"container\">\n\t\t\t\t\t<div class=\"e-con-inner\">\n\t\t<div class=\"elementor-element elementor-element-e68c844 e-con-full e-flex e-con e-child\" data-id=\"e68c844\" data-element_type=\"container\" data-settings=\"{&quot;background_background&quot;:&quot;classic&quot;}\">\n\t\t\t\t<\/div>\n\t\t<div class=\"elementor-element elementor-element-b7dac6f e-con-full e-flex e-con e-child\" data-id=\"b7dac6f\" data-element_type=\"container\">\n\t\t\t\t<div class=\"elementor-element elementor-element-ce54cc3 elementor-align-left elementor-widget elementor-widget-breadcrumbs\" data-id=\"ce54cc3\" data-element_type=\"widget\" data-widget_type=\"breadcrumbs.default\">\n\t\t\t\t<div class=\"elementor-widget-container\">\n\t\t\t\t\t<div id=\"breadcrumbs\"><span><span><a href=\"https:\/\/www.cometis.de\/de\/\">Home<\/a><\/span><\/span><\/div>\t\t\t\t<\/div>\n\t\t\t\t<\/div>\n\t\t\t\t<\/div>\n\t\t\t\t\t<\/div>\n\t\t\t\t<\/div>\n\t\t\t\t<\/div>\n\t\t\t\t<\/div>\n\t\t\t\t\t\t<\/div>\n\t\t\t\t<\/div>\n\t\t\t\t\t<\/div>\n\t\t\t\t<\/div>\n\t\t<div class=\"elementor-element elementor-element-ead16c7 cmn-sidebar-content e-flex e-con-boxed e-con e-parent\" data-id=\"ead16c7\" data-element_type=\"container\" data-settings=\"{&quot;background_background&quot;:&quot;classic&quot;,&quot;background_motion_fx_motion_fx_scrolling&quot;:&quot;yes&quot;,&quot;background_motion_fx_translateY_effect&quot;:&quot;yes&quot;,&quot;background_motion_fx_translateY_speed&quot;:{&quot;unit&quot;:&quot;px&quot;,&quot;size&quot;:2,&quot;sizes&quot;:[]},&quot;background_motion_fx_translateY_direction&quot;:&quot;negative&quot;,&quot;background_motion_fx_translateY_affectedRange&quot;:{&quot;unit&quot;:&quot;%&quot;,&quot;size&quot;:&quot;&quot;,&quot;sizes&quot;:{&quot;start&quot;:0,&quot;end&quot;:100}},&quot;background_motion_fx_devices&quot;:[&quot;desktop&quot;,&quot;tablet&quot;,&quot;mobile&quot;]}\">\n\t\t\t\t\t<div class=\"e-con-inner\">\n\t\t<div class=\"elementor-element elementor-element-a3a6d02 e-con-full cmn-sidebar-content p-100 e-flex e-con e-child\" data-id=\"a3a6d02\" data-element_type=\"container\">\n\t\t<div class=\"elementor-element elementor-element-2ad9cab e-con-full cmn-content-box e-flex e-con e-child\" data-id=\"2ad9cab\" data-element_type=\"container\">\n\t\t<div class=\"elementor-element elementor-element-b445d7f e-con-full cmn-content-box-container e-flex e-con e-child\" data-id=\"b445d7f\" data-element_type=\"container\">\n\t\t\t\t<div class=\"elementor-element elementor-element-9808fa0 elementor-widget elementor-widget-heading\" data-id=\"9808fa0\" data-element_type=\"widget\" data-widget_type=\"heading.default\">\n\t\t\t\t<div class=\"elementor-widget-container\">\n\t\t\t\t\t<h2 class=\"elementor-heading-title elementor-size-default\">IPO-Pr\u00e4sentation \u2013 Investment Highlights auf den Punkt bringen<\/h2>\t\t\t\t<\/div>\n\t\t\t\t<\/div>\n\t\t\t\t<div class=\"elementor-element elementor-element-b21f6b3 elementor-widget elementor-widget-text-editor\" data-id=\"b21f6b3\" data-element_type=\"widget\" data-widget_type=\"text-editor.default\">\n\t\t\t\t<div class=\"elementor-widget-container\">\n\t\t\t\t\t\t\t\t\t<p>Die IPO-Pr\u00e4sentation bringt bei einem geplanten B\u00f6rsengang die Investment-Highlights eines Unternehmens auf den Punkt und ist ein wichtiger Erfolgsfaktor bei den Investorengespr\u00e4chen des Managements. Die cometis AG verf\u00fcgt \u00fcber eine langj\u00e4hrige Erfahrung in der Erstellung der unterschiedlichen Pr\u00e4sentationsunterlagen, die Sie f\u00fcr Ihre Investoren- und Analystengespr\u00e4che ben\u00f6tigen. Im Laufe des IPO-Prozesses ben\u00f6tigen Sie eine aussagekr\u00e4ftige Pr\u00e4sentation f\u00fcr mehrere Anl\u00e4sse und Zielgruppen: Als ausgewiesener Experte in der IPO-Kommunikation unterst\u00fctzen wir bei der Erstellung der Analystenpr\u00e4sentation, Ihrer Roadshow-Pr\u00e4sentation sowie der Pr\u00e4sentation f\u00fcr Ihre IPO-Pressekonferenz.<\/p>\t\t\t\t\t\t\t\t<\/div>\n\t\t\t\t<\/div>\n\t\t\t\t<div class=\"elementor-element elementor-element-3c55542 cmn-content-box-btn elementor-widget elementor-widget-button\" data-id=\"3c55542\" data-element_type=\"widget\" data-widget_type=\"button.default\">\n\t\t\t\t<div class=\"elementor-widget-container\">\n\t\t\t\t\t\t\t\t\t<div class=\"elementor-button-wrapper\">\n\t\t\t\t\t<a class=\"elementor-button elementor-button-link elementor-size-sm\" href=\"\/de\/cometis-ag\/referenzen\/ipo-referenzen\">\n\t\t\t\t\t\t<span class=\"elementor-button-content-wrapper\">\n\t\t\t\t\t\t<span class=\"elementor-button-icon\">\n\t\t\t\t<svg aria-hidden=\"true\" class=\"e-font-icon-svg e-fas-chevron-right\" viewBox=\"0 0 320 512\" xmlns=\"http:\/\/www.w3.org\/2000\/svg\"><path d=\"M285.476 272.971L91.132 467.314c-9.373 9.373-24.569 9.373-33.941 0l-22.667-22.667c-9.357-9.357-9.375-24.522-.04-33.901L188.505 256 34.484 101.255c-9.335-9.379-9.317-24.544.04-33.901l22.667-22.667c9.373-9.373 24.569-9.373 33.941 0L285.475 239.03c9.373 9.372 9.373 24.568.001 33.941z\"><\/path><\/svg>\t\t\t<\/span>\n\t\t\t\t\t\t\t\t\t<span class=\"elementor-button-text\">Unsere Referenzen<\/span>\n\t\t\t\t\t<\/span>\n\t\t\t\t\t<\/a>\n\t\t\t\t<\/div>\n\t\t\t\t\t\t\t\t<\/div>\n\t\t\t\t<\/div>\n\t\t\t\t<\/div>\n\t\t<div class=\"elementor-element elementor-element-e999dcc e-con-full cmn-content-box-container e-flex e-con e-child\" data-id=\"e999dcc\" data-element_type=\"container\">\n\t\t\t\t<div class=\"elementor-element elementor-element-87ed22a elementor-widget elementor-widget-heading\" data-id=\"87ed22a\" data-element_type=\"widget\" data-widget_type=\"heading.default\">\n\t\t\t\t<div class=\"elementor-widget-container\">\n\t\t\t\t\t<h2 class=\"elementor-heading-title elementor-size-default\">Investment Highlights bei B\u00f6rsengang \u00fcberzeugend vermitteln<\/h2>\t\t\t\t<\/div>\n\t\t\t\t<\/div>\n\t\t\t\t<div class=\"elementor-element elementor-element-c406d55 elementor-widget elementor-widget-text-editor\" data-id=\"c406d55\" data-element_type=\"widget\" data-widget_type=\"text-editor.default\">\n\t\t\t\t<div class=\"elementor-widget-container\">\n\t\t\t\t\t\t\t\t\t<p>Mit einer IPO-Pr\u00e4sentation bringen Sie Ihre Investment-Highlights auf den Punkt und k\u00f6nnen die St\u00e4rken Ihres Unternehmens kurz und pr\u00e4gnant darstellen. Bei der Darstellung der Investment-Highlights wissen wir als langj\u00e4hriger Experte genau, nach welchen Informationen Investoren bei einem B\u00f6rsengang fragen. In einer klassischen Unternehmenspr\u00e4sentation werden das Management, Strategie, Unternehmensziele, Produktportfolio oder wichtige Vorteile gegen\u00fcber dem Wettbewerb dargestellt. In einer IPO-Pr\u00e4sentation ist es zudem von Bedeutung, alle relevanten Emissionsdetails zum B\u00f6rsengang zu nennen und zu veranschaulichen, wof\u00fcr die Emissionserl\u00f6se verwendet werden sollen.<\/p>\t\t\t\t\t\t\t\t<\/div>\n\t\t\t\t<\/div>\n\t\t\t\t<\/div>\n\t\t<div class=\"elementor-element elementor-element-dad55d3 e-con-full cmn-content-box-container e-flex e-con e-child\" data-id=\"dad55d3\" data-element_type=\"container\">\n\t\t\t\t<div class=\"elementor-element elementor-element-fda8b5c elementor-widget elementor-widget-heading\" data-id=\"fda8b5c\" data-element_type=\"widget\" data-widget_type=\"heading.default\">\n\t\t\t\t<div class=\"elementor-widget-container\">\n\t\t\t\t\t<h2 class=\"elementor-heading-title elementor-size-default\">Mit individueller IPO-Pr\u00e4sentation bei Investoren punkten<\/h2>\t\t\t\t<\/div>\n\t\t\t\t<\/div>\n\t\t\t\t<div class=\"elementor-element elementor-element-9e94897 elementor-widget elementor-widget-text-editor\" data-id=\"9e94897\" data-element_type=\"widget\" data-widget_type=\"text-editor.default\">\n\t\t\t\t<div class=\"elementor-widget-container\">\n\t\t\t\t\t\t\t\t\t<p>F\u00fcr die Buyside ist die IPO-Pr\u00e4sentation eine der wichtigsten Informationsquellen f\u00fcr die Investmententscheidung. Es muss darin klar und \u00fcberzeugend vermittelt werden, warum ein Aktion\u00e4r ausgerechnet Ihre Aktie kaufen sollte. Struktur, Inhalte und grafische Aufbereitung sind dabei entscheidende Faktoren f\u00fcr eine gelungene Pr\u00e4sentation. Daher ist es wichtig, einen erfahrenen Partner an seiner Seite zu haben. IR-Berater und Grafiker arbeiten bei cometis Hand in Hand, damit jede einzelne Folie zu einem stimmigen Gesamtbild Ihres Unternehmens beitr\u00e4gt.<\/p>\t\t\t\t\t\t\t\t<\/div>\n\t\t\t\t<\/div>\n\t\t\t\t<\/div>\n\t\t<div class=\"elementor-element elementor-element-9e4ddff e-con-full cmn-content-box-container e-flex e-con e-child\" data-id=\"9e4ddff\" data-element_type=\"container\">\n\t\t\t\t<div class=\"elementor-element elementor-element-c4cc47f elementor-widget elementor-widget-heading\" data-id=\"c4cc47f\" data-element_type=\"widget\" data-widget_type=\"heading.default\">\n\t\t\t\t<div class=\"elementor-widget-container\">\n\t\t\t\t\t<h2 class=\"elementor-heading-title elementor-size-default\">Treten Sie mit uns in Kontakt<\/h2>\t\t\t\t<\/div>\n\t\t\t\t<\/div>\n\t\t\t\t<div class=\"elementor-element elementor-element-3b2448b elementor-widget elementor-widget-text-editor\" data-id=\"3b2448b\" data-element_type=\"widget\" data-widget_type=\"text-editor.default\">\n\t\t\t\t<div class=\"elementor-widget-container\">\n\t\t\t\t\t\t\t\t\t<p>Wir unterst\u00fctzen Sie gerne bei der Erstellung einer \u00fcberzeugenden IPO-Pr\u00e4sentation, damit Ihre Wachstumsstory von Investoren wahrgenommen und verstanden wird sowie m\u00f6gliche Zweifel bei Investoren durch schlagfertige Argumente ausger\u00e4umt werden. Rufen Sie uns an und perfektionieren Sie Ihre IPO-Kommunikation.<\/p>\t\t\t\t\t\t\t\t<\/div>\n\t\t\t\t<\/div>\n\t\t\t\t<\/div>\n\t\t\t\t<\/div>\n\t\t\t\t<\/div>\n\t\t\t\t\t<\/div>\n\t\t\t\t<\/div>\n\t\t\t\t<\/div>\n\t\t","protected":false},"excerpt":{"rendered":"<p>IPO-Pr\u00e4sentation \u2013 Investment Highlights auf den Punkt bringen Die IPO-Pr\u00e4sentation bringt bei einem geplanten B\u00f6rsengang die Investment-Highlights eines Unternehmens auf den Punkt und ist ein wichtiger Erfolgsfaktor bei den Investorengespr\u00e4chen des Managements. Die cometis AG verf\u00fcgt \u00fcber eine langj\u00e4hrige Erfahrung in der Erstellung der unterschiedlichen Pr\u00e4sentationsunterlagen, die Sie f\u00fcr Ihre Investoren- und Analystengespr\u00e4che ben\u00f6tigen. Im [&hellip;]<\/p>\n","protected":false},"author":1,"featured_media":0,"parent":5044,"menu_order":0,"comment_status":"closed","ping_status":"open","template":"","meta":{"_acf_changed":false,"footnotes":""},"class_list":["post-5072","page","type-page","status-publish","hentry"],"acf":[],"yoast_head":"<!-- This site is optimized with the Yoast SEO Premium plugin v26.2 (Yoast SEO v26.6) - https:\/\/yoast.com\/wordpress\/plugins\/seo\/ -->\n<title>IPO Pr\u00e4sentation \u2013 Ihr IR-Spezialist f\u00fcr den B\u00f6rsengang | cometis AG<\/title>\n<meta name=\"description\" content=\"Eine gelungene IPO-Pr\u00e4sentation bringt bei einem geplanten B\u00f6rsengang die Investment Highlights eines Unternehmens auf den Punkt.\" \/>\n<meta name=\"robots\" content=\"index, follow, max-snippet:-1, max-image-preview:large, max-video-preview:-1\" \/>\n<link rel=\"canonical\" href=\"https:\/\/www.cometis.de\/de\/services\/ipo\/ipo-equity-story\/ipo-praesentation\/\" \/>\n<meta property=\"og:locale\" content=\"de_DE\" \/>\n<meta property=\"og:type\" content=\"article\" \/>\n<meta property=\"og:title\" content=\"IPO-Pr\u00e4sentation\" \/>\n<meta property=\"og:description\" content=\"Eine gelungene IPO-Pr\u00e4sentation bringt bei einem geplanten B\u00f6rsengang die Investment Highlights eines Unternehmens auf den Punkt.\" \/>\n<meta property=\"og:url\" content=\"https:\/\/www.cometis.de\/de\/services\/ipo\/ipo-equity-story\/ipo-praesentation\/\" \/>\n<meta property=\"og:site_name\" content=\"cometis AG\" \/>\n<meta property=\"article:modified_time\" content=\"2025-02-18T05:56:18+00:00\" \/>\n<meta property=\"og:image\" content=\"https:\/\/www.cometis.de\/wp-content\/uploads\/2024\/12-old\/Cometis-Mobile-Logo-1.png\" \/>\n\t<meta property=\"og:image:width\" content=\"171\" \/>\n\t<meta property=\"og:image:height\" content=\"31\" \/>\n\t<meta property=\"og:image:type\" content=\"image\/png\" \/>\n<meta name=\"twitter:card\" content=\"summary_large_image\" \/>\n<meta name=\"twitter:label1\" content=\"Gesch\u00e4tzte Lesezeit\" \/>\n\t<meta name=\"twitter:data1\" content=\"2\u00a0Minuten\" \/>\n<script type=\"application\/ld+json\" class=\"yoast-schema-graph\">{\"@context\":\"https:\/\/schema.org\",\"@graph\":[{\"@type\":\"WebPage\",\"@id\":\"https:\/\/www.cometis.de\/de\/services\/ipo\/ipo-equity-story\/ipo-praesentation\/\",\"url\":\"https:\/\/www.cometis.de\/de\/services\/ipo\/ipo-equity-story\/ipo-praesentation\/\",\"name\":\"IPO Pr\u00e4sentation \u2013 Ihr IR-Spezialist f\u00fcr den B\u00f6rsengang | cometis AG\",\"isPartOf\":{\"@id\":\"https:\/\/www.cometis.de\/de\/#website\"},\"datePublished\":\"2025-01-23T12:26:37+00:00\",\"dateModified\":\"2025-02-18T05:56:18+00:00\",\"description\":\"Eine gelungene IPO-Pr\u00e4sentation bringt bei einem geplanten B\u00f6rsengang die Investment Highlights eines Unternehmens auf den Punkt.\",\"breadcrumb\":{\"@id\":\"https:\/\/www.cometis.de\/de\/services\/ipo\/ipo-equity-story\/ipo-praesentation\/#breadcrumb\"},\"inLanguage\":\"de\",\"potentialAction\":[{\"@type\":\"ReadAction\",\"target\":[\"https:\/\/www.cometis.de\/de\/services\/ipo\/ipo-equity-story\/ipo-praesentation\/\"]}]},{\"@type\":\"BreadcrumbList\",\"@id\":\"https:\/\/www.cometis.de\/de\/services\/ipo\/ipo-equity-story\/ipo-praesentation\/#breadcrumb\",\"itemListElement\":[{\"@type\":\"ListItem\",\"position\":1,\"name\":\"Home\",\"item\":\"https:\/\/www.cometis.de\/de\/\"},{\"@type\":\"ListItem\",\"position\":2,\"name\":\"Services\",\"item\":\"https:\/\/www.cometis.de\/de\/services\/\"},{\"@type\":\"ListItem\",\"position\":3,\"name\":\"IPO\",\"item\":\"https:\/\/www.cometis.de\/de\/services\/ipo\/\"},{\"@type\":\"ListItem\",\"position\":4,\"name\":\"IPO Equity Story\",\"item\":\"https:\/\/www.cometis.de\/de\/services\/ipo\/ipo-equity-story\/\"},{\"@type\":\"ListItem\",\"position\":5,\"name\":\"IPO-Pr\u00e4sentation\"}]},{\"@type\":\"WebSite\",\"@id\":\"https:\/\/www.cometis.de\/de\/#website\",\"url\":\"https:\/\/www.cometis.de\/de\/\",\"name\":\"cometis AG\",\"description\":\"Deutschlands f\u00fchrende Investor Relations Agentur\",\"publisher\":{\"@id\":\"https:\/\/www.cometis.de\/de\/#organization\"},\"potentialAction\":[{\"@type\":\"SearchAction\",\"target\":{\"@type\":\"EntryPoint\",\"urlTemplate\":\"https:\/\/www.cometis.de\/de\/?s={search_term_string}\"},\"query-input\":{\"@type\":\"PropertyValueSpecification\",\"valueRequired\":true,\"valueName\":\"search_term_string\"}}],\"inLanguage\":\"de\"},{\"@type\":\"Organization\",\"@id\":\"https:\/\/www.cometis.de\/de\/#organization\",\"name\":\"cometis AG\",\"alternateName\":\"Deutschlands f\u00fchrende Investor Relations Agentur\",\"url\":\"https:\/\/www.cometis.de\/de\/\",\"logo\":{\"@type\":\"ImageObject\",\"inLanguage\":\"de\",\"@id\":\"https:\/\/www.cometis.de\/de\/#\/schema\/logo\/image\/\",\"url\":\"https:\/\/www.cometis.de\/wp-content\/uploads\/2024\/12-old\/Cometis-Mobile-Logo-1.png\",\"contentUrl\":\"https:\/\/www.cometis.de\/wp-content\/uploads\/2024\/12-old\/Cometis-Mobile-Logo-1.png\",\"width\":171,\"height\":31,\"caption\":\"cometis AG\"},\"image\":{\"@id\":\"https:\/\/www.cometis.de\/de\/#\/schema\/logo\/image\/\"},\"sameAs\":[\"https:\/\/www.linkedin.com\/company\/cometis-ag\/\",\"https:\/\/www.youtube.com\/user\/cometisAG\"]}]}<\/script>\n<!-- \/ Yoast SEO Premium plugin. -->","yoast_head_json":{"title":"IPO Pr\u00e4sentation \u2013 Ihr IR-Spezialist f\u00fcr den B\u00f6rsengang | cometis AG","description":"Eine gelungene IPO-Pr\u00e4sentation bringt bei einem geplanten B\u00f6rsengang die Investment Highlights eines Unternehmens auf den Punkt.","robots":{"index":"index","follow":"follow","max-snippet":"max-snippet:-1","max-image-preview":"max-image-preview:large","max-video-preview":"max-video-preview:-1"},"canonical":"https:\/\/www.cometis.de\/de\/services\/ipo\/ipo-equity-story\/ipo-praesentation\/","og_locale":"de_DE","og_type":"article","og_title":"IPO-Pr\u00e4sentation","og_description":"Eine gelungene IPO-Pr\u00e4sentation bringt bei einem geplanten B\u00f6rsengang die Investment Highlights eines Unternehmens auf den Punkt.","og_url":"https:\/\/www.cometis.de\/de\/services\/ipo\/ipo-equity-story\/ipo-praesentation\/","og_site_name":"cometis AG","article_modified_time":"2025-02-18T05:56:18+00:00","og_image":[{"width":171,"height":31,"url":"https:\/\/www.cometis.de\/wp-content\/uploads\/2024\/12-old\/Cometis-Mobile-Logo-1.png","type":"image\/png"}],"twitter_card":"summary_large_image","twitter_misc":{"Gesch\u00e4tzte Lesezeit":"2\u00a0Minuten"},"schema":{"@context":"https:\/\/schema.org","@graph":[{"@type":"WebPage","@id":"https:\/\/www.cometis.de\/de\/services\/ipo\/ipo-equity-story\/ipo-praesentation\/","url":"https:\/\/www.cometis.de\/de\/services\/ipo\/ipo-equity-story\/ipo-praesentation\/","name":"IPO Pr\u00e4sentation \u2013 Ihr IR-Spezialist f\u00fcr den B\u00f6rsengang | cometis AG","isPartOf":{"@id":"https:\/\/www.cometis.de\/de\/#website"},"datePublished":"2025-01-23T12:26:37+00:00","dateModified":"2025-02-18T05:56:18+00:00","description":"Eine gelungene IPO-Pr\u00e4sentation bringt bei einem geplanten B\u00f6rsengang die Investment Highlights eines Unternehmens auf den Punkt.","breadcrumb":{"@id":"https:\/\/www.cometis.de\/de\/services\/ipo\/ipo-equity-story\/ipo-praesentation\/#breadcrumb"},"inLanguage":"de","potentialAction":[{"@type":"ReadAction","target":["https:\/\/www.cometis.de\/de\/services\/ipo\/ipo-equity-story\/ipo-praesentation\/"]}]},{"@type":"BreadcrumbList","@id":"https:\/\/www.cometis.de\/de\/services\/ipo\/ipo-equity-story\/ipo-praesentation\/#breadcrumb","itemListElement":[{"@type":"ListItem","position":1,"name":"Home","item":"https:\/\/www.cometis.de\/de\/"},{"@type":"ListItem","position":2,"name":"Services","item":"https:\/\/www.cometis.de\/de\/services\/"},{"@type":"ListItem","position":3,"name":"IPO","item":"https:\/\/www.cometis.de\/de\/services\/ipo\/"},{"@type":"ListItem","position":4,"name":"IPO Equity Story","item":"https:\/\/www.cometis.de\/de\/services\/ipo\/ipo-equity-story\/"},{"@type":"ListItem","position":5,"name":"IPO-Pr\u00e4sentation"}]},{"@type":"WebSite","@id":"https:\/\/www.cometis.de\/de\/#website","url":"https:\/\/www.cometis.de\/de\/","name":"cometis AG","description":"Deutschlands f\u00fchrende Investor Relations Agentur","publisher":{"@id":"https:\/\/www.cometis.de\/de\/#organization"},"potentialAction":[{"@type":"SearchAction","target":{"@type":"EntryPoint","urlTemplate":"https:\/\/www.cometis.de\/de\/?s={search_term_string}"},"query-input":{"@type":"PropertyValueSpecification","valueRequired":true,"valueName":"search_term_string"}}],"inLanguage":"de"},{"@type":"Organization","@id":"https:\/\/www.cometis.de\/de\/#organization","name":"cometis AG","alternateName":"Deutschlands f\u00fchrende Investor Relations Agentur","url":"https:\/\/www.cometis.de\/de\/","logo":{"@type":"ImageObject","inLanguage":"de","@id":"https:\/\/www.cometis.de\/de\/#\/schema\/logo\/image\/","url":"https:\/\/www.cometis.de\/wp-content\/uploads\/2024\/12-old\/Cometis-Mobile-Logo-1.png","contentUrl":"https:\/\/www.cometis.de\/wp-content\/uploads\/2024\/12-old\/Cometis-Mobile-Logo-1.png","width":171,"height":31,"caption":"cometis AG"},"image":{"@id":"https:\/\/www.cometis.de\/de\/#\/schema\/logo\/image\/"},"sameAs":["https:\/\/www.linkedin.com\/company\/cometis-ag\/","https:\/\/www.youtube.com\/user\/cometisAG"]}]}},"_links":{"self":[{"href":"https:\/\/www.cometis.de\/de\/wp-json\/wp\/v2\/pages\/5072","targetHints":{"allow":["GET"]}}],"collection":[{"href":"https:\/\/www.cometis.de\/de\/wp-json\/wp\/v2\/pages"}],"about":[{"href":"https:\/\/www.cometis.de\/de\/wp-json\/wp\/v2\/types\/page"}],"author":[{"embeddable":true,"href":"https:\/\/www.cometis.de\/de\/wp-json\/wp\/v2\/users\/1"}],"replies":[{"embeddable":true,"href":"https:\/\/www.cometis.de\/de\/wp-json\/wp\/v2\/comments?post=5072"}],"version-history":[{"count":3,"href":"https:\/\/www.cometis.de\/de\/wp-json\/wp\/v2\/pages\/5072\/revisions"}],"predecessor-version":[{"id":107530,"href":"https:\/\/www.cometis.de\/de\/wp-json\/wp\/v2\/pages\/5072\/revisions\/107530"}],"up":[{"embeddable":true,"href":"https:\/\/www.cometis.de\/de\/wp-json\/wp\/v2\/pages\/5044"}],"wp:attachment":[{"href":"https:\/\/www.cometis.de\/de\/wp-json\/wp\/v2\/media?parent=5072"}],"curies":[{"name":"wp","href":"https:\/\/api.w.org\/{rel}","templated":true}]}}