{"id":5087,"date":"2025-01-23T13:46:31","date_gmt":"2025-01-23T12:46:31","guid":{"rendered":"https:\/\/cometis.de\/?page_id=5087"},"modified":"2025-02-18T06:57:28","modified_gmt":"2025-02-18T05:57:28","slug":"ipo-factsheet","status":"publish","type":"page","link":"https:\/\/www.cometis.de\/de\/services\/ipo\/ipo-factsheet\/","title":{"rendered":"IPO-Factsheet"},"content":{"rendered":"\t\t<div data-elementor-type=\"wp-page\" data-elementor-id=\"5087\" class=\"elementor elementor-5087\" data-elementor-post-type=\"page\">\n\t\t\t\t<div class=\"elementor-element elementor-element-52c1e62 e-flex e-con-boxed e-con e-parent\" data-id=\"52c1e62\" data-element_type=\"container\" data-e-type=\"container\">\n\t\t\t\t\t<div class=\"e-con-inner\">\n\t\t\t\t<div class=\"elementor-element elementor-element-6f54cb8 elementor-widget elementor-widget-template\" data-id=\"6f54cb8\" data-element_type=\"widget\" data-e-type=\"widget\" data-widget_type=\"template.default\">\n\t\t\t\t<div class=\"elementor-widget-container\">\n\t\t\t\t\t\t\t<div class=\"elementor-template\">\n\t\t\t\t\t<div data-elementor-type=\"section\" data-elementor-id=\"766\" class=\"elementor elementor-766\" data-elementor-post-type=\"elementor_library\">\n\t\t\t<div class=\"elementor-element elementor-element-1f34e34 e-flex e-con-boxed e-con e-parent\" data-id=\"1f34e34\" data-element_type=\"container\" data-e-type=\"container\">\n\t\t\t\t\t<div class=\"e-con-inner\">\n\t\t<div class=\"elementor-element elementor-element-e68c844 e-con-full e-flex e-con e-child\" data-id=\"e68c844\" data-element_type=\"container\" data-e-type=\"container\" data-settings=\"{&quot;background_background&quot;:&quot;classic&quot;}\">\n\t\t\t\t<\/div>\n\t\t<div class=\"elementor-element elementor-element-b7dac6f e-con-full e-flex e-con e-child\" data-id=\"b7dac6f\" data-element_type=\"container\" data-e-type=\"container\">\n\t\t\t\t<div class=\"elementor-element elementor-element-ce54cc3 elementor-align-left elementor-widget elementor-widget-breadcrumbs\" data-id=\"ce54cc3\" data-element_type=\"widget\" data-e-type=\"widget\" data-widget_type=\"breadcrumbs.default\">\n\t\t\t\t<div class=\"elementor-widget-container\">\n\t\t\t\t\t<div id=\"breadcrumbs\"><span><span><a href=\"https:\/\/www.cometis.de\/de\/\">Home<\/a><\/span><\/span><\/div>\t\t\t\t<\/div>\n\t\t\t\t<\/div>\n\t\t\t\t<\/div>\n\t\t\t\t\t<\/div>\n\t\t\t\t<\/div>\n\t\t\t\t<\/div>\n\t\t\t\t<\/div>\n\t\t\t\t\t\t<\/div>\n\t\t\t\t<\/div>\n\t\t\t\t\t<\/div>\n\t\t\t\t<\/div>\n\t\t<div class=\"elementor-element elementor-element-7165c32 cmn-sidebar-content e-flex e-con-boxed e-con e-parent\" data-id=\"7165c32\" data-element_type=\"container\" data-e-type=\"container\" data-settings=\"{&quot;background_background&quot;:&quot;classic&quot;,&quot;background_motion_fx_motion_fx_scrolling&quot;:&quot;yes&quot;,&quot;background_motion_fx_translateY_effect&quot;:&quot;yes&quot;,&quot;background_motion_fx_translateY_speed&quot;:{&quot;unit&quot;:&quot;px&quot;,&quot;size&quot;:2,&quot;sizes&quot;:[]},&quot;background_motion_fx_translateY_direction&quot;:&quot;negative&quot;,&quot;background_motion_fx_translateY_affectedRange&quot;:{&quot;unit&quot;:&quot;%&quot;,&quot;size&quot;:&quot;&quot;,&quot;sizes&quot;:{&quot;start&quot;:0,&quot;end&quot;:100}},&quot;background_motion_fx_devices&quot;:[&quot;desktop&quot;,&quot;tablet&quot;,&quot;mobile&quot;]}\">\n\t\t\t\t\t<div class=\"e-con-inner\">\n\t\t<div class=\"elementor-element elementor-element-56f3735 e-con-full cmn-sidebar-content p-100 e-flex e-con e-child\" data-id=\"56f3735\" data-element_type=\"container\" data-e-type=\"container\">\n\t\t<div class=\"elementor-element elementor-element-f75cd4c e-con-full cmn-content-box e-flex e-con e-child\" data-id=\"f75cd4c\" data-element_type=\"container\" data-e-type=\"container\">\n\t\t<div class=\"elementor-element elementor-element-12b7a1f e-con-full cmn-content-box-container e-flex e-con e-child\" data-id=\"12b7a1f\" data-element_type=\"container\" data-e-type=\"container\">\n\t\t\t\t<div class=\"elementor-element elementor-element-0b568dd elementor-widget elementor-widget-heading\" data-id=\"0b568dd\" data-element_type=\"widget\" data-e-type=\"widget\" data-widget_type=\"heading.default\">\n\t\t\t\t<div class=\"elementor-widget-container\">\n\t\t\t\t\t<h2 class=\"elementor-heading-title elementor-size-default\">IPO-Factsheet \u2013 Ihr Begleiter f\u00fcr Investoren- und Journalistengespr\u00e4che<\/h2>\t\t\t\t<\/div>\n\t\t\t\t<\/div>\n\t\t\t\t<div class=\"elementor-element elementor-element-ab89556 elementor-widget elementor-widget-text-editor\" data-id=\"ab89556\" data-element_type=\"widget\" data-e-type=\"widget\" data-widget_type=\"text-editor.default\">\n\t\t\t\t<div class=\"elementor-widget-container\">\n\t\t\t\t\t\t\t\t\t<p>Das IPO-Factsheet ist bei einem geplanten B\u00f6rsengang das richtige Tool f\u00fcr die Erstansprache von Investoren und Journalisten. Ein gut strukturiertes und ansprechend gestaltetes Factsheet unterst\u00fctzt Sie bei der Vermittlung Ihrer Botschaften und tr\u00e4gt dazu bei, dass die wichtigsten Fakten \u00fcber Ihr Unternehmen und Ihre Investment-Highlights verstanden werden. Das Factsheet wird damit zu einem hilfreichen Begleiter bei Ihren Journalisten und Investorengespr\u00e4che w\u00e4hrend des IPO-Prozesses.<\/p>\t\t\t\t\t\t\t\t<\/div>\n\t\t\t\t<\/div>\n\t\t\t\t<div class=\"elementor-element elementor-element-cf8fa2d cmn-content-box-btn elementor-widget elementor-widget-button\" data-id=\"cf8fa2d\" data-element_type=\"widget\" data-e-type=\"widget\" data-widget_type=\"button.default\">\n\t\t\t\t<div class=\"elementor-widget-container\">\n\t\t\t\t\t\t\t\t\t<div class=\"elementor-button-wrapper\">\n\t\t\t\t\t<a class=\"elementor-button elementor-button-link elementor-size-sm\" href=\"\/de\/cometis-ag\/referenzen\/ipo-referenzen\">\n\t\t\t\t\t\t<span class=\"elementor-button-content-wrapper\">\n\t\t\t\t\t\t<span class=\"elementor-button-icon\">\n\t\t\t\t<svg aria-hidden=\"true\" class=\"e-font-icon-svg e-fas-chevron-right\" viewBox=\"0 0 320 512\" xmlns=\"http:\/\/www.w3.org\/2000\/svg\"><path d=\"M285.476 272.971L91.132 467.314c-9.373 9.373-24.569 9.373-33.941 0l-22.667-22.667c-9.357-9.357-9.375-24.522-.04-33.901L188.505 256 34.484 101.255c-9.335-9.379-9.317-24.544.04-33.901l22.667-22.667c9.373-9.373 24.569-9.373 33.941 0L285.475 239.03c9.373 9.372 9.373 24.568.001 33.941z\"><\/path><\/svg>\t\t\t<\/span>\n\t\t\t\t\t\t\t\t\t<span class=\"elementor-button-text\">Unsere Referenzen<\/span>\n\t\t\t\t\t<\/span>\n\t\t\t\t\t<\/a>\n\t\t\t\t<\/div>\n\t\t\t\t\t\t\t\t<\/div>\n\t\t\t\t<\/div>\n\t\t\t\t<\/div>\n\t\t<div class=\"elementor-element elementor-element-1806ccf e-con-full cmn-content-box-container e-flex e-con e-child\" data-id=\"1806ccf\" data-element_type=\"container\" data-e-type=\"container\">\n\t\t\t\t<div class=\"elementor-element elementor-element-c616462 elementor-widget elementor-widget-heading\" data-id=\"c616462\" data-element_type=\"widget\" data-e-type=\"widget\" data-widget_type=\"heading.default\">\n\t\t\t\t<div class=\"elementor-widget-container\">\n\t\t\t\t\t<h2 class=\"elementor-heading-title elementor-size-default\">Factsheet pr\u00e4sentiert relevante Fakten zum IPO<\/h2>\t\t\t\t<\/div>\n\t\t\t\t<\/div>\n\t\t\t\t<div class=\"elementor-element elementor-element-4e8f5f2 elementor-widget elementor-widget-text-editor\" data-id=\"4e8f5f2\" data-element_type=\"widget\" data-e-type=\"widget\" data-widget_type=\"text-editor.default\">\n\t\t\t\t<div class=\"elementor-widget-container\">\n\t\t\t\t\t\t\t\t\t<p>Factsheets beinhalten unternehmens- und transaktionsrelevante Informationen wie beispielsweise das Gesch\u00e4ftsmodell, die Historie, das Management, die Kennzahlen, den Aktienkurs, die Eckdaten der Transaktion und die Investment-Highlights. W\u00e4hrend in einem turnusm\u00e4\u00dfig aktualisierten Unternehmens-Factsheet vor allem die Vorstellung des Unternehmens sowie die historischen und aktuellen Kennzahlen und Aktienkursinformationen im Vordergrund stehen, konzentriert sich das IPO-Factsheet auf die relevanten Daten des B\u00f6rsengangs. cometis unterst\u00fctzt Sie dabei, dass Ihre Investment-Highlights pointiert aufgezeigt werden. Dabei profitieren Sie von langj\u00e4hriger Erfahrung und ausgewiesener Expertise im Bereich der Kapitalmarktkommunikation.<\/p>\t\t\t\t\t\t\t\t<\/div>\n\t\t\t\t<\/div>\n\t\t\t\t<\/div>\n\t\t<div class=\"elementor-element elementor-element-f7e818f e-con-full cmn-content-box-container e-flex e-con e-child\" data-id=\"f7e818f\" data-element_type=\"container\" data-e-type=\"container\">\n\t\t\t\t<div class=\"elementor-element elementor-element-1b1a734 elementor-widget elementor-widget-heading\" data-id=\"1b1a734\" data-element_type=\"widget\" data-e-type=\"widget\" data-widget_type=\"heading.default\">\n\t\t\t\t<div class=\"elementor-widget-container\">\n\t\t\t\t\t<h2 class=\"elementor-heading-title elementor-size-default\">Treten Sie mit uns in Kontakt<\/h2>\t\t\t\t<\/div>\n\t\t\t\t<\/div>\n\t\t\t\t<div class=\"elementor-element elementor-element-5b0e4f6 elementor-widget elementor-widget-text-editor\" data-id=\"5b0e4f6\" data-element_type=\"widget\" data-e-type=\"widget\" data-widget_type=\"text-editor.default\">\n\t\t\t\t<div class=\"elementor-widget-container\">\n\t\t\t\t\t\t\t\t\t<p>F\u00fcr einen erfolgreichen B\u00f6rsengang ist es entscheidend, dass Sie Gespr\u00e4che mit Journalisten und Investoren zu Ihren Gunsten gestalten k\u00f6nnen. Dabei ist das IPO-Factsheet ein hilfreicher Begleiter, dass wir Ihnen in Ihrem Wunschformat erstellen. Kontaktieren Sie uns gerne und schaffen Sie die Voraussetzungen f\u00fcr eine erfolgreiche IPO-Kommunikation!<\/p>\t\t\t\t\t\t\t\t<\/div>\n\t\t\t\t<\/div>\n\t\t\t\t<\/div>\n\t\t<div class=\"elementor-element elementor-element-0b4fe29 e-con-full cmn-content-box-container e-flex e-con e-child\" data-id=\"0b4fe29\" data-element_type=\"container\" data-e-type=\"container\">\n\t\t\t\t<div class=\"elementor-element elementor-element-fae4235 elementor-widget elementor-widget-heading\" data-id=\"fae4235\" data-element_type=\"widget\" data-e-type=\"widget\" data-widget_type=\"heading.default\">\n\t\t\t\t<div class=\"elementor-widget-container\">\n\t\t\t\t\t<h2 class=\"elementor-heading-title elementor-size-default\">Hier finden Sie ausgew\u00e4hlte IPO-Factsheets zum Download<\/h2>\t\t\t\t<\/div>\n\t\t\t\t<\/div>\n\t\t\t\t<div class=\"elementor-element elementor-element-5420af4 elementor-widget elementor-widget-text-editor\" data-id=\"5420af4\" data-element_type=\"widget\" data-e-type=\"widget\" data-widget_type=\"text-editor.default\">\n\t\t\t\t<div class=\"elementor-widget-container\">\n\t\t\t\t\t\t\t\t\t<ul><li><a title=\"Factsheet IPO SLM Solutions\" href=\"\/wp-content\/uploads\/2016\/12\/SLM-Solutions_IPO-Factsheet.pdf\" target=\"_blank\" rel=\"noopener\">IPO-Factsheet SLM Solutions<\/a><\/li><\/ul>\t\t\t\t\t\t\t\t<\/div>\n\t\t\t\t<\/div>\n\t\t\t\t<\/div>\n\t\t\t\t<\/div>\n\t\t\t\t<\/div>\n\t\t\t\t\t<\/div>\n\t\t\t\t<\/div>\n\t\t\t\t<\/div>\n\t\t","protected":false},"excerpt":{"rendered":"<p>IPO-Factsheet \u2013 Ihr Begleiter f\u00fcr Investoren- und Journalistengespr\u00e4che Das IPO-Factsheet ist bei einem geplanten B\u00f6rsengang das richtige Tool f\u00fcr die Erstansprache von Investoren und Journalisten. Ein gut strukturiertes und ansprechend gestaltetes Factsheet unterst\u00fctzt Sie bei der Vermittlung Ihrer Botschaften und tr\u00e4gt dazu bei, dass die wichtigsten Fakten \u00fcber Ihr Unternehmen und Ihre Investment-Highlights verstanden werden. [&hellip;]<\/p>\n","protected":false},"author":1,"featured_media":0,"parent":3813,"menu_order":0,"comment_status":"closed","ping_status":"open","template":"","meta":{"_acf_changed":false,"footnotes":""},"class_list":["post-5087","page","type-page","status-publish","hentry"],"acf":[],"yoast_head":"<!-- This site is optimized with the Yoast SEO Premium plugin v26.2 (Yoast SEO v27.4) - https:\/\/yoast.com\/product\/yoast-seo-premium-wordpress\/ -->\n<title>IPO Factsheet \u2013 Ihr IR-Spezialist f\u00fcr den B\u00f6rsengang | cometis AG<\/title>\n<meta name=\"description\" content=\"Zur Erstansprache von Investoren und Journalisten eignet sich ein kompaktes Fact Sheet. Als Spezialist unterst\u00fctzt die cometis AG bei der Erstellung.\" \/>\n<meta name=\"robots\" content=\"index, follow, max-snippet:-1, max-image-preview:large, max-video-preview:-1\" \/>\n<link rel=\"canonical\" href=\"https:\/\/www.cometis.de\/de\/services\/ipo\/ipo-factsheet\/\" \/>\n<meta property=\"og:locale\" content=\"de_DE\" \/>\n<meta property=\"og:type\" content=\"article\" \/>\n<meta property=\"og:title\" content=\"IPO-Factsheet\" \/>\n<meta property=\"og:description\" content=\"Zur Erstansprache von Investoren und Journalisten eignet sich ein kompaktes Fact Sheet. Als Spezialist unterst\u00fctzt die cometis AG bei der Erstellung.\" \/>\n<meta property=\"og:url\" content=\"https:\/\/www.cometis.de\/de\/services\/ipo\/ipo-factsheet\/\" \/>\n<meta property=\"og:site_name\" content=\"cometis AG\" \/>\n<meta property=\"article:modified_time\" content=\"2025-02-18T05:57:28+00:00\" \/>\n<meta property=\"og:image\" content=\"https:\/\/www.cometis.de\/wp-content\/uploads\/2024\/12-old\/Cometis-Mobile-Logo-1.png\" \/>\n\t<meta property=\"og:image:width\" content=\"171\" \/>\n\t<meta property=\"og:image:height\" content=\"31\" \/>\n\t<meta property=\"og:image:type\" content=\"image\/png\" \/>\n<meta name=\"twitter:card\" content=\"summary_large_image\" \/>\n<meta name=\"twitter:label1\" content=\"Gesch\u00e4tzte Lesezeit\" \/>\n\t<meta name=\"twitter:data1\" content=\"2\u00a0Minuten\" \/>\n<script type=\"application\/ld+json\" class=\"yoast-schema-graph\">{\"@context\":\"https:\\\/\\\/schema.org\",\"@graph\":[{\"@type\":\"WebPage\",\"@id\":\"https:\\\/\\\/www.cometis.de\\\/de\\\/services\\\/ipo\\\/ipo-factsheet\\\/\",\"url\":\"https:\\\/\\\/www.cometis.de\\\/de\\\/services\\\/ipo\\\/ipo-factsheet\\\/\",\"name\":\"IPO Factsheet \u2013 Ihr IR-Spezialist f\u00fcr den B\u00f6rsengang | cometis AG\",\"isPartOf\":{\"@id\":\"https:\\\/\\\/www.cometis.de\\\/de\\\/#website\"},\"datePublished\":\"2025-01-23T12:46:31+00:00\",\"dateModified\":\"2025-02-18T05:57:28+00:00\",\"description\":\"Zur Erstansprache von Investoren und Journalisten eignet sich ein kompaktes Fact Sheet. Als Spezialist unterst\u00fctzt die cometis AG bei der Erstellung.\",\"breadcrumb\":{\"@id\":\"https:\\\/\\\/www.cometis.de\\\/de\\\/services\\\/ipo\\\/ipo-factsheet\\\/#breadcrumb\"},\"inLanguage\":\"de\",\"potentialAction\":[{\"@type\":\"ReadAction\",\"target\":[\"https:\\\/\\\/www.cometis.de\\\/de\\\/services\\\/ipo\\\/ipo-factsheet\\\/\"]}]},{\"@type\":\"BreadcrumbList\",\"@id\":\"https:\\\/\\\/www.cometis.de\\\/de\\\/services\\\/ipo\\\/ipo-factsheet\\\/#breadcrumb\",\"itemListElement\":[{\"@type\":\"ListItem\",\"position\":1,\"name\":\"Home\",\"item\":\"https:\\\/\\\/www.cometis.de\\\/de\\\/\"},{\"@type\":\"ListItem\",\"position\":2,\"name\":\"Services\",\"item\":\"https:\\\/\\\/www.cometis.de\\\/de\\\/services\\\/\"},{\"@type\":\"ListItem\",\"position\":3,\"name\":\"IPO\",\"item\":\"https:\\\/\\\/www.cometis.de\\\/de\\\/services\\\/ipo\\\/\"},{\"@type\":\"ListItem\",\"position\":4,\"name\":\"IPO-Factsheet\"}]},{\"@type\":\"WebSite\",\"@id\":\"https:\\\/\\\/www.cometis.de\\\/de\\\/#website\",\"url\":\"https:\\\/\\\/www.cometis.de\\\/de\\\/\",\"name\":\"cometis AG\",\"description\":\"Deutschlands f\u00fchrende Investor Relations Agentur\",\"publisher\":{\"@id\":\"https:\\\/\\\/www.cometis.de\\\/de\\\/#organization\"},\"potentialAction\":[{\"@type\":\"SearchAction\",\"target\":{\"@type\":\"EntryPoint\",\"urlTemplate\":\"https:\\\/\\\/www.cometis.de\\\/de\\\/?s={search_term_string}\"},\"query-input\":{\"@type\":\"PropertyValueSpecification\",\"valueRequired\":true,\"valueName\":\"search_term_string\"}}],\"inLanguage\":\"de\"},{\"@type\":\"Organization\",\"@id\":\"https:\\\/\\\/www.cometis.de\\\/de\\\/#organization\",\"name\":\"cometis AG\",\"alternateName\":\"Deutschlands f\u00fchrende Investor Relations Agentur\",\"url\":\"https:\\\/\\\/www.cometis.de\\\/de\\\/\",\"logo\":{\"@type\":\"ImageObject\",\"inLanguage\":\"de\",\"@id\":\"https:\\\/\\\/www.cometis.de\\\/de\\\/#\\\/schema\\\/logo\\\/image\\\/\",\"url\":\"https:\\\/\\\/www.cometis.de\\\/wp-content\\\/uploads\\\/2024\\\/12-old\\\/Cometis-Mobile-Logo-1.png\",\"contentUrl\":\"https:\\\/\\\/www.cometis.de\\\/wp-content\\\/uploads\\\/2024\\\/12-old\\\/Cometis-Mobile-Logo-1.png\",\"width\":171,\"height\":31,\"caption\":\"cometis AG\"},\"image\":{\"@id\":\"https:\\\/\\\/www.cometis.de\\\/de\\\/#\\\/schema\\\/logo\\\/image\\\/\"},\"sameAs\":[\"https:\\\/\\\/www.linkedin.com\\\/company\\\/cometis-ag\\\/\",\"https:\\\/\\\/www.youtube.com\\\/user\\\/cometisAG\"]}]}<\/script>\n<!-- \/ Yoast SEO Premium plugin. -->","yoast_head_json":{"title":"IPO Factsheet \u2013 Ihr IR-Spezialist f\u00fcr den B\u00f6rsengang | cometis AG","description":"Zur Erstansprache von Investoren und Journalisten eignet sich ein kompaktes Fact Sheet. Als Spezialist unterst\u00fctzt die cometis AG bei der Erstellung.","robots":{"index":"index","follow":"follow","max-snippet":"max-snippet:-1","max-image-preview":"max-image-preview:large","max-video-preview":"max-video-preview:-1"},"canonical":"https:\/\/www.cometis.de\/de\/services\/ipo\/ipo-factsheet\/","og_locale":"de_DE","og_type":"article","og_title":"IPO-Factsheet","og_description":"Zur Erstansprache von Investoren und Journalisten eignet sich ein kompaktes Fact Sheet. Als Spezialist unterst\u00fctzt die cometis AG bei der Erstellung.","og_url":"https:\/\/www.cometis.de\/de\/services\/ipo\/ipo-factsheet\/","og_site_name":"cometis AG","article_modified_time":"2025-02-18T05:57:28+00:00","og_image":[{"width":171,"height":31,"url":"https:\/\/www.cometis.de\/wp-content\/uploads\/2024\/12-old\/Cometis-Mobile-Logo-1.png","type":"image\/png"}],"twitter_card":"summary_large_image","twitter_misc":{"Gesch\u00e4tzte Lesezeit":"2\u00a0Minuten"},"schema":{"@context":"https:\/\/schema.org","@graph":[{"@type":"WebPage","@id":"https:\/\/www.cometis.de\/de\/services\/ipo\/ipo-factsheet\/","url":"https:\/\/www.cometis.de\/de\/services\/ipo\/ipo-factsheet\/","name":"IPO Factsheet \u2013 Ihr IR-Spezialist f\u00fcr den B\u00f6rsengang | cometis AG","isPartOf":{"@id":"https:\/\/www.cometis.de\/de\/#website"},"datePublished":"2025-01-23T12:46:31+00:00","dateModified":"2025-02-18T05:57:28+00:00","description":"Zur Erstansprache von Investoren und Journalisten eignet sich ein kompaktes Fact Sheet. Als Spezialist unterst\u00fctzt die cometis AG bei der Erstellung.","breadcrumb":{"@id":"https:\/\/www.cometis.de\/de\/services\/ipo\/ipo-factsheet\/#breadcrumb"},"inLanguage":"de","potentialAction":[{"@type":"ReadAction","target":["https:\/\/www.cometis.de\/de\/services\/ipo\/ipo-factsheet\/"]}]},{"@type":"BreadcrumbList","@id":"https:\/\/www.cometis.de\/de\/services\/ipo\/ipo-factsheet\/#breadcrumb","itemListElement":[{"@type":"ListItem","position":1,"name":"Home","item":"https:\/\/www.cometis.de\/de\/"},{"@type":"ListItem","position":2,"name":"Services","item":"https:\/\/www.cometis.de\/de\/services\/"},{"@type":"ListItem","position":3,"name":"IPO","item":"https:\/\/www.cometis.de\/de\/services\/ipo\/"},{"@type":"ListItem","position":4,"name":"IPO-Factsheet"}]},{"@type":"WebSite","@id":"https:\/\/www.cometis.de\/de\/#website","url":"https:\/\/www.cometis.de\/de\/","name":"cometis AG","description":"Deutschlands f\u00fchrende Investor Relations Agentur","publisher":{"@id":"https:\/\/www.cometis.de\/de\/#organization"},"potentialAction":[{"@type":"SearchAction","target":{"@type":"EntryPoint","urlTemplate":"https:\/\/www.cometis.de\/de\/?s={search_term_string}"},"query-input":{"@type":"PropertyValueSpecification","valueRequired":true,"valueName":"search_term_string"}}],"inLanguage":"de"},{"@type":"Organization","@id":"https:\/\/www.cometis.de\/de\/#organization","name":"cometis AG","alternateName":"Deutschlands f\u00fchrende Investor Relations Agentur","url":"https:\/\/www.cometis.de\/de\/","logo":{"@type":"ImageObject","inLanguage":"de","@id":"https:\/\/www.cometis.de\/de\/#\/schema\/logo\/image\/","url":"https:\/\/www.cometis.de\/wp-content\/uploads\/2024\/12-old\/Cometis-Mobile-Logo-1.png","contentUrl":"https:\/\/www.cometis.de\/wp-content\/uploads\/2024\/12-old\/Cometis-Mobile-Logo-1.png","width":171,"height":31,"caption":"cometis AG"},"image":{"@id":"https:\/\/www.cometis.de\/de\/#\/schema\/logo\/image\/"},"sameAs":["https:\/\/www.linkedin.com\/company\/cometis-ag\/","https:\/\/www.youtube.com\/user\/cometisAG"]}]}},"_links":{"self":[{"href":"https:\/\/www.cometis.de\/de\/wp-json\/wp\/v2\/pages\/5087","targetHints":{"allow":["GET"]}}],"collection":[{"href":"https:\/\/www.cometis.de\/de\/wp-json\/wp\/v2\/pages"}],"about":[{"href":"https:\/\/www.cometis.de\/de\/wp-json\/wp\/v2\/types\/page"}],"author":[{"embeddable":true,"href":"https:\/\/www.cometis.de\/de\/wp-json\/wp\/v2\/users\/1"}],"replies":[{"embeddable":true,"href":"https:\/\/www.cometis.de\/de\/wp-json\/wp\/v2\/comments?post=5087"}],"version-history":[{"count":3,"href":"https:\/\/www.cometis.de\/de\/wp-json\/wp\/v2\/pages\/5087\/revisions"}],"predecessor-version":[{"id":107539,"href":"https:\/\/www.cometis.de\/de\/wp-json\/wp\/v2\/pages\/5087\/revisions\/107539"}],"up":[{"embeddable":true,"href":"https:\/\/www.cometis.de\/de\/wp-json\/wp\/v2\/pages\/3813"}],"wp:attachment":[{"href":"https:\/\/www.cometis.de\/de\/wp-json\/wp\/v2\/media?parent=5087"}],"curies":[{"name":"wp","href":"https:\/\/api.w.org\/{rel}","templated":true}]}}