{"id":5117,"date":"2025-01-23T14:14:12","date_gmt":"2025-01-23T13:14:12","guid":{"rendered":"https:\/\/cometis.de\/?page_id=5117"},"modified":"2025-02-18T06:58:57","modified_gmt":"2025-02-18T05:58:57","slug":"vorstandscoaching","status":"publish","type":"page","link":"https:\/\/www.cometis.de\/de\/services\/ipo\/vorstandscoaching\/","title":{"rendered":"Vorstandscoaching"},"content":{"rendered":"\t\t<div data-elementor-type=\"wp-page\" data-elementor-id=\"5117\" class=\"elementor elementor-5117\" data-elementor-post-type=\"page\">\n\t\t\t\t<div class=\"elementor-element elementor-element-de7e68d e-flex e-con-boxed e-con e-parent\" data-id=\"de7e68d\" data-element_type=\"container\" data-e-type=\"container\">\n\t\t\t\t\t<div class=\"e-con-inner\">\n\t\t\t\t<div class=\"elementor-element elementor-element-745b8ed elementor-widget elementor-widget-template\" data-id=\"745b8ed\" data-element_type=\"widget\" data-e-type=\"widget\" data-widget_type=\"template.default\">\n\t\t\t\t<div class=\"elementor-widget-container\">\n\t\t\t\t\t\t\t<div class=\"elementor-template\">\n\t\t\t\t\t<div data-elementor-type=\"section\" data-elementor-id=\"766\" class=\"elementor elementor-766\" data-elementor-post-type=\"elementor_library\">\n\t\t\t<div class=\"elementor-element elementor-element-1f34e34 e-flex e-con-boxed e-con e-parent\" data-id=\"1f34e34\" data-element_type=\"container\" data-e-type=\"container\">\n\t\t\t\t\t<div class=\"e-con-inner\">\n\t\t<div class=\"elementor-element elementor-element-e68c844 e-con-full e-flex e-con e-child\" data-id=\"e68c844\" data-element_type=\"container\" data-e-type=\"container\" data-settings=\"{&quot;background_background&quot;:&quot;classic&quot;}\">\n\t\t\t\t<\/div>\n\t\t<div class=\"elementor-element elementor-element-b7dac6f e-con-full e-flex e-con e-child\" data-id=\"b7dac6f\" data-element_type=\"container\" data-e-type=\"container\">\n\t\t\t\t<div class=\"elementor-element elementor-element-ce54cc3 elementor-align-left elementor-widget elementor-widget-breadcrumbs\" data-id=\"ce54cc3\" data-element_type=\"widget\" data-e-type=\"widget\" data-widget_type=\"breadcrumbs.default\">\n\t\t\t\t<div class=\"elementor-widget-container\">\n\t\t\t\t\t<div id=\"breadcrumbs\"><span><span><a href=\"https:\/\/www.cometis.de\/de\/\">Home<\/a><\/span><\/span><\/div>\t\t\t\t<\/div>\n\t\t\t\t<\/div>\n\t\t\t\t<\/div>\n\t\t\t\t\t<\/div>\n\t\t\t\t<\/div>\n\t\t\t\t<\/div>\n\t\t\t\t<\/div>\n\t\t\t\t\t\t<\/div>\n\t\t\t\t<\/div>\n\t\t\t\t\t<\/div>\n\t\t\t\t<\/div>\n\t\t<div class=\"elementor-element elementor-element-65d949a cmn-sidebar-content e-flex e-con-boxed e-con e-parent\" data-id=\"65d949a\" data-element_type=\"container\" data-e-type=\"container\" data-settings=\"{&quot;background_background&quot;:&quot;classic&quot;,&quot;background_motion_fx_motion_fx_scrolling&quot;:&quot;yes&quot;,&quot;background_motion_fx_translateY_effect&quot;:&quot;yes&quot;,&quot;background_motion_fx_translateY_speed&quot;:{&quot;unit&quot;:&quot;px&quot;,&quot;size&quot;:2,&quot;sizes&quot;:[]},&quot;background_motion_fx_translateY_direction&quot;:&quot;negative&quot;,&quot;background_motion_fx_translateY_affectedRange&quot;:{&quot;unit&quot;:&quot;%&quot;,&quot;size&quot;:&quot;&quot;,&quot;sizes&quot;:{&quot;start&quot;:0,&quot;end&quot;:100}},&quot;background_motion_fx_devices&quot;:[&quot;desktop&quot;,&quot;tablet&quot;,&quot;mobile&quot;]}\">\n\t\t\t\t\t<div class=\"e-con-inner\">\n\t\t<div class=\"elementor-element elementor-element-ee8169c e-con-full cmn-sidebar-content p-100 e-flex e-con e-child\" data-id=\"ee8169c\" data-element_type=\"container\" data-e-type=\"container\">\n\t\t<div class=\"elementor-element elementor-element-c29d5a3 e-con-full cmn-content-box e-flex e-con e-child\" data-id=\"c29d5a3\" data-element_type=\"container\" data-e-type=\"container\">\n\t\t<div class=\"elementor-element elementor-element-9ee869b e-con-full cmn-content-box-container e-flex e-con e-child\" data-id=\"9ee869b\" data-element_type=\"container\" data-e-type=\"container\">\n\t\t\t\t<div class=\"elementor-element elementor-element-b497d9d elementor-widget elementor-widget-heading\" data-id=\"b497d9d\" data-element_type=\"widget\" data-e-type=\"widget\" data-widget_type=\"heading.default\">\n\t\t\t\t<div class=\"elementor-widget-container\">\n\t\t\t\t\t<h2 class=\"elementor-heading-title elementor-size-default\">Vorstandscoaching \u2013 vor Investoren und Analysten sicher pr\u00e4sentieren<\/h2>\t\t\t\t<\/div>\n\t\t\t\t<\/div>\n\t\t\t\t<div class=\"elementor-element elementor-element-1b81d46 elementor-widget elementor-widget-text-editor\" data-id=\"1b81d46\" data-element_type=\"widget\" data-e-type=\"widget\" data-widget_type=\"text-editor.default\">\n\t\t\t\t<div class=\"elementor-widget-container\">\n\t\t\t\t\t\t\t\t\t<p>Mit dem Vorstandscoaching von\u00a0<a title=\"Investor Relations Agentur f\u00fcr Finanzkommunikation\" href=\"\/de\/\">cometis<\/a>\u00a0trainieren Sie ein sicheres und professionelles Auftreten, um interessierte Investoren von der Equity Story Ihres Unternehmens zu \u00fcberzeugen.<\/p><p><a href=\"https:\/\/cometis-publishing.de\/produkt\/medientraining\/\" target=\"_blank\" rel=\"noopener\"><img fetchpriority=\"high\" decoding=\"async\" class=\"wp-image-82961 size-full alignnone\" src=\"https:\/\/www.cometis.de\/wp-content\/uploads\/2024\/12\/030_Medientraining-1.webp\" alt=\"\" width=\"286\" height=\"388\" \/><\/a><\/p><p>Im Rahmen eines B\u00f6rsengangs werden eine Reihe an Gespr\u00e4chen mit Investoren, Analysten und Journalisten gef\u00fchrt. Stets geht es darum, \u00fcberzeugend aufzutreten und das Potenzial Ihres Unternehmens zu verdeutlichen.<\/p><p>Wenn Sie auf wichtige Investorengespr\u00e4che optimal vorbereitet sein und auch in kritischen Situationen souver\u00e4n agieren wollen, bieten wir Ihnen ein fokussiertes Q&amp;A-Training an.<\/p>\t\t\t\t\t\t\t\t<\/div>\n\t\t\t\t<\/div>\n\t\t\t\t<div class=\"elementor-element elementor-element-a6815a1 cmn-content-box-btn elementor-widget elementor-widget-button\" data-id=\"a6815a1\" data-element_type=\"widget\" data-e-type=\"widget\" data-widget_type=\"button.default\">\n\t\t\t\t<div class=\"elementor-widget-container\">\n\t\t\t\t\t\t\t\t\t<div class=\"elementor-button-wrapper\">\n\t\t\t\t\t<a class=\"elementor-button elementor-button-link elementor-size-sm\" href=\"\/de\/cometis-ag\/referenzen\/ipo-referenzen\">\n\t\t\t\t\t\t<span class=\"elementor-button-content-wrapper\">\n\t\t\t\t\t\t<span class=\"elementor-button-icon\">\n\t\t\t\t<svg aria-hidden=\"true\" class=\"e-font-icon-svg e-fas-chevron-right\" viewBox=\"0 0 320 512\" xmlns=\"http:\/\/www.w3.org\/2000\/svg\"><path d=\"M285.476 272.971L91.132 467.314c-9.373 9.373-24.569 9.373-33.941 0l-22.667-22.667c-9.357-9.357-9.375-24.522-.04-33.901L188.505 256 34.484 101.255c-9.335-9.379-9.317-24.544.04-33.901l22.667-22.667c9.373-9.373 24.569-9.373 33.941 0L285.475 239.03c9.373 9.372 9.373 24.568.001 33.941z\"><\/path><\/svg>\t\t\t<\/span>\n\t\t\t\t\t\t\t\t\t<span class=\"elementor-button-text\">Unsere Referenzen<\/span>\n\t\t\t\t\t<\/span>\n\t\t\t\t\t<\/a>\n\t\t\t\t<\/div>\n\t\t\t\t\t\t\t\t<\/div>\n\t\t\t\t<\/div>\n\t\t\t\t<\/div>\n\t\t<div class=\"elementor-element elementor-element-ce2dbce e-con-full cmn-content-box-container e-flex e-con e-child\" data-id=\"ce2dbce\" data-element_type=\"container\" data-e-type=\"container\">\n\t\t\t\t<div class=\"elementor-element elementor-element-f590ed3 elementor-widget elementor-widget-heading\" data-id=\"f590ed3\" data-element_type=\"widget\" data-e-type=\"widget\" data-widget_type=\"heading.default\">\n\t\t\t\t<div class=\"elementor-widget-container\">\n\t\t\t\t\t<h2 class=\"elementor-heading-title elementor-size-default\">Mediale Wirkung verbessern und Umgang mit Stresssituationen trainieren<\/h2>\t\t\t\t<\/div>\n\t\t\t\t<\/div>\n\t\t\t\t<div class=\"elementor-element elementor-element-c12d8df elementor-widget elementor-widget-text-editor\" data-id=\"c12d8df\" data-element_type=\"widget\" data-e-type=\"widget\" data-widget_type=\"text-editor.default\">\n\t\t\t\t<div class=\"elementor-widget-container\">\n\t\t\t\t\t\t\t\t\t<p>Wir bereiten Sie gezielt darauf vor, in Interviews und Pr\u00e4sentationen Ihre Inhalte selbstbewusst und klar verst\u00e4ndlich zu platzieren.<\/p>\t\t\t\t\t\t\t\t<\/div>\n\t\t\t\t<\/div>\n\t\t\t\t<div class=\"elementor-element elementor-element-09ea316 elementor-widget elementor-widget-image\" data-id=\"09ea316\" data-element_type=\"widget\" data-e-type=\"widget\" data-widget_type=\"image.default\">\n\t\t\t\t<div class=\"elementor-widget-container\">\n\t\t\t\t\t\t\t\t\t\t\t\t\t\t\t<img decoding=\"async\" width=\"350\" height=\"232\" src=\"https:\/\/www.cometis.de\/wp-content\/uploads\/2025\/01\/DSC_0178-e1498141101573_1.webp\" class=\"attachment-full size-full wp-image-5133\" alt=\"\" srcset=\"https:\/\/www.cometis.de\/wp-content\/uploads\/2025\/01\/DSC_0178-e1498141101573_1.webp 350w, https:\/\/www.cometis.de\/wp-content\/uploads\/2025\/01\/DSC_0178-e1498141101573_1-300x199.webp 300w\" sizes=\"(max-width: 350px) 100vw, 350px\" \/>\t\t\t\t\t\t\t\t\t\t\t\t\t\t\t<\/div>\n\t\t\t\t<\/div>\n\t\t\t\t<div class=\"elementor-element elementor-element-6cf3756 elementor-widget elementor-widget-text-editor\" data-id=\"6cf3756\" data-element_type=\"widget\" data-e-type=\"widget\" data-widget_type=\"text-editor.default\">\n\t\t\t\t<div class=\"elementor-widget-container\">\n\t\t\t\t\t\t\t\t\t<p>Wir machen Sie mit den unterschiedlichen Situationen vertraut, sodass Sie auch in Stresssituationen einen \u201ek\u00fchlen Kopf\u201c bewahren und Ihre Kernbotschaften erfolgreich transportieren.<\/p><p>Denn: Es ist ein Unterschied, ob Sie eine Stunde mit einem Investor sprechen oder Ihre Story in drei Minuten vor laufender Kamera platzieren m\u00fcssen.<\/p><p>Durch die begleitende Videoanalyse feilen wir gemeinsam mit Ihnen nicht nur an der Rhetorik und der nonverbalen Kommunikation, sondern insbesondere an den Antworten.<\/p>\t\t\t\t\t\t\t\t<\/div>\n\t\t\t\t<\/div>\n\t\t\t\t<\/div>\n\t\t<div class=\"elementor-element elementor-element-bed69d1 e-con-full cmn-content-box-container e-flex e-con e-child\" data-id=\"bed69d1\" data-element_type=\"container\" data-e-type=\"container\">\n\t\t\t\t<div class=\"elementor-element elementor-element-720e961 elementor-widget elementor-widget-heading\" data-id=\"720e961\" data-element_type=\"widget\" data-e-type=\"widget\" data-widget_type=\"heading.default\">\n\t\t\t\t<div class=\"elementor-widget-container\">\n\t\t\t\t\t<h2 class=\"elementor-heading-title elementor-size-default\">Anforderungen an Unternehmen bez\u00fcglich Media Relations<\/h2>\t\t\t\t<\/div>\n\t\t\t\t<\/div>\n\t\t\t\t<div class=\"elementor-element elementor-element-37d64e9 elementor-widget elementor-widget-video\" data-id=\"37d64e9\" data-element_type=\"widget\" data-e-type=\"widget\" data-settings=\"{&quot;youtube_url&quot;:&quot;https:\\\/\\\/youtu.be\\\/eFwgsGY9WfM?si=Y5bWbIwL2D2vQ8XZ&quot;,&quot;video_type&quot;:&quot;youtube&quot;,&quot;controls&quot;:&quot;yes&quot;}\" data-widget_type=\"video.default\">\n\t\t\t\t<div class=\"elementor-widget-container\">\n\t\t\t\t\t\t\t<div class=\"elementor-wrapper elementor-open-inline\">\n\t\t\t<div class=\"elementor-video\"><\/div>\t\t<\/div>\n\t\t\t\t\t\t<\/div>\n\t\t\t\t<\/div>\n\t\t\t\t<\/div>\n\t\t<div class=\"elementor-element elementor-element-0f408d1 e-con-full cmn-content-box-container e-flex e-con e-child\" data-id=\"0f408d1\" data-element_type=\"container\" data-e-type=\"container\">\n\t\t\t\t<div class=\"elementor-element elementor-element-2fc68fe elementor-widget elementor-widget-heading\" data-id=\"2fc68fe\" data-element_type=\"widget\" data-e-type=\"widget\" data-widget_type=\"heading.default\">\n\t\t\t\t<div class=\"elementor-widget-container\">\n\t\t\t\t\t<h2 class=\"elementor-heading-title elementor-size-default\">Das erwartet Sie bei unserem Vorstandscoaching:<\/h2>\t\t\t\t<\/div>\n\t\t\t\t<\/div>\n\t\t\t\t<div class=\"elementor-element elementor-element-e21def8 custom-list elementor-widget elementor-widget-text-editor\" data-id=\"e21def8\" data-element_type=\"widget\" data-e-type=\"widget\" data-widget_type=\"text-editor.default\">\n\t\t\t\t<div class=\"elementor-widget-container\">\n\t\t\t\t\t\t\t\t\t<ul><li>Ganzt\u00e4giges Vorstandscoaching inkl. Videoanalyse<\/li><li>Telefonische Interviews<\/li><li>Hintergrundgespr\u00e4che<\/li><li>30-Sek.-Statements<\/li><li>TV-Schalten<\/li><li>Kreuzverh\u00f6re<\/li><li>Simulation von Pressekonferenzen<\/li><li>Unternehmenspr\u00e4sentation<\/li><li>One-on-One Meetings<\/li><li>Faire und unfaire Dialektik<\/li><\/ul>\t\t\t\t\t\t\t\t<\/div>\n\t\t\t\t<\/div>\n\t\t\t\t<\/div>\n\t\t\t\t<\/div>\n\t\t\t\t<\/div>\n\t\t\t\t\t<\/div>\n\t\t\t\t<\/div>\n\t\t\t\t<\/div>\n\t\t","protected":false},"excerpt":{"rendered":"<p>Vorstandscoaching \u2013 vor Investoren und Analysten sicher pr\u00e4sentieren Mit dem Vorstandscoaching von\u00a0cometis\u00a0trainieren Sie ein sicheres und professionelles Auftreten, um interessierte Investoren von der Equity Story Ihres Unternehmens zu \u00fcberzeugen. Im Rahmen eines B\u00f6rsengangs werden eine Reihe an Gespr\u00e4chen mit Investoren, Analysten und Journalisten gef\u00fchrt. Stets geht es darum, \u00fcberzeugend aufzutreten und das Potenzial Ihres Unternehmens [&hellip;]<\/p>\n","protected":false},"author":1,"featured_media":0,"parent":3813,"menu_order":0,"comment_status":"closed","ping_status":"open","template":"","meta":{"_acf_changed":false,"footnotes":""},"class_list":["post-5117","page","type-page","status-publish","hentry"],"acf":[],"yoast_head":"<!-- This site is optimized with the Yoast SEO Premium plugin v26.2 (Yoast SEO v27.4) - https:\/\/yoast.com\/product\/yoast-seo-premium-wordpress\/ -->\n<title>Vorstandscoaching \u2013 sicher und professionell pr\u00e4sentieren | cometis AG<\/title>\n<meta name=\"description\" content=\"Mit einem Vorstandscoaching von cometis verschaffen Sie sich Sicherheit im Umgang mit Investoren und Journalisten und verbessern Ihre mediale Wirkung.\" \/>\n<meta name=\"robots\" content=\"index, follow, max-snippet:-1, max-image-preview:large, max-video-preview:-1\" \/>\n<link rel=\"canonical\" href=\"https:\/\/www.cometis.de\/de\/services\/ipo\/vorstandscoaching\/\" \/>\n<meta property=\"og:locale\" content=\"de_DE\" \/>\n<meta property=\"og:type\" content=\"article\" \/>\n<meta property=\"og:title\" content=\"Vorstandscoaching\" \/>\n<meta property=\"og:description\" content=\"Mit einem Vorstandscoaching von cometis verschaffen Sie sich Sicherheit im Umgang mit Investoren und Journalisten und verbessern Ihre mediale Wirkung.\" \/>\n<meta property=\"og:url\" content=\"https:\/\/www.cometis.de\/de\/services\/ipo\/vorstandscoaching\/\" \/>\n<meta property=\"og:site_name\" content=\"cometis AG\" \/>\n<meta property=\"article:modified_time\" content=\"2025-02-18T05:58:57+00:00\" \/>\n<meta property=\"og:image\" content=\"https:\/\/cometis.de\/wp-content\/uploads\/2024\/12\/030_Medientraining-1.webp\" \/>\n<meta name=\"twitter:card\" content=\"summary_large_image\" \/>\n<meta name=\"twitter:label1\" content=\"Gesch\u00e4tzte Lesezeit\" \/>\n\t<meta name=\"twitter:data1\" content=\"2\u00a0Minuten\" \/>\n<script type=\"application\/ld+json\" class=\"yoast-schema-graph\">{\"@context\":\"https:\\\/\\\/schema.org\",\"@graph\":[{\"@type\":\"WebPage\",\"@id\":\"https:\\\/\\\/www.cometis.de\\\/de\\\/services\\\/ipo\\\/vorstandscoaching\\\/\",\"url\":\"https:\\\/\\\/www.cometis.de\\\/de\\\/services\\\/ipo\\\/vorstandscoaching\\\/\",\"name\":\"Vorstandscoaching \u2013 sicher und professionell pr\u00e4sentieren | cometis AG\",\"isPartOf\":{\"@id\":\"https:\\\/\\\/www.cometis.de\\\/de\\\/#website\"},\"primaryImageOfPage\":{\"@id\":\"https:\\\/\\\/www.cometis.de\\\/de\\\/services\\\/ipo\\\/vorstandscoaching\\\/#primaryimage\"},\"image\":{\"@id\":\"https:\\\/\\\/www.cometis.de\\\/de\\\/services\\\/ipo\\\/vorstandscoaching\\\/#primaryimage\"},\"thumbnailUrl\":\"https:\\\/\\\/cometis.de\\\/wp-content\\\/uploads\\\/2024\\\/12\\\/030_Medientraining-1.webp\",\"datePublished\":\"2025-01-23T13:14:12+00:00\",\"dateModified\":\"2025-02-18T05:58:57+00:00\",\"description\":\"Mit einem Vorstandscoaching von cometis verschaffen Sie sich Sicherheit im Umgang mit Investoren und Journalisten und verbessern Ihre mediale Wirkung.\",\"breadcrumb\":{\"@id\":\"https:\\\/\\\/www.cometis.de\\\/de\\\/services\\\/ipo\\\/vorstandscoaching\\\/#breadcrumb\"},\"inLanguage\":\"de\",\"potentialAction\":[{\"@type\":\"ReadAction\",\"target\":[\"https:\\\/\\\/www.cometis.de\\\/de\\\/services\\\/ipo\\\/vorstandscoaching\\\/\"]}]},{\"@type\":\"ImageObject\",\"inLanguage\":\"de\",\"@id\":\"https:\\\/\\\/www.cometis.de\\\/de\\\/services\\\/ipo\\\/vorstandscoaching\\\/#primaryimage\",\"url\":\"https:\\\/\\\/cometis.de\\\/wp-content\\\/uploads\\\/2024\\\/12\\\/030_Medientraining-1.webp\",\"contentUrl\":\"https:\\\/\\\/cometis.de\\\/wp-content\\\/uploads\\\/2024\\\/12\\\/030_Medientraining-1.webp\"},{\"@type\":\"BreadcrumbList\",\"@id\":\"https:\\\/\\\/www.cometis.de\\\/de\\\/services\\\/ipo\\\/vorstandscoaching\\\/#breadcrumb\",\"itemListElement\":[{\"@type\":\"ListItem\",\"position\":1,\"name\":\"Home\",\"item\":\"https:\\\/\\\/www.cometis.de\\\/de\\\/\"},{\"@type\":\"ListItem\",\"position\":2,\"name\":\"Services\",\"item\":\"https:\\\/\\\/www.cometis.de\\\/de\\\/services\\\/\"},{\"@type\":\"ListItem\",\"position\":3,\"name\":\"IPO\",\"item\":\"https:\\\/\\\/www.cometis.de\\\/de\\\/services\\\/ipo\\\/\"},{\"@type\":\"ListItem\",\"position\":4,\"name\":\"Vorstandscoaching\"}]},{\"@type\":\"WebSite\",\"@id\":\"https:\\\/\\\/www.cometis.de\\\/de\\\/#website\",\"url\":\"https:\\\/\\\/www.cometis.de\\\/de\\\/\",\"name\":\"cometis AG\",\"description\":\"Deutschlands f\u00fchrende Investor Relations Agentur\",\"publisher\":{\"@id\":\"https:\\\/\\\/www.cometis.de\\\/de\\\/#organization\"},\"potentialAction\":[{\"@type\":\"SearchAction\",\"target\":{\"@type\":\"EntryPoint\",\"urlTemplate\":\"https:\\\/\\\/www.cometis.de\\\/de\\\/?s={search_term_string}\"},\"query-input\":{\"@type\":\"PropertyValueSpecification\",\"valueRequired\":true,\"valueName\":\"search_term_string\"}}],\"inLanguage\":\"de\"},{\"@type\":\"Organization\",\"@id\":\"https:\\\/\\\/www.cometis.de\\\/de\\\/#organization\",\"name\":\"cometis AG\",\"alternateName\":\"Deutschlands f\u00fchrende Investor Relations Agentur\",\"url\":\"https:\\\/\\\/www.cometis.de\\\/de\\\/\",\"logo\":{\"@type\":\"ImageObject\",\"inLanguage\":\"de\",\"@id\":\"https:\\\/\\\/www.cometis.de\\\/de\\\/#\\\/schema\\\/logo\\\/image\\\/\",\"url\":\"https:\\\/\\\/www.cometis.de\\\/wp-content\\\/uploads\\\/2024\\\/12-old\\\/Cometis-Mobile-Logo-1.png\",\"contentUrl\":\"https:\\\/\\\/www.cometis.de\\\/wp-content\\\/uploads\\\/2024\\\/12-old\\\/Cometis-Mobile-Logo-1.png\",\"width\":171,\"height\":31,\"caption\":\"cometis AG\"},\"image\":{\"@id\":\"https:\\\/\\\/www.cometis.de\\\/de\\\/#\\\/schema\\\/logo\\\/image\\\/\"},\"sameAs\":[\"https:\\\/\\\/www.linkedin.com\\\/company\\\/cometis-ag\\\/\",\"https:\\\/\\\/www.youtube.com\\\/user\\\/cometisAG\"]}]}<\/script>\n<!-- \/ Yoast SEO Premium plugin. -->","yoast_head_json":{"title":"Vorstandscoaching \u2013 sicher und professionell pr\u00e4sentieren | cometis AG","description":"Mit einem Vorstandscoaching von cometis verschaffen Sie sich Sicherheit im Umgang mit Investoren und Journalisten und verbessern Ihre mediale Wirkung.","robots":{"index":"index","follow":"follow","max-snippet":"max-snippet:-1","max-image-preview":"max-image-preview:large","max-video-preview":"max-video-preview:-1"},"canonical":"https:\/\/www.cometis.de\/de\/services\/ipo\/vorstandscoaching\/","og_locale":"de_DE","og_type":"article","og_title":"Vorstandscoaching","og_description":"Mit einem Vorstandscoaching von cometis verschaffen Sie sich Sicherheit im Umgang mit Investoren und Journalisten und verbessern Ihre mediale Wirkung.","og_url":"https:\/\/www.cometis.de\/de\/services\/ipo\/vorstandscoaching\/","og_site_name":"cometis AG","article_modified_time":"2025-02-18T05:58:57+00:00","og_image":[{"url":"https:\/\/cometis.de\/wp-content\/uploads\/2024\/12\/030_Medientraining-1.webp","type":"","width":"","height":""}],"twitter_card":"summary_large_image","twitter_misc":{"Gesch\u00e4tzte Lesezeit":"2\u00a0Minuten"},"schema":{"@context":"https:\/\/schema.org","@graph":[{"@type":"WebPage","@id":"https:\/\/www.cometis.de\/de\/services\/ipo\/vorstandscoaching\/","url":"https:\/\/www.cometis.de\/de\/services\/ipo\/vorstandscoaching\/","name":"Vorstandscoaching \u2013 sicher und professionell pr\u00e4sentieren | cometis AG","isPartOf":{"@id":"https:\/\/www.cometis.de\/de\/#website"},"primaryImageOfPage":{"@id":"https:\/\/www.cometis.de\/de\/services\/ipo\/vorstandscoaching\/#primaryimage"},"image":{"@id":"https:\/\/www.cometis.de\/de\/services\/ipo\/vorstandscoaching\/#primaryimage"},"thumbnailUrl":"https:\/\/cometis.de\/wp-content\/uploads\/2024\/12\/030_Medientraining-1.webp","datePublished":"2025-01-23T13:14:12+00:00","dateModified":"2025-02-18T05:58:57+00:00","description":"Mit einem Vorstandscoaching von cometis verschaffen Sie sich Sicherheit im Umgang mit Investoren und Journalisten und verbessern Ihre mediale Wirkung.","breadcrumb":{"@id":"https:\/\/www.cometis.de\/de\/services\/ipo\/vorstandscoaching\/#breadcrumb"},"inLanguage":"de","potentialAction":[{"@type":"ReadAction","target":["https:\/\/www.cometis.de\/de\/services\/ipo\/vorstandscoaching\/"]}]},{"@type":"ImageObject","inLanguage":"de","@id":"https:\/\/www.cometis.de\/de\/services\/ipo\/vorstandscoaching\/#primaryimage","url":"https:\/\/cometis.de\/wp-content\/uploads\/2024\/12\/030_Medientraining-1.webp","contentUrl":"https:\/\/cometis.de\/wp-content\/uploads\/2024\/12\/030_Medientraining-1.webp"},{"@type":"BreadcrumbList","@id":"https:\/\/www.cometis.de\/de\/services\/ipo\/vorstandscoaching\/#breadcrumb","itemListElement":[{"@type":"ListItem","position":1,"name":"Home","item":"https:\/\/www.cometis.de\/de\/"},{"@type":"ListItem","position":2,"name":"Services","item":"https:\/\/www.cometis.de\/de\/services\/"},{"@type":"ListItem","position":3,"name":"IPO","item":"https:\/\/www.cometis.de\/de\/services\/ipo\/"},{"@type":"ListItem","position":4,"name":"Vorstandscoaching"}]},{"@type":"WebSite","@id":"https:\/\/www.cometis.de\/de\/#website","url":"https:\/\/www.cometis.de\/de\/","name":"cometis AG","description":"Deutschlands f\u00fchrende Investor Relations Agentur","publisher":{"@id":"https:\/\/www.cometis.de\/de\/#organization"},"potentialAction":[{"@type":"SearchAction","target":{"@type":"EntryPoint","urlTemplate":"https:\/\/www.cometis.de\/de\/?s={search_term_string}"},"query-input":{"@type":"PropertyValueSpecification","valueRequired":true,"valueName":"search_term_string"}}],"inLanguage":"de"},{"@type":"Organization","@id":"https:\/\/www.cometis.de\/de\/#organization","name":"cometis AG","alternateName":"Deutschlands f\u00fchrende Investor Relations Agentur","url":"https:\/\/www.cometis.de\/de\/","logo":{"@type":"ImageObject","inLanguage":"de","@id":"https:\/\/www.cometis.de\/de\/#\/schema\/logo\/image\/","url":"https:\/\/www.cometis.de\/wp-content\/uploads\/2024\/12-old\/Cometis-Mobile-Logo-1.png","contentUrl":"https:\/\/www.cometis.de\/wp-content\/uploads\/2024\/12-old\/Cometis-Mobile-Logo-1.png","width":171,"height":31,"caption":"cometis AG"},"image":{"@id":"https:\/\/www.cometis.de\/de\/#\/schema\/logo\/image\/"},"sameAs":["https:\/\/www.linkedin.com\/company\/cometis-ag\/","https:\/\/www.youtube.com\/user\/cometisAG"]}]}},"_links":{"self":[{"href":"https:\/\/www.cometis.de\/de\/wp-json\/wp\/v2\/pages\/5117","targetHints":{"allow":["GET"]}}],"collection":[{"href":"https:\/\/www.cometis.de\/de\/wp-json\/wp\/v2\/pages"}],"about":[{"href":"https:\/\/www.cometis.de\/de\/wp-json\/wp\/v2\/types\/page"}],"author":[{"embeddable":true,"href":"https:\/\/www.cometis.de\/de\/wp-json\/wp\/v2\/users\/1"}],"replies":[{"embeddable":true,"href":"https:\/\/www.cometis.de\/de\/wp-json\/wp\/v2\/comments?post=5117"}],"version-history":[{"count":5,"href":"https:\/\/www.cometis.de\/de\/wp-json\/wp\/v2\/pages\/5117\/revisions"}],"predecessor-version":[{"id":109599,"href":"https:\/\/www.cometis.de\/de\/wp-json\/wp\/v2\/pages\/5117\/revisions\/109599"}],"up":[{"embeddable":true,"href":"https:\/\/www.cometis.de\/de\/wp-json\/wp\/v2\/pages\/3813"}],"wp:attachment":[{"href":"https:\/\/www.cometis.de\/de\/wp-json\/wp\/v2\/media?parent=5117"}],"curies":[{"name":"wp","href":"https:\/\/api.w.org\/{rel}","templated":true}]}}