{"id":5140,"date":"2025-01-23T14:25:47","date_gmt":"2025-01-23T13:25:47","guid":{"rendered":"https:\/\/cometis.de\/?page_id=5140"},"modified":"2025-02-18T06:56:38","modified_gmt":"2025-02-18T05:56:38","slug":"ipo-ad-hoc-mitteilungen","status":"publish","type":"page","link":"https:\/\/www.cometis.de\/de\/services\/ipo\/ipo-ad-hoc-mitteilungen\/","title":{"rendered":"IPO-Ad-Hoc-Mitteilungen"},"content":{"rendered":"\t\t<div data-elementor-type=\"wp-page\" data-elementor-id=\"5140\" class=\"elementor elementor-5140\" data-elementor-post-type=\"page\">\n\t\t\t\t<div class=\"elementor-element elementor-element-24e7059 e-flex e-con-boxed e-con e-parent\" data-id=\"24e7059\" data-element_type=\"container\" data-e-type=\"container\">\n\t\t\t\t\t<div class=\"e-con-inner\">\n\t\t\t\t<div class=\"elementor-element elementor-element-cfbdc25 elementor-widget elementor-widget-template\" data-id=\"cfbdc25\" data-element_type=\"widget\" data-e-type=\"widget\" data-widget_type=\"template.default\">\n\t\t\t\t<div class=\"elementor-widget-container\">\n\t\t\t\t\t\t\t<div class=\"elementor-template\">\n\t\t\t\t\t<div data-elementor-type=\"section\" data-elementor-id=\"766\" class=\"elementor elementor-766\" data-elementor-post-type=\"elementor_library\">\n\t\t\t<div class=\"elementor-element elementor-element-1f34e34 e-flex e-con-boxed e-con e-parent\" data-id=\"1f34e34\" data-element_type=\"container\" data-e-type=\"container\">\n\t\t\t\t\t<div class=\"e-con-inner\">\n\t\t<div class=\"elementor-element elementor-element-e68c844 e-con-full e-flex e-con e-child\" data-id=\"e68c844\" data-element_type=\"container\" data-e-type=\"container\" data-settings=\"{&quot;background_background&quot;:&quot;classic&quot;}\">\n\t\t\t\t<\/div>\n\t\t<div class=\"elementor-element elementor-element-b7dac6f e-con-full e-flex e-con e-child\" data-id=\"b7dac6f\" data-element_type=\"container\" data-e-type=\"container\">\n\t\t\t\t<div class=\"elementor-element elementor-element-ce54cc3 elementor-align-left elementor-widget elementor-widget-breadcrumbs\" data-id=\"ce54cc3\" data-element_type=\"widget\" data-e-type=\"widget\" data-widget_type=\"breadcrumbs.default\">\n\t\t\t\t<div class=\"elementor-widget-container\">\n\t\t\t\t\t<div id=\"breadcrumbs\"><span><span><a href=\"https:\/\/www.cometis.de\/de\/\">Home<\/a><\/span><\/span><\/div>\t\t\t\t<\/div>\n\t\t\t\t<\/div>\n\t\t\t\t<\/div>\n\t\t\t\t\t<\/div>\n\t\t\t\t<\/div>\n\t\t\t\t<\/div>\n\t\t\t\t<\/div>\n\t\t\t\t\t\t<\/div>\n\t\t\t\t<\/div>\n\t\t\t\t\t<\/div>\n\t\t\t\t<\/div>\n\t\t<div class=\"elementor-element elementor-element-ae02fcd cmn-sidebar-content e-flex e-con-boxed e-con e-parent\" data-id=\"ae02fcd\" data-element_type=\"container\" data-e-type=\"container\" data-settings=\"{&quot;background_background&quot;:&quot;classic&quot;,&quot;background_motion_fx_motion_fx_scrolling&quot;:&quot;yes&quot;,&quot;background_motion_fx_translateY_effect&quot;:&quot;yes&quot;,&quot;background_motion_fx_translateY_speed&quot;:{&quot;unit&quot;:&quot;px&quot;,&quot;size&quot;:2,&quot;sizes&quot;:[]},&quot;background_motion_fx_translateY_direction&quot;:&quot;negative&quot;,&quot;background_motion_fx_translateY_affectedRange&quot;:{&quot;unit&quot;:&quot;%&quot;,&quot;size&quot;:&quot;&quot;,&quot;sizes&quot;:{&quot;start&quot;:0,&quot;end&quot;:100}},&quot;background_motion_fx_devices&quot;:[&quot;desktop&quot;,&quot;tablet&quot;,&quot;mobile&quot;]}\">\n\t\t\t\t\t<div class=\"e-con-inner\">\n\t\t<div class=\"elementor-element elementor-element-a1e4c06 e-con-full cmn-sidebar-content p-100 e-flex e-con e-child\" data-id=\"a1e4c06\" data-element_type=\"container\" data-e-type=\"container\">\n\t\t<div class=\"elementor-element elementor-element-29488db e-con-full cmn-content-box e-flex e-con e-child\" data-id=\"29488db\" data-element_type=\"container\" data-e-type=\"container\">\n\t\t<div class=\"elementor-element elementor-element-f5d1b2b e-con-full cmn-content-box-container e-flex e-con e-child\" data-id=\"f5d1b2b\" data-element_type=\"container\" data-e-type=\"container\">\n\t\t\t\t<div class=\"elementor-element elementor-element-6285a57 elementor-widget elementor-widget-heading\" data-id=\"6285a57\" data-element_type=\"widget\" data-e-type=\"widget\" data-widget_type=\"heading.default\">\n\t\t\t\t<div class=\"elementor-widget-container\">\n\t\t\t\t\t<h2 class=\"elementor-heading-title elementor-size-default\">IPO-Ad-hoc-Mitteilungen \u2013 bei IPO-Berichtspflichten im Blick haben<\/h2>\t\t\t\t<\/div>\n\t\t\t\t<\/div>\n\t\t\t\t<div class=\"elementor-element elementor-element-8a91843 elementor-widget elementor-widget-text-editor\" data-id=\"8a91843\" data-element_type=\"widget\" data-e-type=\"widget\" data-widget_type=\"text-editor.default\">\n\t\t\t\t<div class=\"elementor-widget-container\">\n\t\t\t\t\t\t\t\t\t<p>Nachdem die Absicht eines B\u00f6rsengangs verk\u00fcndet worden ist, bringt dies f\u00fcr ein Unternehmen w\u00e4hrend des IPO-Prozesses und nach erfolgreicher Notierung der Aktie an der B\u00f6rse umfangreiche Ver\u00f6ffentlichungs- und Berichtspflichten mit. Dazu z\u00e4hlt auch die Ver\u00f6ffentlichung sogenannter Ad-hoc Mitteilungen. Grunds\u00e4tzlich muss ein Unternehmen gem\u00e4\u00df Artikel 17 der Marktmissbrauchsverordnung (MAR) unverz\u00fcglich einen internen Sachverhalt ver\u00f6ffentlichen, wenn dieser die Entwicklung des Aktienkurses erheblich beeinflussen k\u00f6nnte. Vorab ist konkret zu kl\u00e4ren, ob und wann eine Insiderinformation publizit\u00e4tspflichtig ist. Hierzu stehen Unternehmen auch in engem Austausch mit ihren Rechtsanw\u00e4lten.<\/p>\t\t\t\t\t\t\t\t<\/div>\n\t\t\t\t<\/div>\n\t\t\t\t<div class=\"elementor-element elementor-element-dcf4d26 cmn-content-box-btn elementor-widget elementor-widget-button\" data-id=\"dcf4d26\" data-element_type=\"widget\" data-e-type=\"widget\" data-widget_type=\"button.default\">\n\t\t\t\t<div class=\"elementor-widget-container\">\n\t\t\t\t\t\t\t\t\t<div class=\"elementor-button-wrapper\">\n\t\t\t\t\t<a class=\"elementor-button elementor-button-link elementor-size-sm\" href=\"\/de\/cometis-ag\/referenzen\/ipo-referenzen\">\n\t\t\t\t\t\t<span class=\"elementor-button-content-wrapper\">\n\t\t\t\t\t\t<span class=\"elementor-button-icon\">\n\t\t\t\t<svg aria-hidden=\"true\" class=\"e-font-icon-svg e-fas-chevron-right\" viewBox=\"0 0 320 512\" xmlns=\"http:\/\/www.w3.org\/2000\/svg\"><path d=\"M285.476 272.971L91.132 467.314c-9.373 9.373-24.569 9.373-33.941 0l-22.667-22.667c-9.357-9.357-9.375-24.522-.04-33.901L188.505 256 34.484 101.255c-9.335-9.379-9.317-24.544.04-33.901l22.667-22.667c9.373-9.373 24.569-9.373 33.941 0L285.475 239.03c9.373 9.372 9.373 24.568.001 33.941z\"><\/path><\/svg>\t\t\t<\/span>\n\t\t\t\t\t\t\t\t\t<span class=\"elementor-button-text\">Unsere Referenzen<\/span>\n\t\t\t\t\t<\/span>\n\t\t\t\t\t<\/a>\n\t\t\t\t<\/div>\n\t\t\t\t\t\t\t\t<\/div>\n\t\t\t\t<\/div>\n\t\t\t\t<\/div>\n\t\t<div class=\"elementor-element elementor-element-84736da e-con-full cmn-content-box-container e-flex e-con e-child\" data-id=\"84736da\" data-element_type=\"container\" data-e-type=\"container\">\n\t\t\t\t<div class=\"elementor-element elementor-element-48d1422 elementor-widget elementor-widget-heading\" data-id=\"48d1422\" data-element_type=\"widget\" data-e-type=\"widget\" data-widget_type=\"heading.default\">\n\t\t\t\t<div class=\"elementor-widget-container\">\n\t\t\t\t\t<h2 class=\"elementor-heading-title elementor-size-default\">Publizit\u00e4tspflicht gem\u00e4\u00df der Marktmissbrauchsverordnung<\/h2>\t\t\t\t<\/div>\n\t\t\t\t<\/div>\n\t\t\t\t<div class=\"elementor-element elementor-element-417e511 elementor-widget elementor-widget-text-editor\" data-id=\"417e511\" data-element_type=\"widget\" data-e-type=\"widget\" data-widget_type=\"text-editor.default\">\n\t\t\t\t<div class=\"elementor-widget-container\">\n\t\t\t\t\t\t\t\t\t<p>Neben der Ver\u00f6ffentlichung mehrerer Corporate News zum geplanten B\u00f6rsengang oder zum Start des Emissionsangebots k\u00f6nnen auch w\u00e4hrend des IPO-Prozesses ad-hoc-relevante Sachverhalte auftreten, die die Ver\u00f6ffentlichung einer Ad-hoc-Mitteilung nach sich ziehen. Dies ist beispielsweise der Fall, wenn der Platzierungspreis der im Rahmen Ihres B\u00f6rsengangs angebotenen Aktien auf einen bestimmten Preis festgelegt wird. Neben Aktien sind \u00fcbrigens s\u00e4mtliche unter die MAR fallenden Finanzinstrumente von der Ad-hoc-Publizit\u00e4tspflicht betroffen.<\/p><p>Wir sind der richtige Ansprechpartner, wenn Sie Ihre Pflichtmitteilungen stets gesetzeskonform und fristgerecht ver\u00f6ffentlichen wollen. Rufen Sie uns an!<\/p>\t\t\t\t\t\t\t\t<\/div>\n\t\t\t\t<\/div>\n\t\t\t\t<\/div>\n\t\t\t\t<\/div>\n\t\t\t\t<\/div>\n\t\t\t\t\t<\/div>\n\t\t\t\t<\/div>\n\t\t\t\t<\/div>\n\t\t","protected":false},"excerpt":{"rendered":"<p>IPO-Ad-hoc-Mitteilungen \u2013 bei IPO-Berichtspflichten im Blick haben Nachdem die Absicht eines B\u00f6rsengangs verk\u00fcndet worden ist, bringt dies f\u00fcr ein Unternehmen w\u00e4hrend des IPO-Prozesses und nach erfolgreicher Notierung der Aktie an der B\u00f6rse umfangreiche Ver\u00f6ffentlichungs- und Berichtspflichten mit. Dazu z\u00e4hlt auch die Ver\u00f6ffentlichung sogenannter Ad-hoc Mitteilungen. Grunds\u00e4tzlich muss ein Unternehmen gem\u00e4\u00df Artikel 17 der Marktmissbrauchsverordnung (MAR) [&hellip;]<\/p>\n","protected":false},"author":1,"featured_media":0,"parent":3813,"menu_order":0,"comment_status":"closed","ping_status":"open","template":"","meta":{"_acf_changed":false,"footnotes":""},"class_list":["post-5140","page","type-page","status-publish","hentry"],"acf":[],"yoast_head":"<!-- This site is optimized with the Yoast SEO Premium plugin v26.2 (Yoast SEO v27.4) - https:\/\/yoast.com\/product\/yoast-seo-premium-wordpress\/ -->\n<title>IPO Ad-hoc-Mitteilungen \u2013 Ihr Experte f\u00fcr Pflichtmitteilungen | cometis AG<\/title>\n<meta name=\"description\" content=\"Mit der Ver\u00f6ffentlichung von IPO-Ad-hoc-Mitteilungen erf\u00fcllen Sie die Publizit\u00e4tspflichten und sorgen f\u00fcr die n\u00f6tige Transparenz bei Ihren Anlegern.\" \/>\n<meta name=\"robots\" content=\"index, follow, max-snippet:-1, max-image-preview:large, max-video-preview:-1\" \/>\n<link rel=\"canonical\" href=\"https:\/\/www.cometis.de\/de\/services\/ipo\/ipo-ad-hoc-mitteilungen\/\" \/>\n<meta property=\"og:locale\" content=\"de_DE\" \/>\n<meta property=\"og:type\" content=\"article\" \/>\n<meta property=\"og:title\" content=\"IPO-Ad-Hoc-Mitteilungen\" \/>\n<meta property=\"og:description\" content=\"Mit der Ver\u00f6ffentlichung von IPO-Ad-hoc-Mitteilungen erf\u00fcllen Sie die Publizit\u00e4tspflichten und sorgen f\u00fcr die n\u00f6tige Transparenz bei Ihren Anlegern.\" \/>\n<meta property=\"og:url\" content=\"https:\/\/www.cometis.de\/de\/services\/ipo\/ipo-ad-hoc-mitteilungen\/\" \/>\n<meta property=\"og:site_name\" content=\"cometis AG\" \/>\n<meta property=\"article:modified_time\" content=\"2025-02-18T05:56:38+00:00\" \/>\n<meta property=\"og:image\" content=\"https:\/\/www.cometis.de\/wp-content\/uploads\/2024\/12-old\/Cometis-Mobile-Logo-1.png\" \/>\n\t<meta property=\"og:image:width\" content=\"171\" \/>\n\t<meta property=\"og:image:height\" content=\"31\" \/>\n\t<meta property=\"og:image:type\" content=\"image\/png\" \/>\n<meta name=\"twitter:card\" content=\"summary_large_image\" \/>\n<meta name=\"twitter:label1\" content=\"Gesch\u00e4tzte Lesezeit\" \/>\n\t<meta name=\"twitter:data1\" content=\"2\u00a0Minuten\" \/>\n<script type=\"application\/ld+json\" class=\"yoast-schema-graph\">{\"@context\":\"https:\\\/\\\/schema.org\",\"@graph\":[{\"@type\":\"WebPage\",\"@id\":\"https:\\\/\\\/www.cometis.de\\\/de\\\/services\\\/ipo\\\/ipo-ad-hoc-mitteilungen\\\/\",\"url\":\"https:\\\/\\\/www.cometis.de\\\/de\\\/services\\\/ipo\\\/ipo-ad-hoc-mitteilungen\\\/\",\"name\":\"IPO Ad-hoc-Mitteilungen \u2013 Ihr Experte f\u00fcr Pflichtmitteilungen | cometis AG\",\"isPartOf\":{\"@id\":\"https:\\\/\\\/www.cometis.de\\\/de\\\/#website\"},\"datePublished\":\"2025-01-23T13:25:47+00:00\",\"dateModified\":\"2025-02-18T05:56:38+00:00\",\"description\":\"Mit der Ver\u00f6ffentlichung von IPO-Ad-hoc-Mitteilungen erf\u00fcllen Sie die Publizit\u00e4tspflichten und sorgen f\u00fcr die n\u00f6tige Transparenz bei Ihren Anlegern.\",\"breadcrumb\":{\"@id\":\"https:\\\/\\\/www.cometis.de\\\/de\\\/services\\\/ipo\\\/ipo-ad-hoc-mitteilungen\\\/#breadcrumb\"},\"inLanguage\":\"de\",\"potentialAction\":[{\"@type\":\"ReadAction\",\"target\":[\"https:\\\/\\\/www.cometis.de\\\/de\\\/services\\\/ipo\\\/ipo-ad-hoc-mitteilungen\\\/\"]}]},{\"@type\":\"BreadcrumbList\",\"@id\":\"https:\\\/\\\/www.cometis.de\\\/de\\\/services\\\/ipo\\\/ipo-ad-hoc-mitteilungen\\\/#breadcrumb\",\"itemListElement\":[{\"@type\":\"ListItem\",\"position\":1,\"name\":\"Home\",\"item\":\"https:\\\/\\\/www.cometis.de\\\/de\\\/\"},{\"@type\":\"ListItem\",\"position\":2,\"name\":\"Services\",\"item\":\"https:\\\/\\\/www.cometis.de\\\/de\\\/services\\\/\"},{\"@type\":\"ListItem\",\"position\":3,\"name\":\"IPO\",\"item\":\"https:\\\/\\\/www.cometis.de\\\/de\\\/services\\\/ipo\\\/\"},{\"@type\":\"ListItem\",\"position\":4,\"name\":\"IPO-Ad-Hoc-Mitteilungen\"}]},{\"@type\":\"WebSite\",\"@id\":\"https:\\\/\\\/www.cometis.de\\\/de\\\/#website\",\"url\":\"https:\\\/\\\/www.cometis.de\\\/de\\\/\",\"name\":\"cometis AG\",\"description\":\"Deutschlands f\u00fchrende Investor Relations Agentur\",\"publisher\":{\"@id\":\"https:\\\/\\\/www.cometis.de\\\/de\\\/#organization\"},\"potentialAction\":[{\"@type\":\"SearchAction\",\"target\":{\"@type\":\"EntryPoint\",\"urlTemplate\":\"https:\\\/\\\/www.cometis.de\\\/de\\\/?s={search_term_string}\"},\"query-input\":{\"@type\":\"PropertyValueSpecification\",\"valueRequired\":true,\"valueName\":\"search_term_string\"}}],\"inLanguage\":\"de\"},{\"@type\":\"Organization\",\"@id\":\"https:\\\/\\\/www.cometis.de\\\/de\\\/#organization\",\"name\":\"cometis AG\",\"alternateName\":\"Deutschlands f\u00fchrende Investor Relations Agentur\",\"url\":\"https:\\\/\\\/www.cometis.de\\\/de\\\/\",\"logo\":{\"@type\":\"ImageObject\",\"inLanguage\":\"de\",\"@id\":\"https:\\\/\\\/www.cometis.de\\\/de\\\/#\\\/schema\\\/logo\\\/image\\\/\",\"url\":\"https:\\\/\\\/www.cometis.de\\\/wp-content\\\/uploads\\\/2024\\\/12-old\\\/Cometis-Mobile-Logo-1.png\",\"contentUrl\":\"https:\\\/\\\/www.cometis.de\\\/wp-content\\\/uploads\\\/2024\\\/12-old\\\/Cometis-Mobile-Logo-1.png\",\"width\":171,\"height\":31,\"caption\":\"cometis AG\"},\"image\":{\"@id\":\"https:\\\/\\\/www.cometis.de\\\/de\\\/#\\\/schema\\\/logo\\\/image\\\/\"},\"sameAs\":[\"https:\\\/\\\/www.linkedin.com\\\/company\\\/cometis-ag\\\/\",\"https:\\\/\\\/www.youtube.com\\\/user\\\/cometisAG\"]}]}<\/script>\n<!-- \/ Yoast SEO Premium plugin. -->","yoast_head_json":{"title":"IPO Ad-hoc-Mitteilungen \u2013 Ihr Experte f\u00fcr Pflichtmitteilungen | cometis AG","description":"Mit der Ver\u00f6ffentlichung von IPO-Ad-hoc-Mitteilungen erf\u00fcllen Sie die Publizit\u00e4tspflichten und sorgen f\u00fcr die n\u00f6tige Transparenz bei Ihren Anlegern.","robots":{"index":"index","follow":"follow","max-snippet":"max-snippet:-1","max-image-preview":"max-image-preview:large","max-video-preview":"max-video-preview:-1"},"canonical":"https:\/\/www.cometis.de\/de\/services\/ipo\/ipo-ad-hoc-mitteilungen\/","og_locale":"de_DE","og_type":"article","og_title":"IPO-Ad-Hoc-Mitteilungen","og_description":"Mit der Ver\u00f6ffentlichung von IPO-Ad-hoc-Mitteilungen erf\u00fcllen Sie die Publizit\u00e4tspflichten und sorgen f\u00fcr die n\u00f6tige Transparenz bei Ihren Anlegern.","og_url":"https:\/\/www.cometis.de\/de\/services\/ipo\/ipo-ad-hoc-mitteilungen\/","og_site_name":"cometis AG","article_modified_time":"2025-02-18T05:56:38+00:00","og_image":[{"width":171,"height":31,"url":"https:\/\/www.cometis.de\/wp-content\/uploads\/2024\/12-old\/Cometis-Mobile-Logo-1.png","type":"image\/png"}],"twitter_card":"summary_large_image","twitter_misc":{"Gesch\u00e4tzte Lesezeit":"2\u00a0Minuten"},"schema":{"@context":"https:\/\/schema.org","@graph":[{"@type":"WebPage","@id":"https:\/\/www.cometis.de\/de\/services\/ipo\/ipo-ad-hoc-mitteilungen\/","url":"https:\/\/www.cometis.de\/de\/services\/ipo\/ipo-ad-hoc-mitteilungen\/","name":"IPO Ad-hoc-Mitteilungen \u2013 Ihr Experte f\u00fcr Pflichtmitteilungen | cometis AG","isPartOf":{"@id":"https:\/\/www.cometis.de\/de\/#website"},"datePublished":"2025-01-23T13:25:47+00:00","dateModified":"2025-02-18T05:56:38+00:00","description":"Mit der Ver\u00f6ffentlichung von IPO-Ad-hoc-Mitteilungen erf\u00fcllen Sie die Publizit\u00e4tspflichten und sorgen f\u00fcr die n\u00f6tige Transparenz bei Ihren Anlegern.","breadcrumb":{"@id":"https:\/\/www.cometis.de\/de\/services\/ipo\/ipo-ad-hoc-mitteilungen\/#breadcrumb"},"inLanguage":"de","potentialAction":[{"@type":"ReadAction","target":["https:\/\/www.cometis.de\/de\/services\/ipo\/ipo-ad-hoc-mitteilungen\/"]}]},{"@type":"BreadcrumbList","@id":"https:\/\/www.cometis.de\/de\/services\/ipo\/ipo-ad-hoc-mitteilungen\/#breadcrumb","itemListElement":[{"@type":"ListItem","position":1,"name":"Home","item":"https:\/\/www.cometis.de\/de\/"},{"@type":"ListItem","position":2,"name":"Services","item":"https:\/\/www.cometis.de\/de\/services\/"},{"@type":"ListItem","position":3,"name":"IPO","item":"https:\/\/www.cometis.de\/de\/services\/ipo\/"},{"@type":"ListItem","position":4,"name":"IPO-Ad-Hoc-Mitteilungen"}]},{"@type":"WebSite","@id":"https:\/\/www.cometis.de\/de\/#website","url":"https:\/\/www.cometis.de\/de\/","name":"cometis AG","description":"Deutschlands f\u00fchrende Investor Relations Agentur","publisher":{"@id":"https:\/\/www.cometis.de\/de\/#organization"},"potentialAction":[{"@type":"SearchAction","target":{"@type":"EntryPoint","urlTemplate":"https:\/\/www.cometis.de\/de\/?s={search_term_string}"},"query-input":{"@type":"PropertyValueSpecification","valueRequired":true,"valueName":"search_term_string"}}],"inLanguage":"de"},{"@type":"Organization","@id":"https:\/\/www.cometis.de\/de\/#organization","name":"cometis AG","alternateName":"Deutschlands f\u00fchrende Investor Relations Agentur","url":"https:\/\/www.cometis.de\/de\/","logo":{"@type":"ImageObject","inLanguage":"de","@id":"https:\/\/www.cometis.de\/de\/#\/schema\/logo\/image\/","url":"https:\/\/www.cometis.de\/wp-content\/uploads\/2024\/12-old\/Cometis-Mobile-Logo-1.png","contentUrl":"https:\/\/www.cometis.de\/wp-content\/uploads\/2024\/12-old\/Cometis-Mobile-Logo-1.png","width":171,"height":31,"caption":"cometis AG"},"image":{"@id":"https:\/\/www.cometis.de\/de\/#\/schema\/logo\/image\/"},"sameAs":["https:\/\/www.linkedin.com\/company\/cometis-ag\/","https:\/\/www.youtube.com\/user\/cometisAG"]}]}},"_links":{"self":[{"href":"https:\/\/www.cometis.de\/de\/wp-json\/wp\/v2\/pages\/5140","targetHints":{"allow":["GET"]}}],"collection":[{"href":"https:\/\/www.cometis.de\/de\/wp-json\/wp\/v2\/pages"}],"about":[{"href":"https:\/\/www.cometis.de\/de\/wp-json\/wp\/v2\/types\/page"}],"author":[{"embeddable":true,"href":"https:\/\/www.cometis.de\/de\/wp-json\/wp\/v2\/users\/1"}],"replies":[{"embeddable":true,"href":"https:\/\/www.cometis.de\/de\/wp-json\/wp\/v2\/comments?post=5140"}],"version-history":[{"count":3,"href":"https:\/\/www.cometis.de\/de\/wp-json\/wp\/v2\/pages\/5140\/revisions"}],"predecessor-version":[{"id":107533,"href":"https:\/\/www.cometis.de\/de\/wp-json\/wp\/v2\/pages\/5140\/revisions\/107533"}],"up":[{"embeddable":true,"href":"https:\/\/www.cometis.de\/de\/wp-json\/wp\/v2\/pages\/3813"}],"wp:attachment":[{"href":"https:\/\/www.cometis.de\/de\/wp-json\/wp\/v2\/media?parent=5140"}],"curies":[{"name":"wp","href":"https:\/\/api.w.org\/{rel}","templated":true}]}}