{"id":5210,"date":"2025-01-24T06:45:22","date_gmt":"2025-01-24T05:45:22","guid":{"rendered":"https:\/\/cometis.de\/?page_id=5210"},"modified":"2025-02-18T06:51:36","modified_gmt":"2025-02-18T05:51:36","slug":"ir-ziele","status":"publish","type":"page","link":"https:\/\/www.cometis.de\/de\/services\/investor-relations\/ir-strategie\/ir-ziele\/","title":{"rendered":"IR Ziele"},"content":{"rendered":"\t\t<div data-elementor-type=\"wp-page\" data-elementor-id=\"5210\" class=\"elementor elementor-5210\" data-elementor-post-type=\"page\">\n\t\t\t\t<div class=\"elementor-element elementor-element-472381b e-flex e-con-boxed e-con e-parent\" data-id=\"472381b\" data-element_type=\"container\" data-e-type=\"container\">\n\t\t\t\t\t<div class=\"e-con-inner\">\n\t\t\t\t<div class=\"elementor-element elementor-element-5c0d763 elementor-widget elementor-widget-template\" data-id=\"5c0d763\" data-element_type=\"widget\" data-e-type=\"widget\" data-widget_type=\"template.default\">\n\t\t\t\t<div class=\"elementor-widget-container\">\n\t\t\t\t\t\t\t<div class=\"elementor-template\">\n\t\t\t\t\t<div data-elementor-type=\"section\" data-elementor-id=\"766\" class=\"elementor elementor-766\" data-elementor-post-type=\"elementor_library\">\n\t\t\t<div class=\"elementor-element elementor-element-1f34e34 e-flex e-con-boxed e-con e-parent\" data-id=\"1f34e34\" data-element_type=\"container\" data-e-type=\"container\">\n\t\t\t\t\t<div class=\"e-con-inner\">\n\t\t<div class=\"elementor-element elementor-element-e68c844 e-con-full e-flex e-con e-child\" data-id=\"e68c844\" data-element_type=\"container\" data-e-type=\"container\" data-settings=\"{&quot;background_background&quot;:&quot;classic&quot;}\">\n\t\t\t\t<\/div>\n\t\t<div class=\"elementor-element elementor-element-b7dac6f e-con-full e-flex e-con e-child\" data-id=\"b7dac6f\" data-element_type=\"container\" data-e-type=\"container\">\n\t\t\t\t<div class=\"elementor-element elementor-element-ce54cc3 elementor-align-left elementor-widget elementor-widget-breadcrumbs\" data-id=\"ce54cc3\" data-element_type=\"widget\" data-e-type=\"widget\" data-widget_type=\"breadcrumbs.default\">\n\t\t\t\t<div class=\"elementor-widget-container\">\n\t\t\t\t\t<div id=\"breadcrumbs\"><span><span><a href=\"https:\/\/www.cometis.de\/de\/\">Home<\/a><\/span><\/span><\/div>\t\t\t\t<\/div>\n\t\t\t\t<\/div>\n\t\t\t\t<\/div>\n\t\t\t\t\t<\/div>\n\t\t\t\t<\/div>\n\t\t\t\t<\/div>\n\t\t\t\t<\/div>\n\t\t\t\t\t\t<\/div>\n\t\t\t\t<\/div>\n\t\t\t\t\t<\/div>\n\t\t\t\t<\/div>\n\t\t<div class=\"elementor-element elementor-element-83eab4f cmn-sidebar-content e-flex e-con-boxed e-con e-parent\" data-id=\"83eab4f\" data-element_type=\"container\" data-e-type=\"container\" data-settings=\"{&quot;background_background&quot;:&quot;classic&quot;,&quot;background_motion_fx_motion_fx_scrolling&quot;:&quot;yes&quot;,&quot;background_motion_fx_translateY_effect&quot;:&quot;yes&quot;,&quot;background_motion_fx_translateY_speed&quot;:{&quot;unit&quot;:&quot;px&quot;,&quot;size&quot;:2,&quot;sizes&quot;:[]},&quot;background_motion_fx_translateY_direction&quot;:&quot;negative&quot;,&quot;background_motion_fx_translateY_affectedRange&quot;:{&quot;unit&quot;:&quot;%&quot;,&quot;size&quot;:&quot;&quot;,&quot;sizes&quot;:{&quot;start&quot;:0,&quot;end&quot;:100}},&quot;background_motion_fx_devices&quot;:[&quot;desktop&quot;,&quot;tablet&quot;,&quot;mobile&quot;]}\">\n\t\t\t\t\t<div class=\"e-con-inner\">\n\t\t<div class=\"elementor-element elementor-element-a849631 e-con-full cmn-sidebar-content p-100 e-flex e-con e-child\" data-id=\"a849631\" data-element_type=\"container\" data-e-type=\"container\">\n\t\t<div class=\"elementor-element elementor-element-a6d104a e-con-full cmn-content-box e-flex e-con e-child\" data-id=\"a6d104a\" data-element_type=\"container\" data-e-type=\"container\">\n\t\t<div class=\"elementor-element elementor-element-163d40a e-con-full cmn-content-box-container e-flex e-con e-child\" data-id=\"163d40a\" data-element_type=\"container\" data-e-type=\"container\">\n\t\t\t\t<div class=\"elementor-element elementor-element-ab7be03 elementor-widget elementor-widget-heading\" data-id=\"ab7be03\" data-element_type=\"widget\" data-e-type=\"widget\" data-widget_type=\"heading.default\">\n\t\t\t\t<div class=\"elementor-widget-container\">\n\t\t\t\t\t<h2 class=\"elementor-heading-title elementor-size-default\">Ziele f\u00fcr Investor Relations Arbeit definieren<\/h2>\t\t\t\t<\/div>\n\t\t\t\t<\/div>\n\t\t\t\t<div class=\"elementor-element elementor-element-862e567 elementor-widget elementor-widget-text-editor\" data-id=\"862e567\" data-element_type=\"widget\" data-e-type=\"widget\" data-widget_type=\"text-editor.default\">\n\t\t\t\t<div class=\"elementor-widget-container\">\n\t\t\t\t\t\t\t\t\t<p>Wer\u00a0<a title=\"Research und Erstellung der IR-Strategie aus einer Hand\" href=\"\/investor-relations\/ir-strategie\">strategische Investor Relations<\/a>\u00a0betreiben will, muss als Basis die Ziele f\u00fcr seine <a href=\"\/de\/services\/investor-relations\/\">Investor Relations Arbeit<\/a> definieren. Die Ziele f\u00fcr die <a href=\"\/de\/services\/investor-relations\/\">IR-Arbeit<\/a> orientieren sich an den Zielen des Unternehmens f\u00fcr die B\u00f6rsennotierung. In der Regel werden hierbei Ziele zu Finanzierung, Finanzierungskosten, Stabilit\u00e4t des Aktienkurses sowie zur Wertsteigerung als auch zur Positionierung der Aktie als Wachstums- oder Dividendentitel definiert.<\/p><p>Eine ausgefeilte\u00a0<a href=\"\/de\/services\/investor-relations\/\">Investor Relations<\/a><a href=\"\/de\/services\/investor-relations\/\">-Strategie<\/a> wagt immer eine 360 Grad Betrachtung des Unternehmens. Ausgehend von den Zielen Ihres Unternehmens werden die Finanzierungsziele abgeleitet. Daraus ergeben sich wiederum die Ziele f\u00fcr die B\u00f6rsennotierung. Dabei beantworten wir Ihnen zwei wesentliche Fragen: Wie ist ihr Unternehmen mit seinen St\u00e4rken und Schw\u00e4chen sowie Chancen und Risiken generell positioniert? Und wie ist Ihr Unternehmen am Kapitalmarkt positioniert?<\/p>\t\t\t\t\t\t\t\t<\/div>\n\t\t\t\t<\/div>\n\t\t\t\t<div class=\"elementor-element elementor-element-6a528c8 cmn-content-box-btn elementor-widget elementor-widget-button\" data-id=\"6a528c8\" data-element_type=\"widget\" data-e-type=\"widget\" data-widget_type=\"button.default\">\n\t\t\t\t<div class=\"elementor-widget-container\">\n\t\t\t\t\t\t\t\t\t<div class=\"elementor-button-wrapper\">\n\t\t\t\t\t<a class=\"elementor-button elementor-button-link elementor-size-sm\" href=\"\/de\/cometis-ag\/referenzen\/investor-relations-referenzen\">\n\t\t\t\t\t\t<span class=\"elementor-button-content-wrapper\">\n\t\t\t\t\t\t<span class=\"elementor-button-icon\">\n\t\t\t\t<svg aria-hidden=\"true\" class=\"e-font-icon-svg e-fas-chevron-right\" viewBox=\"0 0 320 512\" xmlns=\"http:\/\/www.w3.org\/2000\/svg\"><path d=\"M285.476 272.971L91.132 467.314c-9.373 9.373-24.569 9.373-33.941 0l-22.667-22.667c-9.357-9.357-9.375-24.522-.04-33.901L188.505 256 34.484 101.255c-9.335-9.379-9.317-24.544.04-33.901l22.667-22.667c9.373-9.373 24.569-9.373 33.941 0L285.475 239.03c9.373 9.372 9.373 24.568.001 33.941z\"><\/path><\/svg>\t\t\t<\/span>\n\t\t\t\t\t\t\t\t\t<span class=\"elementor-button-text\">Unsere Referenzen<\/span>\n\t\t\t\t\t<\/span>\n\t\t\t\t\t<\/a>\n\t\t\t\t<\/div>\n\t\t\t\t\t\t\t\t<\/div>\n\t\t\t\t<\/div>\n\t\t\t\t<\/div>\n\t\t<div class=\"elementor-element elementor-element-d9620e6 e-con-full cmn-content-box-container e-flex e-con e-child\" data-id=\"d9620e6\" data-element_type=\"container\" data-e-type=\"container\">\n\t\t\t\t<div class=\"elementor-element elementor-element-c91286f elementor-widget elementor-widget-heading\" data-id=\"c91286f\" data-element_type=\"widget\" data-e-type=\"widget\" data-widget_type=\"heading.default\">\n\t\t\t\t<div class=\"elementor-widget-container\">\n\t\t\t\t\t<h2 class=\"elementor-heading-title elementor-size-default\">IR-Ziele sind die Grundlage strategischer Investor Relations<\/h2>\t\t\t\t<\/div>\n\t\t\t\t<\/div>\n\t\t\t\t<div class=\"elementor-element elementor-element-3e99ca5 elementor-widget elementor-widget-text-editor\" data-id=\"3e99ca5\" data-element_type=\"widget\" data-e-type=\"widget\" data-widget_type=\"text-editor.default\">\n\t\t\t\t<div class=\"elementor-widget-container\">\n\t\t\t\t\t\t\t\t\t<p>Professionelle, strategische Investor Relations setzt sich die aktive Einflussnahme auf die Positionierung am Kapitalmarkt und somit auch auf die Aktion\u00e4rsstruktur zum Ziel. Hierf\u00fcr bedarf es einer genauen Zieldefinition \u2013 etwa in Bezug auf die Art und den Investmentansatz der Investoren oder deren Herkunft. Daraus lassen sich wiederum klare Handlungsma\u00dfnahmen f\u00fcr die\u00a0<a title=\"Unsere Investor Relations Dienstleistungen\" href=\"\/de\/investor-relations\">IR-Arbeit<\/a> ableiten.<\/p>\t\t\t\t\t\t\t\t<\/div>\n\t\t\t\t<\/div>\n\t\t\t\t<\/div>\n\t\t<div class=\"elementor-element elementor-element-2d08c1b e-con-full cmn-content-box-container e-flex e-con e-child\" data-id=\"2d08c1b\" data-element_type=\"container\" data-e-type=\"container\">\n\t\t\t\t<div class=\"elementor-element elementor-element-319d24d elementor-widget elementor-widget-heading\" data-id=\"319d24d\" data-element_type=\"widget\" data-e-type=\"widget\" data-widget_type=\"heading.default\">\n\t\t\t\t<div class=\"elementor-widget-container\">\n\t\t\t\t\t<h2 class=\"elementor-heading-title elementor-size-default\">IR-Ziele ausfindig machen und erfolgreich umsetzen<\/h2>\t\t\t\t<\/div>\n\t\t\t\t<\/div>\n\t\t\t\t<div class=\"elementor-element elementor-element-1289b2a elementor-widget elementor-widget-text-editor\" data-id=\"1289b2a\" data-element_type=\"widget\" data-e-type=\"widget\" data-widget_type=\"text-editor.default\">\n\t\t\t\t<div class=\"elementor-widget-container\">\n\t\t\t\t\t\t\t\t\t<p>Wir helfen Ihnen bei der Analyse, Definition und Umsetzung Ihrer IR-Ziele. Dabei stehen wir als Partner zur Verf\u00fcgung, um die wesentlichen Fragen der IR-Arbeit f\u00fcr Ihr Unternehmen fundiert zu beantworten: Wer sind meine Investoren? Was sind deren Interessen? Wie identifiziere ich die\u00a0<a title=\"Werte, Einstellungen &amp; Verhaltensweisen von Investoren kennen und verstehen\" href=\"\/investor-relations\/peergroup-analyse\">richtigen Investoren<\/a>\u00a0f\u00fcr mein Unternehmen? Welche Broker und Analysten sind f\u00fcr meinen IR-Erfolg ma\u00dfgeblich? Wie wird das Unternehmen, die <a href=\"\/de\/services\/investor-relations\/equity-story\/\">Equity Story<\/a> und das Management von den Investoren wahrgenommen und welcher Handlungsbedarf leitet sich daraus ab?<\/p>\t\t\t\t\t\t\t\t<\/div>\n\t\t\t\t<\/div>\n\t\t\t\t<\/div>\n\t\t<div class=\"elementor-element elementor-element-c99310d e-con-full cmn-content-box-container e-flex e-con e-child\" data-id=\"c99310d\" data-element_type=\"container\" data-e-type=\"container\">\n\t\t\t\t<div class=\"elementor-element elementor-element-f25b156 elementor-widget elementor-widget-heading\" data-id=\"f25b156\" data-element_type=\"widget\" data-e-type=\"widget\" data-widget_type=\"heading.default\">\n\t\t\t\t<div class=\"elementor-widget-container\">\n\t\t\t\t\t<h2 class=\"elementor-heading-title elementor-size-default\">Erfolg der IR-Ma\u00dfnahmen regelm\u00e4\u00dfig \u00fcberpr\u00fcfen<\/h2>\t\t\t\t<\/div>\n\t\t\t\t<\/div>\n\t\t\t\t<div class=\"elementor-element elementor-element-73fbfc9 elementor-widget elementor-widget-text-editor\" data-id=\"73fbfc9\" data-element_type=\"widget\" data-e-type=\"widget\" data-widget_type=\"text-editor.default\">\n\t\t\t\t<div class=\"elementor-widget-container\">\n\t\t\t\t\t\t\t\t\t<p>Um die gesteckten Ziele zu erreichen, sollte der Erfolg der IR-Ma\u00dfnahmen alle sechs Monate, mindestens jedoch einmal pro Jahr, \u00fcberpr\u00fcft und gemessen werden, um die <a href=\"\/de\/services\/investor-relations\/\">IR-Arbeit<\/a> gem\u00e4\u00df der definierten Ziele aktiv zu steuern. Auch dies umfasst das <a href=\"\/de\/services\/investor-relations\/\">Beratungsangebot<\/a> von cometis im Bereich der strategischen <a href=\"\/de\/services\/investor-relations\/ir-strategie\/\">Investor <span style=\"background-color: #ffffff; font-size: 20px; text-decoration-line: underline;\">Relations<\/span><\/a><span style=\"font-size: 20px;\">.<\/span><\/p><p>Kontaktieren Sie uns, um weitere Details zu besprechen und die IR-Ziele Ihres Unternehmens erfolgreich zu steuern.<\/p>\t\t\t\t\t\t\t\t<\/div>\n\t\t\t\t<\/div>\n\t\t\t\t<\/div>\n\t\t\t\t<\/div>\n\t\t\t\t<\/div>\n\t\t\t\t\t<\/div>\n\t\t\t\t<\/div>\n\t\t\t\t<\/div>\n\t\t","protected":false},"excerpt":{"rendered":"<p>Ziele f\u00fcr Investor Relations Arbeit definieren Wer\u00a0strategische Investor Relations\u00a0betreiben will, muss als Basis die Ziele f\u00fcr seine Investor Relations Arbeit definieren. Die Ziele f\u00fcr die IR-Arbeit orientieren sich an den Zielen des Unternehmens f\u00fcr die B\u00f6rsennotierung. In der Regel werden hierbei Ziele zu Finanzierung, Finanzierungskosten, Stabilit\u00e4t des Aktienkurses sowie zur Wertsteigerung als auch zur Positionierung [&hellip;]<\/p>\n","protected":false},"author":1,"featured_media":0,"parent":3790,"menu_order":0,"comment_status":"closed","ping_status":"open","template":"","meta":{"_acf_changed":false,"footnotes":""},"class_list":["post-5210","page","type-page","status-publish","hentry"],"acf":[],"yoast_head":"<!-- This site is optimized with the Yoast SEO Premium plugin v26.2 (Yoast SEO v27.4) - https:\/\/yoast.com\/product\/yoast-seo-premium-wordpress\/ -->\n<title>IR-Arbeit anhand definierter IR-Ziele aktiv steuern | cometis AG<\/title>\n<meta name=\"description\" content=\"Die cometis AG ist die f\u00fchrende Investor Relations Agentur und der Spezialist f\u00fcr die Entwicklung und Pr\u00fcfung Ihrer IR Ziele.\" \/>\n<meta name=\"robots\" content=\"index, follow, max-snippet:-1, max-image-preview:large, max-video-preview:-1\" \/>\n<link rel=\"canonical\" href=\"https:\/\/www.cometis.de\/de\/services\/investor-relations\/ir-strategie\/ir-ziele\/\" \/>\n<meta property=\"og:locale\" content=\"de_DE\" \/>\n<meta property=\"og:type\" content=\"article\" \/>\n<meta property=\"og:title\" content=\"IR Ziele\" \/>\n<meta property=\"og:description\" content=\"Die cometis AG ist die f\u00fchrende Investor Relations Agentur und der Spezialist f\u00fcr die Entwicklung und Pr\u00fcfung Ihrer IR Ziele.\" \/>\n<meta property=\"og:url\" content=\"https:\/\/www.cometis.de\/de\/services\/investor-relations\/ir-strategie\/ir-ziele\/\" \/>\n<meta property=\"og:site_name\" content=\"cometis AG\" \/>\n<meta property=\"article:modified_time\" content=\"2025-02-18T05:51:36+00:00\" \/>\n<meta property=\"og:image\" content=\"https:\/\/www.cometis.de\/wp-content\/uploads\/2024\/12-old\/Cometis-Mobile-Logo-1.png\" \/>\n\t<meta property=\"og:image:width\" content=\"171\" \/>\n\t<meta property=\"og:image:height\" content=\"31\" \/>\n\t<meta property=\"og:image:type\" content=\"image\/png\" \/>\n<meta name=\"twitter:card\" content=\"summary_large_image\" \/>\n<meta name=\"twitter:label1\" content=\"Gesch\u00e4tzte Lesezeit\" \/>\n\t<meta name=\"twitter:data1\" content=\"2\u00a0Minuten\" \/>\n<script type=\"application\/ld+json\" class=\"yoast-schema-graph\">{\"@context\":\"https:\\\/\\\/schema.org\",\"@graph\":[{\"@type\":\"WebPage\",\"@id\":\"https:\\\/\\\/www.cometis.de\\\/de\\\/services\\\/investor-relations\\\/ir-strategie\\\/ir-ziele\\\/\",\"url\":\"https:\\\/\\\/www.cometis.de\\\/de\\\/services\\\/investor-relations\\\/ir-strategie\\\/ir-ziele\\\/\",\"name\":\"IR-Arbeit anhand definierter IR-Ziele aktiv steuern | cometis AG\",\"isPartOf\":{\"@id\":\"https:\\\/\\\/www.cometis.de\\\/de\\\/#website\"},\"datePublished\":\"2025-01-24T05:45:22+00:00\",\"dateModified\":\"2025-02-18T05:51:36+00:00\",\"description\":\"Die cometis AG ist die f\u00fchrende Investor Relations Agentur und der Spezialist f\u00fcr die Entwicklung und Pr\u00fcfung Ihrer IR Ziele.\",\"breadcrumb\":{\"@id\":\"https:\\\/\\\/www.cometis.de\\\/de\\\/services\\\/investor-relations\\\/ir-strategie\\\/ir-ziele\\\/#breadcrumb\"},\"inLanguage\":\"de\",\"potentialAction\":[{\"@type\":\"ReadAction\",\"target\":[\"https:\\\/\\\/www.cometis.de\\\/de\\\/services\\\/investor-relations\\\/ir-strategie\\\/ir-ziele\\\/\"]}]},{\"@type\":\"BreadcrumbList\",\"@id\":\"https:\\\/\\\/www.cometis.de\\\/de\\\/services\\\/investor-relations\\\/ir-strategie\\\/ir-ziele\\\/#breadcrumb\",\"itemListElement\":[{\"@type\":\"ListItem\",\"position\":1,\"name\":\"Home\",\"item\":\"https:\\\/\\\/www.cometis.de\\\/de\\\/\"},{\"@type\":\"ListItem\",\"position\":2,\"name\":\"Services\",\"item\":\"https:\\\/\\\/www.cometis.de\\\/de\\\/services\\\/\"},{\"@type\":\"ListItem\",\"position\":3,\"name\":\"Investor Relations\",\"item\":\"https:\\\/\\\/www.cometis.de\\\/de\\\/services\\\/investor-relations\\\/\"},{\"@type\":\"ListItem\",\"position\":4,\"name\":\"IR-Strategie\",\"item\":\"https:\\\/\\\/www.cometis.de\\\/de\\\/services\\\/investor-relations\\\/ir-strategie\\\/\"},{\"@type\":\"ListItem\",\"position\":5,\"name\":\"IR Ziele\"}]},{\"@type\":\"WebSite\",\"@id\":\"https:\\\/\\\/www.cometis.de\\\/de\\\/#website\",\"url\":\"https:\\\/\\\/www.cometis.de\\\/de\\\/\",\"name\":\"cometis AG\",\"description\":\"Deutschlands f\u00fchrende Investor Relations Agentur\",\"publisher\":{\"@id\":\"https:\\\/\\\/www.cometis.de\\\/de\\\/#organization\"},\"potentialAction\":[{\"@type\":\"SearchAction\",\"target\":{\"@type\":\"EntryPoint\",\"urlTemplate\":\"https:\\\/\\\/www.cometis.de\\\/de\\\/?s={search_term_string}\"},\"query-input\":{\"@type\":\"PropertyValueSpecification\",\"valueRequired\":true,\"valueName\":\"search_term_string\"}}],\"inLanguage\":\"de\"},{\"@type\":\"Organization\",\"@id\":\"https:\\\/\\\/www.cometis.de\\\/de\\\/#organization\",\"name\":\"cometis AG\",\"alternateName\":\"Deutschlands f\u00fchrende Investor Relations Agentur\",\"url\":\"https:\\\/\\\/www.cometis.de\\\/de\\\/\",\"logo\":{\"@type\":\"ImageObject\",\"inLanguage\":\"de\",\"@id\":\"https:\\\/\\\/www.cometis.de\\\/de\\\/#\\\/schema\\\/logo\\\/image\\\/\",\"url\":\"https:\\\/\\\/www.cometis.de\\\/wp-content\\\/uploads\\\/2024\\\/12-old\\\/Cometis-Mobile-Logo-1.png\",\"contentUrl\":\"https:\\\/\\\/www.cometis.de\\\/wp-content\\\/uploads\\\/2024\\\/12-old\\\/Cometis-Mobile-Logo-1.png\",\"width\":171,\"height\":31,\"caption\":\"cometis AG\"},\"image\":{\"@id\":\"https:\\\/\\\/www.cometis.de\\\/de\\\/#\\\/schema\\\/logo\\\/image\\\/\"},\"sameAs\":[\"https:\\\/\\\/www.linkedin.com\\\/company\\\/cometis-ag\\\/\",\"https:\\\/\\\/www.youtube.com\\\/user\\\/cometisAG\"]}]}<\/script>\n<!-- \/ Yoast SEO Premium plugin. -->","yoast_head_json":{"title":"IR-Arbeit anhand definierter IR-Ziele aktiv steuern | cometis AG","description":"Die cometis AG ist die f\u00fchrende Investor Relations Agentur und der Spezialist f\u00fcr die Entwicklung und Pr\u00fcfung Ihrer IR Ziele.","robots":{"index":"index","follow":"follow","max-snippet":"max-snippet:-1","max-image-preview":"max-image-preview:large","max-video-preview":"max-video-preview:-1"},"canonical":"https:\/\/www.cometis.de\/de\/services\/investor-relations\/ir-strategie\/ir-ziele\/","og_locale":"de_DE","og_type":"article","og_title":"IR Ziele","og_description":"Die cometis AG ist die f\u00fchrende Investor Relations Agentur und der Spezialist f\u00fcr die Entwicklung und Pr\u00fcfung Ihrer IR Ziele.","og_url":"https:\/\/www.cometis.de\/de\/services\/investor-relations\/ir-strategie\/ir-ziele\/","og_site_name":"cometis AG","article_modified_time":"2025-02-18T05:51:36+00:00","og_image":[{"width":171,"height":31,"url":"https:\/\/www.cometis.de\/wp-content\/uploads\/2024\/12-old\/Cometis-Mobile-Logo-1.png","type":"image\/png"}],"twitter_card":"summary_large_image","twitter_misc":{"Gesch\u00e4tzte Lesezeit":"2\u00a0Minuten"},"schema":{"@context":"https:\/\/schema.org","@graph":[{"@type":"WebPage","@id":"https:\/\/www.cometis.de\/de\/services\/investor-relations\/ir-strategie\/ir-ziele\/","url":"https:\/\/www.cometis.de\/de\/services\/investor-relations\/ir-strategie\/ir-ziele\/","name":"IR-Arbeit anhand definierter IR-Ziele aktiv steuern | cometis AG","isPartOf":{"@id":"https:\/\/www.cometis.de\/de\/#website"},"datePublished":"2025-01-24T05:45:22+00:00","dateModified":"2025-02-18T05:51:36+00:00","description":"Die cometis AG ist die f\u00fchrende Investor Relations Agentur und der Spezialist f\u00fcr die Entwicklung und Pr\u00fcfung Ihrer IR Ziele.","breadcrumb":{"@id":"https:\/\/www.cometis.de\/de\/services\/investor-relations\/ir-strategie\/ir-ziele\/#breadcrumb"},"inLanguage":"de","potentialAction":[{"@type":"ReadAction","target":["https:\/\/www.cometis.de\/de\/services\/investor-relations\/ir-strategie\/ir-ziele\/"]}]},{"@type":"BreadcrumbList","@id":"https:\/\/www.cometis.de\/de\/services\/investor-relations\/ir-strategie\/ir-ziele\/#breadcrumb","itemListElement":[{"@type":"ListItem","position":1,"name":"Home","item":"https:\/\/www.cometis.de\/de\/"},{"@type":"ListItem","position":2,"name":"Services","item":"https:\/\/www.cometis.de\/de\/services\/"},{"@type":"ListItem","position":3,"name":"Investor Relations","item":"https:\/\/www.cometis.de\/de\/services\/investor-relations\/"},{"@type":"ListItem","position":4,"name":"IR-Strategie","item":"https:\/\/www.cometis.de\/de\/services\/investor-relations\/ir-strategie\/"},{"@type":"ListItem","position":5,"name":"IR Ziele"}]},{"@type":"WebSite","@id":"https:\/\/www.cometis.de\/de\/#website","url":"https:\/\/www.cometis.de\/de\/","name":"cometis AG","description":"Deutschlands f\u00fchrende Investor Relations Agentur","publisher":{"@id":"https:\/\/www.cometis.de\/de\/#organization"},"potentialAction":[{"@type":"SearchAction","target":{"@type":"EntryPoint","urlTemplate":"https:\/\/www.cometis.de\/de\/?s={search_term_string}"},"query-input":{"@type":"PropertyValueSpecification","valueRequired":true,"valueName":"search_term_string"}}],"inLanguage":"de"},{"@type":"Organization","@id":"https:\/\/www.cometis.de\/de\/#organization","name":"cometis AG","alternateName":"Deutschlands f\u00fchrende Investor Relations Agentur","url":"https:\/\/www.cometis.de\/de\/","logo":{"@type":"ImageObject","inLanguage":"de","@id":"https:\/\/www.cometis.de\/de\/#\/schema\/logo\/image\/","url":"https:\/\/www.cometis.de\/wp-content\/uploads\/2024\/12-old\/Cometis-Mobile-Logo-1.png","contentUrl":"https:\/\/www.cometis.de\/wp-content\/uploads\/2024\/12-old\/Cometis-Mobile-Logo-1.png","width":171,"height":31,"caption":"cometis AG"},"image":{"@id":"https:\/\/www.cometis.de\/de\/#\/schema\/logo\/image\/"},"sameAs":["https:\/\/www.linkedin.com\/company\/cometis-ag\/","https:\/\/www.youtube.com\/user\/cometisAG"]}]}},"_links":{"self":[{"href":"https:\/\/www.cometis.de\/de\/wp-json\/wp\/v2\/pages\/5210","targetHints":{"allow":["GET"]}}],"collection":[{"href":"https:\/\/www.cometis.de\/de\/wp-json\/wp\/v2\/pages"}],"about":[{"href":"https:\/\/www.cometis.de\/de\/wp-json\/wp\/v2\/types\/page"}],"author":[{"embeddable":true,"href":"https:\/\/www.cometis.de\/de\/wp-json\/wp\/v2\/users\/1"}],"replies":[{"embeddable":true,"href":"https:\/\/www.cometis.de\/de\/wp-json\/wp\/v2\/comments?post=5210"}],"version-history":[{"count":3,"href":"https:\/\/www.cometis.de\/de\/wp-json\/wp\/v2\/pages\/5210\/revisions"}],"predecessor-version":[{"id":107503,"href":"https:\/\/www.cometis.de\/de\/wp-json\/wp\/v2\/pages\/5210\/revisions\/107503"}],"up":[{"embeddable":true,"href":"https:\/\/www.cometis.de\/de\/wp-json\/wp\/v2\/pages\/3790"}],"wp:attachment":[{"href":"https:\/\/www.cometis.de\/de\/wp-json\/wp\/v2\/media?parent=5210"}],"curies":[{"name":"wp","href":"https:\/\/api.w.org\/{rel}","templated":true}]}}