{"id":5226,"date":"2025-01-24T06:55:41","date_gmt":"2025-01-24T05:55:41","guid":{"rendered":"https:\/\/cometis.de\/?page_id=5226"},"modified":"2025-04-04T14:54:09","modified_gmt":"2025-04-04T12:54:09","slug":"analysten-consensus","status":"publish","type":"page","link":"https:\/\/www.cometis.de\/de\/services\/investor-relations\/analysten-consensus\/","title":{"rendered":"Analyst Consensus"},"content":{"rendered":"\t\t<div data-elementor-type=\"wp-page\" data-elementor-id=\"5226\" class=\"elementor elementor-5226\" data-elementor-post-type=\"page\">\n\t\t\t\t<div class=\"elementor-element elementor-element-f115cfb e-flex e-con-boxed e-con e-parent\" data-id=\"f115cfb\" data-element_type=\"container\" data-e-type=\"container\">\n\t\t\t\t\t<div class=\"e-con-inner\">\n\t\t\t\t<div class=\"elementor-element elementor-element-6779294 elementor-widget elementor-widget-template\" data-id=\"6779294\" data-element_type=\"widget\" data-e-type=\"widget\" data-widget_type=\"template.default\">\n\t\t\t\t<div class=\"elementor-widget-container\">\n\t\t\t\t\t\t\t<div class=\"elementor-template\">\n\t\t\t\t\t<div data-elementor-type=\"section\" data-elementor-id=\"766\" class=\"elementor elementor-766\" data-elementor-post-type=\"elementor_library\">\n\t\t\t<div class=\"elementor-element elementor-element-1f34e34 e-flex e-con-boxed e-con e-parent\" data-id=\"1f34e34\" data-element_type=\"container\" data-e-type=\"container\">\n\t\t\t\t\t<div class=\"e-con-inner\">\n\t\t<div class=\"elementor-element elementor-element-e68c844 e-con-full e-flex e-con e-child\" data-id=\"e68c844\" data-element_type=\"container\" data-e-type=\"container\" data-settings=\"{&quot;background_background&quot;:&quot;classic&quot;}\">\n\t\t\t\t<\/div>\n\t\t<div class=\"elementor-element elementor-element-b7dac6f e-con-full e-flex e-con e-child\" data-id=\"b7dac6f\" data-element_type=\"container\" data-e-type=\"container\">\n\t\t\t\t<div class=\"elementor-element elementor-element-ce54cc3 elementor-align-left elementor-widget elementor-widget-breadcrumbs\" data-id=\"ce54cc3\" data-element_type=\"widget\" data-e-type=\"widget\" data-widget_type=\"breadcrumbs.default\">\n\t\t\t\t<div class=\"elementor-widget-container\">\n\t\t\t\t\t<div id=\"breadcrumbs\"><span><span><a href=\"https:\/\/www.cometis.de\/de\/\">Home<\/a><\/span><\/span><\/div>\t\t\t\t<\/div>\n\t\t\t\t<\/div>\n\t\t\t\t<\/div>\n\t\t\t\t\t<\/div>\n\t\t\t\t<\/div>\n\t\t\t\t<\/div>\n\t\t\t\t<\/div>\n\t\t\t\t\t\t<\/div>\n\t\t\t\t<\/div>\n\t\t\t\t\t<\/div>\n\t\t\t\t<\/div>\n\t\t<div class=\"elementor-element elementor-element-ebc2d13 cmn-sidebar-content e-flex e-con-boxed e-con e-parent\" data-id=\"ebc2d13\" data-element_type=\"container\" data-e-type=\"container\" data-settings=\"{&quot;background_background&quot;:&quot;classic&quot;,&quot;background_motion_fx_motion_fx_scrolling&quot;:&quot;yes&quot;,&quot;background_motion_fx_translateY_effect&quot;:&quot;yes&quot;,&quot;background_motion_fx_translateY_speed&quot;:{&quot;unit&quot;:&quot;px&quot;,&quot;size&quot;:2,&quot;sizes&quot;:[]},&quot;background_motion_fx_translateY_direction&quot;:&quot;negative&quot;,&quot;background_motion_fx_translateY_affectedRange&quot;:{&quot;unit&quot;:&quot;%&quot;,&quot;size&quot;:&quot;&quot;,&quot;sizes&quot;:{&quot;start&quot;:0,&quot;end&quot;:100}},&quot;background_motion_fx_devices&quot;:[&quot;desktop&quot;,&quot;tablet&quot;,&quot;mobile&quot;]}\">\n\t\t\t\t\t<div class=\"e-con-inner\">\n\t\t<div class=\"elementor-element elementor-element-b39a839 e-con-full cmn-sidebar-content p-100 e-flex e-con e-child\" data-id=\"b39a839\" data-element_type=\"container\" data-e-type=\"container\">\n\t\t<div class=\"elementor-element elementor-element-646a2a1 e-con-full cmn-content-box e-flex e-con e-child\" data-id=\"646a2a1\" data-element_type=\"container\" data-e-type=\"container\">\n\t\t<div class=\"elementor-element elementor-element-abb68ec e-con-full cmn-content-box-container e-flex e-con e-child\" data-id=\"abb68ec\" data-element_type=\"container\" data-e-type=\"container\">\n\t\t\t\t<div class=\"elementor-element elementor-element-2887f3c elementor-widget elementor-widget-heading\" data-id=\"2887f3c\" data-element_type=\"widget\" data-e-type=\"widget\" data-widget_type=\"heading.default\">\n\t\t\t\t<div class=\"elementor-widget-container\">\n\t\t\t\t\t<h2 class=\"elementor-heading-title elementor-size-default\">Analyst Consensus \u2013 Analystensch\u00e4tzungen auf einen Blick<\/h2>\t\t\t\t<\/div>\n\t\t\t\t<\/div>\n\t\t\t\t<div class=\"elementor-element elementor-element-4f3d099 elementor-widget elementor-widget-text-editor\" data-id=\"4f3d099\" data-element_type=\"widget\" data-e-type=\"widget\" data-widget_type=\"text-editor.default\">\n\t\t\t\t<div class=\"elementor-widget-container\">\n\t\t\t\t\t\t\t\t\t<p>Investoren vertrauen den Sch\u00e4tzungen der Analysten, um sich eine Meinung zu einem b\u00f6rsennotierten Unternehmen und dessen Zukunftsaussichten zu bilden. Zu den zentralen Aufgaben eines IR-Managers z\u00e4hlt es, diese Erwartungen bestm\u00f6glich zu steuern. \u00dcberraschungseffekte \u2013 in die eine wie in die andere Richtung \u2013 gilt es an der B\u00f6rse zu vermeiden. Dadurch bleibt die Volatilit\u00e4t der Aktie vergleichsweise niedrig und damit in der Theorie auch die Kapitalkosten des Unternehmens. Mit unserem Tool\u00a0<strong>Analyst Consensus<\/strong>\u00a0haben Sie stets einen aktuellen \u00dcberblick zu den im Markt verf\u00fcgbaren Analystensch\u00e4tzungen.<\/p>\t\t\t\t\t\t\t\t<\/div>\n\t\t\t\t<\/div>\n\t\t\t\t<div class=\"elementor-element elementor-element-dcaf0b7 cmn-content-box-btn elementor-widget elementor-widget-button\" data-id=\"dcaf0b7\" data-element_type=\"widget\" data-e-type=\"widget\" data-widget_type=\"button.default\">\n\t\t\t\t<div class=\"elementor-widget-container\">\n\t\t\t\t\t\t\t\t\t<div class=\"elementor-button-wrapper\">\n\t\t\t\t\t<a class=\"elementor-button elementor-button-link elementor-size-sm\" href=\"\/de\/cometis-ag\/referenzen\/investor-relations-referenzen\">\n\t\t\t\t\t\t<span class=\"elementor-button-content-wrapper\">\n\t\t\t\t\t\t<span class=\"elementor-button-icon\">\n\t\t\t\t<svg aria-hidden=\"true\" class=\"e-font-icon-svg e-fas-chevron-right\" viewBox=\"0 0 320 512\" xmlns=\"http:\/\/www.w3.org\/2000\/svg\"><path d=\"M285.476 272.971L91.132 467.314c-9.373 9.373-24.569 9.373-33.941 0l-22.667-22.667c-9.357-9.357-9.375-24.522-.04-33.901L188.505 256 34.484 101.255c-9.335-9.379-9.317-24.544.04-33.901l22.667-22.667c9.373-9.373 24.569-9.373 33.941 0L285.475 239.03c9.373 9.372 9.373 24.568.001 33.941z\"><\/path><\/svg>\t\t\t<\/span>\n\t\t\t\t\t\t\t\t\t<span class=\"elementor-button-text\">Unsere Referenzen<\/span>\n\t\t\t\t\t<\/span>\n\t\t\t\t\t<\/a>\n\t\t\t\t<\/div>\n\t\t\t\t\t\t\t\t<\/div>\n\t\t\t\t<\/div>\n\t\t\t\t<\/div>\n\t\t<div class=\"elementor-element elementor-element-5b6c999 e-con-full cmn-content-box-container e-flex e-con e-child\" data-id=\"5b6c999\" data-element_type=\"container\" data-e-type=\"container\">\n\t\t\t\t<div class=\"elementor-element elementor-element-bde8167 elementor-widget elementor-widget-heading\" data-id=\"bde8167\" data-element_type=\"widget\" data-e-type=\"widget\" data-widget_type=\"heading.default\">\n\t\t\t\t<div class=\"elementor-widget-container\">\n\t\t\t\t\t<h2 class=\"elementor-heading-title elementor-size-default\">Sch\u00e4tzungen f\u00fcr wichtigste Kennzahlen ber\u00fccksichtigen<\/h2>\t\t\t\t<\/div>\n\t\t\t\t<\/div>\n\t\t\t\t<div class=\"elementor-element elementor-element-22e2c98 elementor-widget elementor-widget-text-editor\" data-id=\"22e2c98\" data-element_type=\"widget\" data-e-type=\"widget\" data-widget_type=\"text-editor.default\">\n\t\t\t\t<div class=\"elementor-widget-container\">\n\t\t\t\t\t\t\t\t\t<p>Unser Analyst Consensus zeigt in kompakter Form die Zukunftssch\u00e4tzungen aller Analysten f\u00fcr die n\u00e4chsten drei Gesch\u00e4ftsjahre. Ob Umsatz, EBIT oder die Entwicklung wichtiger Bilanzkennzahlen, Sie haben stets den \u00dcberblick. In komprimierter Form wird die durchschnittliche Markterwartung f\u00fcr die wichtigsten Kennzahlen ersichtlich. Und auch das durchschnittliche Kursziel Ihrer Aktie wird berechnet. Auf Wunsch bekommen Sie diese Daten auch f\u00fcr Ihre engsten Wettbewerber! Sie haben die M\u00f6glichkeit unser Kennzahlenbuch &#8222;<a href=\"https:\/\/www.cometis-publishing.de\/shop\/100-finanzkennzahlen\/\"><strong>100 Finanzkennzahlen<\/strong><\/a>&#8220; zu bestellen, um Ihr fundiertes Wissen zu erweitern!<\/p>\t\t\t\t\t\t\t\t<\/div>\n\t\t\t\t<\/div>\n\t\t\t\t<\/div>\n\t\t<div class=\"elementor-element elementor-element-2036277 e-con-full cmn-content-box-container e-flex e-con e-child\" data-id=\"2036277\" data-element_type=\"container\" data-e-type=\"container\">\n\t\t\t\t<div class=\"elementor-element elementor-element-21040c4 elementor-widget elementor-widget-heading\" data-id=\"21040c4\" data-element_type=\"widget\" data-e-type=\"widget\" data-widget_type=\"heading.default\">\n\t\t\t\t<div class=\"elementor-widget-container\">\n\t\t\t\t\t<h2 class=\"elementor-heading-title elementor-size-default\">Steuern Sie die Markterwartungen<\/h2>\t\t\t\t<\/div>\n\t\t\t\t<\/div>\n\t\t\t\t<div class=\"elementor-element elementor-element-6ebf94d elementor-widget elementor-widget-text-editor\" data-id=\"6ebf94d\" data-element_type=\"widget\" data-e-type=\"widget\" data-widget_type=\"text-editor.default\">\n\t\t\t\t<div class=\"elementor-widget-container\">\n\t\t\t\t\t\t\t\t\t<p>Erkennen Sie die Ausrei\u00dfer, bevor es zu sp\u00e4t ist. Analysten treffen Annahmen, die m\u00f6glicherweise nicht mit Ihren eigenen Planungen \u00fcbereinstimmen. Dies weckt falsche Erwartungen am Markt und f\u00fchrt zu Entt\u00e4uschungspotenzial bei Investoren. Steuern Sie die Erwartungen Ihrer Analysten, indem Sie in einen aktiven Dialog treten und die entscheidenden Stellschrauben identifizieren.<\/p>\t\t\t\t\t\t\t\t<\/div>\n\t\t\t\t<\/div>\n\t\t\t\t<\/div>\n\t\t<div class=\"elementor-element elementor-element-260dc6d e-con-full cmn-content-box-container e-flex e-con e-child\" data-id=\"260dc6d\" data-element_type=\"container\" data-e-type=\"container\">\n\t\t\t\t<div class=\"elementor-element elementor-element-ef019f4 elementor-widget elementor-widget-heading\" data-id=\"ef019f4\" data-element_type=\"widget\" data-e-type=\"widget\" data-widget_type=\"heading.default\">\n\t\t\t\t<div class=\"elementor-widget-container\">\n\t\t\t\t\t<h2 class=\"elementor-heading-title elementor-size-default\">Sicherheit in der Kapitalmarktkommunikation gewinnen<\/h2>\t\t\t\t<\/div>\n\t\t\t\t<\/div>\n\t\t\t\t<div class=\"elementor-element elementor-element-d8ad562 elementor-widget elementor-widget-text-editor\" data-id=\"d8ad562\" data-element_type=\"widget\" data-e-type=\"widget\" data-widget_type=\"text-editor.default\">\n\t\t\t\t<div class=\"elementor-widget-container\">\n\t\t\t\t\t\t\t\t\t<p>IR-Manager sind t\u00e4glich mit Insiderinformationen betraut. Ob eine Insiderinformation jedoch kursrelevant und damit\u00a0<a title=\"Wir erstellen Ihre Pflichmitteilungen\" href=\"\/investor-relations\/Medienarbeit\/ad-hoc-mitteilungen\">Ad-hoc-pflichtig<\/a>\u00a0ist, kann h\u00e4ufig nur vor dem Hintergrund der Markterwartungen beurteilt werden. Mit dem Analyst Consensus l\u00e4sst sich feststellen, ob bestimmte Informationen wom\u00f6glich schon \u201eeingepreist\u201c sind \u2013 oder ob die Information das Potenzial hat, den Aktienkurs deutlich zu bewegen. Mit dem Analyst Consensus steht Ihnen eine entscheidende Grundlage f\u00fcr diese Beurteilung zur Verf\u00fcgung.<\/p>\t\t\t\t\t\t\t\t<\/div>\n\t\t\t\t<\/div>\n\t\t\t\t<\/div>\n\t\t<div class=\"elementor-element elementor-element-5a1bc2e e-con-full cmn-content-box-container e-flex e-con e-child\" data-id=\"5a1bc2e\" data-element_type=\"container\" data-e-type=\"container\">\n\t\t\t\t<div class=\"elementor-element elementor-element-e058360 elementor-widget elementor-widget-heading\" data-id=\"e058360\" data-element_type=\"widget\" data-e-type=\"widget\" data-widget_type=\"heading.default\">\n\t\t\t\t<div class=\"elementor-widget-container\">\n\t\t\t\t\t<h2 class=\"elementor-heading-title elementor-size-default\">IR-Arbeit wird mit dem Analyst Consensus messbar<\/h2>\t\t\t\t<\/div>\n\t\t\t\t<\/div>\n\t\t\t\t<div class=\"elementor-element elementor-element-30e7db1 elementor-widget elementor-widget-text-editor\" data-id=\"30e7db1\" data-element_type=\"widget\" data-e-type=\"widget\" data-widget_type=\"text-editor.default\">\n\t\t\t\t<div class=\"elementor-widget-container\">\n\t\t\t\t\t\t\t\t\t<p>Mit der regelm\u00e4\u00dfigen Nutzung des Analyst Consensus wird der Erfolg des IR-Managers sichtbar. Sie erkennen, wie sich Kauf-, Halte- oder Verkaufsempfehlungen der Analysten ver\u00e4ndern, inwiefern die Coverage und damit das Interesse an Ihrer Aktie zunimmt oder wie gut Sie als IR-Manager tats\u00e4chlich \u201eguiden\u201c. Denn wenn die Analystensch\u00e4tzungen mit Ihren eigenen Erwartungen \u00fcbereinstimmen, gewinnen Sie das Vertrauen des Kapitalmarkts. Nutzen Sie vor und nach Ver\u00f6ffentlichung der Gesch\u00e4ftszahlen unseren Analyst Consensus und bleiben Sie damit \u201eahead of the game\u201c.<\/p>\t\t\t\t\t\t\t\t<\/div>\n\t\t\t\t<\/div>\n\t\t\t\t<\/div>\n\t\t<div class=\"elementor-element elementor-element-28a6f9c e-con-full cmn-content-box-container e-flex e-con e-child\" data-id=\"28a6f9c\" data-element_type=\"container\" data-e-type=\"container\">\n\t\t\t\t<div class=\"elementor-element elementor-element-27e6cde elementor-widget elementor-widget-heading\" data-id=\"27e6cde\" data-element_type=\"widget\" data-e-type=\"widget\" data-widget_type=\"heading.default\">\n\t\t\t\t<div class=\"elementor-widget-container\">\n\t\t\t\t\t<h2 class=\"elementor-heading-title elementor-size-default\">Treten Sie mit uns in Kontakt<\/h2>\t\t\t\t<\/div>\n\t\t\t\t<\/div>\n\t\t\t\t<div class=\"elementor-element elementor-element-9b5d912 elementor-widget elementor-widget-text-editor\" data-id=\"9b5d912\" data-element_type=\"widget\" data-e-type=\"widget\" data-widget_type=\"text-editor.default\">\n\t\t\t\t<div class=\"elementor-widget-container\">\n\t\t\t\t\t\t\t\t\t<p>Sie bestimmen, ob Sie Ihren Consensus f\u00fcr alle verf\u00fcgbaren Research-Berichte oder nur f\u00fcr eine selektive Auswahl der Meinungsf\u00fchrer (sog. Smart Estimates) berechnen lassen wollen. Wir liefern Ihnen innerhalb von zwei Werktagen den Analyst Consensus mit allen wichtigen Kennzahlen. Die Bezahlung erfolgt unkompliziert mittels Kreditkarte oder Rechnung.<\/p><p>Bestellen Sie jetzt den Analyst Consensus und perfektionieren Sie Ihre IR-Arbeit. Wir freuen uns auf Ihren Anruf.<\/p>\t\t\t\t\t\t\t\t<\/div>\n\t\t\t\t<\/div>\n\t\t\t\t<\/div>\n\t\t\t\t<\/div>\n\t\t\t\t<\/div>\n\t\t\t\t\t<\/div>\n\t\t\t\t<\/div>\n\t\t\t\t<\/div>\n\t\t","protected":false},"excerpt":{"rendered":"<p>Analyst Consensus \u2013 Analystensch\u00e4tzungen auf einen Blick Investoren vertrauen den Sch\u00e4tzungen der Analysten, um sich eine Meinung zu einem b\u00f6rsennotierten Unternehmen und dessen Zukunftsaussichten zu bilden. Zu den zentralen Aufgaben eines IR-Managers z\u00e4hlt es, diese Erwartungen bestm\u00f6glich zu steuern. \u00dcberraschungseffekte \u2013 in die eine wie in die andere Richtung \u2013 gilt es an der B\u00f6rse [&hellip;]<\/p>\n","protected":false},"author":1,"featured_media":0,"parent":2175,"menu_order":0,"comment_status":"closed","ping_status":"open","template":"","meta":{"_acf_changed":false,"footnotes":""},"class_list":["post-5226","page","type-page","status-publish","hentry"],"acf":[],"yoast_head":"<!-- This site is optimized with the Yoast SEO Premium plugin v26.2 (Yoast SEO v27.4) - https:\/\/yoast.com\/product\/yoast-seo-premium-wordpress\/ -->\n<title>Analyst Consensus \u2013 Analystensch\u00e4tzungen auf einen Blick | cometis AG<\/title>\n<meta name=\"description\" content=\"Der Analyst Consensus stellt die Analystensch\u00e4tzungen Ihres Unternehmens bereit. Durch aktive IR-Arbeit kann die Markterwartungen proaktiv gesteuert werden.\" \/>\n<meta name=\"robots\" content=\"index, follow, max-snippet:-1, max-image-preview:large, max-video-preview:-1\" \/>\n<link rel=\"canonical\" href=\"https:\/\/www.cometis.de\/de\/services\/investor-relations\/analysten-consensus\/\" \/>\n<meta property=\"og:locale\" content=\"de_DE\" \/>\n<meta property=\"og:type\" content=\"article\" \/>\n<meta property=\"og:title\" content=\"Analyst Consensus\" \/>\n<meta property=\"og:description\" content=\"Der Analyst Consensus stellt die Analystensch\u00e4tzungen Ihres Unternehmens bereit. Durch aktive IR-Arbeit kann die Markterwartungen proaktiv gesteuert werden.\" \/>\n<meta property=\"og:url\" content=\"https:\/\/www.cometis.de\/de\/services\/investor-relations\/analysten-consensus\/\" \/>\n<meta property=\"og:site_name\" content=\"cometis AG\" \/>\n<meta property=\"article:modified_time\" content=\"2025-04-04T12:54:09+00:00\" \/>\n<meta property=\"og:image\" content=\"https:\/\/www.cometis.de\/wp-content\/uploads\/2024\/12-old\/Cometis-Mobile-Logo-1.png\" \/>\n\t<meta property=\"og:image:width\" content=\"171\" \/>\n\t<meta property=\"og:image:height\" content=\"31\" \/>\n\t<meta property=\"og:image:type\" content=\"image\/png\" \/>\n<meta name=\"twitter:card\" content=\"summary_large_image\" \/>\n<meta name=\"twitter:label1\" content=\"Gesch\u00e4tzte Lesezeit\" \/>\n\t<meta name=\"twitter:data1\" content=\"3\u00a0Minuten\" \/>\n<script type=\"application\/ld+json\" class=\"yoast-schema-graph\">{\"@context\":\"https:\\\/\\\/schema.org\",\"@graph\":[{\"@type\":\"WebPage\",\"@id\":\"https:\\\/\\\/www.cometis.de\\\/de\\\/services\\\/investor-relations\\\/analysten-consensus\\\/\",\"url\":\"https:\\\/\\\/www.cometis.de\\\/de\\\/services\\\/investor-relations\\\/analysten-consensus\\\/\",\"name\":\"Analyst Consensus \u2013 Analystensch\u00e4tzungen auf einen Blick | cometis AG\",\"isPartOf\":{\"@id\":\"https:\\\/\\\/www.cometis.de\\\/de\\\/#website\"},\"datePublished\":\"2025-01-24T05:55:41+00:00\",\"dateModified\":\"2025-04-04T12:54:09+00:00\",\"description\":\"Der Analyst Consensus stellt die Analystensch\u00e4tzungen Ihres Unternehmens bereit. Durch aktive IR-Arbeit kann die Markterwartungen proaktiv gesteuert werden.\",\"breadcrumb\":{\"@id\":\"https:\\\/\\\/www.cometis.de\\\/de\\\/services\\\/investor-relations\\\/analysten-consensus\\\/#breadcrumb\"},\"inLanguage\":\"de\",\"potentialAction\":[{\"@type\":\"ReadAction\",\"target\":[\"https:\\\/\\\/www.cometis.de\\\/de\\\/services\\\/investor-relations\\\/analysten-consensus\\\/\"]}]},{\"@type\":\"BreadcrumbList\",\"@id\":\"https:\\\/\\\/www.cometis.de\\\/de\\\/services\\\/investor-relations\\\/analysten-consensus\\\/#breadcrumb\",\"itemListElement\":[{\"@type\":\"ListItem\",\"position\":1,\"name\":\"Home\",\"item\":\"https:\\\/\\\/www.cometis.de\\\/de\\\/\"},{\"@type\":\"ListItem\",\"position\":2,\"name\":\"Services\",\"item\":\"https:\\\/\\\/www.cometis.de\\\/de\\\/services\\\/\"},{\"@type\":\"ListItem\",\"position\":3,\"name\":\"Investor Relations\",\"item\":\"https:\\\/\\\/www.cometis.de\\\/de\\\/services\\\/investor-relations\\\/\"},{\"@type\":\"ListItem\",\"position\":4,\"name\":\"Analyst Consensus\"}]},{\"@type\":\"WebSite\",\"@id\":\"https:\\\/\\\/www.cometis.de\\\/de\\\/#website\",\"url\":\"https:\\\/\\\/www.cometis.de\\\/de\\\/\",\"name\":\"cometis AG\",\"description\":\"Deutschlands f\u00fchrende Investor Relations Agentur\",\"publisher\":{\"@id\":\"https:\\\/\\\/www.cometis.de\\\/de\\\/#organization\"},\"potentialAction\":[{\"@type\":\"SearchAction\",\"target\":{\"@type\":\"EntryPoint\",\"urlTemplate\":\"https:\\\/\\\/www.cometis.de\\\/de\\\/?s={search_term_string}\"},\"query-input\":{\"@type\":\"PropertyValueSpecification\",\"valueRequired\":true,\"valueName\":\"search_term_string\"}}],\"inLanguage\":\"de\"},{\"@type\":\"Organization\",\"@id\":\"https:\\\/\\\/www.cometis.de\\\/de\\\/#organization\",\"name\":\"cometis AG\",\"alternateName\":\"Deutschlands f\u00fchrende Investor Relations Agentur\",\"url\":\"https:\\\/\\\/www.cometis.de\\\/de\\\/\",\"logo\":{\"@type\":\"ImageObject\",\"inLanguage\":\"de\",\"@id\":\"https:\\\/\\\/www.cometis.de\\\/de\\\/#\\\/schema\\\/logo\\\/image\\\/\",\"url\":\"https:\\\/\\\/www.cometis.de\\\/wp-content\\\/uploads\\\/2024\\\/12-old\\\/Cometis-Mobile-Logo-1.png\",\"contentUrl\":\"https:\\\/\\\/www.cometis.de\\\/wp-content\\\/uploads\\\/2024\\\/12-old\\\/Cometis-Mobile-Logo-1.png\",\"width\":171,\"height\":31,\"caption\":\"cometis AG\"},\"image\":{\"@id\":\"https:\\\/\\\/www.cometis.de\\\/de\\\/#\\\/schema\\\/logo\\\/image\\\/\"},\"sameAs\":[\"https:\\\/\\\/www.linkedin.com\\\/company\\\/cometis-ag\\\/\",\"https:\\\/\\\/www.youtube.com\\\/user\\\/cometisAG\"]}]}<\/script>\n<!-- \/ Yoast SEO Premium plugin. -->","yoast_head_json":{"title":"Analyst Consensus \u2013 Analystensch\u00e4tzungen auf einen Blick | cometis AG","description":"Der Analyst Consensus stellt die Analystensch\u00e4tzungen Ihres Unternehmens bereit. Durch aktive IR-Arbeit kann die Markterwartungen proaktiv gesteuert werden.","robots":{"index":"index","follow":"follow","max-snippet":"max-snippet:-1","max-image-preview":"max-image-preview:large","max-video-preview":"max-video-preview:-1"},"canonical":"https:\/\/www.cometis.de\/de\/services\/investor-relations\/analysten-consensus\/","og_locale":"de_DE","og_type":"article","og_title":"Analyst Consensus","og_description":"Der Analyst Consensus stellt die Analystensch\u00e4tzungen Ihres Unternehmens bereit. Durch aktive IR-Arbeit kann die Markterwartungen proaktiv gesteuert werden.","og_url":"https:\/\/www.cometis.de\/de\/services\/investor-relations\/analysten-consensus\/","og_site_name":"cometis AG","article_modified_time":"2025-04-04T12:54:09+00:00","og_image":[{"width":171,"height":31,"url":"https:\/\/www.cometis.de\/wp-content\/uploads\/2024\/12-old\/Cometis-Mobile-Logo-1.png","type":"image\/png"}],"twitter_card":"summary_large_image","twitter_misc":{"Gesch\u00e4tzte Lesezeit":"3\u00a0Minuten"},"schema":{"@context":"https:\/\/schema.org","@graph":[{"@type":"WebPage","@id":"https:\/\/www.cometis.de\/de\/services\/investor-relations\/analysten-consensus\/","url":"https:\/\/www.cometis.de\/de\/services\/investor-relations\/analysten-consensus\/","name":"Analyst Consensus \u2013 Analystensch\u00e4tzungen auf einen Blick | cometis AG","isPartOf":{"@id":"https:\/\/www.cometis.de\/de\/#website"},"datePublished":"2025-01-24T05:55:41+00:00","dateModified":"2025-04-04T12:54:09+00:00","description":"Der Analyst Consensus stellt die Analystensch\u00e4tzungen Ihres Unternehmens bereit. Durch aktive IR-Arbeit kann die Markterwartungen proaktiv gesteuert werden.","breadcrumb":{"@id":"https:\/\/www.cometis.de\/de\/services\/investor-relations\/analysten-consensus\/#breadcrumb"},"inLanguage":"de","potentialAction":[{"@type":"ReadAction","target":["https:\/\/www.cometis.de\/de\/services\/investor-relations\/analysten-consensus\/"]}]},{"@type":"BreadcrumbList","@id":"https:\/\/www.cometis.de\/de\/services\/investor-relations\/analysten-consensus\/#breadcrumb","itemListElement":[{"@type":"ListItem","position":1,"name":"Home","item":"https:\/\/www.cometis.de\/de\/"},{"@type":"ListItem","position":2,"name":"Services","item":"https:\/\/www.cometis.de\/de\/services\/"},{"@type":"ListItem","position":3,"name":"Investor Relations","item":"https:\/\/www.cometis.de\/de\/services\/investor-relations\/"},{"@type":"ListItem","position":4,"name":"Analyst Consensus"}]},{"@type":"WebSite","@id":"https:\/\/www.cometis.de\/de\/#website","url":"https:\/\/www.cometis.de\/de\/","name":"cometis AG","description":"Deutschlands f\u00fchrende Investor Relations Agentur","publisher":{"@id":"https:\/\/www.cometis.de\/de\/#organization"},"potentialAction":[{"@type":"SearchAction","target":{"@type":"EntryPoint","urlTemplate":"https:\/\/www.cometis.de\/de\/?s={search_term_string}"},"query-input":{"@type":"PropertyValueSpecification","valueRequired":true,"valueName":"search_term_string"}}],"inLanguage":"de"},{"@type":"Organization","@id":"https:\/\/www.cometis.de\/de\/#organization","name":"cometis AG","alternateName":"Deutschlands f\u00fchrende Investor Relations Agentur","url":"https:\/\/www.cometis.de\/de\/","logo":{"@type":"ImageObject","inLanguage":"de","@id":"https:\/\/www.cometis.de\/de\/#\/schema\/logo\/image\/","url":"https:\/\/www.cometis.de\/wp-content\/uploads\/2024\/12-old\/Cometis-Mobile-Logo-1.png","contentUrl":"https:\/\/www.cometis.de\/wp-content\/uploads\/2024\/12-old\/Cometis-Mobile-Logo-1.png","width":171,"height":31,"caption":"cometis AG"},"image":{"@id":"https:\/\/www.cometis.de\/de\/#\/schema\/logo\/image\/"},"sameAs":["https:\/\/www.linkedin.com\/company\/cometis-ag\/","https:\/\/www.youtube.com\/user\/cometisAG"]}]}},"_links":{"self":[{"href":"https:\/\/www.cometis.de\/de\/wp-json\/wp\/v2\/pages\/5226","targetHints":{"allow":["GET"]}}],"collection":[{"href":"https:\/\/www.cometis.de\/de\/wp-json\/wp\/v2\/pages"}],"about":[{"href":"https:\/\/www.cometis.de\/de\/wp-json\/wp\/v2\/types\/page"}],"author":[{"embeddable":true,"href":"https:\/\/www.cometis.de\/de\/wp-json\/wp\/v2\/users\/1"}],"replies":[{"embeddable":true,"href":"https:\/\/www.cometis.de\/de\/wp-json\/wp\/v2\/comments?post=5226"}],"version-history":[{"count":6,"href":"https:\/\/www.cometis.de\/de\/wp-json\/wp\/v2\/pages\/5226\/revisions"}],"predecessor-version":[{"id":108855,"href":"https:\/\/www.cometis.de\/de\/wp-json\/wp\/v2\/pages\/5226\/revisions\/108855"}],"up":[{"embeddable":true,"href":"https:\/\/www.cometis.de\/de\/wp-json\/wp\/v2\/pages\/2175"}],"wp:attachment":[{"href":"https:\/\/www.cometis.de\/de\/wp-json\/wp\/v2\/media?parent=5226"}],"curies":[{"name":"wp","href":"https:\/\/api.w.org\/{rel}","templated":true}]}}