{"id":5261,"date":"2025-01-24T07:14:07","date_gmt":"2025-01-24T06:14:07","guid":{"rendered":"https:\/\/cometis.de\/?page_id=5261"},"modified":"2025-02-18T06:43:51","modified_gmt":"2025-02-18T05:43:51","slug":"equity-story","status":"publish","type":"page","link":"https:\/\/www.cometis.de\/de\/services\/investor-relations\/equity-story\/","title":{"rendered":"Equity Story"},"content":{"rendered":"\t\t<div data-elementor-type=\"wp-page\" data-elementor-id=\"5261\" class=\"elementor elementor-5261\" data-elementor-post-type=\"page\">\n\t\t\t\t<div class=\"elementor-element elementor-element-898f4d4 e-flex e-con-boxed e-con e-parent\" data-id=\"898f4d4\" data-element_type=\"container\" data-e-type=\"container\">\n\t\t\t\t\t<div class=\"e-con-inner\">\n\t\t\t\t<div class=\"elementor-element elementor-element-52df67c elementor-widget elementor-widget-template\" data-id=\"52df67c\" data-element_type=\"widget\" data-e-type=\"widget\" data-widget_type=\"template.default\">\n\t\t\t\t<div class=\"elementor-widget-container\">\n\t\t\t\t\t\t\t<div class=\"elementor-template\">\n\t\t\t\t\t<div data-elementor-type=\"section\" data-elementor-id=\"766\" class=\"elementor elementor-766\" data-elementor-post-type=\"elementor_library\">\n\t\t\t<div class=\"elementor-element elementor-element-1f34e34 e-flex e-con-boxed e-con e-parent\" data-id=\"1f34e34\" data-element_type=\"container\" data-e-type=\"container\">\n\t\t\t\t\t<div class=\"e-con-inner\">\n\t\t<div class=\"elementor-element elementor-element-e68c844 e-con-full e-flex e-con e-child\" data-id=\"e68c844\" data-element_type=\"container\" data-e-type=\"container\" data-settings=\"{&quot;background_background&quot;:&quot;classic&quot;}\">\n\t\t\t\t<\/div>\n\t\t<div class=\"elementor-element elementor-element-b7dac6f e-con-full e-flex e-con e-child\" data-id=\"b7dac6f\" data-element_type=\"container\" data-e-type=\"container\">\n\t\t\t\t<div class=\"elementor-element elementor-element-ce54cc3 elementor-align-left elementor-widget elementor-widget-breadcrumbs\" data-id=\"ce54cc3\" data-element_type=\"widget\" data-e-type=\"widget\" data-widget_type=\"breadcrumbs.default\">\n\t\t\t\t<div class=\"elementor-widget-container\">\n\t\t\t\t\t<div id=\"breadcrumbs\"><span><span><a href=\"https:\/\/www.cometis.de\/de\/\">Home<\/a><\/span><\/span><\/div>\t\t\t\t<\/div>\n\t\t\t\t<\/div>\n\t\t\t\t<\/div>\n\t\t\t\t\t<\/div>\n\t\t\t\t<\/div>\n\t\t\t\t<\/div>\n\t\t\t\t<\/div>\n\t\t\t\t\t\t<\/div>\n\t\t\t\t<\/div>\n\t\t\t\t\t<\/div>\n\t\t\t\t<\/div>\n\t\t<div class=\"elementor-element elementor-element-3754fb8 cmn-sidebar-content e-flex e-con-boxed e-con e-parent\" data-id=\"3754fb8\" data-element_type=\"container\" data-e-type=\"container\" data-settings=\"{&quot;background_background&quot;:&quot;classic&quot;,&quot;background_motion_fx_motion_fx_scrolling&quot;:&quot;yes&quot;,&quot;background_motion_fx_translateY_effect&quot;:&quot;yes&quot;,&quot;background_motion_fx_translateY_speed&quot;:{&quot;unit&quot;:&quot;px&quot;,&quot;size&quot;:2,&quot;sizes&quot;:[]},&quot;background_motion_fx_translateY_direction&quot;:&quot;negative&quot;,&quot;background_motion_fx_translateY_affectedRange&quot;:{&quot;unit&quot;:&quot;%&quot;,&quot;size&quot;:&quot;&quot;,&quot;sizes&quot;:{&quot;start&quot;:0,&quot;end&quot;:100}},&quot;background_motion_fx_devices&quot;:[&quot;desktop&quot;,&quot;tablet&quot;,&quot;mobile&quot;]}\">\n\t\t\t\t\t<div class=\"e-con-inner\">\n\t\t<div class=\"elementor-element elementor-element-17f1307 e-con-full cmn-sidebar-content p-100 e-flex e-con e-child\" data-id=\"17f1307\" data-element_type=\"container\" data-e-type=\"container\">\n\t\t<div class=\"elementor-element elementor-element-b690fcc e-con-full cmn-content-box e-flex e-con e-child\" data-id=\"b690fcc\" data-element_type=\"container\" data-e-type=\"container\">\n\t\t<div class=\"elementor-element elementor-element-35ae48c e-con-full cmn-content-box-container e-flex e-con e-child\" data-id=\"35ae48c\" data-element_type=\"container\" data-e-type=\"container\">\n\t\t\t\t<div class=\"elementor-element elementor-element-354e296 elementor-widget elementor-widget-heading\" data-id=\"354e296\" data-element_type=\"widget\" data-e-type=\"widget\" data-widget_type=\"heading.default\">\n\t\t\t\t<div class=\"elementor-widget-container\">\n\t\t\t\t\t<h2 class=\"elementor-heading-title elementor-size-default\">Eine Equity Story macht Ihr Unternehmen greifbar<\/h2>\t\t\t\t<\/div>\n\t\t\t\t<\/div>\n\t\t\t\t<div class=\"elementor-element elementor-element-8987e31 elementor-widget elementor-widget-text-editor\" data-id=\"8987e31\" data-element_type=\"widget\" data-e-type=\"widget\" data-widget_type=\"text-editor.default\">\n\t\t\t\t<div class=\"elementor-widget-container\">\n\t\t\t\t\t\t\t\t\t<p>K\u00f6nnen Sie einem interessierten Investor kurz und pr\u00e4gnant erkl\u00e4ren, warum er zum jetzigen Zeitpunkt Ihre Aktie kaufen sollte? Mit einer \u00fcberzeugenden Equity Story haben Sie auf diese Frage schnell die passenden Argumente parat. Die Equity Story tr\u00e4gt ma\u00dfgeblich dazu bei, potentielle Investoren f\u00fcr Ihre Aktie zu gewinnen. Wenn Sie es schaffen, eine schl\u00fcssige Equity Story zu erz\u00e4hlen und Ihr Unternehmen greifbar zu machen, steigen die Chancen bei Analysten und Investoren. Und Sie k\u00f6nnen sich zudem von Ihren Wettbewerbern entscheidend absetzen.<\/p>\t\t\t\t\t\t\t\t<\/div>\n\t\t\t\t<\/div>\n\t\t\t\t<div class=\"elementor-element elementor-element-9af8b84 cmn-content-box-btn elementor-widget elementor-widget-button\" data-id=\"9af8b84\" data-element_type=\"widget\" data-e-type=\"widget\" data-widget_type=\"button.default\">\n\t\t\t\t<div class=\"elementor-widget-container\">\n\t\t\t\t\t\t\t\t\t<div class=\"elementor-button-wrapper\">\n\t\t\t\t\t<a class=\"elementor-button elementor-button-link elementor-size-sm\" href=\"\/de\/cometis-ag\/referenzen\/investor-relations-referenzen\">\n\t\t\t\t\t\t<span class=\"elementor-button-content-wrapper\">\n\t\t\t\t\t\t<span class=\"elementor-button-icon\">\n\t\t\t\t<svg aria-hidden=\"true\" class=\"e-font-icon-svg e-fas-chevron-right\" viewBox=\"0 0 320 512\" xmlns=\"http:\/\/www.w3.org\/2000\/svg\"><path d=\"M285.476 272.971L91.132 467.314c-9.373 9.373-24.569 9.373-33.941 0l-22.667-22.667c-9.357-9.357-9.375-24.522-.04-33.901L188.505 256 34.484 101.255c-9.335-9.379-9.317-24.544.04-33.901l22.667-22.667c9.373-9.373 24.569-9.373 33.941 0L285.475 239.03c9.373 9.372 9.373 24.568.001 33.941z\"><\/path><\/svg>\t\t\t<\/span>\n\t\t\t\t\t\t\t\t\t<span class=\"elementor-button-text\">Unsere Referenzen<\/span>\n\t\t\t\t\t<\/span>\n\t\t\t\t\t<\/a>\n\t\t\t\t<\/div>\n\t\t\t\t\t\t\t\t<\/div>\n\t\t\t\t<\/div>\n\t\t\t\t<\/div>\n\t\t<div class=\"elementor-element elementor-element-59b39a9 e-con-full cmn-content-box-container e-flex e-con e-child\" data-id=\"59b39a9\" data-element_type=\"container\" data-e-type=\"container\">\n\t\t\t\t<div class=\"elementor-element elementor-element-8ab88e9 elementor-widget elementor-widget-heading\" data-id=\"8ab88e9\" data-element_type=\"widget\" data-e-type=\"widget\" data-widget_type=\"heading.default\">\n\t\t\t\t<div class=\"elementor-widget-container\">\n\t\t\t\t\t<h2 class=\"elementor-heading-title elementor-size-default\">Mit der Equity Story Wachstumsperspektiven aufzeigen<\/h2>\t\t\t\t<\/div>\n\t\t\t\t<\/div>\n\t\t\t\t<div class=\"elementor-element elementor-element-12a4018 elementor-widget elementor-widget-text-editor\" data-id=\"12a4018\" data-element_type=\"widget\" data-e-type=\"widget\" data-widget_type=\"text-editor.default\">\n\t\t\t\t<div class=\"elementor-widget-container\">\n\t\t\t\t\t\t\t\t\t<p>Ein wesentlicher Bestandteil der Equity Story ist die Beschreibung des Gesch\u00e4ftsmodells. Jeder Investor sollte verstehen, was genau Ihr Unternehmen produziert, entwickelt, und am Markt verkauft.<br \/>Weiter sollte die Equity Story das potentielle Wachstum des Gesch\u00e4fts und die Aussicht auf steigende Marktanteile verdeutlichen. Daneben sind Einflussfaktoren f\u00fcr das laufende Gesch\u00e4ft wichtig f\u00fcr die Kaufentscheidung eines Investors. Daher sollte eine gelungene Equity Story wesentliche Informationen \u00fcber Branche und <a href=\"https:\/\/www.cometis.de\/de\/services\/investor-relations\/peergroup-analyse\/\">Peergroup<\/a> sowie branchenspezifische Indikatoren wie Rohstoff- und Energiepreise, Wechselkurse oder auch Leitzinsen ber\u00fccksichtigen. Bestehen beispielweise Abh\u00e4ngigkeiten von Kunden oder Zulieferern? Wie stark ist das Gesch\u00e4ft vom \u00d6lpreis abh\u00e4ngig? Oder gibt es politische Restriktionen, die das Wachstum verlangsamen k\u00f6nnten? Eine gelungene Equity Story passt sich dabei immer an die sich wandelnden Rahmenbedingungen an.<\/p>\t\t\t\t\t\t\t\t<\/div>\n\t\t\t\t<\/div>\n\t\t\t\t<\/div>\n\t\t<div class=\"elementor-element elementor-element-aedcb46 e-con-full cmn-content-box-container e-flex e-con e-child\" data-id=\"aedcb46\" data-element_type=\"container\" data-e-type=\"container\">\n\t\t\t\t<div class=\"elementor-element elementor-element-8f56c86 elementor-widget elementor-widget-heading\" data-id=\"8f56c86\" data-element_type=\"widget\" data-e-type=\"widget\" data-widget_type=\"heading.default\">\n\t\t\t\t<div class=\"elementor-widget-container\">\n\t\t\t\t\t<h2 class=\"elementor-heading-title elementor-size-default\">Zentrale Kennzahlen mithilfe der Equity Story kommunizieren<\/h2>\t\t\t\t<\/div>\n\t\t\t\t<\/div>\n\t\t\t\t<div class=\"elementor-element elementor-element-02c55a4 elementor-widget elementor-widget-text-editor\" data-id=\"02c55a4\" data-element_type=\"widget\" data-e-type=\"widget\" data-widget_type=\"text-editor.default\">\n\t\t\t\t<div class=\"elementor-widget-container\">\n\t\t\t\t\t\t\t\t\t<p>Wer mit seiner Equity Story \u00fcberzeugen will, der muss immer auch das Investmentkalk\u00fcl seiner Investoren ber\u00fccksichtigen. F\u00fcr viele Investoren liegt die Wahrheit in den Zahlen. Daher geh\u00f6ren jene Kennzahlen in jede gut strukturierte Equity Story, die f\u00fcr das Verst\u00e4ndnis des eigenen Gesch\u00e4fts relevant sind. Dazu z\u00e4hlen i.d.R. der Umsatz, das operative Ergebnis, die erzielten Margen, Wachstumsraten sowie ein Ausblick auf das zuk\u00fcnftige Gesch\u00e4ft. Sie haben die M\u00f6glichkeit unser Kennzahlenbuch \u201e<a href=\"https:\/\/cometis-publishing.de\/shop\/100-finanzkennzahlen\/\"><strong>100 Finanzkennzahlen<\/strong><\/a>\u201c zu bestellen, um Ihr fundiertes Wissen zu erweitern!<\/p>\t\t\t\t\t\t\t\t<\/div>\n\t\t\t\t<\/div>\n\t\t\t\t<\/div>\n\t\t<div class=\"elementor-element elementor-element-f46750f e-con-full cmn-content-box-container e-flex e-con e-child\" data-id=\"f46750f\" data-element_type=\"container\" data-e-type=\"container\">\n\t\t\t\t<div class=\"elementor-element elementor-element-6714df2 elementor-widget elementor-widget-heading\" data-id=\"6714df2\" data-element_type=\"widget\" data-e-type=\"widget\" data-widget_type=\"heading.default\">\n\t\t\t\t<div class=\"elementor-widget-container\">\n\t\t\t\t\t<h2 class=\"elementor-heading-title elementor-size-default\">In Ihrer Equity Story herausragende Managementleistungen in den Fokus stellen<\/h2>\t\t\t\t<\/div>\n\t\t\t\t<\/div>\n\t\t\t\t<div class=\"elementor-element elementor-element-3d7aeb5 elementor-widget elementor-widget-text-editor\" data-id=\"3d7aeb5\" data-element_type=\"widget\" data-e-type=\"widget\" data-widget_type=\"text-editor.default\">\n\t\t\t\t<div class=\"elementor-widget-container\">\n\t\t\t\t\t\t\t\t\t<p>Abgerundet wird die Equity Story mit einer pr\u00e4gnanten Darstellung des Managements. Hier gilt es herauszuarbeiten, warum das aktuelle Management genau das richtige f\u00fcr das Unternehmen ist. Dies gilt es mit aussagekr\u00e4ftigen Beispielen der j\u00fcngeren Unternehmensgeschichte zu belegen. Als Beispiele k\u00f6nnen herausragende Managementleistungen oder der erfolgreiche Track Record genannt werden.<\/p>\t\t\t\t\t\t\t\t<\/div>\n\t\t\t\t<\/div>\n\t\t\t\t<\/div>\n\t\t\t\t<\/div>\n\t\t\t\t<\/div>\n\t\t\t\t\t<\/div>\n\t\t\t\t<\/div>\n\t\t\t\t<\/div>\n\t\t","protected":false},"excerpt":{"rendered":"<p>Eine Equity Story macht Ihr Unternehmen greifbar K\u00f6nnen Sie einem interessierten Investor kurz und pr\u00e4gnant erkl\u00e4ren, warum er zum jetzigen Zeitpunkt Ihre Aktie kaufen sollte? Mit einer \u00fcberzeugenden Equity Story haben Sie auf diese Frage schnell die passenden Argumente parat. Die Equity Story tr\u00e4gt ma\u00dfgeblich dazu bei, potentielle Investoren f\u00fcr Ihre Aktie zu gewinnen. Wenn [&hellip;]<\/p>\n","protected":false},"author":1,"featured_media":0,"parent":2175,"menu_order":0,"comment_status":"closed","ping_status":"open","template":"","meta":{"_acf_changed":false,"footnotes":""},"class_list":["post-5261","page","type-page","status-publish","hentry"],"acf":[],"yoast_head":"<!-- This site is optimized with the Yoast SEO Premium plugin v26.2 (Yoast SEO v27.4) - https:\/\/yoast.com\/product\/yoast-seo-premium-wordpress\/ -->\n<title>Equity Story \u2013 wir machen Ihr Unternehmen greifbar | cometis AG<\/title>\n<meta name=\"description\" content=\"Die cometis AG ist Ihr Spezialist f\u00fcr die Erstellung einer \u00fcberzeugenden Equity Story. Diese ist essentiell f\u00fcr den Erfolg am Kapitalmarkt.\" \/>\n<meta name=\"robots\" content=\"index, follow, max-snippet:-1, max-image-preview:large, max-video-preview:-1\" \/>\n<link rel=\"canonical\" href=\"https:\/\/www.cometis.de\/de\/services\/investor-relations\/equity-story\/\" \/>\n<meta property=\"og:locale\" content=\"de_DE\" \/>\n<meta property=\"og:type\" content=\"article\" \/>\n<meta property=\"og:title\" content=\"Equity Story\" \/>\n<meta property=\"og:description\" content=\"Die cometis AG ist Ihr Spezialist f\u00fcr die Erstellung einer \u00fcberzeugenden Equity Story. Diese ist essentiell f\u00fcr den Erfolg am Kapitalmarkt.\" \/>\n<meta property=\"og:url\" content=\"https:\/\/www.cometis.de\/de\/services\/investor-relations\/equity-story\/\" \/>\n<meta property=\"og:site_name\" content=\"cometis AG\" \/>\n<meta property=\"article:modified_time\" content=\"2025-02-18T05:43:51+00:00\" \/>\n<meta property=\"og:image\" content=\"https:\/\/www.cometis.de\/wp-content\/uploads\/2024\/12-old\/Cometis-Mobile-Logo-1.png\" \/>\n\t<meta property=\"og:image:width\" content=\"171\" \/>\n\t<meta property=\"og:image:height\" content=\"31\" \/>\n\t<meta property=\"og:image:type\" content=\"image\/png\" \/>\n<meta name=\"twitter:card\" content=\"summary_large_image\" \/>\n<meta name=\"twitter:label1\" content=\"Gesch\u00e4tzte Lesezeit\" \/>\n\t<meta name=\"twitter:data1\" content=\"3\u00a0Minuten\" \/>\n<script type=\"application\/ld+json\" class=\"yoast-schema-graph\">{\"@context\":\"https:\\\/\\\/schema.org\",\"@graph\":[{\"@type\":\"WebPage\",\"@id\":\"https:\\\/\\\/www.cometis.de\\\/de\\\/services\\\/investor-relations\\\/equity-story\\\/\",\"url\":\"https:\\\/\\\/www.cometis.de\\\/de\\\/services\\\/investor-relations\\\/equity-story\\\/\",\"name\":\"Equity Story \u2013 wir machen Ihr Unternehmen greifbar | cometis AG\",\"isPartOf\":{\"@id\":\"https:\\\/\\\/www.cometis.de\\\/de\\\/#website\"},\"datePublished\":\"2025-01-24T06:14:07+00:00\",\"dateModified\":\"2025-02-18T05:43:51+00:00\",\"description\":\"Die cometis AG ist Ihr Spezialist f\u00fcr die Erstellung einer \u00fcberzeugenden Equity Story. Diese ist essentiell f\u00fcr den Erfolg am Kapitalmarkt.\",\"breadcrumb\":{\"@id\":\"https:\\\/\\\/www.cometis.de\\\/de\\\/services\\\/investor-relations\\\/equity-story\\\/#breadcrumb\"},\"inLanguage\":\"de\",\"potentialAction\":[{\"@type\":\"ReadAction\",\"target\":[\"https:\\\/\\\/www.cometis.de\\\/de\\\/services\\\/investor-relations\\\/equity-story\\\/\"]}]},{\"@type\":\"BreadcrumbList\",\"@id\":\"https:\\\/\\\/www.cometis.de\\\/de\\\/services\\\/investor-relations\\\/equity-story\\\/#breadcrumb\",\"itemListElement\":[{\"@type\":\"ListItem\",\"position\":1,\"name\":\"Home\",\"item\":\"https:\\\/\\\/www.cometis.de\\\/de\\\/\"},{\"@type\":\"ListItem\",\"position\":2,\"name\":\"Services\",\"item\":\"https:\\\/\\\/www.cometis.de\\\/de\\\/services\\\/\"},{\"@type\":\"ListItem\",\"position\":3,\"name\":\"Investor Relations\",\"item\":\"https:\\\/\\\/www.cometis.de\\\/de\\\/services\\\/investor-relations\\\/\"},{\"@type\":\"ListItem\",\"position\":4,\"name\":\"Equity Story\"}]},{\"@type\":\"WebSite\",\"@id\":\"https:\\\/\\\/www.cometis.de\\\/de\\\/#website\",\"url\":\"https:\\\/\\\/www.cometis.de\\\/de\\\/\",\"name\":\"cometis AG\",\"description\":\"Deutschlands f\u00fchrende Investor Relations Agentur\",\"publisher\":{\"@id\":\"https:\\\/\\\/www.cometis.de\\\/de\\\/#organization\"},\"potentialAction\":[{\"@type\":\"SearchAction\",\"target\":{\"@type\":\"EntryPoint\",\"urlTemplate\":\"https:\\\/\\\/www.cometis.de\\\/de\\\/?s={search_term_string}\"},\"query-input\":{\"@type\":\"PropertyValueSpecification\",\"valueRequired\":true,\"valueName\":\"search_term_string\"}}],\"inLanguage\":\"de\"},{\"@type\":\"Organization\",\"@id\":\"https:\\\/\\\/www.cometis.de\\\/de\\\/#organization\",\"name\":\"cometis AG\",\"alternateName\":\"Deutschlands f\u00fchrende Investor Relations Agentur\",\"url\":\"https:\\\/\\\/www.cometis.de\\\/de\\\/\",\"logo\":{\"@type\":\"ImageObject\",\"inLanguage\":\"de\",\"@id\":\"https:\\\/\\\/www.cometis.de\\\/de\\\/#\\\/schema\\\/logo\\\/image\\\/\",\"url\":\"https:\\\/\\\/www.cometis.de\\\/wp-content\\\/uploads\\\/2024\\\/12-old\\\/Cometis-Mobile-Logo-1.png\",\"contentUrl\":\"https:\\\/\\\/www.cometis.de\\\/wp-content\\\/uploads\\\/2024\\\/12-old\\\/Cometis-Mobile-Logo-1.png\",\"width\":171,\"height\":31,\"caption\":\"cometis AG\"},\"image\":{\"@id\":\"https:\\\/\\\/www.cometis.de\\\/de\\\/#\\\/schema\\\/logo\\\/image\\\/\"},\"sameAs\":[\"https:\\\/\\\/www.linkedin.com\\\/company\\\/cometis-ag\\\/\",\"https:\\\/\\\/www.youtube.com\\\/user\\\/cometisAG\"]}]}<\/script>\n<!-- \/ Yoast SEO Premium plugin. -->","yoast_head_json":{"title":"Equity Story \u2013 wir machen Ihr Unternehmen greifbar | cometis AG","description":"Die cometis AG ist Ihr Spezialist f\u00fcr die Erstellung einer \u00fcberzeugenden Equity Story. Diese ist essentiell f\u00fcr den Erfolg am Kapitalmarkt.","robots":{"index":"index","follow":"follow","max-snippet":"max-snippet:-1","max-image-preview":"max-image-preview:large","max-video-preview":"max-video-preview:-1"},"canonical":"https:\/\/www.cometis.de\/de\/services\/investor-relations\/equity-story\/","og_locale":"de_DE","og_type":"article","og_title":"Equity Story","og_description":"Die cometis AG ist Ihr Spezialist f\u00fcr die Erstellung einer \u00fcberzeugenden Equity Story. Diese ist essentiell f\u00fcr den Erfolg am Kapitalmarkt.","og_url":"https:\/\/www.cometis.de\/de\/services\/investor-relations\/equity-story\/","og_site_name":"cometis AG","article_modified_time":"2025-02-18T05:43:51+00:00","og_image":[{"width":171,"height":31,"url":"https:\/\/www.cometis.de\/wp-content\/uploads\/2024\/12-old\/Cometis-Mobile-Logo-1.png","type":"image\/png"}],"twitter_card":"summary_large_image","twitter_misc":{"Gesch\u00e4tzte Lesezeit":"3\u00a0Minuten"},"schema":{"@context":"https:\/\/schema.org","@graph":[{"@type":"WebPage","@id":"https:\/\/www.cometis.de\/de\/services\/investor-relations\/equity-story\/","url":"https:\/\/www.cometis.de\/de\/services\/investor-relations\/equity-story\/","name":"Equity Story \u2013 wir machen Ihr Unternehmen greifbar | cometis AG","isPartOf":{"@id":"https:\/\/www.cometis.de\/de\/#website"},"datePublished":"2025-01-24T06:14:07+00:00","dateModified":"2025-02-18T05:43:51+00:00","description":"Die cometis AG ist Ihr Spezialist f\u00fcr die Erstellung einer \u00fcberzeugenden Equity Story. Diese ist essentiell f\u00fcr den Erfolg am Kapitalmarkt.","breadcrumb":{"@id":"https:\/\/www.cometis.de\/de\/services\/investor-relations\/equity-story\/#breadcrumb"},"inLanguage":"de","potentialAction":[{"@type":"ReadAction","target":["https:\/\/www.cometis.de\/de\/services\/investor-relations\/equity-story\/"]}]},{"@type":"BreadcrumbList","@id":"https:\/\/www.cometis.de\/de\/services\/investor-relations\/equity-story\/#breadcrumb","itemListElement":[{"@type":"ListItem","position":1,"name":"Home","item":"https:\/\/www.cometis.de\/de\/"},{"@type":"ListItem","position":2,"name":"Services","item":"https:\/\/www.cometis.de\/de\/services\/"},{"@type":"ListItem","position":3,"name":"Investor Relations","item":"https:\/\/www.cometis.de\/de\/services\/investor-relations\/"},{"@type":"ListItem","position":4,"name":"Equity Story"}]},{"@type":"WebSite","@id":"https:\/\/www.cometis.de\/de\/#website","url":"https:\/\/www.cometis.de\/de\/","name":"cometis AG","description":"Deutschlands f\u00fchrende Investor Relations Agentur","publisher":{"@id":"https:\/\/www.cometis.de\/de\/#organization"},"potentialAction":[{"@type":"SearchAction","target":{"@type":"EntryPoint","urlTemplate":"https:\/\/www.cometis.de\/de\/?s={search_term_string}"},"query-input":{"@type":"PropertyValueSpecification","valueRequired":true,"valueName":"search_term_string"}}],"inLanguage":"de"},{"@type":"Organization","@id":"https:\/\/www.cometis.de\/de\/#organization","name":"cometis AG","alternateName":"Deutschlands f\u00fchrende Investor Relations Agentur","url":"https:\/\/www.cometis.de\/de\/","logo":{"@type":"ImageObject","inLanguage":"de","@id":"https:\/\/www.cometis.de\/de\/#\/schema\/logo\/image\/","url":"https:\/\/www.cometis.de\/wp-content\/uploads\/2024\/12-old\/Cometis-Mobile-Logo-1.png","contentUrl":"https:\/\/www.cometis.de\/wp-content\/uploads\/2024\/12-old\/Cometis-Mobile-Logo-1.png","width":171,"height":31,"caption":"cometis AG"},"image":{"@id":"https:\/\/www.cometis.de\/de\/#\/schema\/logo\/image\/"},"sameAs":["https:\/\/www.linkedin.com\/company\/cometis-ag\/","https:\/\/www.youtube.com\/user\/cometisAG"]}]}},"_links":{"self":[{"href":"https:\/\/www.cometis.de\/de\/wp-json\/wp\/v2\/pages\/5261","targetHints":{"allow":["GET"]}}],"collection":[{"href":"https:\/\/www.cometis.de\/de\/wp-json\/wp\/v2\/pages"}],"about":[{"href":"https:\/\/www.cometis.de\/de\/wp-json\/wp\/v2\/types\/page"}],"author":[{"embeddable":true,"href":"https:\/\/www.cometis.de\/de\/wp-json\/wp\/v2\/users\/1"}],"replies":[{"embeddable":true,"href":"https:\/\/www.cometis.de\/de\/wp-json\/wp\/v2\/comments?post=5261"}],"version-history":[{"count":3,"href":"https:\/\/www.cometis.de\/de\/wp-json\/wp\/v2\/pages\/5261\/revisions"}],"predecessor-version":[{"id":107440,"href":"https:\/\/www.cometis.de\/de\/wp-json\/wp\/v2\/pages\/5261\/revisions\/107440"}],"up":[{"embeddable":true,"href":"https:\/\/www.cometis.de\/de\/wp-json\/wp\/v2\/pages\/2175"}],"wp:attachment":[{"href":"https:\/\/www.cometis.de\/de\/wp-json\/wp\/v2\/media?parent=5261"}],"curies":[{"name":"wp","href":"https:\/\/api.w.org\/{rel}","templated":true}]}}