{"id":5291,"date":"2025-01-24T07:30:00","date_gmt":"2025-01-24T06:30:00","guid":{"rendered":"https:\/\/cometis.de\/?page_id=5291"},"modified":"2025-02-18T06:45:09","modified_gmt":"2025-02-18T05:45:09","slug":"guidance","status":"publish","type":"page","link":"https:\/\/www.cometis.de\/de\/services\/investor-relations\/geschaeftsbericht\/guidance\/","title":{"rendered":"Guidance &amp; Reporting"},"content":{"rendered":"\t\t<div data-elementor-type=\"wp-page\" data-elementor-id=\"5291\" class=\"elementor elementor-5291\" data-elementor-post-type=\"page\">\n\t\t\t\t<div class=\"elementor-element elementor-element-57a3182 e-flex e-con-boxed e-con e-parent\" data-id=\"57a3182\" data-element_type=\"container\" data-e-type=\"container\">\n\t\t\t\t\t<div class=\"e-con-inner\">\n\t\t\t\t<div class=\"elementor-element elementor-element-661ff1c elementor-widget elementor-widget-template\" data-id=\"661ff1c\" data-element_type=\"widget\" data-e-type=\"widget\" data-widget_type=\"template.default\">\n\t\t\t\t<div class=\"elementor-widget-container\">\n\t\t\t\t\t\t\t<div class=\"elementor-template\">\n\t\t\t\t\t<div data-elementor-type=\"section\" data-elementor-id=\"766\" class=\"elementor elementor-766\" data-elementor-post-type=\"elementor_library\">\n\t\t\t<div class=\"elementor-element elementor-element-1f34e34 e-flex e-con-boxed e-con e-parent\" data-id=\"1f34e34\" data-element_type=\"container\" data-e-type=\"container\">\n\t\t\t\t\t<div class=\"e-con-inner\">\n\t\t<div class=\"elementor-element elementor-element-e68c844 e-con-full e-flex e-con e-child\" data-id=\"e68c844\" data-element_type=\"container\" data-e-type=\"container\" data-settings=\"{&quot;background_background&quot;:&quot;classic&quot;}\">\n\t\t\t\t<\/div>\n\t\t<div class=\"elementor-element elementor-element-b7dac6f e-con-full e-flex e-con e-child\" data-id=\"b7dac6f\" data-element_type=\"container\" data-e-type=\"container\">\n\t\t\t\t<div class=\"elementor-element elementor-element-ce54cc3 elementor-align-left elementor-widget elementor-widget-breadcrumbs\" data-id=\"ce54cc3\" data-element_type=\"widget\" data-e-type=\"widget\" data-widget_type=\"breadcrumbs.default\">\n\t\t\t\t<div class=\"elementor-widget-container\">\n\t\t\t\t\t<div id=\"breadcrumbs\"><span><span><a href=\"https:\/\/www.cometis.de\/de\/\">Home<\/a><\/span><\/span><\/div>\t\t\t\t<\/div>\n\t\t\t\t<\/div>\n\t\t\t\t<\/div>\n\t\t\t\t\t<\/div>\n\t\t\t\t<\/div>\n\t\t\t\t<\/div>\n\t\t\t\t<\/div>\n\t\t\t\t\t\t<\/div>\n\t\t\t\t<\/div>\n\t\t\t\t\t<\/div>\n\t\t\t\t<\/div>\n\t\t<div class=\"elementor-element elementor-element-c410b83 cmn-sidebar-content e-flex e-con-boxed e-con e-parent\" data-id=\"c410b83\" data-element_type=\"container\" data-e-type=\"container\" data-settings=\"{&quot;background_background&quot;:&quot;classic&quot;,&quot;background_motion_fx_motion_fx_scrolling&quot;:&quot;yes&quot;,&quot;background_motion_fx_translateY_effect&quot;:&quot;yes&quot;,&quot;background_motion_fx_translateY_speed&quot;:{&quot;unit&quot;:&quot;px&quot;,&quot;size&quot;:2,&quot;sizes&quot;:[]},&quot;background_motion_fx_translateY_direction&quot;:&quot;negative&quot;,&quot;background_motion_fx_translateY_affectedRange&quot;:{&quot;unit&quot;:&quot;%&quot;,&quot;size&quot;:&quot;&quot;,&quot;sizes&quot;:{&quot;start&quot;:0,&quot;end&quot;:100}},&quot;background_motion_fx_devices&quot;:[&quot;desktop&quot;,&quot;tablet&quot;,&quot;mobile&quot;]}\">\n\t\t\t\t\t<div class=\"e-con-inner\">\n\t\t<div class=\"elementor-element elementor-element-2e79c33 e-con-full cmn-sidebar-content p-100 e-flex e-con e-child\" data-id=\"2e79c33\" data-element_type=\"container\" data-e-type=\"container\">\n\t\t<div class=\"elementor-element elementor-element-e29558d e-con-full cmn-content-box e-flex e-con e-child\" data-id=\"e29558d\" data-element_type=\"container\" data-e-type=\"container\">\n\t\t<div class=\"elementor-element elementor-element-dd69965 e-con-full cmn-content-box-container e-flex e-con e-child\" data-id=\"dd69965\" data-element_type=\"container\" data-e-type=\"container\">\n\t\t\t\t<div class=\"elementor-element elementor-element-67326eb elementor-widget elementor-widget-heading\" data-id=\"67326eb\" data-element_type=\"widget\" data-e-type=\"widget\" data-widget_type=\"heading.default\">\n\t\t\t\t<div class=\"elementor-widget-container\">\n\t\t\t\t\t<h2 class=\"elementor-heading-title elementor-size-default\">Guidance &amp; Reporting: aktives Erwartungsmanagement am Kapitalmarkt<\/h2>\t\t\t\t<\/div>\n\t\t\t\t<\/div>\n\t\t\t\t<div class=\"elementor-element elementor-element-57fff9d elementor-widget elementor-widget-text-editor\" data-id=\"57fff9d\" data-element_type=\"widget\" data-e-type=\"widget\" data-widget_type=\"text-editor.default\">\n\t\t\t\t<div class=\"elementor-widget-container\">\n\t\t\t\t\t\t\t\t\t<p>Eine gute Guidance bietet klare Informationen als Anhaltspunkt zur top- und bottom-line der Gewinn- und Verlustrechnung des Unternehmens. Sie sollte eine Orientierung f\u00fcr Aktion\u00e4re und Marktbeobachter geben, wie sich das Unternehmen die zuk\u00fcnftige Entwicklung vorstellt. So k\u00f6nnen Sie von Unternehmensseite aktiv die Erwartungen des Kapitalmarkts steuern und die Volatilit\u00e4t Ihres Gesch\u00e4ftsmodells kommunikativ begleiten. Innerhalb der Guidance werden die Ergebnisse einer zuk\u00fcnftigen Gesch\u00e4ftsperiode aufgrund des bisherigen Gesch\u00e4ftsverlaufs gesch\u00e4tzt. Hier ist die genaue Kommunikation Ihrer Aussichten entscheidend. Eine klare und verst\u00e4ndliche Prognose Ihrer Unternehmensentwicklung kann nicht nur die Fragen Ihrer Shareholder vorwegnehmen, sondern auch Potenziale Ihres Gesch\u00e4ftsmodells aufzeigen. So betreiben Sie erfolgreiches Erwartungsmanagement am Kapitalmarkt.<\/p>\t\t\t\t\t\t\t\t<\/div>\n\t\t\t\t<\/div>\n\t\t\t\t<div class=\"elementor-element elementor-element-e40b55a cmn-content-box-btn elementor-widget elementor-widget-button\" data-id=\"e40b55a\" data-element_type=\"widget\" data-e-type=\"widget\" data-widget_type=\"button.default\">\n\t\t\t\t<div class=\"elementor-widget-container\">\n\t\t\t\t\t\t\t\t\t<div class=\"elementor-button-wrapper\">\n\t\t\t\t\t<a class=\"elementor-button elementor-button-link elementor-size-sm\" href=\"\/de\/cometis-ag\/referenzen\/investor-relations-referenzen\">\n\t\t\t\t\t\t<span class=\"elementor-button-content-wrapper\">\n\t\t\t\t\t\t<span class=\"elementor-button-icon\">\n\t\t\t\t<svg aria-hidden=\"true\" class=\"e-font-icon-svg e-fas-chevron-right\" viewBox=\"0 0 320 512\" xmlns=\"http:\/\/www.w3.org\/2000\/svg\"><path d=\"M285.476 272.971L91.132 467.314c-9.373 9.373-24.569 9.373-33.941 0l-22.667-22.667c-9.357-9.357-9.375-24.522-.04-33.901L188.505 256 34.484 101.255c-9.335-9.379-9.317-24.544.04-33.901l22.667-22.667c9.373-9.373 24.569-9.373 33.941 0L285.475 239.03c9.373 9.372 9.373 24.568.001 33.941z\"><\/path><\/svg>\t\t\t<\/span>\n\t\t\t\t\t\t\t\t\t<span class=\"elementor-button-text\">Unsere Referenzen<\/span>\n\t\t\t\t\t<\/span>\n\t\t\t\t\t<\/a>\n\t\t\t\t<\/div>\n\t\t\t\t\t\t\t\t<\/div>\n\t\t\t\t<\/div>\n\t\t\t\t<\/div>\n\t\t<div class=\"elementor-element elementor-element-58d6f5d e-con-full cmn-content-box-container e-flex e-con e-child\" data-id=\"58d6f5d\" data-element_type=\"container\" data-e-type=\"container\">\n\t\t\t\t<div class=\"elementor-element elementor-element-6995fba elementor-widget elementor-widget-heading\" data-id=\"6995fba\" data-element_type=\"widget\" data-e-type=\"widget\" data-widget_type=\"heading.default\">\n\t\t\t\t<div class=\"elementor-widget-container\">\n\t\t\t\t\t<h2 class=\"elementor-heading-title elementor-size-default\">Ihre aussagekr\u00e4ftige Guidance mit cometis!<\/h2>\t\t\t\t<\/div>\n\t\t\t\t<\/div>\n\t\t\t\t<div class=\"elementor-element elementor-element-ea00ddb elementor-widget elementor-widget-text-editor\" data-id=\"ea00ddb\" data-element_type=\"widget\" data-e-type=\"widget\" data-widget_type=\"text-editor.default\">\n\t\t\t\t<div class=\"elementor-widget-container\">\n\t\t\t\t\t\t\t\t\t<p>Auf Basis einer umfassenden\u00a0<a title=\"cometis Guidance-Report\" href=\"\/guidance-politik-in-deutschen-indexunternehmen\">Analyse<\/a> der Guidance-Meldungen aller Index-Unternehmen seit 2013 bieten wir Ihnen professionelle Beratung zum Thema Guidance. Als Bestandteil eines professionellen Reportings sorgt die Guidance f\u00fcr eine klar definierte Aussicht, die f\u00fcr Orientierung und f\u00fcr die Nachvollziehbarkeit Ihres Gesch\u00e4ftsmodells sorgt. So kann mit einem pr\u00e4zisen Blick in die Zukunft oftmals vermittelt werden, welcher Antrieb hinter strategischen Entscheidungen steht und welche Effekte dabei eingeplant sind. Damit k\u00f6nnen eventuelle Schwankungen Ihres Gesch\u00e4ftsmodells effektiv erkl\u00e4rt werden und so die Erwartungen beeinflusst werden. Die cometis AG bietet Ihnen langj\u00e4hrige Erfahrung in der Formulierung Ihrer Guidance.<\/p><p>Diese Erfahrung bringen wir ein, um Ihnen eine umfassende Beratung im Bereich Guidance &amp; Reporting zu bieten. Gerne begleiten wir Sie auch bei der Erstellung Ihres <a title=\"Wir unterst\u00fctzen Sie bei der Erstellung Ihres Gesch\u00e4ftsberichts\" href=\"\/investor-relations\/geschaeftsbericht\">Gesch\u00e4ftsberichts<\/a>. Wir freuen uns auf Ihren Anruf!<\/p>\t\t\t\t\t\t\t\t<\/div>\n\t\t\t\t<\/div>\n\t\t\t\t<\/div>\n\t\t\t\t<\/div>\n\t\t\t\t<\/div>\n\t\t\t\t\t<\/div>\n\t\t\t\t<\/div>\n\t\t\t\t<\/div>\n\t\t","protected":false},"excerpt":{"rendered":"<p>Guidance &amp; Reporting: aktives Erwartungsmanagement am Kapitalmarkt Eine gute Guidance bietet klare Informationen als Anhaltspunkt zur top- und bottom-line der Gewinn- und Verlustrechnung des Unternehmens. Sie sollte eine Orientierung f\u00fcr Aktion\u00e4re und Marktbeobachter geben, wie sich das Unternehmen die zuk\u00fcnftige Entwicklung vorstellt. So k\u00f6nnen Sie von Unternehmensseite aktiv die Erwartungen des Kapitalmarkts steuern und die [&hellip;]<\/p>\n","protected":false},"author":1,"featured_media":0,"parent":4176,"menu_order":0,"comment_status":"closed","ping_status":"open","template":"","meta":{"_acf_changed":false,"footnotes":""},"class_list":["post-5291","page","type-page","status-publish","hentry"],"acf":[],"yoast_head":"<!-- This site is optimized with the Yoast SEO Premium plugin v26.2 (Yoast SEO v27.4) - https:\/\/yoast.com\/product\/yoast-seo-premium-wordpress\/ -->\n<title>Ausblick f\u00fcr den Kapitalmarkt mit einer aussagekr\u00e4ftigen Guidance - cometis<\/title>\n<meta name=\"description\" content=\"cometis - wir beraten Sie zum Thema Guidance! Geben Sie Investoren und Martkbeobachtern einen pr\u00e4zisen Einblick in Ihre Unternehmensentwicklung!\" \/>\n<meta name=\"robots\" content=\"index, follow, max-snippet:-1, max-image-preview:large, max-video-preview:-1\" \/>\n<link rel=\"canonical\" href=\"https:\/\/www.cometis.de\/de\/services\/investor-relations\/geschaeftsbericht\/guidance\/\" \/>\n<meta property=\"og:locale\" content=\"de_DE\" \/>\n<meta property=\"og:type\" content=\"article\" \/>\n<meta property=\"og:title\" content=\"Guidance &amp; Reporting\" \/>\n<meta property=\"og:description\" content=\"cometis - wir beraten Sie zum Thema Guidance! Geben Sie Investoren und Martkbeobachtern einen pr\u00e4zisen Einblick in Ihre Unternehmensentwicklung!\" \/>\n<meta property=\"og:url\" content=\"https:\/\/www.cometis.de\/de\/services\/investor-relations\/geschaeftsbericht\/guidance\/\" \/>\n<meta property=\"og:site_name\" content=\"cometis AG\" \/>\n<meta property=\"article:modified_time\" content=\"2025-02-18T05:45:09+00:00\" \/>\n<meta property=\"og:image\" content=\"https:\/\/www.cometis.de\/wp-content\/uploads\/2024\/12-old\/Cometis-Mobile-Logo-1.png\" \/>\n\t<meta property=\"og:image:width\" content=\"171\" \/>\n\t<meta property=\"og:image:height\" content=\"31\" \/>\n\t<meta property=\"og:image:type\" content=\"image\/png\" \/>\n<meta name=\"twitter:card\" content=\"summary_large_image\" \/>\n<meta name=\"twitter:label1\" content=\"Gesch\u00e4tzte Lesezeit\" \/>\n\t<meta name=\"twitter:data1\" content=\"2\u00a0Minuten\" \/>\n<script type=\"application\/ld+json\" class=\"yoast-schema-graph\">{\"@context\":\"https:\\\/\\\/schema.org\",\"@graph\":[{\"@type\":\"WebPage\",\"@id\":\"https:\\\/\\\/www.cometis.de\\\/de\\\/services\\\/investor-relations\\\/geschaeftsbericht\\\/guidance\\\/\",\"url\":\"https:\\\/\\\/www.cometis.de\\\/de\\\/services\\\/investor-relations\\\/geschaeftsbericht\\\/guidance\\\/\",\"name\":\"Ausblick f\u00fcr den Kapitalmarkt mit einer aussagekr\u00e4ftigen Guidance - cometis\",\"isPartOf\":{\"@id\":\"https:\\\/\\\/www.cometis.de\\\/de\\\/#website\"},\"datePublished\":\"2025-01-24T06:30:00+00:00\",\"dateModified\":\"2025-02-18T05:45:09+00:00\",\"description\":\"cometis - wir beraten Sie zum Thema Guidance! Geben Sie Investoren und Martkbeobachtern einen pr\u00e4zisen Einblick in Ihre Unternehmensentwicklung!\",\"breadcrumb\":{\"@id\":\"https:\\\/\\\/www.cometis.de\\\/de\\\/services\\\/investor-relations\\\/geschaeftsbericht\\\/guidance\\\/#breadcrumb\"},\"inLanguage\":\"de\",\"potentialAction\":[{\"@type\":\"ReadAction\",\"target\":[\"https:\\\/\\\/www.cometis.de\\\/de\\\/services\\\/investor-relations\\\/geschaeftsbericht\\\/guidance\\\/\"]}]},{\"@type\":\"BreadcrumbList\",\"@id\":\"https:\\\/\\\/www.cometis.de\\\/de\\\/services\\\/investor-relations\\\/geschaeftsbericht\\\/guidance\\\/#breadcrumb\",\"itemListElement\":[{\"@type\":\"ListItem\",\"position\":1,\"name\":\"Home\",\"item\":\"https:\\\/\\\/www.cometis.de\\\/de\\\/\"},{\"@type\":\"ListItem\",\"position\":2,\"name\":\"Services\",\"item\":\"https:\\\/\\\/www.cometis.de\\\/de\\\/services\\\/\"},{\"@type\":\"ListItem\",\"position\":3,\"name\":\"Investor Relations\",\"item\":\"https:\\\/\\\/www.cometis.de\\\/de\\\/services\\\/investor-relations\\\/\"},{\"@type\":\"ListItem\",\"position\":4,\"name\":\"Gesch\u00e4ftsbericht\",\"item\":\"https:\\\/\\\/www.cometis.de\\\/de\\\/services\\\/investor-relations\\\/geschaeftsbericht\\\/\"},{\"@type\":\"ListItem\",\"position\":5,\"name\":\"Guidance &amp; Reporting\"}]},{\"@type\":\"WebSite\",\"@id\":\"https:\\\/\\\/www.cometis.de\\\/de\\\/#website\",\"url\":\"https:\\\/\\\/www.cometis.de\\\/de\\\/\",\"name\":\"cometis AG\",\"description\":\"Deutschlands f\u00fchrende Investor Relations Agentur\",\"publisher\":{\"@id\":\"https:\\\/\\\/www.cometis.de\\\/de\\\/#organization\"},\"potentialAction\":[{\"@type\":\"SearchAction\",\"target\":{\"@type\":\"EntryPoint\",\"urlTemplate\":\"https:\\\/\\\/www.cometis.de\\\/de\\\/?s={search_term_string}\"},\"query-input\":{\"@type\":\"PropertyValueSpecification\",\"valueRequired\":true,\"valueName\":\"search_term_string\"}}],\"inLanguage\":\"de\"},{\"@type\":\"Organization\",\"@id\":\"https:\\\/\\\/www.cometis.de\\\/de\\\/#organization\",\"name\":\"cometis AG\",\"alternateName\":\"Deutschlands f\u00fchrende Investor Relations Agentur\",\"url\":\"https:\\\/\\\/www.cometis.de\\\/de\\\/\",\"logo\":{\"@type\":\"ImageObject\",\"inLanguage\":\"de\",\"@id\":\"https:\\\/\\\/www.cometis.de\\\/de\\\/#\\\/schema\\\/logo\\\/image\\\/\",\"url\":\"https:\\\/\\\/www.cometis.de\\\/wp-content\\\/uploads\\\/2024\\\/12-old\\\/Cometis-Mobile-Logo-1.png\",\"contentUrl\":\"https:\\\/\\\/www.cometis.de\\\/wp-content\\\/uploads\\\/2024\\\/12-old\\\/Cometis-Mobile-Logo-1.png\",\"width\":171,\"height\":31,\"caption\":\"cometis AG\"},\"image\":{\"@id\":\"https:\\\/\\\/www.cometis.de\\\/de\\\/#\\\/schema\\\/logo\\\/image\\\/\"},\"sameAs\":[\"https:\\\/\\\/www.linkedin.com\\\/company\\\/cometis-ag\\\/\",\"https:\\\/\\\/www.youtube.com\\\/user\\\/cometisAG\"]}]}<\/script>\n<!-- \/ Yoast SEO Premium plugin. -->","yoast_head_json":{"title":"Ausblick f\u00fcr den Kapitalmarkt mit einer aussagekr\u00e4ftigen Guidance - cometis","description":"cometis - wir beraten Sie zum Thema Guidance! Geben Sie Investoren und Martkbeobachtern einen pr\u00e4zisen Einblick in Ihre Unternehmensentwicklung!","robots":{"index":"index","follow":"follow","max-snippet":"max-snippet:-1","max-image-preview":"max-image-preview:large","max-video-preview":"max-video-preview:-1"},"canonical":"https:\/\/www.cometis.de\/de\/services\/investor-relations\/geschaeftsbericht\/guidance\/","og_locale":"de_DE","og_type":"article","og_title":"Guidance &amp; Reporting","og_description":"cometis - wir beraten Sie zum Thema Guidance! Geben Sie Investoren und Martkbeobachtern einen pr\u00e4zisen Einblick in Ihre Unternehmensentwicklung!","og_url":"https:\/\/www.cometis.de\/de\/services\/investor-relations\/geschaeftsbericht\/guidance\/","og_site_name":"cometis AG","article_modified_time":"2025-02-18T05:45:09+00:00","og_image":[{"width":171,"height":31,"url":"https:\/\/www.cometis.de\/wp-content\/uploads\/2024\/12-old\/Cometis-Mobile-Logo-1.png","type":"image\/png"}],"twitter_card":"summary_large_image","twitter_misc":{"Gesch\u00e4tzte Lesezeit":"2\u00a0Minuten"},"schema":{"@context":"https:\/\/schema.org","@graph":[{"@type":"WebPage","@id":"https:\/\/www.cometis.de\/de\/services\/investor-relations\/geschaeftsbericht\/guidance\/","url":"https:\/\/www.cometis.de\/de\/services\/investor-relations\/geschaeftsbericht\/guidance\/","name":"Ausblick f\u00fcr den Kapitalmarkt mit einer aussagekr\u00e4ftigen Guidance - cometis","isPartOf":{"@id":"https:\/\/www.cometis.de\/de\/#website"},"datePublished":"2025-01-24T06:30:00+00:00","dateModified":"2025-02-18T05:45:09+00:00","description":"cometis - wir beraten Sie zum Thema Guidance! Geben Sie Investoren und Martkbeobachtern einen pr\u00e4zisen Einblick in Ihre Unternehmensentwicklung!","breadcrumb":{"@id":"https:\/\/www.cometis.de\/de\/services\/investor-relations\/geschaeftsbericht\/guidance\/#breadcrumb"},"inLanguage":"de","potentialAction":[{"@type":"ReadAction","target":["https:\/\/www.cometis.de\/de\/services\/investor-relations\/geschaeftsbericht\/guidance\/"]}]},{"@type":"BreadcrumbList","@id":"https:\/\/www.cometis.de\/de\/services\/investor-relations\/geschaeftsbericht\/guidance\/#breadcrumb","itemListElement":[{"@type":"ListItem","position":1,"name":"Home","item":"https:\/\/www.cometis.de\/de\/"},{"@type":"ListItem","position":2,"name":"Services","item":"https:\/\/www.cometis.de\/de\/services\/"},{"@type":"ListItem","position":3,"name":"Investor Relations","item":"https:\/\/www.cometis.de\/de\/services\/investor-relations\/"},{"@type":"ListItem","position":4,"name":"Gesch\u00e4ftsbericht","item":"https:\/\/www.cometis.de\/de\/services\/investor-relations\/geschaeftsbericht\/"},{"@type":"ListItem","position":5,"name":"Guidance &amp; Reporting"}]},{"@type":"WebSite","@id":"https:\/\/www.cometis.de\/de\/#website","url":"https:\/\/www.cometis.de\/de\/","name":"cometis AG","description":"Deutschlands f\u00fchrende Investor Relations Agentur","publisher":{"@id":"https:\/\/www.cometis.de\/de\/#organization"},"potentialAction":[{"@type":"SearchAction","target":{"@type":"EntryPoint","urlTemplate":"https:\/\/www.cometis.de\/de\/?s={search_term_string}"},"query-input":{"@type":"PropertyValueSpecification","valueRequired":true,"valueName":"search_term_string"}}],"inLanguage":"de"},{"@type":"Organization","@id":"https:\/\/www.cometis.de\/de\/#organization","name":"cometis AG","alternateName":"Deutschlands f\u00fchrende Investor Relations Agentur","url":"https:\/\/www.cometis.de\/de\/","logo":{"@type":"ImageObject","inLanguage":"de","@id":"https:\/\/www.cometis.de\/de\/#\/schema\/logo\/image\/","url":"https:\/\/www.cometis.de\/wp-content\/uploads\/2024\/12-old\/Cometis-Mobile-Logo-1.png","contentUrl":"https:\/\/www.cometis.de\/wp-content\/uploads\/2024\/12-old\/Cometis-Mobile-Logo-1.png","width":171,"height":31,"caption":"cometis AG"},"image":{"@id":"https:\/\/www.cometis.de\/de\/#\/schema\/logo\/image\/"},"sameAs":["https:\/\/www.linkedin.com\/company\/cometis-ag\/","https:\/\/www.youtube.com\/user\/cometisAG"]}]}},"_links":{"self":[{"href":"https:\/\/www.cometis.de\/de\/wp-json\/wp\/v2\/pages\/5291","targetHints":{"allow":["GET"]}}],"collection":[{"href":"https:\/\/www.cometis.de\/de\/wp-json\/wp\/v2\/pages"}],"about":[{"href":"https:\/\/www.cometis.de\/de\/wp-json\/wp\/v2\/types\/page"}],"author":[{"embeddable":true,"href":"https:\/\/www.cometis.de\/de\/wp-json\/wp\/v2\/users\/1"}],"replies":[{"embeddable":true,"href":"https:\/\/www.cometis.de\/de\/wp-json\/wp\/v2\/comments?post=5291"}],"version-history":[{"count":3,"href":"https:\/\/www.cometis.de\/de\/wp-json\/wp\/v2\/pages\/5291\/revisions"}],"predecessor-version":[{"id":107452,"href":"https:\/\/www.cometis.de\/de\/wp-json\/wp\/v2\/pages\/5291\/revisions\/107452"}],"up":[{"embeddable":true,"href":"https:\/\/www.cometis.de\/de\/wp-json\/wp\/v2\/pages\/4176"}],"wp:attachment":[{"href":"https:\/\/www.cometis.de\/de\/wp-json\/wp\/v2\/media?parent=5291"}],"curies":[{"name":"wp","href":"https:\/\/api.w.org\/{rel}","templated":true}]}}