{"id":5306,"date":"2025-01-24T07:40:04","date_gmt":"2025-01-24T06:40:04","guid":{"rendered":"https:\/\/cometis.de\/?page_id=5306"},"modified":"2025-02-18T06:48:42","modified_gmt":"2025-02-18T05:48:42","slug":"peergroup-analyse","status":"publish","type":"page","link":"https:\/\/www.cometis.de\/de\/services\/investor-relations\/peergroup-analyse\/","title":{"rendered":"Peergroup-Analyse"},"content":{"rendered":"\t\t<div data-elementor-type=\"wp-page\" data-elementor-id=\"5306\" class=\"elementor elementor-5306\" data-elementor-post-type=\"page\">\n\t\t\t\t<div class=\"elementor-element elementor-element-155c0f4 e-flex e-con-boxed e-con e-parent\" data-id=\"155c0f4\" data-element_type=\"container\" data-e-type=\"container\">\n\t\t\t\t\t<div class=\"e-con-inner\">\n\t\t\t\t<div class=\"elementor-element elementor-element-c168029 elementor-widget elementor-widget-template\" data-id=\"c168029\" data-element_type=\"widget\" data-e-type=\"widget\" data-widget_type=\"template.default\">\n\t\t\t\t<div class=\"elementor-widget-container\">\n\t\t\t\t\t\t\t<div class=\"elementor-template\">\n\t\t\t\t\t<div data-elementor-type=\"section\" data-elementor-id=\"766\" class=\"elementor elementor-766\" data-elementor-post-type=\"elementor_library\">\n\t\t\t<div class=\"elementor-element elementor-element-1f34e34 e-flex e-con-boxed e-con e-parent\" data-id=\"1f34e34\" data-element_type=\"container\" data-e-type=\"container\">\n\t\t\t\t\t<div class=\"e-con-inner\">\n\t\t<div class=\"elementor-element elementor-element-e68c844 e-con-full e-flex e-con e-child\" data-id=\"e68c844\" data-element_type=\"container\" data-e-type=\"container\" data-settings=\"{&quot;background_background&quot;:&quot;classic&quot;}\">\n\t\t\t\t<\/div>\n\t\t<div class=\"elementor-element elementor-element-b7dac6f e-con-full e-flex e-con e-child\" data-id=\"b7dac6f\" data-element_type=\"container\" data-e-type=\"container\">\n\t\t\t\t<div class=\"elementor-element elementor-element-ce54cc3 elementor-align-left elementor-widget elementor-widget-breadcrumbs\" data-id=\"ce54cc3\" data-element_type=\"widget\" data-e-type=\"widget\" data-widget_type=\"breadcrumbs.default\">\n\t\t\t\t<div class=\"elementor-widget-container\">\n\t\t\t\t\t<div id=\"breadcrumbs\"><span><span><a href=\"https:\/\/www.cometis.de\/de\/\">Home<\/a><\/span><\/span><\/div>\t\t\t\t<\/div>\n\t\t\t\t<\/div>\n\t\t\t\t<\/div>\n\t\t\t\t\t<\/div>\n\t\t\t\t<\/div>\n\t\t\t\t<\/div>\n\t\t\t\t<\/div>\n\t\t\t\t\t\t<\/div>\n\t\t\t\t<\/div>\n\t\t\t\t\t<\/div>\n\t\t\t\t<\/div>\n\t\t<div class=\"elementor-element elementor-element-fe8bd8c cmn-sidebar-content e-flex e-con-boxed e-con e-parent\" data-id=\"fe8bd8c\" data-element_type=\"container\" data-e-type=\"container\" data-settings=\"{&quot;background_background&quot;:&quot;classic&quot;,&quot;background_motion_fx_motion_fx_scrolling&quot;:&quot;yes&quot;,&quot;background_motion_fx_translateY_effect&quot;:&quot;yes&quot;,&quot;background_motion_fx_translateY_speed&quot;:{&quot;unit&quot;:&quot;px&quot;,&quot;size&quot;:2,&quot;sizes&quot;:[]},&quot;background_motion_fx_translateY_direction&quot;:&quot;negative&quot;,&quot;background_motion_fx_translateY_affectedRange&quot;:{&quot;unit&quot;:&quot;%&quot;,&quot;size&quot;:&quot;&quot;,&quot;sizes&quot;:{&quot;start&quot;:0,&quot;end&quot;:100}},&quot;background_motion_fx_devices&quot;:[&quot;desktop&quot;,&quot;tablet&quot;,&quot;mobile&quot;]}\">\n\t\t\t\t\t<div class=\"e-con-inner\">\n\t\t<div class=\"elementor-element elementor-element-459d6a1 e-con-full cmn-sidebar-content p-100 e-flex e-con e-child\" data-id=\"459d6a1\" data-element_type=\"container\" data-e-type=\"container\">\n\t\t<div class=\"elementor-element elementor-element-e99cd31 e-con-full cmn-content-box e-flex e-con e-child\" data-id=\"e99cd31\" data-element_type=\"container\" data-e-type=\"container\">\n\t\t<div class=\"elementor-element elementor-element-b8284d7 e-con-full cmn-content-box-container e-flex e-con e-child\" data-id=\"b8284d7\" data-element_type=\"container\" data-e-type=\"container\">\n\t\t\t\t<div class=\"elementor-element elementor-element-a24c13e elementor-widget elementor-widget-heading\" data-id=\"a24c13e\" data-element_type=\"widget\" data-e-type=\"widget\" data-widget_type=\"heading.default\">\n\t\t\t\t<div class=\"elementor-widget-container\">\n\t\t\t\t\t<h2 class=\"elementor-heading-title elementor-size-default\">Peergroup-Analyse<\/h2>\t\t\t\t<\/div>\n\t\t\t\t<\/div>\n\t\t\t\t<div class=\"elementor-element elementor-element-f4e7a3d elementor-widget elementor-widget-text-editor\" data-id=\"f4e7a3d\" data-element_type=\"widget\" data-e-type=\"widget\" data-widget_type=\"text-editor.default\">\n\t\t\t\t<div class=\"elementor-widget-container\">\n\t\t\t\t\t\t\t\t\t<p>Sie wollen wissen, wie Analysten und Fondsmanager denken, um die besten b\u00f6rsennotierten Unternehmen zu identifizieren? Oder Sie wollen als IR Manager regelm\u00e4\u00dfig pr\u00fcfen, ob Ihre <a href=\"\/de\/services\/investor-relations\/equity-story\/\">Equity Story<\/a> auch dem Wettbewerbsvergleich standh\u00e4lt? Unsere Peergroup-Analyse liefert Ihnen die Antworten auf diese und weitere Fragen. Sie nennen uns bis zu zehn Vergleichsunternehmen Ihrer Wahl und erhalten in k\u00fcrzester Zeit alle Informationen in einem umfassenden Report.<\/p>\t\t\t\t\t\t\t\t<\/div>\n\t\t\t\t<\/div>\n\t\t\t\t<div class=\"elementor-element elementor-element-14ef2e8 cmn-content-box-btn elementor-widget elementor-widget-button\" data-id=\"14ef2e8\" data-element_type=\"widget\" data-e-type=\"widget\" data-widget_type=\"button.default\">\n\t\t\t\t<div class=\"elementor-widget-container\">\n\t\t\t\t\t\t\t\t\t<div class=\"elementor-button-wrapper\">\n\t\t\t\t\t<a class=\"elementor-button elementor-button-link elementor-size-sm\" href=\"\/de\/cometis-ag\/referenzen\/investor-relations-referenzen\">\n\t\t\t\t\t\t<span class=\"elementor-button-content-wrapper\">\n\t\t\t\t\t\t<span class=\"elementor-button-icon\">\n\t\t\t\t<svg aria-hidden=\"true\" class=\"e-font-icon-svg e-fas-chevron-right\" viewBox=\"0 0 320 512\" xmlns=\"http:\/\/www.w3.org\/2000\/svg\"><path d=\"M285.476 272.971L91.132 467.314c-9.373 9.373-24.569 9.373-33.941 0l-22.667-22.667c-9.357-9.357-9.375-24.522-.04-33.901L188.505 256 34.484 101.255c-9.335-9.379-9.317-24.544.04-33.901l22.667-22.667c9.373-9.373 24.569-9.373 33.941 0L285.475 239.03c9.373 9.372 9.373 24.568.001 33.941z\"><\/path><\/svg>\t\t\t<\/span>\n\t\t\t\t\t\t\t\t\t<span class=\"elementor-button-text\">Unsere Referenzen<\/span>\n\t\t\t\t\t<\/span>\n\t\t\t\t\t<\/a>\n\t\t\t\t<\/div>\n\t\t\t\t\t\t\t\t<\/div>\n\t\t\t\t<\/div>\n\t\t\t\t<\/div>\n\t\t<div class=\"elementor-element elementor-element-7cdc4b3 e-con-full cmn-content-box-container e-flex e-con e-child\" data-id=\"7cdc4b3\" data-element_type=\"container\" data-e-type=\"container\">\n\t\t\t\t<div class=\"elementor-element elementor-element-aa7bb58 elementor-widget elementor-widget-heading\" data-id=\"aa7bb58\" data-element_type=\"widget\" data-e-type=\"widget\" data-widget_type=\"heading.default\">\n\t\t\t\t<div class=\"elementor-widget-container\">\n\t\t\t\t\t<h2 class=\"elementor-heading-title elementor-size-default\">Peergroup-Report zeigt alle wichtigen Informationen auf einen Blick<\/h2>\t\t\t\t<\/div>\n\t\t\t\t<\/div>\n\t\t\t\t<div class=\"elementor-element elementor-element-ce6bc03 elementor-widget elementor-widget-text-editor\" data-id=\"ce6bc03\" data-element_type=\"widget\" data-e-type=\"widget\" data-widget_type=\"text-editor.default\">\n\t\t\t\t<div class=\"elementor-widget-container\">\n\t\t\t\t\t\t\t\t\t<p>Unsere Peergroup-Analyse liefert Ihnen alle relevanten Fundamentaldaten, Informationen zur Aktie und Handelsdaten, Analysteneinsch\u00e4tzungen sowie eine \u00dcbersicht der relevanten Investoren im Sektor. Und das nicht nur f\u00fcr Sie als Emittenten, sondern f\u00fcr alle Unternehmen der Peergroup. Eine kompakte Executive Summary liefert die Antworten, ob Ihr Unternehmen schneller w\u00e4chst oder profitabler ist als Ihre b\u00f6rsennotierten Wettbewerber. Bewertungskennzahlen zeigen auf, ob Ihr Unternehmen im Wettbewerbsvergleich Potenzial hat oder nicht. Als IR Manager erfahren Sie zudem, ob Sie mit den richtigen Investoren sprechen. Und Sie k\u00f6nnen gleichzeitig die Erwartungen der Analysten mit Ihrer Unternehmensprognose abgleichen und entsprechend handeln.<\/p>\t\t\t\t\t\t\t\t<\/div>\n\t\t\t\t<\/div>\n\t\t\t\t<\/div>\n\t\t<div class=\"elementor-element elementor-element-93366de e-con-full cmn-content-box-container e-flex e-con e-child\" data-id=\"93366de\" data-element_type=\"container\" data-e-type=\"container\">\n\t\t\t\t<div class=\"elementor-element elementor-element-58c8e40 elementor-widget elementor-widget-heading\" data-id=\"58c8e40\" data-element_type=\"widget\" data-e-type=\"widget\" data-widget_type=\"heading.default\">\n\t\t\t\t<div class=\"elementor-widget-container\">\n\t\t\t\t\t<h2 class=\"elementor-heading-title elementor-size-default\">Informationsvorsprung durch die Peergroup-Analyse dokumentiert Managementqualit\u00e4t<\/h2>\t\t\t\t<\/div>\n\t\t\t\t<\/div>\n\t\t\t\t<div class=\"elementor-element elementor-element-960ebeb elementor-widget elementor-widget-text-editor\" data-id=\"960ebeb\" data-element_type=\"widget\" data-e-type=\"widget\" data-widget_type=\"text-editor.default\">\n\t\t\t\t<div class=\"elementor-widget-container\">\n\t\t\t\t\t\t\t\t\t<p>Managementqualit\u00e4t ist ein entscheidender Faktor f\u00fcr Investoren. Die M\u00e4rkte, Zahlen und Wettbewerber mitsamt deren Gesch\u00e4ftsmodellen zu kennen und Fragen kompetent zu beantworten, dokumentiert die geforderte Managementqualit\u00e4t. Und die M\u00e4rkte sind dynamisch und ver\u00e4ndern sich. In der Vorbereitung auf Investorengespr\u00e4che, Investorenkonferenzen oder auch Hauptversammlungen ist es wichtig, alle relevanten Informationen zur Hand zu haben. So sind Sie auf die wesentlichen Fragen von Investoren und Analysten vorbereitet und immer auf \u201eBallh\u00f6he\u201c. Und Sie \u00fcberzeugen mit Fakten, nicht mit Behauptungen.<\/p>\t\t\t\t\t\t\t\t<\/div>\n\t\t\t\t<\/div>\n\t\t\t\t<\/div>\n\t\t<div class=\"elementor-element elementor-element-e02c625 e-con-full cmn-content-box-container e-flex e-con e-child\" data-id=\"e02c625\" data-element_type=\"container\" data-e-type=\"container\">\n\t\t\t\t<div class=\"elementor-element elementor-element-d3e5954 elementor-widget elementor-widget-heading\" data-id=\"d3e5954\" data-element_type=\"widget\" data-e-type=\"widget\" data-widget_type=\"heading.default\">\n\t\t\t\t<div class=\"elementor-widget-container\">\n\t\t\t\t\t<h2 class=\"elementor-heading-title elementor-size-default\">Wettbewerber stets im Blick haben durch viertelj\u00e4hrliche Reports<\/h2>\t\t\t\t<\/div>\n\t\t\t\t<\/div>\n\t\t\t\t<div class=\"elementor-element elementor-element-597040d elementor-widget elementor-widget-text-editor\" data-id=\"597040d\" data-element_type=\"widget\" data-e-type=\"widget\" data-widget_type=\"text-editor.default\">\n\t\t\t\t<div class=\"elementor-widget-container\">\n\t\t\t\t\t\t\t\t\t<p>Mit einem quartalsweisen Update haben Sie Ihre Peergroup fest im Blick. Auf diese Weise behalten Sie jederzeit die \u00dcbersicht und sind \u00fcber die neuesten Entwicklungen bei Analysteneinsch\u00e4tzungen im Bilde. Sie erkennen Ver\u00e4nderungen in den Handelsvolumina der Aktien, aber auch in der Aktion\u00e4rsstruktur Ihres Unternehmens oder Ihrer Peergroup. Sie erkennen Hedgefonds oder aktivistische Investoren, die wom\u00f6glich verst\u00e4rktes Interesse an Ihrer Peergroup zeigen \u2013 und sind f\u00fcr \u00dcberraschungsmomente jederzeit gewappnet.<\/p>\t\t\t\t\t\t\t\t<\/div>\n\t\t\t\t<\/div>\n\t\t\t\t<\/div>\n\t\t<div class=\"elementor-element elementor-element-72df858 e-con-full cmn-content-box-container e-flex e-con e-child\" data-id=\"72df858\" data-element_type=\"container\" data-e-type=\"container\">\n\t\t\t\t<div class=\"elementor-element elementor-element-85bd8c4 elementor-widget elementor-widget-heading\" data-id=\"85bd8c4\" data-element_type=\"widget\" data-e-type=\"widget\" data-widget_type=\"heading.default\">\n\t\t\t\t<div class=\"elementor-widget-container\">\n\t\t\t\t\t<h2 class=\"elementor-heading-title elementor-size-default\">Treten Sie mit uns in Kontakt<\/h2>\t\t\t\t<\/div>\n\t\t\t\t<\/div>\n\t\t\t\t<div class=\"elementor-element elementor-element-24946ba elementor-widget elementor-widget-text-editor\" data-id=\"24946ba\" data-element_type=\"widget\" data-e-type=\"widget\" data-widget_type=\"text-editor.default\">\n\t\t\t\t<div class=\"elementor-widget-container\">\n\t\t\t\t\t\t\t\t\t<p>Sie bestimmen bis zu zehn Peergroup-Unternehmen Ihrer Wahl, entscheiden sich f\u00fcr einen frei w\u00e4hlbaren Benchmark-Index und erhalten innerhalb von zwei Wochen unseren umfassenden Peergroup-Report (Umfang ca. 25 Seiten Executive Summary, ca. 60-80 Seiten Anhang mit detaillierten Unternehmensdaten). Die Bezahlung erfolgt unkompliziert mittels Kreditkarte oder Rechnung.<\/p><p>Geben Sie jetzt Ihre Peergroup-Analyse in Auftrag und perfektionieren Sie Ihre <a title=\"Unsere Investor Relations Dienstleistungen\" href=\"\/de\/investor-relations\">IR-Arbeit<\/a>. Wir freuen uns auf Ihren Anruf.<\/p>\t\t\t\t\t\t\t\t<\/div>\n\t\t\t\t<\/div>\n\t\t\t\t<\/div>\n\t\t\t\t<\/div>\n\t\t\t\t<\/div>\n\t\t\t\t\t<\/div>\n\t\t\t\t<\/div>\n\t\t\t\t<\/div>\n\t\t","protected":false},"excerpt":{"rendered":"<p>Peergroup-Analyse Sie wollen wissen, wie Analysten und Fondsmanager denken, um die besten b\u00f6rsennotierten Unternehmen zu identifizieren? Oder Sie wollen als IR Manager regelm\u00e4\u00dfig pr\u00fcfen, ob Ihre Equity Story auch dem Wettbewerbsvergleich standh\u00e4lt? Unsere Peergroup-Analyse liefert Ihnen die Antworten auf diese und weitere Fragen. Sie nennen uns bis zu zehn Vergleichsunternehmen Ihrer Wahl und erhalten in [&hellip;]<\/p>\n","protected":false},"author":1,"featured_media":0,"parent":2175,"menu_order":0,"comment_status":"closed","ping_status":"open","template":"","meta":{"_acf_changed":false,"footnotes":""},"class_list":["post-5306","page","type-page","status-publish","hentry"],"acf":[],"yoast_head":"<!-- This site is optimized with the Yoast SEO Premium plugin v26.2 (Yoast SEO v27.4) - https:\/\/yoast.com\/product\/yoast-seo-premium-wordpress\/ -->\n<title>Peergroup Analyse \u2013 relevante Daten auf einen Blick | cometis AG<\/title>\n<meta name=\"description\" content=\"Der Peergroup-Analyse der cometis AG erm\u00f6glicht den Vergleich mit bis zu zehn Peers und liefert wertvolle Erkenntnisse in Ihre IR-Arbeit.\" \/>\n<meta name=\"robots\" content=\"index, follow, max-snippet:-1, max-image-preview:large, max-video-preview:-1\" \/>\n<link rel=\"canonical\" href=\"https:\/\/www.cometis.de\/de\/services\/investor-relations\/peergroup-analyse\/\" \/>\n<meta property=\"og:locale\" content=\"de_DE\" \/>\n<meta property=\"og:type\" content=\"article\" \/>\n<meta property=\"og:title\" content=\"Peergroup-Analyse\" \/>\n<meta property=\"og:description\" content=\"Der Peergroup-Analyse der cometis AG erm\u00f6glicht den Vergleich mit bis zu zehn Peers und liefert wertvolle Erkenntnisse in Ihre IR-Arbeit.\" \/>\n<meta property=\"og:url\" content=\"https:\/\/www.cometis.de\/de\/services\/investor-relations\/peergroup-analyse\/\" \/>\n<meta property=\"og:site_name\" content=\"cometis AG\" \/>\n<meta property=\"article:modified_time\" content=\"2025-02-18T05:48:42+00:00\" \/>\n<meta property=\"og:image\" content=\"https:\/\/www.cometis.de\/wp-content\/uploads\/2024\/12-old\/Cometis-Mobile-Logo-1.png\" \/>\n\t<meta property=\"og:image:width\" content=\"171\" \/>\n\t<meta property=\"og:image:height\" content=\"31\" \/>\n\t<meta property=\"og:image:type\" content=\"image\/png\" \/>\n<meta name=\"twitter:card\" content=\"summary_large_image\" \/>\n<meta name=\"twitter:label1\" content=\"Gesch\u00e4tzte Lesezeit\" \/>\n\t<meta name=\"twitter:data1\" content=\"3\u00a0Minuten\" \/>\n<script type=\"application\/ld+json\" class=\"yoast-schema-graph\">{\"@context\":\"https:\\\/\\\/schema.org\",\"@graph\":[{\"@type\":\"WebPage\",\"@id\":\"https:\\\/\\\/www.cometis.de\\\/de\\\/services\\\/investor-relations\\\/peergroup-analyse\\\/\",\"url\":\"https:\\\/\\\/www.cometis.de\\\/de\\\/services\\\/investor-relations\\\/peergroup-analyse\\\/\",\"name\":\"Peergroup Analyse \u2013 relevante Daten auf einen Blick | cometis AG\",\"isPartOf\":{\"@id\":\"https:\\\/\\\/www.cometis.de\\\/de\\\/#website\"},\"datePublished\":\"2025-01-24T06:40:04+00:00\",\"dateModified\":\"2025-02-18T05:48:42+00:00\",\"description\":\"Der Peergroup-Analyse der cometis AG erm\u00f6glicht den Vergleich mit bis zu zehn Peers und liefert wertvolle Erkenntnisse in Ihre IR-Arbeit.\",\"breadcrumb\":{\"@id\":\"https:\\\/\\\/www.cometis.de\\\/de\\\/services\\\/investor-relations\\\/peergroup-analyse\\\/#breadcrumb\"},\"inLanguage\":\"de\",\"potentialAction\":[{\"@type\":\"ReadAction\",\"target\":[\"https:\\\/\\\/www.cometis.de\\\/de\\\/services\\\/investor-relations\\\/peergroup-analyse\\\/\"]}]},{\"@type\":\"BreadcrumbList\",\"@id\":\"https:\\\/\\\/www.cometis.de\\\/de\\\/services\\\/investor-relations\\\/peergroup-analyse\\\/#breadcrumb\",\"itemListElement\":[{\"@type\":\"ListItem\",\"position\":1,\"name\":\"Home\",\"item\":\"https:\\\/\\\/www.cometis.de\\\/de\\\/\"},{\"@type\":\"ListItem\",\"position\":2,\"name\":\"Services\",\"item\":\"https:\\\/\\\/www.cometis.de\\\/de\\\/services\\\/\"},{\"@type\":\"ListItem\",\"position\":3,\"name\":\"Investor Relations\",\"item\":\"https:\\\/\\\/www.cometis.de\\\/de\\\/services\\\/investor-relations\\\/\"},{\"@type\":\"ListItem\",\"position\":4,\"name\":\"Peergroup-Analyse\"}]},{\"@type\":\"WebSite\",\"@id\":\"https:\\\/\\\/www.cometis.de\\\/de\\\/#website\",\"url\":\"https:\\\/\\\/www.cometis.de\\\/de\\\/\",\"name\":\"cometis AG\",\"description\":\"Deutschlands f\u00fchrende Investor Relations Agentur\",\"publisher\":{\"@id\":\"https:\\\/\\\/www.cometis.de\\\/de\\\/#organization\"},\"potentialAction\":[{\"@type\":\"SearchAction\",\"target\":{\"@type\":\"EntryPoint\",\"urlTemplate\":\"https:\\\/\\\/www.cometis.de\\\/de\\\/?s={search_term_string}\"},\"query-input\":{\"@type\":\"PropertyValueSpecification\",\"valueRequired\":true,\"valueName\":\"search_term_string\"}}],\"inLanguage\":\"de\"},{\"@type\":\"Organization\",\"@id\":\"https:\\\/\\\/www.cometis.de\\\/de\\\/#organization\",\"name\":\"cometis AG\",\"alternateName\":\"Deutschlands f\u00fchrende Investor Relations Agentur\",\"url\":\"https:\\\/\\\/www.cometis.de\\\/de\\\/\",\"logo\":{\"@type\":\"ImageObject\",\"inLanguage\":\"de\",\"@id\":\"https:\\\/\\\/www.cometis.de\\\/de\\\/#\\\/schema\\\/logo\\\/image\\\/\",\"url\":\"https:\\\/\\\/www.cometis.de\\\/wp-content\\\/uploads\\\/2024\\\/12-old\\\/Cometis-Mobile-Logo-1.png\",\"contentUrl\":\"https:\\\/\\\/www.cometis.de\\\/wp-content\\\/uploads\\\/2024\\\/12-old\\\/Cometis-Mobile-Logo-1.png\",\"width\":171,\"height\":31,\"caption\":\"cometis AG\"},\"image\":{\"@id\":\"https:\\\/\\\/www.cometis.de\\\/de\\\/#\\\/schema\\\/logo\\\/image\\\/\"},\"sameAs\":[\"https:\\\/\\\/www.linkedin.com\\\/company\\\/cometis-ag\\\/\",\"https:\\\/\\\/www.youtube.com\\\/user\\\/cometisAG\"]}]}<\/script>\n<!-- \/ Yoast SEO Premium plugin. -->","yoast_head_json":{"title":"Peergroup Analyse \u2013 relevante Daten auf einen Blick | cometis AG","description":"Der Peergroup-Analyse der cometis AG erm\u00f6glicht den Vergleich mit bis zu zehn Peers und liefert wertvolle Erkenntnisse in Ihre IR-Arbeit.","robots":{"index":"index","follow":"follow","max-snippet":"max-snippet:-1","max-image-preview":"max-image-preview:large","max-video-preview":"max-video-preview:-1"},"canonical":"https:\/\/www.cometis.de\/de\/services\/investor-relations\/peergroup-analyse\/","og_locale":"de_DE","og_type":"article","og_title":"Peergroup-Analyse","og_description":"Der Peergroup-Analyse der cometis AG erm\u00f6glicht den Vergleich mit bis zu zehn Peers und liefert wertvolle Erkenntnisse in Ihre IR-Arbeit.","og_url":"https:\/\/www.cometis.de\/de\/services\/investor-relations\/peergroup-analyse\/","og_site_name":"cometis AG","article_modified_time":"2025-02-18T05:48:42+00:00","og_image":[{"width":171,"height":31,"url":"https:\/\/www.cometis.de\/wp-content\/uploads\/2024\/12-old\/Cometis-Mobile-Logo-1.png","type":"image\/png"}],"twitter_card":"summary_large_image","twitter_misc":{"Gesch\u00e4tzte Lesezeit":"3\u00a0Minuten"},"schema":{"@context":"https:\/\/schema.org","@graph":[{"@type":"WebPage","@id":"https:\/\/www.cometis.de\/de\/services\/investor-relations\/peergroup-analyse\/","url":"https:\/\/www.cometis.de\/de\/services\/investor-relations\/peergroup-analyse\/","name":"Peergroup Analyse \u2013 relevante Daten auf einen Blick | cometis AG","isPartOf":{"@id":"https:\/\/www.cometis.de\/de\/#website"},"datePublished":"2025-01-24T06:40:04+00:00","dateModified":"2025-02-18T05:48:42+00:00","description":"Der Peergroup-Analyse der cometis AG erm\u00f6glicht den Vergleich mit bis zu zehn Peers und liefert wertvolle Erkenntnisse in Ihre IR-Arbeit.","breadcrumb":{"@id":"https:\/\/www.cometis.de\/de\/services\/investor-relations\/peergroup-analyse\/#breadcrumb"},"inLanguage":"de","potentialAction":[{"@type":"ReadAction","target":["https:\/\/www.cometis.de\/de\/services\/investor-relations\/peergroup-analyse\/"]}]},{"@type":"BreadcrumbList","@id":"https:\/\/www.cometis.de\/de\/services\/investor-relations\/peergroup-analyse\/#breadcrumb","itemListElement":[{"@type":"ListItem","position":1,"name":"Home","item":"https:\/\/www.cometis.de\/de\/"},{"@type":"ListItem","position":2,"name":"Services","item":"https:\/\/www.cometis.de\/de\/services\/"},{"@type":"ListItem","position":3,"name":"Investor Relations","item":"https:\/\/www.cometis.de\/de\/services\/investor-relations\/"},{"@type":"ListItem","position":4,"name":"Peergroup-Analyse"}]},{"@type":"WebSite","@id":"https:\/\/www.cometis.de\/de\/#website","url":"https:\/\/www.cometis.de\/de\/","name":"cometis AG","description":"Deutschlands f\u00fchrende Investor Relations Agentur","publisher":{"@id":"https:\/\/www.cometis.de\/de\/#organization"},"potentialAction":[{"@type":"SearchAction","target":{"@type":"EntryPoint","urlTemplate":"https:\/\/www.cometis.de\/de\/?s={search_term_string}"},"query-input":{"@type":"PropertyValueSpecification","valueRequired":true,"valueName":"search_term_string"}}],"inLanguage":"de"},{"@type":"Organization","@id":"https:\/\/www.cometis.de\/de\/#organization","name":"cometis AG","alternateName":"Deutschlands f\u00fchrende Investor Relations Agentur","url":"https:\/\/www.cometis.de\/de\/","logo":{"@type":"ImageObject","inLanguage":"de","@id":"https:\/\/www.cometis.de\/de\/#\/schema\/logo\/image\/","url":"https:\/\/www.cometis.de\/wp-content\/uploads\/2024\/12-old\/Cometis-Mobile-Logo-1.png","contentUrl":"https:\/\/www.cometis.de\/wp-content\/uploads\/2024\/12-old\/Cometis-Mobile-Logo-1.png","width":171,"height":31,"caption":"cometis AG"},"image":{"@id":"https:\/\/www.cometis.de\/de\/#\/schema\/logo\/image\/"},"sameAs":["https:\/\/www.linkedin.com\/company\/cometis-ag\/","https:\/\/www.youtube.com\/user\/cometisAG"]}]}},"_links":{"self":[{"href":"https:\/\/www.cometis.de\/de\/wp-json\/wp\/v2\/pages\/5306","targetHints":{"allow":["GET"]}}],"collection":[{"href":"https:\/\/www.cometis.de\/de\/wp-json\/wp\/v2\/pages"}],"about":[{"href":"https:\/\/www.cometis.de\/de\/wp-json\/wp\/v2\/types\/page"}],"author":[{"embeddable":true,"href":"https:\/\/www.cometis.de\/de\/wp-json\/wp\/v2\/users\/1"}],"replies":[{"embeddable":true,"href":"https:\/\/www.cometis.de\/de\/wp-json\/wp\/v2\/comments?post=5306"}],"version-history":[{"count":3,"href":"https:\/\/www.cometis.de\/de\/wp-json\/wp\/v2\/pages\/5306\/revisions"}],"predecessor-version":[{"id":107479,"href":"https:\/\/www.cometis.de\/de\/wp-json\/wp\/v2\/pages\/5306\/revisions\/107479"}],"up":[{"embeddable":true,"href":"https:\/\/www.cometis.de\/de\/wp-json\/wp\/v2\/pages\/2175"}],"wp:attachment":[{"href":"https:\/\/www.cometis.de\/de\/wp-json\/wp\/v2\/media?parent=5306"}],"curies":[{"name":"wp","href":"https:\/\/api.w.org\/{rel}","templated":true}]}}