{"id":5342,"date":"2025-01-24T08:16:46","date_gmt":"2025-01-24T07:16:46","guid":{"rendered":"https:\/\/cometis.de\/?page_id=5342"},"modified":"2025-02-18T06:49:00","modified_gmt":"2025-02-18T05:49:00","slug":"medientraining","status":"publish","type":"page","link":"https:\/\/www.cometis.de\/de\/services\/investor-relations\/medientraining\/","title":{"rendered":"Medientraining"},"content":{"rendered":"\t\t<div data-elementor-type=\"wp-page\" data-elementor-id=\"5342\" class=\"elementor elementor-5342\" data-elementor-post-type=\"page\">\n\t\t\t\t<div class=\"elementor-element elementor-element-53f4dae e-flex e-con-boxed e-con e-parent\" data-id=\"53f4dae\" data-element_type=\"container\" data-e-type=\"container\">\n\t\t\t\t\t<div class=\"e-con-inner\">\n\t\t\t\t<div class=\"elementor-element elementor-element-126a146 elementor-widget elementor-widget-template\" data-id=\"126a146\" data-element_type=\"widget\" data-e-type=\"widget\" data-widget_type=\"template.default\">\n\t\t\t\t<div class=\"elementor-widget-container\">\n\t\t\t\t\t\t\t<div class=\"elementor-template\">\n\t\t\t\t\t<div data-elementor-type=\"section\" data-elementor-id=\"766\" class=\"elementor elementor-766\" data-elementor-post-type=\"elementor_library\">\n\t\t\t<div class=\"elementor-element elementor-element-1f34e34 e-flex e-con-boxed e-con e-parent\" data-id=\"1f34e34\" data-element_type=\"container\" data-e-type=\"container\">\n\t\t\t\t\t<div class=\"e-con-inner\">\n\t\t<div class=\"elementor-element elementor-element-e68c844 e-con-full e-flex e-con e-child\" data-id=\"e68c844\" data-element_type=\"container\" data-e-type=\"container\" data-settings=\"{&quot;background_background&quot;:&quot;classic&quot;}\">\n\t\t\t\t<\/div>\n\t\t<div class=\"elementor-element elementor-element-b7dac6f e-con-full e-flex e-con e-child\" data-id=\"b7dac6f\" data-element_type=\"container\" data-e-type=\"container\">\n\t\t\t\t<div class=\"elementor-element elementor-element-ce54cc3 elementor-align-left elementor-widget elementor-widget-breadcrumbs\" data-id=\"ce54cc3\" data-element_type=\"widget\" data-e-type=\"widget\" data-widget_type=\"breadcrumbs.default\">\n\t\t\t\t<div class=\"elementor-widget-container\">\n\t\t\t\t\t<div id=\"breadcrumbs\"><span><span><a href=\"https:\/\/www.cometis.de\/de\/\">Home<\/a><\/span><\/span><\/div>\t\t\t\t<\/div>\n\t\t\t\t<\/div>\n\t\t\t\t<\/div>\n\t\t\t\t\t<\/div>\n\t\t\t\t<\/div>\n\t\t\t\t<\/div>\n\t\t\t\t<\/div>\n\t\t\t\t\t\t<\/div>\n\t\t\t\t<\/div>\n\t\t\t\t\t<\/div>\n\t\t\t\t<\/div>\n\t\t<div class=\"elementor-element elementor-element-b032896 cmn-sidebar-content e-flex e-con-boxed e-con e-parent\" data-id=\"b032896\" data-element_type=\"container\" data-e-type=\"container\" data-settings=\"{&quot;background_background&quot;:&quot;classic&quot;,&quot;background_motion_fx_motion_fx_scrolling&quot;:&quot;yes&quot;,&quot;background_motion_fx_translateY_effect&quot;:&quot;yes&quot;,&quot;background_motion_fx_translateY_speed&quot;:{&quot;unit&quot;:&quot;px&quot;,&quot;size&quot;:2,&quot;sizes&quot;:[]},&quot;background_motion_fx_translateY_direction&quot;:&quot;negative&quot;,&quot;background_motion_fx_translateY_affectedRange&quot;:{&quot;unit&quot;:&quot;%&quot;,&quot;size&quot;:&quot;&quot;,&quot;sizes&quot;:{&quot;start&quot;:0,&quot;end&quot;:100}},&quot;background_motion_fx_devices&quot;:[&quot;desktop&quot;,&quot;tablet&quot;,&quot;mobile&quot;]}\">\n\t\t\t\t\t<div class=\"e-con-inner\">\n\t\t<div class=\"elementor-element elementor-element-8f75a66 e-con-full cmn-sidebar-content p-100 e-flex e-con e-child\" data-id=\"8f75a66\" data-element_type=\"container\" data-e-type=\"container\">\n\t\t<div class=\"elementor-element elementor-element-419f3ab e-con-full cmn-content-box e-flex e-con e-child\" data-id=\"419f3ab\" data-element_type=\"container\" data-e-type=\"container\">\n\t\t<div class=\"elementor-element elementor-element-7f9d226 e-con-full cmn-content-box-container e-flex e-con e-child\" data-id=\"7f9d226\" data-element_type=\"container\" data-e-type=\"container\">\n\t\t\t\t<div class=\"elementor-element elementor-element-b644111 elementor-widget elementor-widget-heading\" data-id=\"b644111\" data-element_type=\"widget\" data-e-type=\"widget\" data-widget_type=\"heading.default\">\n\t\t\t\t<div class=\"elementor-widget-container\">\n\t\t\t\t\t<h2 class=\"elementor-heading-title elementor-size-default\">Medientraining \u2013 mit Investoren und Journalisten souver\u00e4n kommunizieren<\/h2>\t\t\t\t<\/div>\n\t\t\t\t<\/div>\n\t\t\t\t<div class=\"elementor-element elementor-element-4eed050 elementor-widget elementor-widget-text-editor\" data-id=\"4eed050\" data-element_type=\"widget\" data-e-type=\"widget\" data-widget_type=\"text-editor.default\">\n\t\t\t\t<div class=\"elementor-widget-container\">\n\t\t\t\t\t\t\t\t\t<p>Sie wollen vor laufender Kamera eine gute Figur machen? Ihre Botschaften bei Investoren und Journalisten auf den Punkt bringen? Und auch kritische Fragen souver\u00e4n meistern? Dann ist ein Medientraining die richtige Ma\u00dfnahme, um Ihrem Auftritt noch mehr Sicherheit zu verleihen und den professionellen Umgang mit Investoren, Analysten oder Journalisten zu \u00fcben.<\/p>\t\t\t\t\t\t\t\t<\/div>\n\t\t\t\t<\/div>\n\t\t\t\t<div class=\"elementor-element elementor-element-8b8f9ae cmn-content-box-btn elementor-widget elementor-widget-button\" data-id=\"8b8f9ae\" data-element_type=\"widget\" data-e-type=\"widget\" data-widget_type=\"button.default\">\n\t\t\t\t<div class=\"elementor-widget-container\">\n\t\t\t\t\t\t\t\t\t<div class=\"elementor-button-wrapper\">\n\t\t\t\t\t<a class=\"elementor-button elementor-button-link elementor-size-sm\" href=\"\/de\/cometis-ag\/referenzen\/investor-relations-referenzen\">\n\t\t\t\t\t\t<span class=\"elementor-button-content-wrapper\">\n\t\t\t\t\t\t<span class=\"elementor-button-icon\">\n\t\t\t\t<svg aria-hidden=\"true\" class=\"e-font-icon-svg e-fas-chevron-right\" viewBox=\"0 0 320 512\" xmlns=\"http:\/\/www.w3.org\/2000\/svg\"><path d=\"M285.476 272.971L91.132 467.314c-9.373 9.373-24.569 9.373-33.941 0l-22.667-22.667c-9.357-9.357-9.375-24.522-.04-33.901L188.505 256 34.484 101.255c-9.335-9.379-9.317-24.544.04-33.901l22.667-22.667c9.373-9.373 24.569-9.373 33.941 0L285.475 239.03c9.373 9.372 9.373 24.568.001 33.941z\"><\/path><\/svg>\t\t\t<\/span>\n\t\t\t\t\t\t\t\t\t<span class=\"elementor-button-text\">Unsere Referenzen<\/span>\n\t\t\t\t\t<\/span>\n\t\t\t\t\t<\/a>\n\t\t\t\t<\/div>\n\t\t\t\t\t\t\t\t<\/div>\n\t\t\t\t<\/div>\n\t\t\t\t<\/div>\n\t\t<div class=\"elementor-element elementor-element-a5ebb0c e-con-full cmn-content-box-container e-flex e-con e-child\" data-id=\"a5ebb0c\" data-element_type=\"container\" data-e-type=\"container\">\n\t\t\t\t<div class=\"elementor-element elementor-element-b98f7b2 elementor-widget elementor-widget-heading\" data-id=\"b98f7b2\" data-element_type=\"widget\" data-e-type=\"widget\" data-widget_type=\"heading.default\">\n\t\t\t\t<div class=\"elementor-widget-container\">\n\t\t\t\t\t<h2 class=\"elementor-heading-title elementor-size-default\">Anforderungen an Unternehmen bez\u00fcglich Media Relations<\/h2>\t\t\t\t<\/div>\n\t\t\t\t<\/div>\n\t\t\t\t<div class=\"elementor-element elementor-element-dbfe9d8 elementor-widget elementor-widget-text-editor\" data-id=\"dbfe9d8\" data-element_type=\"widget\" data-e-type=\"widget\" data-widget_type=\"text-editor.default\">\n\t\t\t\t<div class=\"elementor-widget-container\">\n\t\t\t\t\t\t\t\t\t<p><a href=\"https:\/\/design.cometis-publishing.de\/produkt\/medientraining\/\" target=\"_blank\" rel=\"noopener\"><img fetchpriority=\"high\" decoding=\"async\" class=\"wp-image-82961 alignnone size-full\" src=\"https:\/\/www.cometis.de\/wp-content\/uploads\/2024\/12\/030_Medientraining-1.webp\" alt=\"\" width=\"269\" height=\"365\" \/><\/a><\/p><p>Nicht selten sind diese kurz angebunden und haben wenig Zeit, sich in der Tiefe mit einem Unternehmen zu besch\u00e4ftigen. Das gilt beim B\u00f6rsengang genauso wie bei der Emission von Anleihen, der unterj\u00e4hrigen Investor Relations, im ESG oder bei Krisen. Umso wichtiger ist es, die in der <a title=\"Wir erstellen eine Equity Story, die Ihr Unternehmen f\u00fcr Investoren greifbar macht\" href=\"\/investor-relations\/equity-story\">Equity Story<\/a> definierten Botschaften griffbereit zu haben und diese einfach verst\u00e4ndlich zu vermitteln.<br \/>Und das idealerweise auf eine authentische und sympathische Art und Weise. Im Medientraining lernen Sie daf\u00fcr notwendigen Techniken und gewinnen so an Sicherheit.<\/p><p>Ein souver\u00e4ner Auftritt kann Gold wert sein \u2013 sei es beim Amtsantritt als neuer Vorstand, auf der Hauptversammlung oder der n\u00e4chsten Roadshow. Deshalb empfehlen wir jedem Vorstand und IR Manager, sich regelm\u00e4\u00dfig schulen zu lassen und besondere Gespr\u00e4chssituationen zu \u00fcben.<\/p>\t\t\t\t\t\t\t\t<\/div>\n\t\t\t\t<\/div>\n\t\t\t\t<\/div>\n\t\t<div class=\"elementor-element elementor-element-843e31c e-con-full cmn-content-box-container e-flex e-con e-child\" data-id=\"843e31c\" data-element_type=\"container\" data-e-type=\"container\">\n\t\t\t\t<div class=\"elementor-element elementor-element-d111db1 elementor-widget elementor-widget-heading\" data-id=\"d111db1\" data-element_type=\"widget\" data-e-type=\"widget\" data-widget_type=\"heading.default\">\n\t\t\t\t<div class=\"elementor-widget-container\">\n\t\t\t\t\t<h2 class=\"elementor-heading-title elementor-size-default\">Mediale Wirkung durch sicheres Auftreten verbessern<\/h2>\t\t\t\t<\/div>\n\t\t\t\t<\/div>\n\t\t\t\t<div class=\"elementor-element elementor-element-f008194 elementor-widget elementor-widget-text-editor\" data-id=\"f008194\" data-element_type=\"widget\" data-e-type=\"widget\" data-widget_type=\"text-editor.default\">\n\t\t\t\t<div class=\"elementor-widget-container\">\n\t\t\t\t\t\t\t\t\t<p>Ihre mediale Wirkung zu verbessern und Ihnen Sicherheit im Umgang mit Journalisten, Investoren und Analysten zu vermitteln, ist ein zentrales Ziel unseres Medientrainings.<\/p>\t\t\t\t\t\t\t\t<\/div>\n\t\t\t\t<\/div>\n\t\t\t\t<div class=\"elementor-element elementor-element-f202819 elementor-widget elementor-widget-image\" data-id=\"f202819\" data-element_type=\"widget\" data-e-type=\"widget\" data-widget_type=\"image.default\">\n\t\t\t\t<div class=\"elementor-widget-container\">\n\t\t\t\t\t\t\t\t\t\t\t\t\t\t\t<img decoding=\"async\" width=\"350\" height=\"232\" src=\"https:\/\/www.cometis.de\/wp-content\/uploads\/2025\/01\/DSC_0124-1-e1495455094329.jpg.webp\" class=\"attachment-large size-large wp-image-5415\" alt=\"\" srcset=\"https:\/\/www.cometis.de\/wp-content\/uploads\/2025\/01\/DSC_0124-1-e1495455094329.jpg.webp 350w, https:\/\/www.cometis.de\/wp-content\/uploads\/2025\/01\/DSC_0124-1-e1495455094329.jpg-300x199.webp 300w\" sizes=\"(max-width: 350px) 100vw, 350px\" \/>\t\t\t\t\t\t\t\t\t\t\t\t\t\t\t<\/div>\n\t\t\t\t<\/div>\n\t\t\t\t<div class=\"elementor-element elementor-element-4c9a5bd elementor-widget elementor-widget-text-editor\" data-id=\"4c9a5bd\" data-element_type=\"widget\" data-e-type=\"widget\" data-widget_type=\"text-editor.default\">\n\t\t\t\t<div class=\"elementor-widget-container\">\n\t\t\t\t\t\t\t\t\t<p>Wir bereiten Sie in unserem Medien-Coaching gezielt darauf vor, in Interviews und Pr\u00e4sentationen Ihre Inhalte selbstbewusst und klar verst\u00e4ndlich zu platzieren. Wir machen Sie mit den unterschiedlichen Situationen vertraut, sodass Sie auch in Stresssituationen einen \u201ek\u00fchlen Kopf\u201c bewahren und Ihre Kernbotschaften erfolgreich transportieren.<\/p><p>Durch die begleitende Videoanalyse feilen wir gemeinsam mit Ihnen nicht nur an der Rhetorik und der nonverbalen Kommunikation, sondern insbesondere an den Antworten.<\/p>\t\t\t\t\t\t\t\t<\/div>\n\t\t\t\t<\/div>\n\t\t\t\t<\/div>\n\t\t<div class=\"elementor-element elementor-element-f53869a e-con-full cmn-content-box-container e-flex e-con e-child\" data-id=\"f53869a\" data-element_type=\"container\" data-e-type=\"container\">\n\t\t\t\t<div class=\"elementor-element elementor-element-68bfccd elementor-widget elementor-widget-heading\" data-id=\"68bfccd\" data-element_type=\"widget\" data-e-type=\"widget\" data-widget_type=\"heading.default\">\n\t\t\t\t<div class=\"elementor-widget-container\">\n\t\t\t\t\t<h2 class=\"elementor-heading-title elementor-size-default\">Unser Medientraining im \u00dcberblick:<\/h2>\t\t\t\t<\/div>\n\t\t\t\t<\/div>\n\t\t\t\t<div class=\"elementor-element elementor-element-3c207d4 custom-list elementor-widget elementor-widget-text-editor\" data-id=\"3c207d4\" data-element_type=\"widget\" data-e-type=\"widget\" data-widget_type=\"text-editor.default\">\n\t\t\t\t<div class=\"elementor-widget-container\">\n\t\t\t\t\t\t\t\t\t<ul><li>Ganzt\u00e4giges Coaching inkl. Videoanalyse<\/li><li>Telefonische Interviews<\/li><li>Hintergrundgespr\u00e4che<\/li><li>Statements<\/li><li>TV-Schalten<\/li><li>Kreuzverh\u00f6re<\/li><li>Simulation von Pressekonferenzen<\/li><li>Unternehmenspr\u00e4sentation<\/li><li>One-on-One Meetings<\/li><li>Faire und unfaire Dialektik<\/li><\/ul>\t\t\t\t\t\t\t\t<\/div>\n\t\t\t\t<\/div>\n\t\t\t\t<\/div>\n\t\t\t\t<\/div>\n\t\t\t\t<\/div>\n\t\t\t\t\t<\/div>\n\t\t\t\t<\/div>\n\t\t\t\t<\/div>\n\t\t","protected":false},"excerpt":{"rendered":"<p>Medientraining \u2013 mit Investoren und Journalisten souver\u00e4n kommunizieren Sie wollen vor laufender Kamera eine gute Figur machen? Ihre Botschaften bei Investoren und Journalisten auf den Punkt bringen? Und auch kritische Fragen souver\u00e4n meistern? Dann ist ein Medientraining die richtige Ma\u00dfnahme, um Ihrem Auftritt noch mehr Sicherheit zu verleihen und den professionellen Umgang mit Investoren, Analysten [&hellip;]<\/p>\n","protected":false},"author":1,"featured_media":0,"parent":2175,"menu_order":0,"comment_status":"closed","ping_status":"open","template":"","meta":{"_acf_changed":false,"footnotes":""},"class_list":["post-5342","page","type-page","status-publish","hentry"],"acf":[],"yoast_head":"<!-- This site is optimized with the Yoast SEO Premium plugin v26.2 (Yoast SEO v27.4) - https:\/\/yoast.com\/product\/yoast-seo-premium-wordpress\/ -->\n<title>Medientraining \u2013 mediale Wirkung durch Coaching verbessern | cometis AG<\/title>\n<meta name=\"description\" content=\"Mit dem Medientraining der cometis AG verbessern Sie Ihre Medienwirkung. Durch das Medientraining Sicherheit im Umgang mit Investoren\/Journalisten erlangen.\" \/>\n<meta name=\"robots\" content=\"index, follow, max-snippet:-1, max-image-preview:large, max-video-preview:-1\" \/>\n<link rel=\"canonical\" href=\"https:\/\/www.cometis.de\/de\/services\/investor-relations\/medientraining\/\" \/>\n<meta property=\"og:locale\" content=\"de_DE\" \/>\n<meta property=\"og:type\" content=\"article\" \/>\n<meta property=\"og:title\" content=\"Medientraining\" \/>\n<meta property=\"og:description\" content=\"Mit dem Medientraining der cometis AG verbessern Sie Ihre Medienwirkung. Durch das Medientraining Sicherheit im Umgang mit Investoren\/Journalisten erlangen.\" \/>\n<meta property=\"og:url\" content=\"https:\/\/www.cometis.de\/de\/services\/investor-relations\/medientraining\/\" \/>\n<meta property=\"og:site_name\" content=\"cometis AG\" \/>\n<meta property=\"article:modified_time\" content=\"2025-02-18T05:49:00+00:00\" \/>\n<meta property=\"og:image\" content=\"https:\/\/cometis.de\/wp-content\/uploads\/2024\/12\/030_Medientraining-1.webp\" \/>\n<meta name=\"twitter:card\" content=\"summary_large_image\" \/>\n<meta name=\"twitter:label1\" content=\"Gesch\u00e4tzte Lesezeit\" \/>\n\t<meta name=\"twitter:data1\" content=\"3\u00a0Minuten\" \/>\n<script type=\"application\/ld+json\" class=\"yoast-schema-graph\">{\"@context\":\"https:\\\/\\\/schema.org\",\"@graph\":[{\"@type\":\"WebPage\",\"@id\":\"https:\\\/\\\/www.cometis.de\\\/de\\\/services\\\/investor-relations\\\/medientraining\\\/\",\"url\":\"https:\\\/\\\/www.cometis.de\\\/de\\\/services\\\/investor-relations\\\/medientraining\\\/\",\"name\":\"Medientraining \u2013 mediale Wirkung durch Coaching verbessern | cometis AG\",\"isPartOf\":{\"@id\":\"https:\\\/\\\/www.cometis.de\\\/de\\\/#website\"},\"primaryImageOfPage\":{\"@id\":\"https:\\\/\\\/www.cometis.de\\\/de\\\/services\\\/investor-relations\\\/medientraining\\\/#primaryimage\"},\"image\":{\"@id\":\"https:\\\/\\\/www.cometis.de\\\/de\\\/services\\\/investor-relations\\\/medientraining\\\/#primaryimage\"},\"thumbnailUrl\":\"https:\\\/\\\/cometis.de\\\/wp-content\\\/uploads\\\/2024\\\/12\\\/030_Medientraining-1.webp\",\"datePublished\":\"2025-01-24T07:16:46+00:00\",\"dateModified\":\"2025-02-18T05:49:00+00:00\",\"description\":\"Mit dem Medientraining der cometis AG verbessern Sie Ihre Medienwirkung. Durch das Medientraining Sicherheit im Umgang mit Investoren\\\/Journalisten erlangen.\",\"breadcrumb\":{\"@id\":\"https:\\\/\\\/www.cometis.de\\\/de\\\/services\\\/investor-relations\\\/medientraining\\\/#breadcrumb\"},\"inLanguage\":\"de\",\"potentialAction\":[{\"@type\":\"ReadAction\",\"target\":[\"https:\\\/\\\/www.cometis.de\\\/de\\\/services\\\/investor-relations\\\/medientraining\\\/\"]}]},{\"@type\":\"ImageObject\",\"inLanguage\":\"de\",\"@id\":\"https:\\\/\\\/www.cometis.de\\\/de\\\/services\\\/investor-relations\\\/medientraining\\\/#primaryimage\",\"url\":\"https:\\\/\\\/cometis.de\\\/wp-content\\\/uploads\\\/2024\\\/12\\\/030_Medientraining-1.webp\",\"contentUrl\":\"https:\\\/\\\/cometis.de\\\/wp-content\\\/uploads\\\/2024\\\/12\\\/030_Medientraining-1.webp\"},{\"@type\":\"BreadcrumbList\",\"@id\":\"https:\\\/\\\/www.cometis.de\\\/de\\\/services\\\/investor-relations\\\/medientraining\\\/#breadcrumb\",\"itemListElement\":[{\"@type\":\"ListItem\",\"position\":1,\"name\":\"Home\",\"item\":\"https:\\\/\\\/www.cometis.de\\\/de\\\/\"},{\"@type\":\"ListItem\",\"position\":2,\"name\":\"Services\",\"item\":\"https:\\\/\\\/www.cometis.de\\\/de\\\/services\\\/\"},{\"@type\":\"ListItem\",\"position\":3,\"name\":\"Investor Relations\",\"item\":\"https:\\\/\\\/www.cometis.de\\\/de\\\/services\\\/investor-relations\\\/\"},{\"@type\":\"ListItem\",\"position\":4,\"name\":\"Medientraining\"}]},{\"@type\":\"WebSite\",\"@id\":\"https:\\\/\\\/www.cometis.de\\\/de\\\/#website\",\"url\":\"https:\\\/\\\/www.cometis.de\\\/de\\\/\",\"name\":\"cometis AG\",\"description\":\"Deutschlands f\u00fchrende Investor Relations Agentur\",\"publisher\":{\"@id\":\"https:\\\/\\\/www.cometis.de\\\/de\\\/#organization\"},\"potentialAction\":[{\"@type\":\"SearchAction\",\"target\":{\"@type\":\"EntryPoint\",\"urlTemplate\":\"https:\\\/\\\/www.cometis.de\\\/de\\\/?s={search_term_string}\"},\"query-input\":{\"@type\":\"PropertyValueSpecification\",\"valueRequired\":true,\"valueName\":\"search_term_string\"}}],\"inLanguage\":\"de\"},{\"@type\":\"Organization\",\"@id\":\"https:\\\/\\\/www.cometis.de\\\/de\\\/#organization\",\"name\":\"cometis AG\",\"alternateName\":\"Deutschlands f\u00fchrende Investor Relations Agentur\",\"url\":\"https:\\\/\\\/www.cometis.de\\\/de\\\/\",\"logo\":{\"@type\":\"ImageObject\",\"inLanguage\":\"de\",\"@id\":\"https:\\\/\\\/www.cometis.de\\\/de\\\/#\\\/schema\\\/logo\\\/image\\\/\",\"url\":\"https:\\\/\\\/www.cometis.de\\\/wp-content\\\/uploads\\\/2024\\\/12-old\\\/Cometis-Mobile-Logo-1.png\",\"contentUrl\":\"https:\\\/\\\/www.cometis.de\\\/wp-content\\\/uploads\\\/2024\\\/12-old\\\/Cometis-Mobile-Logo-1.png\",\"width\":171,\"height\":31,\"caption\":\"cometis AG\"},\"image\":{\"@id\":\"https:\\\/\\\/www.cometis.de\\\/de\\\/#\\\/schema\\\/logo\\\/image\\\/\"},\"sameAs\":[\"https:\\\/\\\/www.linkedin.com\\\/company\\\/cometis-ag\\\/\",\"https:\\\/\\\/www.youtube.com\\\/user\\\/cometisAG\"]}]}<\/script>\n<!-- \/ Yoast SEO Premium plugin. -->","yoast_head_json":{"title":"Medientraining \u2013 mediale Wirkung durch Coaching verbessern | cometis AG","description":"Mit dem Medientraining der cometis AG verbessern Sie Ihre Medienwirkung. Durch das Medientraining Sicherheit im Umgang mit Investoren\/Journalisten erlangen.","robots":{"index":"index","follow":"follow","max-snippet":"max-snippet:-1","max-image-preview":"max-image-preview:large","max-video-preview":"max-video-preview:-1"},"canonical":"https:\/\/www.cometis.de\/de\/services\/investor-relations\/medientraining\/","og_locale":"de_DE","og_type":"article","og_title":"Medientraining","og_description":"Mit dem Medientraining der cometis AG verbessern Sie Ihre Medienwirkung. Durch das Medientraining Sicherheit im Umgang mit Investoren\/Journalisten erlangen.","og_url":"https:\/\/www.cometis.de\/de\/services\/investor-relations\/medientraining\/","og_site_name":"cometis AG","article_modified_time":"2025-02-18T05:49:00+00:00","og_image":[{"url":"https:\/\/cometis.de\/wp-content\/uploads\/2024\/12\/030_Medientraining-1.webp","type":"","width":"","height":""}],"twitter_card":"summary_large_image","twitter_misc":{"Gesch\u00e4tzte Lesezeit":"3\u00a0Minuten"},"schema":{"@context":"https:\/\/schema.org","@graph":[{"@type":"WebPage","@id":"https:\/\/www.cometis.de\/de\/services\/investor-relations\/medientraining\/","url":"https:\/\/www.cometis.de\/de\/services\/investor-relations\/medientraining\/","name":"Medientraining \u2013 mediale Wirkung durch Coaching verbessern | cometis AG","isPartOf":{"@id":"https:\/\/www.cometis.de\/de\/#website"},"primaryImageOfPage":{"@id":"https:\/\/www.cometis.de\/de\/services\/investor-relations\/medientraining\/#primaryimage"},"image":{"@id":"https:\/\/www.cometis.de\/de\/services\/investor-relations\/medientraining\/#primaryimage"},"thumbnailUrl":"https:\/\/cometis.de\/wp-content\/uploads\/2024\/12\/030_Medientraining-1.webp","datePublished":"2025-01-24T07:16:46+00:00","dateModified":"2025-02-18T05:49:00+00:00","description":"Mit dem Medientraining der cometis AG verbessern Sie Ihre Medienwirkung. Durch das Medientraining Sicherheit im Umgang mit Investoren\/Journalisten erlangen.","breadcrumb":{"@id":"https:\/\/www.cometis.de\/de\/services\/investor-relations\/medientraining\/#breadcrumb"},"inLanguage":"de","potentialAction":[{"@type":"ReadAction","target":["https:\/\/www.cometis.de\/de\/services\/investor-relations\/medientraining\/"]}]},{"@type":"ImageObject","inLanguage":"de","@id":"https:\/\/www.cometis.de\/de\/services\/investor-relations\/medientraining\/#primaryimage","url":"https:\/\/cometis.de\/wp-content\/uploads\/2024\/12\/030_Medientraining-1.webp","contentUrl":"https:\/\/cometis.de\/wp-content\/uploads\/2024\/12\/030_Medientraining-1.webp"},{"@type":"BreadcrumbList","@id":"https:\/\/www.cometis.de\/de\/services\/investor-relations\/medientraining\/#breadcrumb","itemListElement":[{"@type":"ListItem","position":1,"name":"Home","item":"https:\/\/www.cometis.de\/de\/"},{"@type":"ListItem","position":2,"name":"Services","item":"https:\/\/www.cometis.de\/de\/services\/"},{"@type":"ListItem","position":3,"name":"Investor Relations","item":"https:\/\/www.cometis.de\/de\/services\/investor-relations\/"},{"@type":"ListItem","position":4,"name":"Medientraining"}]},{"@type":"WebSite","@id":"https:\/\/www.cometis.de\/de\/#website","url":"https:\/\/www.cometis.de\/de\/","name":"cometis AG","description":"Deutschlands f\u00fchrende Investor Relations Agentur","publisher":{"@id":"https:\/\/www.cometis.de\/de\/#organization"},"potentialAction":[{"@type":"SearchAction","target":{"@type":"EntryPoint","urlTemplate":"https:\/\/www.cometis.de\/de\/?s={search_term_string}"},"query-input":{"@type":"PropertyValueSpecification","valueRequired":true,"valueName":"search_term_string"}}],"inLanguage":"de"},{"@type":"Organization","@id":"https:\/\/www.cometis.de\/de\/#organization","name":"cometis AG","alternateName":"Deutschlands f\u00fchrende Investor Relations Agentur","url":"https:\/\/www.cometis.de\/de\/","logo":{"@type":"ImageObject","inLanguage":"de","@id":"https:\/\/www.cometis.de\/de\/#\/schema\/logo\/image\/","url":"https:\/\/www.cometis.de\/wp-content\/uploads\/2024\/12-old\/Cometis-Mobile-Logo-1.png","contentUrl":"https:\/\/www.cometis.de\/wp-content\/uploads\/2024\/12-old\/Cometis-Mobile-Logo-1.png","width":171,"height":31,"caption":"cometis AG"},"image":{"@id":"https:\/\/www.cometis.de\/de\/#\/schema\/logo\/image\/"},"sameAs":["https:\/\/www.linkedin.com\/company\/cometis-ag\/","https:\/\/www.youtube.com\/user\/cometisAG"]}]}},"_links":{"self":[{"href":"https:\/\/www.cometis.de\/de\/wp-json\/wp\/v2\/pages\/5342","targetHints":{"allow":["GET"]}}],"collection":[{"href":"https:\/\/www.cometis.de\/de\/wp-json\/wp\/v2\/pages"}],"about":[{"href":"https:\/\/www.cometis.de\/de\/wp-json\/wp\/v2\/types\/page"}],"author":[{"embeddable":true,"href":"https:\/\/www.cometis.de\/de\/wp-json\/wp\/v2\/users\/1"}],"replies":[{"embeddable":true,"href":"https:\/\/www.cometis.de\/de\/wp-json\/wp\/v2\/comments?post=5342"}],"version-history":[{"count":3,"href":"https:\/\/www.cometis.de\/de\/wp-json\/wp\/v2\/pages\/5342\/revisions"}],"predecessor-version":[{"id":107482,"href":"https:\/\/www.cometis.de\/de\/wp-json\/wp\/v2\/pages\/5342\/revisions\/107482"}],"up":[{"embeddable":true,"href":"https:\/\/www.cometis.de\/de\/wp-json\/wp\/v2\/pages\/2175"}],"wp:attachment":[{"href":"https:\/\/www.cometis.de\/de\/wp-json\/wp\/v2\/media?parent=5342"}],"curies":[{"name":"wp","href":"https:\/\/api.w.org\/{rel}","templated":true}]}}