{"id":5393,"date":"2025-01-24T08:38:34","date_gmt":"2025-01-24T07:38:34","guid":{"rendered":"https:\/\/cometis.de\/?page_id=5393"},"modified":"2025-09-27T23:20:37","modified_gmt":"2025-09-27T21:20:37","slug":"share-id","status":"publish","type":"page","link":"https:\/\/www.cometis.de\/de\/services\/investor-access\/share-id\/","title":{"rendered":"Shareholder ID"},"content":{"rendered":"\t\t<div data-elementor-type=\"wp-page\" data-elementor-id=\"5393\" class=\"elementor elementor-5393\" data-elementor-post-type=\"page\">\n\t\t\t\t<div class=\"elementor-element elementor-element-c3a874e e-flex e-con-boxed e-con e-parent\" data-id=\"c3a874e\" data-element_type=\"container\" data-e-type=\"container\">\n\t\t\t\t\t<div class=\"e-con-inner\">\n\t\t\t\t<div class=\"elementor-element elementor-element-19cc2fe elementor-widget elementor-widget-template\" data-id=\"19cc2fe\" data-element_type=\"widget\" data-e-type=\"widget\" data-widget_type=\"template.default\">\n\t\t\t\t<div class=\"elementor-widget-container\">\n\t\t\t\t\t\t\t<div class=\"elementor-template\">\n\t\t\t\t\t<div data-elementor-type=\"section\" data-elementor-id=\"3688\" class=\"elementor elementor-3688\" data-elementor-post-type=\"elementor_library\">\n\t\t\t<div class=\"elementor-element elementor-element-1f34e34 e-flex e-con-boxed e-con e-parent\" data-id=\"1f34e34\" data-element_type=\"container\" data-e-type=\"container\">\n\t\t\t\t\t<div class=\"e-con-inner\">\n\t\t<div class=\"elementor-element elementor-element-e68c844 e-con-full e-flex e-con e-child\" data-id=\"e68c844\" data-element_type=\"container\" data-e-type=\"container\" data-settings=\"{&quot;background_background&quot;:&quot;classic&quot;}\">\n\t\t\t\t<div class=\"elementor-element elementor-element-47470af elementor-widget elementor-widget-heading\" data-id=\"47470af\" data-element_type=\"widget\" data-e-type=\"widget\" data-widget_type=\"heading.default\">\n\t\t\t\t<div class=\"elementor-widget-container\">\n\t\t\t\t\t<h1 class=\"elementor-heading-title elementor-size-default\">Share ID<\/h1>\t\t\t\t<\/div>\n\t\t\t\t<\/div>\n\t\t\t\t<\/div>\n\t\t<div class=\"elementor-element elementor-element-b7dac6f e-con-full e-flex e-con e-child\" data-id=\"b7dac6f\" data-element_type=\"container\" data-e-type=\"container\">\n\t\t\t\t<div class=\"elementor-element elementor-element-ce54cc3 elementor-align-left elementor-widget elementor-widget-breadcrumbs\" data-id=\"ce54cc3\" data-element_type=\"widget\" data-e-type=\"widget\" data-widget_type=\"breadcrumbs.default\">\n\t\t\t\t<div class=\"elementor-widget-container\">\n\t\t\t\t\t<div id=\"breadcrumbs\"><span><span><a href=\"https:\/\/www.cometis.de\/de\/\">Home<\/a><\/span><\/span><\/div>\t\t\t\t<\/div>\n\t\t\t\t<\/div>\n\t\t\t\t<\/div>\n\t\t\t\t\t<\/div>\n\t\t\t\t<\/div>\n\t\t\t\t<\/div>\n\t\t\t\t<\/div>\n\t\t\t\t\t\t<\/div>\n\t\t\t\t<\/div>\n\t\t\t\t\t<\/div>\n\t\t\t\t<\/div>\n\t\t<div class=\"elementor-element elementor-element-88c4c8b cmn-sidebar-content e-flex e-con-boxed e-con e-parent\" data-id=\"88c4c8b\" data-element_type=\"container\" data-e-type=\"container\" data-settings=\"{&quot;background_background&quot;:&quot;classic&quot;,&quot;background_motion_fx_motion_fx_scrolling&quot;:&quot;yes&quot;,&quot;background_motion_fx_translateY_effect&quot;:&quot;yes&quot;,&quot;background_motion_fx_translateY_speed&quot;:{&quot;unit&quot;:&quot;px&quot;,&quot;size&quot;:2,&quot;sizes&quot;:[]},&quot;background_motion_fx_translateY_direction&quot;:&quot;negative&quot;,&quot;background_motion_fx_translateY_affectedRange&quot;:{&quot;unit&quot;:&quot;%&quot;,&quot;size&quot;:&quot;&quot;,&quot;sizes&quot;:{&quot;start&quot;:0,&quot;end&quot;:100}},&quot;background_motion_fx_devices&quot;:[&quot;desktop&quot;,&quot;tablet&quot;,&quot;mobile&quot;]}\">\n\t\t\t\t\t<div class=\"e-con-inner\">\n\t\t<div class=\"elementor-element elementor-element-4b5f359 e-con-full cmn-sidebar-content p-100 e-flex e-con e-child\" data-id=\"4b5f359\" data-element_type=\"container\" data-e-type=\"container\">\n\t\t<div class=\"elementor-element elementor-element-d9147a8 e-con-full cmn-content-box e-flex e-con e-child\" data-id=\"d9147a8\" data-element_type=\"container\" data-e-type=\"container\">\n\t\t<div class=\"elementor-element elementor-element-2ae4dd6 e-con-full cmn-content-box-container e-flex e-con e-child\" data-id=\"2ae4dd6\" data-element_type=\"container\" data-e-type=\"container\">\n\t\t\t\t<div class=\"elementor-element elementor-element-35ee8b8 elementor-widget elementor-widget-heading\" data-id=\"35ee8b8\" data-element_type=\"widget\" data-e-type=\"widget\" data-widget_type=\"heading.default\">\n\t\t\t\t<div class=\"elementor-widget-container\">\n\t\t\t\t\t<h2 class=\"elementor-heading-title elementor-size-default\">Share ID stellt die eigene Aktion\u00e4rsstruktur dar<\/h2>\t\t\t\t<\/div>\n\t\t\t\t<\/div>\n\t\t\t\t<div class=\"elementor-element elementor-element-d40fef9 elementor-widget elementor-widget-text-editor\" data-id=\"d40fef9\" data-element_type=\"widget\" data-e-type=\"widget\" data-widget_type=\"text-editor.default\">\n\t\t\t\t<div class=\"elementor-widget-container\">\n\t\t\t\t\t\t\t\t\t<p>Das wichtigste Asset einer Investor Relations-Abteilung ist:<br \/>Das Vertrauen des Kapitalmarkts.<\/p><p>Direkt danach kommt nach unserer Erfahrung: Das Wissen \u00fcber die eigene Aktion\u00e4rsstruktur: \u201eKnow Your Shareholder!\u201c.<\/p><p>Eine Shareholder ID liefert Ihnen genau das: Eine aktuelle und umfassende Darstellung und Analyse Ihrer Aktion\u00e4rsstruktur. Ausgehend von dieser umfangreichen Analyse er\u00f6ffnen sich f\u00fcr alle Unternehmen vielf\u00e4ltige Handlungsoptionen in der <a title=\"Unsere Investor Relations Dienstleistungen\" href=\"\/de\/investor-relations\">Investor Relations<\/a>, um die Aktion\u00e4rsstruktur im Sinne der definierten IR-Ziele zu optimieren.<\/p>\t\t\t\t\t\t\t\t<\/div>\n\t\t\t\t<\/div>\n\t\t\t\t<div class=\"elementor-element elementor-element-30c6bda cmn-content-box-btn elementor-widget elementor-widget-button\" data-id=\"30c6bda\" data-element_type=\"widget\" data-e-type=\"widget\" data-widget_type=\"button.default\">\n\t\t\t\t<div class=\"elementor-widget-container\">\n\t\t\t\t\t\t\t\t\t<div class=\"elementor-button-wrapper\">\n\t\t\t\t\t<a class=\"elementor-button elementor-button-link elementor-size-sm\" href=\"\/de\/cometis-ag\/referenzen\/investor-relations-referenzen\">\n\t\t\t\t\t\t<span class=\"elementor-button-content-wrapper\">\n\t\t\t\t\t\t<span class=\"elementor-button-icon\">\n\t\t\t\t<svg aria-hidden=\"true\" class=\"e-font-icon-svg e-fas-chevron-right\" viewBox=\"0 0 320 512\" xmlns=\"http:\/\/www.w3.org\/2000\/svg\"><path d=\"M285.476 272.971L91.132 467.314c-9.373 9.373-24.569 9.373-33.941 0l-22.667-22.667c-9.357-9.357-9.375-24.522-.04-33.901L188.505 256 34.484 101.255c-9.335-9.379-9.317-24.544.04-33.901l22.667-22.667c9.373-9.373 24.569-9.373 33.941 0L285.475 239.03c9.373 9.372 9.373 24.568.001 33.941z\"><\/path><\/svg>\t\t\t<\/span>\n\t\t\t\t\t\t\t\t\t<span class=\"elementor-button-text\">Unsere Referenzen<\/span>\n\t\t\t\t\t<\/span>\n\t\t\t\t\t<\/a>\n\t\t\t\t<\/div>\n\t\t\t\t\t\t\t\t<\/div>\n\t\t\t\t<\/div>\n\t\t\t\t<\/div>\n\t\t<div class=\"elementor-element elementor-element-4e58ff5 e-con-full cmn-content-box-container e-flex e-con e-child\" data-id=\"4e58ff5\" data-element_type=\"container\" data-e-type=\"container\">\n\t\t\t\t<div class=\"elementor-element elementor-element-1cb53ec elementor-widget elementor-widget-heading\" data-id=\"1cb53ec\" data-element_type=\"widget\" data-e-type=\"widget\" data-widget_type=\"heading.default\">\n\t\t\t\t<div class=\"elementor-widget-container\">\n\t\t\t\t\t<h2 class=\"elementor-heading-title elementor-size-default\">Wann ist eine Share ID strategisch besonders wertvoll? <\/h2>\t\t\t\t<\/div>\n\t\t\t\t<\/div>\n\t\t\t\t<div class=\"elementor-element elementor-element-e8542b7 custom-list elementor-widget elementor-widget-text-editor\" data-id=\"e8542b7\" data-element_type=\"widget\" data-e-type=\"widget\" data-widget_type=\"text-editor.default\">\n\t\t\t\t<div class=\"elementor-widget-container\">\n\t\t\t\t\t\t\t\t\t<p><span style=\"color: #000000;\"><strong>Einmalig anlassbezogen:<\/strong><\/span><\/p><ul style=\"margin-top: 0; margin-bottom: 1em;\"><li>vor der Hauptversammlung: 4 \u2013 6 Wochen vor Verabschiedung der Tagesordnung, um die wichtigsten Aktion\u00e4re (\u03a3 &gt; 50%) kontaktieren zu k\u00f6nnen und HV-Mehrheiten zu organisieren<\/li><li>bei M&amp;A-Ma\u00dfnahmen \/ \u00f6ffentlichen \u00dcbernahmeangeboten (vor und w\u00e4hrend)<\/li><li>bei Special Situations: Krisensituationen, Transformations- \/Change-Prozesse, Vorstandsver\u00e4nderungen<\/li><li>vor \/ nach der Ver\u00f6ffentlichung Ihres Gesch\u00e4ftsberichts<\/li><li>nach besonderen Unternehmensnachrichten<\/li><\/ul><p><span style=\"color: #000000;\"><strong>Oder fortlaufend:<\/strong><\/span><\/p><ul style=\"margin-top: 0; margin-bottom: 1em;\"><li>Zu Beginn des Jahres f\u00fcr die Planung meiner Roadshow-Aktivit\u00e4ten: Wen sollte ich besuchen? Wie kann ich die Termine kombinieren und optimieren?<\/li><li>Zur Erstellung regelm\u00e4\u00dfiger Delta-Reports: Was hat sich ver\u00e4ndert?<\/li><li>Regelm\u00e4\u00dfige Wiederholung m\u00f6glich: beispielsweise 1x pro Quartal oder 1x pro Monat \u2013 nach Absprache auch gerne in ihrem Wunschrhythmus<\/li><\/ul>\t\t\t\t\t\t\t\t<\/div>\n\t\t\t\t<\/div>\n\t\t\t\t<\/div>\n\t\t<div class=\"elementor-element elementor-element-fbf8d24 e-con-full cmn-content-box-container e-flex e-con e-child\" data-id=\"fbf8d24\" data-element_type=\"container\" data-e-type=\"container\">\n\t\t\t\t<div class=\"elementor-element elementor-element-581ac2c elementor-widget elementor-widget-image\" data-id=\"581ac2c\" data-element_type=\"widget\" data-e-type=\"widget\" data-widget_type=\"image.default\">\n\t\t\t\t<div class=\"elementor-widget-container\">\n\t\t\t\t\t\t\t\t\t\t\t\t\t\t\t<img fetchpriority=\"high\" decoding=\"async\" width=\"800\" height=\"450\" src=\"https:\/\/www.cometis.de\/wp-content\/uploads\/2025\/01\/Wimmelbild-with-Background-1024x576.webp\" class=\"attachment-large size-large wp-image-5405\" alt=\"Wimmelbild-with-Background\" srcset=\"https:\/\/www.cometis.de\/wp-content\/uploads\/2025\/01\/Wimmelbild-with-Background-1024x576.webp 1024w, https:\/\/www.cometis.de\/wp-content\/uploads\/2025\/01\/Wimmelbild-with-Background-300x169.webp 300w, https:\/\/www.cometis.de\/wp-content\/uploads\/2025\/01\/Wimmelbild-with-Background-768x432.webp 768w, https:\/\/www.cometis.de\/wp-content\/uploads\/2025\/01\/Wimmelbild-with-Background-1536x864.webp 1536w, https:\/\/www.cometis.de\/wp-content\/uploads\/2025\/01\/Wimmelbild-with-Background.webp 1920w\" sizes=\"(max-width: 800px) 100vw, 800px\" \/>\t\t\t\t\t\t\t\t\t\t\t\t\t\t\t<\/div>\n\t\t\t\t<\/div>\n\t\t\t\t<div class=\"elementor-element elementor-element-b4df5b3 elementor-widget elementor-widget-heading\" data-id=\"b4df5b3\" data-element_type=\"widget\" data-e-type=\"widget\" data-widget_type=\"heading.default\">\n\t\t\t\t<div class=\"elementor-widget-container\">\n\t\t\t\t\t<h2 class=\"elementor-heading-title elementor-size-default\">Treten Sie mit uns in Kontakt<\/h2>\t\t\t\t<\/div>\n\t\t\t\t<\/div>\n\t\t\t\t<div class=\"elementor-element elementor-element-43e5cc1 elementor-widget elementor-widget-text-editor\" data-id=\"43e5cc1\" data-element_type=\"widget\" data-e-type=\"widget\" data-widget_type=\"text-editor.default\">\n\t\t\t\t<div class=\"elementor-widget-container\">\n\t\t\t\t\t\t\t\t\t<p>Gerne \u00fcbernehmen wir in Ihrem Auftrag den Identifikationsprozess entlang der international komplexen Verwahrkette der Intermedi\u00e4re, d.h. der depotf\u00fchrenden Banken Ihrer Aktion\u00e4re, und erstellen Ihren individuellen Aktion\u00e4rsreport \u201eKnow Your Shareholder!\u201c in einer aussagekr\u00e4ftigen und grafisch ansprechenden Form, direkt als Vorlage f\u00fcr Vorstand und Aufsichtsrat geeignet.<\/p><p>Mehr Informationen erhalten Sie per E-Mail unter <a href=\"mailto:hafer@cometis.de\">hafer@cometis.de<\/a> oder telefonisch unter <a href=\"tel:+4961120585522\">+49 611 205855-22<\/a>.<\/p>\t\t\t\t\t\t\t\t<\/div>\n\t\t\t\t<\/div>\n\t\t\t\t<\/div>\n\t\t\t\t<\/div>\n\t\t\t\t<\/div>\n\t\t\t\t\t<\/div>\n\t\t\t\t<\/div>\n\t\t\t\t<\/div>\n\t\t","protected":false},"excerpt":{"rendered":"<p>Share ID stellt die eigene Aktion\u00e4rsstruktur dar Das wichtigste Asset einer Investor Relations-Abteilung ist:Das Vertrauen des Kapitalmarkts. Direkt danach kommt nach unserer Erfahrung: Das Wissen \u00fcber die eigene Aktion\u00e4rsstruktur: \u201eKnow Your Shareholder!\u201c. Eine Shareholder ID liefert Ihnen genau das: Eine aktuelle und umfassende Darstellung und Analyse Ihrer Aktion\u00e4rsstruktur. Ausgehend von dieser umfangreichen Analyse er\u00f6ffnen sich [&hellip;]<\/p>\n","protected":false},"author":1,"featured_media":0,"parent":764,"menu_order":0,"comment_status":"closed","ping_status":"open","template":"","meta":{"_acf_changed":false,"footnotes":""},"class_list":["post-5393","page","type-page","status-publish","hentry"],"acf":[],"yoast_head":"<!-- This site is optimized with the Yoast SEO Premium plugin v26.2 (Yoast SEO v27.4) - https:\/\/yoast.com\/product\/yoast-seo-premium-wordpress\/ -->\n<title>Shareholder ID \u2013 \u00dcberblick \u00fcber Aktion\u00e4rsstruktur | cometis AG<\/title>\n<meta name=\"description\" content=\"&quot;Know your Shareholder!&quot; Beauftragen Sie uns mit der Durchf\u00fchrung einer Share ID f\u00fcr eine umfassende Darstellung und Analyse Ihrer Aktion\u00e4rsstruktur.\" \/>\n<meta name=\"robots\" content=\"index, follow, max-snippet:-1, max-image-preview:large, max-video-preview:-1\" \/>\n<link rel=\"canonical\" href=\"https:\/\/www.cometis.de\/de\/services\/investor-access\/share-id\/\" \/>\n<meta property=\"og:locale\" content=\"de_DE\" \/>\n<meta property=\"og:type\" content=\"article\" \/>\n<meta property=\"og:title\" content=\"Shareholder ID\" \/>\n<meta property=\"og:description\" content=\"&quot;Know your Shareholder!&quot; Beauftragen Sie uns mit der Durchf\u00fchrung einer Share ID f\u00fcr eine umfassende Darstellung und Analyse Ihrer Aktion\u00e4rsstruktur.\" \/>\n<meta property=\"og:url\" content=\"https:\/\/www.cometis.de\/de\/services\/investor-access\/share-id\/\" \/>\n<meta property=\"og:site_name\" content=\"cometis AG\" \/>\n<meta property=\"article:modified_time\" content=\"2025-09-27T21:20:37+00:00\" \/>\n<meta property=\"og:image\" content=\"https:\/\/www.cometis.de\/wp-content\/uploads\/2025\/01\/Wimmelbild-with-Background.webp\" \/>\n\t<meta property=\"og:image:width\" content=\"1920\" \/>\n\t<meta property=\"og:image:height\" content=\"1080\" \/>\n\t<meta property=\"og:image:type\" content=\"image\/webp\" \/>\n<meta name=\"twitter:card\" content=\"summary_large_image\" \/>\n<meta name=\"twitter:label1\" content=\"Gesch\u00e4tzte Lesezeit\" \/>\n\t<meta name=\"twitter:data1\" content=\"2\u00a0Minuten\" \/>\n<script type=\"application\/ld+json\" class=\"yoast-schema-graph\">{\"@context\":\"https:\\\/\\\/schema.org\",\"@graph\":[{\"@type\":\"WebPage\",\"@id\":\"https:\\\/\\\/www.cometis.de\\\/de\\\/services\\\/investor-access\\\/share-id\\\/\",\"url\":\"https:\\\/\\\/www.cometis.de\\\/de\\\/services\\\/investor-access\\\/share-id\\\/\",\"name\":\"Shareholder ID \u2013 \u00dcberblick \u00fcber Aktion\u00e4rsstruktur | cometis AG\",\"isPartOf\":{\"@id\":\"https:\\\/\\\/www.cometis.de\\\/de\\\/#website\"},\"primaryImageOfPage\":{\"@id\":\"https:\\\/\\\/www.cometis.de\\\/de\\\/services\\\/investor-access\\\/share-id\\\/#primaryimage\"},\"image\":{\"@id\":\"https:\\\/\\\/www.cometis.de\\\/de\\\/services\\\/investor-access\\\/share-id\\\/#primaryimage\"},\"thumbnailUrl\":\"https:\\\/\\\/www.cometis.de\\\/wp-content\\\/uploads\\\/2025\\\/01\\\/Wimmelbild-with-Background-1024x576.webp\",\"datePublished\":\"2025-01-24T07:38:34+00:00\",\"dateModified\":\"2025-09-27T21:20:37+00:00\",\"description\":\"\\\"Know your Shareholder!\\\" Beauftragen Sie uns mit der Durchf\u00fchrung einer Share ID f\u00fcr eine umfassende Darstellung und Analyse Ihrer Aktion\u00e4rsstruktur.\",\"breadcrumb\":{\"@id\":\"https:\\\/\\\/www.cometis.de\\\/de\\\/services\\\/investor-access\\\/share-id\\\/#breadcrumb\"},\"inLanguage\":\"de\",\"potentialAction\":[{\"@type\":\"ReadAction\",\"target\":[\"https:\\\/\\\/www.cometis.de\\\/de\\\/services\\\/investor-access\\\/share-id\\\/\"]}]},{\"@type\":\"ImageObject\",\"inLanguage\":\"de\",\"@id\":\"https:\\\/\\\/www.cometis.de\\\/de\\\/services\\\/investor-access\\\/share-id\\\/#primaryimage\",\"url\":\"https:\\\/\\\/www.cometis.de\\\/wp-content\\\/uploads\\\/2025\\\/01\\\/Wimmelbild-with-Background-1024x576.webp\",\"contentUrl\":\"https:\\\/\\\/www.cometis.de\\\/wp-content\\\/uploads\\\/2025\\\/01\\\/Wimmelbild-with-Background-1024x576.webp\"},{\"@type\":\"BreadcrumbList\",\"@id\":\"https:\\\/\\\/www.cometis.de\\\/de\\\/services\\\/investor-access\\\/share-id\\\/#breadcrumb\",\"itemListElement\":[{\"@type\":\"ListItem\",\"position\":1,\"name\":\"Home\",\"item\":\"https:\\\/\\\/www.cometis.de\\\/de\\\/\"},{\"@type\":\"ListItem\",\"position\":2,\"name\":\"Services\",\"item\":\"https:\\\/\\\/www.cometis.de\\\/de\\\/services\\\/\"},{\"@type\":\"ListItem\",\"position\":3,\"name\":\"Investor Access\",\"item\":\"https:\\\/\\\/www.cometis.de\\\/de\\\/services\\\/investor-access\\\/\"},{\"@type\":\"ListItem\",\"position\":4,\"name\":\"Shareholder ID\"}]},{\"@type\":\"WebSite\",\"@id\":\"https:\\\/\\\/www.cometis.de\\\/de\\\/#website\",\"url\":\"https:\\\/\\\/www.cometis.de\\\/de\\\/\",\"name\":\"cometis AG\",\"description\":\"Deutschlands f\u00fchrende Investor Relations Agentur\",\"publisher\":{\"@id\":\"https:\\\/\\\/www.cometis.de\\\/de\\\/#organization\"},\"potentialAction\":[{\"@type\":\"SearchAction\",\"target\":{\"@type\":\"EntryPoint\",\"urlTemplate\":\"https:\\\/\\\/www.cometis.de\\\/de\\\/?s={search_term_string}\"},\"query-input\":{\"@type\":\"PropertyValueSpecification\",\"valueRequired\":true,\"valueName\":\"search_term_string\"}}],\"inLanguage\":\"de\"},{\"@type\":\"Organization\",\"@id\":\"https:\\\/\\\/www.cometis.de\\\/de\\\/#organization\",\"name\":\"cometis AG\",\"alternateName\":\"Deutschlands f\u00fchrende Investor Relations Agentur\",\"url\":\"https:\\\/\\\/www.cometis.de\\\/de\\\/\",\"logo\":{\"@type\":\"ImageObject\",\"inLanguage\":\"de\",\"@id\":\"https:\\\/\\\/www.cometis.de\\\/de\\\/#\\\/schema\\\/logo\\\/image\\\/\",\"url\":\"https:\\\/\\\/www.cometis.de\\\/wp-content\\\/uploads\\\/2024\\\/12-old\\\/Cometis-Mobile-Logo-1.png\",\"contentUrl\":\"https:\\\/\\\/www.cometis.de\\\/wp-content\\\/uploads\\\/2024\\\/12-old\\\/Cometis-Mobile-Logo-1.png\",\"width\":171,\"height\":31,\"caption\":\"cometis AG\"},\"image\":{\"@id\":\"https:\\\/\\\/www.cometis.de\\\/de\\\/#\\\/schema\\\/logo\\\/image\\\/\"},\"sameAs\":[\"https:\\\/\\\/www.linkedin.com\\\/company\\\/cometis-ag\\\/\",\"https:\\\/\\\/www.youtube.com\\\/user\\\/cometisAG\"]}]}<\/script>\n<!-- \/ Yoast SEO Premium plugin. -->","yoast_head_json":{"title":"Shareholder ID \u2013 \u00dcberblick \u00fcber Aktion\u00e4rsstruktur | cometis AG","description":"\"Know your Shareholder!\" Beauftragen Sie uns mit der Durchf\u00fchrung einer Share ID f\u00fcr eine umfassende Darstellung und Analyse Ihrer Aktion\u00e4rsstruktur.","robots":{"index":"index","follow":"follow","max-snippet":"max-snippet:-1","max-image-preview":"max-image-preview:large","max-video-preview":"max-video-preview:-1"},"canonical":"https:\/\/www.cometis.de\/de\/services\/investor-access\/share-id\/","og_locale":"de_DE","og_type":"article","og_title":"Shareholder ID","og_description":"\"Know your Shareholder!\" Beauftragen Sie uns mit der Durchf\u00fchrung einer Share ID f\u00fcr eine umfassende Darstellung und Analyse Ihrer Aktion\u00e4rsstruktur.","og_url":"https:\/\/www.cometis.de\/de\/services\/investor-access\/share-id\/","og_site_name":"cometis AG","article_modified_time":"2025-09-27T21:20:37+00:00","og_image":[{"width":1920,"height":1080,"url":"https:\/\/www.cometis.de\/wp-content\/uploads\/2025\/01\/Wimmelbild-with-Background.webp","type":"image\/webp"}],"twitter_card":"summary_large_image","twitter_misc":{"Gesch\u00e4tzte Lesezeit":"2\u00a0Minuten"},"schema":{"@context":"https:\/\/schema.org","@graph":[{"@type":"WebPage","@id":"https:\/\/www.cometis.de\/de\/services\/investor-access\/share-id\/","url":"https:\/\/www.cometis.de\/de\/services\/investor-access\/share-id\/","name":"Shareholder ID \u2013 \u00dcberblick \u00fcber Aktion\u00e4rsstruktur | cometis AG","isPartOf":{"@id":"https:\/\/www.cometis.de\/de\/#website"},"primaryImageOfPage":{"@id":"https:\/\/www.cometis.de\/de\/services\/investor-access\/share-id\/#primaryimage"},"image":{"@id":"https:\/\/www.cometis.de\/de\/services\/investor-access\/share-id\/#primaryimage"},"thumbnailUrl":"https:\/\/www.cometis.de\/wp-content\/uploads\/2025\/01\/Wimmelbild-with-Background-1024x576.webp","datePublished":"2025-01-24T07:38:34+00:00","dateModified":"2025-09-27T21:20:37+00:00","description":"\"Know your Shareholder!\" Beauftragen Sie uns mit der Durchf\u00fchrung einer Share ID f\u00fcr eine umfassende Darstellung und Analyse Ihrer Aktion\u00e4rsstruktur.","breadcrumb":{"@id":"https:\/\/www.cometis.de\/de\/services\/investor-access\/share-id\/#breadcrumb"},"inLanguage":"de","potentialAction":[{"@type":"ReadAction","target":["https:\/\/www.cometis.de\/de\/services\/investor-access\/share-id\/"]}]},{"@type":"ImageObject","inLanguage":"de","@id":"https:\/\/www.cometis.de\/de\/services\/investor-access\/share-id\/#primaryimage","url":"https:\/\/www.cometis.de\/wp-content\/uploads\/2025\/01\/Wimmelbild-with-Background-1024x576.webp","contentUrl":"https:\/\/www.cometis.de\/wp-content\/uploads\/2025\/01\/Wimmelbild-with-Background-1024x576.webp"},{"@type":"BreadcrumbList","@id":"https:\/\/www.cometis.de\/de\/services\/investor-access\/share-id\/#breadcrumb","itemListElement":[{"@type":"ListItem","position":1,"name":"Home","item":"https:\/\/www.cometis.de\/de\/"},{"@type":"ListItem","position":2,"name":"Services","item":"https:\/\/www.cometis.de\/de\/services\/"},{"@type":"ListItem","position":3,"name":"Investor Access","item":"https:\/\/www.cometis.de\/de\/services\/investor-access\/"},{"@type":"ListItem","position":4,"name":"Shareholder ID"}]},{"@type":"WebSite","@id":"https:\/\/www.cometis.de\/de\/#website","url":"https:\/\/www.cometis.de\/de\/","name":"cometis AG","description":"Deutschlands f\u00fchrende Investor Relations Agentur","publisher":{"@id":"https:\/\/www.cometis.de\/de\/#organization"},"potentialAction":[{"@type":"SearchAction","target":{"@type":"EntryPoint","urlTemplate":"https:\/\/www.cometis.de\/de\/?s={search_term_string}"},"query-input":{"@type":"PropertyValueSpecification","valueRequired":true,"valueName":"search_term_string"}}],"inLanguage":"de"},{"@type":"Organization","@id":"https:\/\/www.cometis.de\/de\/#organization","name":"cometis AG","alternateName":"Deutschlands f\u00fchrende Investor Relations Agentur","url":"https:\/\/www.cometis.de\/de\/","logo":{"@type":"ImageObject","inLanguage":"de","@id":"https:\/\/www.cometis.de\/de\/#\/schema\/logo\/image\/","url":"https:\/\/www.cometis.de\/wp-content\/uploads\/2024\/12-old\/Cometis-Mobile-Logo-1.png","contentUrl":"https:\/\/www.cometis.de\/wp-content\/uploads\/2024\/12-old\/Cometis-Mobile-Logo-1.png","width":171,"height":31,"caption":"cometis AG"},"image":{"@id":"https:\/\/www.cometis.de\/de\/#\/schema\/logo\/image\/"},"sameAs":["https:\/\/www.linkedin.com\/company\/cometis-ag\/","https:\/\/www.youtube.com\/user\/cometisAG"]}]}},"_links":{"self":[{"href":"https:\/\/www.cometis.de\/de\/wp-json\/wp\/v2\/pages\/5393","targetHints":{"allow":["GET"]}}],"collection":[{"href":"https:\/\/www.cometis.de\/de\/wp-json\/wp\/v2\/pages"}],"about":[{"href":"https:\/\/www.cometis.de\/de\/wp-json\/wp\/v2\/types\/page"}],"author":[{"embeddable":true,"href":"https:\/\/www.cometis.de\/de\/wp-json\/wp\/v2\/users\/1"}],"replies":[{"embeddable":true,"href":"https:\/\/www.cometis.de\/de\/wp-json\/wp\/v2\/comments?post=5393"}],"version-history":[{"count":6,"href":"https:\/\/www.cometis.de\/de\/wp-json\/wp\/v2\/pages\/5393\/revisions"}],"predecessor-version":[{"id":109981,"href":"https:\/\/www.cometis.de\/de\/wp-json\/wp\/v2\/pages\/5393\/revisions\/109981"}],"up":[{"embeddable":true,"href":"https:\/\/www.cometis.de\/de\/wp-json\/wp\/v2\/pages\/764"}],"wp:attachment":[{"href":"https:\/\/www.cometis.de\/de\/wp-json\/wp\/v2\/media?parent=5393"}],"curies":[{"name":"wp","href":"https:\/\/api.w.org\/{rel}","templated":true}]}}