{"id":5444,"date":"2025-01-24T09:08:34","date_gmt":"2025-01-24T08:08:34","guid":{"rendered":"https:\/\/cometis.de\/?page_id=5444"},"modified":"2025-02-17T13:58:27","modified_gmt":"2025-02-17T12:58:27","slug":"esg-referenzen","status":"publish","type":"page","link":"https:\/\/www.cometis.de\/de\/cometis-ag\/referenzen\/esg-referenzen\/","title":{"rendered":"ESG &#8211; Referenzen"},"content":{"rendered":"\t\t<div data-elementor-type=\"wp-page\" data-elementor-id=\"5444\" class=\"elementor elementor-5444\" data-elementor-post-type=\"page\">\n\t\t\t\t<div class=\"elementor-element elementor-element-c075b57 e-flex e-con-boxed e-con e-parent\" data-id=\"c075b57\" data-element_type=\"container\" data-e-type=\"container\">\n\t\t\t\t\t<div class=\"e-con-inner\">\n\t\t\t\t<div class=\"elementor-element elementor-element-448c388 elementor-widget elementor-widget-template\" data-id=\"448c388\" data-element_type=\"widget\" data-e-type=\"widget\" data-widget_type=\"template.default\">\n\t\t\t\t<div class=\"elementor-widget-container\">\n\t\t\t\t\t\t\t<div class=\"elementor-template\">\n\t\t\t\t\t<div data-elementor-type=\"section\" data-elementor-id=\"3688\" class=\"elementor elementor-3688\" data-elementor-post-type=\"elementor_library\">\n\t\t\t<div class=\"elementor-element elementor-element-1f34e34 e-flex e-con-boxed e-con e-parent\" data-id=\"1f34e34\" data-element_type=\"container\" data-e-type=\"container\">\n\t\t\t\t\t<div class=\"e-con-inner\">\n\t\t<div class=\"elementor-element elementor-element-e68c844 e-con-full e-flex e-con e-child\" data-id=\"e68c844\" data-element_type=\"container\" data-e-type=\"container\" data-settings=\"{&quot;background_background&quot;:&quot;classic&quot;}\">\n\t\t\t\t<div class=\"elementor-element elementor-element-47470af elementor-widget elementor-widget-heading\" data-id=\"47470af\" data-element_type=\"widget\" data-e-type=\"widget\" data-widget_type=\"heading.default\">\n\t\t\t\t<div class=\"elementor-widget-container\">\n\t\t\t\t\t<h1 class=\"elementor-heading-title elementor-size-default\">ESG<\/h1>\t\t\t\t<\/div>\n\t\t\t\t<\/div>\n\t\t\t\t<\/div>\n\t\t<div class=\"elementor-element elementor-element-b7dac6f e-con-full e-flex e-con e-child\" data-id=\"b7dac6f\" data-element_type=\"container\" data-e-type=\"container\">\n\t\t\t\t<div class=\"elementor-element elementor-element-ce54cc3 elementor-align-left elementor-widget elementor-widget-breadcrumbs\" data-id=\"ce54cc3\" data-element_type=\"widget\" data-e-type=\"widget\" data-widget_type=\"breadcrumbs.default\">\n\t\t\t\t<div class=\"elementor-widget-container\">\n\t\t\t\t\t<div id=\"breadcrumbs\"><span><span><a href=\"https:\/\/www.cometis.de\/de\/\">Home<\/a><\/span><\/span><\/div>\t\t\t\t<\/div>\n\t\t\t\t<\/div>\n\t\t\t\t<\/div>\n\t\t\t\t\t<\/div>\n\t\t\t\t<\/div>\n\t\t\t\t<\/div>\n\t\t\t\t<\/div>\n\t\t\t\t\t\t<\/div>\n\t\t\t\t<\/div>\n\t\t\t\t\t<\/div>\n\t\t\t\t<\/div>\n\t\t<div class=\"elementor-element elementor-element-d383aa4 cmn-sidebar-content reference-common-page e-flex e-con-boxed e-con e-parent\" data-id=\"d383aa4\" data-element_type=\"container\" data-e-type=\"container\" data-settings=\"{&quot;background_background&quot;:&quot;classic&quot;,&quot;background_motion_fx_motion_fx_scrolling&quot;:&quot;yes&quot;,&quot;background_motion_fx_translateY_effect&quot;:&quot;yes&quot;,&quot;background_motion_fx_translateY_speed&quot;:{&quot;unit&quot;:&quot;px&quot;,&quot;size&quot;:2,&quot;sizes&quot;:[]},&quot;background_motion_fx_translateY_direction&quot;:&quot;negative&quot;,&quot;background_motion_fx_translateY_affectedRange&quot;:{&quot;unit&quot;:&quot;%&quot;,&quot;size&quot;:&quot;&quot;,&quot;sizes&quot;:{&quot;start&quot;:0,&quot;end&quot;:100}},&quot;background_motion_fx_devices&quot;:[&quot;desktop&quot;,&quot;tablet&quot;,&quot;mobile&quot;]}\">\n\t\t\t\t\t<div class=\"e-con-inner\">\n\t\t<div class=\"elementor-element elementor-element-23ce1ff e-con-full cmn-sidebar-content p-100 e-flex e-con e-child\" data-id=\"23ce1ff\" data-element_type=\"container\" data-e-type=\"container\">\n\t\t<div class=\"elementor-element elementor-element-8c04074 e-con-full cmn-content-box e-flex e-con e-child\" data-id=\"8c04074\" data-element_type=\"container\" data-e-type=\"container\">\n\t\t<div class=\"elementor-element elementor-element-ec37f1e e-con-full cmn-content-box-container e-flex e-con e-child\" data-id=\"ec37f1e\" data-element_type=\"container\" data-e-type=\"container\">\n\t\t\t\t<div class=\"elementor-element elementor-element-d4a5bb6 elementor-widget elementor-widget-heading\" data-id=\"d4a5bb6\" data-element_type=\"widget\" data-e-type=\"widget\" data-widget_type=\"heading.default\">\n\t\t\t\t<div class=\"elementor-widget-container\">\n\t\t\t\t\t<h2 class=\"elementor-heading-title elementor-size-default\">ESG<\/h2>\t\t\t\t<\/div>\n\t\t\t\t<\/div>\n\t\t\t\t<div class=\"elementor-element elementor-element-e51edfb elementor-widget elementor-widget-text-editor\" data-id=\"e51edfb\" data-element_type=\"widget\" data-e-type=\"widget\" data-widget_type=\"text-editor.default\">\n\t\t\t\t<div class=\"elementor-widget-container\">\n\t\t\t\t\t\t\t\t\t<p>Mit unserer langj\u00e4hrigen Erfahrung im Bereich ESG-Beratung waren wir f\u00fcr die aufgef\u00fchrten Unternehmen und Regierungen ein hilfreicher Partner und Ansprechpartner.<\/p>\t\t\t\t\t\t\t\t<\/div>\n\t\t\t\t<\/div>\n\t\t\t\t<\/div>\n\t\t<div class=\"elementor-element elementor-element-5d2aded e-con-full cmn-content-box-container e-flex e-con e-child\" data-id=\"5d2aded\" data-element_type=\"container\" data-e-type=\"container\">\n\t\t\t\t<div class=\"elementor-element elementor-element-dc1876c elementor-widget elementor-widget-shortcode\" data-id=\"dc1876c\" data-element_type=\"widget\" data-e-type=\"widget\" data-widget_type=\"shortcode.default\">\n\t\t\t\t<div class=\"elementor-widget-container\">\n\t\t\t\t\t\t\t<div class=\"elementor-shortcode\"><div class=\"references--container\"><div class=\"references-column\"><img decoding=\"async\" src=\"https:\/\/www.cometis.de\/wp-content\/uploads\/2022\/01\/hgears-1-1.png\" alt=\"\" width=\"250\" height=\"111\"><div class=\"divider-reference\"><\/div><div class=\"references-category\">ESG-Advisory<\/div><\/div><div class=\"references-column\"><img decoding=\"async\" src=\"https:\/\/www.cometis.de\/wp-content\/uploads\/2022\/01\/biotest-1.png\" alt=\"Biotest\" width=\"250\" height=\"111\"><div class=\"divider-reference\"><\/div><div class=\"references-category\">ESG-Advisory<\/div><\/div><div class=\"references-column\"><img decoding=\"async\" src=\"https:\/\/www.cometis.de\/wp-content\/uploads\/2022\/02\/vaqtec.png\" alt=\"\" width=\"250\" height=\"111\"><div class=\"divider-reference\"><\/div><div class=\"references-category\">ESG-Advisory<\/div><\/div><div class=\"references-column\"><img loading=\"lazy\" decoding=\"async\" src=\"https:\/\/www.cometis.de\/wp-content\/uploads\/2022\/01\/koenig-bauer.png\" alt=\"\" width=\"250\" height=\"111\"><div class=\"divider-reference\"><\/div><div class=\"references-category\">ESG-Advisory<\/div><\/div><div class=\"references-column\"><img loading=\"lazy\" decoding=\"async\" src=\"https:\/\/www.cometis.de\/wp-content\/uploads\/2022\/01\/procredit-bank-1.png\" alt=\"\" width=\"250\" height=\"111\"><div class=\"divider-reference\"><\/div><div class=\"references-category\">ESG-Advisory<\/div><\/div><div class=\"references-column\"><img loading=\"lazy\" decoding=\"async\" src=\"https:\/\/www.cometis.de\/wp-content\/uploads\/2022\/01\/manz-passion-for-efficiency-1.png\" alt=\"\" width=\"250\" height=\"111\"><div class=\"divider-reference\"><\/div><div class=\"references-category\">ESG-Advisory<\/div><\/div><div class=\"references-column\"><img loading=\"lazy\" decoding=\"async\" src=\"https:\/\/www.cometis.de\/wp-content\/uploads\/2022\/02\/dermapharm-holding-se1.png\" alt=\"Dermapharm\" width=\"250\" height=\"111\"><div class=\"divider-reference\"><\/div><div class=\"references-category\">ESG-Advisory<\/div><\/div><div class=\"references-column\"><img loading=\"lazy\" decoding=\"async\" src=\"https:\/\/www.cometis.de\/wp-content\/uploads\/2022\/01\/kps.png\" alt=\"\" width=\"250\" height=\"111\"><div class=\"divider-reference\"><\/div><div class=\"references-category\">ESG-Advisory<\/div><\/div><div class=\"references-column\"><img loading=\"lazy\" decoding=\"async\" src=\"https:\/\/www.cometis.de\/wp-content\/uploads\/2022\/01\/flag-of-uzbekistan-1.png\" alt=\"\" width=\"250\" height=\"111\"><div class=\"divider-reference\"><\/div><div class=\"references-category\">ESG-Advisory<\/div><\/div><div class=\"references-column\"><img loading=\"lazy\" decoding=\"async\" src=\"https:\/\/www.cometis.de\/wp-content\/uploads\/2022\/01\/kromi-tooling-1.png\" alt=\"\" width=\"250\" height=\"111\"><div class=\"divider-reference\"><\/div><div class=\"references-category\">ESG-Advisory<\/div><\/div><div class=\"references-column\"><img loading=\"lazy\" decoding=\"async\" src=\"https:\/\/www.cometis.de\/wp-content\/uploads\/2022\/02\/vaqtec.png\" alt=\"vaqtec\" width=\"250\" height=\"111\"><div class=\"divider-reference\"><\/div><div class=\"references-category\">ESG-Advisory<\/div><\/div><div class=\"references-column\"><img loading=\"lazy\" decoding=\"async\" src=\"https:\/\/www.cometis.de\/wp-content\/uploads\/2022\/01\/compleo-1.png\" alt=\"\" width=\"250\" height=\"111\"><div class=\"divider-reference\"><\/div><div class=\"references-category\">ESG-Advisory<\/div><\/div><div class=\"references-column\"><img loading=\"lazy\" decoding=\"async\" src=\"https:\/\/www.cometis.de\/wp-content\/uploads\/2022\/01\/leifheit-1.png\" alt=\"\" width=\"250\" height=\"111\"><div class=\"divider-reference\"><\/div><div class=\"references-category\">ESG-Advisory<\/div><\/div><div class=\"references-column\"><img loading=\"lazy\" decoding=\"async\" src=\"https:\/\/www.cometis.de\/wp-content\/uploads\/2022\/01\/bauer-1.png\" alt=\"\" width=\"250\" height=\"111\"><div class=\"divider-reference\"><\/div><div class=\"references-category\">ESG-Advisory<\/div><\/div><div class=\"references-column\"><img loading=\"lazy\" decoding=\"async\" src=\"https:\/\/www.cometis.de\/wp-content\/uploads\/2022\/01\/scharf.png\" alt=\"\" width=\"250\" height=\"111\"><div class=\"divider-reference\"><\/div><div class=\"references-category\">ESG-Advisory<\/div><\/div><div class=\"references-column\"><img loading=\"lazy\" decoding=\"async\" src=\"https:\/\/www.cometis.de\/wp-content\/uploads\/2017\/06\/Delticom.png\" alt=\"\" width=\"195\" height=\"60\"><div class=\"divider-reference\"><\/div><div class=\"references-category\">ESG-Advisory<\/div><\/div><div class=\"references-column\"><img loading=\"lazy\" decoding=\"async\" src=\"https:\/\/www.cometis.de\/wp-content\/uploads\/2022\/01\/hgears-1-1.png\" alt=\"hGears\" width=\"250\" height=\"111\"><div class=\"divider-reference\"><\/div><div class=\"references-category\">ESG-Advisory<\/div><\/div><div class=\"references-column\"><img loading=\"lazy\" decoding=\"async\" src=\"https:\/\/www.cometis.de\/wp-content\/uploads\/2022\/01\/zeal-1.png\" alt=\"\" width=\"250\" height=\"111\"><div class=\"divider-reference\"><\/div><div class=\"references-category\">ESG-Advisory<\/div><\/div><\/div> <\/div>\n\t\t\t\t\t\t<\/div>\n\t\t\t\t<\/div>\n\t\t\t\t<\/div>\n\t\t\t\t<\/div>\n\t\t\t\t<\/div>\n\t\t\t\t\t<\/div>\n\t\t\t\t<\/div>\n\t\t\t\t<\/div>\n\t\t","protected":false},"excerpt":{"rendered":"<p>ESG Mit unserer langj\u00e4hrigen Erfahrung im Bereich ESG-Beratung waren wir f\u00fcr die aufgef\u00fchrten Unternehmen und Regierungen ein hilfreicher Partner und Ansprechpartner.<\/p>\n","protected":false},"author":1,"featured_media":0,"parent":1471,"menu_order":0,"comment_status":"closed","ping_status":"open","template":"","meta":{"_acf_changed":false,"footnotes":""},"class_list":["post-5444","page","type-page","status-publish","hentry"],"acf":[],"yoast_head":"<!-- This site is optimized with the Yoast SEO Premium plugin v26.2 (Yoast SEO v27.4) - https:\/\/yoast.com\/product\/yoast-seo-premium-wordpress\/ -->\n<title>Referenzen der cometis AG im Bereich ESG | cometis AG<\/title>\n<meta name=\"description\" content=\"Mit unserer langj\u00e4hrigen Erfahrung im Bereich ESG-Beratung waren wir f\u00fcr die aufgef\u00fchrten Unternehmen und Regierungen t\u00e4tig.\" \/>\n<meta name=\"robots\" content=\"index, follow, max-snippet:-1, max-image-preview:large, max-video-preview:-1\" \/>\n<link rel=\"canonical\" href=\"https:\/\/www.cometis.de\/de\/cometis-ag\/referenzen\/esg-referenzen\/\" \/>\n<meta property=\"og:locale\" content=\"de_DE\" \/>\n<meta property=\"og:type\" content=\"article\" \/>\n<meta property=\"og:title\" content=\"ESG - Referenzen\" \/>\n<meta property=\"og:description\" content=\"Mit unserer langj\u00e4hrigen Erfahrung im Bereich ESG-Beratung waren wir f\u00fcr die aufgef\u00fchrten Unternehmen und Regierungen t\u00e4tig.\" \/>\n<meta property=\"og:url\" content=\"https:\/\/www.cometis.de\/de\/cometis-ag\/referenzen\/esg-referenzen\/\" \/>\n<meta property=\"og:site_name\" content=\"cometis AG\" \/>\n<meta property=\"article:modified_time\" content=\"2025-02-17T12:58:27+00:00\" \/>\n<meta property=\"og:image\" content=\"https:\/\/www.cometis.de\/wp-content\/uploads\/2024\/12-old\/Cometis-Mobile-Logo-1.png\" \/>\n\t<meta property=\"og:image:width\" content=\"171\" \/>\n\t<meta property=\"og:image:height\" content=\"31\" \/>\n\t<meta property=\"og:image:type\" content=\"image\/png\" \/>\n<meta name=\"twitter:card\" content=\"summary_large_image\" \/>\n<meta name=\"twitter:label1\" content=\"Gesch\u00e4tzte Lesezeit\" \/>\n\t<meta name=\"twitter:data1\" content=\"1\u00a0Minute\" \/>\n<script type=\"application\/ld+json\" class=\"yoast-schema-graph\">{\"@context\":\"https:\\\/\\\/schema.org\",\"@graph\":[{\"@type\":\"WebPage\",\"@id\":\"https:\\\/\\\/www.cometis.de\\\/de\\\/cometis-ag\\\/referenzen\\\/esg-referenzen\\\/\",\"url\":\"https:\\\/\\\/www.cometis.de\\\/de\\\/cometis-ag\\\/referenzen\\\/esg-referenzen\\\/\",\"name\":\"Referenzen der cometis AG im Bereich ESG | cometis AG\",\"isPartOf\":{\"@id\":\"https:\\\/\\\/www.cometis.de\\\/de\\\/#website\"},\"datePublished\":\"2025-01-24T08:08:34+00:00\",\"dateModified\":\"2025-02-17T12:58:27+00:00\",\"description\":\"Mit unserer langj\u00e4hrigen Erfahrung im Bereich ESG-Beratung waren wir f\u00fcr die aufgef\u00fchrten Unternehmen und Regierungen t\u00e4tig.\",\"breadcrumb\":{\"@id\":\"https:\\\/\\\/www.cometis.de\\\/de\\\/cometis-ag\\\/referenzen\\\/esg-referenzen\\\/#breadcrumb\"},\"inLanguage\":\"de\",\"potentialAction\":[{\"@type\":\"ReadAction\",\"target\":[\"https:\\\/\\\/www.cometis.de\\\/de\\\/cometis-ag\\\/referenzen\\\/esg-referenzen\\\/\"]}]},{\"@type\":\"BreadcrumbList\",\"@id\":\"https:\\\/\\\/www.cometis.de\\\/de\\\/cometis-ag\\\/referenzen\\\/esg-referenzen\\\/#breadcrumb\",\"itemListElement\":[{\"@type\":\"ListItem\",\"position\":1,\"name\":\"Home\",\"item\":\"https:\\\/\\\/www.cometis.de\\\/de\\\/\"},{\"@type\":\"ListItem\",\"position\":2,\"name\":\"About\",\"item\":\"https:\\\/\\\/www.cometis.de\\\/de\\\/cometis-ag\\\/\"},{\"@type\":\"ListItem\",\"position\":3,\"name\":\"Referenzen\",\"item\":\"https:\\\/\\\/www.cometis.de\\\/de\\\/cometis-ag\\\/referenzen\\\/\"},{\"@type\":\"ListItem\",\"position\":4,\"name\":\"ESG &#8211; Referenzen\"}]},{\"@type\":\"WebSite\",\"@id\":\"https:\\\/\\\/www.cometis.de\\\/de\\\/#website\",\"url\":\"https:\\\/\\\/www.cometis.de\\\/de\\\/\",\"name\":\"cometis AG\",\"description\":\"Deutschlands f\u00fchrende Investor Relations Agentur\",\"publisher\":{\"@id\":\"https:\\\/\\\/www.cometis.de\\\/de\\\/#organization\"},\"potentialAction\":[{\"@type\":\"SearchAction\",\"target\":{\"@type\":\"EntryPoint\",\"urlTemplate\":\"https:\\\/\\\/www.cometis.de\\\/de\\\/?s={search_term_string}\"},\"query-input\":{\"@type\":\"PropertyValueSpecification\",\"valueRequired\":true,\"valueName\":\"search_term_string\"}}],\"inLanguage\":\"de\"},{\"@type\":\"Organization\",\"@id\":\"https:\\\/\\\/www.cometis.de\\\/de\\\/#organization\",\"name\":\"cometis AG\",\"alternateName\":\"Deutschlands f\u00fchrende Investor Relations Agentur\",\"url\":\"https:\\\/\\\/www.cometis.de\\\/de\\\/\",\"logo\":{\"@type\":\"ImageObject\",\"inLanguage\":\"de\",\"@id\":\"https:\\\/\\\/www.cometis.de\\\/de\\\/#\\\/schema\\\/logo\\\/image\\\/\",\"url\":\"https:\\\/\\\/www.cometis.de\\\/wp-content\\\/uploads\\\/2024\\\/12-old\\\/Cometis-Mobile-Logo-1.png\",\"contentUrl\":\"https:\\\/\\\/www.cometis.de\\\/wp-content\\\/uploads\\\/2024\\\/12-old\\\/Cometis-Mobile-Logo-1.png\",\"width\":171,\"height\":31,\"caption\":\"cometis AG\"},\"image\":{\"@id\":\"https:\\\/\\\/www.cometis.de\\\/de\\\/#\\\/schema\\\/logo\\\/image\\\/\"},\"sameAs\":[\"https:\\\/\\\/www.linkedin.com\\\/company\\\/cometis-ag\\\/\",\"https:\\\/\\\/www.youtube.com\\\/user\\\/cometisAG\"]}]}<\/script>\n<!-- \/ Yoast SEO Premium plugin. -->","yoast_head_json":{"title":"Referenzen der cometis AG im Bereich ESG | cometis AG","description":"Mit unserer langj\u00e4hrigen Erfahrung im Bereich ESG-Beratung waren wir f\u00fcr die aufgef\u00fchrten Unternehmen und Regierungen t\u00e4tig.","robots":{"index":"index","follow":"follow","max-snippet":"max-snippet:-1","max-image-preview":"max-image-preview:large","max-video-preview":"max-video-preview:-1"},"canonical":"https:\/\/www.cometis.de\/de\/cometis-ag\/referenzen\/esg-referenzen\/","og_locale":"de_DE","og_type":"article","og_title":"ESG - Referenzen","og_description":"Mit unserer langj\u00e4hrigen Erfahrung im Bereich ESG-Beratung waren wir f\u00fcr die aufgef\u00fchrten Unternehmen und Regierungen t\u00e4tig.","og_url":"https:\/\/www.cometis.de\/de\/cometis-ag\/referenzen\/esg-referenzen\/","og_site_name":"cometis AG","article_modified_time":"2025-02-17T12:58:27+00:00","og_image":[{"width":171,"height":31,"url":"https:\/\/www.cometis.de\/wp-content\/uploads\/2024\/12-old\/Cometis-Mobile-Logo-1.png","type":"image\/png"}],"twitter_card":"summary_large_image","twitter_misc":{"Gesch\u00e4tzte Lesezeit":"1\u00a0Minute"},"schema":{"@context":"https:\/\/schema.org","@graph":[{"@type":"WebPage","@id":"https:\/\/www.cometis.de\/de\/cometis-ag\/referenzen\/esg-referenzen\/","url":"https:\/\/www.cometis.de\/de\/cometis-ag\/referenzen\/esg-referenzen\/","name":"Referenzen der cometis AG im Bereich ESG | cometis AG","isPartOf":{"@id":"https:\/\/www.cometis.de\/de\/#website"},"datePublished":"2025-01-24T08:08:34+00:00","dateModified":"2025-02-17T12:58:27+00:00","description":"Mit unserer langj\u00e4hrigen Erfahrung im Bereich ESG-Beratung waren wir f\u00fcr die aufgef\u00fchrten Unternehmen und Regierungen t\u00e4tig.","breadcrumb":{"@id":"https:\/\/www.cometis.de\/de\/cometis-ag\/referenzen\/esg-referenzen\/#breadcrumb"},"inLanguage":"de","potentialAction":[{"@type":"ReadAction","target":["https:\/\/www.cometis.de\/de\/cometis-ag\/referenzen\/esg-referenzen\/"]}]},{"@type":"BreadcrumbList","@id":"https:\/\/www.cometis.de\/de\/cometis-ag\/referenzen\/esg-referenzen\/#breadcrumb","itemListElement":[{"@type":"ListItem","position":1,"name":"Home","item":"https:\/\/www.cometis.de\/de\/"},{"@type":"ListItem","position":2,"name":"About","item":"https:\/\/www.cometis.de\/de\/cometis-ag\/"},{"@type":"ListItem","position":3,"name":"Referenzen","item":"https:\/\/www.cometis.de\/de\/cometis-ag\/referenzen\/"},{"@type":"ListItem","position":4,"name":"ESG &#8211; Referenzen"}]},{"@type":"WebSite","@id":"https:\/\/www.cometis.de\/de\/#website","url":"https:\/\/www.cometis.de\/de\/","name":"cometis AG","description":"Deutschlands f\u00fchrende Investor Relations Agentur","publisher":{"@id":"https:\/\/www.cometis.de\/de\/#organization"},"potentialAction":[{"@type":"SearchAction","target":{"@type":"EntryPoint","urlTemplate":"https:\/\/www.cometis.de\/de\/?s={search_term_string}"},"query-input":{"@type":"PropertyValueSpecification","valueRequired":true,"valueName":"search_term_string"}}],"inLanguage":"de"},{"@type":"Organization","@id":"https:\/\/www.cometis.de\/de\/#organization","name":"cometis AG","alternateName":"Deutschlands f\u00fchrende Investor Relations Agentur","url":"https:\/\/www.cometis.de\/de\/","logo":{"@type":"ImageObject","inLanguage":"de","@id":"https:\/\/www.cometis.de\/de\/#\/schema\/logo\/image\/","url":"https:\/\/www.cometis.de\/wp-content\/uploads\/2024\/12-old\/Cometis-Mobile-Logo-1.png","contentUrl":"https:\/\/www.cometis.de\/wp-content\/uploads\/2024\/12-old\/Cometis-Mobile-Logo-1.png","width":171,"height":31,"caption":"cometis AG"},"image":{"@id":"https:\/\/www.cometis.de\/de\/#\/schema\/logo\/image\/"},"sameAs":["https:\/\/www.linkedin.com\/company\/cometis-ag\/","https:\/\/www.youtube.com\/user\/cometisAG"]}]}},"_links":{"self":[{"href":"https:\/\/www.cometis.de\/de\/wp-json\/wp\/v2\/pages\/5444","targetHints":{"allow":["GET"]}}],"collection":[{"href":"https:\/\/www.cometis.de\/de\/wp-json\/wp\/v2\/pages"}],"about":[{"href":"https:\/\/www.cometis.de\/de\/wp-json\/wp\/v2\/types\/page"}],"author":[{"embeddable":true,"href":"https:\/\/www.cometis.de\/de\/wp-json\/wp\/v2\/users\/1"}],"replies":[{"embeddable":true,"href":"https:\/\/www.cometis.de\/de\/wp-json\/wp\/v2\/comments?post=5444"}],"version-history":[{"count":3,"href":"https:\/\/www.cometis.de\/de\/wp-json\/wp\/v2\/pages\/5444\/revisions"}],"predecessor-version":[{"id":107190,"href":"https:\/\/www.cometis.de\/de\/wp-json\/wp\/v2\/pages\/5444\/revisions\/107190"}],"up":[{"embeddable":true,"href":"https:\/\/www.cometis.de\/de\/wp-json\/wp\/v2\/pages\/1471"}],"wp:attachment":[{"href":"https:\/\/www.cometis.de\/de\/wp-json\/wp\/v2\/media?parent=5444"}],"curies":[{"name":"wp","href":"https:\/\/api.w.org\/{rel}","templated":true}]}}