{"id":5457,"date":"2025-01-24T09:13:23","date_gmt":"2025-01-24T08:13:23","guid":{"rendered":"https:\/\/cometis.de\/?page_id=5457"},"modified":"2025-02-17T14:32:20","modified_gmt":"2025-02-17T13:32:20","slug":"krisenkommunikation-referenzen","status":"publish","type":"page","link":"https:\/\/www.cometis.de\/de\/krisenkommunikation-referenzen\/","title":{"rendered":"Referenzen Krisenkommunikation"},"content":{"rendered":"\t\t<div data-elementor-type=\"wp-page\" data-elementor-id=\"5457\" class=\"elementor elementor-5457\" data-elementor-post-type=\"page\">\n\t\t\t\t<div class=\"elementor-element elementor-element-e7c7d23 e-flex e-con-boxed e-con e-parent\" data-id=\"e7c7d23\" data-element_type=\"container\" data-e-type=\"container\">\n\t\t\t\t\t<div class=\"e-con-inner\">\n\t\t\t\t<div class=\"elementor-element elementor-element-0cf805e elementor-widget elementor-widget-template\" data-id=\"0cf805e\" data-element_type=\"widget\" data-e-type=\"widget\" data-widget_type=\"template.default\">\n\t\t\t\t<div class=\"elementor-widget-container\">\n\t\t\t\t\t\t\t<div class=\"elementor-template\">\n\t\t\t\t\t<div data-elementor-type=\"section\" data-elementor-id=\"3688\" class=\"elementor elementor-3688\" data-elementor-post-type=\"elementor_library\">\n\t\t\t<div class=\"elementor-element elementor-element-1f34e34 e-flex e-con-boxed e-con e-parent\" data-id=\"1f34e34\" data-element_type=\"container\" data-e-type=\"container\">\n\t\t\t\t\t<div class=\"e-con-inner\">\n\t\t<div class=\"elementor-element elementor-element-e68c844 e-con-full e-flex e-con e-child\" data-id=\"e68c844\" data-element_type=\"container\" data-e-type=\"container\" data-settings=\"{&quot;background_background&quot;:&quot;classic&quot;}\">\n\t\t\t\t<div class=\"elementor-element elementor-element-47470af elementor-widget elementor-widget-heading\" data-id=\"47470af\" data-element_type=\"widget\" data-e-type=\"widget\" data-widget_type=\"heading.default\">\n\t\t\t\t<div class=\"elementor-widget-container\">\n\t\t\t\t\t<h1 class=\"elementor-heading-title elementor-size-default\">Krisen- kommunikation<\/h1>\t\t\t\t<\/div>\n\t\t\t\t<\/div>\n\t\t\t\t<\/div>\n\t\t<div class=\"elementor-element elementor-element-b7dac6f e-con-full e-flex e-con e-child\" data-id=\"b7dac6f\" data-element_type=\"container\" data-e-type=\"container\">\n\t\t\t\t<div class=\"elementor-element elementor-element-ce54cc3 elementor-align-left elementor-widget elementor-widget-breadcrumbs\" data-id=\"ce54cc3\" data-element_type=\"widget\" data-e-type=\"widget\" data-widget_type=\"breadcrumbs.default\">\n\t\t\t\t<div class=\"elementor-widget-container\">\n\t\t\t\t\t<div id=\"breadcrumbs\"><span><span><a href=\"https:\/\/www.cometis.de\/de\/\">Home<\/a><\/span><\/span><\/div>\t\t\t\t<\/div>\n\t\t\t\t<\/div>\n\t\t\t\t<\/div>\n\t\t\t\t\t<\/div>\n\t\t\t\t<\/div>\n\t\t\t\t<\/div>\n\t\t\t\t<\/div>\n\t\t\t\t\t\t<\/div>\n\t\t\t\t<\/div>\n\t\t\t\t\t<\/div>\n\t\t\t\t<\/div>\n\t\t<div class=\"elementor-element elementor-element-6606e2e cmn-sidebar-content reference-common-page e-flex e-con-boxed e-con e-parent\" data-id=\"6606e2e\" data-element_type=\"container\" data-e-type=\"container\" data-settings=\"{&quot;background_background&quot;:&quot;classic&quot;,&quot;background_motion_fx_motion_fx_scrolling&quot;:&quot;yes&quot;,&quot;background_motion_fx_translateY_effect&quot;:&quot;yes&quot;,&quot;background_motion_fx_translateY_speed&quot;:{&quot;unit&quot;:&quot;px&quot;,&quot;size&quot;:2,&quot;sizes&quot;:[]},&quot;background_motion_fx_translateY_direction&quot;:&quot;negative&quot;,&quot;background_motion_fx_translateY_affectedRange&quot;:{&quot;unit&quot;:&quot;%&quot;,&quot;size&quot;:&quot;&quot;,&quot;sizes&quot;:{&quot;start&quot;:0,&quot;end&quot;:100}},&quot;background_motion_fx_devices&quot;:[&quot;desktop&quot;,&quot;tablet&quot;,&quot;mobile&quot;]}\">\n\t\t\t\t\t<div class=\"e-con-inner\">\n\t\t<div class=\"elementor-element elementor-element-31d2d69 e-con-full cmn-sidebar-content p-100 e-flex e-con e-child\" data-id=\"31d2d69\" data-element_type=\"container\" data-e-type=\"container\">\n\t\t<div class=\"elementor-element elementor-element-572fc6b e-con-full cmn-content-box e-flex e-con e-child\" data-id=\"572fc6b\" data-element_type=\"container\" data-e-type=\"container\">\n\t\t<div class=\"elementor-element elementor-element-4ac948d e-con-full cmn-content-box-container e-flex e-con e-child\" data-id=\"4ac948d\" data-element_type=\"container\" data-e-type=\"container\">\n\t\t\t\t<div class=\"elementor-element elementor-element-d13f939 elementor-widget elementor-widget-heading\" data-id=\"d13f939\" data-element_type=\"widget\" data-e-type=\"widget\" data-widget_type=\"heading.default\">\n\t\t\t\t<div class=\"elementor-widget-container\">\n\t\t\t\t\t<h2 class=\"elementor-heading-title elementor-size-default\">Referenzen Krisenkommunikation<\/h2>\t\t\t\t<\/div>\n\t\t\t\t<\/div>\n\t\t\t\t<div class=\"elementor-element elementor-element-0bd5032 elementor-widget elementor-widget-text-editor\" data-id=\"0bd5032\" data-element_type=\"widget\" data-e-type=\"widget\" data-widget_type=\"text-editor.default\">\n\t\t\t\t<div class=\"elementor-widget-container\">\n\t\t\t\t\t\t\t\t\t<p>Im Folgenden finden Sie einige Situationen in denen wir Kunden mit Blick auf die Krisenkommunikation beraten haben.<\/p>\t\t\t\t\t\t\t\t<\/div>\n\t\t\t\t<\/div>\n\t\t\t\t<\/div>\n\t\t<div class=\"elementor-element elementor-element-9e80e88 e-con-full cmn-content-box-container e-flex e-con e-child\" data-id=\"9e80e88\" data-element_type=\"container\" data-e-type=\"container\">\n\t\t\t\t<div class=\"elementor-element elementor-element-44f4f5a elementor-widget elementor-widget-shortcode\" data-id=\"44f4f5a\" data-element_type=\"widget\" data-e-type=\"widget\" data-widget_type=\"shortcode.default\">\n\t\t\t\t<div class=\"elementor-widget-container\">\n\t\t\t\t\t\t\t<div class=\"elementor-shortcode\"><div class=\"references--container\"><div class=\"references-column\"><div class=\"references-highlight-info\">Betrug\n<\/div><div class=\"divider-reference\"><\/div><div class=\"references-short-info\">Betrugsfallserie mit Auswirkungen auf Bilanz\n<\/div><div class=\"divider-reference\"><\/div><\/div><div class=\"references-column\"><div class=\"references-highlight-info\">Diffamierung\n<\/div><div class=\"divider-reference\"><\/div><div class=\"references-short-info\">\u00d6ffentliche Diffamierung des Vorstands\n<\/div><div class=\"divider-reference\"><\/div><\/div><div class=\"references-column\"><div class=\"references-highlight-info\">Werk schlie\u00dft\n<\/div><div class=\"divider-reference\"><\/div><div class=\"references-short-info\">Werksschlie\u00dfung mit massiver Gegenwehr von Mitarbeitern und Gewerkschaften\n<\/div><div class=\"divider-reference\"><\/div><\/div><div class=\"references-column\"><div class=\"references-highlight-info\">Enteignung\n<\/div><div class=\"divider-reference\"><\/div><div class=\"references-short-info\">Gr\u00f6\u00dfter Einzelaktion\u00e4r strebt Aush\u00f6hlung der Gesellschaft an\n<\/div><div class=\"divider-reference\"><\/div><\/div><div class=\"references-column\"><div class=\"references-highlight-info\">Werksunfall\n<\/div><div class=\"divider-reference\"><\/div><div class=\"references-short-info\">Werksunfall zwei Tage vor hochrangigem Politikbesuch\n<\/div><div class=\"divider-reference\"><\/div><\/div><div class=\"references-column\"><div class=\"references-highlight-info\">Aktivisten\n<\/div><div class=\"divider-reference\"><\/div><div class=\"references-short-info\">Umweltaktivisten bedr\u00e4ngen Vorstand und Aufsichtsrat\n<\/div><div class=\"divider-reference\"><\/div><\/div><div class=\"references-column\"><div class=\"references-highlight-info\">Haftstrafe\n<\/div><div class=\"divider-reference\"><\/div><div class=\"references-short-info\">Gesch\u00e4ftsf\u00fchrer tritt Haftstrafe ohne Vorkenntnis des Vorstands an\n<\/div><div class=\"divider-reference\"><\/div><\/div><div class=\"references-column\"><div class=\"references-highlight-info\">Insolvenz\n<\/div><div class=\"divider-reference\"><\/div><div class=\"references-short-info\">Profitable Tochtergesellschaft ger\u00e4t in Bedr\u00e4ngnis durch Insolvenz der Muttergesellschaft\n<\/div><div class=\"divider-reference\"><\/div><\/div><div class=\"references-column\"><div class=\"references-highlight-info\">Umweltschutz\n<\/div><div class=\"divider-reference\"><\/div><div class=\"references-short-info\">Umweltsch\u00fctzer gef\u00e4hrden Expansion eines Stahlwerks\n<\/div><div class=\"divider-reference\"><\/div><\/div><div class=\"references-column\"><div class=\"references-highlight-info\">Dividenden Stripping\n<\/div><div class=\"divider-reference\"><\/div><div class=\"references-short-info\">Finanzinstitut ger\u00e4t in Verdacht des Dividend Strippings\n<\/div><div class=\"divider-reference\"><\/div><\/div><div class=\"references-column\"><div class=\"references-highlight-info\">Kreditf\u00e4lligkeit\n<\/div><div class=\"divider-reference\"><\/div><div class=\"references-short-info\">F\u00e4lligstellung eines Kredits f\u00fchrt zu Insolvenz einer kapitalmarktorientierten Gesellschaft\n<\/div><div class=\"divider-reference\"><\/div><\/div><div class=\"references-column\"><div class=\"references-highlight-info\">CO2-Aussto\u00df\n<\/div><div class=\"divider-reference\"><\/div><div class=\"references-short-info\">CO\u00b2-Aussto\u00df in der Zementindustrie\n<\/div><div class=\"divider-reference\"><\/div><\/div><div class=\"references-column\"><div class=\"references-highlight-info\">Ern\u00e4hrungssicherheit\n<\/div><div class=\"divider-reference\"><\/div><div class=\"references-short-info\">Regenerative Energie: Nachwachsende Rohstoffe vs. Ern\u00e4hrungssicherheit\n<\/div><div class=\"divider-reference\"><\/div><\/div><div class=\"references-column\"><div class=\"references-highlight-info\">Gesundheitssch\u00e4d-liche Produkte\n<\/div><div class=\"divider-reference\"><\/div><div class=\"references-short-info\">Vorstand ger\u00e4t ins Visier der Presse aufgrund gesundheitssch\u00e4d-licher Produkte aus China\n<\/div><div class=\"divider-reference\"><\/div><\/div><\/div> <\/div>\n\t\t\t\t\t\t<\/div>\n\t\t\t\t<\/div>\n\t\t\t\t<\/div>\n\t\t\t\t<\/div>\n\t\t\t\t<\/div>\n\t\t\t\t\t<\/div>\n\t\t\t\t<\/div>\n\t\t\t\t<\/div>\n\t\t","protected":false},"excerpt":{"rendered":"<p>Referenzen Krisenkommunikation Im Folgenden finden Sie einige Situationen in denen wir Kunden mit Blick auf die Krisenkommunikation beraten haben.<\/p>\n","protected":false},"author":1,"featured_media":0,"parent":0,"menu_order":0,"comment_status":"closed","ping_status":"open","template":"","meta":{"_acf_changed":false,"footnotes":""},"class_list":["post-5457","page","type-page","status-publish","hentry"],"acf":[],"yoast_head":"<!-- This site is optimized with the Yoast SEO Premium plugin v26.2 (Yoast SEO v27.4) - https:\/\/yoast.com\/product\/yoast-seo-premium-wordpress\/ -->\n<title>Unsere Referenzen im Bereich der Kriesenkommunikation - cometis AG<\/title>\n<meta name=\"description\" content=\"Im Folgenden finden Sie einige Situationen in denen wir Kunden mit Blick auf die Krisenkommunikation erfolgreich beraten haben.\" \/>\n<meta name=\"robots\" content=\"index, follow, max-snippet:-1, max-image-preview:large, max-video-preview:-1\" \/>\n<link rel=\"canonical\" href=\"https:\/\/www.cometis.de\/de\/krisenkommunikation-referenzen\/\" \/>\n<meta property=\"og:locale\" content=\"de_DE\" \/>\n<meta property=\"og:type\" content=\"article\" \/>\n<meta property=\"og:title\" content=\"Referenzen Krisenkommunikation\" \/>\n<meta property=\"og:description\" content=\"Im Folgenden finden Sie einige Situationen in denen wir Kunden mit Blick auf die Krisenkommunikation erfolgreich beraten haben.\" \/>\n<meta property=\"og:url\" content=\"https:\/\/www.cometis.de\/de\/krisenkommunikation-referenzen\/\" \/>\n<meta property=\"og:site_name\" content=\"cometis AG\" \/>\n<meta property=\"article:modified_time\" content=\"2025-02-17T13:32:20+00:00\" \/>\n<meta property=\"og:image\" content=\"https:\/\/www.cometis.de\/wp-content\/uploads\/2024\/12-old\/Cometis-Mobile-Logo-1.png\" \/>\n\t<meta property=\"og:image:width\" content=\"171\" \/>\n\t<meta property=\"og:image:height\" content=\"31\" \/>\n\t<meta property=\"og:image:type\" content=\"image\/png\" \/>\n<meta name=\"twitter:card\" content=\"summary_large_image\" \/>\n<meta name=\"twitter:label1\" content=\"Gesch\u00e4tzte Lesezeit\" \/>\n\t<meta name=\"twitter:data1\" content=\"1\u00a0Minute\" \/>\n<script type=\"application\/ld+json\" class=\"yoast-schema-graph\">{\"@context\":\"https:\\\/\\\/schema.org\",\"@graph\":[{\"@type\":\"WebPage\",\"@id\":\"https:\\\/\\\/www.cometis.de\\\/de\\\/krisenkommunikation-referenzen\\\/\",\"url\":\"https:\\\/\\\/www.cometis.de\\\/de\\\/krisenkommunikation-referenzen\\\/\",\"name\":\"Unsere Referenzen im Bereich der Kriesenkommunikation - cometis AG\",\"isPartOf\":{\"@id\":\"https:\\\/\\\/www.cometis.de\\\/de\\\/#website\"},\"datePublished\":\"2025-01-24T08:13:23+00:00\",\"dateModified\":\"2025-02-17T13:32:20+00:00\",\"description\":\"Im Folgenden finden Sie einige Situationen in denen wir Kunden mit Blick auf die Krisenkommunikation erfolgreich beraten haben.\",\"breadcrumb\":{\"@id\":\"https:\\\/\\\/www.cometis.de\\\/de\\\/krisenkommunikation-referenzen\\\/#breadcrumb\"},\"inLanguage\":\"de\",\"potentialAction\":[{\"@type\":\"ReadAction\",\"target\":[\"https:\\\/\\\/www.cometis.de\\\/de\\\/krisenkommunikation-referenzen\\\/\"]}]},{\"@type\":\"BreadcrumbList\",\"@id\":\"https:\\\/\\\/www.cometis.de\\\/de\\\/krisenkommunikation-referenzen\\\/#breadcrumb\",\"itemListElement\":[{\"@type\":\"ListItem\",\"position\":1,\"name\":\"Home\",\"item\":\"https:\\\/\\\/www.cometis.de\\\/de\\\/\"},{\"@type\":\"ListItem\",\"position\":2,\"name\":\"Referenzen Krisenkommunikation\"}]},{\"@type\":\"WebSite\",\"@id\":\"https:\\\/\\\/www.cometis.de\\\/de\\\/#website\",\"url\":\"https:\\\/\\\/www.cometis.de\\\/de\\\/\",\"name\":\"cometis AG\",\"description\":\"Deutschlands f\u00fchrende Investor Relations Agentur\",\"publisher\":{\"@id\":\"https:\\\/\\\/www.cometis.de\\\/de\\\/#organization\"},\"potentialAction\":[{\"@type\":\"SearchAction\",\"target\":{\"@type\":\"EntryPoint\",\"urlTemplate\":\"https:\\\/\\\/www.cometis.de\\\/de\\\/?s={search_term_string}\"},\"query-input\":{\"@type\":\"PropertyValueSpecification\",\"valueRequired\":true,\"valueName\":\"search_term_string\"}}],\"inLanguage\":\"de\"},{\"@type\":\"Organization\",\"@id\":\"https:\\\/\\\/www.cometis.de\\\/de\\\/#organization\",\"name\":\"cometis AG\",\"alternateName\":\"Deutschlands f\u00fchrende Investor Relations Agentur\",\"url\":\"https:\\\/\\\/www.cometis.de\\\/de\\\/\",\"logo\":{\"@type\":\"ImageObject\",\"inLanguage\":\"de\",\"@id\":\"https:\\\/\\\/www.cometis.de\\\/de\\\/#\\\/schema\\\/logo\\\/image\\\/\",\"url\":\"https:\\\/\\\/www.cometis.de\\\/wp-content\\\/uploads\\\/2024\\\/12-old\\\/Cometis-Mobile-Logo-1.png\",\"contentUrl\":\"https:\\\/\\\/www.cometis.de\\\/wp-content\\\/uploads\\\/2024\\\/12-old\\\/Cometis-Mobile-Logo-1.png\",\"width\":171,\"height\":31,\"caption\":\"cometis AG\"},\"image\":{\"@id\":\"https:\\\/\\\/www.cometis.de\\\/de\\\/#\\\/schema\\\/logo\\\/image\\\/\"},\"sameAs\":[\"https:\\\/\\\/www.linkedin.com\\\/company\\\/cometis-ag\\\/\",\"https:\\\/\\\/www.youtube.com\\\/user\\\/cometisAG\"]}]}<\/script>\n<!-- \/ Yoast SEO Premium plugin. -->","yoast_head_json":{"title":"Unsere Referenzen im Bereich der Kriesenkommunikation - cometis AG","description":"Im Folgenden finden Sie einige Situationen in denen wir Kunden mit Blick auf die Krisenkommunikation erfolgreich beraten haben.","robots":{"index":"index","follow":"follow","max-snippet":"max-snippet:-1","max-image-preview":"max-image-preview:large","max-video-preview":"max-video-preview:-1"},"canonical":"https:\/\/www.cometis.de\/de\/krisenkommunikation-referenzen\/","og_locale":"de_DE","og_type":"article","og_title":"Referenzen Krisenkommunikation","og_description":"Im Folgenden finden Sie einige Situationen in denen wir Kunden mit Blick auf die Krisenkommunikation erfolgreich beraten haben.","og_url":"https:\/\/www.cometis.de\/de\/krisenkommunikation-referenzen\/","og_site_name":"cometis AG","article_modified_time":"2025-02-17T13:32:20+00:00","og_image":[{"width":171,"height":31,"url":"https:\/\/www.cometis.de\/wp-content\/uploads\/2024\/12-old\/Cometis-Mobile-Logo-1.png","type":"image\/png"}],"twitter_card":"summary_large_image","twitter_misc":{"Gesch\u00e4tzte Lesezeit":"1\u00a0Minute"},"schema":{"@context":"https:\/\/schema.org","@graph":[{"@type":"WebPage","@id":"https:\/\/www.cometis.de\/de\/krisenkommunikation-referenzen\/","url":"https:\/\/www.cometis.de\/de\/krisenkommunikation-referenzen\/","name":"Unsere Referenzen im Bereich der Kriesenkommunikation - cometis AG","isPartOf":{"@id":"https:\/\/www.cometis.de\/de\/#website"},"datePublished":"2025-01-24T08:13:23+00:00","dateModified":"2025-02-17T13:32:20+00:00","description":"Im Folgenden finden Sie einige Situationen in denen wir Kunden mit Blick auf die Krisenkommunikation erfolgreich beraten haben.","breadcrumb":{"@id":"https:\/\/www.cometis.de\/de\/krisenkommunikation-referenzen\/#breadcrumb"},"inLanguage":"de","potentialAction":[{"@type":"ReadAction","target":["https:\/\/www.cometis.de\/de\/krisenkommunikation-referenzen\/"]}]},{"@type":"BreadcrumbList","@id":"https:\/\/www.cometis.de\/de\/krisenkommunikation-referenzen\/#breadcrumb","itemListElement":[{"@type":"ListItem","position":1,"name":"Home","item":"https:\/\/www.cometis.de\/de\/"},{"@type":"ListItem","position":2,"name":"Referenzen Krisenkommunikation"}]},{"@type":"WebSite","@id":"https:\/\/www.cometis.de\/de\/#website","url":"https:\/\/www.cometis.de\/de\/","name":"cometis AG","description":"Deutschlands f\u00fchrende Investor Relations Agentur","publisher":{"@id":"https:\/\/www.cometis.de\/de\/#organization"},"potentialAction":[{"@type":"SearchAction","target":{"@type":"EntryPoint","urlTemplate":"https:\/\/www.cometis.de\/de\/?s={search_term_string}"},"query-input":{"@type":"PropertyValueSpecification","valueRequired":true,"valueName":"search_term_string"}}],"inLanguage":"de"},{"@type":"Organization","@id":"https:\/\/www.cometis.de\/de\/#organization","name":"cometis AG","alternateName":"Deutschlands f\u00fchrende Investor Relations Agentur","url":"https:\/\/www.cometis.de\/de\/","logo":{"@type":"ImageObject","inLanguage":"de","@id":"https:\/\/www.cometis.de\/de\/#\/schema\/logo\/image\/","url":"https:\/\/www.cometis.de\/wp-content\/uploads\/2024\/12-old\/Cometis-Mobile-Logo-1.png","contentUrl":"https:\/\/www.cometis.de\/wp-content\/uploads\/2024\/12-old\/Cometis-Mobile-Logo-1.png","width":171,"height":31,"caption":"cometis AG"},"image":{"@id":"https:\/\/www.cometis.de\/de\/#\/schema\/logo\/image\/"},"sameAs":["https:\/\/www.linkedin.com\/company\/cometis-ag\/","https:\/\/www.youtube.com\/user\/cometisAG"]}]}},"_links":{"self":[{"href":"https:\/\/www.cometis.de\/de\/wp-json\/wp\/v2\/pages\/5457","targetHints":{"allow":["GET"]}}],"collection":[{"href":"https:\/\/www.cometis.de\/de\/wp-json\/wp\/v2\/pages"}],"about":[{"href":"https:\/\/www.cometis.de\/de\/wp-json\/wp\/v2\/types\/page"}],"author":[{"embeddable":true,"href":"https:\/\/www.cometis.de\/de\/wp-json\/wp\/v2\/users\/1"}],"replies":[{"embeddable":true,"href":"https:\/\/www.cometis.de\/de\/wp-json\/wp\/v2\/comments?post=5457"}],"version-history":[{"count":12,"href":"https:\/\/www.cometis.de\/de\/wp-json\/wp\/v2\/pages\/5457\/revisions"}],"predecessor-version":[{"id":107247,"href":"https:\/\/www.cometis.de\/de\/wp-json\/wp\/v2\/pages\/5457\/revisions\/107247"}],"wp:attachment":[{"href":"https:\/\/www.cometis.de\/de\/wp-json\/wp\/v2\/media?parent=5457"}],"curies":[{"name":"wp","href":"https:\/\/api.w.org\/{rel}","templated":true}]}}