{"id":764,"date":"2024-12-30T06:03:52","date_gmt":"2024-12-30T06:03:52","guid":{"rendered":"https:\/\/cometis.de\/?page_id=764"},"modified":"2025-04-04T14:58:41","modified_gmt":"2025-04-04T12:58:41","slug":"investor-access","status":"publish","type":"page","link":"https:\/\/www.cometis.de\/de\/services\/investor-access\/","title":{"rendered":"Investor Access"},"content":{"rendered":"\t\t<div data-elementor-type=\"wp-page\" data-elementor-id=\"764\" class=\"elementor elementor-764\" data-elementor-post-type=\"page\">\n\t\t\t\t<div class=\"elementor-element elementor-element-82a700c e-flex e-con-boxed e-con e-parent\" data-id=\"82a700c\" data-element_type=\"container\" data-e-type=\"container\">\n\t\t\t\t\t<div class=\"e-con-inner\">\n\t\t\t\t<div class=\"elementor-element elementor-element-6945b13 elementor-widget elementor-widget-template\" data-id=\"6945b13\" data-element_type=\"widget\" data-e-type=\"widget\" data-widget_type=\"template.default\">\n\t\t\t\t<div class=\"elementor-widget-container\">\n\t\t\t\t\t\t\t<div class=\"elementor-template\">\n\t\t\t\t\t<div data-elementor-type=\"section\" data-elementor-id=\"766\" class=\"elementor elementor-766\" data-elementor-post-type=\"elementor_library\">\n\t\t\t<div class=\"elementor-element elementor-element-1f34e34 e-flex e-con-boxed e-con e-parent\" data-id=\"1f34e34\" data-element_type=\"container\" data-e-type=\"container\">\n\t\t\t\t\t<div class=\"e-con-inner\">\n\t\t<div class=\"elementor-element elementor-element-e68c844 e-con-full e-flex e-con e-child\" data-id=\"e68c844\" data-element_type=\"container\" data-e-type=\"container\" data-settings=\"{&quot;background_background&quot;:&quot;classic&quot;}\">\n\t\t\t\t<\/div>\n\t\t<div class=\"elementor-element elementor-element-b7dac6f e-con-full e-flex e-con e-child\" data-id=\"b7dac6f\" data-element_type=\"container\" data-e-type=\"container\">\n\t\t\t\t<div class=\"elementor-element elementor-element-ce54cc3 elementor-align-left elementor-widget elementor-widget-breadcrumbs\" data-id=\"ce54cc3\" data-element_type=\"widget\" data-e-type=\"widget\" data-widget_type=\"breadcrumbs.default\">\n\t\t\t\t<div class=\"elementor-widget-container\">\n\t\t\t\t\t<div id=\"breadcrumbs\"><span><span><a href=\"https:\/\/www.cometis.de\/de\/\">Home<\/a><\/span><\/span><\/div>\t\t\t\t<\/div>\n\t\t\t\t<\/div>\n\t\t\t\t<\/div>\n\t\t\t\t\t<\/div>\n\t\t\t\t<\/div>\n\t\t\t\t<\/div>\n\t\t\t\t<\/div>\n\t\t\t\t\t\t<\/div>\n\t\t\t\t<\/div>\n\t\t\t\t\t<\/div>\n\t\t\t\t<\/div>\n\t\t<div class=\"elementor-element elementor-element-3504b2a5 cmn-sidebar-content p-100 e-flex e-con-boxed e-con e-parent\" data-id=\"3504b2a5\" data-element_type=\"container\" data-e-type=\"container\" data-settings=\"{&quot;background_background&quot;:&quot;classic&quot;,&quot;background_motion_fx_motion_fx_scrolling&quot;:&quot;yes&quot;,&quot;background_motion_fx_translateY_effect&quot;:&quot;yes&quot;,&quot;background_motion_fx_translateY_speed&quot;:{&quot;unit&quot;:&quot;px&quot;,&quot;size&quot;:2,&quot;sizes&quot;:[]},&quot;background_motion_fx_translateY_direction&quot;:&quot;negative&quot;,&quot;background_motion_fx_translateY_affectedRange&quot;:{&quot;unit&quot;:&quot;%&quot;,&quot;size&quot;:&quot;&quot;,&quot;sizes&quot;:{&quot;start&quot;:0,&quot;end&quot;:100}},&quot;background_motion_fx_devices&quot;:[&quot;desktop&quot;,&quot;tablet&quot;,&quot;mobile&quot;]}\">\n\t\t\t\t\t<div class=\"e-con-inner\">\n\t\t<div class=\"elementor-element elementor-element-684fe96 e-con-full cmn-content-box e-flex e-con e-child\" data-id=\"684fe96\" data-element_type=\"container\" data-e-type=\"container\">\n\t\t<div class=\"elementor-element elementor-element-5bf7a5af e-con-full cmn-content-box-container e-flex e-con e-child\" data-id=\"5bf7a5af\" data-element_type=\"container\" data-e-type=\"container\">\n\t\t\t\t<div class=\"elementor-element elementor-element-6ccba16e elementor-widget elementor-widget-heading\" data-id=\"6ccba16e\" data-element_type=\"widget\" data-e-type=\"widget\" data-widget_type=\"heading.default\">\n\t\t\t\t<div class=\"elementor-widget-container\">\n\t\t\t\t\t<h2 class=\"elementor-heading-title elementor-size-default\">Treffen Sie neue Investoren in ganz Europa mit cometis!<\/h2>\t\t\t\t<\/div>\n\t\t\t\t<\/div>\n\t\t\t\t<div class=\"elementor-element elementor-element-4a6fec21 elementor-widget elementor-widget-text-editor\" data-id=\"4a6fec21\" data-element_type=\"widget\" data-e-type=\"widget\" data-widget_type=\"text-editor.default\">\n\t\t\t\t<div class=\"elementor-widget-container\">\n\t\t\t\t\t\t\t\t\t<p>Europ\u00e4ischer Investorenzugang durch\u00a0<a title=\"cometis - Ihre internationale Investor Relations Agentur\" href=\"\/de\/cometis-ag\">cometis<\/a>\u00a0\u2013 das erm\u00f6glicht Ihnen unser\u00a0Investor Access\u00a0Programm. Um f\u00fcr Ihre\u00a0Roadshow, Ihre Investorengespr\u00e4che oder Ihre gesamte Investorenansprache einen europ\u00e4ischen Rahmen zu bilden, kann Ihnen cometis mit der Erstellung eines Investor Access Programms helfen, die richtigen Kontakte im In- und Ausland mit Analysten, Fondsmanagern und potenziellen Investoren zu kn\u00fcpfen. Wir bieten Ihnen professionelle Unterst\u00fctzung bei der Ansprache, Planung und Auswahl der Gespr\u00e4chspartner f\u00fcr Ihre europ\u00e4ische Kapitalmarktansprache.\u00a0Sofern Sie mit neuen potenziellen Investoren in Kontakt treten wollen oder Ihre bereits existierenden Beziehungen zu bestehenden Investoren verst\u00e4rken m\u00f6chten, cometis kann Ihnen dabei helfen, Ihre Investorenbeziehungen in ganz Europa auszubauen. Dazu stehen wir Ihnen bei der Organisation, sowie der detaillierten Planung und Vorbereitung Ihrer europ\u00e4ischen Investorenansprache zur Seite.<\/p><p>Mit dem Investor Access Programm ist cometis in der Lage, Ihnen einen unabh\u00e4ngigen Investorenzugang in den wichtigsten Finanzzentren Europas von A bis Z zu erm\u00f6glichen: Amsterdam, Br\u00fcssel, Den Haag, Dublin, Edinburgh, Frankfurt, Genf, Hamburg, Helsinki, Kopenhagen, Lissabon, London, Luxemburg, Lugano, Lyon, Madrid, Mailand, Monaco, M\u00fcnchen, Oslo, Paris, Stockholm, Wien und Z\u00fcrich.<\/p>\t\t\t\t\t\t\t\t<\/div>\n\t\t\t\t<\/div>\n\t\t\t\t<\/div>\n\t\t<div class=\"elementor-element elementor-element-5beb576c e-con-full cmn-content-box-container e-flex e-con e-child\" data-id=\"5beb576c\" data-element_type=\"container\" data-e-type=\"container\">\n\t\t\t\t<div class=\"elementor-element elementor-element-118ba4b4 elementor-widget elementor-widget-heading\" data-id=\"118ba4b4\" data-element_type=\"widget\" data-e-type=\"widget\" data-widget_type=\"heading.default\">\n\t\t\t\t<div class=\"elementor-widget-container\">\n\t\t\t\t\t<h2 class=\"elementor-heading-title elementor-size-default\">Disclaimer auf Bond-Website nicht vergessen<\/h2>\t\t\t\t<\/div>\n\t\t\t\t<\/div>\n\t\t\t\t<div class=\"elementor-element elementor-element-5f81b76d elementor-widget elementor-widget-text-editor\" data-id=\"5f81b76d\" data-element_type=\"widget\" data-e-type=\"widget\" data-widget_type=\"text-editor.default\">\n\t\t\t\t<div class=\"elementor-widget-container\">\n\t\t\t\t\t\t\t\t\t<p>Je nach Emissionsangebot muss Ihrer Website zur Anleiheemission ein sogenannter Disclaimer vorgeschaltet werden, der unbefugte Investoren auf das Zutrittsverbot zur Angebotswebsite aufmerksam macht. Ein Disclaimer muss \u00fcbrigens auch auf s\u00e4mtlichen Mitteilungen und Publikationen stehen, die Sie im Rahmen Ihres Angebots ver\u00f6ffentlichen.<\/p>\t\t\t\t\t\t\t\t<\/div>\n\t\t\t\t<\/div>\n\t\t\t\t<\/div>\n\t\t<div class=\"elementor-element elementor-element-3a6ce5c e-con-full cmn-content-box-container e-flex e-con e-child\" data-id=\"3a6ce5c\" data-element_type=\"container\" data-e-type=\"container\">\n\t\t\t\t<div class=\"elementor-element elementor-element-4225db0 elementor-widget elementor-widget-heading\" data-id=\"4225db0\" data-element_type=\"widget\" data-e-type=\"widget\" data-widget_type=\"heading.default\">\n\t\t\t\t<div class=\"elementor-widget-container\">\n\t\t\t\t\t<h2 class=\"elementor-heading-title elementor-size-default\">Optimaler Investorenzugang in ganz Europa<\/h2>\t\t\t\t<\/div>\n\t\t\t\t<\/div>\n\t\t\t\t<div class=\"elementor-element elementor-element-5019125 elementor-widget elementor-widget-text-editor\" data-id=\"5019125\" data-element_type=\"widget\" data-e-type=\"widget\" data-widget_type=\"text-editor.default\">\n\t\t\t\t<div class=\"elementor-widget-container\">\n\t\t\t\t\t\t\t\t\t<p>Wir k\u00f6nnen f\u00fcr Sie sowohl einzelne Roadshows in ausgew\u00e4hlten europ\u00e4ischen Finanzzentren organisieren, als auch Sektorenkonferenzen oder sogar ganzj\u00e4hrige\u00a0Roadshows\u00a0f\u00fcr Sie durchf\u00fchren. Alle Roadshows beinhalten Entry &amp; Exit polls \u2013 Umfragen, die zu Beginn und Ende der Roadshow an Teilnehmer gerichtet sind und Ihnen eine ausgezeichnete \u00dcbersicht \u00fcber die Effektivit\u00e4t Ihrer Roadshow erm\u00f6glichen.<\/p><p>Um ihr\u00a0<a title=\"Ihr ma\u00dfgeschneidertes Investor Relations Programm\" href=\"\/investor-relations\">Investor Relations<\/a>\u00a0Programm strategisch abzurunden, bieten wir Ihnen diesbez\u00fcglich Perception Studies,\u00a0<a href=\"\/de\/services\/investor-relations\/peergroup-analyse\/\">Peergroup Analysen<\/a>,\u00a0<a title=\"Ihre Shareholder ID\" href=\"\/investor-access\/shareholder-id\">Shareholder ID<\/a>\u00a0sowie Roadshow Coaching und die Entwicklung Ihrer\u00a0<a href=\"\/de\/services\/investor-relations\/equity-story\/\">Equity Story<\/a>\u00a0an. Damit optimieren Sie Ihren Auftritt und nutzen Ihre Termine effektiv, um Ihr Unternehmen bestm\u00f6glich gegen\u00fcber Investoren zu pr\u00e4sentieren.<\/p><p>cometis kann Ihr Schl\u00fcssel zum europ\u00e4ischen Markt f\u00fcr Investoren sein und das mithilfe der Nutzung unseres erfahrenen Vertriebsteams vor Ort in mehr als zwanzig europ\u00e4ischen Finanzzentren.<\/p>\t\t\t\t\t\t\t\t<\/div>\n\t\t\t\t<\/div>\n\t\t\t\t<\/div>\n\t\t\t\t<\/div>\n\t\t\t\t\t<\/div>\n\t\t\t\t<\/div>\n\t\t\t\t<\/div>\n\t\t","protected":false},"excerpt":{"rendered":"<p>Treffen Sie neue Investoren in ganz Europa mit cometis! Europ\u00e4ischer Investorenzugang durch\u00a0cometis\u00a0\u2013 das erm\u00f6glicht Ihnen unser\u00a0Investor Access\u00a0Programm. Um f\u00fcr Ihre\u00a0Roadshow, Ihre Investorengespr\u00e4che oder Ihre gesamte Investorenansprache einen europ\u00e4ischen Rahmen zu bilden, kann Ihnen cometis mit der Erstellung eines Investor Access Programms helfen, die richtigen Kontakte im In- und Ausland mit Analysten, Fondsmanagern und potenziellen Investoren [&hellip;]<\/p>\n","protected":false},"author":1,"featured_media":0,"parent":778,"menu_order":0,"comment_status":"closed","ping_status":"open","template":"","meta":{"_acf_changed":false,"footnotes":""},"class_list":["post-764","page","type-page","status-publish","hentry"],"acf":[],"yoast_head":"<!-- This site is optimized with the Yoast SEO Premium plugin v26.2 (Yoast SEO v27.4) - https:\/\/yoast.com\/product\/yoast-seo-premium-wordpress\/ -->\n<title>Investor Access - cometis AG<\/title>\n<meta name=\"robots\" content=\"index, follow, max-snippet:-1, max-image-preview:large, max-video-preview:-1\" \/>\n<link rel=\"canonical\" href=\"https:\/\/www.cometis.de\/de\/services\/investor-access\/\" \/>\n<meta property=\"og:locale\" content=\"de_DE\" \/>\n<meta property=\"og:type\" content=\"article\" \/>\n<meta property=\"og:title\" content=\"Investor Access\" \/>\n<meta property=\"og:description\" content=\"Treffen Sie neue Investoren in ganz Europa mit cometis! Europ\u00e4ischer Investorenzugang durch\u00a0cometis\u00a0\u2013 das erm\u00f6glicht Ihnen unser\u00a0Investor Access\u00a0Programm. Um f\u00fcr Ihre\u00a0Roadshow, Ihre Investorengespr\u00e4che oder Ihre gesamte Investorenansprache einen europ\u00e4ischen Rahmen zu bilden, kann Ihnen cometis mit der Erstellung eines Investor Access Programms helfen, die richtigen Kontakte im In- und Ausland mit Analysten, Fondsmanagern und potenziellen Investoren [&hellip;]\" \/>\n<meta property=\"og:url\" content=\"https:\/\/www.cometis.de\/de\/services\/investor-access\/\" \/>\n<meta property=\"og:site_name\" content=\"cometis AG\" \/>\n<meta property=\"article:modified_time\" content=\"2025-04-04T12:58:41+00:00\" \/>\n<meta property=\"og:image\" content=\"https:\/\/www.cometis.de\/wp-content\/uploads\/2024\/12-old\/Cometis-Mobile-Logo-1.png\" \/>\n\t<meta property=\"og:image:width\" content=\"171\" \/>\n\t<meta property=\"og:image:height\" content=\"31\" \/>\n\t<meta property=\"og:image:type\" content=\"image\/png\" \/>\n<meta name=\"twitter:card\" content=\"summary_large_image\" \/>\n<meta name=\"twitter:label1\" content=\"Gesch\u00e4tzte Lesezeit\" \/>\n\t<meta name=\"twitter:data1\" content=\"2\u00a0Minuten\" \/>\n<script type=\"application\/ld+json\" class=\"yoast-schema-graph\">{\"@context\":\"https:\\\/\\\/schema.org\",\"@graph\":[{\"@type\":\"WebPage\",\"@id\":\"https:\\\/\\\/www.cometis.de\\\/de\\\/services\\\/investor-access\\\/\",\"url\":\"https:\\\/\\\/www.cometis.de\\\/de\\\/services\\\/investor-access\\\/\",\"name\":\"Investor Access - cometis AG\",\"isPartOf\":{\"@id\":\"https:\\\/\\\/www.cometis.de\\\/de\\\/#website\"},\"datePublished\":\"2024-12-30T06:03:52+00:00\",\"dateModified\":\"2025-04-04T12:58:41+00:00\",\"breadcrumb\":{\"@id\":\"https:\\\/\\\/www.cometis.de\\\/de\\\/services\\\/investor-access\\\/#breadcrumb\"},\"inLanguage\":\"de\",\"potentialAction\":[{\"@type\":\"ReadAction\",\"target\":[\"https:\\\/\\\/www.cometis.de\\\/de\\\/services\\\/investor-access\\\/\"]}]},{\"@type\":\"BreadcrumbList\",\"@id\":\"https:\\\/\\\/www.cometis.de\\\/de\\\/services\\\/investor-access\\\/#breadcrumb\",\"itemListElement\":[{\"@type\":\"ListItem\",\"position\":1,\"name\":\"Home\",\"item\":\"https:\\\/\\\/www.cometis.de\\\/de\\\/\"},{\"@type\":\"ListItem\",\"position\":2,\"name\":\"Services\",\"item\":\"https:\\\/\\\/www.cometis.de\\\/de\\\/services\\\/\"},{\"@type\":\"ListItem\",\"position\":3,\"name\":\"Investor Access\"}]},{\"@type\":\"WebSite\",\"@id\":\"https:\\\/\\\/www.cometis.de\\\/de\\\/#website\",\"url\":\"https:\\\/\\\/www.cometis.de\\\/de\\\/\",\"name\":\"cometis AG\",\"description\":\"Deutschlands f\u00fchrende Investor Relations Agentur\",\"publisher\":{\"@id\":\"https:\\\/\\\/www.cometis.de\\\/de\\\/#organization\"},\"potentialAction\":[{\"@type\":\"SearchAction\",\"target\":{\"@type\":\"EntryPoint\",\"urlTemplate\":\"https:\\\/\\\/www.cometis.de\\\/de\\\/?s={search_term_string}\"},\"query-input\":{\"@type\":\"PropertyValueSpecification\",\"valueRequired\":true,\"valueName\":\"search_term_string\"}}],\"inLanguage\":\"de\"},{\"@type\":\"Organization\",\"@id\":\"https:\\\/\\\/www.cometis.de\\\/de\\\/#organization\",\"name\":\"cometis AG\",\"alternateName\":\"Deutschlands f\u00fchrende Investor Relations Agentur\",\"url\":\"https:\\\/\\\/www.cometis.de\\\/de\\\/\",\"logo\":{\"@type\":\"ImageObject\",\"inLanguage\":\"de\",\"@id\":\"https:\\\/\\\/www.cometis.de\\\/de\\\/#\\\/schema\\\/logo\\\/image\\\/\",\"url\":\"https:\\\/\\\/www.cometis.de\\\/wp-content\\\/uploads\\\/2024\\\/12-old\\\/Cometis-Mobile-Logo-1.png\",\"contentUrl\":\"https:\\\/\\\/www.cometis.de\\\/wp-content\\\/uploads\\\/2024\\\/12-old\\\/Cometis-Mobile-Logo-1.png\",\"width\":171,\"height\":31,\"caption\":\"cometis AG\"},\"image\":{\"@id\":\"https:\\\/\\\/www.cometis.de\\\/de\\\/#\\\/schema\\\/logo\\\/image\\\/\"},\"sameAs\":[\"https:\\\/\\\/www.linkedin.com\\\/company\\\/cometis-ag\\\/\",\"https:\\\/\\\/www.youtube.com\\\/user\\\/cometisAG\"]}]}<\/script>\n<!-- \/ Yoast SEO Premium plugin. -->","yoast_head_json":{"title":"Investor Access - cometis AG","robots":{"index":"index","follow":"follow","max-snippet":"max-snippet:-1","max-image-preview":"max-image-preview:large","max-video-preview":"max-video-preview:-1"},"canonical":"https:\/\/www.cometis.de\/de\/services\/investor-access\/","og_locale":"de_DE","og_type":"article","og_title":"Investor Access","og_description":"Treffen Sie neue Investoren in ganz Europa mit cometis! Europ\u00e4ischer Investorenzugang durch\u00a0cometis\u00a0\u2013 das erm\u00f6glicht Ihnen unser\u00a0Investor Access\u00a0Programm. Um f\u00fcr Ihre\u00a0Roadshow, Ihre Investorengespr\u00e4che oder Ihre gesamte Investorenansprache einen europ\u00e4ischen Rahmen zu bilden, kann Ihnen cometis mit der Erstellung eines Investor Access Programms helfen, die richtigen Kontakte im In- und Ausland mit Analysten, Fondsmanagern und potenziellen Investoren [&hellip;]","og_url":"https:\/\/www.cometis.de\/de\/services\/investor-access\/","og_site_name":"cometis AG","article_modified_time":"2025-04-04T12:58:41+00:00","og_image":[{"width":171,"height":31,"url":"https:\/\/www.cometis.de\/wp-content\/uploads\/2024\/12-old\/Cometis-Mobile-Logo-1.png","type":"image\/png"}],"twitter_card":"summary_large_image","twitter_misc":{"Gesch\u00e4tzte Lesezeit":"2\u00a0Minuten"},"schema":{"@context":"https:\/\/schema.org","@graph":[{"@type":"WebPage","@id":"https:\/\/www.cometis.de\/de\/services\/investor-access\/","url":"https:\/\/www.cometis.de\/de\/services\/investor-access\/","name":"Investor Access - cometis AG","isPartOf":{"@id":"https:\/\/www.cometis.de\/de\/#website"},"datePublished":"2024-12-30T06:03:52+00:00","dateModified":"2025-04-04T12:58:41+00:00","breadcrumb":{"@id":"https:\/\/www.cometis.de\/de\/services\/investor-access\/#breadcrumb"},"inLanguage":"de","potentialAction":[{"@type":"ReadAction","target":["https:\/\/www.cometis.de\/de\/services\/investor-access\/"]}]},{"@type":"BreadcrumbList","@id":"https:\/\/www.cometis.de\/de\/services\/investor-access\/#breadcrumb","itemListElement":[{"@type":"ListItem","position":1,"name":"Home","item":"https:\/\/www.cometis.de\/de\/"},{"@type":"ListItem","position":2,"name":"Services","item":"https:\/\/www.cometis.de\/de\/services\/"},{"@type":"ListItem","position":3,"name":"Investor Access"}]},{"@type":"WebSite","@id":"https:\/\/www.cometis.de\/de\/#website","url":"https:\/\/www.cometis.de\/de\/","name":"cometis AG","description":"Deutschlands f\u00fchrende Investor Relations Agentur","publisher":{"@id":"https:\/\/www.cometis.de\/de\/#organization"},"potentialAction":[{"@type":"SearchAction","target":{"@type":"EntryPoint","urlTemplate":"https:\/\/www.cometis.de\/de\/?s={search_term_string}"},"query-input":{"@type":"PropertyValueSpecification","valueRequired":true,"valueName":"search_term_string"}}],"inLanguage":"de"},{"@type":"Organization","@id":"https:\/\/www.cometis.de\/de\/#organization","name":"cometis AG","alternateName":"Deutschlands f\u00fchrende Investor Relations Agentur","url":"https:\/\/www.cometis.de\/de\/","logo":{"@type":"ImageObject","inLanguage":"de","@id":"https:\/\/www.cometis.de\/de\/#\/schema\/logo\/image\/","url":"https:\/\/www.cometis.de\/wp-content\/uploads\/2024\/12-old\/Cometis-Mobile-Logo-1.png","contentUrl":"https:\/\/www.cometis.de\/wp-content\/uploads\/2024\/12-old\/Cometis-Mobile-Logo-1.png","width":171,"height":31,"caption":"cometis AG"},"image":{"@id":"https:\/\/www.cometis.de\/de\/#\/schema\/logo\/image\/"},"sameAs":["https:\/\/www.linkedin.com\/company\/cometis-ag\/","https:\/\/www.youtube.com\/user\/cometisAG"]}]}},"_links":{"self":[{"href":"https:\/\/www.cometis.de\/de\/wp-json\/wp\/v2\/pages\/764","targetHints":{"allow":["GET"]}}],"collection":[{"href":"https:\/\/www.cometis.de\/de\/wp-json\/wp\/v2\/pages"}],"about":[{"href":"https:\/\/www.cometis.de\/de\/wp-json\/wp\/v2\/types\/page"}],"author":[{"embeddable":true,"href":"https:\/\/www.cometis.de\/de\/wp-json\/wp\/v2\/users\/1"}],"replies":[{"embeddable":true,"href":"https:\/\/www.cometis.de\/de\/wp-json\/wp\/v2\/comments?post=764"}],"version-history":[{"count":6,"href":"https:\/\/www.cometis.de\/de\/wp-json\/wp\/v2\/pages\/764\/revisions"}],"predecessor-version":[{"id":108861,"href":"https:\/\/www.cometis.de\/de\/wp-json\/wp\/v2\/pages\/764\/revisions\/108861"}],"up":[{"embeddable":true,"href":"https:\/\/www.cometis.de\/de\/wp-json\/wp\/v2\/pages\/778"}],"wp:attachment":[{"href":"https:\/\/www.cometis.de\/de\/wp-json\/wp\/v2\/media?parent=764"}],"curies":[{"name":"wp","href":"https:\/\/api.w.org\/{rel}","templated":true}]}}