{"id":886,"date":"2024-12-30T10:31:47","date_gmt":"2024-12-30T10:31:47","guid":{"rendered":"https:\/\/cometis.de\/?page_id=886"},"modified":"2025-02-18T06:42:35","modified_gmt":"2025-02-18T05:42:35","slug":"investorenkonferenzen","status":"publish","type":"page","link":"https:\/\/www.cometis.de\/de\/services\/investor-access\/investorenkonferenzen\/","title":{"rendered":"investorenkonferenzen"},"content":{"rendered":"\t\t<div data-elementor-type=\"wp-page\" data-elementor-id=\"886\" class=\"elementor elementor-886\" data-elementor-post-type=\"page\">\n\t\t\t\t<div class=\"elementor-element elementor-element-230bd49a e-flex e-con-boxed e-con e-parent\" data-id=\"230bd49a\" data-element_type=\"container\" data-e-type=\"container\">\n\t\t\t\t\t<div class=\"e-con-inner\">\n\t\t\t\t<div class=\"elementor-element elementor-element-5dbbbd6a elementor-widget elementor-widget-template\" data-id=\"5dbbbd6a\" data-element_type=\"widget\" data-e-type=\"widget\" data-widget_type=\"template.default\">\n\t\t\t\t<div class=\"elementor-widget-container\">\n\t\t\t\t\t\t\t<div class=\"elementor-template\">\n\t\t\t\t\t<div data-elementor-type=\"section\" data-elementor-id=\"766\" class=\"elementor elementor-766\" data-elementor-post-type=\"elementor_library\">\n\t\t\t<div class=\"elementor-element elementor-element-1f34e34 e-flex e-con-boxed e-con e-parent\" data-id=\"1f34e34\" data-element_type=\"container\" data-e-type=\"container\">\n\t\t\t\t\t<div class=\"e-con-inner\">\n\t\t<div class=\"elementor-element elementor-element-e68c844 e-con-full e-flex e-con e-child\" data-id=\"e68c844\" data-element_type=\"container\" data-e-type=\"container\" data-settings=\"{&quot;background_background&quot;:&quot;classic&quot;}\">\n\t\t\t\t<\/div>\n\t\t<div class=\"elementor-element elementor-element-b7dac6f e-con-full e-flex e-con e-child\" data-id=\"b7dac6f\" data-element_type=\"container\" data-e-type=\"container\">\n\t\t\t\t<div class=\"elementor-element elementor-element-ce54cc3 elementor-align-left elementor-widget elementor-widget-breadcrumbs\" data-id=\"ce54cc3\" data-element_type=\"widget\" data-e-type=\"widget\" data-widget_type=\"breadcrumbs.default\">\n\t\t\t\t<div class=\"elementor-widget-container\">\n\t\t\t\t\t<div id=\"breadcrumbs\"><span><span><a href=\"https:\/\/www.cometis.de\/de\/\">Home<\/a><\/span><\/span><\/div>\t\t\t\t<\/div>\n\t\t\t\t<\/div>\n\t\t\t\t<\/div>\n\t\t\t\t\t<\/div>\n\t\t\t\t<\/div>\n\t\t\t\t<\/div>\n\t\t\t\t<\/div>\n\t\t\t\t\t\t<\/div>\n\t\t\t\t<\/div>\n\t\t\t\t\t<\/div>\n\t\t\t\t<\/div>\n\t\t<div class=\"elementor-element elementor-element-84fa3cf cmn-sidebar-content e-flex e-con-boxed e-con e-parent\" data-id=\"84fa3cf\" data-element_type=\"container\" data-e-type=\"container\" data-settings=\"{&quot;background_background&quot;:&quot;classic&quot;,&quot;background_motion_fx_motion_fx_scrolling&quot;:&quot;yes&quot;,&quot;background_motion_fx_translateY_effect&quot;:&quot;yes&quot;,&quot;background_motion_fx_translateY_speed&quot;:{&quot;unit&quot;:&quot;px&quot;,&quot;size&quot;:2,&quot;sizes&quot;:[]},&quot;background_motion_fx_translateY_direction&quot;:&quot;negative&quot;,&quot;background_motion_fx_translateY_affectedRange&quot;:{&quot;unit&quot;:&quot;%&quot;,&quot;size&quot;:&quot;&quot;,&quot;sizes&quot;:{&quot;start&quot;:0,&quot;end&quot;:100}},&quot;background_motion_fx_devices&quot;:[&quot;desktop&quot;,&quot;tablet&quot;,&quot;mobile&quot;]}\">\n\t\t\t\t\t<div class=\"e-con-inner\">\n\t\t<div class=\"elementor-element elementor-element-7e5216dd e-con-full cmn-sidebar-content p-100 e-flex e-con e-child\" data-id=\"7e5216dd\" data-element_type=\"container\" data-e-type=\"container\">\n\t\t<div class=\"elementor-element elementor-element-261ce34f e-con-full cmn-content-box e-flex e-con e-child\" data-id=\"261ce34f\" data-element_type=\"container\" data-e-type=\"container\">\n\t\t<div class=\"elementor-element elementor-element-42055b4e e-con-full cmn-content-box-container e-flex e-con e-child\" data-id=\"42055b4e\" data-element_type=\"container\" data-e-type=\"container\">\n\t\t\t\t<div class=\"elementor-element elementor-element-1b4190be elementor-widget elementor-widget-heading\" data-id=\"1b4190be\" data-element_type=\"widget\" data-e-type=\"widget\" data-widget_type=\"heading.default\">\n\t\t\t\t<div class=\"elementor-widget-container\">\n\t\t\t\t\t<h2 class=\"elementor-heading-title elementor-size-default\">Auf Investorenkonferenzen wertvolle Investorenkontakte kn\u00fcpfen<\/h2>\t\t\t\t<\/div>\n\t\t\t\t<\/div>\n\t\t\t\t<div class=\"elementor-element elementor-element-7b45bc2a elementor-widget elementor-widget-text-editor\" data-id=\"7b45bc2a\" data-element_type=\"widget\" data-e-type=\"widget\" data-widget_type=\"text-editor.default\">\n\t\t\t\t<div class=\"elementor-widget-container\">\n\t\t\t\t\t\t\t\t\t<p>Investorenkonferenzen bieten eine ideale M\u00f6glichkeit, um die Investment Highlights des Unternehmens einem ausgew\u00e4hlten Investorenkreis zu pr\u00e4sentieren. Zugleich sind Investorenkonferenzen eine geeignete Plattform, um mit neuen Investoren ins Gespr\u00e4ch zu kommen und sie von der\u00a0<a title=\"Wir erstellen eine Equity Story, die Ihr Unternehmen f\u00fcr Investoren greifbar macht\" href=\"\/investor-relations\/equity-story\">Equity Story<\/a>\u00a0des Unternehmens zu \u00fcberzeugen.<\/p><p>Es wird eine Vielzahl an Investorenkonferenzen im In- und Ausland angeboten, die zumeist von Brokern oder Dienstleistern im Bereich Investor Relations organisiert werden. H\u00e4ufig werden Konferenzen zu einem bestimmten Sektor angeboten, sogenannte Sektorenkonferenzen, auf denen sich Emittenten einer speziellen Branche pr\u00e4sentieren. Die Teilnahme ist i.d.R. gegen ein Entgelt m\u00f6glich oder wird von den Brokern getragen.<\/p>\t\t\t\t\t\t\t\t<\/div>\n\t\t\t\t<\/div>\n\t\t\t\t<div class=\"elementor-element elementor-element-1bd854b8 cmn-content-box-btn elementor-widget elementor-widget-button\" data-id=\"1bd854b8\" data-element_type=\"widget\" data-e-type=\"widget\" data-widget_type=\"button.default\">\n\t\t\t\t<div class=\"elementor-widget-container\">\n\t\t\t\t\t\t\t\t\t<div class=\"elementor-button-wrapper\">\n\t\t\t\t\t<a class=\"elementor-button elementor-button-link elementor-size-sm\" href=\"\/de\/cometis-ag\/referenzen\/investor-relations-referenzen\">\n\t\t\t\t\t\t<span class=\"elementor-button-content-wrapper\">\n\t\t\t\t\t\t<span class=\"elementor-button-icon\">\n\t\t\t\t<svg aria-hidden=\"true\" class=\"e-font-icon-svg e-fas-chevron-right\" viewBox=\"0 0 320 512\" xmlns=\"http:\/\/www.w3.org\/2000\/svg\"><path d=\"M285.476 272.971L91.132 467.314c-9.373 9.373-24.569 9.373-33.941 0l-22.667-22.667c-9.357-9.357-9.375-24.522-.04-33.901L188.505 256 34.484 101.255c-9.335-9.379-9.317-24.544.04-33.901l22.667-22.667c9.373-9.373 24.569-9.373 33.941 0L285.475 239.03c9.373 9.372 9.373 24.568.001 33.941z\"><\/path><\/svg>\t\t\t<\/span>\n\t\t\t\t\t\t\t\t\t<span class=\"elementor-button-text\">Unsere Referenzen<\/span>\n\t\t\t\t\t<\/span>\n\t\t\t\t\t<\/a>\n\t\t\t\t<\/div>\n\t\t\t\t\t\t\t\t<\/div>\n\t\t\t\t<\/div>\n\t\t\t\t<\/div>\n\t\t<div class=\"elementor-element elementor-element-b40a47e e-con-full cmn-content-box-container e-flex e-con e-child\" data-id=\"b40a47e\" data-element_type=\"container\" data-e-type=\"container\">\n\t\t\t\t<div class=\"elementor-element elementor-element-d98a097 elementor-widget elementor-widget-heading\" data-id=\"d98a097\" data-element_type=\"widget\" data-e-type=\"widget\" data-widget_type=\"heading.default\">\n\t\t\t\t<div class=\"elementor-widget-container\">\n\t\t\t\t\t<h2 class=\"elementor-heading-title elementor-size-default\">Investorenkonferenz New York City, 03. Juni 2014<\/h2>\t\t\t\t<\/div>\n\t\t\t\t<\/div>\n\t\t\t\t<div class=\"elementor-element elementor-element-6424119d elementor-widget elementor-widget-text-editor\" data-id=\"6424119d\" data-element_type=\"widget\" data-e-type=\"widget\" data-widget_type=\"text-editor.default\">\n\t\t\t\t<div class=\"elementor-widget-container\">\n\t\t\t\t\t\t\t\t\t<p>Mit Best\u00e4ndigkeit, Produktivit\u00e4t und Innovationskraft ist der Mittelstand das R\u00fcckgrat der deutschen Volkswirtschaft. Kein Wunder, dass auch amerikanische Investoren gro\u00dfes Interesse an den Micro-, Small- und Mid-Caps aus Deutschland zeigen. Die <a href=\"https:\/\/www.cometis.de\/de\/esg\/\">ESG<\/a>&#8211; und\u00a0<a title=\"Unsere Investor Relations Dienstleistungen\" href=\"\/de\/investor-relations\/\">Investor Relations Beratung<\/a>\u00a0cometis AG veranstaltet daher gemeinsam mit Adam Friedman Associates (New York) und Ihren Partnern \u2013 dem Finanzierungsberater youmex, dem Research-Haus Independent Research und der international t\u00e4tigen, deutschen Wirtschaftskanzlei Heuking K\u00fchn L\u00fcer Wojtek \u2013 am 3. Juni 2014 die \u201eGerman Small and Mid Cap Conference\u201c in New York City. 12 ausgew\u00e4hlte Unternehmen werden Ihre Gesch\u00e4ftsmodelle amerikanischen Investoren pr\u00e4sentieren und in One-on-One-Gespr\u00e4chen den pers\u00f6nlichen Kontakt suchen. In einer Panel-Diskussion mit ausgewiesenen Kennern des Segments wird die St\u00e4rke des deutschen Mittelstands im internationalen Vergleich genau beleuchten.<\/p>\t\t\t\t\t\t\t\t<\/div>\n\t\t\t\t<\/div>\n\t\t\t\t<\/div>\n\t\t<div class=\"elementor-element elementor-element-7191cadf e-con-full cmn-content-box-container e-flex e-con e-child\" data-id=\"7191cadf\" data-element_type=\"container\" data-e-type=\"container\">\n\t\t\t\t<div class=\"elementor-element elementor-element-47de6339 elementor-widget elementor-widget-heading\" data-id=\"47de6339\" data-element_type=\"widget\" data-e-type=\"widget\" data-widget_type=\"heading.default\">\n\t\t\t\t<div class=\"elementor-widget-container\">\n\t\t\t\t\t<h2 class=\"elementor-heading-title elementor-size-default\">Small- and Mid-Cap Konferenz NYC<\/h2>\t\t\t\t<\/div>\n\t\t\t\t<\/div>\n\t\t\t\t<div class=\"elementor-element elementor-element-2dabfab0 elementor-widget elementor-widget-video\" data-id=\"2dabfab0\" data-element_type=\"widget\" data-e-type=\"widget\" data-settings=\"{&quot;youtube_url&quot;:&quot;https:\\\/\\\/www.youtube.com\\\/watch?v=UiHw4lz92D4&quot;,&quot;lazy_load&quot;:&quot;yes&quot;,&quot;video_type&quot;:&quot;youtube&quot;,&quot;controls&quot;:&quot;yes&quot;}\" data-widget_type=\"video.default\">\n\t\t\t\t<div class=\"elementor-widget-container\">\n\t\t\t\t\t\t\t<div class=\"elementor-wrapper elementor-open-inline\">\n\t\t\t<div class=\"elementor-video\"><\/div>\t\t<\/div>\n\t\t\t\t\t\t<\/div>\n\t\t\t\t<\/div>\n\t\t\t\t<\/div>\n\t\t<div class=\"elementor-element elementor-element-eaf7f90 e-con-full cmn-content-box-container e-flex e-con e-child\" data-id=\"eaf7f90\" data-element_type=\"container\" data-e-type=\"container\">\n\t\t\t\t<div class=\"elementor-element elementor-element-0ebe208 elementor-widget elementor-widget-heading\" data-id=\"0ebe208\" data-element_type=\"widget\" data-e-type=\"widget\" data-widget_type=\"heading.default\">\n\t\t\t\t<div class=\"elementor-widget-container\">\n\t\t\t\t\t<h2 class=\"elementor-heading-title elementor-size-default\">Teilnahme an Investorenkonferenzen optimal planen\n<\/h2>\t\t\t\t<\/div>\n\t\t\t\t<\/div>\n\t\t\t\t<div class=\"elementor-element elementor-element-84ceddb elementor-widget elementor-widget-text-editor\" data-id=\"84ceddb\" data-element_type=\"widget\" data-e-type=\"widget\" data-widget_type=\"text-editor.default\">\n\t\t\t\t<div class=\"elementor-widget-container\">\n\t\t\t\t\t\t\t\t\t<p>In jedem Jahr finden im In- und Ausland unz\u00e4hlige Investorenkonferenzen statt. Dies f\u00fchrt zwangsl\u00e4ufig zu Fragen bei vielen unserer b\u00f6rsennotierten Kunden: Welche Investorenkonferenz lohnt sich f\u00fcr mein Unternehmen? Welche sind kostenfrei und welche kostenpflichtig? Auf welcher Konferenz treffe ich jene Investoren, die an meiner Branche und damit an meiner Equity Story interessiert sind?<\/p><p>Wir kennen die wichtigsten Investorenkonferenzen im In- und Ausland und unterst\u00fctzen Sie bei der Planung und Buchung Ihrer Veranstaltungen. Zudem organisieren wir regelm\u00e4\u00dfig eigene Sektorenkonferenzen und bringen Sie in Kontakt mit potentiellen Investoren. Rufen Sie uns an!<\/p>\t\t\t\t\t\t\t\t<\/div>\n\t\t\t\t<\/div>\n\t\t\t\t<\/div>\n\t\t<div class=\"elementor-element elementor-element-0cc06dc e-con-full cmn-content-box-container e-flex e-con e-child\" data-id=\"0cc06dc\" data-element_type=\"container\" data-e-type=\"container\">\n\t\t\t\t<div class=\"elementor-element elementor-element-6927235 elementor-widget elementor-widget-heading\" data-id=\"6927235\" data-element_type=\"widget\" data-e-type=\"widget\" data-widget_type=\"heading.default\">\n\t\t\t\t<div class=\"elementor-widget-container\">\n\t\t\t\t\t<h2 class=\"elementor-heading-title elementor-size-default\">2. Sektorenkonferenz Technologie und Software<\/h2>\t\t\t\t<\/div>\n\t\t\t\t<\/div>\n\t\t\t\t<div class=\"elementor-element elementor-element-0d80f6d elementor-widget elementor-widget-text-editor\" data-id=\"0d80f6d\" data-element_type=\"widget\" data-e-type=\"widget\" data-widget_type=\"text-editor.default\">\n\t\t\t\t<div class=\"elementor-widget-container\">\n\t\t\t\t\t\t\t\t\t<p>W\u00e4hrend der zweiten vom Researchhaus Montega und cometis veranstalteten Sektorenkonferenz pr\u00e4sentierten die Vorst\u00e4nde von f\u00fcnf mittelst\u00e4ndischen Unternehmen der Branche \u201eTechnologie und Software\u201c am 15. Januar 2014 in Frankfurt Ihre Gesch\u00e4ftsmodelle. Au\u00dferdem er\u00f6rterten sie im Rahmen von Interviews mit den Analysten der Montega AG vor den anwesenden Investoren die aktuellen Finanzkennzahlen, die Marktsituation und die strategische Ausrichtung. Im Rahmen einer Podiumsdiskussion sprachen die Unternehmensvertreter auch \u00fcber die Chancen und Risiken des Sektors. Die Teilnehmer konnten sich \u00fcber ein Votingsystem aktiv an der Diskussion beteiligen.<\/p><p>Neben den pr\u00e4sentierenden Unternehmen standen auch die Vorst\u00e4nde weiterer Unternehmen f\u00fcr One-on-One-Gespr\u00e4che zur Verf\u00fcgung.<\/p><p>In Kooperation mit der Montega AG<\/p>\t\t\t\t\t\t\t\t<\/div>\n\t\t\t\t<\/div>\n\t\t\t\t<\/div>\n\t\t<div class=\"elementor-element elementor-element-51a590c e-con-full cmn-content-box-container e-flex e-con e-child\" data-id=\"51a590c\" data-element_type=\"container\" data-e-type=\"container\">\n\t\t\t\t<div class=\"elementor-element elementor-element-ba9c280 elementor-widget elementor-widget-heading\" data-id=\"ba9c280\" data-element_type=\"widget\" data-e-type=\"widget\" data-widget_type=\"heading.default\">\n\t\t\t\t<div class=\"elementor-widget-container\">\n\t\t\t\t\t<h2 class=\"elementor-heading-title elementor-size-default\">1. Sektorenkonferenz Bau und Heimwerken\n<\/h2>\t\t\t\t<\/div>\n\t\t\t\t<\/div>\n\t\t\t\t<div class=\"elementor-element elementor-element-bf434b0 elementor-widget elementor-widget-text-editor\" data-id=\"bf434b0\" data-element_type=\"widget\" data-e-type=\"widget\" data-widget_type=\"text-editor.default\">\n\t\t\t\t<div class=\"elementor-widget-container\">\n\t\t\t\t\t\t\t\t\t<p>Die erste Sektorenkonferenz \u201eBau und Heimwerken\u201c \u2013 organisiert durch das Researchhaus Montega und cometis \u2013 fand am 09. September 2013 in Frankfurt statt. F\u00fcnf mittelst\u00e4ndische Unternehmen der Branche pr\u00e4sentierten ihre Gesch\u00e4ftsmodelle den anwesenden Investoren und standen f\u00fcr Einzelgespr\u00e4che zur Verf\u00fcgung. Im Rahmen einer Podiumsdiskussion mit den Unternehmensvertretern wurden verschiedene sektorspezifische Themen er\u00f6rtert. Die Analysten der Montega AG diskutierten vor den Zuh\u00f6rern mit den Vorst\u00e4nden unter anderem \u00fcber die neusten Gesch\u00e4ftszahlen, die aktuellen Marktgegebenheiten und die Wettbewerbsstrategie der Unternehmen. Die Investoren hatten in diesem Zusammenhang die M\u00f6glichkeit, \u00fcber eine Abstimmungstechnologie ihr pers\u00f6nliches Feedback in die Diskussion einflie\u00dfen zu lassen.<\/p><p>In Kooperation mit der Montega AG<\/p>\t\t\t\t\t\t\t\t<\/div>\n\t\t\t\t<\/div>\n\t\t\t\t<\/div>\n\t\t\t\t<\/div>\n\t\t\t\t<\/div>\n\t\t\t\t\t<\/div>\n\t\t\t\t<\/div>\n\t\t\t\t<\/div>\n\t\t","protected":false},"excerpt":{"rendered":"<p>Auf Investorenkonferenzen wertvolle Investorenkontakte kn\u00fcpfen Investorenkonferenzen bieten eine ideale M\u00f6glichkeit, um die Investment Highlights des Unternehmens einem ausgew\u00e4hlten Investorenkreis zu pr\u00e4sentieren. Zugleich sind Investorenkonferenzen eine geeignete Plattform, um mit neuen Investoren ins Gespr\u00e4ch zu kommen und sie von der\u00a0Equity Story\u00a0des Unternehmens zu \u00fcberzeugen. Es wird eine Vielzahl an Investorenkonferenzen im In- und Ausland angeboten, die [&hellip;]<\/p>\n","protected":false},"author":1,"featured_media":0,"parent":764,"menu_order":0,"comment_status":"closed","ping_status":"open","template":"elementor_theme","meta":{"_acf_changed":false,"footnotes":""},"class_list":["post-886","page","type-page","status-publish","hentry"],"acf":[],"yoast_head":"<!-- This site is optimized with the Yoast SEO Premium plugin v26.2 (Yoast SEO v27.4) - https:\/\/yoast.com\/product\/yoast-seo-premium-wordpress\/ -->\n<title>investorenkonferenzen - cometis AG<\/title>\n<meta name=\"robots\" content=\"index, follow, max-snippet:-1, max-image-preview:large, max-video-preview:-1\" \/>\n<link rel=\"canonical\" href=\"https:\/\/www.cometis.de\/de\/services\/investor-access\/investorenkonferenzen\/\" \/>\n<meta property=\"og:locale\" content=\"de_DE\" \/>\n<meta property=\"og:type\" content=\"article\" \/>\n<meta property=\"og:title\" content=\"investorenkonferenzen\" \/>\n<meta property=\"og:description\" content=\"Auf Investorenkonferenzen wertvolle Investorenkontakte kn\u00fcpfen Investorenkonferenzen bieten eine ideale M\u00f6glichkeit, um die Investment Highlights des Unternehmens einem ausgew\u00e4hlten Investorenkreis zu pr\u00e4sentieren. Zugleich sind Investorenkonferenzen eine geeignete Plattform, um mit neuen Investoren ins Gespr\u00e4ch zu kommen und sie von der\u00a0Equity Story\u00a0des Unternehmens zu \u00fcberzeugen. Es wird eine Vielzahl an Investorenkonferenzen im In- und Ausland angeboten, die [&hellip;]\" \/>\n<meta property=\"og:url\" content=\"https:\/\/www.cometis.de\/de\/services\/investor-access\/investorenkonferenzen\/\" \/>\n<meta property=\"og:site_name\" content=\"cometis AG\" \/>\n<meta property=\"article:modified_time\" content=\"2025-02-18T05:42:35+00:00\" \/>\n<meta property=\"og:image\" content=\"https:\/\/www.cometis.de\/wp-content\/uploads\/2024\/12-old\/Cometis-Mobile-Logo-1.png\" \/>\n\t<meta property=\"og:image:width\" content=\"171\" \/>\n\t<meta property=\"og:image:height\" content=\"31\" \/>\n\t<meta property=\"og:image:type\" content=\"image\/png\" \/>\n<meta name=\"twitter:card\" content=\"summary_large_image\" \/>\n<meta name=\"twitter:label1\" content=\"Gesch\u00e4tzte Lesezeit\" \/>\n\t<meta name=\"twitter:data1\" content=\"4\u00a0Minuten\" \/>\n<script type=\"application\/ld+json\" class=\"yoast-schema-graph\">{\"@context\":\"https:\\\/\\\/schema.org\",\"@graph\":[{\"@type\":\"WebPage\",\"@id\":\"https:\\\/\\\/www.cometis.de\\\/de\\\/services\\\/investor-access\\\/investorenkonferenzen\\\/\",\"url\":\"https:\\\/\\\/www.cometis.de\\\/de\\\/services\\\/investor-access\\\/investorenkonferenzen\\\/\",\"name\":\"investorenkonferenzen - cometis AG\",\"isPartOf\":{\"@id\":\"https:\\\/\\\/www.cometis.de\\\/de\\\/#website\"},\"datePublished\":\"2024-12-30T10:31:47+00:00\",\"dateModified\":\"2025-02-18T05:42:35+00:00\",\"breadcrumb\":{\"@id\":\"https:\\\/\\\/www.cometis.de\\\/de\\\/services\\\/investor-access\\\/investorenkonferenzen\\\/#breadcrumb\"},\"inLanguage\":\"de\",\"potentialAction\":[{\"@type\":\"ReadAction\",\"target\":[\"https:\\\/\\\/www.cometis.de\\\/de\\\/services\\\/investor-access\\\/investorenkonferenzen\\\/\"]}]},{\"@type\":\"BreadcrumbList\",\"@id\":\"https:\\\/\\\/www.cometis.de\\\/de\\\/services\\\/investor-access\\\/investorenkonferenzen\\\/#breadcrumb\",\"itemListElement\":[{\"@type\":\"ListItem\",\"position\":1,\"name\":\"Home\",\"item\":\"https:\\\/\\\/www.cometis.de\\\/de\\\/\"},{\"@type\":\"ListItem\",\"position\":2,\"name\":\"Services\",\"item\":\"https:\\\/\\\/www.cometis.de\\\/de\\\/services\\\/\"},{\"@type\":\"ListItem\",\"position\":3,\"name\":\"Investor Access\",\"item\":\"https:\\\/\\\/www.cometis.de\\\/de\\\/services\\\/investor-access\\\/\"},{\"@type\":\"ListItem\",\"position\":4,\"name\":\"investorenkonferenzen\"}]},{\"@type\":\"WebSite\",\"@id\":\"https:\\\/\\\/www.cometis.de\\\/de\\\/#website\",\"url\":\"https:\\\/\\\/www.cometis.de\\\/de\\\/\",\"name\":\"cometis AG\",\"description\":\"Deutschlands f\u00fchrende Investor Relations Agentur\",\"publisher\":{\"@id\":\"https:\\\/\\\/www.cometis.de\\\/de\\\/#organization\"},\"potentialAction\":[{\"@type\":\"SearchAction\",\"target\":{\"@type\":\"EntryPoint\",\"urlTemplate\":\"https:\\\/\\\/www.cometis.de\\\/de\\\/?s={search_term_string}\"},\"query-input\":{\"@type\":\"PropertyValueSpecification\",\"valueRequired\":true,\"valueName\":\"search_term_string\"}}],\"inLanguage\":\"de\"},{\"@type\":\"Organization\",\"@id\":\"https:\\\/\\\/www.cometis.de\\\/de\\\/#organization\",\"name\":\"cometis AG\",\"alternateName\":\"Deutschlands f\u00fchrende Investor Relations Agentur\",\"url\":\"https:\\\/\\\/www.cometis.de\\\/de\\\/\",\"logo\":{\"@type\":\"ImageObject\",\"inLanguage\":\"de\",\"@id\":\"https:\\\/\\\/www.cometis.de\\\/de\\\/#\\\/schema\\\/logo\\\/image\\\/\",\"url\":\"https:\\\/\\\/www.cometis.de\\\/wp-content\\\/uploads\\\/2024\\\/12-old\\\/Cometis-Mobile-Logo-1.png\",\"contentUrl\":\"https:\\\/\\\/www.cometis.de\\\/wp-content\\\/uploads\\\/2024\\\/12-old\\\/Cometis-Mobile-Logo-1.png\",\"width\":171,\"height\":31,\"caption\":\"cometis AG\"},\"image\":{\"@id\":\"https:\\\/\\\/www.cometis.de\\\/de\\\/#\\\/schema\\\/logo\\\/image\\\/\"},\"sameAs\":[\"https:\\\/\\\/www.linkedin.com\\\/company\\\/cometis-ag\\\/\",\"https:\\\/\\\/www.youtube.com\\\/user\\\/cometisAG\"]}]}<\/script>\n<!-- \/ Yoast SEO Premium plugin. -->","yoast_head_json":{"title":"investorenkonferenzen - cometis AG","robots":{"index":"index","follow":"follow","max-snippet":"max-snippet:-1","max-image-preview":"max-image-preview:large","max-video-preview":"max-video-preview:-1"},"canonical":"https:\/\/www.cometis.de\/de\/services\/investor-access\/investorenkonferenzen\/","og_locale":"de_DE","og_type":"article","og_title":"investorenkonferenzen","og_description":"Auf Investorenkonferenzen wertvolle Investorenkontakte kn\u00fcpfen Investorenkonferenzen bieten eine ideale M\u00f6glichkeit, um die Investment Highlights des Unternehmens einem ausgew\u00e4hlten Investorenkreis zu pr\u00e4sentieren. Zugleich sind Investorenkonferenzen eine geeignete Plattform, um mit neuen Investoren ins Gespr\u00e4ch zu kommen und sie von der\u00a0Equity Story\u00a0des Unternehmens zu \u00fcberzeugen. Es wird eine Vielzahl an Investorenkonferenzen im In- und Ausland angeboten, die [&hellip;]","og_url":"https:\/\/www.cometis.de\/de\/services\/investor-access\/investorenkonferenzen\/","og_site_name":"cometis AG","article_modified_time":"2025-02-18T05:42:35+00:00","og_image":[{"width":171,"height":31,"url":"https:\/\/www.cometis.de\/wp-content\/uploads\/2024\/12-old\/Cometis-Mobile-Logo-1.png","type":"image\/png"}],"twitter_card":"summary_large_image","twitter_misc":{"Gesch\u00e4tzte Lesezeit":"4\u00a0Minuten"},"schema":{"@context":"https:\/\/schema.org","@graph":[{"@type":"WebPage","@id":"https:\/\/www.cometis.de\/de\/services\/investor-access\/investorenkonferenzen\/","url":"https:\/\/www.cometis.de\/de\/services\/investor-access\/investorenkonferenzen\/","name":"investorenkonferenzen - cometis AG","isPartOf":{"@id":"https:\/\/www.cometis.de\/de\/#website"},"datePublished":"2024-12-30T10:31:47+00:00","dateModified":"2025-02-18T05:42:35+00:00","breadcrumb":{"@id":"https:\/\/www.cometis.de\/de\/services\/investor-access\/investorenkonferenzen\/#breadcrumb"},"inLanguage":"de","potentialAction":[{"@type":"ReadAction","target":["https:\/\/www.cometis.de\/de\/services\/investor-access\/investorenkonferenzen\/"]}]},{"@type":"BreadcrumbList","@id":"https:\/\/www.cometis.de\/de\/services\/investor-access\/investorenkonferenzen\/#breadcrumb","itemListElement":[{"@type":"ListItem","position":1,"name":"Home","item":"https:\/\/www.cometis.de\/de\/"},{"@type":"ListItem","position":2,"name":"Services","item":"https:\/\/www.cometis.de\/de\/services\/"},{"@type":"ListItem","position":3,"name":"Investor Access","item":"https:\/\/www.cometis.de\/de\/services\/investor-access\/"},{"@type":"ListItem","position":4,"name":"investorenkonferenzen"}]},{"@type":"WebSite","@id":"https:\/\/www.cometis.de\/de\/#website","url":"https:\/\/www.cometis.de\/de\/","name":"cometis AG","description":"Deutschlands f\u00fchrende Investor Relations Agentur","publisher":{"@id":"https:\/\/www.cometis.de\/de\/#organization"},"potentialAction":[{"@type":"SearchAction","target":{"@type":"EntryPoint","urlTemplate":"https:\/\/www.cometis.de\/de\/?s={search_term_string}"},"query-input":{"@type":"PropertyValueSpecification","valueRequired":true,"valueName":"search_term_string"}}],"inLanguage":"de"},{"@type":"Organization","@id":"https:\/\/www.cometis.de\/de\/#organization","name":"cometis AG","alternateName":"Deutschlands f\u00fchrende Investor Relations Agentur","url":"https:\/\/www.cometis.de\/de\/","logo":{"@type":"ImageObject","inLanguage":"de","@id":"https:\/\/www.cometis.de\/de\/#\/schema\/logo\/image\/","url":"https:\/\/www.cometis.de\/wp-content\/uploads\/2024\/12-old\/Cometis-Mobile-Logo-1.png","contentUrl":"https:\/\/www.cometis.de\/wp-content\/uploads\/2024\/12-old\/Cometis-Mobile-Logo-1.png","width":171,"height":31,"caption":"cometis AG"},"image":{"@id":"https:\/\/www.cometis.de\/de\/#\/schema\/logo\/image\/"},"sameAs":["https:\/\/www.linkedin.com\/company\/cometis-ag\/","https:\/\/www.youtube.com\/user\/cometisAG"]}]}},"_links":{"self":[{"href":"https:\/\/www.cometis.de\/de\/wp-json\/wp\/v2\/pages\/886","targetHints":{"allow":["GET"]}}],"collection":[{"href":"https:\/\/www.cometis.de\/de\/wp-json\/wp\/v2\/pages"}],"about":[{"href":"https:\/\/www.cometis.de\/de\/wp-json\/wp\/v2\/types\/page"}],"author":[{"embeddable":true,"href":"https:\/\/www.cometis.de\/de\/wp-json\/wp\/v2\/users\/1"}],"replies":[{"embeddable":true,"href":"https:\/\/www.cometis.de\/de\/wp-json\/wp\/v2\/comments?post=886"}],"version-history":[{"count":24,"href":"https:\/\/www.cometis.de\/de\/wp-json\/wp\/v2\/pages\/886\/revisions"}],"predecessor-version":[{"id":107428,"href":"https:\/\/www.cometis.de\/de\/wp-json\/wp\/v2\/pages\/886\/revisions\/107428"}],"up":[{"embeddable":true,"href":"https:\/\/www.cometis.de\/de\/wp-json\/wp\/v2\/pages\/764"}],"wp:attachment":[{"href":"https:\/\/www.cometis.de\/de\/wp-json\/wp\/v2\/media?parent=886"}],"curies":[{"name":"wp","href":"https:\/\/api.w.org\/{rel}","templated":true}]}}